{"id":30947,"date":"2022-08-01T09:36:31","date_gmt":"2022-08-01T07:36:31","guid":{"rendered":"https:\/\/naturaltreats.eu\/goldenes-ticket\/"},"modified":"2023-05-18T19:35:08","modified_gmt":"2023-05-18T17:35:08","slug":"goldenes-ticket","status":"publish","type":"page","link":"https:\/\/naturaltreats.eu\/de\/goldenes-ticket\/","title":{"rendered":"Goldenes Ticket"},"content":{"rendered":"\t\t<div data-elementor-type=\"wp-page\" data-elementor-id=\"30947\" class=\"elementor elementor-30947 elementor-30908\" data-elementor-post-type=\"page\">\n\t\t\t\t\t\t<section class=\"wd-negative-gap elementor-section elementor-top-section elementor-element elementor-element-0a3d4cf wd-section-stretch elementor-section-boxed elementor-section-height-default elementor-section-height-default\" data-id=\"0a3d4cf\" data-element_type=\"section\" data-e-type=\"section\">\n\t\t\t\t\t\t<div class=\"elementor-container elementor-column-gap-default\">\n\t\t\t\t\t<div class=\"elementor-column elementor-col-100 elementor-top-column elementor-element elementor-element-3e9a25f\" data-id=\"3e9a25f\" data-element_type=\"column\" data-e-type=\"column\">\n\t\t\t<div class=\"elementor-widget-wrap elementor-element-populated\">\n\t\t\t\t\t\t<div class=\"elementor-element elementor-element-e5652da elementor-widget elementor-widget-heading\" data-id=\"e5652da\" data-element_type=\"widget\" data-e-type=\"widget\" data-widget_type=\"heading.default\">\n\t\t\t\t<div class=\"elementor-widget-container\">\n\t\t\t\t\t<h1 class=\"elementor-heading-title elementor-size-default\">Jagd auf das Goldene Ticket<\/h1>\t\t\t\t<\/div>\n\t\t\t\t<\/div>\n\t\t\t\t<div class=\"elementor-element elementor-element-98d75a8 elementor-widget elementor-widget-heading\" data-id=\"98d75a8\" data-element_type=\"widget\" data-e-type=\"widget\" data-widget_type=\"heading.default\">\n\t\t\t\t<div class=\"elementor-widget-container\">\n\t\t\t\t\t<h3 class=\"elementor-heading-title elementor-size-default\">Gewinnen Sie einen Gratismonat<\/h3>\t\t\t\t<\/div>\n\t\t\t\t<\/div>\n\t\t\t\t\t<\/div>\n\t\t<\/div>\n\t\t\t\t\t<\/div>\n\t\t<\/section>\n\t\t\t\t<section class=\"wd-negative-gap elementor-section elementor-top-section elementor-element elementor-element-063a7e1 elementor-section-boxed elementor-section-height-default elementor-section-height-default\" data-id=\"063a7e1\" data-element_type=\"section\" data-e-type=\"section\">\n\t\t\t\t\t\t<div class=\"elementor-container elementor-column-gap-default\">\n\t\t\t\t\t<div class=\"elementor-column elementor-col-50 elementor-top-column elementor-element elementor-element-db83849\" data-id=\"db83849\" data-element_type=\"column\" data-e-type=\"column\">\n\t\t\t<div class=\"elementor-widget-wrap elementor-element-populated\">\n\t\t\t\t\t\t<div class=\"elementor-element elementor-element-4621061 color-scheme-inherit text-left elementor-widget elementor-widget-text-editor\" data-id=\"4621061\" data-element_type=\"widget\" data-e-type=\"widget\" data-widget_type=\"text-editor.default\">\n\t\t\t\t<div class=\"elementor-widget-container\">\n\t\t\t\t\t\t\t\t\t<p>Im August und September werden wir goldene Tickets in den Abo-Kisten verstecken. Wenn Sie eine finden, gewinnen Sie einen Gratismonat.<\/p>\n<p>Sie m\u00fcssen ein aktives Abonnement haben, um zu gewinnen. Das Angebot gilt nicht f\u00fcr einmalige K\u00e4ufe.<\/p>\n<p>Wenn Sie bereits ein aktives Abonnement haben, nehmen Sie automatisch an diesem Gewinnspiel teil.<\/p>\n<p>Wenn Sie noch kein Abonnement haben, besuchen Sie unseren Online-Shop, w\u00e4hlen Sie eine Box aus und abonnieren Sie sie. Au\u00dferdem sparen Sie 15 %, so dass dies die perfekte M\u00f6glichkeit ist, Ihren Hund zu belohnen.<\/p>\n<p>Werden Sie noch heute Mitglied in unserem Club und Sie k\u00f6nnten ein goldenes Ticket finden.<\/p>\n\t\t\t\t\t\t\t\t<\/div>\n\t\t\t\t<\/div>\n\t\t\t\t\t<\/div>\n\t\t<\/div>\n\t\t\t\t<div class=\"elementor-column elementor-col-50 elementor-top-column elementor-element elementor-element-0cd343b\" data-id=\"0cd343b\" data-element_type=\"column\" data-e-type=\"column\" data-settings=\"{&quot;background_background&quot;:&quot;classic&quot;}\">\n\t\t\t<div class=\"elementor-widget-wrap elementor-element-populated\">\n\t\t\t\t\t\t<div class=\"elementor-element elementor-element-e4c774a elementor-widget elementor-widget-image\" data-id=\"e4c774a\" data-element_type=\"widget\" data-e-type=\"widget\" data-widget_type=\"image.default\">\n\t\t\t\t<div class=\"elementor-widget-container\">\n\t\t\t\t\t\t\t\t\t\t\t\t\t\t\t<img fetchpriority=\"high\" decoding=\"async\" width=\"1024\" height=\"768\" src=\"https:\/\/naturaltreats.eu\/wp-content\/uploads\/2022\/08\/golden-1024x768.jpg\" class=\"attachment-large size-large wp-image-30913\" alt=\"Natural Treats Golden Ticket\" srcset=\"https:\/\/naturaltreats.eu\/wp-content\/uploads\/2022\/08\/golden-1024x768.jpg 1024w, https:\/\/naturaltreats.eu\/wp-content\/uploads\/2022\/08\/golden-150x113.jpg 150w, https:\/\/naturaltreats.eu\/wp-content\/uploads\/2022\/08\/golden-600x450.jpg 600w, https:\/\/naturaltreats.eu\/wp-content\/uploads\/2022\/08\/golden-300x225.jpg 300w, https:\/\/naturaltreats.eu\/wp-content\/uploads\/2022\/08\/golden-768x576.jpg 768w, https:\/\/naturaltreats.eu\/wp-content\/uploads\/2022\/08\/golden.jpg 1200w\" sizes=\"(max-width: 1024px) 100vw, 1024px\" \/>\t\t\t\t\t\t\t\t\t\t\t\t\t\t\t<\/div>\n\t\t\t\t<\/div>\n\t\t\t\t\t<\/div>\n\t\t<\/div>\n\t\t\t\t\t<\/div>\n\t\t<\/section>\n\t\t\t\t<section class=\"wd-negative-gap elementor-section elementor-top-section elementor-element elementor-element-9e7d518 elementor-section-boxed elementor-section-height-default elementor-section-height-default\" data-id=\"9e7d518\" data-element_type=\"section\" data-e-type=\"section\">\n\t\t\t\t\t\t<div class=\"elementor-container elementor-column-gap-default\">\n\t\t\t\t\t<div class=\"elementor-column elementor-col-100 elementor-top-column elementor-element elementor-element-3858515\" data-id=\"3858515\" data-element_type=\"column\" data-e-type=\"column\">\n\t\t\t<div class=\"elementor-widget-wrap elementor-element-populated\">\n\t\t\t\t\t\t<div class=\"elementor-element elementor-element-c03ad8c elementor-widget elementor-widget-heading\" data-id=\"c03ad8c\" data-element_type=\"widget\" data-e-type=\"widget\" data-widget_type=\"heading.default\">\n\t\t\t\t<div class=\"elementor-widget-container\">\n\t\t\t\t\t<div class=\"elementor-heading-title elementor-size-default\">So nehmen Sie am Wettbewerb um das goldene Ticket teil<\/div>\t\t\t\t<\/div>\n\t\t\t\t<\/div>\n\t\t\t\t\t<\/div>\n\t\t<\/div>\n\t\t\t\t\t<\/div>\n\t\t<\/section>\n\t\t\t\t<section class=\"wd-negative-gap elementor-section elementor-top-section elementor-element elementor-element-9041587 elementor-section-boxed elementor-section-height-default elementor-section-height-default\" data-id=\"9041587\" data-element_type=\"section\" data-e-type=\"section\">\n\t\t\t\t\t\t<div class=\"elementor-container elementor-column-gap-default\">\n\t\t\t\t\t<div class=\"elementor-column elementor-col-33 elementor-top-column elementor-element elementor-element-29d64ec\" data-id=\"29d64ec\" data-element_type=\"column\" data-e-type=\"column\">\n\t\t\t<div class=\"elementor-widget-wrap elementor-element-populated\">\n\t\t\t\t\t\t<div class=\"elementor-element elementor-element-caf8eae elementor-view-default elementor-position-block-start elementor-mobile-position-block-start elementor-widget elementor-widget-icon-box\" data-id=\"caf8eae\" data-element_type=\"widget\" data-e-type=\"widget\" data-widget_type=\"icon-box.default\">\n\t\t\t\t<div class=\"elementor-widget-container\">\n\t\t\t\t\t\t\t<div class=\"elementor-icon-box-wrapper\">\n\n\t\t\t\t\t\t<div class=\"elementor-icon-box-icon\">\n\t\t\t\t<span  class=\"elementor-icon\">\n\t\t\t\t<i aria-hidden=\"true\" class=\"fas fa-box\"><\/i>\t\t\t\t<\/span>\n\t\t\t<\/div>\n\t\t\t\n\t\t\t\t\t\t<div class=\"elementor-icon-box-content\">\n\n\t\t\t\t\t\t\t\t\t<h3 class=\"elementor-icon-box-title\">\n\t\t\t\t\t\t<span  >\n\t\t\t\t\t\t\t1. W\u00e4hlen Sie ein Feld\t\t\t\t\t\t<\/span>\n\t\t\t\t\t<\/h3>\n\t\t\t\t\n\t\t\t\t\t\t\t\t\t<p class=\"elementor-icon-box-description\">\n\t\t\t\t\t\tW\u00e4hlen Sie eine beliebige Box oder erstellen Sie Ihre eigene Box.\t\t\t\t\t<\/p>\n\t\t\t\t\n\t\t\t<\/div>\n\t\t\t\n\t\t<\/div>\n\t\t\t\t\t\t<\/div>\n\t\t\t\t<\/div>\n\t\t\t\t\t<\/div>\n\t\t<\/div>\n\t\t\t\t<div class=\"elementor-column elementor-col-33 elementor-top-column elementor-element elementor-element-e2635e0\" data-id=\"e2635e0\" data-element_type=\"column\" data-e-type=\"column\">\n\t\t\t<div class=\"elementor-widget-wrap elementor-element-populated\">\n\t\t\t\t\t\t<div class=\"elementor-element elementor-element-2817440 elementor-view-default elementor-position-block-start elementor-mobile-position-block-start elementor-widget elementor-widget-icon-box\" data-id=\"2817440\" data-element_type=\"widget\" data-e-type=\"widget\" data-widget_type=\"icon-box.default\">\n\t\t\t\t<div class=\"elementor-widget-container\">\n\t\t\t\t\t\t\t<div class=\"elementor-icon-box-wrapper\">\n\n\t\t\t\t\t\t<div class=\"elementor-icon-box-icon\">\n\t\t\t\t<span  class=\"elementor-icon\">\n\t\t\t\t<i aria-hidden=\"true\" class=\"fas fa-bone\"><\/i>\t\t\t\t<\/span>\n\t\t\t<\/div>\n\t\t\t\n\t\t\t\t\t\t<div class=\"elementor-icon-box-content\">\n\n\t\t\t\t\t\t\t\t\t<h3 class=\"elementor-icon-box-title\">\n\t\t\t\t\t\t<span  >\n\t\t\t\t\t\t\t2. Abonnieren Sie\t\t\t\t\t\t<\/span>\n\t\t\t\t\t<\/h3>\n\t\t\t\t\n\t\t\t\t\t\t\t\t\t<p class=\"elementor-icon-box-description\">\n\t\t\t\t\t\tAbonnieren Sie die Box alle 1 Monat, 2 Monate oder 3 Monate und sparen Sie zus\u00e4tzlich 15%.\t\t\t\t\t<\/p>\n\t\t\t\t\n\t\t\t<\/div>\n\t\t\t\n\t\t<\/div>\n\t\t\t\t\t\t<\/div>\n\t\t\t\t<\/div>\n\t\t\t\t\t<\/div>\n\t\t<\/div>\n\t\t\t\t<div class=\"elementor-column elementor-col-33 elementor-top-column elementor-element elementor-element-e80df44\" data-id=\"e80df44\" data-element_type=\"column\" data-e-type=\"column\">\n\t\t\t<div class=\"elementor-widget-wrap elementor-element-populated\">\n\t\t\t\t\t\t<div class=\"elementor-element elementor-element-1e891db elementor-view-default elementor-position-block-start elementor-mobile-position-block-start elementor-widget elementor-widget-icon-box\" data-id=\"1e891db\" data-element_type=\"widget\" data-e-type=\"widget\" data-widget_type=\"icon-box.default\">\n\t\t\t\t<div class=\"elementor-widget-container\">\n\t\t\t\t\t\t\t<div class=\"elementor-icon-box-wrapper\">\n\n\t\t\t\t\t\t<div class=\"elementor-icon-box-icon\">\n\t\t\t\t<span  class=\"elementor-icon\">\n\t\t\t\t<i aria-hidden=\"true\" class=\"fas fa-ticket-alt\"><\/i>\t\t\t\t<\/span>\n\t\t\t<\/div>\n\t\t\t\n\t\t\t\t\t\t<div class=\"elementor-icon-box-content\">\n\n\t\t\t\t\t\t\t\t\t<h3 class=\"elementor-icon-box-title\">\n\t\t\t\t\t\t<span  >\n\t\t\t\t\t\t\t3. Gewinnen Sie\t\t\t\t\t\t<\/span>\n\t\t\t\t\t<\/h3>\n\t\t\t\t\n\t\t\t\t\t\t\t\t\t<p class=\"elementor-icon-box-description\">\n\t\t\t\t\t\tWir werden goldene Tickets in zuf\u00e4lligen Abo-Boxen verstecken. Wenn Sie eine finden, haben Sie einen Gratismonat gewonnen!\t\t\t\t\t<\/p>\n\t\t\t\t\n\t\t\t<\/div>\n\t\t\t\n\t\t<\/div>\n\t\t\t\t\t\t<\/div>\n\t\t\t\t<\/div>\n\t\t\t\t\t<\/div>\n\t\t<\/div>\n\t\t\t\t\t<\/div>\n\t\t<\/section>\n\t\t\t\t<section class=\"wd-negative-gap elementor-section elementor-top-section elementor-element elementor-element-d84ac94 elementor-section-boxed elementor-section-height-default elementor-section-height-default\" data-id=\"d84ac94\" data-element_type=\"section\" data-e-type=\"section\">\n\t\t\t\t\t\t<div class=\"elementor-container elementor-column-gap-default\">\n\t\t\t\t\t<div class=\"elementor-column elementor-col-100 elementor-top-column elementor-element elementor-element-aaaa724\" data-id=\"aaaa724\" data-element_type=\"column\" data-e-type=\"column\">\n\t\t\t<div class=\"elementor-widget-wrap elementor-element-populated\">\n\t\t\t\t\t\t<div class=\"elementor-element elementor-element-40239bb elementor-align-center elementor-widget elementor-widget-button\" data-id=\"40239bb\" data-element_type=\"widget\" data-e-type=\"widget\" data-widget_type=\"button.default\">\n\t\t\t\t<div class=\"elementor-widget-container\">\n\t\t\t\t\t\t\t\t\t<div class=\"elementor-button-wrapper\">\n\t\t\t\t\t<a class=\"elementor-button elementor-button-link elementor-size-lg\" href=\"https:\/\/naturaltreats.eu\/shop\/\">\n\t\t\t\t\t\t<span class=\"elementor-button-content-wrapper\">\n\t\t\t\t\t\t\t\t\t<span class=\"elementor-button-text\">W\u00e4hlen Sie eine Box<\/span>\n\t\t\t\t\t<\/span>\n\t\t\t\t\t<\/a>\n\t\t\t\t<\/div>\n\t\t\t\t\t\t\t\t<\/div>\n\t\t\t\t<\/div>\n\t\t\t\t\t<\/div>\n\t\t<\/div>\n\t\t\t\t\t<\/div>\n\t\t<\/section>\n\t\t\t\t<\/div>\n\t\t","protected":false},"excerpt":{"rendered":"<p>Jagd auf das Goldene Ticket Gewinnen Sie einen Gratismonat Im August und September werden wir goldene Tickets in den Abo-Kisten<\/p>\n","protected":false},"author":1,"featured_media":30922,"parent":0,"menu_order":0,"comment_status":"closed","ping_status":"closed","template":"","meta":{"_acf_changed":false,"footnotes":""},"class_list":["post-30947","page","type-page","status-publish","has-post-thumbnail","hentry"],"acf":[],"yoast_head":"<!-- This site is optimized with the Yoast SEO Premium plugin v23.5 (Yoast SEO v25.0) - https:\/\/yoast.com\/wordpress\/plugins\/seo\/ -->\n<title>Goldenes Ticket | Natural Treats<\/title>\n<meta name=\"description\" content=\"Im August und September werden wir goldene Tickets in den Abo-Kisten verstecken. Wenn Sie eine finden, gewinnen Sie einen Gratismonat.\" \/>\n<meta name=\"robots\" content=\"index, follow, max-snippet:-1, max-image-preview:large, max-video-preview:-1\" \/>\n<link rel=\"canonical\" href=\"https:\/\/naturaltreats.eu\/de\/goldenes-ticket\/\" \/>\n<meta property=\"og:locale\" content=\"de_DE\" \/>\n<meta property=\"og:type\" content=\"article\" \/>\n<meta property=\"og:title\" content=\"Goldenes Ticket\" \/>\n<meta property=\"og:description\" content=\"Im August und September werden wir goldene Tickets in den Abo-Kisten verstecken. Wenn Sie eine finden, gewinnen Sie einen Gratismonat.\" \/>\n<meta property=\"og:url\" content=\"https:\/\/naturaltreats.eu\/de\/goldenes-ticket\/\" \/>\n<meta property=\"og:site_name\" content=\"Natural Treats\" \/>\n<meta property=\"article:publisher\" content=\"https:\/\/facebook.com\/naturaltreatseu\" \/>\n<meta property=\"article:modified_time\" content=\"2023-05-18T17:35:08+00:00\" \/>\n<meta property=\"og:image\" content=\"https:\/\/naturaltreats.eu\/wp-content\/uploads\/2022\/08\/funny-dog-portrait-focus-on-a-long-tongue-polish-2021-08-26-22-41-12-utc-scaled.jpg\" \/>\n\t<meta property=\"og:image:width\" content=\"2560\" \/>\n\t<meta property=\"og:image:height\" content=\"1707\" \/>\n\t<meta property=\"og:image:type\" content=\"image\/jpeg\" \/>\n<meta name=\"twitter:card\" content=\"summary_large_image\" \/>\n<meta name=\"twitter:label1\" content=\"Gesch\u00e4tzte Lesezeit\" \/>\n\t<meta name=\"twitter:data1\" content=\"1\u00a0Minute\" \/>\n<script type=\"application\/ld+json\" class=\"yoast-schema-graph\">{\"@context\":\"https:\/\/schema.org\",\"@graph\":[{\"@type\":\"WebPage\",\"@id\":\"https:\/\/naturaltreats.eu\/de\/goldenes-ticket\/\",\"url\":\"https:\/\/naturaltreats.eu\/de\/goldenes-ticket\/\",\"name\":\"Goldenes Ticket | Natural Treats\",\"isPartOf\":{\"@id\":\"https:\/\/naturaltreats.eu\/de\/#website\"},\"primaryImageOfPage\":{\"@id\":\"https:\/\/naturaltreats.eu\/de\/goldenes-ticket\/#primaryimage\"},\"image\":{\"@id\":\"https:\/\/naturaltreats.eu\/de\/goldenes-ticket\/#primaryimage\"},\"thumbnailUrl\":\"https:\/\/naturaltreats.eu\/wp-content\/uploads\/2022\/08\/funny-dog-portrait-focus-on-a-long-tongue-polish-2021-08-26-22-41-12-utc-scaled.jpg\",\"datePublished\":\"2022-08-01T07:36:31+00:00\",\"dateModified\":\"2023-05-18T17:35:08+00:00\",\"description\":\"Im August und September werden wir goldene Tickets in den Abo-Kisten verstecken. Wenn Sie eine finden, gewinnen Sie einen Gratismonat.\",\"breadcrumb\":{\"@id\":\"https:\/\/naturaltreats.eu\/de\/goldenes-ticket\/#breadcrumb\"},\"inLanguage\":\"de\",\"potentialAction\":[{\"@type\":\"ReadAction\",\"target\":[\"https:\/\/naturaltreats.eu\/de\/goldenes-ticket\/\"]}]},{\"@type\":\"ImageObject\",\"inLanguage\":\"de\",\"@id\":\"https:\/\/naturaltreats.eu\/de\/goldenes-ticket\/#primaryimage\",\"url\":\"https:\/\/naturaltreats.eu\/wp-content\/uploads\/2022\/08\/funny-dog-portrait-focus-on-a-long-tongue-polish-2021-08-26-22-41-12-utc-scaled.jpg\",\"contentUrl\":\"https:\/\/naturaltreats.eu\/wp-content\/uploads\/2022\/08\/funny-dog-portrait-focus-on-a-long-tongue-polish-2021-08-26-22-41-12-utc-scaled.jpg\",\"width\":2560,\"height\":1707,\"caption\":\"Funny dog portrait. Focus on a long tongue. Polish Tatra Sheepdog also known as Podhalan or Owczarek Podhalanski\"},{\"@type\":\"BreadcrumbList\",\"@id\":\"https:\/\/naturaltreats.eu\/de\/goldenes-ticket\/#breadcrumb\",\"itemListElement\":[{\"@type\":\"ListItem\",\"position\":1,\"name\":\"Home\",\"item\":\"https:\/\/naturaltreats.eu\/de\/startseite\/\"},{\"@type\":\"ListItem\",\"position\":2,\"name\":\"Goldenes Ticket\"}]},{\"@type\":\"WebSite\",\"@id\":\"https:\/\/naturaltreats.eu\/de\/#website\",\"url\":\"https:\/\/naturaltreats.eu\/de\/\",\"name\":\"Natural Treats\",\"description\":\"Best Rated Natural Dog Treats In Europe\",\"publisher\":{\"@id\":\"https:\/\/naturaltreats.eu\/de\/#organization\"},\"potentialAction\":[{\"@type\":\"SearchAction\",\"target\":{\"@type\":\"EntryPoint\",\"urlTemplate\":\"https:\/\/naturaltreats.eu\/de\/?s={search_term_string}\"},\"query-input\":{\"@type\":\"PropertyValueSpecification\",\"valueRequired\":true,\"valueName\":\"search_term_string\"}}],\"inLanguage\":\"de\"},{\"@type\":\"Organization\",\"@id\":\"https:\/\/naturaltreats.eu\/de\/#organization\",\"name\":\"Natural Treats\",\"url\":\"https:\/\/naturaltreats.eu\/de\/\",\"logo\":{\"@type\":\"ImageObject\",\"inLanguage\":\"de\",\"@id\":\"https:\/\/naturaltreats.eu\/de\/#\/schema\/logo\/image\/\",\"url\":\"https:\/\/naturaltreats.eu\/wp-content\/uploads\/2020\/08\/social.jpg\",\"contentUrl\":\"https:\/\/naturaltreats.eu\/wp-content\/uploads\/2020\/08\/social.jpg\",\"width\":1000,\"height\":1000,\"caption\":\"Natural Treats\"},\"image\":{\"@id\":\"https:\/\/naturaltreats.eu\/de\/#\/schema\/logo\/image\/\"},\"sameAs\":[\"https:\/\/facebook.com\/naturaltreatseu\",\"https:\/\/instagram.com\/naturaltreatseu\"]}]}<\/script>\n<!-- \/ Yoast SEO Premium plugin. -->","yoast_head_json":{"title":"Goldenes Ticket | Natural Treats","description":"Im August und September werden wir goldene Tickets in den Abo-Kisten verstecken. Wenn Sie eine finden, gewinnen Sie einen Gratismonat.","robots":{"index":"index","follow":"follow","max-snippet":"max-snippet:-1","max-image-preview":"max-image-preview:large","max-video-preview":"max-video-preview:-1"},"canonical":"https:\/\/naturaltreats.eu\/de\/goldenes-ticket\/","og_locale":"de_DE","og_type":"article","og_title":"Goldenes Ticket","og_description":"Im August und September werden wir goldene Tickets in den Abo-Kisten verstecken. Wenn Sie eine finden, gewinnen Sie einen Gratismonat.","og_url":"https:\/\/naturaltreats.eu\/de\/goldenes-ticket\/","og_site_name":"Natural Treats","article_publisher":"https:\/\/facebook.com\/naturaltreatseu","article_modified_time":"2023-05-18T17:35:08+00:00","og_image":[{"width":2560,"height":1707,"url":"https:\/\/naturaltreats.eu\/wp-content\/uploads\/2022\/08\/funny-dog-portrait-focus-on-a-long-tongue-polish-2021-08-26-22-41-12-utc-scaled.jpg","type":"image\/jpeg"}],"twitter_card":"summary_large_image","twitter_misc":{"Gesch\u00e4tzte Lesezeit":"1\u00a0Minute"},"schema":{"@context":"https:\/\/schema.org","@graph":[{"@type":"WebPage","@id":"https:\/\/naturaltreats.eu\/de\/goldenes-ticket\/","url":"https:\/\/naturaltreats.eu\/de\/goldenes-ticket\/","name":"Goldenes Ticket | Natural Treats","isPartOf":{"@id":"https:\/\/naturaltreats.eu\/de\/#website"},"primaryImageOfPage":{"@id":"https:\/\/naturaltreats.eu\/de\/goldenes-ticket\/#primaryimage"},"image":{"@id":"https:\/\/naturaltreats.eu\/de\/goldenes-ticket\/#primaryimage"},"thumbnailUrl":"https:\/\/naturaltreats.eu\/wp-content\/uploads\/2022\/08\/funny-dog-portrait-focus-on-a-long-tongue-polish-2021-08-26-22-41-12-utc-scaled.jpg","datePublished":"2022-08-01T07:36:31+00:00","dateModified":"2023-05-18T17:35:08+00:00","description":"Im August und September werden wir goldene Tickets in den Abo-Kisten verstecken. Wenn Sie eine finden, gewinnen Sie einen Gratismonat.","breadcrumb":{"@id":"https:\/\/naturaltreats.eu\/de\/goldenes-ticket\/#breadcrumb"},"inLanguage":"de","potentialAction":[{"@type":"ReadAction","target":["https:\/\/naturaltreats.eu\/de\/goldenes-ticket\/"]}]},{"@type":"ImageObject","inLanguage":"de","@id":"https:\/\/naturaltreats.eu\/de\/goldenes-ticket\/#primaryimage","url":"https:\/\/naturaltreats.eu\/wp-content\/uploads\/2022\/08\/funny-dog-portrait-focus-on-a-long-tongue-polish-2021-08-26-22-41-12-utc-scaled.jpg","contentUrl":"https:\/\/naturaltreats.eu\/wp-content\/uploads\/2022\/08\/funny-dog-portrait-focus-on-a-long-tongue-polish-2021-08-26-22-41-12-utc-scaled.jpg","width":2560,"height":1707,"caption":"Funny dog portrait. Focus on a long tongue. Polish Tatra Sheepdog also known as Podhalan or Owczarek Podhalanski"},{"@type":"BreadcrumbList","@id":"https:\/\/naturaltreats.eu\/de\/goldenes-ticket\/#breadcrumb","itemListElement":[{"@type":"ListItem","position":1,"name":"Home","item":"https:\/\/naturaltreats.eu\/de\/startseite\/"},{"@type":"ListItem","position":2,"name":"Goldenes Ticket"}]},{"@type":"WebSite","@id":"https:\/\/naturaltreats.eu\/de\/#website","url":"https:\/\/naturaltreats.eu\/de\/","name":"Natural Treats","description":"Best Rated Natural Dog Treats In Europe","publisher":{"@id":"https:\/\/naturaltreats.eu\/de\/#organization"},"potentialAction":[{"@type":"SearchAction","target":{"@type":"EntryPoint","urlTemplate":"https:\/\/naturaltreats.eu\/de\/?s={search_term_string}"},"query-input":{"@type":"PropertyValueSpecification","valueRequired":true,"valueName":"search_term_string"}}],"inLanguage":"de"},{"@type":"Organization","@id":"https:\/\/naturaltreats.eu\/de\/#organization","name":"Natural Treats","url":"https:\/\/naturaltreats.eu\/de\/","logo":{"@type":"ImageObject","inLanguage":"de","@id":"https:\/\/naturaltreats.eu\/de\/#\/schema\/logo\/image\/","url":"https:\/\/naturaltreats.eu\/wp-content\/uploads\/2020\/08\/social.jpg","contentUrl":"https:\/\/naturaltreats.eu\/wp-content\/uploads\/2020\/08\/social.jpg","width":1000,"height":1000,"caption":"Natural Treats"},"image":{"@id":"https:\/\/naturaltreats.eu\/de\/#\/schema\/logo\/image\/"},"sameAs":["https:\/\/facebook.com\/naturaltreatseu","https:\/\/instagram.com\/naturaltreatseu"]}]}},"_links":{"self":[{"href":"https:\/\/naturaltreats.eu\/de\/wp-json\/wp\/v2\/pages\/30947","targetHints":{"allow":["GET"]}}],"collection":[{"href":"https:\/\/naturaltreats.eu\/de\/wp-json\/wp\/v2\/pages"}],"about":[{"href":"https:\/\/naturaltreats.eu\/de\/wp-json\/wp\/v2\/types\/page"}],"author":[{"embeddable":true,"href":"https:\/\/naturaltreats.eu\/de\/wp-json\/wp\/v2\/users\/1"}],"replies":[{"embeddable":true,"href":"https:\/\/naturaltreats.eu\/de\/wp-json\/wp\/v2\/comments?post=30947"}],"version-history":[{"count":4,"href":"https:\/\/naturaltreats.eu\/de\/wp-json\/wp\/v2\/pages\/30947\/revisions"}],"predecessor-version":[{"id":45799,"href":"https:\/\/naturaltreats.eu\/de\/wp-json\/wp\/v2\/pages\/30947\/revisions\/45799"}],"wp:featuredmedia":[{"embeddable":true,"href":"https:\/\/naturaltreats.eu\/de\/wp-json\/wp\/v2\/media\/30922"}],"wp:attachment":[{"href":"https:\/\/naturaltreats.eu\/de\/wp-json\/wp\/v2\/media?parent=30947"}],"curies":[{"name":"wp","href":"https:\/\/api.w.org\/{rel}","templated":true}]}}