{"id":31289,"date":"2022-08-06T15:18:41","date_gmt":"2022-08-06T13:18:41","guid":{"rendered":"https:\/\/naturaltreats.eu\/partnerbereich\/coupon-beantragen\/"},"modified":"2024-12-23T21:14:02","modified_gmt":"2024-12-23T20:14:02","slug":"coupon-beantragen","status":"publish","type":"page","link":"https:\/\/naturaltreats.eu\/de\/partnerbereich\/coupon-beantragen\/","title":{"rendered":"Coupon beantragen"},"content":{"rendered":"\t\t<div data-elementor-type=\"wp-page\" data-elementor-id=\"31289\" class=\"elementor elementor-31289 elementor-31262\" data-elementor-post-type=\"page\">\n\t\t\t\t<div class=\"wd-negative-gap elementor-element elementor-element-a69048b wd-section-stretch e-flex e-con-boxed e-con e-parent\" data-id=\"a69048b\" data-element_type=\"container\" data-e-type=\"container\">\n\t\t\t\t\t<div class=\"e-con-inner\">\n\t\t<div class=\"elementor-element elementor-element-c9b527d e-con-full e-flex e-con e-child\" data-id=\"c9b527d\" data-element_type=\"container\" data-e-type=\"container\">\n\t\t\t\t<div class=\"elementor-element elementor-element-22dc75d elementor-widget elementor-widget-heading\" data-id=\"22dc75d\" data-element_type=\"widget\" data-e-type=\"widget\" data-widget_type=\"heading.default\">\n\t\t\t\t<div class=\"elementor-widget-container\">\n\t\t\t\t\t<h1 class=\"elementor-heading-title elementor-size-default\">Botschafter-Gutscheine<\/h1>\t\t\t\t<\/div>\n\t\t\t\t<\/div>\n\t\t\t\t<div class=\"elementor-element elementor-element-10dd097 elementor-widget elementor-widget-heading\" data-id=\"10dd097\" data-element_type=\"widget\" data-e-type=\"widget\" data-widget_type=\"heading.default\">\n\t\t\t\t<div class=\"elementor-widget-container\">\n\t\t\t\t\t<h2 class=\"elementor-heading-title elementor-size-default\">Beantragen Sie einen individuellen Coupon<\/h2>\t\t\t\t<\/div>\n\t\t\t\t<\/div>\n\t\t\t\t<\/div>\n\t\t\t\t\t<\/div>\n\t\t\t\t<\/div>\n\t\t<div class=\"elementor-element elementor-element-af528f3 wd-section-stretch e-flex e-con-boxed e-con e-parent\" data-id=\"af528f3\" data-element_type=\"container\" data-e-type=\"container\">\n\t\t\t\t\t<div class=\"e-con-inner\">\n\t\t<div class=\"elementor-element elementor-element-4292a9f e-con-full e-flex e-con e-child\" data-id=\"4292a9f\" data-element_type=\"container\" data-e-type=\"container\">\n\t\t\t\t<div class=\"elementor-element elementor-element-98c9dc5 color-scheme-inherit text-left elementor-widget elementor-widget-text-editor\" data-id=\"98c9dc5\" data-element_type=\"widget\" data-e-type=\"widget\" data-widget_type=\"text-editor.default\">\n\t\t\t\t<div class=\"elementor-widget-container\">\n\t\t\t\t\t\t\t\t\t<p>Wenn Sie Botschafter sind, k\u00f6nnen Sie einen Gutscheincode beantragen, den Sie mit Ihren Followern teilen k\u00f6nnen. Mit diesem Gutscheincode erhalten Ihre Follower 10 % Rabatt, und wenn sie diesen Code verwenden, erhalten Sie 10 % Gutschrift im Gesch\u00e4ft.<\/p>\n<p>Sie k\u00f6nnen w\u00e4hlen, welchen Code Sie haben m\u00f6chten. Die meisten Menschen verwenden den Namen ihres Hundes.<\/p>\n\t\t\t\t\t\t\t\t<\/div>\n\t\t\t\t<\/div>\n\t\t\t\t<div class=\"elementor-element elementor-element-3eb5650 elementor-button-align-stretch elementor-widget elementor-widget-form\" data-id=\"3eb5650\" data-element_type=\"widget\" data-e-type=\"widget\" data-settings=\"{&quot;step_next_label&quot;:&quot;Weiter&quot;,&quot;step_previous_label&quot;:&quot;Previous&quot;,&quot;button_width&quot;:&quot;100&quot;,&quot;step_type&quot;:&quot;number_text&quot;,&quot;step_icon_shape&quot;:&quot;circle&quot;}\" data-widget_type=\"form.default\">\n\t\t\t\t<div class=\"elementor-widget-container\">\n\t\t\t\t\t\t\t<form class=\"elementor-form\" method=\"post\" name=\"New Form\" aria-label=\"New Form\">\n\t\t\t<input type=\"hidden\" name=\"post_id\" value=\"31289\"\/>\n\t\t\t<input type=\"hidden\" name=\"form_id\" value=\"3eb5650\"\/>\n\t\t\t<input type=\"hidden\" name=\"referer_title\" value=\"Natural Treats\" \/>\n\n\t\t\t\n\t\t\t<div class=\"elementor-form-fields-wrapper elementor-labels-above\">\n\t\t\t\t\t\t\t\t<div class=\"elementor-field-type-text elementor-field-group elementor-column elementor-field-group-name elementor-col-100 elementor-field-required\">\n\t\t\t\t\t\t\t\t\t\t\t\t<label for=\"form-field-name\" class=\"elementor-field-label\">\n\t\t\t\t\t\t\t\tAffilate ID\t\t\t\t\t\t\t<\/label>\n\t\t\t\t\t\t\t\t\t\t\t\t\t\t<input size=\"1\" type=\"text\" name=\"form_fields[name]\" id=\"form-field-name\" class=\"elementor-field elementor-size-md  elementor-field-textual\" placeholder=\"Affilate ID\" required=\"required\">\n\t\t\t\t\t\t\t\t\t\t\t<\/div>\n\t\t\t\t\t\t\t\t<div class=\"elementor-field-type-email elementor-field-group elementor-column elementor-field-group-email elementor-col-100 elementor-field-required\">\n\t\t\t\t\t\t\t\t\t\t\t\t<label for=\"form-field-email\" class=\"elementor-field-label\">\n\t\t\t\t\t\t\t\tKonto E-Mail\t\t\t\t\t\t\t<\/label>\n\t\t\t\t\t\t\t\t\t\t\t\t\t\t<input size=\"1\" type=\"email\" name=\"form_fields[email]\" id=\"form-field-email\" class=\"elementor-field elementor-size-md  elementor-field-textual\" placeholder=\"Konto E-Mail\" required=\"required\">\n\t\t\t\t\t\t\t\t\t\t\t<\/div>\n\t\t\t\t\t\t\t\t<div class=\"elementor-field-type-text elementor-field-group elementor-column elementor-field-group-message elementor-col-100 elementor-field-required\">\n\t\t\t\t\t\t\t\t\t\t\t\t<label for=\"form-field-message\" class=\"elementor-field-label\">\n\t\t\t\t\t\t\t\tKupon-Code\t\t\t\t\t\t\t<\/label>\n\t\t\t\t\t\t\t\t\t\t\t\t\t\t<input size=\"1\" type=\"text\" name=\"form_fields[message]\" id=\"form-field-message\" class=\"elementor-field elementor-size-md  elementor-field-textual\" placeholder=\"Kupon-Code\" required=\"required\">\n\t\t\t\t\t\t\t\t\t\t\t<\/div>\n\t\t\t\t\t\t\t\t<div class=\"elementor-field-group elementor-column elementor-field-type-submit elementor-col-100 e-form__buttons\">\n\t\t\t\t\t<button class=\"elementor-button elementor-size-md\" type=\"submit\">\n\t\t\t\t\t\t<span class=\"elementor-button-content-wrapper\">\n\t\t\t\t\t\t\t\t\t\t\t\t\t\t\t\t\t\t\t\t\t\t<span class=\"elementor-button-text\">Senden<\/span>\n\t\t\t\t\t\t\t\t\t\t\t\t\t<\/span>\n\t\t\t\t\t<\/button>\n\t\t\t\t<\/div>\n\t\t\t<\/div>\n\t\t<\/form>\n\t\t\t\t\t\t<\/div>\n\t\t\t\t<\/div>\n\t\t\t\t<div class=\"elementor-element elementor-element-2835d51 color-scheme-inherit text-left elementor-widget elementor-widget-text-editor\" data-id=\"2835d51\" data-element_type=\"widget\" data-e-type=\"widget\" data-widget_type=\"text-editor.default\">\n\t\t\t\t<div class=\"elementor-widget-container\">\n\t\t\t\t\t\t\t\t\t<p>Denken Sie daran, dass Sie keine Gutscheine f\u00fcr sich selbst verwenden k\u00f6nnen. Der Coupon wird mit Ihrem Konto verkn\u00fcpft, so dass Sie eine Gutschrift erhalten k\u00f6nnen.<\/p>\n<p>Wenn Sie Hilfe ben\u00f6tigen, <a href=\"https:\/\/naturaltreats.eu\/de\/kontakt\/\">wenden Sie sich bitte an uns<\/a>.<\/p>\n\t\t\t\t\t\t\t\t<\/div>\n\t\t\t\t<\/div>\n\t\t\t\t<\/div>\n\t\t\t\t\t<\/div>\n\t\t\t\t<\/div>\n\t\t\t\t<\/div>\n\t\t","protected":false},"excerpt":{"rendered":"<p>Botschafter-Gutscheine Beantragen Sie einen individuellen Coupon Wenn Sie Botschafter sind, k\u00f6nnen Sie einen Gutscheincode beantragen, den Sie mit Ihren Followern<\/p>\n","protected":false},"author":1,"featured_media":31107,"parent":15153,"menu_order":0,"comment_status":"closed","ping_status":"closed","template":"","meta":{"_acf_changed":false,"footnotes":""},"class_list":["post-31289","page","type-page","status-publish","has-post-thumbnail","hentry"],"acf":[],"yoast_head":"<!-- This site is optimized with the Yoast SEO Premium plugin v23.5 (Yoast SEO v25.0) - https:\/\/yoast.com\/wordpress\/plugins\/seo\/ -->\n<title>Coupon beantragen | Natural Treats<\/title>\n<meta name=\"description\" content=\"Wenn Sie Botschafter sind, k\u00f6nnen Sie einen Gutscheincode beantragen, den Sie mit Ihren Followern teilen k\u00f6nnen. Mit diesem Gutscheincode erhalten Ihre Follower 10 % Rabatt, und wenn sie diesen Code verwenden, erhalten Sie 10 % Gutschrift im Gesch\u00e4ft.\" \/>\n<meta name=\"robots\" content=\"noindex, follow\" \/>\n<meta property=\"og:locale\" content=\"de_DE\" \/>\n<meta property=\"og:type\" content=\"article\" \/>\n<meta property=\"og:title\" content=\"Coupon beantragen\" \/>\n<meta property=\"og:description\" content=\"Wenn Sie Botschafter sind, k\u00f6nnen Sie einen Gutscheincode beantragen, den Sie mit Ihren Followern teilen k\u00f6nnen. Mit diesem Gutscheincode erhalten Ihre Follower 10 % Rabatt, und wenn sie diesen Code verwenden, erhalten Sie 10 % Gutschrift im Gesch\u00e4ft.\" \/>\n<meta property=\"og:url\" content=\"https:\/\/naturaltreats.eu\/de\/partnerbereich\/coupon-beantragen\/\" \/>\n<meta property=\"og:site_name\" content=\"Natural Treats\" \/>\n<meta property=\"article:publisher\" content=\"https:\/\/facebook.com\/naturaltreatseu\" \/>\n<meta property=\"article:modified_time\" content=\"2024-12-23T20:14:02+00:00\" \/>\n<meta property=\"og:image\" content=\"https:\/\/naturaltreats.eu\/wp-content\/uploads\/2022\/08\/giphy-2.gif\" \/>\n\t<meta property=\"og:image:width\" content=\"300\" \/>\n\t<meta property=\"og:image:height\" content=\"300\" \/>\n\t<meta property=\"og:image:type\" content=\"image\/gif\" \/>\n<meta name=\"twitter:card\" content=\"summary_large_image\" \/>\n<meta name=\"twitter:label1\" content=\"Gesch\u00e4tzte Lesezeit\" \/>\n\t<meta name=\"twitter:data1\" content=\"1\u00a0Minute\" \/>\n<script type=\"application\/ld+json\" class=\"yoast-schema-graph\">{\"@context\":\"https:\/\/schema.org\",\"@graph\":[{\"@type\":\"WebPage\",\"@id\":\"https:\/\/naturaltreats.eu\/de\/partnerbereich\/coupon-beantragen\/\",\"url\":\"https:\/\/naturaltreats.eu\/de\/partnerbereich\/coupon-beantragen\/\",\"name\":\"Coupon beantragen | Natural Treats\",\"isPartOf\":{\"@id\":\"https:\/\/naturaltreats.eu\/de\/#website\"},\"primaryImageOfPage\":{\"@id\":\"https:\/\/naturaltreats.eu\/de\/partnerbereich\/coupon-beantragen\/#primaryimage\"},\"image\":{\"@id\":\"https:\/\/naturaltreats.eu\/de\/partnerbereich\/coupon-beantragen\/#primaryimage\"},\"thumbnailUrl\":\"https:\/\/naturaltreats.eu\/wp-content\/uploads\/2022\/08\/giphy-2.gif\",\"datePublished\":\"2022-08-06T13:18:41+00:00\",\"dateModified\":\"2024-12-23T20:14:02+00:00\",\"description\":\"Wenn Sie Botschafter sind, k\u00f6nnen Sie einen Gutscheincode beantragen, den Sie mit Ihren Followern teilen k\u00f6nnen. Mit diesem Gutscheincode erhalten Ihre Follower 10 % Rabatt, und wenn sie diesen Code verwenden, erhalten Sie 10 % Gutschrift im Gesch\u00e4ft.\",\"breadcrumb\":{\"@id\":\"https:\/\/naturaltreats.eu\/de\/partnerbereich\/coupon-beantragen\/#breadcrumb\"},\"inLanguage\":\"de\",\"potentialAction\":[{\"@type\":\"ReadAction\",\"target\":[\"https:\/\/naturaltreats.eu\/de\/partnerbereich\/coupon-beantragen\/\"]}]},{\"@type\":\"ImageObject\",\"inLanguage\":\"de\",\"@id\":\"https:\/\/naturaltreats.eu\/de\/partnerbereich\/coupon-beantragen\/#primaryimage\",\"url\":\"https:\/\/naturaltreats.eu\/wp-content\/uploads\/2022\/08\/giphy-2.gif\",\"contentUrl\":\"https:\/\/naturaltreats.eu\/wp-content\/uploads\/2022\/08\/giphy-2.gif\",\"width\":300,\"height\":300,\"caption\":\"Dog gif\"},{\"@type\":\"BreadcrumbList\",\"@id\":\"https:\/\/naturaltreats.eu\/de\/partnerbereich\/coupon-beantragen\/#breadcrumb\",\"itemListElement\":[{\"@type\":\"ListItem\",\"position\":1,\"name\":\"Home\",\"item\":\"https:\/\/naturaltreats.eu\/de\/startseite\/\"},{\"@type\":\"ListItem\",\"position\":2,\"name\":\"Partnerbereich\",\"item\":\"https:\/\/naturaltreats.eu\/de\/partnerbereich\/\"},{\"@type\":\"ListItem\",\"position\":3,\"name\":\"Coupon beantragen\"}]},{\"@type\":\"WebSite\",\"@id\":\"https:\/\/naturaltreats.eu\/de\/#website\",\"url\":\"https:\/\/naturaltreats.eu\/de\/\",\"name\":\"Natural Treats\",\"description\":\"Best Rated Natural Dog Treats In Europe\",\"publisher\":{\"@id\":\"https:\/\/naturaltreats.eu\/de\/#organization\"},\"potentialAction\":[{\"@type\":\"SearchAction\",\"target\":{\"@type\":\"EntryPoint\",\"urlTemplate\":\"https:\/\/naturaltreats.eu\/de\/?s={search_term_string}\"},\"query-input\":{\"@type\":\"PropertyValueSpecification\",\"valueRequired\":true,\"valueName\":\"search_term_string\"}}],\"inLanguage\":\"de\"},{\"@type\":\"Organization\",\"@id\":\"https:\/\/naturaltreats.eu\/de\/#organization\",\"name\":\"Natural Treats\",\"url\":\"https:\/\/naturaltreats.eu\/de\/\",\"logo\":{\"@type\":\"ImageObject\",\"inLanguage\":\"de\",\"@id\":\"https:\/\/naturaltreats.eu\/de\/#\/schema\/logo\/image\/\",\"url\":\"https:\/\/naturaltreats.eu\/wp-content\/uploads\/2020\/08\/social.jpg\",\"contentUrl\":\"https:\/\/naturaltreats.eu\/wp-content\/uploads\/2020\/08\/social.jpg\",\"width\":1000,\"height\":1000,\"caption\":\"Natural Treats\"},\"image\":{\"@id\":\"https:\/\/naturaltreats.eu\/de\/#\/schema\/logo\/image\/\"},\"sameAs\":[\"https:\/\/facebook.com\/naturaltreatseu\",\"https:\/\/instagram.com\/naturaltreatseu\"]}]}<\/script>\n<!-- \/ Yoast SEO Premium plugin. -->","yoast_head_json":{"title":"Coupon beantragen | Natural Treats","description":"Wenn Sie Botschafter sind, k\u00f6nnen Sie einen Gutscheincode beantragen, den Sie mit Ihren Followern teilen k\u00f6nnen. Mit diesem Gutscheincode erhalten Ihre Follower 10 % Rabatt, und wenn sie diesen Code verwenden, erhalten Sie 10 % Gutschrift im Gesch\u00e4ft.","robots":{"index":"noindex","follow":"follow"},"og_locale":"de_DE","og_type":"article","og_title":"Coupon beantragen","og_description":"Wenn Sie Botschafter sind, k\u00f6nnen Sie einen Gutscheincode beantragen, den Sie mit Ihren Followern teilen k\u00f6nnen. Mit diesem Gutscheincode erhalten Ihre Follower 10 % Rabatt, und wenn sie diesen Code verwenden, erhalten Sie 10 % Gutschrift im Gesch\u00e4ft.","og_url":"https:\/\/naturaltreats.eu\/de\/partnerbereich\/coupon-beantragen\/","og_site_name":"Natural Treats","article_publisher":"https:\/\/facebook.com\/naturaltreatseu","article_modified_time":"2024-12-23T20:14:02+00:00","og_image":[{"url":"https:\/\/naturaltreats.eu\/wp-content\/uploads\/2022\/08\/giphy-2.gif","width":300,"height":300,"type":"image\/gif"}],"twitter_card":"summary_large_image","twitter_misc":{"Gesch\u00e4tzte Lesezeit":"1\u00a0Minute"},"schema":{"@context":"https:\/\/schema.org","@graph":[{"@type":"WebPage","@id":"https:\/\/naturaltreats.eu\/de\/partnerbereich\/coupon-beantragen\/","url":"https:\/\/naturaltreats.eu\/de\/partnerbereich\/coupon-beantragen\/","name":"Coupon beantragen | Natural Treats","isPartOf":{"@id":"https:\/\/naturaltreats.eu\/de\/#website"},"primaryImageOfPage":{"@id":"https:\/\/naturaltreats.eu\/de\/partnerbereich\/coupon-beantragen\/#primaryimage"},"image":{"@id":"https:\/\/naturaltreats.eu\/de\/partnerbereich\/coupon-beantragen\/#primaryimage"},"thumbnailUrl":"https:\/\/naturaltreats.eu\/wp-content\/uploads\/2022\/08\/giphy-2.gif","datePublished":"2022-08-06T13:18:41+00:00","dateModified":"2024-12-23T20:14:02+00:00","description":"Wenn Sie Botschafter sind, k\u00f6nnen Sie einen Gutscheincode beantragen, den Sie mit Ihren Followern teilen k\u00f6nnen. Mit diesem Gutscheincode erhalten Ihre Follower 10 % Rabatt, und wenn sie diesen Code verwenden, erhalten Sie 10 % Gutschrift im Gesch\u00e4ft.","breadcrumb":{"@id":"https:\/\/naturaltreats.eu\/de\/partnerbereich\/coupon-beantragen\/#breadcrumb"},"inLanguage":"de","potentialAction":[{"@type":"ReadAction","target":["https:\/\/naturaltreats.eu\/de\/partnerbereich\/coupon-beantragen\/"]}]},{"@type":"ImageObject","inLanguage":"de","@id":"https:\/\/naturaltreats.eu\/de\/partnerbereich\/coupon-beantragen\/#primaryimage","url":"https:\/\/naturaltreats.eu\/wp-content\/uploads\/2022\/08\/giphy-2.gif","contentUrl":"https:\/\/naturaltreats.eu\/wp-content\/uploads\/2022\/08\/giphy-2.gif","width":300,"height":300,"caption":"Dog gif"},{"@type":"BreadcrumbList","@id":"https:\/\/naturaltreats.eu\/de\/partnerbereich\/coupon-beantragen\/#breadcrumb","itemListElement":[{"@type":"ListItem","position":1,"name":"Home","item":"https:\/\/naturaltreats.eu\/de\/startseite\/"},{"@type":"ListItem","position":2,"name":"Partnerbereich","item":"https:\/\/naturaltreats.eu\/de\/partnerbereich\/"},{"@type":"ListItem","position":3,"name":"Coupon beantragen"}]},{"@type":"WebSite","@id":"https:\/\/naturaltreats.eu\/de\/#website","url":"https:\/\/naturaltreats.eu\/de\/","name":"Natural Treats","description":"Best Rated Natural Dog Treats In Europe","publisher":{"@id":"https:\/\/naturaltreats.eu\/de\/#organization"},"potentialAction":[{"@type":"SearchAction","target":{"@type":"EntryPoint","urlTemplate":"https:\/\/naturaltreats.eu\/de\/?s={search_term_string}"},"query-input":{"@type":"PropertyValueSpecification","valueRequired":true,"valueName":"search_term_string"}}],"inLanguage":"de"},{"@type":"Organization","@id":"https:\/\/naturaltreats.eu\/de\/#organization","name":"Natural Treats","url":"https:\/\/naturaltreats.eu\/de\/","logo":{"@type":"ImageObject","inLanguage":"de","@id":"https:\/\/naturaltreats.eu\/de\/#\/schema\/logo\/image\/","url":"https:\/\/naturaltreats.eu\/wp-content\/uploads\/2020\/08\/social.jpg","contentUrl":"https:\/\/naturaltreats.eu\/wp-content\/uploads\/2020\/08\/social.jpg","width":1000,"height":1000,"caption":"Natural Treats"},"image":{"@id":"https:\/\/naturaltreats.eu\/de\/#\/schema\/logo\/image\/"},"sameAs":["https:\/\/facebook.com\/naturaltreatseu","https:\/\/instagram.com\/naturaltreatseu"]}]}},"_links":{"self":[{"href":"https:\/\/naturaltreats.eu\/de\/wp-json\/wp\/v2\/pages\/31289","targetHints":{"allow":["GET"]}}],"collection":[{"href":"https:\/\/naturaltreats.eu\/de\/wp-json\/wp\/v2\/pages"}],"about":[{"href":"https:\/\/naturaltreats.eu\/de\/wp-json\/wp\/v2\/types\/page"}],"author":[{"embeddable":true,"href":"https:\/\/naturaltreats.eu\/de\/wp-json\/wp\/v2\/users\/1"}],"replies":[{"embeddable":true,"href":"https:\/\/naturaltreats.eu\/de\/wp-json\/wp\/v2\/comments?post=31289"}],"version-history":[{"count":7,"href":"https:\/\/naturaltreats.eu\/de\/wp-json\/wp\/v2\/pages\/31289\/revisions"}],"predecessor-version":[{"id":49488,"href":"https:\/\/naturaltreats.eu\/de\/wp-json\/wp\/v2\/pages\/31289\/revisions\/49488"}],"up":[{"embeddable":true,"href":"https:\/\/naturaltreats.eu\/de\/wp-json\/wp\/v2\/pages\/15153"}],"wp:featuredmedia":[{"embeddable":true,"href":"https:\/\/naturaltreats.eu\/de\/wp-json\/wp\/v2\/media\/31107"}],"wp:attachment":[{"href":"https:\/\/naturaltreats.eu\/de\/wp-json\/wp\/v2\/media?parent=31289"}],"curies":[{"name":"wp","href":"https:\/\/api.w.org\/{rel}","templated":true}]}}