{"id":587,"date":"2020-09-01T13:21:52","date_gmt":"2020-09-01T11:21:52","guid":{"rendered":"https:\/\/naturaltreats.eu\/datenschutz-bestimmungen\/"},"modified":"2021-03-22T16:05:53","modified_gmt":"2021-03-22T15:05:53","slug":"datenschutz-bestimmungen","status":"publish","type":"page","link":"https:\/\/naturaltreats.eu\/de\/datenschutz-bestimmungen\/","title":{"rendered":"Datenschutz-Bestimmungen"},"content":{"rendered":"\t\t<div data-elementor-type=\"wp-page\" data-elementor-id=\"587\" class=\"elementor elementor-587 elementor-582\" data-elementor-post-type=\"page\">\n\t\t\t\t\t\t<section class=\"wd-negative-gap elementor-section elementor-top-section elementor-element elementor-element-d919a13 elementor-section-boxed elementor-section-height-default elementor-section-height-default\" data-id=\"d919a13\" data-element_type=\"section\" data-e-type=\"section\">\n\t\t\t\t\t\t<div class=\"elementor-container elementor-column-gap-default\">\n\t\t\t\t\t<div class=\"elementor-column elementor-col-100 elementor-top-column elementor-element elementor-element-be1fb37\" data-id=\"be1fb37\" data-element_type=\"column\" data-e-type=\"column\">\n\t\t\t<div class=\"elementor-widget-wrap elementor-element-populated\">\n\t\t\t\t\t\t<div class=\"elementor-element elementor-element-6c9e53c elementor-widget elementor-widget-heading\" data-id=\"6c9e53c\" data-element_type=\"widget\" data-e-type=\"widget\" data-widget_type=\"heading.default\">\n\t\t\t\t<div class=\"elementor-widget-container\">\n\t\t\t\t\t<h1 class=\"elementor-heading-title elementor-size-default\">Datenschutz-Bestimmungen<\/h1>\t\t\t\t<\/div>\n\t\t\t\t<\/div>\n\t\t\t\t<div class=\"elementor-element elementor-element-b363f3a color-scheme-inherit text-left elementor-widget elementor-widget-text-editor\" data-id=\"b363f3a\" data-element_type=\"widget\" data-e-type=\"widget\" data-widget_type=\"text-editor.default\">\n\t\t\t\t<div class=\"elementor-widget-container\">\n\t\t\t\t\t\t\t\t\t<p>Bei Natural Treats Mallorca, erreichbar unter www.naturaltreatsmallorca.com, ist die Privatsph\u00e4re unserer Besucher eine unserer Hauptpriorit\u00e4ten. Diese Datenschutzerkl\u00e4rung enth\u00e4lt Arten von Informationen, die von Natural Treats Mallorca gesammelt und aufgezeichnet werden, und wie wir sie verwenden.<\/p>\n<p>Wenn Sie weitere Fragen haben oder weitere Informationen \u00fcber unsere Datenschutzrichtlinien ben\u00f6tigen, z\u00f6gern Sie nicht, uns zu kontaktieren.<\/p>\n<p>Diese Datenschutzerkl\u00e4rung gilt nur f\u00fcr unsere Online-Aktivit\u00e4ten und ist g\u00fcltig f\u00fcr die Besucher unserer Website in Bezug auf die Informationen, die sie geteilt und \/ oder sammeln in Natural Treats Mallorca. Diese Richtlinie gilt nicht f\u00fcr Informationen, die offline oder \u00fcber andere Kan\u00e4le als diese Website gesammelt werden.<\/p>\n<p>Einverstanden<br \/>\nDurch die Nutzung unserer Website erkl\u00e4ren Sie sich hiermit mit unserer Datenschutzrichtlinie einverstanden und stimmen ihren Bedingungen zu.<\/p>\n<p>Von uns gesammelte Informationen<br \/>\nDie pers\u00f6nlichen Daten, um die Sie gebeten werden, und die Gr\u00fcnde, warum Sie gebeten werden, werden Ihnen an der Stelle, an der wir Sie um die Angabe Ihrer pers\u00f6nlichen Daten bitten, deutlich gemacht.<\/p>\n<p>Wenn Sie sich direkt mit uns in Verbindung setzen, erhalten wir unter Umst\u00e4nden zus\u00e4tzliche Informationen \u00fcber Sie, wie z.B. Ihren Namen, Ihre E-Mail-Adresse, Ihre Telefonnummer, den Inhalt der Nachricht und\/oder der Anh\u00e4nge, die Sie uns senden, sowie alle anderen Informationen, die Sie uns zur Verf\u00fcgung stellen.<\/p>\n<p>Wenn Sie sich f\u00fcr ein Konto registrieren, k\u00f6nnen wir nach Ihren Kontaktinformationen fragen, einschlie\u00dflich Angaben wie Name, Firmenname, Adresse, E-Mail-Adresse und Telefonnummer.<\/p>\n<p>Wie wir Ihre Informationen verwenden<br \/>\nWir verwenden die von uns gesammelten Informationen auf verschiedene Weise, u.a:<\/p>\n<p>Bereitstellung, Betrieb und Wartung unserer Website<br \/>\nVerbessern, personalisieren und erweitern Sie unsere Website<br \/>\nVerstehen und analysieren, wie Sie unsere Website nutzen<br \/>\nEntwicklung neuer Produkte, Dienstleistungen, Merkmale und Funktionen<br \/>\nmit Ihnen zu kommunizieren, entweder direkt oder \u00fcber einen unserer Partner, auch f\u00fcr den Kundendienst, um Sie mit Aktualisierungen und anderen Informationen bez\u00fcglich der Website zu versorgen, sowie f\u00fcr Marketing- und Werbezwecke<br \/>\nIhnen E-Mails senden<br \/>\nBetrug finden und verhindern<br \/>\nLog-Dateien<br \/>\nNatural Treats Mallorca folgt einem Standardverfahren zur Verwendung von Protokolldateien. Diese Dateien protokollieren die Besucher, wenn sie Websites besuchen. Alle Hosting-Unternehmen tun dies und einen Teil der Analysen der Hosting-Dienste. Die von den Log-Dateien gesammelten Informationen umfassen Internet-Protokolladressen (IP-Adressen), Browser-Typ, Internet Service Provider (ISP), Datums- und Zeitstempel, verweisende Seiten und m\u00f6glicherweise die Anzahl der Klicks. Diese sind nicht mit Informationen verkn\u00fcpft, die eine pers\u00f6nliche Identifizierung erm\u00f6glichen. Der Zweck der Informationen besteht darin, Trends zu analysieren, die Website zu verwalten, die Bewegungen der Benutzer auf der Website zu verfolgen und demographische Informationen zu sammeln.<\/p>\n<p>Cookies und Web Beacons<br \/>\nWie jede andere Website verwendet Natural Treats Mallorca &#8216;Cookies&#8217;. Diese Cookies werden verwendet, um Informationen zu speichern, einschlie\u00dflich der Pr\u00e4ferenzen der Besucher und der Seiten auf der Website, auf die der Besucher zugegriffen oder die er besucht hat. Die Informationen werden verwendet, um die Erfahrung der Benutzer zu optimieren, indem der Inhalt unserer Webseite auf den Browsertyp des Besuchers und\/oder andere Informationen abgestimmt wird.<\/p>\n<p>F\u00fcr weitere allgemeine Informationen \u00fcber Cookies lesen Sie bitte &#8220;Was sind Cookies&#8221;.<\/p>\n<p>Datenschutzrichtlinien von Werbepartnern<br \/>\nSie k\u00f6nnen diese Liste konsultieren, um die Datenschutzbestimmungen f\u00fcr jeden der Werbepartner von Natural Treats Mallorca zu finden.<\/p>\n<p>Ad-Server oder Werbenetzwerke von Drittanbietern verwenden Technologien wie Cookies, JavaScript oder Web Beacons, die in ihren jeweiligen Anzeigen und Links verwendet werden, die auf Natural Treats Mallorca erscheinen und direkt an den Browser der Benutzer gesendet werden. Sie erhalten automatisch Ihre IP-Adresse, wenn dies geschieht. Diese Technologien werden verwendet, um die Wirksamkeit ihrer Werbekampagnen zu messen und\/oder die Werbeinhalte, die Sie auf den von Ihnen besuchten Websites sehen, zu personalisieren.<\/p>\n<p>Bitte beachten Sie, dass Natural Treats Mallorca keinen Zugang zu oder Kontrolle \u00fcber diese Cookies hat, die von dritten Werbetreibenden verwendet werden.<\/p>\n<p>Datenschutzrichtlinien von Drittanbietern<br \/>\nDie Datenschutzerkl\u00e4rung von Natural Treats Mallorca gilt nicht f\u00fcr andere Inserenten oder Websites. Daher raten wir Ihnen, die jeweiligen Datenschutzbestimmungen dieser Drittanbieter f\u00fcr detailliertere Informationen zu konsultieren. Sie k\u00f6nnen deren Praktiken und Anweisungen enthalten, wie Sie sich von bestimmten Optionen abmelden k\u00f6nnen.<\/p>\n<p>Sie k\u00f6nnen sich daf\u00fcr entscheiden, Cookies \u00fcber Ihre individuellen Browser-Optionen zu deaktivieren. Ausf\u00fchrlichere Informationen \u00fcber die Cookie-Verwaltung mit bestimmten Webbrowsern finden Sie auf den jeweiligen Websites der Browser.<\/p>\n<p>Datenschutzrechte des CCPA (Meine pers\u00f6nlichen Daten nicht verkaufen)<br \/>\nNach dem CCPA haben kalifornische Verbraucher neben anderen Rechten das Recht dazu:<\/p>\n<p>Zu verlangen, dass ein Unternehmen, das die pers\u00f6nlichen Daten eines Verbrauchers sammelt, die Kategorien und spezifischen Teile der pers\u00f6nlichen Daten offenlegt, die ein Unternehmen \u00fcber Verbraucher gesammelt hat.<\/p>\n<p>Zu verlangen, dass ein Unternehmen alle pers\u00f6nlichen Daten \u00fcber den Verbraucher, die ein Unternehmen gesammelt hat, l\u00f6scht.<\/p>\n\t\t\t\t\t\t\t\t<\/div>\n\t\t\t\t<\/div>\n\t\t\t\t\t<\/div>\n\t\t<\/div>\n\t\t\t\t\t<\/div>\n\t\t<\/section>\n\t\t\t\t<\/div>\n\t\t","protected":false},"excerpt":{"rendered":"<p>Datenschutz-Bestimmungen Bei Natural Treats Mallorca, erreichbar unter www.naturaltreatsmallorca.com, ist die Privatsph\u00e4re unserer Besucher eine unserer Hauptpriorit\u00e4ten. Diese Datenschutzerkl\u00e4rung enth\u00e4lt Arten<\/p>\n","protected":false},"author":1,"featured_media":484,"parent":0,"menu_order":0,"comment_status":"closed","ping_status":"closed","template":"","meta":{"_acf_changed":false,"footnotes":""},"class_list":["post-587","page","type-page","status-publish","has-post-thumbnail","hentry"],"acf":[],"yoast_head":"<!-- This site is optimized with the Yoast SEO Premium plugin v23.5 (Yoast SEO v25.0) - https:\/\/yoast.com\/wordpress\/plugins\/seo\/ -->\n<title>Datenschutz-Bestimmungen | Natural Treats<\/title>\n<meta name=\"description\" content=\"Datenschutzbestimmungen und Nutzungsbedingungen.\" \/>\n<meta name=\"robots\" content=\"index, follow, max-snippet:-1, max-image-preview:large, max-video-preview:-1\" \/>\n<link rel=\"canonical\" href=\"https:\/\/naturaltreats.eu\/de\/datenschutz-bestimmungen\/\" \/>\n<meta property=\"og:locale\" content=\"de_DE\" \/>\n<meta property=\"og:type\" content=\"article\" \/>\n<meta property=\"og:title\" content=\"Datenschutz-Bestimmungen\" \/>\n<meta property=\"og:description\" content=\"Datenschutzbestimmungen und Nutzungsbedingungen.\" \/>\n<meta property=\"og:url\" content=\"https:\/\/naturaltreats.eu\/de\/datenschutz-bestimmungen\/\" \/>\n<meta property=\"og:site_name\" content=\"Natural Treats\" \/>\n<meta property=\"article:publisher\" content=\"https:\/\/facebook.com\/naturaltreatseu\" \/>\n<meta property=\"article:modified_time\" content=\"2021-03-22T15:05:53+00:00\" \/>\n<meta property=\"og:image\" content=\"https:\/\/naturaltreats.eu\/wp-content\/uploads\/2020\/08\/treatbox13_2000x.jpg\" \/>\n\t<meta property=\"og:image:width\" content=\"600\" \/>\n\t<meta property=\"og:image:height\" content=\"600\" \/>\n\t<meta property=\"og:image:type\" content=\"image\/jpeg\" \/>\n<meta name=\"twitter:card\" content=\"summary_large_image\" \/>\n<meta name=\"twitter:label1\" content=\"Gesch\u00e4tzte Lesezeit\" \/>\n\t<meta name=\"twitter:data1\" content=\"4\u00a0Minuten\" \/>\n<script type=\"application\/ld+json\" class=\"yoast-schema-graph\">{\"@context\":\"https:\/\/schema.org\",\"@graph\":[{\"@type\":\"WebPage\",\"@id\":\"https:\/\/naturaltreats.eu\/de\/datenschutz-bestimmungen\/\",\"url\":\"https:\/\/naturaltreats.eu\/de\/datenschutz-bestimmungen\/\",\"name\":\"Datenschutz-Bestimmungen | Natural Treats\",\"isPartOf\":{\"@id\":\"https:\/\/naturaltreats.eu\/de\/#website\"},\"primaryImageOfPage\":{\"@id\":\"https:\/\/naturaltreats.eu\/de\/datenschutz-bestimmungen\/#primaryimage\"},\"image\":{\"@id\":\"https:\/\/naturaltreats.eu\/de\/datenschutz-bestimmungen\/#primaryimage\"},\"thumbnailUrl\":\"https:\/\/naturaltreats.eu\/wp-content\/uploads\/2020\/08\/treatbox13_2000x.jpg\",\"datePublished\":\"2020-09-01T11:21:52+00:00\",\"dateModified\":\"2021-03-22T15:05:53+00:00\",\"description\":\"Datenschutzbestimmungen und Nutzungsbedingungen.\",\"breadcrumb\":{\"@id\":\"https:\/\/naturaltreats.eu\/de\/datenschutz-bestimmungen\/#breadcrumb\"},\"inLanguage\":\"de\",\"potentialAction\":[{\"@type\":\"ReadAction\",\"target\":[\"https:\/\/naturaltreats.eu\/de\/datenschutz-bestimmungen\/\"]}]},{\"@type\":\"ImageObject\",\"inLanguage\":\"de\",\"@id\":\"https:\/\/naturaltreats.eu\/de\/datenschutz-bestimmungen\/#primaryimage\",\"url\":\"https:\/\/naturaltreats.eu\/wp-content\/uploads\/2020\/08\/treatbox13_2000x.jpg\",\"contentUrl\":\"https:\/\/naturaltreats.eu\/wp-content\/uploads\/2020\/08\/treatbox13_2000x.jpg\",\"width\":600,\"height\":600,\"caption\":\"Hundeleckerlis\"},{\"@type\":\"BreadcrumbList\",\"@id\":\"https:\/\/naturaltreats.eu\/de\/datenschutz-bestimmungen\/#breadcrumb\",\"itemListElement\":[{\"@type\":\"ListItem\",\"position\":1,\"name\":\"Home\",\"item\":\"https:\/\/naturaltreats.eu\/de\/startseite\/\"},{\"@type\":\"ListItem\",\"position\":2,\"name\":\"Datenschutz-Bestimmungen\"}]},{\"@type\":\"WebSite\",\"@id\":\"https:\/\/naturaltreats.eu\/de\/#website\",\"url\":\"https:\/\/naturaltreats.eu\/de\/\",\"name\":\"Natural Treats\",\"description\":\"Best Rated Natural Dog Treats In Europe\",\"publisher\":{\"@id\":\"https:\/\/naturaltreats.eu\/de\/#organization\"},\"potentialAction\":[{\"@type\":\"SearchAction\",\"target\":{\"@type\":\"EntryPoint\",\"urlTemplate\":\"https:\/\/naturaltreats.eu\/de\/?s={search_term_string}\"},\"query-input\":{\"@type\":\"PropertyValueSpecification\",\"valueRequired\":true,\"valueName\":\"search_term_string\"}}],\"inLanguage\":\"de\"},{\"@type\":\"Organization\",\"@id\":\"https:\/\/naturaltreats.eu\/de\/#organization\",\"name\":\"Natural Treats\",\"url\":\"https:\/\/naturaltreats.eu\/de\/\",\"logo\":{\"@type\":\"ImageObject\",\"inLanguage\":\"de\",\"@id\":\"https:\/\/naturaltreats.eu\/de\/#\/schema\/logo\/image\/\",\"url\":\"https:\/\/naturaltreats.eu\/wp-content\/uploads\/2020\/08\/social.jpg\",\"contentUrl\":\"https:\/\/naturaltreats.eu\/wp-content\/uploads\/2020\/08\/social.jpg\",\"width\":1000,\"height\":1000,\"caption\":\"Natural Treats\"},\"image\":{\"@id\":\"https:\/\/naturaltreats.eu\/de\/#\/schema\/logo\/image\/\"},\"sameAs\":[\"https:\/\/facebook.com\/naturaltreatseu\",\"https:\/\/instagram.com\/naturaltreatseu\"]}]}<\/script>\n<!-- \/ Yoast SEO Premium plugin. -->","yoast_head_json":{"title":"Datenschutz-Bestimmungen | Natural Treats","description":"Datenschutzbestimmungen und Nutzungsbedingungen.","robots":{"index":"index","follow":"follow","max-snippet":"max-snippet:-1","max-image-preview":"max-image-preview:large","max-video-preview":"max-video-preview:-1"},"canonical":"https:\/\/naturaltreats.eu\/de\/datenschutz-bestimmungen\/","og_locale":"de_DE","og_type":"article","og_title":"Datenschutz-Bestimmungen","og_description":"Datenschutzbestimmungen und Nutzungsbedingungen.","og_url":"https:\/\/naturaltreats.eu\/de\/datenschutz-bestimmungen\/","og_site_name":"Natural Treats","article_publisher":"https:\/\/facebook.com\/naturaltreatseu","article_modified_time":"2021-03-22T15:05:53+00:00","og_image":[{"width":600,"height":600,"url":"https:\/\/naturaltreats.eu\/wp-content\/uploads\/2020\/08\/treatbox13_2000x.jpg","type":"image\/jpeg"}],"twitter_card":"summary_large_image","twitter_misc":{"Gesch\u00e4tzte Lesezeit":"4\u00a0Minuten"},"schema":{"@context":"https:\/\/schema.org","@graph":[{"@type":"WebPage","@id":"https:\/\/naturaltreats.eu\/de\/datenschutz-bestimmungen\/","url":"https:\/\/naturaltreats.eu\/de\/datenschutz-bestimmungen\/","name":"Datenschutz-Bestimmungen | Natural Treats","isPartOf":{"@id":"https:\/\/naturaltreats.eu\/de\/#website"},"primaryImageOfPage":{"@id":"https:\/\/naturaltreats.eu\/de\/datenschutz-bestimmungen\/#primaryimage"},"image":{"@id":"https:\/\/naturaltreats.eu\/de\/datenschutz-bestimmungen\/#primaryimage"},"thumbnailUrl":"https:\/\/naturaltreats.eu\/wp-content\/uploads\/2020\/08\/treatbox13_2000x.jpg","datePublished":"2020-09-01T11:21:52+00:00","dateModified":"2021-03-22T15:05:53+00:00","description":"Datenschutzbestimmungen und Nutzungsbedingungen.","breadcrumb":{"@id":"https:\/\/naturaltreats.eu\/de\/datenschutz-bestimmungen\/#breadcrumb"},"inLanguage":"de","potentialAction":[{"@type":"ReadAction","target":["https:\/\/naturaltreats.eu\/de\/datenschutz-bestimmungen\/"]}]},{"@type":"ImageObject","inLanguage":"de","@id":"https:\/\/naturaltreats.eu\/de\/datenschutz-bestimmungen\/#primaryimage","url":"https:\/\/naturaltreats.eu\/wp-content\/uploads\/2020\/08\/treatbox13_2000x.jpg","contentUrl":"https:\/\/naturaltreats.eu\/wp-content\/uploads\/2020\/08\/treatbox13_2000x.jpg","width":600,"height":600,"caption":"Hundeleckerlis"},{"@type":"BreadcrumbList","@id":"https:\/\/naturaltreats.eu\/de\/datenschutz-bestimmungen\/#breadcrumb","itemListElement":[{"@type":"ListItem","position":1,"name":"Home","item":"https:\/\/naturaltreats.eu\/de\/startseite\/"},{"@type":"ListItem","position":2,"name":"Datenschutz-Bestimmungen"}]},{"@type":"WebSite","@id":"https:\/\/naturaltreats.eu\/de\/#website","url":"https:\/\/naturaltreats.eu\/de\/","name":"Natural Treats","description":"Best Rated Natural Dog Treats In Europe","publisher":{"@id":"https:\/\/naturaltreats.eu\/de\/#organization"},"potentialAction":[{"@type":"SearchAction","target":{"@type":"EntryPoint","urlTemplate":"https:\/\/naturaltreats.eu\/de\/?s={search_term_string}"},"query-input":{"@type":"PropertyValueSpecification","valueRequired":true,"valueName":"search_term_string"}}],"inLanguage":"de"},{"@type":"Organization","@id":"https:\/\/naturaltreats.eu\/de\/#organization","name":"Natural Treats","url":"https:\/\/naturaltreats.eu\/de\/","logo":{"@type":"ImageObject","inLanguage":"de","@id":"https:\/\/naturaltreats.eu\/de\/#\/schema\/logo\/image\/","url":"https:\/\/naturaltreats.eu\/wp-content\/uploads\/2020\/08\/social.jpg","contentUrl":"https:\/\/naturaltreats.eu\/wp-content\/uploads\/2020\/08\/social.jpg","width":1000,"height":1000,"caption":"Natural Treats"},"image":{"@id":"https:\/\/naturaltreats.eu\/de\/#\/schema\/logo\/image\/"},"sameAs":["https:\/\/facebook.com\/naturaltreatseu","https:\/\/instagram.com\/naturaltreatseu"]}]}},"_links":{"self":[{"href":"https:\/\/naturaltreats.eu\/de\/wp-json\/wp\/v2\/pages\/587","targetHints":{"allow":["GET"]}}],"collection":[{"href":"https:\/\/naturaltreats.eu\/de\/wp-json\/wp\/v2\/pages"}],"about":[{"href":"https:\/\/naturaltreats.eu\/de\/wp-json\/wp\/v2\/types\/page"}],"author":[{"embeddable":true,"href":"https:\/\/naturaltreats.eu\/de\/wp-json\/wp\/v2\/users\/1"}],"replies":[{"embeddable":true,"href":"https:\/\/naturaltreats.eu\/de\/wp-json\/wp\/v2\/comments?post=587"}],"version-history":[{"count":4,"href":"https:\/\/naturaltreats.eu\/de\/wp-json\/wp\/v2\/pages\/587\/revisions"}],"predecessor-version":[{"id":7185,"href":"https:\/\/naturaltreats.eu\/de\/wp-json\/wp\/v2\/pages\/587\/revisions\/7185"}],"wp:featuredmedia":[{"embeddable":true,"href":"https:\/\/naturaltreats.eu\/de\/wp-json\/wp\/v2\/media\/484"}],"wp:attachment":[{"href":"https:\/\/naturaltreats.eu\/de\/wp-json\/wp\/v2\/media?parent=587"}],"curies":[{"name":"wp","href":"https:\/\/api.w.org\/{rel}","templated":true}]}}