{"id":2021,"date":"2020-10-06T15:41:55","date_gmt":"2020-10-06T13:41:55","guid":{"rendered":"https:\/\/naturaltreats.eu\/product\/rinderhaxe\/"},"modified":"2024-02-09T10:30:09","modified_gmt":"2024-02-09T09:30:09","slug":"rinderhaxe","status":"publish","type":"product","link":"https:\/\/naturaltreats.eu\/de\/product\/rinderhaxe\/","title":{"rendered":"Rinderhaxe Gobstopper"},"content":{"rendered":"<p>Einer unserer beliebtesten Kauartikel. Die Rinderhaxen werden ausschlie\u00dflich aus Rindfleisch hergestellt, ohne Zusatzstoffe oder zus\u00e4tzliche Zutaten. Diese besonders widerstandsf\u00e4higen Leckerbissen bieten erstaunliche Vorteile f\u00fcr die Z\u00e4hne aller mittelgro\u00dfen bis gro\u00dfen Hunde.<\/p>\n<p>Dieser dehydrierte Snack ist fast unm\u00f6glich zu knacken und hilft, den Kautrieb des Hundes zu befriedigen, was ihn zu einem geistig anregenden Leckerbissen macht.<\/p>\n","protected":false},"excerpt":{"rendered":"<p><i class=\"fas fa-circle\"><\/i><i class=\"fas fa-circle\"><\/i><i class=\"fas fa-circle\"><\/i>  | 150g | 1 St\u00fcck<\/p>\n","protected":false},"featured_media":3874,"template":"","meta":{"_acf_changed":false},"dog-type":[],"ingredients":[],"product_brand":[],"product_cat":[539],"product_tag":[],"class_list":{"0":"post-2021","1":"product","2":"type-product","3":"status-publish","4":"has-post-thumbnail","6":"product_cat-naturliche-hundeleckerlis","7":"tm-has-options","9":"first","10":"instock","11":"taxable","12":"shipping-taxable","13":"purchasable","14":"product-type-simple"},"bundled_by":["68591"],"bundle_stock_status":"instock","bundle_stock_quantity":null,"bundle_virtual":false,"bundle_layout":"","bundle_add_to_cart_form_location":"","bundle_editable_in_cart":false,"bundle_sold_individually_context":"","bundle_item_grouping":"","bundle_min_size":"","bundle_max_size":"","bundle_price":[],"bundled_items":[],"bundle_sell_ids":[],"acf":[],"yoast_head":"<!-- This site is optimized with the Yoast SEO Premium plugin v23.5 (Yoast SEO v25.0) - https:\/\/yoast.com\/wordpress\/plugins\/seo\/ -->\n<title>Rinderhaxe Gobstopper | Natural Treats<\/title>\n<meta name=\"description\" content=\"Einer unserer beliebtesten Kauartikel. Die Rinderhaxen werden ausschlie\u00dflich aus Rindfleisch hergestellt, ohne Zusatzstoffe oder zus\u00e4tzliche Zutaten. Diese besonders widerstandsf\u00e4higen Leckerbissen bieten erstaunliche Vorteile f\u00fcr die Z\u00e4hne aller mittelgro\u00dfen bis gro\u00dfen Hunde.\" \/>\n<meta name=\"robots\" content=\"index, follow, max-snippet:-1, max-image-preview:large, max-video-preview:-1\" \/>\n<link rel=\"canonical\" href=\"https:\/\/naturaltreats.eu\/de\/product\/rinderhaxe\/\" \/>\n<meta property=\"og:locale\" content=\"de_DE\" \/>\n<meta property=\"og:type\" content=\"article\" \/>\n<meta property=\"og:title\" content=\"Rinderhaxe Gobstopper\" \/>\n<meta property=\"og:description\" content=\"Einer unserer beliebtesten Kauartikel. Die Rinderhaxen werden ausschlie\u00dflich aus Rindfleisch hergestellt, ohne Zusatzstoffe oder zus\u00e4tzliche Zutaten. Diese besonders widerstandsf\u00e4higen Leckerbissen bieten erstaunliche Vorteile f\u00fcr die Z\u00e4hne aller mittelgro\u00dfen bis gro\u00dfen Hunde.\" \/>\n<meta property=\"og:url\" content=\"https:\/\/naturaltreats.eu\/de\/product\/rinderhaxe\/\" \/>\n<meta property=\"og:site_name\" content=\"Natural Treats\" \/>\n<meta property=\"article:publisher\" content=\"https:\/\/facebook.com\/naturaltreatseu\" \/>\n<meta property=\"article:modified_time\" content=\"2024-02-09T09:30:09+00:00\" \/>\n<meta property=\"og:image\" content=\"https:\/\/naturaltreats.eu\/wp-content\/uploads\/2020\/10\/Beef-Knuckle-1.jpg\" \/>\n\t<meta property=\"og:image:width\" content=\"1080\" \/>\n\t<meta property=\"og:image:height\" content=\"1080\" \/>\n\t<meta property=\"og:image:type\" content=\"image\/jpeg\" \/>\n<meta name=\"twitter:card\" content=\"summary_large_image\" \/>\n<meta name=\"twitter:label1\" content=\"Preis\" \/>\n\t<meta name=\"twitter:data1\" content=\"3,70&euro;\" \/>\n\t<meta name=\"twitter:label2\" content=\"Verf\u00fcgbarkeit\" \/>\n\t<meta name=\"twitter:data2\" content=\"Auf Lager\" \/>\n<script type=\"application\/ld+json\" class=\"yoast-schema-graph\">{\"@context\":\"https:\/\/schema.org\",\"@graph\":[{\"@type\":\"WebPage\",\"@id\":\"https:\/\/naturaltreats.eu\/de\/product\/rinderhaxe\/\",\"url\":\"https:\/\/naturaltreats.eu\/de\/product\/rinderhaxe\/\",\"name\":\"Rinderhaxe Gobstopper | Natural Treats\",\"isPartOf\":{\"@id\":\"https:\/\/naturaltreats.eu\/de\/#website\"},\"primaryImageOfPage\":{\"@id\":\"https:\/\/naturaltreats.eu\/de\/product\/rinderhaxe\/#primaryimage\"},\"image\":{\"@id\":\"https:\/\/naturaltreats.eu\/de\/product\/rinderhaxe\/#primaryimage\"},\"thumbnailUrl\":\"https:\/\/naturaltreats.eu\/wp-content\/uploads\/2020\/10\/Beef-Knuckle-1.jpg\",\"datePublished\":\"2020-10-06T13:41:55+00:00\",\"dateModified\":\"2024-02-09T09:30:09+00:00\",\"description\":\"Einer unserer beliebtesten Kauartikel. Die Rinderhaxen werden ausschlie\u00dflich aus Rindfleisch hergestellt, ohne Zusatzstoffe oder zus\u00e4tzliche Zutaten. Diese besonders widerstandsf\u00e4higen Leckerbissen bieten erstaunliche Vorteile f\u00fcr die Z\u00e4hne aller mittelgro\u00dfen bis gro\u00dfen Hunde.\",\"breadcrumb\":{\"@id\":\"https:\/\/naturaltreats.eu\/de\/product\/rinderhaxe\/#breadcrumb\"},\"inLanguage\":\"de\",\"potentialAction\":[{\"@type\":\"ReadAction\",\"target\":[\"https:\/\/naturaltreats.eu\/de\/product\/rinderhaxe\/\"]}]},{\"@type\":\"ImageObject\",\"inLanguage\":\"de\",\"@id\":\"https:\/\/naturaltreats.eu\/de\/product\/rinderhaxe\/#primaryimage\",\"url\":\"https:\/\/naturaltreats.eu\/wp-content\/uploads\/2020\/10\/Beef-Knuckle-1.jpg\",\"contentUrl\":\"https:\/\/naturaltreats.eu\/wp-content\/uploads\/2020\/10\/Beef-Knuckle-1.jpg\",\"width\":1080,\"height\":1080,\"caption\":\"Rinderhaxe\"},{\"@type\":\"BreadcrumbList\",\"@id\":\"https:\/\/naturaltreats.eu\/de\/product\/rinderhaxe\/#breadcrumb\",\"itemListElement\":[{\"@type\":\"ListItem\",\"position\":1,\"name\":\"Home\",\"item\":\"https:\/\/naturaltreats.eu\/de\/startseite\/\"},{\"@type\":\"ListItem\",\"position\":2,\"name\":\"Laden\",\"item\":\"https:\/\/naturaltreats.eu\/de\/laden\/\"},{\"@type\":\"ListItem\",\"position\":3,\"name\":\"Rinderhaxe Gobstopper\"}]},{\"@type\":\"WebSite\",\"@id\":\"https:\/\/naturaltreats.eu\/de\/#website\",\"url\":\"https:\/\/naturaltreats.eu\/de\/\",\"name\":\"Natural Treats\",\"description\":\"Best Rated Natural Dog Treats In Europe\",\"publisher\":{\"@id\":\"https:\/\/naturaltreats.eu\/de\/#organization\"},\"potentialAction\":[{\"@type\":\"SearchAction\",\"target\":{\"@type\":\"EntryPoint\",\"urlTemplate\":\"https:\/\/naturaltreats.eu\/de\/?s={search_term_string}\"},\"query-input\":{\"@type\":\"PropertyValueSpecification\",\"valueRequired\":true,\"valueName\":\"search_term_string\"}}],\"inLanguage\":\"de\"},{\"@type\":\"Organization\",\"@id\":\"https:\/\/naturaltreats.eu\/de\/#organization\",\"name\":\"Natural Treats\",\"url\":\"https:\/\/naturaltreats.eu\/de\/\",\"logo\":{\"@type\":\"ImageObject\",\"inLanguage\":\"de\",\"@id\":\"https:\/\/naturaltreats.eu\/de\/#\/schema\/logo\/image\/\",\"url\":\"https:\/\/naturaltreats.eu\/wp-content\/uploads\/2020\/08\/social.jpg\",\"contentUrl\":\"https:\/\/naturaltreats.eu\/wp-content\/uploads\/2020\/08\/social.jpg\",\"width\":1000,\"height\":1000,\"caption\":\"Natural Treats\"},\"image\":{\"@id\":\"https:\/\/naturaltreats.eu\/de\/#\/schema\/logo\/image\/\"},\"sameAs\":[\"https:\/\/facebook.com\/naturaltreatseu\",\"https:\/\/instagram.com\/naturaltreatseu\"]}]}<\/script>\n<meta property=\"product:price:amount\" content=\"3.70\" \/>\n<meta property=\"product:price:currency\" content=\"EUR\" \/>\n<meta property=\"og:availability\" content=\"instock\" \/>\n<meta property=\"product:availability\" content=\"instock\" \/>\n<meta property=\"product:condition\" content=\"new\" \/>\n<!-- \/ Yoast SEO Premium plugin. -->","yoast_head_json":{"title":"Rinderhaxe Gobstopper | Natural Treats","description":"Einer unserer beliebtesten Kauartikel. Die Rinderhaxen werden ausschlie\u00dflich aus Rindfleisch hergestellt, ohne Zusatzstoffe oder zus\u00e4tzliche Zutaten. Diese besonders widerstandsf\u00e4higen Leckerbissen bieten erstaunliche Vorteile f\u00fcr die Z\u00e4hne aller mittelgro\u00dfen bis gro\u00dfen Hunde.","robots":{"index":"index","follow":"follow","max-snippet":"max-snippet:-1","max-image-preview":"max-image-preview:large","max-video-preview":"max-video-preview:-1"},"canonical":"https:\/\/naturaltreats.eu\/de\/product\/rinderhaxe\/","og_locale":"de_DE","og_type":"article","og_title":"Rinderhaxe Gobstopper","og_description":"Einer unserer beliebtesten Kauartikel. Die Rinderhaxen werden ausschlie\u00dflich aus Rindfleisch hergestellt, ohne Zusatzstoffe oder zus\u00e4tzliche Zutaten. Diese besonders widerstandsf\u00e4higen Leckerbissen bieten erstaunliche Vorteile f\u00fcr die Z\u00e4hne aller mittelgro\u00dfen bis gro\u00dfen Hunde.","og_url":"https:\/\/naturaltreats.eu\/de\/product\/rinderhaxe\/","og_site_name":"Natural Treats","article_publisher":"https:\/\/facebook.com\/naturaltreatseu","article_modified_time":"2024-02-09T09:30:09+00:00","og_image":[{"width":1080,"height":1080,"url":"https:\/\/naturaltreats.eu\/wp-content\/uploads\/2020\/10\/Beef-Knuckle-1.jpg","type":"image\/jpeg"}],"twitter_card":"summary_large_image","twitter_misc":{"Preis":"3,70&euro;","Verf\u00fcgbarkeit":"Auf Lager"},"schema":{"@context":"https:\/\/schema.org","@graph":[{"@type":"WebPage","@id":"https:\/\/naturaltreats.eu\/de\/product\/rinderhaxe\/","url":"https:\/\/naturaltreats.eu\/de\/product\/rinderhaxe\/","name":"Rinderhaxe Gobstopper | Natural Treats","isPartOf":{"@id":"https:\/\/naturaltreats.eu\/de\/#website"},"primaryImageOfPage":{"@id":"https:\/\/naturaltreats.eu\/de\/product\/rinderhaxe\/#primaryimage"},"image":{"@id":"https:\/\/naturaltreats.eu\/de\/product\/rinderhaxe\/#primaryimage"},"thumbnailUrl":"https:\/\/naturaltreats.eu\/wp-content\/uploads\/2020\/10\/Beef-Knuckle-1.jpg","datePublished":"2020-10-06T13:41:55+00:00","dateModified":"2024-02-09T09:30:09+00:00","description":"Einer unserer beliebtesten Kauartikel. Die Rinderhaxen werden ausschlie\u00dflich aus Rindfleisch hergestellt, ohne Zusatzstoffe oder zus\u00e4tzliche Zutaten. Diese besonders widerstandsf\u00e4higen Leckerbissen bieten erstaunliche Vorteile f\u00fcr die Z\u00e4hne aller mittelgro\u00dfen bis gro\u00dfen Hunde.","breadcrumb":{"@id":"https:\/\/naturaltreats.eu\/de\/product\/rinderhaxe\/#breadcrumb"},"inLanguage":"de","potentialAction":[{"@type":"ReadAction","target":["https:\/\/naturaltreats.eu\/de\/product\/rinderhaxe\/"]}]},{"@type":"ImageObject","inLanguage":"de","@id":"https:\/\/naturaltreats.eu\/de\/product\/rinderhaxe\/#primaryimage","url":"https:\/\/naturaltreats.eu\/wp-content\/uploads\/2020\/10\/Beef-Knuckle-1.jpg","contentUrl":"https:\/\/naturaltreats.eu\/wp-content\/uploads\/2020\/10\/Beef-Knuckle-1.jpg","width":1080,"height":1080,"caption":"Rinderhaxe"},{"@type":"BreadcrumbList","@id":"https:\/\/naturaltreats.eu\/de\/product\/rinderhaxe\/#breadcrumb","itemListElement":[{"@type":"ListItem","position":1,"name":"Home","item":"https:\/\/naturaltreats.eu\/de\/startseite\/"},{"@type":"ListItem","position":2,"name":"Laden","item":"https:\/\/naturaltreats.eu\/de\/laden\/"},{"@type":"ListItem","position":3,"name":"Rinderhaxe Gobstopper"}]},{"@type":"WebSite","@id":"https:\/\/naturaltreats.eu\/de\/#website","url":"https:\/\/naturaltreats.eu\/de\/","name":"Natural Treats","description":"Best Rated Natural Dog Treats In Europe","publisher":{"@id":"https:\/\/naturaltreats.eu\/de\/#organization"},"potentialAction":[{"@type":"SearchAction","target":{"@type":"EntryPoint","urlTemplate":"https:\/\/naturaltreats.eu\/de\/?s={search_term_string}"},"query-input":{"@type":"PropertyValueSpecification","valueRequired":true,"valueName":"search_term_string"}}],"inLanguage":"de"},{"@type":"Organization","@id":"https:\/\/naturaltreats.eu\/de\/#organization","name":"Natural Treats","url":"https:\/\/naturaltreats.eu\/de\/","logo":{"@type":"ImageObject","inLanguage":"de","@id":"https:\/\/naturaltreats.eu\/de\/#\/schema\/logo\/image\/","url":"https:\/\/naturaltreats.eu\/wp-content\/uploads\/2020\/08\/social.jpg","contentUrl":"https:\/\/naturaltreats.eu\/wp-content\/uploads\/2020\/08\/social.jpg","width":1000,"height":1000,"caption":"Natural Treats"},"image":{"@id":"https:\/\/naturaltreats.eu\/de\/#\/schema\/logo\/image\/"},"sameAs":["https:\/\/facebook.com\/naturaltreatseu","https:\/\/instagram.com\/naturaltreatseu"]}]},"product_price_amount":"3.70","product_price_currency":"EUR","og_availability":"instock","product_availability":"instock","product_condition":"new"},"_links":{"self":[{"href":"https:\/\/naturaltreats.eu\/de\/wp-json\/wp\/v2\/product\/2021","targetHints":{"allow":["GET"]}}],"collection":[{"href":"https:\/\/naturaltreats.eu\/de\/wp-json\/wp\/v2\/product"}],"about":[{"href":"https:\/\/naturaltreats.eu\/de\/wp-json\/wp\/v2\/types\/product"}],"wp:featuredmedia":[{"embeddable":true,"href":"https:\/\/naturaltreats.eu\/de\/wp-json\/wp\/v2\/media\/3874"}],"wp:attachment":[{"href":"https:\/\/naturaltreats.eu\/de\/wp-json\/wp\/v2\/media?parent=2021"}],"wp:term":[{"taxonomy":"dog-type","embeddable":true,"href":"https:\/\/naturaltreats.eu\/de\/wp-json\/wp\/v2\/dog-type?post=2021"},{"taxonomy":"ingredients","embeddable":true,"href":"https:\/\/naturaltreats.eu\/de\/wp-json\/wp\/v2\/ingredients?post=2021"},{"taxonomy":"product_brand","embeddable":true,"href":"https:\/\/naturaltreats.eu\/de\/wp-json\/wp\/v2\/product_brand?post=2021"},{"taxonomy":"product_cat","embeddable":true,"href":"https:\/\/naturaltreats.eu\/de\/wp-json\/wp\/v2\/product_cat?post=2021"},{"taxonomy":"product_tag","embeddable":true,"href":"https:\/\/naturaltreats.eu\/de\/wp-json\/wp\/v2\/product_tag?post=2021"}],"curies":[{"name":"wp","href":"https:\/\/api.w.org\/{rel}","templated":true}]}}