{"id":20546,"date":"2021-11-24T15:05:47","date_gmt":"2021-11-24T14:07:57","guid":{"rendered":"https:\/\/naturaltreats.eu\/product\/grosses-rinderohr\/"},"modified":"2024-02-06T14:43:11","modified_gmt":"2024-02-06T13:43:11","slug":"grosses-rinderohr","status":"publish","type":"product","link":"https:\/\/naturaltreats.eu\/de\/product\/grosses-rinderohr\/","title":{"rendered":"Gro\u00dfes Rinderohr"},"content":{"rendered":"<p>Unsere gro\u00dfen Rinderohren sind ein fantastischer nat\u00fcrlicher Leckerbissen f\u00fcr alle Hunde mit besonders gro\u00dfem Appetit, die gerne auf allem herumkauen, was sie sehen. Sie sind zu 100 % verdaulich und v\u00f6llig nat\u00fcrlich, ohne k\u00fcnstliche Chemikalien oder Konservierungsstoffe.<\/p>\n<p>Rinderohren bestehen aus Knorpel. Sie sind weich, formbar und schonend f\u00fcr die Z\u00e4hne. Sie sind perfekt f\u00fcr Hunde mit empfindlichen Z\u00e4hnen &#8230; oder die einen sanften, gem\u00e4chlichen Kauvorgang bevorzugen. Das nat\u00fcrlich z\u00e4he \u00c4u\u00dfere kratzt Plaque und Zahnstein weg und f\u00f6rdert so die Zahngesundheit.<\/p>\n","protected":false},"excerpt":{"rendered":"<p><i class=\"fas fa-circle\"><\/i><i class=\"fas fa-circle\"><\/i><i class=\"fas fa-circle\"><\/i> | 50g | 1 St\u00fcck<\/p>\n","protected":false},"featured_media":20517,"template":"","meta":{"_acf_changed":false},"dog-type":[],"ingredients":[],"product_brand":[],"product_cat":[115],"product_tag":[],"class_list":{"0":"post-20546","1":"product","2":"type-product","3":"status-publish","4":"has-post-thumbnail","6":"product_cat-snacks-de","7":"tm-has-options","9":"first","10":"instock","11":"taxable","12":"shipping-taxable","13":"purchasable","14":"product-type-simple"},"bundled_by":["68591"],"bundle_stock_status":"instock","bundle_stock_quantity":null,"bundle_virtual":false,"bundle_layout":"","bundle_add_to_cart_form_location":"","bundle_editable_in_cart":false,"bundle_sold_individually_context":"","bundle_item_grouping":"","bundle_min_size":"","bundle_max_size":"","bundle_price":[],"bundled_items":[],"bundle_sell_ids":[],"acf":[],"yoast_head":"<!-- This site is optimized with the Yoast SEO Premium plugin v23.5 (Yoast SEO v25.0) - https:\/\/yoast.com\/wordpress\/plugins\/seo\/ -->\n<title>Gro\u00dfes Rinderohr | Natural Treats<\/title>\n<meta name=\"description\" content=\"Unsere gro\u00dfen Rinderohren sind ein fantastischer nat\u00fcrlicher Leckerbissen f\u00fcr alle Hunde mit besonders gro\u00dfem Appetit, die gerne auf allem herumkauen, was sie sehen. Sie sind zu 100 % verdaulich und v\u00f6llig nat\u00fcrlich, ohne k\u00fcnstliche Chemikalien oder Konservierungsstoffe.\" \/>\n<meta name=\"robots\" content=\"index, follow, max-snippet:-1, max-image-preview:large, max-video-preview:-1\" \/>\n<link rel=\"canonical\" href=\"https:\/\/naturaltreats.eu\/de\/product\/grosses-rinderohr\/\" \/>\n<meta property=\"og:locale\" content=\"de_DE\" \/>\n<meta property=\"og:type\" content=\"article\" \/>\n<meta property=\"og:title\" content=\"Gro\u00dfes Rinderohr\" \/>\n<meta property=\"og:description\" content=\"Unsere gro\u00dfen Rinderohren sind ein fantastischer nat\u00fcrlicher Leckerbissen f\u00fcr alle Hunde mit besonders gro\u00dfem Appetit, die gerne auf allem herumkauen, was sie sehen. Sie sind zu 100 % verdaulich und v\u00f6llig nat\u00fcrlich, ohne k\u00fcnstliche Chemikalien oder Konservierungsstoffe.\" \/>\n<meta property=\"og:url\" content=\"https:\/\/naturaltreats.eu\/de\/product\/grosses-rinderohr\/\" \/>\n<meta property=\"og:site_name\" content=\"Natural Treats\" \/>\n<meta property=\"article:publisher\" content=\"https:\/\/facebook.com\/naturaltreatseu\" \/>\n<meta property=\"article:modified_time\" content=\"2024-02-06T13:43:11+00:00\" \/>\n<meta property=\"og:image\" content=\"https:\/\/naturaltreats.eu\/wp-content\/uploads\/2021\/11\/Large-Beef-Ear.jpg\" \/>\n\t<meta property=\"og:image:width\" content=\"1080\" \/>\n\t<meta property=\"og:image:height\" content=\"1080\" \/>\n\t<meta property=\"og:image:type\" content=\"image\/jpeg\" \/>\n<meta name=\"twitter:card\" content=\"summary_large_image\" \/>\n<meta name=\"twitter:label1\" content=\"Preis\" \/>\n\t<meta name=\"twitter:data1\" content=\"2,90&euro;\" \/>\n\t<meta name=\"twitter:label2\" content=\"Verf\u00fcgbarkeit\" \/>\n\t<meta name=\"twitter:data2\" content=\"Auf Lager\" \/>\n<script type=\"application\/ld+json\" class=\"yoast-schema-graph\">{\"@context\":\"https:\/\/schema.org\",\"@graph\":[{\"@type\":\"WebPage\",\"@id\":\"https:\/\/naturaltreats.eu\/de\/product\/grosses-rinderohr\/\",\"url\":\"https:\/\/naturaltreats.eu\/de\/product\/grosses-rinderohr\/\",\"name\":\"Gro\u00dfes Rinderohr | Natural Treats\",\"isPartOf\":{\"@id\":\"https:\/\/naturaltreats.eu\/de\/#website\"},\"primaryImageOfPage\":{\"@id\":\"https:\/\/naturaltreats.eu\/de\/product\/grosses-rinderohr\/#primaryimage\"},\"image\":{\"@id\":\"https:\/\/naturaltreats.eu\/de\/product\/grosses-rinderohr\/#primaryimage\"},\"thumbnailUrl\":\"https:\/\/naturaltreats.eu\/wp-content\/uploads\/2021\/11\/Large-Beef-Ear.jpg\",\"datePublished\":\"2021-11-24T14:07:57+00:00\",\"dateModified\":\"2024-02-06T13:43:11+00:00\",\"description\":\"Unsere gro\u00dfen Rinderohren sind ein fantastischer nat\u00fcrlicher Leckerbissen f\u00fcr alle Hunde mit besonders gro\u00dfem Appetit, die gerne auf allem herumkauen, was sie sehen. Sie sind zu 100 % verdaulich und v\u00f6llig nat\u00fcrlich, ohne k\u00fcnstliche Chemikalien oder Konservierungsstoffe.\",\"breadcrumb\":{\"@id\":\"https:\/\/naturaltreats.eu\/de\/product\/grosses-rinderohr\/#breadcrumb\"},\"inLanguage\":\"de\",\"potentialAction\":[{\"@type\":\"ReadAction\",\"target\":[\"https:\/\/naturaltreats.eu\/de\/product\/grosses-rinderohr\/\"]}]},{\"@type\":\"ImageObject\",\"inLanguage\":\"de\",\"@id\":\"https:\/\/naturaltreats.eu\/de\/product\/grosses-rinderohr\/#primaryimage\",\"url\":\"https:\/\/naturaltreats.eu\/wp-content\/uploads\/2021\/11\/Large-Beef-Ear.jpg\",\"contentUrl\":\"https:\/\/naturaltreats.eu\/wp-content\/uploads\/2021\/11\/Large-Beef-Ear.jpg\",\"width\":1080,\"height\":1080,\"caption\":\"Rinderohren f\u00fcr Hunde\"},{\"@type\":\"BreadcrumbList\",\"@id\":\"https:\/\/naturaltreats.eu\/de\/product\/grosses-rinderohr\/#breadcrumb\",\"itemListElement\":[{\"@type\":\"ListItem\",\"position\":1,\"name\":\"Home\",\"item\":\"https:\/\/naturaltreats.eu\/de\/startseite\/\"},{\"@type\":\"ListItem\",\"position\":2,\"name\":\"Laden\",\"item\":\"https:\/\/naturaltreats.eu\/de\/laden\/\"},{\"@type\":\"ListItem\",\"position\":3,\"name\":\"Gro\u00dfes Rinderohr\"}]},{\"@type\":\"WebSite\",\"@id\":\"https:\/\/naturaltreats.eu\/de\/#website\",\"url\":\"https:\/\/naturaltreats.eu\/de\/\",\"name\":\"Natural Treats\",\"description\":\"Best Rated Natural Dog Treats In Europe\",\"publisher\":{\"@id\":\"https:\/\/naturaltreats.eu\/de\/#organization\"},\"potentialAction\":[{\"@type\":\"SearchAction\",\"target\":{\"@type\":\"EntryPoint\",\"urlTemplate\":\"https:\/\/naturaltreats.eu\/de\/?s={search_term_string}\"},\"query-input\":{\"@type\":\"PropertyValueSpecification\",\"valueRequired\":true,\"valueName\":\"search_term_string\"}}],\"inLanguage\":\"de\"},{\"@type\":\"Organization\",\"@id\":\"https:\/\/naturaltreats.eu\/de\/#organization\",\"name\":\"Natural Treats\",\"url\":\"https:\/\/naturaltreats.eu\/de\/\",\"logo\":{\"@type\":\"ImageObject\",\"inLanguage\":\"de\",\"@id\":\"https:\/\/naturaltreats.eu\/de\/#\/schema\/logo\/image\/\",\"url\":\"https:\/\/naturaltreats.eu\/wp-content\/uploads\/2020\/08\/social.jpg\",\"contentUrl\":\"https:\/\/naturaltreats.eu\/wp-content\/uploads\/2020\/08\/social.jpg\",\"width\":1000,\"height\":1000,\"caption\":\"Natural Treats\"},\"image\":{\"@id\":\"https:\/\/naturaltreats.eu\/de\/#\/schema\/logo\/image\/\"},\"sameAs\":[\"https:\/\/facebook.com\/naturaltreatseu\",\"https:\/\/instagram.com\/naturaltreatseu\"]}]}<\/script>\n<meta property=\"product:price:amount\" content=\"2.90\" \/>\n<meta property=\"product:price:currency\" content=\"EUR\" \/>\n<meta property=\"og:availability\" content=\"instock\" \/>\n<meta property=\"product:availability\" content=\"instock\" \/>\n<meta property=\"product:condition\" content=\"new\" \/>\n<!-- \/ Yoast SEO Premium plugin. -->","yoast_head_json":{"title":"Gro\u00dfes Rinderohr | Natural Treats","description":"Unsere gro\u00dfen Rinderohren sind ein fantastischer nat\u00fcrlicher Leckerbissen f\u00fcr alle Hunde mit besonders gro\u00dfem Appetit, die gerne auf allem herumkauen, was sie sehen. Sie sind zu 100 % verdaulich und v\u00f6llig nat\u00fcrlich, ohne k\u00fcnstliche Chemikalien oder Konservierungsstoffe.","robots":{"index":"index","follow":"follow","max-snippet":"max-snippet:-1","max-image-preview":"max-image-preview:large","max-video-preview":"max-video-preview:-1"},"canonical":"https:\/\/naturaltreats.eu\/de\/product\/grosses-rinderohr\/","og_locale":"de_DE","og_type":"article","og_title":"Gro\u00dfes Rinderohr","og_description":"Unsere gro\u00dfen Rinderohren sind ein fantastischer nat\u00fcrlicher Leckerbissen f\u00fcr alle Hunde mit besonders gro\u00dfem Appetit, die gerne auf allem herumkauen, was sie sehen. Sie sind zu 100 % verdaulich und v\u00f6llig nat\u00fcrlich, ohne k\u00fcnstliche Chemikalien oder Konservierungsstoffe.","og_url":"https:\/\/naturaltreats.eu\/de\/product\/grosses-rinderohr\/","og_site_name":"Natural Treats","article_publisher":"https:\/\/facebook.com\/naturaltreatseu","article_modified_time":"2024-02-06T13:43:11+00:00","og_image":[{"width":1080,"height":1080,"url":"https:\/\/naturaltreats.eu\/wp-content\/uploads\/2021\/11\/Large-Beef-Ear.jpg","type":"image\/jpeg"}],"twitter_card":"summary_large_image","twitter_misc":{"Preis":"2,90&euro;","Verf\u00fcgbarkeit":"Auf Lager"},"schema":{"@context":"https:\/\/schema.org","@graph":[{"@type":"WebPage","@id":"https:\/\/naturaltreats.eu\/de\/product\/grosses-rinderohr\/","url":"https:\/\/naturaltreats.eu\/de\/product\/grosses-rinderohr\/","name":"Gro\u00dfes Rinderohr | Natural Treats","isPartOf":{"@id":"https:\/\/naturaltreats.eu\/de\/#website"},"primaryImageOfPage":{"@id":"https:\/\/naturaltreats.eu\/de\/product\/grosses-rinderohr\/#primaryimage"},"image":{"@id":"https:\/\/naturaltreats.eu\/de\/product\/grosses-rinderohr\/#primaryimage"},"thumbnailUrl":"https:\/\/naturaltreats.eu\/wp-content\/uploads\/2021\/11\/Large-Beef-Ear.jpg","datePublished":"2021-11-24T14:07:57+00:00","dateModified":"2024-02-06T13:43:11+00:00","description":"Unsere gro\u00dfen Rinderohren sind ein fantastischer nat\u00fcrlicher Leckerbissen f\u00fcr alle Hunde mit besonders gro\u00dfem Appetit, die gerne auf allem herumkauen, was sie sehen. Sie sind zu 100 % verdaulich und v\u00f6llig nat\u00fcrlich, ohne k\u00fcnstliche Chemikalien oder Konservierungsstoffe.","breadcrumb":{"@id":"https:\/\/naturaltreats.eu\/de\/product\/grosses-rinderohr\/#breadcrumb"},"inLanguage":"de","potentialAction":[{"@type":"ReadAction","target":["https:\/\/naturaltreats.eu\/de\/product\/grosses-rinderohr\/"]}]},{"@type":"ImageObject","inLanguage":"de","@id":"https:\/\/naturaltreats.eu\/de\/product\/grosses-rinderohr\/#primaryimage","url":"https:\/\/naturaltreats.eu\/wp-content\/uploads\/2021\/11\/Large-Beef-Ear.jpg","contentUrl":"https:\/\/naturaltreats.eu\/wp-content\/uploads\/2021\/11\/Large-Beef-Ear.jpg","width":1080,"height":1080,"caption":"Rinderohren f\u00fcr Hunde"},{"@type":"BreadcrumbList","@id":"https:\/\/naturaltreats.eu\/de\/product\/grosses-rinderohr\/#breadcrumb","itemListElement":[{"@type":"ListItem","position":1,"name":"Home","item":"https:\/\/naturaltreats.eu\/de\/startseite\/"},{"@type":"ListItem","position":2,"name":"Laden","item":"https:\/\/naturaltreats.eu\/de\/laden\/"},{"@type":"ListItem","position":3,"name":"Gro\u00dfes Rinderohr"}]},{"@type":"WebSite","@id":"https:\/\/naturaltreats.eu\/de\/#website","url":"https:\/\/naturaltreats.eu\/de\/","name":"Natural Treats","description":"Best Rated Natural Dog Treats In Europe","publisher":{"@id":"https:\/\/naturaltreats.eu\/de\/#organization"},"potentialAction":[{"@type":"SearchAction","target":{"@type":"EntryPoint","urlTemplate":"https:\/\/naturaltreats.eu\/de\/?s={search_term_string}"},"query-input":{"@type":"PropertyValueSpecification","valueRequired":true,"valueName":"search_term_string"}}],"inLanguage":"de"},{"@type":"Organization","@id":"https:\/\/naturaltreats.eu\/de\/#organization","name":"Natural Treats","url":"https:\/\/naturaltreats.eu\/de\/","logo":{"@type":"ImageObject","inLanguage":"de","@id":"https:\/\/naturaltreats.eu\/de\/#\/schema\/logo\/image\/","url":"https:\/\/naturaltreats.eu\/wp-content\/uploads\/2020\/08\/social.jpg","contentUrl":"https:\/\/naturaltreats.eu\/wp-content\/uploads\/2020\/08\/social.jpg","width":1000,"height":1000,"caption":"Natural Treats"},"image":{"@id":"https:\/\/naturaltreats.eu\/de\/#\/schema\/logo\/image\/"},"sameAs":["https:\/\/facebook.com\/naturaltreatseu","https:\/\/instagram.com\/naturaltreatseu"]}]},"product_price_amount":"2.90","product_price_currency":"EUR","og_availability":"instock","product_availability":"instock","product_condition":"new"},"_links":{"self":[{"href":"https:\/\/naturaltreats.eu\/de\/wp-json\/wp\/v2\/product\/20546","targetHints":{"allow":["GET"]}}],"collection":[{"href":"https:\/\/naturaltreats.eu\/de\/wp-json\/wp\/v2\/product"}],"about":[{"href":"https:\/\/naturaltreats.eu\/de\/wp-json\/wp\/v2\/types\/product"}],"wp:featuredmedia":[{"embeddable":true,"href":"https:\/\/naturaltreats.eu\/de\/wp-json\/wp\/v2\/media\/20517"}],"wp:attachment":[{"href":"https:\/\/naturaltreats.eu\/de\/wp-json\/wp\/v2\/media?parent=20546"}],"wp:term":[{"taxonomy":"dog-type","embeddable":true,"href":"https:\/\/naturaltreats.eu\/de\/wp-json\/wp\/v2\/dog-type?post=20546"},{"taxonomy":"ingredients","embeddable":true,"href":"https:\/\/naturaltreats.eu\/de\/wp-json\/wp\/v2\/ingredients?post=20546"},{"taxonomy":"product_brand","embeddable":true,"href":"https:\/\/naturaltreats.eu\/de\/wp-json\/wp\/v2\/product_brand?post=20546"},{"taxonomy":"product_cat","embeddable":true,"href":"https:\/\/naturaltreats.eu\/de\/wp-json\/wp\/v2\/product_cat?post=20546"},{"taxonomy":"product_tag","embeddable":true,"href":"https:\/\/naturaltreats.eu\/de\/wp-json\/wp\/v2\/product_tag?post=20546"}],"curies":[{"name":"wp","href":"https:\/\/api.w.org\/{rel}","templated":true}]}}