{"id":38762,"date":"2022-12-12T19:19:34","date_gmt":"2022-12-12T18:20:53","guid":{"rendered":"https:\/\/naturaltreats.eu\/product\/yak-stick\/"},"modified":"2025-02-23T23:31:48","modified_gmt":"2025-02-23T22:31:48","slug":"yak-stick","status":"publish","type":"product","link":"https:\/\/naturaltreats.eu\/de\/product\/yak-stick\/","title":{"rendered":"Yak Stick"},"content":{"rendered":"<p>Ihr Hund wird den Himalaya-Milchriegel geduldig zerkleinern und aufweichen, bevor er kleine St\u00fccke abkauen kann, was zu <strong>stundenlanger freudiger Unterhaltung<\/strong> f\u00fchrt.<\/p>\n<p>Es enth\u00e4lt au\u00dfergew\u00f6hnliche <strong>nahrhafte Eigenschaften<\/strong>, darunter:<\/p>\n<p><strong>CALCIUM<\/strong>: tr\u00e4gt aktiv zum Aufbau von Knochen und Z\u00e4hnen bei.<br \/>\n<strong>POTASSIUM<\/strong>: reguliert das Nervensystem und verhindert M\u00fcdigkeit, Muskelschw\u00e4che und Kr\u00e4mpfe.<br \/>\n<strong>ZINK<\/strong>: beg\u00fcnstigt die Entwicklung\/Wachstum, macht die Haut weich und verbessert Ihr Immunsystem.<br \/>\n<strong>BIOTIN<\/strong>: f\u00f6rdert das Zellwachstum und den Verdauungsstoffwechsel.<br \/>\n<strong>FOLIC ACID<\/strong>: reduziert das Risiko von Herzkrankheiten und Krebs.<br \/>\n<strong>EISEN<\/strong>,<strong> PHOSPHOR<\/strong>,<strong> MAGNESIUM<\/strong>,<strong> MANGAN <\/strong>UND <strong>NATRIUM<\/strong><br \/>\n<strong>VITAMINE<\/strong>:<strong> A<\/strong>, <strong>B1<\/strong>,<strong> C<\/strong>,<strong> D<\/strong>, <strong>E <\/strong>UND <strong>K<\/strong>, erh\u00f6hen die Produktion von roten und wei\u00dfen Blutk\u00f6rperchen und verbessern die Sehkraft.<\/p>\n","protected":false},"excerpt":{"rendered":"<p>Diese aus dem Himalaya stammenden Milchriegel sind der perfekte, langlebige Kausnack f\u00fcr Hunde. <a href=\"https:\/\/naturaltreats.eu\/de\/produkt\/churpi-bar\/\" target=\"_blank\" rel=\"noopener\">Lesen Sie mehr.<\/a><\/p>\n","protected":false},"featured_media":50998,"template":"","meta":{"_acf_changed":false},"dog-type":[],"ingredients":[],"product_brand":[],"product_cat":[234],"product_tag":[],"class_list":{"0":"post-38762","1":"product","2":"type-product","3":"status-publish","4":"has-post-thumbnail","6":"product_cat-himalayan-de","7":"tm-no-options-pxq","9":"first","10":"instock","11":"sale","12":"taxable","13":"shipping-taxable","14":"purchasable","15":"product-type-variable"},"bundled_by":[],"bundle_stock_status":"instock","bundle_stock_quantity":null,"bundle_virtual":false,"bundle_layout":"","bundle_add_to_cart_form_location":"","bundle_editable_in_cart":false,"bundle_sold_individually_context":"","bundle_item_grouping":"","bundle_min_size":"","bundle_max_size":"","bundle_price":[],"bundled_items":[],"bundle_sell_ids":[],"acf":[],"yoast_head":"<!-- This site is optimized with the Yoast SEO Premium plugin v23.5 (Yoast SEO v25.0) - https:\/\/yoast.com\/wordpress\/plugins\/seo\/ -->\n<title>Yak Stick f\u00fcr Hunde | Natural Treats<\/title>\n<meta name=\"description\" content=\"Ihr Hund wird den Himalaya-Milchriegel geduldig zerkleinern und aufweichen, bevor er kleine St\u00fccke abkauen kann, was zu stundenlanger freudiger Unterhaltung f\u00fchrt.\" \/>\n<meta name=\"robots\" content=\"index, follow, max-snippet:-1, max-image-preview:large, max-video-preview:-1\" \/>\n<link rel=\"canonical\" href=\"https:\/\/naturaltreats.eu\/de\/product\/yak-stick\/\" \/>\n<meta property=\"og:locale\" content=\"de_DE\" \/>\n<meta property=\"og:type\" content=\"article\" \/>\n<meta property=\"og:title\" content=\"Yak Stick\" \/>\n<meta property=\"og:description\" content=\"Ihr Hund wird den Himalaya-Milchriegel geduldig zerkleinern und aufweichen, bevor er kleine St\u00fccke abkauen kann, was zu stundenlanger freudiger Unterhaltung f\u00fchrt.\" \/>\n<meta property=\"og:url\" content=\"https:\/\/naturaltreats.eu\/de\/product\/yak-stick\/\" \/>\n<meta property=\"og:site_name\" content=\"Natural Treats\" \/>\n<meta property=\"article:publisher\" content=\"https:\/\/facebook.com\/naturaltreatseu\" \/>\n<meta property=\"article:modified_time\" content=\"2025-02-23T22:31:48+00:00\" \/>\n<meta property=\"og:image\" content=\"https:\/\/naturaltreats.eu\/wp-content\/uploads\/2022\/12\/Yak-sticks-original.jpg\" \/>\n\t<meta property=\"og:image:width\" content=\"1600\" \/>\n\t<meta property=\"og:image:height\" content=\"1600\" \/>\n\t<meta property=\"og:image:type\" content=\"image\/jpeg\" \/>\n<meta name=\"twitter:card\" content=\"summary_large_image\" \/>\n<meta name=\"twitter:label1\" content=\"Verf\u00fcgbarkeit\" \/>\n\t<meta name=\"twitter:data1\" content=\"Auf Lager\" \/>\n<script type=\"application\/ld+json\" class=\"yoast-schema-graph\">{\"@context\":\"https:\/\/schema.org\",\"@graph\":[{\"@type\":\"WebPage\",\"@id\":\"https:\/\/naturaltreats.eu\/de\/product\/yak-stick\/\",\"url\":\"https:\/\/naturaltreats.eu\/de\/product\/yak-stick\/\",\"name\":\"Yak Stick f\u00fcr Hunde | Natural Treats\",\"isPartOf\":{\"@id\":\"https:\/\/naturaltreats.eu\/de\/#website\"},\"primaryImageOfPage\":{\"@id\":\"https:\/\/naturaltreats.eu\/de\/product\/yak-stick\/#primaryimage\"},\"image\":{\"@id\":\"https:\/\/naturaltreats.eu\/de\/product\/yak-stick\/#primaryimage\"},\"thumbnailUrl\":\"https:\/\/naturaltreats.eu\/wp-content\/uploads\/2022\/12\/Yak-sticks-original.jpg\",\"datePublished\":\"2022-12-12T18:20:53+00:00\",\"dateModified\":\"2025-02-23T22:31:48+00:00\",\"description\":\"Ihr Hund wird den Himalaya-Milchriegel geduldig zerkleinern und aufweichen, bevor er kleine St\u00fccke abkauen kann, was zu stundenlanger freudiger Unterhaltung f\u00fchrt.\",\"breadcrumb\":{\"@id\":\"https:\/\/naturaltreats.eu\/de\/product\/yak-stick\/#breadcrumb\"},\"inLanguage\":\"de\",\"potentialAction\":[{\"@type\":\"ReadAction\",\"target\":[\"https:\/\/naturaltreats.eu\/de\/product\/yak-stick\/\"]}]},{\"@type\":\"ImageObject\",\"inLanguage\":\"de\",\"@id\":\"https:\/\/naturaltreats.eu\/de\/product\/yak-stick\/#primaryimage\",\"url\":\"https:\/\/naturaltreats.eu\/wp-content\/uploads\/2022\/12\/Yak-sticks-original.jpg\",\"contentUrl\":\"https:\/\/naturaltreats.eu\/wp-content\/uploads\/2022\/12\/Yak-sticks-original.jpg\",\"width\":1600,\"height\":1600,\"caption\":\"Yak sticks for dogs\"},{\"@type\":\"BreadcrumbList\",\"@id\":\"https:\/\/naturaltreats.eu\/de\/product\/yak-stick\/#breadcrumb\",\"itemListElement\":[{\"@type\":\"ListItem\",\"position\":1,\"name\":\"Home\",\"item\":\"https:\/\/naturaltreats.eu\/de\/startseite\/\"},{\"@type\":\"ListItem\",\"position\":2,\"name\":\"Laden\",\"item\":\"https:\/\/naturaltreats.eu\/de\/laden\/\"},{\"@type\":\"ListItem\",\"position\":3,\"name\":\"Yak Stick\"}]},{\"@type\":\"WebSite\",\"@id\":\"https:\/\/naturaltreats.eu\/de\/#website\",\"url\":\"https:\/\/naturaltreats.eu\/de\/\",\"name\":\"Natural Treats\",\"description\":\"Best Rated Natural Dog Treats In Europe\",\"publisher\":{\"@id\":\"https:\/\/naturaltreats.eu\/de\/#organization\"},\"potentialAction\":[{\"@type\":\"SearchAction\",\"target\":{\"@type\":\"EntryPoint\",\"urlTemplate\":\"https:\/\/naturaltreats.eu\/de\/?s={search_term_string}\"},\"query-input\":{\"@type\":\"PropertyValueSpecification\",\"valueRequired\":true,\"valueName\":\"search_term_string\"}}],\"inLanguage\":\"de\"},{\"@type\":\"Organization\",\"@id\":\"https:\/\/naturaltreats.eu\/de\/#organization\",\"name\":\"Natural Treats\",\"url\":\"https:\/\/naturaltreats.eu\/de\/\",\"logo\":{\"@type\":\"ImageObject\",\"inLanguage\":\"de\",\"@id\":\"https:\/\/naturaltreats.eu\/de\/#\/schema\/logo\/image\/\",\"url\":\"https:\/\/naturaltreats.eu\/wp-content\/uploads\/2020\/08\/social.jpg\",\"contentUrl\":\"https:\/\/naturaltreats.eu\/wp-content\/uploads\/2020\/08\/social.jpg\",\"width\":1000,\"height\":1000,\"caption\":\"Natural Treats\"},\"image\":{\"@id\":\"https:\/\/naturaltreats.eu\/de\/#\/schema\/logo\/image\/\"},\"sameAs\":[\"https:\/\/facebook.com\/naturaltreatseu\",\"https:\/\/instagram.com\/naturaltreatseu\"]}]}<\/script>\n<meta property=\"og:availability\" content=\"instock\" \/>\n<meta property=\"product:availability\" content=\"instock\" \/>\n<meta property=\"product:condition\" content=\"new\" \/>\n<!-- \/ Yoast SEO Premium plugin. -->","yoast_head_json":{"title":"Yak Stick f\u00fcr Hunde | Natural Treats","description":"Ihr Hund wird den Himalaya-Milchriegel geduldig zerkleinern und aufweichen, bevor er kleine St\u00fccke abkauen kann, was zu stundenlanger freudiger Unterhaltung f\u00fchrt.","robots":{"index":"index","follow":"follow","max-snippet":"max-snippet:-1","max-image-preview":"max-image-preview:large","max-video-preview":"max-video-preview:-1"},"canonical":"https:\/\/naturaltreats.eu\/de\/product\/yak-stick\/","og_locale":"de_DE","og_type":"article","og_title":"Yak Stick","og_description":"Ihr Hund wird den Himalaya-Milchriegel geduldig zerkleinern und aufweichen, bevor er kleine St\u00fccke abkauen kann, was zu stundenlanger freudiger Unterhaltung f\u00fchrt.","og_url":"https:\/\/naturaltreats.eu\/de\/product\/yak-stick\/","og_site_name":"Natural Treats","article_publisher":"https:\/\/facebook.com\/naturaltreatseu","article_modified_time":"2025-02-23T22:31:48+00:00","og_image":[{"width":1600,"height":1600,"url":"https:\/\/naturaltreats.eu\/wp-content\/uploads\/2022\/12\/Yak-sticks-original.jpg","type":"image\/jpeg"}],"twitter_card":"summary_large_image","twitter_misc":{"Verf\u00fcgbarkeit":"Auf Lager"},"schema":{"@context":"https:\/\/schema.org","@graph":[{"@type":"WebPage","@id":"https:\/\/naturaltreats.eu\/de\/product\/yak-stick\/","url":"https:\/\/naturaltreats.eu\/de\/product\/yak-stick\/","name":"Yak Stick f\u00fcr Hunde | Natural Treats","isPartOf":{"@id":"https:\/\/naturaltreats.eu\/de\/#website"},"primaryImageOfPage":{"@id":"https:\/\/naturaltreats.eu\/de\/product\/yak-stick\/#primaryimage"},"image":{"@id":"https:\/\/naturaltreats.eu\/de\/product\/yak-stick\/#primaryimage"},"thumbnailUrl":"https:\/\/naturaltreats.eu\/wp-content\/uploads\/2022\/12\/Yak-sticks-original.jpg","datePublished":"2022-12-12T18:20:53+00:00","dateModified":"2025-02-23T22:31:48+00:00","description":"Ihr Hund wird den Himalaya-Milchriegel geduldig zerkleinern und aufweichen, bevor er kleine St\u00fccke abkauen kann, was zu stundenlanger freudiger Unterhaltung f\u00fchrt.","breadcrumb":{"@id":"https:\/\/naturaltreats.eu\/de\/product\/yak-stick\/#breadcrumb"},"inLanguage":"de","potentialAction":[{"@type":"ReadAction","target":["https:\/\/naturaltreats.eu\/de\/product\/yak-stick\/"]}]},{"@type":"ImageObject","inLanguage":"de","@id":"https:\/\/naturaltreats.eu\/de\/product\/yak-stick\/#primaryimage","url":"https:\/\/naturaltreats.eu\/wp-content\/uploads\/2022\/12\/Yak-sticks-original.jpg","contentUrl":"https:\/\/naturaltreats.eu\/wp-content\/uploads\/2022\/12\/Yak-sticks-original.jpg","width":1600,"height":1600,"caption":"Yak sticks for dogs"},{"@type":"BreadcrumbList","@id":"https:\/\/naturaltreats.eu\/de\/product\/yak-stick\/#breadcrumb","itemListElement":[{"@type":"ListItem","position":1,"name":"Home","item":"https:\/\/naturaltreats.eu\/de\/startseite\/"},{"@type":"ListItem","position":2,"name":"Laden","item":"https:\/\/naturaltreats.eu\/de\/laden\/"},{"@type":"ListItem","position":3,"name":"Yak Stick"}]},{"@type":"WebSite","@id":"https:\/\/naturaltreats.eu\/de\/#website","url":"https:\/\/naturaltreats.eu\/de\/","name":"Natural Treats","description":"Best Rated Natural Dog Treats In Europe","publisher":{"@id":"https:\/\/naturaltreats.eu\/de\/#organization"},"potentialAction":[{"@type":"SearchAction","target":{"@type":"EntryPoint","urlTemplate":"https:\/\/naturaltreats.eu\/de\/?s={search_term_string}"},"query-input":{"@type":"PropertyValueSpecification","valueRequired":true,"valueName":"search_term_string"}}],"inLanguage":"de"},{"@type":"Organization","@id":"https:\/\/naturaltreats.eu\/de\/#organization","name":"Natural Treats","url":"https:\/\/naturaltreats.eu\/de\/","logo":{"@type":"ImageObject","inLanguage":"de","@id":"https:\/\/naturaltreats.eu\/de\/#\/schema\/logo\/image\/","url":"https:\/\/naturaltreats.eu\/wp-content\/uploads\/2020\/08\/social.jpg","contentUrl":"https:\/\/naturaltreats.eu\/wp-content\/uploads\/2020\/08\/social.jpg","width":1000,"height":1000,"caption":"Natural Treats"},"image":{"@id":"https:\/\/naturaltreats.eu\/de\/#\/schema\/logo\/image\/"},"sameAs":["https:\/\/facebook.com\/naturaltreatseu","https:\/\/instagram.com\/naturaltreatseu"]}]},"og_availability":"instock","product_availability":"instock","product_condition":"new"},"_links":{"self":[{"href":"https:\/\/naturaltreats.eu\/de\/wp-json\/wp\/v2\/product\/38762","targetHints":{"allow":["GET"]}}],"collection":[{"href":"https:\/\/naturaltreats.eu\/de\/wp-json\/wp\/v2\/product"}],"about":[{"href":"https:\/\/naturaltreats.eu\/de\/wp-json\/wp\/v2\/types\/product"}],"wp:featuredmedia":[{"embeddable":true,"href":"https:\/\/naturaltreats.eu\/de\/wp-json\/wp\/v2\/media\/50998"}],"wp:attachment":[{"href":"https:\/\/naturaltreats.eu\/de\/wp-json\/wp\/v2\/media?parent=38762"}],"wp:term":[{"taxonomy":"dog-type","embeddable":true,"href":"https:\/\/naturaltreats.eu\/de\/wp-json\/wp\/v2\/dog-type?post=38762"},{"taxonomy":"ingredients","embeddable":true,"href":"https:\/\/naturaltreats.eu\/de\/wp-json\/wp\/v2\/ingredients?post=38762"},{"taxonomy":"product_brand","embeddable":true,"href":"https:\/\/naturaltreats.eu\/de\/wp-json\/wp\/v2\/product_brand?post=38762"},{"taxonomy":"product_cat","embeddable":true,"href":"https:\/\/naturaltreats.eu\/de\/wp-json\/wp\/v2\/product_cat?post=38762"},{"taxonomy":"product_tag","embeddable":true,"href":"https:\/\/naturaltreats.eu\/de\/wp-json\/wp\/v2\/product_tag?post=38762"}],"curies":[{"name":"wp","href":"https:\/\/api.w.org\/{rel}","templated":true}]}}