{"id":3954,"date":"2020-12-29T14:47:53","date_gmt":"2020-12-29T13:47:53","guid":{"rendered":"https:\/\/naturaltreats.eu\/product\/gepuffte-huhnerfuse\/"},"modified":"2024-06-29T14:10:31","modified_gmt":"2024-06-29T12:10:31","slug":"gepuffte-huehnerfuesse","status":"publish","type":"product","link":"https:\/\/naturaltreats.eu\/de\/product\/gepuffte-huehnerfuesse\/","title":{"rendered":"Gepuffte H\u00fchnerf\u00fc\u00dfe"},"content":{"rendered":"<p>Nat\u00fcrlich und nach den geltenden EG-Normen hergestellt.<\/p>\n<p class=\"p1\">H\u00fchnerf\u00fc\u00dfe sind von Natur aus reich an Glucosamin und Chondroitin, die beide daf\u00fcr bekannt sind, die Gelenkgesundheit und Mobilit\u00e4t von Hunden zu unterst\u00fctzen.<\/p>\n<p class=\"p1\">Rohe oder dehydrierte (getrocknete) H\u00fchnerknochen gelten beide als sicher. Im Gegensatz zu gekochten H\u00fchnerknochen ist ihre Textur eher weich und br\u00fcchig. Beim Kauen werden sie zerkleinert, brechen aber nicht in spitze Gegenst\u00e4nde. Sie sind f\u00fcr Hunde voll verdaulich.<\/p>\n","protected":false},"excerpt":{"rendered":"<p><i class=\"fas fa-circle\"><\/i><i class=\"fas fa-circle\"><\/i><i class=\"far fa-circle\"><\/i>  | 18g | 1 St\u00fcck<\/p>\n","protected":false},"featured_media":47000,"template":"","meta":{"_acf_changed":false},"dog-type":[],"ingredients":[],"product_brand":[],"product_cat":[115],"product_tag":[],"class_list":{"0":"post-3954","1":"product","2":"type-product","3":"status-publish","4":"has-post-thumbnail","6":"product_cat-snacks-de","7":"tm-has-options","9":"first","10":"instock","11":"taxable","12":"shipping-taxable","13":"purchasable","14":"product-type-simple"},"bundled_by":[],"bundle_stock_status":"instock","bundle_stock_quantity":null,"bundle_virtual":false,"bundle_layout":"","bundle_add_to_cart_form_location":"","bundle_editable_in_cart":false,"bundle_sold_individually_context":"","bundle_item_grouping":"","bundle_min_size":"","bundle_max_size":"","bundle_price":[],"bundled_items":[],"bundle_sell_ids":[],"acf":[],"yoast_head":"<!-- This site is optimized with the Yoast SEO Premium plugin v23.5 (Yoast SEO v25.0) - https:\/\/yoast.com\/wordpress\/plugins\/seo\/ -->\n<title>Gepuffte H\u00fchnerf\u00fc\u00dfe | Natural Treats<\/title>\n<meta name=\"description\" content=\"H\u00fchnerf\u00fc\u00dfe sind von Natur aus reich an Glucosamin und Chondroitin, die beide daf\u00fcr bekannt sind, die Gelenkgesundheit und Mobilit\u00e4t von Hunden zu unterst\u00fctzen.\" \/>\n<meta name=\"robots\" content=\"index, follow, max-snippet:-1, max-image-preview:large, max-video-preview:-1\" \/>\n<link rel=\"canonical\" href=\"https:\/\/naturaltreats.eu\/de\/product\/gepuffte-huehnerfuesse\/\" \/>\n<meta property=\"og:locale\" content=\"de_DE\" \/>\n<meta property=\"og:type\" content=\"article\" \/>\n<meta property=\"og:title\" content=\"Gepuffte H\u00fchnerf\u00fc\u00dfe\" \/>\n<meta property=\"og:description\" content=\"H\u00fchnerf\u00fc\u00dfe sind von Natur aus reich an Glucosamin und Chondroitin, die beide daf\u00fcr bekannt sind, die Gelenkgesundheit und Mobilit\u00e4t von Hunden zu unterst\u00fctzen.\" \/>\n<meta property=\"og:url\" content=\"https:\/\/naturaltreats.eu\/de\/product\/gepuffte-huehnerfuesse\/\" \/>\n<meta property=\"og:site_name\" content=\"Natural Treats\" \/>\n<meta property=\"article:publisher\" content=\"https:\/\/facebook.com\/naturaltreatseu\" \/>\n<meta property=\"article:modified_time\" content=\"2024-06-29T12:10:31+00:00\" \/>\n<meta property=\"og:image\" content=\"https:\/\/naturaltreats.eu\/wp-content\/uploads\/2020\/10\/puffed.jpg\" \/>\n\t<meta property=\"og:image:width\" content=\"1280\" \/>\n\t<meta property=\"og:image:height\" content=\"1280\" \/>\n\t<meta property=\"og:image:type\" content=\"image\/jpeg\" \/>\n<meta name=\"twitter:card\" content=\"summary_large_image\" \/>\n<meta name=\"twitter:label1\" content=\"Preis\" \/>\n\t<meta name=\"twitter:data1\" content=\"1,10&euro;\" \/>\n\t<meta name=\"twitter:label2\" content=\"Verf\u00fcgbarkeit\" \/>\n\t<meta name=\"twitter:data2\" content=\"Auf Lager\" \/>\n<script type=\"application\/ld+json\" class=\"yoast-schema-graph\">{\"@context\":\"https:\/\/schema.org\",\"@graph\":[{\"@type\":\"WebPage\",\"@id\":\"https:\/\/naturaltreats.eu\/de\/product\/gepuffte-huehnerfuesse\/\",\"url\":\"https:\/\/naturaltreats.eu\/de\/product\/gepuffte-huehnerfuesse\/\",\"name\":\"Gepuffte H\u00fchnerf\u00fc\u00dfe | Natural Treats\",\"isPartOf\":{\"@id\":\"https:\/\/naturaltreats.eu\/de\/#website\"},\"primaryImageOfPage\":{\"@id\":\"https:\/\/naturaltreats.eu\/de\/product\/gepuffte-huehnerfuesse\/#primaryimage\"},\"image\":{\"@id\":\"https:\/\/naturaltreats.eu\/de\/product\/gepuffte-huehnerfuesse\/#primaryimage\"},\"thumbnailUrl\":\"https:\/\/naturaltreats.eu\/wp-content\/uploads\/2020\/10\/puffed.jpg\",\"datePublished\":\"2020-12-29T13:47:53+00:00\",\"dateModified\":\"2024-06-29T12:10:31+00:00\",\"description\":\"H\u00fchnerf\u00fc\u00dfe sind von Natur aus reich an Glucosamin und Chondroitin, die beide daf\u00fcr bekannt sind, die Gelenkgesundheit und Mobilit\u00e4t von Hunden zu unterst\u00fctzen.\",\"breadcrumb\":{\"@id\":\"https:\/\/naturaltreats.eu\/de\/product\/gepuffte-huehnerfuesse\/#breadcrumb\"},\"inLanguage\":\"de\",\"potentialAction\":[{\"@type\":\"ReadAction\",\"target\":[\"https:\/\/naturaltreats.eu\/de\/product\/gepuffte-huehnerfuesse\/\"]}]},{\"@type\":\"ImageObject\",\"inLanguage\":\"de\",\"@id\":\"https:\/\/naturaltreats.eu\/de\/product\/gepuffte-huehnerfuesse\/#primaryimage\",\"url\":\"https:\/\/naturaltreats.eu\/wp-content\/uploads\/2020\/10\/puffed.jpg\",\"contentUrl\":\"https:\/\/naturaltreats.eu\/wp-content\/uploads\/2020\/10\/puffed.jpg\",\"width\":1280,\"height\":1280,\"caption\":\"H\u00fchnerf\u00fc\u00dfe\"},{\"@type\":\"BreadcrumbList\",\"@id\":\"https:\/\/naturaltreats.eu\/de\/product\/gepuffte-huehnerfuesse\/#breadcrumb\",\"itemListElement\":[{\"@type\":\"ListItem\",\"position\":1,\"name\":\"Home\",\"item\":\"https:\/\/naturaltreats.eu\/de\/startseite\/\"},{\"@type\":\"ListItem\",\"position\":2,\"name\":\"Laden\",\"item\":\"https:\/\/naturaltreats.eu\/de\/laden\/\"},{\"@type\":\"ListItem\",\"position\":3,\"name\":\"Gepuffte H\u00fchnerf\u00fc\u00dfe\"}]},{\"@type\":\"WebSite\",\"@id\":\"https:\/\/naturaltreats.eu\/de\/#website\",\"url\":\"https:\/\/naturaltreats.eu\/de\/\",\"name\":\"Natural Treats\",\"description\":\"Best Rated Natural Dog Treats In Europe\",\"publisher\":{\"@id\":\"https:\/\/naturaltreats.eu\/de\/#organization\"},\"potentialAction\":[{\"@type\":\"SearchAction\",\"target\":{\"@type\":\"EntryPoint\",\"urlTemplate\":\"https:\/\/naturaltreats.eu\/de\/?s={search_term_string}\"},\"query-input\":{\"@type\":\"PropertyValueSpecification\",\"valueRequired\":true,\"valueName\":\"search_term_string\"}}],\"inLanguage\":\"de\"},{\"@type\":\"Organization\",\"@id\":\"https:\/\/naturaltreats.eu\/de\/#organization\",\"name\":\"Natural Treats\",\"url\":\"https:\/\/naturaltreats.eu\/de\/\",\"logo\":{\"@type\":\"ImageObject\",\"inLanguage\":\"de\",\"@id\":\"https:\/\/naturaltreats.eu\/de\/#\/schema\/logo\/image\/\",\"url\":\"https:\/\/naturaltreats.eu\/wp-content\/uploads\/2020\/08\/social.jpg\",\"contentUrl\":\"https:\/\/naturaltreats.eu\/wp-content\/uploads\/2020\/08\/social.jpg\",\"width\":1000,\"height\":1000,\"caption\":\"Natural Treats\"},\"image\":{\"@id\":\"https:\/\/naturaltreats.eu\/de\/#\/schema\/logo\/image\/\"},\"sameAs\":[\"https:\/\/facebook.com\/naturaltreatseu\",\"https:\/\/instagram.com\/naturaltreatseu\"]}]}<\/script>\n<meta property=\"product:price:amount\" content=\"1.10\" \/>\n<meta property=\"product:price:currency\" content=\"EUR\" \/>\n<meta property=\"og:availability\" content=\"instock\" \/>\n<meta property=\"product:availability\" content=\"instock\" \/>\n<meta property=\"product:condition\" content=\"new\" \/>\n<!-- \/ Yoast SEO Premium plugin. -->","yoast_head_json":{"title":"Gepuffte H\u00fchnerf\u00fc\u00dfe | Natural Treats","description":"H\u00fchnerf\u00fc\u00dfe sind von Natur aus reich an Glucosamin und Chondroitin, die beide daf\u00fcr bekannt sind, die Gelenkgesundheit und Mobilit\u00e4t von Hunden zu unterst\u00fctzen.","robots":{"index":"index","follow":"follow","max-snippet":"max-snippet:-1","max-image-preview":"max-image-preview:large","max-video-preview":"max-video-preview:-1"},"canonical":"https:\/\/naturaltreats.eu\/de\/product\/gepuffte-huehnerfuesse\/","og_locale":"de_DE","og_type":"article","og_title":"Gepuffte H\u00fchnerf\u00fc\u00dfe","og_description":"H\u00fchnerf\u00fc\u00dfe sind von Natur aus reich an Glucosamin und Chondroitin, die beide daf\u00fcr bekannt sind, die Gelenkgesundheit und Mobilit\u00e4t von Hunden zu unterst\u00fctzen.","og_url":"https:\/\/naturaltreats.eu\/de\/product\/gepuffte-huehnerfuesse\/","og_site_name":"Natural Treats","article_publisher":"https:\/\/facebook.com\/naturaltreatseu","article_modified_time":"2024-06-29T12:10:31+00:00","og_image":[{"width":1280,"height":1280,"url":"https:\/\/naturaltreats.eu\/wp-content\/uploads\/2020\/10\/puffed.jpg","type":"image\/jpeg"}],"twitter_card":"summary_large_image","twitter_misc":{"Preis":"1,10&euro;","Verf\u00fcgbarkeit":"Auf Lager"},"schema":{"@context":"https:\/\/schema.org","@graph":[{"@type":"WebPage","@id":"https:\/\/naturaltreats.eu\/de\/product\/gepuffte-huehnerfuesse\/","url":"https:\/\/naturaltreats.eu\/de\/product\/gepuffte-huehnerfuesse\/","name":"Gepuffte H\u00fchnerf\u00fc\u00dfe | Natural Treats","isPartOf":{"@id":"https:\/\/naturaltreats.eu\/de\/#website"},"primaryImageOfPage":{"@id":"https:\/\/naturaltreats.eu\/de\/product\/gepuffte-huehnerfuesse\/#primaryimage"},"image":{"@id":"https:\/\/naturaltreats.eu\/de\/product\/gepuffte-huehnerfuesse\/#primaryimage"},"thumbnailUrl":"https:\/\/naturaltreats.eu\/wp-content\/uploads\/2020\/10\/puffed.jpg","datePublished":"2020-12-29T13:47:53+00:00","dateModified":"2024-06-29T12:10:31+00:00","description":"H\u00fchnerf\u00fc\u00dfe sind von Natur aus reich an Glucosamin und Chondroitin, die beide daf\u00fcr bekannt sind, die Gelenkgesundheit und Mobilit\u00e4t von Hunden zu unterst\u00fctzen.","breadcrumb":{"@id":"https:\/\/naturaltreats.eu\/de\/product\/gepuffte-huehnerfuesse\/#breadcrumb"},"inLanguage":"de","potentialAction":[{"@type":"ReadAction","target":["https:\/\/naturaltreats.eu\/de\/product\/gepuffte-huehnerfuesse\/"]}]},{"@type":"ImageObject","inLanguage":"de","@id":"https:\/\/naturaltreats.eu\/de\/product\/gepuffte-huehnerfuesse\/#primaryimage","url":"https:\/\/naturaltreats.eu\/wp-content\/uploads\/2020\/10\/puffed.jpg","contentUrl":"https:\/\/naturaltreats.eu\/wp-content\/uploads\/2020\/10\/puffed.jpg","width":1280,"height":1280,"caption":"H\u00fchnerf\u00fc\u00dfe"},{"@type":"BreadcrumbList","@id":"https:\/\/naturaltreats.eu\/de\/product\/gepuffte-huehnerfuesse\/#breadcrumb","itemListElement":[{"@type":"ListItem","position":1,"name":"Home","item":"https:\/\/naturaltreats.eu\/de\/startseite\/"},{"@type":"ListItem","position":2,"name":"Laden","item":"https:\/\/naturaltreats.eu\/de\/laden\/"},{"@type":"ListItem","position":3,"name":"Gepuffte H\u00fchnerf\u00fc\u00dfe"}]},{"@type":"WebSite","@id":"https:\/\/naturaltreats.eu\/de\/#website","url":"https:\/\/naturaltreats.eu\/de\/","name":"Natural Treats","description":"Best Rated Natural Dog Treats In Europe","publisher":{"@id":"https:\/\/naturaltreats.eu\/de\/#organization"},"potentialAction":[{"@type":"SearchAction","target":{"@type":"EntryPoint","urlTemplate":"https:\/\/naturaltreats.eu\/de\/?s={search_term_string}"},"query-input":{"@type":"PropertyValueSpecification","valueRequired":true,"valueName":"search_term_string"}}],"inLanguage":"de"},{"@type":"Organization","@id":"https:\/\/naturaltreats.eu\/de\/#organization","name":"Natural Treats","url":"https:\/\/naturaltreats.eu\/de\/","logo":{"@type":"ImageObject","inLanguage":"de","@id":"https:\/\/naturaltreats.eu\/de\/#\/schema\/logo\/image\/","url":"https:\/\/naturaltreats.eu\/wp-content\/uploads\/2020\/08\/social.jpg","contentUrl":"https:\/\/naturaltreats.eu\/wp-content\/uploads\/2020\/08\/social.jpg","width":1000,"height":1000,"caption":"Natural Treats"},"image":{"@id":"https:\/\/naturaltreats.eu\/de\/#\/schema\/logo\/image\/"},"sameAs":["https:\/\/facebook.com\/naturaltreatseu","https:\/\/instagram.com\/naturaltreatseu"]}]},"product_price_amount":"1.10","product_price_currency":"EUR","og_availability":"instock","product_availability":"instock","product_condition":"new"},"_links":{"self":[{"href":"https:\/\/naturaltreats.eu\/de\/wp-json\/wp\/v2\/product\/3954","targetHints":{"allow":["GET"]}}],"collection":[{"href":"https:\/\/naturaltreats.eu\/de\/wp-json\/wp\/v2\/product"}],"about":[{"href":"https:\/\/naturaltreats.eu\/de\/wp-json\/wp\/v2\/types\/product"}],"wp:featuredmedia":[{"embeddable":true,"href":"https:\/\/naturaltreats.eu\/de\/wp-json\/wp\/v2\/media\/47000"}],"wp:attachment":[{"href":"https:\/\/naturaltreats.eu\/de\/wp-json\/wp\/v2\/media?parent=3954"}],"wp:term":[{"taxonomy":"dog-type","embeddable":true,"href":"https:\/\/naturaltreats.eu\/de\/wp-json\/wp\/v2\/dog-type?post=3954"},{"taxonomy":"ingredients","embeddable":true,"href":"https:\/\/naturaltreats.eu\/de\/wp-json\/wp\/v2\/ingredients?post=3954"},{"taxonomy":"product_brand","embeddable":true,"href":"https:\/\/naturaltreats.eu\/de\/wp-json\/wp\/v2\/product_brand?post=3954"},{"taxonomy":"product_cat","embeddable":true,"href":"https:\/\/naturaltreats.eu\/de\/wp-json\/wp\/v2\/product_cat?post=3954"},{"taxonomy":"product_tag","embeddable":true,"href":"https:\/\/naturaltreats.eu\/de\/wp-json\/wp\/v2\/product_tag?post=3954"}],"curies":[{"name":"wp","href":"https:\/\/api.w.org\/{rel}","templated":true}]}}