{"id":3959,"date":"2020-12-29T14:54:58","date_gmt":"2020-12-29T13:54:58","guid":{"rendered":"https:\/\/naturaltreats.eu\/product\/kanninchenohren-mit-fell\/"},"modified":"2024-06-29T14:10:31","modified_gmt":"2024-06-29T12:10:31","slug":"kaninchenohr-mit-haaren","status":"publish","type":"product","link":"https:\/\/naturaltreats.eu\/de\/product\/kaninchenohr-mit-haaren\/","title":{"rendered":"Kaninchenohr mit Haaren"},"content":{"rendered":"<p>Da Pelz unverdaulich ist, b\u00fcrstet er sich im Grunde durch den Verdauungstrakt und hilft dabei,<strong> Speisereste zu beseitigen<\/strong>, die sich mit der Zeit ansammeln k\u00f6nnen. Diese Ansammlung von Speiseresten kann ein tr\u00e4ges Verdauungssystem verursachen, was mit der Zeit zu Beschwerden f\u00fchren kann.<\/p>\n","protected":false},"excerpt":{"rendered":"<p><i class=\"fas fa-circle\"><\/i><i class=\"far fa-circle\"><\/i><i class=\"far fa-circle\"><\/i>  | 10g | 1 St\u00fcck<\/p>\n","protected":false},"featured_media":3844,"template":"","meta":{"_acf_changed":false},"dog-type":[],"ingredients":[],"product_brand":[],"product_cat":[115],"product_tag":[],"class_list":{"0":"post-3959","1":"product","2":"type-product","3":"status-publish","4":"has-post-thumbnail","6":"product_cat-snacks-de","7":"tm-has-options","9":"first","10":"outofstock","11":"taxable","12":"shipping-taxable","13":"purchasable","14":"product-type-simple"},"bundled_by":[],"bundle_stock_status":"outofstock","bundle_stock_quantity":null,"bundle_virtual":false,"bundle_layout":"","bundle_add_to_cart_form_location":"","bundle_editable_in_cart":false,"bundle_sold_individually_context":"","bundle_item_grouping":"","bundle_min_size":"","bundle_max_size":"","bundle_price":[],"bundled_items":[],"bundle_sell_ids":[],"acf":[],"yoast_head":"<!-- This site is optimized with the Yoast SEO Premium plugin v23.5 (Yoast SEO v25.0) - https:\/\/yoast.com\/wordpress\/plugins\/seo\/ -->\n<title>Kaninchenohr mit Haaren | Natural Treats<\/title>\n<meta name=\"description\" content=\"Da Pelz unverdaulich ist, b\u00fcrstet er sich im Grunde durch den Verdauungstrakt und hilft dabei, Speisereste zu beseitigen, die sich mit der Zeit ansammeln k\u00f6nnen. Diese Ansammlung von Speiseresten kann ein tr\u00e4ges Verdauungssystem verursachen, was mit der Zeit zu Beschwerden f\u00fchren kann.\" \/>\n<meta name=\"robots\" content=\"index, follow, max-snippet:-1, max-image-preview:large, max-video-preview:-1\" \/>\n<link rel=\"canonical\" href=\"https:\/\/naturaltreats.eu\/de\/product\/kaninchenohr-mit-haaren\/\" \/>\n<meta property=\"og:locale\" content=\"de_DE\" \/>\n<meta property=\"og:type\" content=\"article\" \/>\n<meta property=\"og:title\" content=\"Kaninchenohr mit Haaren\" \/>\n<meta property=\"og:description\" content=\"Da Pelz unverdaulich ist, b\u00fcrstet er sich im Grunde durch den Verdauungstrakt und hilft dabei, Speisereste zu beseitigen, die sich mit der Zeit ansammeln k\u00f6nnen. Diese Ansammlung von Speiseresten kann ein tr\u00e4ges Verdauungssystem verursachen, was mit der Zeit zu Beschwerden f\u00fchren kann.\" \/>\n<meta property=\"og:url\" content=\"https:\/\/naturaltreats.eu\/de\/product\/kaninchenohr-mit-haaren\/\" \/>\n<meta property=\"og:site_name\" content=\"Natural Treats\" \/>\n<meta property=\"article:publisher\" content=\"https:\/\/facebook.com\/naturaltreatseu\" \/>\n<meta property=\"article:modified_time\" content=\"2024-06-29T12:10:31+00:00\" \/>\n<meta property=\"og:image\" content=\"https:\/\/naturaltreats.eu\/wp-content\/uploads\/2020\/12\/Rabbit-Ears-with-Fur.jpg\" \/>\n\t<meta property=\"og:image:width\" content=\"1080\" \/>\n\t<meta property=\"og:image:height\" content=\"1080\" \/>\n\t<meta property=\"og:image:type\" content=\"image\/jpeg\" \/>\n<meta name=\"twitter:card\" content=\"summary_large_image\" \/>\n<meta name=\"twitter:label1\" content=\"Preis\" \/>\n\t<meta name=\"twitter:data1\" content=\"1,00&euro;\" \/>\n\t<meta name=\"twitter:label2\" content=\"Verf\u00fcgbarkeit\" \/>\n\t<meta name=\"twitter:data2\" content=\"ausverkauft\" \/>\n<script type=\"application\/ld+json\" class=\"yoast-schema-graph\">{\"@context\":\"https:\/\/schema.org\",\"@graph\":[{\"@type\":\"WebPage\",\"@id\":\"https:\/\/naturaltreats.eu\/de\/product\/kaninchenohr-mit-haaren\/\",\"url\":\"https:\/\/naturaltreats.eu\/de\/product\/kaninchenohr-mit-haaren\/\",\"name\":\"Kaninchenohr mit Haaren | Natural Treats\",\"isPartOf\":{\"@id\":\"https:\/\/naturaltreats.eu\/de\/#website\"},\"primaryImageOfPage\":{\"@id\":\"https:\/\/naturaltreats.eu\/de\/product\/kaninchenohr-mit-haaren\/#primaryimage\"},\"image\":{\"@id\":\"https:\/\/naturaltreats.eu\/de\/product\/kaninchenohr-mit-haaren\/#primaryimage\"},\"thumbnailUrl\":\"https:\/\/naturaltreats.eu\/wp-content\/uploads\/2020\/12\/Rabbit-Ears-with-Fur.jpg\",\"datePublished\":\"2020-12-29T13:54:58+00:00\",\"dateModified\":\"2024-06-29T12:10:31+00:00\",\"description\":\"Da Pelz unverdaulich ist, b\u00fcrstet er sich im Grunde durch den Verdauungstrakt und hilft dabei, Speisereste zu beseitigen, die sich mit der Zeit ansammeln k\u00f6nnen. Diese Ansammlung von Speiseresten kann ein tr\u00e4ges Verdauungssystem verursachen, was mit der Zeit zu Beschwerden f\u00fchren kann.\",\"breadcrumb\":{\"@id\":\"https:\/\/naturaltreats.eu\/de\/product\/kaninchenohr-mit-haaren\/#breadcrumb\"},\"inLanguage\":\"de\",\"potentialAction\":[{\"@type\":\"ReadAction\",\"target\":[\"https:\/\/naturaltreats.eu\/de\/product\/kaninchenohr-mit-haaren\/\"]}]},{\"@type\":\"ImageObject\",\"inLanguage\":\"de\",\"@id\":\"https:\/\/naturaltreats.eu\/de\/product\/kaninchenohr-mit-haaren\/#primaryimage\",\"url\":\"https:\/\/naturaltreats.eu\/wp-content\/uploads\/2020\/12\/Rabbit-Ears-with-Fur.jpg\",\"contentUrl\":\"https:\/\/naturaltreats.eu\/wp-content\/uploads\/2020\/12\/Rabbit-Ears-with-Fur.jpg\",\"width\":1080,\"height\":1080,\"caption\":\"Kaninchenohren mit Fell f\u00fcr Hunde\"},{\"@type\":\"BreadcrumbList\",\"@id\":\"https:\/\/naturaltreats.eu\/de\/product\/kaninchenohr-mit-haaren\/#breadcrumb\",\"itemListElement\":[{\"@type\":\"ListItem\",\"position\":1,\"name\":\"Home\",\"item\":\"https:\/\/naturaltreats.eu\/de\/startseite\/\"},{\"@type\":\"ListItem\",\"position\":2,\"name\":\"Laden\",\"item\":\"https:\/\/naturaltreats.eu\/de\/laden\/\"},{\"@type\":\"ListItem\",\"position\":3,\"name\":\"Kaninchenohr mit Haaren\"}]},{\"@type\":\"WebSite\",\"@id\":\"https:\/\/naturaltreats.eu\/de\/#website\",\"url\":\"https:\/\/naturaltreats.eu\/de\/\",\"name\":\"Natural Treats\",\"description\":\"Best Rated Natural Dog Treats In Europe\",\"publisher\":{\"@id\":\"https:\/\/naturaltreats.eu\/de\/#organization\"},\"potentialAction\":[{\"@type\":\"SearchAction\",\"target\":{\"@type\":\"EntryPoint\",\"urlTemplate\":\"https:\/\/naturaltreats.eu\/de\/?s={search_term_string}\"},\"query-input\":{\"@type\":\"PropertyValueSpecification\",\"valueRequired\":true,\"valueName\":\"search_term_string\"}}],\"inLanguage\":\"de\"},{\"@type\":\"Organization\",\"@id\":\"https:\/\/naturaltreats.eu\/de\/#organization\",\"name\":\"Natural Treats\",\"url\":\"https:\/\/naturaltreats.eu\/de\/\",\"logo\":{\"@type\":\"ImageObject\",\"inLanguage\":\"de\",\"@id\":\"https:\/\/naturaltreats.eu\/de\/#\/schema\/logo\/image\/\",\"url\":\"https:\/\/naturaltreats.eu\/wp-content\/uploads\/2020\/08\/social.jpg\",\"contentUrl\":\"https:\/\/naturaltreats.eu\/wp-content\/uploads\/2020\/08\/social.jpg\",\"width\":1000,\"height\":1000,\"caption\":\"Natural Treats\"},\"image\":{\"@id\":\"https:\/\/naturaltreats.eu\/de\/#\/schema\/logo\/image\/\"},\"sameAs\":[\"https:\/\/facebook.com\/naturaltreatseu\",\"https:\/\/instagram.com\/naturaltreatseu\"]}]}<\/script>\n<meta property=\"product:price:amount\" content=\"1.00\" \/>\n<meta property=\"product:price:currency\" content=\"EUR\" \/>\n<meta property=\"og:availability\" content=\"out of stock\" \/>\n<meta property=\"product:availability\" content=\"out of stock\" \/>\n<meta property=\"product:condition\" content=\"new\" \/>\n<!-- \/ Yoast SEO Premium plugin. -->","yoast_head_json":{"title":"Kaninchenohr mit Haaren | Natural Treats","description":"Da Pelz unverdaulich ist, b\u00fcrstet er sich im Grunde durch den Verdauungstrakt und hilft dabei, Speisereste zu beseitigen, die sich mit der Zeit ansammeln k\u00f6nnen. Diese Ansammlung von Speiseresten kann ein tr\u00e4ges Verdauungssystem verursachen, was mit der Zeit zu Beschwerden f\u00fchren kann.","robots":{"index":"index","follow":"follow","max-snippet":"max-snippet:-1","max-image-preview":"max-image-preview:large","max-video-preview":"max-video-preview:-1"},"canonical":"https:\/\/naturaltreats.eu\/de\/product\/kaninchenohr-mit-haaren\/","og_locale":"de_DE","og_type":"article","og_title":"Kaninchenohr mit Haaren","og_description":"Da Pelz unverdaulich ist, b\u00fcrstet er sich im Grunde durch den Verdauungstrakt und hilft dabei, Speisereste zu beseitigen, die sich mit der Zeit ansammeln k\u00f6nnen. Diese Ansammlung von Speiseresten kann ein tr\u00e4ges Verdauungssystem verursachen, was mit der Zeit zu Beschwerden f\u00fchren kann.","og_url":"https:\/\/naturaltreats.eu\/de\/product\/kaninchenohr-mit-haaren\/","og_site_name":"Natural Treats","article_publisher":"https:\/\/facebook.com\/naturaltreatseu","article_modified_time":"2024-06-29T12:10:31+00:00","og_image":[{"width":1080,"height":1080,"url":"https:\/\/naturaltreats.eu\/wp-content\/uploads\/2020\/12\/Rabbit-Ears-with-Fur.jpg","type":"image\/jpeg"}],"twitter_card":"summary_large_image","twitter_misc":{"Preis":"1,00&euro;","Verf\u00fcgbarkeit":"ausverkauft"},"schema":{"@context":"https:\/\/schema.org","@graph":[{"@type":"WebPage","@id":"https:\/\/naturaltreats.eu\/de\/product\/kaninchenohr-mit-haaren\/","url":"https:\/\/naturaltreats.eu\/de\/product\/kaninchenohr-mit-haaren\/","name":"Kaninchenohr mit Haaren | Natural Treats","isPartOf":{"@id":"https:\/\/naturaltreats.eu\/de\/#website"},"primaryImageOfPage":{"@id":"https:\/\/naturaltreats.eu\/de\/product\/kaninchenohr-mit-haaren\/#primaryimage"},"image":{"@id":"https:\/\/naturaltreats.eu\/de\/product\/kaninchenohr-mit-haaren\/#primaryimage"},"thumbnailUrl":"https:\/\/naturaltreats.eu\/wp-content\/uploads\/2020\/12\/Rabbit-Ears-with-Fur.jpg","datePublished":"2020-12-29T13:54:58+00:00","dateModified":"2024-06-29T12:10:31+00:00","description":"Da Pelz unverdaulich ist, b\u00fcrstet er sich im Grunde durch den Verdauungstrakt und hilft dabei, Speisereste zu beseitigen, die sich mit der Zeit ansammeln k\u00f6nnen. Diese Ansammlung von Speiseresten kann ein tr\u00e4ges Verdauungssystem verursachen, was mit der Zeit zu Beschwerden f\u00fchren kann.","breadcrumb":{"@id":"https:\/\/naturaltreats.eu\/de\/product\/kaninchenohr-mit-haaren\/#breadcrumb"},"inLanguage":"de","potentialAction":[{"@type":"ReadAction","target":["https:\/\/naturaltreats.eu\/de\/product\/kaninchenohr-mit-haaren\/"]}]},{"@type":"ImageObject","inLanguage":"de","@id":"https:\/\/naturaltreats.eu\/de\/product\/kaninchenohr-mit-haaren\/#primaryimage","url":"https:\/\/naturaltreats.eu\/wp-content\/uploads\/2020\/12\/Rabbit-Ears-with-Fur.jpg","contentUrl":"https:\/\/naturaltreats.eu\/wp-content\/uploads\/2020\/12\/Rabbit-Ears-with-Fur.jpg","width":1080,"height":1080,"caption":"Kaninchenohren mit Fell f\u00fcr Hunde"},{"@type":"BreadcrumbList","@id":"https:\/\/naturaltreats.eu\/de\/product\/kaninchenohr-mit-haaren\/#breadcrumb","itemListElement":[{"@type":"ListItem","position":1,"name":"Home","item":"https:\/\/naturaltreats.eu\/de\/startseite\/"},{"@type":"ListItem","position":2,"name":"Laden","item":"https:\/\/naturaltreats.eu\/de\/laden\/"},{"@type":"ListItem","position":3,"name":"Kaninchenohr mit Haaren"}]},{"@type":"WebSite","@id":"https:\/\/naturaltreats.eu\/de\/#website","url":"https:\/\/naturaltreats.eu\/de\/","name":"Natural Treats","description":"Best Rated Natural Dog Treats In Europe","publisher":{"@id":"https:\/\/naturaltreats.eu\/de\/#organization"},"potentialAction":[{"@type":"SearchAction","target":{"@type":"EntryPoint","urlTemplate":"https:\/\/naturaltreats.eu\/de\/?s={search_term_string}"},"query-input":{"@type":"PropertyValueSpecification","valueRequired":true,"valueName":"search_term_string"}}],"inLanguage":"de"},{"@type":"Organization","@id":"https:\/\/naturaltreats.eu\/de\/#organization","name":"Natural Treats","url":"https:\/\/naturaltreats.eu\/de\/","logo":{"@type":"ImageObject","inLanguage":"de","@id":"https:\/\/naturaltreats.eu\/de\/#\/schema\/logo\/image\/","url":"https:\/\/naturaltreats.eu\/wp-content\/uploads\/2020\/08\/social.jpg","contentUrl":"https:\/\/naturaltreats.eu\/wp-content\/uploads\/2020\/08\/social.jpg","width":1000,"height":1000,"caption":"Natural Treats"},"image":{"@id":"https:\/\/naturaltreats.eu\/de\/#\/schema\/logo\/image\/"},"sameAs":["https:\/\/facebook.com\/naturaltreatseu","https:\/\/instagram.com\/naturaltreatseu"]}]},"product_price_amount":"1.00","product_price_currency":"EUR","og_availability":"out of stock","product_availability":"out of stock","product_condition":"new"},"_links":{"self":[{"href":"https:\/\/naturaltreats.eu\/de\/wp-json\/wp\/v2\/product\/3959","targetHints":{"allow":["GET"]}}],"collection":[{"href":"https:\/\/naturaltreats.eu\/de\/wp-json\/wp\/v2\/product"}],"about":[{"href":"https:\/\/naturaltreats.eu\/de\/wp-json\/wp\/v2\/types\/product"}],"wp:featuredmedia":[{"embeddable":true,"href":"https:\/\/naturaltreats.eu\/de\/wp-json\/wp\/v2\/media\/3844"}],"wp:attachment":[{"href":"https:\/\/naturaltreats.eu\/de\/wp-json\/wp\/v2\/media?parent=3959"}],"wp:term":[{"taxonomy":"dog-type","embeddable":true,"href":"https:\/\/naturaltreats.eu\/de\/wp-json\/wp\/v2\/dog-type?post=3959"},{"taxonomy":"ingredients","embeddable":true,"href":"https:\/\/naturaltreats.eu\/de\/wp-json\/wp\/v2\/ingredients?post=3959"},{"taxonomy":"product_brand","embeddable":true,"href":"https:\/\/naturaltreats.eu\/de\/wp-json\/wp\/v2\/product_brand?post=3959"},{"taxonomy":"product_cat","embeddable":true,"href":"https:\/\/naturaltreats.eu\/de\/wp-json\/wp\/v2\/product_cat?post=3959"},{"taxonomy":"product_tag","embeddable":true,"href":"https:\/\/naturaltreats.eu\/de\/wp-json\/wp\/v2\/product_tag?post=3959"}],"curies":[{"name":"wp","href":"https:\/\/api.w.org\/{rel}","templated":true}]}}