{"id":3962,"date":"2020-12-29T14:58:47","date_gmt":"2020-12-29T13:58:47","guid":{"rendered":"https:\/\/naturaltreats.eu\/product\/grosse-schweineohre\/"},"modified":"2024-02-06T14:47:01","modified_gmt":"2024-02-06T13:47:01","slug":"premium-schweineohr","status":"publish","type":"product","link":"https:\/\/naturaltreats.eu\/de\/product\/premium-schweineohr\/","title":{"rendered":"Premium-Schweineohr"},"content":{"rendered":"<p>Diese Schweineohren der Klasse A sind ein klassischer Favorit f\u00fcr alle Hunderassen.<\/p>\n<p>Schweineohren sind zu einem der beliebtesten Hundeleckerlis auf dem Markt geworden. Viele handels\u00fcbliche Marken k\u00f6nnen die Ohren jedoch mit Zucker und Zusatzstoffen \u00fcberziehen, die nicht nat\u00fcrlich sind und den Magen Ihres Hundes verderben k\u00f6nnen.<\/p>\n<p>Unsere 100 % nat\u00fcrlichen Schweineohren enthalten keine Zusatzstoffe und sind mit der h\u00f6chsten Tierschutzklasse eingestuft, was sie als monatliche Belohnung sicher und gesund macht.<\/p>\n","protected":false},"excerpt":{"rendered":"<p><i class=\"fas fa-circle\"><\/i><i class=\"fas fa-circle\"><\/i><i class=\"fas fa-circle\"><\/i> | 50g | 1 St\u00fcck<\/p>\n","protected":false},"featured_media":3856,"template":"","meta":{"_acf_changed":false},"dog-type":[],"ingredients":[],"product_brand":[],"product_cat":[115],"product_tag":[],"class_list":{"0":"post-3962","1":"product","2":"type-product","3":"status-publish","4":"has-post-thumbnail","6":"product_cat-snacks-de","7":"tm-has-options","9":"first","10":"instock","11":"taxable","12":"shipping-taxable","13":"purchasable","14":"product-type-simple"},"bundled_by":[],"bundle_stock_status":"instock","bundle_stock_quantity":null,"bundle_virtual":false,"bundle_layout":"","bundle_add_to_cart_form_location":"","bundle_editable_in_cart":false,"bundle_sold_individually_context":"","bundle_item_grouping":"","bundle_min_size":"","bundle_max_size":"","bundle_price":[],"bundled_items":[],"bundle_sell_ids":[],"acf":[],"yoast_head":"<!-- This site is optimized with the Yoast SEO Premium plugin v23.5 (Yoast SEO v25.0) - https:\/\/yoast.com\/wordpress\/plugins\/seo\/ -->\n<title>Premium-Schweineohr | Natural Treats<\/title>\n<meta name=\"description\" content=\"Schweineohren sind zu einem der beliebtesten Hundeleckerlis auf dem Markt geworden. Viele handels\u00fcbliche Marken k\u00f6nnen die Ohren jedoch mit Zucker und Zusatzstoffen \u00fcberziehen, die nicht nat\u00fcrlich sind und den Magen Ihres Hundes verderben k\u00f6nnen.\" \/>\n<meta name=\"robots\" content=\"index, follow, max-snippet:-1, max-image-preview:large, max-video-preview:-1\" \/>\n<link rel=\"canonical\" href=\"https:\/\/naturaltreats.eu\/de\/product\/premium-schweineohr\/\" \/>\n<meta property=\"og:locale\" content=\"de_DE\" \/>\n<meta property=\"og:type\" content=\"article\" \/>\n<meta property=\"og:title\" content=\"Premium-Schweineohr\" \/>\n<meta property=\"og:description\" content=\"Schweineohren sind zu einem der beliebtesten Hundeleckerlis auf dem Markt geworden. Viele handels\u00fcbliche Marken k\u00f6nnen die Ohren jedoch mit Zucker und Zusatzstoffen \u00fcberziehen, die nicht nat\u00fcrlich sind und den Magen Ihres Hundes verderben k\u00f6nnen.\" \/>\n<meta property=\"og:url\" content=\"https:\/\/naturaltreats.eu\/de\/product\/premium-schweineohr\/\" \/>\n<meta property=\"og:site_name\" content=\"Natural Treats\" \/>\n<meta property=\"article:publisher\" content=\"https:\/\/facebook.com\/naturaltreatseu\" \/>\n<meta property=\"article:modified_time\" content=\"2024-02-06T13:47:01+00:00\" \/>\n<meta property=\"og:image\" content=\"https:\/\/naturaltreats.eu\/wp-content\/uploads\/2020\/12\/Pig-Ear.jpg\" \/>\n\t<meta property=\"og:image:width\" content=\"1080\" \/>\n\t<meta property=\"og:image:height\" content=\"1080\" \/>\n\t<meta property=\"og:image:type\" content=\"image\/jpeg\" \/>\n<meta name=\"twitter:card\" content=\"summary_large_image\" \/>\n<meta name=\"twitter:label1\" content=\"Preis\" \/>\n\t<meta name=\"twitter:data1\" content=\"2,70&euro;\" \/>\n\t<meta name=\"twitter:label2\" content=\"Verf\u00fcgbarkeit\" \/>\n\t<meta name=\"twitter:data2\" content=\"Auf Lager\" \/>\n<script type=\"application\/ld+json\" class=\"yoast-schema-graph\">{\"@context\":\"https:\/\/schema.org\",\"@graph\":[{\"@type\":\"WebPage\",\"@id\":\"https:\/\/naturaltreats.eu\/de\/product\/premium-schweineohr\/\",\"url\":\"https:\/\/naturaltreats.eu\/de\/product\/premium-schweineohr\/\",\"name\":\"Premium-Schweineohr | Natural Treats\",\"isPartOf\":{\"@id\":\"https:\/\/naturaltreats.eu\/de\/#website\"},\"primaryImageOfPage\":{\"@id\":\"https:\/\/naturaltreats.eu\/de\/product\/premium-schweineohr\/#primaryimage\"},\"image\":{\"@id\":\"https:\/\/naturaltreats.eu\/de\/product\/premium-schweineohr\/#primaryimage\"},\"thumbnailUrl\":\"https:\/\/naturaltreats.eu\/wp-content\/uploads\/2020\/12\/Pig-Ear.jpg\",\"datePublished\":\"2020-12-29T13:58:47+00:00\",\"dateModified\":\"2024-02-06T13:47:01+00:00\",\"description\":\"Schweineohren sind zu einem der beliebtesten Hundeleckerlis auf dem Markt geworden. Viele handels\u00fcbliche Marken k\u00f6nnen die Ohren jedoch mit Zucker und Zusatzstoffen \u00fcberziehen, die nicht nat\u00fcrlich sind und den Magen Ihres Hundes verderben k\u00f6nnen.\",\"breadcrumb\":{\"@id\":\"https:\/\/naturaltreats.eu\/de\/product\/premium-schweineohr\/#breadcrumb\"},\"inLanguage\":\"de\",\"potentialAction\":[{\"@type\":\"ReadAction\",\"target\":[\"https:\/\/naturaltreats.eu\/de\/product\/premium-schweineohr\/\"]}]},{\"@type\":\"ImageObject\",\"inLanguage\":\"de\",\"@id\":\"https:\/\/naturaltreats.eu\/de\/product\/premium-schweineohr\/#primaryimage\",\"url\":\"https:\/\/naturaltreats.eu\/wp-content\/uploads\/2020\/12\/Pig-Ear.jpg\",\"contentUrl\":\"https:\/\/naturaltreats.eu\/wp-content\/uploads\/2020\/12\/Pig-Ear.jpg\",\"width\":1080,\"height\":1080,\"caption\":\"Schweineohren f\u00fcr Hunde\"},{\"@type\":\"BreadcrumbList\",\"@id\":\"https:\/\/naturaltreats.eu\/de\/product\/premium-schweineohr\/#breadcrumb\",\"itemListElement\":[{\"@type\":\"ListItem\",\"position\":1,\"name\":\"Home\",\"item\":\"https:\/\/naturaltreats.eu\/de\/startseite\/\"},{\"@type\":\"ListItem\",\"position\":2,\"name\":\"Laden\",\"item\":\"https:\/\/naturaltreats.eu\/de\/laden\/\"},{\"@type\":\"ListItem\",\"position\":3,\"name\":\"Premium-Schweineohr\"}]},{\"@type\":\"WebSite\",\"@id\":\"https:\/\/naturaltreats.eu\/de\/#website\",\"url\":\"https:\/\/naturaltreats.eu\/de\/\",\"name\":\"Natural Treats\",\"description\":\"Best Rated Natural Dog Treats In Europe\",\"publisher\":{\"@id\":\"https:\/\/naturaltreats.eu\/de\/#organization\"},\"potentialAction\":[{\"@type\":\"SearchAction\",\"target\":{\"@type\":\"EntryPoint\",\"urlTemplate\":\"https:\/\/naturaltreats.eu\/de\/?s={search_term_string}\"},\"query-input\":{\"@type\":\"PropertyValueSpecification\",\"valueRequired\":true,\"valueName\":\"search_term_string\"}}],\"inLanguage\":\"de\"},{\"@type\":\"Organization\",\"@id\":\"https:\/\/naturaltreats.eu\/de\/#organization\",\"name\":\"Natural Treats\",\"url\":\"https:\/\/naturaltreats.eu\/de\/\",\"logo\":{\"@type\":\"ImageObject\",\"inLanguage\":\"de\",\"@id\":\"https:\/\/naturaltreats.eu\/de\/#\/schema\/logo\/image\/\",\"url\":\"https:\/\/naturaltreats.eu\/wp-content\/uploads\/2020\/08\/social.jpg\",\"contentUrl\":\"https:\/\/naturaltreats.eu\/wp-content\/uploads\/2020\/08\/social.jpg\",\"width\":1000,\"height\":1000,\"caption\":\"Natural Treats\"},\"image\":{\"@id\":\"https:\/\/naturaltreats.eu\/de\/#\/schema\/logo\/image\/\"},\"sameAs\":[\"https:\/\/facebook.com\/naturaltreatseu\",\"https:\/\/instagram.com\/naturaltreatseu\"]}]}<\/script>\n<meta property=\"product:price:amount\" content=\"2.70\" \/>\n<meta property=\"product:price:currency\" content=\"EUR\" \/>\n<meta property=\"og:availability\" content=\"instock\" \/>\n<meta property=\"product:availability\" content=\"instock\" \/>\n<meta property=\"product:condition\" content=\"new\" \/>\n<!-- \/ Yoast SEO Premium plugin. -->","yoast_head_json":{"title":"Premium-Schweineohr | Natural Treats","description":"Schweineohren sind zu einem der beliebtesten Hundeleckerlis auf dem Markt geworden. Viele handels\u00fcbliche Marken k\u00f6nnen die Ohren jedoch mit Zucker und Zusatzstoffen \u00fcberziehen, die nicht nat\u00fcrlich sind und den Magen Ihres Hundes verderben k\u00f6nnen.","robots":{"index":"index","follow":"follow","max-snippet":"max-snippet:-1","max-image-preview":"max-image-preview:large","max-video-preview":"max-video-preview:-1"},"canonical":"https:\/\/naturaltreats.eu\/de\/product\/premium-schweineohr\/","og_locale":"de_DE","og_type":"article","og_title":"Premium-Schweineohr","og_description":"Schweineohren sind zu einem der beliebtesten Hundeleckerlis auf dem Markt geworden. Viele handels\u00fcbliche Marken k\u00f6nnen die Ohren jedoch mit Zucker und Zusatzstoffen \u00fcberziehen, die nicht nat\u00fcrlich sind und den Magen Ihres Hundes verderben k\u00f6nnen.","og_url":"https:\/\/naturaltreats.eu\/de\/product\/premium-schweineohr\/","og_site_name":"Natural Treats","article_publisher":"https:\/\/facebook.com\/naturaltreatseu","article_modified_time":"2024-02-06T13:47:01+00:00","og_image":[{"width":1080,"height":1080,"url":"https:\/\/naturaltreats.eu\/wp-content\/uploads\/2020\/12\/Pig-Ear.jpg","type":"image\/jpeg"}],"twitter_card":"summary_large_image","twitter_misc":{"Preis":"2,70&euro;","Verf\u00fcgbarkeit":"Auf Lager"},"schema":{"@context":"https:\/\/schema.org","@graph":[{"@type":"WebPage","@id":"https:\/\/naturaltreats.eu\/de\/product\/premium-schweineohr\/","url":"https:\/\/naturaltreats.eu\/de\/product\/premium-schweineohr\/","name":"Premium-Schweineohr | Natural Treats","isPartOf":{"@id":"https:\/\/naturaltreats.eu\/de\/#website"},"primaryImageOfPage":{"@id":"https:\/\/naturaltreats.eu\/de\/product\/premium-schweineohr\/#primaryimage"},"image":{"@id":"https:\/\/naturaltreats.eu\/de\/product\/premium-schweineohr\/#primaryimage"},"thumbnailUrl":"https:\/\/naturaltreats.eu\/wp-content\/uploads\/2020\/12\/Pig-Ear.jpg","datePublished":"2020-12-29T13:58:47+00:00","dateModified":"2024-02-06T13:47:01+00:00","description":"Schweineohren sind zu einem der beliebtesten Hundeleckerlis auf dem Markt geworden. Viele handels\u00fcbliche Marken k\u00f6nnen die Ohren jedoch mit Zucker und Zusatzstoffen \u00fcberziehen, die nicht nat\u00fcrlich sind und den Magen Ihres Hundes verderben k\u00f6nnen.","breadcrumb":{"@id":"https:\/\/naturaltreats.eu\/de\/product\/premium-schweineohr\/#breadcrumb"},"inLanguage":"de","potentialAction":[{"@type":"ReadAction","target":["https:\/\/naturaltreats.eu\/de\/product\/premium-schweineohr\/"]}]},{"@type":"ImageObject","inLanguage":"de","@id":"https:\/\/naturaltreats.eu\/de\/product\/premium-schweineohr\/#primaryimage","url":"https:\/\/naturaltreats.eu\/wp-content\/uploads\/2020\/12\/Pig-Ear.jpg","contentUrl":"https:\/\/naturaltreats.eu\/wp-content\/uploads\/2020\/12\/Pig-Ear.jpg","width":1080,"height":1080,"caption":"Schweineohren f\u00fcr Hunde"},{"@type":"BreadcrumbList","@id":"https:\/\/naturaltreats.eu\/de\/product\/premium-schweineohr\/#breadcrumb","itemListElement":[{"@type":"ListItem","position":1,"name":"Home","item":"https:\/\/naturaltreats.eu\/de\/startseite\/"},{"@type":"ListItem","position":2,"name":"Laden","item":"https:\/\/naturaltreats.eu\/de\/laden\/"},{"@type":"ListItem","position":3,"name":"Premium-Schweineohr"}]},{"@type":"WebSite","@id":"https:\/\/naturaltreats.eu\/de\/#website","url":"https:\/\/naturaltreats.eu\/de\/","name":"Natural Treats","description":"Best Rated Natural Dog Treats In Europe","publisher":{"@id":"https:\/\/naturaltreats.eu\/de\/#organization"},"potentialAction":[{"@type":"SearchAction","target":{"@type":"EntryPoint","urlTemplate":"https:\/\/naturaltreats.eu\/de\/?s={search_term_string}"},"query-input":{"@type":"PropertyValueSpecification","valueRequired":true,"valueName":"search_term_string"}}],"inLanguage":"de"},{"@type":"Organization","@id":"https:\/\/naturaltreats.eu\/de\/#organization","name":"Natural Treats","url":"https:\/\/naturaltreats.eu\/de\/","logo":{"@type":"ImageObject","inLanguage":"de","@id":"https:\/\/naturaltreats.eu\/de\/#\/schema\/logo\/image\/","url":"https:\/\/naturaltreats.eu\/wp-content\/uploads\/2020\/08\/social.jpg","contentUrl":"https:\/\/naturaltreats.eu\/wp-content\/uploads\/2020\/08\/social.jpg","width":1000,"height":1000,"caption":"Natural Treats"},"image":{"@id":"https:\/\/naturaltreats.eu\/de\/#\/schema\/logo\/image\/"},"sameAs":["https:\/\/facebook.com\/naturaltreatseu","https:\/\/instagram.com\/naturaltreatseu"]}]},"product_price_amount":"2.70","product_price_currency":"EUR","og_availability":"instock","product_availability":"instock","product_condition":"new"},"_links":{"self":[{"href":"https:\/\/naturaltreats.eu\/de\/wp-json\/wp\/v2\/product\/3962","targetHints":{"allow":["GET"]}}],"collection":[{"href":"https:\/\/naturaltreats.eu\/de\/wp-json\/wp\/v2\/product"}],"about":[{"href":"https:\/\/naturaltreats.eu\/de\/wp-json\/wp\/v2\/types\/product"}],"wp:featuredmedia":[{"embeddable":true,"href":"https:\/\/naturaltreats.eu\/de\/wp-json\/wp\/v2\/media\/3856"}],"wp:attachment":[{"href":"https:\/\/naturaltreats.eu\/de\/wp-json\/wp\/v2\/media?parent=3962"}],"wp:term":[{"taxonomy":"dog-type","embeddable":true,"href":"https:\/\/naturaltreats.eu\/de\/wp-json\/wp\/v2\/dog-type?post=3962"},{"taxonomy":"ingredients","embeddable":true,"href":"https:\/\/naturaltreats.eu\/de\/wp-json\/wp\/v2\/ingredients?post=3962"},{"taxonomy":"product_brand","embeddable":true,"href":"https:\/\/naturaltreats.eu\/de\/wp-json\/wp\/v2\/product_brand?post=3962"},{"taxonomy":"product_cat","embeddable":true,"href":"https:\/\/naturaltreats.eu\/de\/wp-json\/wp\/v2\/product_cat?post=3962"},{"taxonomy":"product_tag","embeddable":true,"href":"https:\/\/naturaltreats.eu\/de\/wp-json\/wp\/v2\/product_tag?post=3962"}],"curies":[{"name":"wp","href":"https:\/\/api.w.org\/{rel}","templated":true}]}}