{"id":40321,"date":"2023-01-19T10:23:46","date_gmt":"2023-01-19T09:34:55","guid":{"rendered":"https:\/\/naturaltreats.eu\/product\/entenhaelse\/"},"modified":"2024-06-29T14:08:15","modified_gmt":"2024-06-29T12:08:15","slug":"entenhaelse","status":"publish","type":"product","link":"https:\/\/naturaltreats.eu\/de\/product\/entenhaelse\/","title":{"rendered":"Ente Hals"},"content":{"rendered":"<p>Entenh\u00e4lse sind ein nat\u00fcrlicher und gesunder Leckerbissen f\u00fcr Hunde, der eine Reihe von ern\u00e4hrungsphysiologischen Vorteilen bietet. Sie sind reich an Mineralien wie Kalzium, Phosphor und Magnesium, die dazu beitragen, dass die Knochen stark und gesund bleiben. Entenh\u00e4lse enthalten auch essenzielle Fetts\u00e4uren, die zur Verbesserung der allgemeinen Gesundheit von Fell, Haut und N\u00e4geln Ihres Hundes beitragen k\u00f6nnen. Au\u00dferdem enthalten sie viel Eiwei\u00df, das zum Aufbau von Muskelmasse beitr\u00e4gt und aktive Hunde mit Energie versorgt. Schlie\u00dflich sind Entenh\u00e4lse fettarm, was sie zu einer guten Wahl f\u00fcr \u00fcbergewichtige oder fettleibige Hunde macht.<\/p>\n","protected":false},"excerpt":{"rendered":"<p><i class=\"fas fa-circle\"><\/i><i class=\"fas fa-circle\"><\/i><i class=\"far fa-circle\"><\/i> | 35g | 1 St\u00fcck<\/p>\n","protected":false},"featured_media":40326,"template":"","meta":{"_acf_changed":false},"dog-type":[],"ingredients":[],"product_brand":[],"product_cat":[81],"product_tag":[],"class_list":{"0":"post-40321","1":"product","2":"type-product","3":"status-publish","4":"has-post-thumbnail","6":"product_cat-uncategorised-de","7":"tm-has-options","9":"first","10":"instock","11":"taxable","12":"shipping-taxable","13":"purchasable","14":"product-type-simple"},"bundled_by":[],"bundle_stock_status":"instock","bundle_stock_quantity":null,"bundle_virtual":false,"bundle_layout":"","bundle_add_to_cart_form_location":"","bundle_editable_in_cart":false,"bundle_sold_individually_context":"","bundle_item_grouping":"","bundle_min_size":"","bundle_max_size":"","bundle_price":[],"bundled_items":[],"bundle_sell_ids":[],"acf":[],"yoast_head":"<!-- This site is optimized with the Yoast SEO Premium plugin v23.5 (Yoast SEO v25.0) - https:\/\/yoast.com\/wordpress\/plugins\/seo\/ -->\n<title>Ente Hals | Natural Treats<\/title>\n<meta name=\"description\" content=\"Entenh\u00e4lse sind ein nat\u00fcrlicher und gesunder Leckerbissen f\u00fcr Hunde, der eine Reihe von ern\u00e4hrungsphysiologischen Vorteilen bietet. Sie sind reich an Mineralien wie Kalzium.\" \/>\n<meta name=\"robots\" content=\"index, follow, max-snippet:-1, max-image-preview:large, max-video-preview:-1\" \/>\n<link rel=\"canonical\" href=\"https:\/\/naturaltreats.eu\/de\/product\/entenhaelse\/\" \/>\n<meta property=\"og:locale\" content=\"de_DE\" \/>\n<meta property=\"og:type\" content=\"article\" \/>\n<meta property=\"og:title\" content=\"Ente Hals\" \/>\n<meta property=\"og:description\" content=\"Entenh\u00e4lse sind ein nat\u00fcrlicher und gesunder Leckerbissen f\u00fcr Hunde, der eine Reihe von ern\u00e4hrungsphysiologischen Vorteilen bietet. Sie sind reich an Mineralien wie Kalzium.\" \/>\n<meta property=\"og:url\" content=\"https:\/\/naturaltreats.eu\/de\/product\/entenhaelse\/\" \/>\n<meta property=\"og:site_name\" content=\"Natural Treats\" \/>\n<meta property=\"article:publisher\" content=\"https:\/\/facebook.com\/naturaltreatseu\" \/>\n<meta property=\"article:modified_time\" content=\"2024-06-29T12:08:15+00:00\" \/>\n<meta property=\"og:image\" content=\"https:\/\/naturaltreats.eu\/wp-content\/uploads\/2023\/01\/Duck-Neck-1.jpg\" \/>\n\t<meta property=\"og:image:width\" content=\"1080\" \/>\n\t<meta property=\"og:image:height\" content=\"1080\" \/>\n\t<meta property=\"og:image:type\" content=\"image\/jpeg\" \/>\n<meta name=\"twitter:card\" content=\"summary_large_image\" \/>\n<meta name=\"twitter:label1\" content=\"Preis\" \/>\n\t<meta name=\"twitter:data1\" content=\"2,10&euro;\" \/>\n\t<meta name=\"twitter:label2\" content=\"Verf\u00fcgbarkeit\" \/>\n\t<meta name=\"twitter:data2\" content=\"Auf Lager\" \/>\n<script type=\"application\/ld+json\" class=\"yoast-schema-graph\">{\"@context\":\"https:\/\/schema.org\",\"@graph\":[{\"@type\":\"WebPage\",\"@id\":\"https:\/\/naturaltreats.eu\/de\/product\/entenhaelse\/\",\"url\":\"https:\/\/naturaltreats.eu\/de\/product\/entenhaelse\/\",\"name\":\"Ente Hals | Natural Treats\",\"isPartOf\":{\"@id\":\"https:\/\/naturaltreats.eu\/de\/#website\"},\"primaryImageOfPage\":{\"@id\":\"https:\/\/naturaltreats.eu\/de\/product\/entenhaelse\/#primaryimage\"},\"image\":{\"@id\":\"https:\/\/naturaltreats.eu\/de\/product\/entenhaelse\/#primaryimage\"},\"thumbnailUrl\":\"https:\/\/naturaltreats.eu\/wp-content\/uploads\/2023\/01\/Duck-Neck-1.jpg\",\"datePublished\":\"2023-01-19T09:34:55+00:00\",\"dateModified\":\"2024-06-29T12:08:15+00:00\",\"description\":\"Entenh\u00e4lse sind ein nat\u00fcrlicher und gesunder Leckerbissen f\u00fcr Hunde, der eine Reihe von ern\u00e4hrungsphysiologischen Vorteilen bietet. Sie sind reich an Mineralien wie Kalzium.\",\"breadcrumb\":{\"@id\":\"https:\/\/naturaltreats.eu\/de\/product\/entenhaelse\/#breadcrumb\"},\"inLanguage\":\"de\",\"potentialAction\":[{\"@type\":\"ReadAction\",\"target\":[\"https:\/\/naturaltreats.eu\/de\/product\/entenhaelse\/\"]}]},{\"@type\":\"ImageObject\",\"inLanguage\":\"de\",\"@id\":\"https:\/\/naturaltreats.eu\/de\/product\/entenhaelse\/#primaryimage\",\"url\":\"https:\/\/naturaltreats.eu\/wp-content\/uploads\/2023\/01\/Duck-Neck-1.jpg\",\"contentUrl\":\"https:\/\/naturaltreats.eu\/wp-content\/uploads\/2023\/01\/Duck-Neck-1.jpg\",\"width\":1080,\"height\":1080,\"caption\":\"Duck neck for dogs\"},{\"@type\":\"BreadcrumbList\",\"@id\":\"https:\/\/naturaltreats.eu\/de\/product\/entenhaelse\/#breadcrumb\",\"itemListElement\":[{\"@type\":\"ListItem\",\"position\":1,\"name\":\"Home\",\"item\":\"https:\/\/naturaltreats.eu\/de\/startseite\/\"},{\"@type\":\"ListItem\",\"position\":2,\"name\":\"Laden\",\"item\":\"https:\/\/naturaltreats.eu\/de\/laden\/\"},{\"@type\":\"ListItem\",\"position\":3,\"name\":\"Ente Hals\"}]},{\"@type\":\"WebSite\",\"@id\":\"https:\/\/naturaltreats.eu\/de\/#website\",\"url\":\"https:\/\/naturaltreats.eu\/de\/\",\"name\":\"Natural Treats\",\"description\":\"Best Rated Natural Dog Treats In Europe\",\"publisher\":{\"@id\":\"https:\/\/naturaltreats.eu\/de\/#organization\"},\"potentialAction\":[{\"@type\":\"SearchAction\",\"target\":{\"@type\":\"EntryPoint\",\"urlTemplate\":\"https:\/\/naturaltreats.eu\/de\/?s={search_term_string}\"},\"query-input\":{\"@type\":\"PropertyValueSpecification\",\"valueRequired\":true,\"valueName\":\"search_term_string\"}}],\"inLanguage\":\"de\"},{\"@type\":\"Organization\",\"@id\":\"https:\/\/naturaltreats.eu\/de\/#organization\",\"name\":\"Natural Treats\",\"url\":\"https:\/\/naturaltreats.eu\/de\/\",\"logo\":{\"@type\":\"ImageObject\",\"inLanguage\":\"de\",\"@id\":\"https:\/\/naturaltreats.eu\/de\/#\/schema\/logo\/image\/\",\"url\":\"https:\/\/naturaltreats.eu\/wp-content\/uploads\/2020\/08\/social.jpg\",\"contentUrl\":\"https:\/\/naturaltreats.eu\/wp-content\/uploads\/2020\/08\/social.jpg\",\"width\":1000,\"height\":1000,\"caption\":\"Natural Treats\"},\"image\":{\"@id\":\"https:\/\/naturaltreats.eu\/de\/#\/schema\/logo\/image\/\"},\"sameAs\":[\"https:\/\/facebook.com\/naturaltreatseu\",\"https:\/\/instagram.com\/naturaltreatseu\"]}]}<\/script>\n<meta property=\"product:price:amount\" content=\"2.10\" \/>\n<meta property=\"product:price:currency\" content=\"EUR\" \/>\n<meta property=\"og:availability\" content=\"instock\" \/>\n<meta property=\"product:availability\" content=\"instock\" \/>\n<meta property=\"product:condition\" content=\"new\" \/>\n<!-- \/ Yoast SEO Premium plugin. -->","yoast_head_json":{"title":"Ente Hals | Natural Treats","description":"Entenh\u00e4lse sind ein nat\u00fcrlicher und gesunder Leckerbissen f\u00fcr Hunde, der eine Reihe von ern\u00e4hrungsphysiologischen Vorteilen bietet. Sie sind reich an Mineralien wie Kalzium.","robots":{"index":"index","follow":"follow","max-snippet":"max-snippet:-1","max-image-preview":"max-image-preview:large","max-video-preview":"max-video-preview:-1"},"canonical":"https:\/\/naturaltreats.eu\/de\/product\/entenhaelse\/","og_locale":"de_DE","og_type":"article","og_title":"Ente Hals","og_description":"Entenh\u00e4lse sind ein nat\u00fcrlicher und gesunder Leckerbissen f\u00fcr Hunde, der eine Reihe von ern\u00e4hrungsphysiologischen Vorteilen bietet. Sie sind reich an Mineralien wie Kalzium.","og_url":"https:\/\/naturaltreats.eu\/de\/product\/entenhaelse\/","og_site_name":"Natural Treats","article_publisher":"https:\/\/facebook.com\/naturaltreatseu","article_modified_time":"2024-06-29T12:08:15+00:00","og_image":[{"width":1080,"height":1080,"url":"https:\/\/naturaltreats.eu\/wp-content\/uploads\/2023\/01\/Duck-Neck-1.jpg","type":"image\/jpeg"}],"twitter_card":"summary_large_image","twitter_misc":{"Preis":"2,10&euro;","Verf\u00fcgbarkeit":"Auf Lager"},"schema":{"@context":"https:\/\/schema.org","@graph":[{"@type":"WebPage","@id":"https:\/\/naturaltreats.eu\/de\/product\/entenhaelse\/","url":"https:\/\/naturaltreats.eu\/de\/product\/entenhaelse\/","name":"Ente Hals | Natural Treats","isPartOf":{"@id":"https:\/\/naturaltreats.eu\/de\/#website"},"primaryImageOfPage":{"@id":"https:\/\/naturaltreats.eu\/de\/product\/entenhaelse\/#primaryimage"},"image":{"@id":"https:\/\/naturaltreats.eu\/de\/product\/entenhaelse\/#primaryimage"},"thumbnailUrl":"https:\/\/naturaltreats.eu\/wp-content\/uploads\/2023\/01\/Duck-Neck-1.jpg","datePublished":"2023-01-19T09:34:55+00:00","dateModified":"2024-06-29T12:08:15+00:00","description":"Entenh\u00e4lse sind ein nat\u00fcrlicher und gesunder Leckerbissen f\u00fcr Hunde, der eine Reihe von ern\u00e4hrungsphysiologischen Vorteilen bietet. Sie sind reich an Mineralien wie Kalzium.","breadcrumb":{"@id":"https:\/\/naturaltreats.eu\/de\/product\/entenhaelse\/#breadcrumb"},"inLanguage":"de","potentialAction":[{"@type":"ReadAction","target":["https:\/\/naturaltreats.eu\/de\/product\/entenhaelse\/"]}]},{"@type":"ImageObject","inLanguage":"de","@id":"https:\/\/naturaltreats.eu\/de\/product\/entenhaelse\/#primaryimage","url":"https:\/\/naturaltreats.eu\/wp-content\/uploads\/2023\/01\/Duck-Neck-1.jpg","contentUrl":"https:\/\/naturaltreats.eu\/wp-content\/uploads\/2023\/01\/Duck-Neck-1.jpg","width":1080,"height":1080,"caption":"Duck neck for dogs"},{"@type":"BreadcrumbList","@id":"https:\/\/naturaltreats.eu\/de\/product\/entenhaelse\/#breadcrumb","itemListElement":[{"@type":"ListItem","position":1,"name":"Home","item":"https:\/\/naturaltreats.eu\/de\/startseite\/"},{"@type":"ListItem","position":2,"name":"Laden","item":"https:\/\/naturaltreats.eu\/de\/laden\/"},{"@type":"ListItem","position":3,"name":"Ente Hals"}]},{"@type":"WebSite","@id":"https:\/\/naturaltreats.eu\/de\/#website","url":"https:\/\/naturaltreats.eu\/de\/","name":"Natural Treats","description":"Best Rated Natural Dog Treats In Europe","publisher":{"@id":"https:\/\/naturaltreats.eu\/de\/#organization"},"potentialAction":[{"@type":"SearchAction","target":{"@type":"EntryPoint","urlTemplate":"https:\/\/naturaltreats.eu\/de\/?s={search_term_string}"},"query-input":{"@type":"PropertyValueSpecification","valueRequired":true,"valueName":"search_term_string"}}],"inLanguage":"de"},{"@type":"Organization","@id":"https:\/\/naturaltreats.eu\/de\/#organization","name":"Natural Treats","url":"https:\/\/naturaltreats.eu\/de\/","logo":{"@type":"ImageObject","inLanguage":"de","@id":"https:\/\/naturaltreats.eu\/de\/#\/schema\/logo\/image\/","url":"https:\/\/naturaltreats.eu\/wp-content\/uploads\/2020\/08\/social.jpg","contentUrl":"https:\/\/naturaltreats.eu\/wp-content\/uploads\/2020\/08\/social.jpg","width":1000,"height":1000,"caption":"Natural Treats"},"image":{"@id":"https:\/\/naturaltreats.eu\/de\/#\/schema\/logo\/image\/"},"sameAs":["https:\/\/facebook.com\/naturaltreatseu","https:\/\/instagram.com\/naturaltreatseu"]}]},"product_price_amount":"2.10","product_price_currency":"EUR","og_availability":"instock","product_availability":"instock","product_condition":"new"},"_links":{"self":[{"href":"https:\/\/naturaltreats.eu\/de\/wp-json\/wp\/v2\/product\/40321","targetHints":{"allow":["GET"]}}],"collection":[{"href":"https:\/\/naturaltreats.eu\/de\/wp-json\/wp\/v2\/product"}],"about":[{"href":"https:\/\/naturaltreats.eu\/de\/wp-json\/wp\/v2\/types\/product"}],"wp:featuredmedia":[{"embeddable":true,"href":"https:\/\/naturaltreats.eu\/de\/wp-json\/wp\/v2\/media\/40326"}],"wp:attachment":[{"href":"https:\/\/naturaltreats.eu\/de\/wp-json\/wp\/v2\/media?parent=40321"}],"wp:term":[{"taxonomy":"dog-type","embeddable":true,"href":"https:\/\/naturaltreats.eu\/de\/wp-json\/wp\/v2\/dog-type?post=40321"},{"taxonomy":"ingredients","embeddable":true,"href":"https:\/\/naturaltreats.eu\/de\/wp-json\/wp\/v2\/ingredients?post=40321"},{"taxonomy":"product_brand","embeddable":true,"href":"https:\/\/naturaltreats.eu\/de\/wp-json\/wp\/v2\/product_brand?post=40321"},{"taxonomy":"product_cat","embeddable":true,"href":"https:\/\/naturaltreats.eu\/de\/wp-json\/wp\/v2\/product_cat?post=40321"},{"taxonomy":"product_tag","embeddable":true,"href":"https:\/\/naturaltreats.eu\/de\/wp-json\/wp\/v2\/product_tag?post=40321"}],"curies":[{"name":"wp","href":"https:\/\/api.w.org\/{rel}","templated":true}]}}