{"id":41789,"date":"2023-02-22T22:19:14","date_gmt":"2023-02-23T21:19:39","guid":{"rendered":"https:\/\/naturaltreats.eu\/product\/kaffee-holz-kauleiste-fuer-hunde\/"},"modified":"2024-11-02T19:17:53","modified_gmt":"2024-11-02T18:17:53","slug":"kaffee-holz-kaustick-fuer-hunde","status":"publish","type":"product","link":"https:\/\/naturaltreats.eu\/de\/product\/kaffee-holz-kaustick-fuer-hunde\/","title":{"rendered":"Kaffee Holz Kauleiste f\u00fcr Hunde"},"content":{"rendered":"<p>Begr\u00fc\u00dfen Sie den neuen Lieblingssnack Ihres Hundes &#8211; den Coffee Wood Chew Stick. Diese Kaustange ist aus nat\u00fcrlichem, nachhaltigem Kaffeeholz hergestellt und bietet eine sichere und schmackhafte Alternative zu anderen langweiligen Kauartikeln aus dem Laden. Es hilft, Langeweile zu vermeiden und f\u00f6rdert gleichzeitig gesunde Kaugewohnheiten. Au\u00dferdem sorgt das einzigartige Aroma daf\u00fcr, dass der Atem Ihres Hundes frisch bleibt! Kaffeeholz enth\u00e4lt kein Koffein.<\/p>\n<ul>\n<li>100% nat\u00fcrlicher und nachhaltiger Kaffeeholz-Kaustab f\u00fcr Hunde.<\/li>\n<li>Der unwiderstehliche aromatische Duft hilft, den Atem zu erfrischen.<\/li>\n<li>Hilft beim Aufbau starker Kiefermuskeln.<\/li>\n<li>F\u00f6rdert gesunde Kaugewohnheiten, insbesondere w\u00e4hrend der Zahnungszeit.<\/li>\n<li>Sicher und ungiftig, ohne k\u00fcnstliche Inhaltsstoffe oder Chemikalien.<\/li>\n<li>Perfekte Gr\u00f6\u00dfen f\u00fcr kleinere Rassen bis hin zu gr\u00f6\u00dferen Hunden.<\/li>\n<li>Leicht zu transportieren und ideal f\u00fcr den Snack zwischendurch oder zum Spielen geeignet.<\/li>\n<li>Verringert die Langeweile bei Hunden im Haus und f\u00f6rdert die Mundgesundheit durch die Entfernung von Zahnbelag auf den Z\u00e4hnen.<\/li>\n<\/ul>\n","protected":false},"excerpt":{"rendered":"<p>Begr\u00fc\u00dfen Sie den neuen Lieblingssnack Ihres Hundes &#8211; den Coffee Wood Chew Stick. Diese Kaustange ist aus nat\u00fcrlichem, nachhaltigem Kaffeeholz<\/p>\n","protected":false},"featured_media":41693,"template":"","meta":{"_acf_changed":false},"dog-type":[],"ingredients":[],"product_brand":[],"product_cat":[331],"product_tag":[],"class_list":{"0":"post-41789","1":"product","2":"type-product","3":"status-publish","4":"has-post-thumbnail","6":"product_cat-hundekauartikel","7":"tm-no-options-pxq","9":"first","10":"instock","11":"taxable","12":"shipping-taxable","13":"purchasable","14":"product-type-variable"},"bundled_by":[],"bundle_stock_status":"instock","bundle_stock_quantity":null,"bundle_virtual":false,"bundle_layout":"","bundle_add_to_cart_form_location":"","bundle_editable_in_cart":false,"bundle_sold_individually_context":"","bundle_item_grouping":"","bundle_min_size":"","bundle_max_size":"","bundle_price":[],"bundled_items":[],"bundle_sell_ids":[],"acf":[],"yoast_head":"<!-- This site is optimized with the Yoast SEO Premium plugin v23.5 (Yoast SEO v25.0) - https:\/\/yoast.com\/wordpress\/plugins\/seo\/ -->\n<title>Kaffee Holz Kauleiste f\u00fcr Hunde | Natural Treats<\/title>\n<meta name=\"robots\" content=\"index, follow, max-snippet:-1, max-image-preview:large, max-video-preview:-1\" \/>\n<link rel=\"canonical\" href=\"https:\/\/naturaltreats.eu\/de\/product\/kaffee-holz-kaustick-fuer-hunde\/\" \/>\n<meta property=\"og:locale\" content=\"de_DE\" \/>\n<meta property=\"og:type\" content=\"article\" \/>\n<meta property=\"og:title\" content=\"Kaffee Holz Kauleiste f\u00fcr Hunde\" \/>\n<meta property=\"og:description\" content=\"Begr\u00fc\u00dfen Sie den neuen Lieblingssnack Ihres Hundes &#8211; den Coffee Wood Chew Stick. Diese Kaustange ist aus nat\u00fcrlichem, nachhaltigem Kaffeeholz\" \/>\n<meta property=\"og:url\" content=\"https:\/\/naturaltreats.eu\/de\/product\/kaffee-holz-kaustick-fuer-hunde\/\" \/>\n<meta property=\"og:site_name\" content=\"Natural Treats\" \/>\n<meta property=\"article:publisher\" content=\"https:\/\/facebook.com\/naturaltreatseu\" \/>\n<meta property=\"article:modified_time\" content=\"2024-11-02T18:17:53+00:00\" \/>\n<meta property=\"og:image\" content=\"https:\/\/naturaltreats.eu\/wp-content\/uploads\/2023\/02\/Coffee-Wood-Medium.jpg\" \/>\n\t<meta property=\"og:image:width\" content=\"1800\" \/>\n\t<meta property=\"og:image:height\" content=\"1800\" \/>\n\t<meta property=\"og:image:type\" content=\"image\/jpeg\" \/>\n<meta name=\"twitter:card\" content=\"summary_large_image\" \/>\n<meta name=\"twitter:label1\" content=\"Verf\u00fcgbarkeit\" \/>\n\t<meta name=\"twitter:data1\" content=\"Auf Lager\" \/>\n<script type=\"application\/ld+json\" class=\"yoast-schema-graph\">{\"@context\":\"https:\/\/schema.org\",\"@graph\":[{\"@type\":\"WebPage\",\"@id\":\"https:\/\/naturaltreats.eu\/de\/product\/kaffee-holz-kaustick-fuer-hunde\/\",\"url\":\"https:\/\/naturaltreats.eu\/de\/product\/kaffee-holz-kaustick-fuer-hunde\/\",\"name\":\"Kaffee Holz Kauleiste f\u00fcr Hunde | Natural Treats\",\"isPartOf\":{\"@id\":\"https:\/\/naturaltreats.eu\/de\/#website\"},\"primaryImageOfPage\":{\"@id\":\"https:\/\/naturaltreats.eu\/de\/product\/kaffee-holz-kaustick-fuer-hunde\/#primaryimage\"},\"image\":{\"@id\":\"https:\/\/naturaltreats.eu\/de\/product\/kaffee-holz-kaustick-fuer-hunde\/#primaryimage\"},\"thumbnailUrl\":\"https:\/\/naturaltreats.eu\/wp-content\/uploads\/2023\/02\/Coffee-Wood-Medium.jpg\",\"datePublished\":\"2023-02-23T21:19:39+00:00\",\"dateModified\":\"2024-11-02T18:17:53+00:00\",\"breadcrumb\":{\"@id\":\"https:\/\/naturaltreats.eu\/de\/product\/kaffee-holz-kaustick-fuer-hunde\/#breadcrumb\"},\"inLanguage\":\"de\",\"potentialAction\":[{\"@type\":\"ReadAction\",\"target\":[\"https:\/\/naturaltreats.eu\/de\/product\/kaffee-holz-kaustick-fuer-hunde\/\"]}]},{\"@type\":\"ImageObject\",\"inLanguage\":\"de\",\"@id\":\"https:\/\/naturaltreats.eu\/de\/product\/kaffee-holz-kaustick-fuer-hunde\/#primaryimage\",\"url\":\"https:\/\/naturaltreats.eu\/wp-content\/uploads\/2023\/02\/Coffee-Wood-Medium.jpg\",\"contentUrl\":\"https:\/\/naturaltreats.eu\/wp-content\/uploads\/2023\/02\/Coffee-Wood-Medium.jpg\",\"width\":1800,\"height\":1800,\"caption\":\"Medium Coffee wood chew sticks for dogs\"},{\"@type\":\"BreadcrumbList\",\"@id\":\"https:\/\/naturaltreats.eu\/de\/product\/kaffee-holz-kaustick-fuer-hunde\/#breadcrumb\",\"itemListElement\":[{\"@type\":\"ListItem\",\"position\":1,\"name\":\"Home\",\"item\":\"https:\/\/naturaltreats.eu\/de\/startseite\/\"},{\"@type\":\"ListItem\",\"position\":2,\"name\":\"Laden\",\"item\":\"https:\/\/naturaltreats.eu\/de\/laden\/\"},{\"@type\":\"ListItem\",\"position\":3,\"name\":\"Kaffee Holz Kauleiste f\u00fcr Hunde\"}]},{\"@type\":\"WebSite\",\"@id\":\"https:\/\/naturaltreats.eu\/de\/#website\",\"url\":\"https:\/\/naturaltreats.eu\/de\/\",\"name\":\"Natural Treats\",\"description\":\"Best Rated Natural Dog Treats In Europe\",\"publisher\":{\"@id\":\"https:\/\/naturaltreats.eu\/de\/#organization\"},\"potentialAction\":[{\"@type\":\"SearchAction\",\"target\":{\"@type\":\"EntryPoint\",\"urlTemplate\":\"https:\/\/naturaltreats.eu\/de\/?s={search_term_string}\"},\"query-input\":{\"@type\":\"PropertyValueSpecification\",\"valueRequired\":true,\"valueName\":\"search_term_string\"}}],\"inLanguage\":\"de\"},{\"@type\":\"Organization\",\"@id\":\"https:\/\/naturaltreats.eu\/de\/#organization\",\"name\":\"Natural Treats\",\"url\":\"https:\/\/naturaltreats.eu\/de\/\",\"logo\":{\"@type\":\"ImageObject\",\"inLanguage\":\"de\",\"@id\":\"https:\/\/naturaltreats.eu\/de\/#\/schema\/logo\/image\/\",\"url\":\"https:\/\/naturaltreats.eu\/wp-content\/uploads\/2020\/08\/social.jpg\",\"contentUrl\":\"https:\/\/naturaltreats.eu\/wp-content\/uploads\/2020\/08\/social.jpg\",\"width\":1000,\"height\":1000,\"caption\":\"Natural Treats\"},\"image\":{\"@id\":\"https:\/\/naturaltreats.eu\/de\/#\/schema\/logo\/image\/\"},\"sameAs\":[\"https:\/\/facebook.com\/naturaltreatseu\",\"https:\/\/instagram.com\/naturaltreatseu\"]}]}<\/script>\n<meta property=\"og:availability\" content=\"instock\" \/>\n<meta property=\"product:availability\" content=\"instock\" \/>\n<meta property=\"product:condition\" content=\"new\" \/>\n<!-- \/ Yoast SEO Premium plugin. -->","yoast_head_json":{"title":"Kaffee Holz Kauleiste f\u00fcr Hunde | Natural Treats","robots":{"index":"index","follow":"follow","max-snippet":"max-snippet:-1","max-image-preview":"max-image-preview:large","max-video-preview":"max-video-preview:-1"},"canonical":"https:\/\/naturaltreats.eu\/de\/product\/kaffee-holz-kaustick-fuer-hunde\/","og_locale":"de_DE","og_type":"article","og_title":"Kaffee Holz Kauleiste f\u00fcr Hunde","og_description":"Begr\u00fc\u00dfen Sie den neuen Lieblingssnack Ihres Hundes &#8211; den Coffee Wood Chew Stick. Diese Kaustange ist aus nat\u00fcrlichem, nachhaltigem Kaffeeholz","og_url":"https:\/\/naturaltreats.eu\/de\/product\/kaffee-holz-kaustick-fuer-hunde\/","og_site_name":"Natural Treats","article_publisher":"https:\/\/facebook.com\/naturaltreatseu","article_modified_time":"2024-11-02T18:17:53+00:00","og_image":[{"width":1800,"height":1800,"url":"https:\/\/naturaltreats.eu\/wp-content\/uploads\/2023\/02\/Coffee-Wood-Medium.jpg","type":"image\/jpeg"}],"twitter_card":"summary_large_image","twitter_misc":{"Verf\u00fcgbarkeit":"Auf Lager"},"schema":{"@context":"https:\/\/schema.org","@graph":[{"@type":"WebPage","@id":"https:\/\/naturaltreats.eu\/de\/product\/kaffee-holz-kaustick-fuer-hunde\/","url":"https:\/\/naturaltreats.eu\/de\/product\/kaffee-holz-kaustick-fuer-hunde\/","name":"Kaffee Holz Kauleiste f\u00fcr Hunde | Natural Treats","isPartOf":{"@id":"https:\/\/naturaltreats.eu\/de\/#website"},"primaryImageOfPage":{"@id":"https:\/\/naturaltreats.eu\/de\/product\/kaffee-holz-kaustick-fuer-hunde\/#primaryimage"},"image":{"@id":"https:\/\/naturaltreats.eu\/de\/product\/kaffee-holz-kaustick-fuer-hunde\/#primaryimage"},"thumbnailUrl":"https:\/\/naturaltreats.eu\/wp-content\/uploads\/2023\/02\/Coffee-Wood-Medium.jpg","datePublished":"2023-02-23T21:19:39+00:00","dateModified":"2024-11-02T18:17:53+00:00","breadcrumb":{"@id":"https:\/\/naturaltreats.eu\/de\/product\/kaffee-holz-kaustick-fuer-hunde\/#breadcrumb"},"inLanguage":"de","potentialAction":[{"@type":"ReadAction","target":["https:\/\/naturaltreats.eu\/de\/product\/kaffee-holz-kaustick-fuer-hunde\/"]}]},{"@type":"ImageObject","inLanguage":"de","@id":"https:\/\/naturaltreats.eu\/de\/product\/kaffee-holz-kaustick-fuer-hunde\/#primaryimage","url":"https:\/\/naturaltreats.eu\/wp-content\/uploads\/2023\/02\/Coffee-Wood-Medium.jpg","contentUrl":"https:\/\/naturaltreats.eu\/wp-content\/uploads\/2023\/02\/Coffee-Wood-Medium.jpg","width":1800,"height":1800,"caption":"Medium Coffee wood chew sticks for dogs"},{"@type":"BreadcrumbList","@id":"https:\/\/naturaltreats.eu\/de\/product\/kaffee-holz-kaustick-fuer-hunde\/#breadcrumb","itemListElement":[{"@type":"ListItem","position":1,"name":"Home","item":"https:\/\/naturaltreats.eu\/de\/startseite\/"},{"@type":"ListItem","position":2,"name":"Laden","item":"https:\/\/naturaltreats.eu\/de\/laden\/"},{"@type":"ListItem","position":3,"name":"Kaffee Holz Kauleiste f\u00fcr Hunde"}]},{"@type":"WebSite","@id":"https:\/\/naturaltreats.eu\/de\/#website","url":"https:\/\/naturaltreats.eu\/de\/","name":"Natural Treats","description":"Best Rated Natural Dog Treats In Europe","publisher":{"@id":"https:\/\/naturaltreats.eu\/de\/#organization"},"potentialAction":[{"@type":"SearchAction","target":{"@type":"EntryPoint","urlTemplate":"https:\/\/naturaltreats.eu\/de\/?s={search_term_string}"},"query-input":{"@type":"PropertyValueSpecification","valueRequired":true,"valueName":"search_term_string"}}],"inLanguage":"de"},{"@type":"Organization","@id":"https:\/\/naturaltreats.eu\/de\/#organization","name":"Natural Treats","url":"https:\/\/naturaltreats.eu\/de\/","logo":{"@type":"ImageObject","inLanguage":"de","@id":"https:\/\/naturaltreats.eu\/de\/#\/schema\/logo\/image\/","url":"https:\/\/naturaltreats.eu\/wp-content\/uploads\/2020\/08\/social.jpg","contentUrl":"https:\/\/naturaltreats.eu\/wp-content\/uploads\/2020\/08\/social.jpg","width":1000,"height":1000,"caption":"Natural Treats"},"image":{"@id":"https:\/\/naturaltreats.eu\/de\/#\/schema\/logo\/image\/"},"sameAs":["https:\/\/facebook.com\/naturaltreatseu","https:\/\/instagram.com\/naturaltreatseu"]}]},"og_availability":"instock","product_availability":"instock","product_condition":"new"},"_links":{"self":[{"href":"https:\/\/naturaltreats.eu\/de\/wp-json\/wp\/v2\/product\/41789","targetHints":{"allow":["GET"]}}],"collection":[{"href":"https:\/\/naturaltreats.eu\/de\/wp-json\/wp\/v2\/product"}],"about":[{"href":"https:\/\/naturaltreats.eu\/de\/wp-json\/wp\/v2\/types\/product"}],"wp:featuredmedia":[{"embeddable":true,"href":"https:\/\/naturaltreats.eu\/de\/wp-json\/wp\/v2\/media\/41693"}],"wp:attachment":[{"href":"https:\/\/naturaltreats.eu\/de\/wp-json\/wp\/v2\/media?parent=41789"}],"wp:term":[{"taxonomy":"dog-type","embeddable":true,"href":"https:\/\/naturaltreats.eu\/de\/wp-json\/wp\/v2\/dog-type?post=41789"},{"taxonomy":"ingredients","embeddable":true,"href":"https:\/\/naturaltreats.eu\/de\/wp-json\/wp\/v2\/ingredients?post=41789"},{"taxonomy":"product_brand","embeddable":true,"href":"https:\/\/naturaltreats.eu\/de\/wp-json\/wp\/v2\/product_brand?post=41789"},{"taxonomy":"product_cat","embeddable":true,"href":"https:\/\/naturaltreats.eu\/de\/wp-json\/wp\/v2\/product_cat?post=41789"},{"taxonomy":"product_tag","embeddable":true,"href":"https:\/\/naturaltreats.eu\/de\/wp-json\/wp\/v2\/product_tag?post=41789"}],"curies":[{"name":"wp","href":"https:\/\/api.w.org\/{rel}","templated":true}]}}