{"id":5464,"date":"2021-02-06T15:14:00","date_gmt":"2021-02-06T14:14:00","guid":{"rendered":"https:\/\/naturaltreats.eu\/product\/robuste-box\/"},"modified":"2024-12-01T11:13:31","modified_gmt":"2024-12-01T10:13:31","slug":"tough-leckerli-box-fuer-hunde","status":"publish","type":"product","link":"https:\/\/naturaltreats.eu\/de\/product\/tough-leckerli-box-fuer-hunde\/","title":{"rendered":"Tough Leckerli-Box f\u00fcr Hunde"},"content":{"rendered":"<p><strong>Wichtig: Diese Box enth\u00e4lt nur sehr gro\u00dfe Leckereien und sehr harte Knochen. Sie ist f\u00fcr gro\u00dfe und starke Hunde konzipiert. Wenn die gro\u00dfen Knochen in dieser Box f\u00fcr Ihren Hund nicht geeignet sind, empfehlen wir unsere <a href=\"https:\/\/naturaltreats.eu\/de\/produkt\/club-box\/\">Club Box<\/a>, die eine Mischung von Leckereien f\u00fcr alle Hunde enth\u00e4lt.  <\/strong><\/p>\n","protected":false},"excerpt":{"rendered":"<p>Diese robuste Hundeleckerli-Box enth\u00e4lt nur die besten harten, z\u00e4hen und langanhaltenden Kausnacks. Perfekt f\u00fcr gr\u00f6\u00dfere Hunde und st\u00e4rkere Kauer.<\/p>\n","protected":false},"featured_media":55892,"template":"","meta":{"_acf_changed":false},"dog-type":[],"ingredients":[],"product_brand":[],"product_cat":[371],"product_tag":[366],"class_list":{"0":"post-5464","1":"product","2":"type-product","3":"status-publish","4":"has-post-thumbnail","6":"product_cat-snack-boxes-de","7":"product_tag-box-de","8":"has-subscription-plans","9":"tm-has-options","11":"first","12":"instock","13":"sale","14":"taxable","15":"shipping-taxable","16":"purchasable","17":"product-type-variable"},"bundled_by":[],"bundle_stock_status":"instock","bundle_stock_quantity":null,"bundle_virtual":false,"bundle_layout":"","bundle_add_to_cart_form_location":"","bundle_editable_in_cart":false,"bundle_sold_individually_context":"","bundle_item_grouping":"","bundle_min_size":"","bundle_max_size":"","bundle_price":[],"bundled_items":[],"bundle_sell_ids":[],"acf":[],"yoast_head":"<!-- This site is optimized with the Yoast SEO Premium plugin v23.5 (Yoast SEO v25.0) - https:\/\/yoast.com\/wordpress\/plugins\/seo\/ -->\n<title>Tough Leckerli-Box f\u00fcr Hunde | Natural Treats<\/title>\n<meta name=\"description\" content=\"Diese robuste Hundeleckerli-Box enth\u00e4lt nur die besten harten, z\u00e4hen und langanhaltenden Kausnacks. Perfekt f\u00fcr gr\u00f6\u00dfere Hunde und st\u00e4rkere Kauer.\" \/>\n<meta name=\"robots\" content=\"index, follow, max-snippet:-1, max-image-preview:large, max-video-preview:-1\" \/>\n<link rel=\"canonical\" href=\"https:\/\/naturaltreats.eu\/de\/product\/tough-leckerli-box-fuer-hunde\/\" \/>\n<meta property=\"og:locale\" content=\"de_DE\" \/>\n<meta property=\"og:type\" content=\"article\" \/>\n<meta property=\"og:title\" content=\"Tough Leckerli-Box f\u00fcr Hunde\" \/>\n<meta property=\"og:description\" content=\"Diese robuste Hundeleckerli-Box enth\u00e4lt nur die besten harten, z\u00e4hen und langanhaltenden Kausnacks. Perfekt f\u00fcr gr\u00f6\u00dfere Hunde und st\u00e4rkere Kauer.\" \/>\n<meta property=\"og:url\" content=\"https:\/\/naturaltreats.eu\/de\/product\/tough-leckerli-box-fuer-hunde\/\" \/>\n<meta property=\"og:site_name\" content=\"Natural Treats\" \/>\n<meta property=\"article:publisher\" content=\"https:\/\/facebook.com\/naturaltreatseu\" \/>\n<meta property=\"article:modified_time\" content=\"2024-12-01T10:13:31+00:00\" \/>\n<meta property=\"og:image\" content=\"https:\/\/naturaltreats.eu\/wp-content\/uploads\/2020\/08\/tough.jpg\" \/>\n\t<meta property=\"og:image:width\" content=\"1920\" \/>\n\t<meta property=\"og:image:height\" content=\"1920\" \/>\n\t<meta property=\"og:image:type\" content=\"image\/jpeg\" \/>\n<meta name=\"twitter:card\" content=\"summary_large_image\" \/>\n<meta name=\"twitter:label1\" content=\"Verf\u00fcgbarkeit\" \/>\n\t<meta name=\"twitter:data1\" content=\"Auf Lager\" \/>\n<script type=\"application\/ld+json\" class=\"yoast-schema-graph\">{\"@context\":\"https:\/\/schema.org\",\"@graph\":[{\"@type\":\"WebPage\",\"@id\":\"https:\/\/naturaltreats.eu\/de\/product\/tough-leckerli-box-fuer-hunde\/\",\"url\":\"https:\/\/naturaltreats.eu\/de\/product\/tough-leckerli-box-fuer-hunde\/\",\"name\":\"Tough Leckerli-Box f\u00fcr Hunde | Natural Treats\",\"isPartOf\":{\"@id\":\"https:\/\/naturaltreats.eu\/de\/#website\"},\"primaryImageOfPage\":{\"@id\":\"https:\/\/naturaltreats.eu\/de\/product\/tough-leckerli-box-fuer-hunde\/#primaryimage\"},\"image\":{\"@id\":\"https:\/\/naturaltreats.eu\/de\/product\/tough-leckerli-box-fuer-hunde\/#primaryimage\"},\"thumbnailUrl\":\"https:\/\/naturaltreats.eu\/wp-content\/uploads\/2020\/08\/tough.jpg\",\"datePublished\":\"2021-02-06T14:14:00+00:00\",\"dateModified\":\"2024-12-01T10:13:31+00:00\",\"description\":\"Diese robuste Hundeleckerli-Box enth\u00e4lt nur die besten harten, z\u00e4hen und langanhaltenden Kausnacks. Perfekt f\u00fcr gr\u00f6\u00dfere Hunde und st\u00e4rkere Kauer.\",\"breadcrumb\":{\"@id\":\"https:\/\/naturaltreats.eu\/de\/product\/tough-leckerli-box-fuer-hunde\/#breadcrumb\"},\"inLanguage\":\"de\",\"potentialAction\":[{\"@type\":\"ReadAction\",\"target\":[\"https:\/\/naturaltreats.eu\/de\/product\/tough-leckerli-box-fuer-hunde\/\"]}]},{\"@type\":\"ImageObject\",\"inLanguage\":\"de\",\"@id\":\"https:\/\/naturaltreats.eu\/de\/product\/tough-leckerli-box-fuer-hunde\/#primaryimage\",\"url\":\"https:\/\/naturaltreats.eu\/wp-content\/uploads\/2020\/08\/tough.jpg\",\"contentUrl\":\"https:\/\/naturaltreats.eu\/wp-content\/uploads\/2020\/08\/tough.jpg\",\"width\":1920,\"height\":1920,\"caption\":\"Z\u00e4he Kausnacks f\u00fcr Hunde\"},{\"@type\":\"BreadcrumbList\",\"@id\":\"https:\/\/naturaltreats.eu\/de\/product\/tough-leckerli-box-fuer-hunde\/#breadcrumb\",\"itemListElement\":[{\"@type\":\"ListItem\",\"position\":1,\"name\":\"Home\",\"item\":\"https:\/\/naturaltreats.eu\/de\/startseite\/\"},{\"@type\":\"ListItem\",\"position\":2,\"name\":\"Laden\",\"item\":\"https:\/\/naturaltreats.eu\/de\/laden\/\"},{\"@type\":\"ListItem\",\"position\":3,\"name\":\"Tough Leckerli-Box f\u00fcr Hunde\"}]},{\"@type\":\"WebSite\",\"@id\":\"https:\/\/naturaltreats.eu\/de\/#website\",\"url\":\"https:\/\/naturaltreats.eu\/de\/\",\"name\":\"Natural Treats\",\"description\":\"Best Rated Natural Dog Treats In Europe\",\"publisher\":{\"@id\":\"https:\/\/naturaltreats.eu\/de\/#organization\"},\"potentialAction\":[{\"@type\":\"SearchAction\",\"target\":{\"@type\":\"EntryPoint\",\"urlTemplate\":\"https:\/\/naturaltreats.eu\/de\/?s={search_term_string}\"},\"query-input\":{\"@type\":\"PropertyValueSpecification\",\"valueRequired\":true,\"valueName\":\"search_term_string\"}}],\"inLanguage\":\"de\"},{\"@type\":\"Organization\",\"@id\":\"https:\/\/naturaltreats.eu\/de\/#organization\",\"name\":\"Natural Treats\",\"url\":\"https:\/\/naturaltreats.eu\/de\/\",\"logo\":{\"@type\":\"ImageObject\",\"inLanguage\":\"de\",\"@id\":\"https:\/\/naturaltreats.eu\/de\/#\/schema\/logo\/image\/\",\"url\":\"https:\/\/naturaltreats.eu\/wp-content\/uploads\/2020\/08\/social.jpg\",\"contentUrl\":\"https:\/\/naturaltreats.eu\/wp-content\/uploads\/2020\/08\/social.jpg\",\"width\":1000,\"height\":1000,\"caption\":\"Natural Treats\"},\"image\":{\"@id\":\"https:\/\/naturaltreats.eu\/de\/#\/schema\/logo\/image\/\"},\"sameAs\":[\"https:\/\/facebook.com\/naturaltreatseu\",\"https:\/\/instagram.com\/naturaltreatseu\"]}]}<\/script>\n<meta property=\"og:availability\" content=\"instock\" \/>\n<meta property=\"product:availability\" content=\"instock\" \/>\n<meta property=\"product:retailer_item_id\" content=\"TB\" \/>\n<meta property=\"product:condition\" content=\"new\" \/>\n<!-- \/ Yoast SEO Premium plugin. -->","yoast_head_json":{"title":"Tough Leckerli-Box f\u00fcr Hunde | Natural Treats","description":"Diese robuste Hundeleckerli-Box enth\u00e4lt nur die besten harten, z\u00e4hen und langanhaltenden Kausnacks. Perfekt f\u00fcr gr\u00f6\u00dfere Hunde und st\u00e4rkere Kauer.","robots":{"index":"index","follow":"follow","max-snippet":"max-snippet:-1","max-image-preview":"max-image-preview:large","max-video-preview":"max-video-preview:-1"},"canonical":"https:\/\/naturaltreats.eu\/de\/product\/tough-leckerli-box-fuer-hunde\/","og_locale":"de_DE","og_type":"article","og_title":"Tough Leckerli-Box f\u00fcr Hunde","og_description":"Diese robuste Hundeleckerli-Box enth\u00e4lt nur die besten harten, z\u00e4hen und langanhaltenden Kausnacks. Perfekt f\u00fcr gr\u00f6\u00dfere Hunde und st\u00e4rkere Kauer.","og_url":"https:\/\/naturaltreats.eu\/de\/product\/tough-leckerli-box-fuer-hunde\/","og_site_name":"Natural Treats","article_publisher":"https:\/\/facebook.com\/naturaltreatseu","article_modified_time":"2024-12-01T10:13:31+00:00","og_image":[{"width":1920,"height":1920,"url":"https:\/\/naturaltreats.eu\/wp-content\/uploads\/2020\/08\/tough.jpg","type":"image\/jpeg"}],"twitter_card":"summary_large_image","twitter_misc":{"Verf\u00fcgbarkeit":"Auf Lager"},"schema":{"@context":"https:\/\/schema.org","@graph":[{"@type":"WebPage","@id":"https:\/\/naturaltreats.eu\/de\/product\/tough-leckerli-box-fuer-hunde\/","url":"https:\/\/naturaltreats.eu\/de\/product\/tough-leckerli-box-fuer-hunde\/","name":"Tough Leckerli-Box f\u00fcr Hunde | Natural Treats","isPartOf":{"@id":"https:\/\/naturaltreats.eu\/de\/#website"},"primaryImageOfPage":{"@id":"https:\/\/naturaltreats.eu\/de\/product\/tough-leckerli-box-fuer-hunde\/#primaryimage"},"image":{"@id":"https:\/\/naturaltreats.eu\/de\/product\/tough-leckerli-box-fuer-hunde\/#primaryimage"},"thumbnailUrl":"https:\/\/naturaltreats.eu\/wp-content\/uploads\/2020\/08\/tough.jpg","datePublished":"2021-02-06T14:14:00+00:00","dateModified":"2024-12-01T10:13:31+00:00","description":"Diese robuste Hundeleckerli-Box enth\u00e4lt nur die besten harten, z\u00e4hen und langanhaltenden Kausnacks. Perfekt f\u00fcr gr\u00f6\u00dfere Hunde und st\u00e4rkere Kauer.","breadcrumb":{"@id":"https:\/\/naturaltreats.eu\/de\/product\/tough-leckerli-box-fuer-hunde\/#breadcrumb"},"inLanguage":"de","potentialAction":[{"@type":"ReadAction","target":["https:\/\/naturaltreats.eu\/de\/product\/tough-leckerli-box-fuer-hunde\/"]}]},{"@type":"ImageObject","inLanguage":"de","@id":"https:\/\/naturaltreats.eu\/de\/product\/tough-leckerli-box-fuer-hunde\/#primaryimage","url":"https:\/\/naturaltreats.eu\/wp-content\/uploads\/2020\/08\/tough.jpg","contentUrl":"https:\/\/naturaltreats.eu\/wp-content\/uploads\/2020\/08\/tough.jpg","width":1920,"height":1920,"caption":"Z\u00e4he Kausnacks f\u00fcr Hunde"},{"@type":"BreadcrumbList","@id":"https:\/\/naturaltreats.eu\/de\/product\/tough-leckerli-box-fuer-hunde\/#breadcrumb","itemListElement":[{"@type":"ListItem","position":1,"name":"Home","item":"https:\/\/naturaltreats.eu\/de\/startseite\/"},{"@type":"ListItem","position":2,"name":"Laden","item":"https:\/\/naturaltreats.eu\/de\/laden\/"},{"@type":"ListItem","position":3,"name":"Tough Leckerli-Box f\u00fcr Hunde"}]},{"@type":"WebSite","@id":"https:\/\/naturaltreats.eu\/de\/#website","url":"https:\/\/naturaltreats.eu\/de\/","name":"Natural Treats","description":"Best Rated Natural Dog Treats In Europe","publisher":{"@id":"https:\/\/naturaltreats.eu\/de\/#organization"},"potentialAction":[{"@type":"SearchAction","target":{"@type":"EntryPoint","urlTemplate":"https:\/\/naturaltreats.eu\/de\/?s={search_term_string}"},"query-input":{"@type":"PropertyValueSpecification","valueRequired":true,"valueName":"search_term_string"}}],"inLanguage":"de"},{"@type":"Organization","@id":"https:\/\/naturaltreats.eu\/de\/#organization","name":"Natural Treats","url":"https:\/\/naturaltreats.eu\/de\/","logo":{"@type":"ImageObject","inLanguage":"de","@id":"https:\/\/naturaltreats.eu\/de\/#\/schema\/logo\/image\/","url":"https:\/\/naturaltreats.eu\/wp-content\/uploads\/2020\/08\/social.jpg","contentUrl":"https:\/\/naturaltreats.eu\/wp-content\/uploads\/2020\/08\/social.jpg","width":1000,"height":1000,"caption":"Natural Treats"},"image":{"@id":"https:\/\/naturaltreats.eu\/de\/#\/schema\/logo\/image\/"},"sameAs":["https:\/\/facebook.com\/naturaltreatseu","https:\/\/instagram.com\/naturaltreatseu"]}]},"og_availability":"instock","product_availability":"instock","product_retailer_item_id":"TB","product_condition":"new"},"_links":{"self":[{"href":"https:\/\/naturaltreats.eu\/de\/wp-json\/wp\/v2\/product\/5464","targetHints":{"allow":["GET"]}}],"collection":[{"href":"https:\/\/naturaltreats.eu\/de\/wp-json\/wp\/v2\/product"}],"about":[{"href":"https:\/\/naturaltreats.eu\/de\/wp-json\/wp\/v2\/types\/product"}],"wp:featuredmedia":[{"embeddable":true,"href":"https:\/\/naturaltreats.eu\/de\/wp-json\/wp\/v2\/media\/55892"}],"wp:attachment":[{"href":"https:\/\/naturaltreats.eu\/de\/wp-json\/wp\/v2\/media?parent=5464"}],"wp:term":[{"taxonomy":"dog-type","embeddable":true,"href":"https:\/\/naturaltreats.eu\/de\/wp-json\/wp\/v2\/dog-type?post=5464"},{"taxonomy":"ingredients","embeddable":true,"href":"https:\/\/naturaltreats.eu\/de\/wp-json\/wp\/v2\/ingredients?post=5464"},{"taxonomy":"product_brand","embeddable":true,"href":"https:\/\/naturaltreats.eu\/de\/wp-json\/wp\/v2\/product_brand?post=5464"},{"taxonomy":"product_cat","embeddable":true,"href":"https:\/\/naturaltreats.eu\/de\/wp-json\/wp\/v2\/product_cat?post=5464"},{"taxonomy":"product_tag","embeddable":true,"href":"https:\/\/naturaltreats.eu\/de\/wp-json\/wp\/v2\/product_tag?post=5464"}],"curies":[{"name":"wp","href":"https:\/\/api.w.org\/{rel}","templated":true}]}}