{"id":57722,"date":"2020-12-29T15:01:57","date_gmt":"2024-02-09T18:45:28","guid":{"rendered":"https:\/\/naturaltreats.eu\/product\/eine-box-erstellen-2\/"},"modified":"2024-12-01T11:11:40","modified_gmt":"2024-12-01T10:11:40","slug":"eine-box-erstellen","status":"publish","type":"product","link":"https:\/\/naturaltreats.eu\/de\/product\/eine-box-erstellen\/","title":{"rendered":"Erstellen Sie Ihre eigene Natural Treats Box"},"content":{"rendered":"<p>Unsere Snacks und Kauartikel kommen in ihrer nat\u00fcrlichsten und rohesten Form daher. Sie haben die gleiche Form und den gleichen Geruch wie in der freien Natur und enthalten keine unangenehmen Zusatzstoffe oder geschmacksverst\u00e4rkenden Chemikalien.<\/p>\n<p>Die Snacks und Kausnacks werden sorgf\u00e4ltig dehydriert und f\u00fcr den Verzehr durch alle Hunderassen vorbereitet. Ja, f\u00fcr uns Menschen sehen sie vielleicht etwas seltsam aus (z. B. die H\u00fchnerf\u00fc\u00dfe und die Schweineschnauze), aber f\u00fcr einen Hund sind sie genau das, was er in freier Wildbahn essen w\u00fcrde.<\/p>\n<p>Da sie zu 100 % nat\u00fcrlich und gesund sind, enthalten die Leckereien eine breite Palette an gesundheitlichen Vorteilen, wie z. B.:<\/p>\n<div class=\"elementor-element elementor-element-67b4411 elementor-align-left elementor-icon-list--layout-traditional elementor-list-item-link-full_width elementor-widget elementor-widget-icon-list\" data-id=\"67b4411\" data-element_type=\"widget\" data-widget_type=\"icon-list.default\">\n<div class=\"elementor-widget-container\">\n<ul class=\"elementor-icon-list-items\">\n<li class=\"elementor-icon-list-item\"><i class=\"far fa-check-circle\" aria-hidden=\"true\"><\/i><span class=\"elementor-icon-list-text\">Sie sind reich an N\u00e4hrstoffen wie Glucosamin und Chondroitin, die beide daf\u00fcr bekannt sind, die Gelenkgesundheit und Mobilit\u00e4t von Hunden zu unterst\u00fctzen.<\/span><\/li>\n<li class=\"elementor-icon-list-item\"><i class=\"far fa-check-circle\" aria-hidden=\"true\"><\/i><span class=\"elementor-icon-list-text\">Gesunde Proteine, die zum Aufbau starker Knochen und Muskeln beitragen.<\/span><\/li>\n<li class=\"elementor-icon-list-item\"><i class=\"far fa-check-circle\" aria-hidden=\"true\"><\/i><span class=\"elementor-icon-list-text\">Eine gute Quelle f\u00fcr Vitamin A, Eisen, Kupfer, Phosphor, Zink und essentielle Fetts\u00e4uren.<\/span><\/li>\n<li class=\"elementor-icon-list-item\"><i class=\"far fa-check-circle\" aria-hidden=\"true\"><\/i><span class=\"elementor-icon-list-text\">Vitamine D und B-Komplex, sowie die Mineralstoffe Kalium und Magnesium, die sich hervorragend f\u00fcr w\u00e4rmeempfindliche Haut, Fell und Gelenke eignen.<\/span><\/li>\n<li class=\"elementor-icon-list-item\"><i class=\"far fa-check-circle\" aria-hidden=\"true\"><\/i><span class=\"elementor-icon-list-text\">Omega-3 und Mineralstoffe, die Ihrem Hund ein gesundes Fell und eine gesunde Haut verleihen.<\/span><\/li>\n<li class=\"elementor-icon-list-item\"><i class=\"far fa-check-circle\" aria-hidden=\"true\"><\/i><span class=\"elementor-icon-list-text\">Dar\u00fcber hinaus hilft das Nagen an der knusprigen Textur und den Rillen einiger Hundesnacks, den Zahnbelag und die Zahnsteinablagerungen auf den Z\u00e4hnen Ihres Hundes zu entfernen.<\/span><\/li>\n<\/ul>\n<\/div>\n<\/div>\n","protected":false},"excerpt":{"rendered":"<p>Stellen Sie Ihre eigene Snackbox zusammen und genie\u00dfen Sie alle Vorteile der F\u00fctterung nat\u00fcrlicher Hundeleckerlis.<br \/>\n<i class=\"far fa-circle\"><\/i><i class=\"far fa-circle\"><\/i><i class=\"far fa-circle\"><\/i><br \/>\nSehr weich<br \/>\n<i class=\"fas fa-circle\"><\/i><i class=\"far fa-circle\"><\/i><i class=\"far fa-circle\"><\/i>  Weich<br \/>\n<i class=\"fas fa-circle\"><\/i><i class=\"fas fa-circle\"><\/i><i class=\"far fa-circle\"><\/i>  Mittel<br \/>\n<i class=\"fas fa-circle\"><\/i><i class=\"fas fa-circle\"><\/i><i class=\"fas fa-circle\"><\/i>  Hart<\/p>\n","protected":false},"featured_media":55911,"template":"","meta":{"_acf_changed":false},"dog-type":[],"ingredients":[],"product_brand":[],"product_cat":[371],"product_tag":[379],"class_list":{"0":"post-57722","1":"product","2":"type-product","3":"status-publish","4":"has-post-thumbnail","6":"product_cat-snack-boxes-de","7":"product_tag-cyo-de","8":"has-subscription-plans","9":"tm-has-options","11":"first","12":"instock","13":"taxable","14":"shipping-taxable","15":"purchasable","16":"product-type-mix-and-match"},"bundled_by":[],"bundle_stock_status":"instock","bundle_stock_quantity":null,"bundle_virtual":false,"bundle_layout":"","bundle_add_to_cart_form_location":"","bundle_editable_in_cart":false,"bundle_sold_individually_context":"","bundle_item_grouping":"","bundle_min_size":"","bundle_max_size":"","bundle_price":[],"bundled_items":[],"bundle_sell_ids":[],"acf":[],"yoast_head":"<!-- This site is optimized with the Yoast SEO Premium plugin v23.5 (Yoast SEO v25.0) - https:\/\/yoast.com\/wordpress\/plugins\/seo\/ -->\n<title>Erstellen Sie Ihre eigene Natural Treats Box | Natural Treats<\/title>\n<meta name=\"description\" content=\"Unsere Snacks und Kauartikel kommen in ihrer nat\u00fcrlichsten und rohesten Form daher. Sie haben die gleiche Form und den gleichen Geruch wie in der freien Natur und enthalten keine unangenehmen Zusatzstoffe oder geschmacksverst\u00e4rkenden Chemikalien.\" \/>\n<meta name=\"robots\" content=\"index, follow, max-snippet:-1, max-image-preview:large, max-video-preview:-1\" \/>\n<link rel=\"canonical\" href=\"https:\/\/naturaltreats.eu\/de\/product\/eine-box-erstellen\/\" \/>\n<meta property=\"og:locale\" content=\"de_DE\" \/>\n<meta property=\"og:type\" content=\"article\" \/>\n<meta property=\"og:title\" content=\"Erstellen Sie Ihre eigene Natural Treats Box\" \/>\n<meta property=\"og:description\" content=\"Unsere Snacks und Kauartikel kommen in ihrer nat\u00fcrlichsten und rohesten Form daher. Sie haben die gleiche Form und den gleichen Geruch wie in der freien Natur und enthalten keine unangenehmen Zusatzstoffe oder geschmacksverst\u00e4rkenden Chemikalien.\" \/>\n<meta property=\"og:url\" content=\"https:\/\/naturaltreats.eu\/de\/product\/eine-box-erstellen\/\" \/>\n<meta property=\"og:site_name\" content=\"Natural Treats\" \/>\n<meta property=\"article:publisher\" content=\"https:\/\/facebook.com\/naturaltreatseu\" \/>\n<meta property=\"article:modified_time\" content=\"2024-12-01T10:11:40+00:00\" \/>\n<meta property=\"og:image\" content=\"https:\/\/naturaltreats.eu\/wp-content\/uploads\/2020\/08\/create-box.jpg\" \/>\n\t<meta property=\"og:image:width\" content=\"1920\" \/>\n\t<meta property=\"og:image:height\" content=\"1920\" \/>\n\t<meta property=\"og:image:type\" content=\"image\/jpeg\" \/>\n<meta name=\"twitter:card\" content=\"summary_large_image\" \/>\n<meta name=\"twitter:label1\" content=\"Preis\" \/>\n\t<meta name=\"twitter:data1\" content=\"0,00&euro;\" \/>\n\t<meta name=\"twitter:label2\" content=\"Verf\u00fcgbarkeit\" \/>\n\t<meta name=\"twitter:data2\" content=\"Auf Lager\" \/>\n<script type=\"application\/ld+json\" class=\"yoast-schema-graph\">{\"@context\":\"https:\/\/schema.org\",\"@graph\":[{\"@type\":\"WebPage\",\"@id\":\"https:\/\/naturaltreats.eu\/de\/product\/eine-box-erstellen\/\",\"url\":\"https:\/\/naturaltreats.eu\/de\/product\/eine-box-erstellen\/\",\"name\":\"Erstellen Sie Ihre eigene Natural Treats Box | Natural Treats\",\"isPartOf\":{\"@id\":\"https:\/\/naturaltreats.eu\/de\/#website\"},\"primaryImageOfPage\":{\"@id\":\"https:\/\/naturaltreats.eu\/de\/product\/eine-box-erstellen\/#primaryimage\"},\"image\":{\"@id\":\"https:\/\/naturaltreats.eu\/de\/product\/eine-box-erstellen\/#primaryimage\"},\"thumbnailUrl\":\"https:\/\/naturaltreats.eu\/wp-content\/uploads\/2020\/08\/create-box.jpg\",\"datePublished\":\"2024-02-09T18:45:28+00:00\",\"dateModified\":\"2024-12-01T10:11:40+00:00\",\"description\":\"Unsere Snacks und Kauartikel kommen in ihrer nat\u00fcrlichsten und rohesten Form daher. Sie haben die gleiche Form und den gleichen Geruch wie in der freien Natur und enthalten keine unangenehmen Zusatzstoffe oder geschmacksverst\u00e4rkenden Chemikalien.\",\"breadcrumb\":{\"@id\":\"https:\/\/naturaltreats.eu\/de\/product\/eine-box-erstellen\/#breadcrumb\"},\"inLanguage\":\"de\",\"potentialAction\":[{\"@type\":\"ReadAction\",\"target\":[\"https:\/\/naturaltreats.eu\/de\/product\/eine-box-erstellen\/\"]}]},{\"@type\":\"ImageObject\",\"inLanguage\":\"de\",\"@id\":\"https:\/\/naturaltreats.eu\/de\/product\/eine-box-erstellen\/#primaryimage\",\"url\":\"https:\/\/naturaltreats.eu\/wp-content\/uploads\/2020\/08\/create-box.jpg\",\"contentUrl\":\"https:\/\/naturaltreats.eu\/wp-content\/uploads\/2020\/08\/create-box.jpg\",\"width\":1920,\"height\":1920,\"caption\":\"Erstellen Sie eine Box mit nat\u00fcrlichen Leckerlis\"},{\"@type\":\"BreadcrumbList\",\"@id\":\"https:\/\/naturaltreats.eu\/de\/product\/eine-box-erstellen\/#breadcrumb\",\"itemListElement\":[{\"@type\":\"ListItem\",\"position\":1,\"name\":\"Home\",\"item\":\"https:\/\/naturaltreats.eu\/de\/startseite\/\"},{\"@type\":\"ListItem\",\"position\":2,\"name\":\"Laden\",\"item\":\"https:\/\/naturaltreats.eu\/de\/laden\/\"},{\"@type\":\"ListItem\",\"position\":3,\"name\":\"Erstellen Sie Ihre eigene Natural Treats Box\"}]},{\"@type\":\"WebSite\",\"@id\":\"https:\/\/naturaltreats.eu\/de\/#website\",\"url\":\"https:\/\/naturaltreats.eu\/de\/\",\"name\":\"Natural Treats\",\"description\":\"Best Rated Natural Dog Treats In Europe\",\"publisher\":{\"@id\":\"https:\/\/naturaltreats.eu\/de\/#organization\"},\"potentialAction\":[{\"@type\":\"SearchAction\",\"target\":{\"@type\":\"EntryPoint\",\"urlTemplate\":\"https:\/\/naturaltreats.eu\/de\/?s={search_term_string}\"},\"query-input\":{\"@type\":\"PropertyValueSpecification\",\"valueRequired\":true,\"valueName\":\"search_term_string\"}}],\"inLanguage\":\"de\"},{\"@type\":\"Organization\",\"@id\":\"https:\/\/naturaltreats.eu\/de\/#organization\",\"name\":\"Natural Treats\",\"url\":\"https:\/\/naturaltreats.eu\/de\/\",\"logo\":{\"@type\":\"ImageObject\",\"inLanguage\":\"de\",\"@id\":\"https:\/\/naturaltreats.eu\/de\/#\/schema\/logo\/image\/\",\"url\":\"https:\/\/naturaltreats.eu\/wp-content\/uploads\/2020\/08\/social.jpg\",\"contentUrl\":\"https:\/\/naturaltreats.eu\/wp-content\/uploads\/2020\/08\/social.jpg\",\"width\":1000,\"height\":1000,\"caption\":\"Natural Treats\"},\"image\":{\"@id\":\"https:\/\/naturaltreats.eu\/de\/#\/schema\/logo\/image\/\"},\"sameAs\":[\"https:\/\/facebook.com\/naturaltreatseu\",\"https:\/\/instagram.com\/naturaltreatseu\"]}]}<\/script>\n<meta property=\"product:price:amount\" content=\"0.00\" \/>\n<meta property=\"product:price:currency\" content=\"EUR\" \/>\n<meta property=\"og:availability\" content=\"instock\" \/>\n<meta property=\"product:availability\" content=\"instock\" \/>\n<meta property=\"product:retailer_item_id\" content=\"CYOB\" \/>\n<meta property=\"product:condition\" content=\"new\" \/>\n<!-- \/ Yoast SEO Premium plugin. -->","yoast_head_json":{"title":"Erstellen Sie Ihre eigene Natural Treats Box | Natural Treats","description":"Unsere Snacks und Kauartikel kommen in ihrer nat\u00fcrlichsten und rohesten Form daher. Sie haben die gleiche Form und den gleichen Geruch wie in der freien Natur und enthalten keine unangenehmen Zusatzstoffe oder geschmacksverst\u00e4rkenden Chemikalien.","robots":{"index":"index","follow":"follow","max-snippet":"max-snippet:-1","max-image-preview":"max-image-preview:large","max-video-preview":"max-video-preview:-1"},"canonical":"https:\/\/naturaltreats.eu\/de\/product\/eine-box-erstellen\/","og_locale":"de_DE","og_type":"article","og_title":"Erstellen Sie Ihre eigene Natural Treats Box","og_description":"Unsere Snacks und Kauartikel kommen in ihrer nat\u00fcrlichsten und rohesten Form daher. Sie haben die gleiche Form und den gleichen Geruch wie in der freien Natur und enthalten keine unangenehmen Zusatzstoffe oder geschmacksverst\u00e4rkenden Chemikalien.","og_url":"https:\/\/naturaltreats.eu\/de\/product\/eine-box-erstellen\/","og_site_name":"Natural Treats","article_publisher":"https:\/\/facebook.com\/naturaltreatseu","article_modified_time":"2024-12-01T10:11:40+00:00","og_image":[{"width":1920,"height":1920,"url":"https:\/\/naturaltreats.eu\/wp-content\/uploads\/2020\/08\/create-box.jpg","type":"image\/jpeg"}],"twitter_card":"summary_large_image","twitter_misc":{"Preis":"0,00&euro;","Verf\u00fcgbarkeit":"Auf Lager"},"schema":{"@context":"https:\/\/schema.org","@graph":[{"@type":"WebPage","@id":"https:\/\/naturaltreats.eu\/de\/product\/eine-box-erstellen\/","url":"https:\/\/naturaltreats.eu\/de\/product\/eine-box-erstellen\/","name":"Erstellen Sie Ihre eigene Natural Treats Box | Natural Treats","isPartOf":{"@id":"https:\/\/naturaltreats.eu\/de\/#website"},"primaryImageOfPage":{"@id":"https:\/\/naturaltreats.eu\/de\/product\/eine-box-erstellen\/#primaryimage"},"image":{"@id":"https:\/\/naturaltreats.eu\/de\/product\/eine-box-erstellen\/#primaryimage"},"thumbnailUrl":"https:\/\/naturaltreats.eu\/wp-content\/uploads\/2020\/08\/create-box.jpg","datePublished":"2024-02-09T18:45:28+00:00","dateModified":"2024-12-01T10:11:40+00:00","description":"Unsere Snacks und Kauartikel kommen in ihrer nat\u00fcrlichsten und rohesten Form daher. Sie haben die gleiche Form und den gleichen Geruch wie in der freien Natur und enthalten keine unangenehmen Zusatzstoffe oder geschmacksverst\u00e4rkenden Chemikalien.","breadcrumb":{"@id":"https:\/\/naturaltreats.eu\/de\/product\/eine-box-erstellen\/#breadcrumb"},"inLanguage":"de","potentialAction":[{"@type":"ReadAction","target":["https:\/\/naturaltreats.eu\/de\/product\/eine-box-erstellen\/"]}]},{"@type":"ImageObject","inLanguage":"de","@id":"https:\/\/naturaltreats.eu\/de\/product\/eine-box-erstellen\/#primaryimage","url":"https:\/\/naturaltreats.eu\/wp-content\/uploads\/2020\/08\/create-box.jpg","contentUrl":"https:\/\/naturaltreats.eu\/wp-content\/uploads\/2020\/08\/create-box.jpg","width":1920,"height":1920,"caption":"Erstellen Sie eine Box mit nat\u00fcrlichen Leckerlis"},{"@type":"BreadcrumbList","@id":"https:\/\/naturaltreats.eu\/de\/product\/eine-box-erstellen\/#breadcrumb","itemListElement":[{"@type":"ListItem","position":1,"name":"Home","item":"https:\/\/naturaltreats.eu\/de\/startseite\/"},{"@type":"ListItem","position":2,"name":"Laden","item":"https:\/\/naturaltreats.eu\/de\/laden\/"},{"@type":"ListItem","position":3,"name":"Erstellen Sie Ihre eigene Natural Treats Box"}]},{"@type":"WebSite","@id":"https:\/\/naturaltreats.eu\/de\/#website","url":"https:\/\/naturaltreats.eu\/de\/","name":"Natural Treats","description":"Best Rated Natural Dog Treats In Europe","publisher":{"@id":"https:\/\/naturaltreats.eu\/de\/#organization"},"potentialAction":[{"@type":"SearchAction","target":{"@type":"EntryPoint","urlTemplate":"https:\/\/naturaltreats.eu\/de\/?s={search_term_string}"},"query-input":{"@type":"PropertyValueSpecification","valueRequired":true,"valueName":"search_term_string"}}],"inLanguage":"de"},{"@type":"Organization","@id":"https:\/\/naturaltreats.eu\/de\/#organization","name":"Natural Treats","url":"https:\/\/naturaltreats.eu\/de\/","logo":{"@type":"ImageObject","inLanguage":"de","@id":"https:\/\/naturaltreats.eu\/de\/#\/schema\/logo\/image\/","url":"https:\/\/naturaltreats.eu\/wp-content\/uploads\/2020\/08\/social.jpg","contentUrl":"https:\/\/naturaltreats.eu\/wp-content\/uploads\/2020\/08\/social.jpg","width":1000,"height":1000,"caption":"Natural Treats"},"image":{"@id":"https:\/\/naturaltreats.eu\/de\/#\/schema\/logo\/image\/"},"sameAs":["https:\/\/facebook.com\/naturaltreatseu","https:\/\/instagram.com\/naturaltreatseu"]}]},"product_price_amount":"0.00","product_price_currency":"EUR","og_availability":"instock","product_availability":"instock","product_retailer_item_id":"CYOB","product_condition":"new"},"_links":{"self":[{"href":"https:\/\/naturaltreats.eu\/de\/wp-json\/wp\/v2\/product\/57722","targetHints":{"allow":["GET"]}}],"collection":[{"href":"https:\/\/naturaltreats.eu\/de\/wp-json\/wp\/v2\/product"}],"about":[{"href":"https:\/\/naturaltreats.eu\/de\/wp-json\/wp\/v2\/types\/product"}],"wp:featuredmedia":[{"embeddable":true,"href":"https:\/\/naturaltreats.eu\/de\/wp-json\/wp\/v2\/media\/55911"}],"wp:attachment":[{"href":"https:\/\/naturaltreats.eu\/de\/wp-json\/wp\/v2\/media?parent=57722"}],"wp:term":[{"taxonomy":"dog-type","embeddable":true,"href":"https:\/\/naturaltreats.eu\/de\/wp-json\/wp\/v2\/dog-type?post=57722"},{"taxonomy":"ingredients","embeddable":true,"href":"https:\/\/naturaltreats.eu\/de\/wp-json\/wp\/v2\/ingredients?post=57722"},{"taxonomy":"product_brand","embeddable":true,"href":"https:\/\/naturaltreats.eu\/de\/wp-json\/wp\/v2\/product_brand?post=57722"},{"taxonomy":"product_cat","embeddable":true,"href":"https:\/\/naturaltreats.eu\/de\/wp-json\/wp\/v2\/product_cat?post=57722"},{"taxonomy":"product_tag","embeddable":true,"href":"https:\/\/naturaltreats.eu\/de\/wp-json\/wp\/v2\/product_tag?post=57722"}],"curies":[{"name":"wp","href":"https:\/\/api.w.org\/{rel}","templated":true}]}}