{"id":68313,"date":"2024-10-26T21:24:55","date_gmt":"2024-10-27T20:28:40","guid":{"rendered":"https:\/\/naturaltreats.eu\/product\/premium-schweineohren\/"},"modified":"2025-01-23T10:01:00","modified_gmt":"2025-01-23T09:01:00","slug":"premium-schweineohren","status":"publish","type":"product","link":"https:\/\/naturaltreats.eu\/de\/product\/premium-schweineohren\/","title":{"rendered":"Premium-Schweineohren"},"content":{"rendered":"<p>Diese Premium-Schweineohren werden sorgf\u00e4ltig dehydriert, um ihren nat\u00fcrlichen Geschmack und ihre N\u00e4hrstoffe zu bewahren. So wird ein hochwertiger Snack gew\u00e4hrleistet, der sowohl lecker als auch nahrhaft f\u00fcr Ihren Hund ist. Unsere Packung enth\u00e4lt 5 gro\u00dfe Schweineohren, die Hunden aller Arten und Gr\u00f6\u00dfen reichlich Genuss bieten. Die knackige Textur befriedigt nicht nur den nat\u00fcrlichen Kautrieb Ihres Hundes, sondern f\u00f6rdert auch die Gesundheit von Z\u00e4hnen und Zahnfleisch, indem sie die Bildung von Plaque und Zahnstein reduziert. Diese Premium-Schweineohren eignen sich perfekt als nat\u00fcrliches Hundeleckerli oder als Belohnung und sind eine tolle M\u00f6glichkeit, Ihrem Haustier Liebe zu zeigen und gleichzeitig sein allgemeines Wohlbefinden zu f\u00f6rdern. Ganz gleich, ob Sie einen verspielten Welpen oder einen weisen, alten Hund haben, unsere Schweineohren sind f\u00fcr jede Lebensphase Ihres Tieres geeignet. G\u00f6nnen Sie Ihrem Hund den Leckerbissen, den er verdient &#8211; mit unseren hochwertigen dehydrierten Schweineohren. Diese Schweineohren sind ideal f\u00fcr das Training, zum Spielen oder einfach als besonderer Snack geeignet und sorgen daf\u00fcr, dass die Schw\u00e4nze wedeln.<\/p>\n<h3>Vorteile<\/h3>\n<p><strong>F\u00f6rdert die Zahngesundheit:<\/strong> Das Kauen auf Schweineohren hilft, die Bildung von Zahnbelag und Zahnstein zu verringern und tr\u00e4gt so zu einer besseren Mundhygiene und einem frischeren Atem Ihres Hundes bei. <strong>Hoher Proteingehalt:<\/strong> Die proteinreichen Schweineohren liefern wichtige N\u00e4hrstoffe, die den Muskelaufbau und die allgemeine Vitalit\u00e4t Ihres Hundes unterst\u00fctzen. <strong>Leicht verdaulich:<\/strong> Unser Dehydratisierungsverfahren sorgt daf\u00fcr, dass die Schweineohren f\u00fcr Ihren Hund leicht verdaulich sind und sich daher auch f\u00fcr empfindliche M\u00e4gen eignen. <strong>Nat\u00fcrlicher Geschmack:<\/strong> Frei von k\u00fcnstlichen Zusatzstoffen und Konservierungsmitteln bieten diese Schweineohren einen nat\u00fcrlichen Geschmack, den Hunde unwiderstehlich finden. <strong>Langanhaltender Genuss:<\/strong> Die haltbare Textur der Schweineohren sorgt f\u00fcr ein lang anhaltendes Kauvergn\u00fcgen und hilft, Langeweile zu vertreiben und die geistige Stimulation zu f\u00f6rdern.<\/p>\n","protected":false},"excerpt":{"rendered":"<p>Diese Premium-Schweineohren werden sorgf\u00e4ltig dehydriert, um ihren nat\u00fcrlichen Geschmack und ihre N\u00e4hrstoffe zu bewahren. So wird ein hochwertiger Snack gew\u00e4hrleistet,<\/p>\n","protected":false},"featured_media":68304,"template":"","meta":{"_acf_changed":false},"dog-type":[],"ingredients":[],"product_brand":[],"product_cat":[539],"product_tag":[],"class_list":{"0":"post-68313","1":"product","2":"type-product","3":"status-publish","4":"has-post-thumbnail","6":"product_cat-naturliche-hundeleckerlis","7":"pa_dog-type-caes-grandes-de","8":"pa_dog-type-caes-medios-de","9":"pa_dog-type-caes-pequenos-de","10":"pa_ingredient-porco-de","11":"pa_toughness-duro-de","12":"tm-has-options","14":"first","15":"instock","16":"taxable","17":"shipping-taxable","18":"purchasable","19":"product-type-simple"},"bundled_by":[],"bundle_stock_status":"instock","bundle_stock_quantity":null,"bundle_virtual":false,"bundle_layout":"","bundle_add_to_cart_form_location":"","bundle_editable_in_cart":false,"bundle_sold_individually_context":"","bundle_item_grouping":"","bundle_min_size":"","bundle_max_size":"","bundle_price":[],"bundled_items":[],"bundle_sell_ids":[],"acf":[],"yoast_head":"<!-- This site is optimized with the Yoast SEO Premium plugin v23.5 (Yoast SEO v25.0) - https:\/\/yoast.com\/wordpress\/plugins\/seo\/ -->\n<title>Premium-Schweineohren | Natural Treats<\/title>\n<meta name=\"robots\" content=\"index, follow, max-snippet:-1, max-image-preview:large, max-video-preview:-1\" \/>\n<link rel=\"canonical\" href=\"https:\/\/naturaltreats.eu\/de\/product\/premium-schweineohren\/\" \/>\n<meta property=\"og:locale\" content=\"de_DE\" \/>\n<meta property=\"og:type\" content=\"article\" \/>\n<meta property=\"og:title\" content=\"Premium-Schweineohren\" \/>\n<meta property=\"og:description\" content=\"Diese Premium-Schweineohren werden sorgf\u00e4ltig dehydriert, um ihren nat\u00fcrlichen Geschmack und ihre N\u00e4hrstoffe zu bewahren. So wird ein hochwertiger Snack gew\u00e4hrleistet,\" \/>\n<meta property=\"og:url\" content=\"https:\/\/naturaltreats.eu\/de\/product\/premium-schweineohren\/\" \/>\n<meta property=\"og:site_name\" content=\"Natural Treats\" \/>\n<meta property=\"article:publisher\" content=\"https:\/\/facebook.com\/naturaltreatseu\" \/>\n<meta property=\"article:modified_time\" content=\"2025-01-23T09:01:00+00:00\" \/>\n<meta property=\"og:image\" content=\"https:\/\/naturaltreats.eu\/wp-content\/uploads\/2024\/10\/Product-Bag-Mockup-1.jpg\" \/>\n\t<meta property=\"og:image:width\" content=\"2000\" \/>\n\t<meta property=\"og:image:height\" content=\"2000\" \/>\n\t<meta property=\"og:image:type\" content=\"image\/jpeg\" \/>\n<meta name=\"twitter:card\" content=\"summary_large_image\" \/>\n<meta name=\"twitter:label1\" content=\"Preis\" \/>\n\t<meta name=\"twitter:data1\" content=\"12,50&euro;\" \/>\n\t<meta name=\"twitter:label2\" content=\"Verf\u00fcgbarkeit\" \/>\n\t<meta name=\"twitter:data2\" content=\"Auf Lager\" \/>\n<script type=\"application\/ld+json\" class=\"yoast-schema-graph\">{\"@context\":\"https:\/\/schema.org\",\"@graph\":[{\"@type\":\"WebPage\",\"@id\":\"https:\/\/naturaltreats.eu\/de\/product\/premium-schweineohren\/\",\"url\":\"https:\/\/naturaltreats.eu\/de\/product\/premium-schweineohren\/\",\"name\":\"Premium-Schweineohren | Natural Treats\",\"isPartOf\":{\"@id\":\"https:\/\/naturaltreats.eu\/de\/#website\"},\"primaryImageOfPage\":{\"@id\":\"https:\/\/naturaltreats.eu\/de\/product\/premium-schweineohren\/#primaryimage\"},\"image\":{\"@id\":\"https:\/\/naturaltreats.eu\/de\/product\/premium-schweineohren\/#primaryimage\"},\"thumbnailUrl\":\"https:\/\/naturaltreats.eu\/wp-content\/uploads\/2024\/10\/Product-Bag-Mockup-1.jpg\",\"datePublished\":\"2024-10-27T20:28:40+00:00\",\"dateModified\":\"2025-01-23T09:01:00+00:00\",\"breadcrumb\":{\"@id\":\"https:\/\/naturaltreats.eu\/de\/product\/premium-schweineohren\/#breadcrumb\"},\"inLanguage\":\"de\",\"potentialAction\":[{\"@type\":\"ReadAction\",\"target\":[\"https:\/\/naturaltreats.eu\/de\/product\/premium-schweineohren\/\"]}]},{\"@type\":\"ImageObject\",\"inLanguage\":\"de\",\"@id\":\"https:\/\/naturaltreats.eu\/de\/product\/premium-schweineohren\/#primaryimage\",\"url\":\"https:\/\/naturaltreats.eu\/wp-content\/uploads\/2024\/10\/Product-Bag-Mockup-1.jpg\",\"contentUrl\":\"https:\/\/naturaltreats.eu\/wp-content\/uploads\/2024\/10\/Product-Bag-Mockup-1.jpg\",\"width\":2000,\"height\":2000,\"caption\":\"Pig ears for dogs\"},{\"@type\":\"BreadcrumbList\",\"@id\":\"https:\/\/naturaltreats.eu\/de\/product\/premium-schweineohren\/#breadcrumb\",\"itemListElement\":[{\"@type\":\"ListItem\",\"position\":1,\"name\":\"Home\",\"item\":\"https:\/\/naturaltreats.eu\/de\/startseite\/\"},{\"@type\":\"ListItem\",\"position\":2,\"name\":\"Laden\",\"item\":\"https:\/\/naturaltreats.eu\/de\/laden\/\"},{\"@type\":\"ListItem\",\"position\":3,\"name\":\"Premium-Schweineohren\"}]},{\"@type\":\"WebSite\",\"@id\":\"https:\/\/naturaltreats.eu\/de\/#website\",\"url\":\"https:\/\/naturaltreats.eu\/de\/\",\"name\":\"Natural Treats\",\"description\":\"Best Rated Natural Dog Treats In Europe\",\"publisher\":{\"@id\":\"https:\/\/naturaltreats.eu\/de\/#organization\"},\"potentialAction\":[{\"@type\":\"SearchAction\",\"target\":{\"@type\":\"EntryPoint\",\"urlTemplate\":\"https:\/\/naturaltreats.eu\/de\/?s={search_term_string}\"},\"query-input\":{\"@type\":\"PropertyValueSpecification\",\"valueRequired\":true,\"valueName\":\"search_term_string\"}}],\"inLanguage\":\"de\"},{\"@type\":\"Organization\",\"@id\":\"https:\/\/naturaltreats.eu\/de\/#organization\",\"name\":\"Natural Treats\",\"url\":\"https:\/\/naturaltreats.eu\/de\/\",\"logo\":{\"@type\":\"ImageObject\",\"inLanguage\":\"de\",\"@id\":\"https:\/\/naturaltreats.eu\/de\/#\/schema\/logo\/image\/\",\"url\":\"https:\/\/naturaltreats.eu\/wp-content\/uploads\/2020\/08\/social.jpg\",\"contentUrl\":\"https:\/\/naturaltreats.eu\/wp-content\/uploads\/2020\/08\/social.jpg\",\"width\":1000,\"height\":1000,\"caption\":\"Natural Treats\"},\"image\":{\"@id\":\"https:\/\/naturaltreats.eu\/de\/#\/schema\/logo\/image\/\"},\"sameAs\":[\"https:\/\/facebook.com\/naturaltreatseu\",\"https:\/\/instagram.com\/naturaltreatseu\"]}]}<\/script>\n<meta property=\"product:price:amount\" content=\"12.50\" \/>\n<meta property=\"product:price:currency\" content=\"EUR\" \/>\n<meta property=\"og:availability\" content=\"instock\" \/>\n<meta property=\"product:availability\" content=\"instock\" \/>\n<meta property=\"product:condition\" content=\"new\" \/>\n<!-- \/ Yoast SEO Premium plugin. -->","yoast_head_json":{"title":"Premium-Schweineohren | Natural Treats","robots":{"index":"index","follow":"follow","max-snippet":"max-snippet:-1","max-image-preview":"max-image-preview:large","max-video-preview":"max-video-preview:-1"},"canonical":"https:\/\/naturaltreats.eu\/de\/product\/premium-schweineohren\/","og_locale":"de_DE","og_type":"article","og_title":"Premium-Schweineohren","og_description":"Diese Premium-Schweineohren werden sorgf\u00e4ltig dehydriert, um ihren nat\u00fcrlichen Geschmack und ihre N\u00e4hrstoffe zu bewahren. So wird ein hochwertiger Snack gew\u00e4hrleistet,","og_url":"https:\/\/naturaltreats.eu\/de\/product\/premium-schweineohren\/","og_site_name":"Natural Treats","article_publisher":"https:\/\/facebook.com\/naturaltreatseu","article_modified_time":"2025-01-23T09:01:00+00:00","og_image":[{"width":2000,"height":2000,"url":"https:\/\/naturaltreats.eu\/wp-content\/uploads\/2024\/10\/Product-Bag-Mockup-1.jpg","type":"image\/jpeg"}],"twitter_card":"summary_large_image","twitter_misc":{"Preis":"12,50&euro;","Verf\u00fcgbarkeit":"Auf Lager"},"schema":{"@context":"https:\/\/schema.org","@graph":[{"@type":"WebPage","@id":"https:\/\/naturaltreats.eu\/de\/product\/premium-schweineohren\/","url":"https:\/\/naturaltreats.eu\/de\/product\/premium-schweineohren\/","name":"Premium-Schweineohren | Natural Treats","isPartOf":{"@id":"https:\/\/naturaltreats.eu\/de\/#website"},"primaryImageOfPage":{"@id":"https:\/\/naturaltreats.eu\/de\/product\/premium-schweineohren\/#primaryimage"},"image":{"@id":"https:\/\/naturaltreats.eu\/de\/product\/premium-schweineohren\/#primaryimage"},"thumbnailUrl":"https:\/\/naturaltreats.eu\/wp-content\/uploads\/2024\/10\/Product-Bag-Mockup-1.jpg","datePublished":"2024-10-27T20:28:40+00:00","dateModified":"2025-01-23T09:01:00+00:00","breadcrumb":{"@id":"https:\/\/naturaltreats.eu\/de\/product\/premium-schweineohren\/#breadcrumb"},"inLanguage":"de","potentialAction":[{"@type":"ReadAction","target":["https:\/\/naturaltreats.eu\/de\/product\/premium-schweineohren\/"]}]},{"@type":"ImageObject","inLanguage":"de","@id":"https:\/\/naturaltreats.eu\/de\/product\/premium-schweineohren\/#primaryimage","url":"https:\/\/naturaltreats.eu\/wp-content\/uploads\/2024\/10\/Product-Bag-Mockup-1.jpg","contentUrl":"https:\/\/naturaltreats.eu\/wp-content\/uploads\/2024\/10\/Product-Bag-Mockup-1.jpg","width":2000,"height":2000,"caption":"Pig ears for dogs"},{"@type":"BreadcrumbList","@id":"https:\/\/naturaltreats.eu\/de\/product\/premium-schweineohren\/#breadcrumb","itemListElement":[{"@type":"ListItem","position":1,"name":"Home","item":"https:\/\/naturaltreats.eu\/de\/startseite\/"},{"@type":"ListItem","position":2,"name":"Laden","item":"https:\/\/naturaltreats.eu\/de\/laden\/"},{"@type":"ListItem","position":3,"name":"Premium-Schweineohren"}]},{"@type":"WebSite","@id":"https:\/\/naturaltreats.eu\/de\/#website","url":"https:\/\/naturaltreats.eu\/de\/","name":"Natural Treats","description":"Best Rated Natural Dog Treats In Europe","publisher":{"@id":"https:\/\/naturaltreats.eu\/de\/#organization"},"potentialAction":[{"@type":"SearchAction","target":{"@type":"EntryPoint","urlTemplate":"https:\/\/naturaltreats.eu\/de\/?s={search_term_string}"},"query-input":{"@type":"PropertyValueSpecification","valueRequired":true,"valueName":"search_term_string"}}],"inLanguage":"de"},{"@type":"Organization","@id":"https:\/\/naturaltreats.eu\/de\/#organization","name":"Natural Treats","url":"https:\/\/naturaltreats.eu\/de\/","logo":{"@type":"ImageObject","inLanguage":"de","@id":"https:\/\/naturaltreats.eu\/de\/#\/schema\/logo\/image\/","url":"https:\/\/naturaltreats.eu\/wp-content\/uploads\/2020\/08\/social.jpg","contentUrl":"https:\/\/naturaltreats.eu\/wp-content\/uploads\/2020\/08\/social.jpg","width":1000,"height":1000,"caption":"Natural Treats"},"image":{"@id":"https:\/\/naturaltreats.eu\/de\/#\/schema\/logo\/image\/"},"sameAs":["https:\/\/facebook.com\/naturaltreatseu","https:\/\/instagram.com\/naturaltreatseu"]}]},"product_price_amount":"12.50","product_price_currency":"EUR","og_availability":"instock","product_availability":"instock","product_condition":"new"},"_links":{"self":[{"href":"https:\/\/naturaltreats.eu\/de\/wp-json\/wp\/v2\/product\/68313","targetHints":{"allow":["GET"]}}],"collection":[{"href":"https:\/\/naturaltreats.eu\/de\/wp-json\/wp\/v2\/product"}],"about":[{"href":"https:\/\/naturaltreats.eu\/de\/wp-json\/wp\/v2\/types\/product"}],"wp:featuredmedia":[{"embeddable":true,"href":"https:\/\/naturaltreats.eu\/de\/wp-json\/wp\/v2\/media\/68304"}],"wp:attachment":[{"href":"https:\/\/naturaltreats.eu\/de\/wp-json\/wp\/v2\/media?parent=68313"}],"wp:term":[{"taxonomy":"dog-type","embeddable":true,"href":"https:\/\/naturaltreats.eu\/de\/wp-json\/wp\/v2\/dog-type?post=68313"},{"taxonomy":"ingredients","embeddable":true,"href":"https:\/\/naturaltreats.eu\/de\/wp-json\/wp\/v2\/ingredients?post=68313"},{"taxonomy":"product_brand","embeddable":true,"href":"https:\/\/naturaltreats.eu\/de\/wp-json\/wp\/v2\/product_brand?post=68313"},{"taxonomy":"product_cat","embeddable":true,"href":"https:\/\/naturaltreats.eu\/de\/wp-json\/wp\/v2\/product_cat?post=68313"},{"taxonomy":"product_tag","embeddable":true,"href":"https:\/\/naturaltreats.eu\/de\/wp-json\/wp\/v2\/product_tag?post=68313"}],"curies":[{"name":"wp","href":"https:\/\/api.w.org\/{rel}","templated":true}]}}