{"id":70644,"date":"2024-11-25T13:52:15","date_gmt":"2024-11-25T12:57:26","guid":{"rendered":"https:\/\/naturaltreats.eu\/product\/xl-hirschbein\/"},"modified":"2024-11-25T13:57:26","modified_gmt":"2024-11-25T12:57:26","slug":"xl-hirschbein","status":"publish","type":"product","link":"https:\/\/naturaltreats.eu\/de\/product\/xl-hirschbein\/","title":{"rendered":"XL-Hirschbein"},"content":{"rendered":"<p>Unsere extra gro\u00dfe Rehkeule f\u00fcr Hunde ist ein nat\u00fcrlicher und robuster Kausnack, ideal f\u00fcr gro\u00dfe und starke Hunde. Mit einem Gewicht von ca. 600 &#8211; 700 Gramm besteht dieser nat\u00fcrliche Kausnack f\u00fcr Hunde zu 100% aus Hirschfleisch und bietet Ihrem vierbeinigen Begleiter ein lang anhaltendes und befriedigendes Erlebnis. Hirschkeulen f\u00fcr Hunde sind sehr gro\u00df und schwer und enthalten einen gro\u00dfen Knochen. Sie werden f\u00fcr gro\u00dfe und starke Hunde empfohlen, die es gewohnt sind, auf gr\u00f6\u00dferen Knochen zu kauen. <\/p>\n<h3>Vorteile<\/h3>\n<p><strong>Nat\u00fcrlich und gesund<\/strong>: Dieser Kausnack wird ausschlie\u00dflich aus Hirschfleisch hergestellt und ist frei von k\u00fcnstlichen Zusatzstoffen und Konservierungsmitteln, damit Ihr Hund ein gesundes und nahrhaftes Leckerli genie\u00dft. <strong>Unterst\u00fctzt die Zahngesundheit<\/strong>: Das Kauen auf der Rehkeule tr\u00e4gt dazu bei, die Bildung von Zahnbelag und Zahnstein zu reduzieren und f\u00f6rdert so die Gesundheit von Z\u00e4hnen und Zahnfleisch. <strong>Besch\u00e4ftigt und unterh\u00e4lt<\/strong>: Die Langlebigkeit dieses Kausnacks sorgt daf\u00fcr, dass Ihr Hund besch\u00e4ftigt und geistig stimuliert wird, was dazu beitr\u00e4gt, Langeweile zu vertreiben und zerst\u00f6rerisches Verhalten zu reduzieren. <strong>Proteinreich<\/strong>: Hirsch ist eine hervorragende Proteinquelle, die den Muskelaufbau und die allgemeine Gesundheit Ihres Hundes unterst\u00fctzt. <strong>Getreidefrei<\/strong>: Dieser Kausnack ist ideal f\u00fcr Hunde, die empfindlich auf Getreide reagieren oder Allergien haben, da er eine nat\u00fcrliche und allergikerfreundliche Option f\u00fcr Ihren Hund darstellt.<\/p>\n","protected":false},"excerpt":{"rendered":"<p>Unsere extra gro\u00dfe Rehkeule f\u00fcr Hunde ist ein nat\u00fcrlicher und robuster Kausnack, ideal f\u00fcr gro\u00dfe und starke Hunde. Mit einem<\/p>\n","protected":false},"featured_media":70639,"template":"","meta":{"_acf_changed":false},"dog-type":[],"ingredients":[],"product_brand":[],"product_cat":[539],"product_tag":[],"class_list":{"0":"post-70644","1":"product","2":"type-product","3":"status-publish","4":"has-post-thumbnail","6":"product_cat-naturliche-hundeleckerlis","7":"pa_dog-type-grose-hunde","8":"pa_ingredient-hirsche","9":"pa_toughness-sehr-zah","10":"tm-has-options","12":"first","13":"outofstock","14":"sale","15":"taxable","16":"shipping-taxable","17":"purchasable","18":"product-type-simple"},"bundled_by":[],"bundle_stock_status":"outofstock","bundle_stock_quantity":null,"bundle_virtual":false,"bundle_layout":"","bundle_add_to_cart_form_location":"","bundle_editable_in_cart":false,"bundle_sold_individually_context":"","bundle_item_grouping":"","bundle_min_size":"","bundle_max_size":"","bundle_price":[],"bundled_items":[],"bundle_sell_ids":[],"acf":[],"yoast_head":"<!-- This site is optimized with the Yoast SEO Premium plugin v23.5 (Yoast SEO v25.0) - https:\/\/yoast.com\/wordpress\/plugins\/seo\/ -->\n<title>XL-Hirschbein | Natural Treats<\/title>\n<meta name=\"description\" content=\"Unsere extra gro\u00dfe Hirschkeule f\u00fcr Hunde ist ein nat\u00fcrlicher und robuster Kausnack, ideal f\u00fcr gro\u00dfe und starke Hunde.\" \/>\n<meta name=\"robots\" content=\"index, follow, max-snippet:-1, max-image-preview:large, max-video-preview:-1\" \/>\n<link rel=\"canonical\" href=\"https:\/\/naturaltreats.eu\/de\/product\/xl-hirschbein\/\" \/>\n<meta property=\"og:locale\" content=\"de_DE\" \/>\n<meta property=\"og:type\" content=\"article\" \/>\n<meta property=\"og:title\" content=\"XL-Hirschbein\" \/>\n<meta property=\"og:description\" content=\"Unsere extra gro\u00dfe Hirschkeule f\u00fcr Hunde ist ein nat\u00fcrlicher und robuster Kausnack, ideal f\u00fcr gro\u00dfe und starke Hunde.\" \/>\n<meta property=\"og:url\" content=\"https:\/\/naturaltreats.eu\/de\/product\/xl-hirschbein\/\" \/>\n<meta property=\"og:site_name\" content=\"Natural Treats\" \/>\n<meta property=\"article:publisher\" content=\"https:\/\/facebook.com\/naturaltreatseu\" \/>\n<meta property=\"og:image\" content=\"https:\/\/naturaltreats.eu\/wp-content\/uploads\/2024\/11\/XL-Deer-Leg.jpg\" \/>\n\t<meta property=\"og:image:width\" content=\"1600\" \/>\n\t<meta property=\"og:image:height\" content=\"1600\" \/>\n\t<meta property=\"og:image:type\" content=\"image\/jpeg\" \/>\n<meta name=\"twitter:card\" content=\"summary_large_image\" \/>\n<meta name=\"twitter:label1\" content=\"Preis\" \/>\n\t<meta name=\"twitter:data1\" content=\"7,95&euro;\" \/>\n\t<meta name=\"twitter:label2\" content=\"Verf\u00fcgbarkeit\" \/>\n\t<meta name=\"twitter:data2\" content=\"ausverkauft\" \/>\n<script type=\"application\/ld+json\" class=\"yoast-schema-graph\">{\"@context\":\"https:\/\/schema.org\",\"@graph\":[{\"@type\":\"WebPage\",\"@id\":\"https:\/\/naturaltreats.eu\/de\/product\/xl-hirschbein\/\",\"url\":\"https:\/\/naturaltreats.eu\/de\/product\/xl-hirschbein\/\",\"name\":\"XL-Hirschbein | Natural Treats\",\"isPartOf\":{\"@id\":\"https:\/\/naturaltreats.eu\/de\/#website\"},\"primaryImageOfPage\":{\"@id\":\"https:\/\/naturaltreats.eu\/de\/product\/xl-hirschbein\/#primaryimage\"},\"image\":{\"@id\":\"https:\/\/naturaltreats.eu\/de\/product\/xl-hirschbein\/#primaryimage\"},\"thumbnailUrl\":\"https:\/\/naturaltreats.eu\/wp-content\/uploads\/2024\/11\/XL-Deer-Leg.jpg\",\"datePublished\":\"2024-11-25T12:57:26+00:00\",\"description\":\"Unsere extra gro\u00dfe Hirschkeule f\u00fcr Hunde ist ein nat\u00fcrlicher und robuster Kausnack, ideal f\u00fcr gro\u00dfe und starke Hunde.\",\"breadcrumb\":{\"@id\":\"https:\/\/naturaltreats.eu\/de\/product\/xl-hirschbein\/#breadcrumb\"},\"inLanguage\":\"de\",\"potentialAction\":[{\"@type\":\"ReadAction\",\"target\":[\"https:\/\/naturaltreats.eu\/de\/product\/xl-hirschbein\/\"]}]},{\"@type\":\"ImageObject\",\"inLanguage\":\"de\",\"@id\":\"https:\/\/naturaltreats.eu\/de\/product\/xl-hirschbein\/#primaryimage\",\"url\":\"https:\/\/naturaltreats.eu\/wp-content\/uploads\/2024\/11\/XL-Deer-Leg.jpg\",\"contentUrl\":\"https:\/\/naturaltreats.eu\/wp-content\/uploads\/2024\/11\/XL-Deer-Leg.jpg\",\"width\":1600,\"height\":1600,\"caption\":\"Extra large deer leg for dogs.\"},{\"@type\":\"BreadcrumbList\",\"@id\":\"https:\/\/naturaltreats.eu\/de\/product\/xl-hirschbein\/#breadcrumb\",\"itemListElement\":[{\"@type\":\"ListItem\",\"position\":1,\"name\":\"Home\",\"item\":\"https:\/\/naturaltreats.eu\/de\/startseite\/\"},{\"@type\":\"ListItem\",\"position\":2,\"name\":\"Laden\",\"item\":\"https:\/\/naturaltreats.eu\/de\/laden\/\"},{\"@type\":\"ListItem\",\"position\":3,\"name\":\"XL-Hirschbein\"}]},{\"@type\":\"WebSite\",\"@id\":\"https:\/\/naturaltreats.eu\/de\/#website\",\"url\":\"https:\/\/naturaltreats.eu\/de\/\",\"name\":\"Natural Treats\",\"description\":\"Best Rated Natural Dog Treats In Europe\",\"publisher\":{\"@id\":\"https:\/\/naturaltreats.eu\/de\/#organization\"},\"potentialAction\":[{\"@type\":\"SearchAction\",\"target\":{\"@type\":\"EntryPoint\",\"urlTemplate\":\"https:\/\/naturaltreats.eu\/de\/?s={search_term_string}\"},\"query-input\":{\"@type\":\"PropertyValueSpecification\",\"valueRequired\":true,\"valueName\":\"search_term_string\"}}],\"inLanguage\":\"de\"},{\"@type\":\"Organization\",\"@id\":\"https:\/\/naturaltreats.eu\/de\/#organization\",\"name\":\"Natural Treats\",\"url\":\"https:\/\/naturaltreats.eu\/de\/\",\"logo\":{\"@type\":\"ImageObject\",\"inLanguage\":\"de\",\"@id\":\"https:\/\/naturaltreats.eu\/de\/#\/schema\/logo\/image\/\",\"url\":\"https:\/\/naturaltreats.eu\/wp-content\/uploads\/2020\/08\/social.jpg\",\"contentUrl\":\"https:\/\/naturaltreats.eu\/wp-content\/uploads\/2020\/08\/social.jpg\",\"width\":1000,\"height\":1000,\"caption\":\"Natural Treats\"},\"image\":{\"@id\":\"https:\/\/naturaltreats.eu\/de\/#\/schema\/logo\/image\/\"},\"sameAs\":[\"https:\/\/facebook.com\/naturaltreatseu\",\"https:\/\/instagram.com\/naturaltreatseu\"]}]}<\/script>\n<meta property=\"product:price:amount\" content=\"7.95\" \/>\n<meta property=\"product:price:currency\" content=\"EUR\" \/>\n<meta property=\"og:availability\" content=\"out of stock\" \/>\n<meta property=\"product:availability\" content=\"out of stock\" \/>\n<meta property=\"product:condition\" content=\"new\" \/>\n<!-- \/ Yoast SEO Premium plugin. -->","yoast_head_json":{"title":"XL-Hirschbein | Natural Treats","description":"Unsere extra gro\u00dfe Hirschkeule f\u00fcr Hunde ist ein nat\u00fcrlicher und robuster Kausnack, ideal f\u00fcr gro\u00dfe und starke Hunde.","robots":{"index":"index","follow":"follow","max-snippet":"max-snippet:-1","max-image-preview":"max-image-preview:large","max-video-preview":"max-video-preview:-1"},"canonical":"https:\/\/naturaltreats.eu\/de\/product\/xl-hirschbein\/","og_locale":"de_DE","og_type":"article","og_title":"XL-Hirschbein","og_description":"Unsere extra gro\u00dfe Hirschkeule f\u00fcr Hunde ist ein nat\u00fcrlicher und robuster Kausnack, ideal f\u00fcr gro\u00dfe und starke Hunde.","og_url":"https:\/\/naturaltreats.eu\/de\/product\/xl-hirschbein\/","og_site_name":"Natural Treats","article_publisher":"https:\/\/facebook.com\/naturaltreatseu","og_image":[{"width":1600,"height":1600,"url":"https:\/\/naturaltreats.eu\/wp-content\/uploads\/2024\/11\/XL-Deer-Leg.jpg","type":"image\/jpeg"}],"twitter_card":"summary_large_image","twitter_misc":{"Preis":"7,95&euro;","Verf\u00fcgbarkeit":"ausverkauft"},"schema":{"@context":"https:\/\/schema.org","@graph":[{"@type":"WebPage","@id":"https:\/\/naturaltreats.eu\/de\/product\/xl-hirschbein\/","url":"https:\/\/naturaltreats.eu\/de\/product\/xl-hirschbein\/","name":"XL-Hirschbein | Natural Treats","isPartOf":{"@id":"https:\/\/naturaltreats.eu\/de\/#website"},"primaryImageOfPage":{"@id":"https:\/\/naturaltreats.eu\/de\/product\/xl-hirschbein\/#primaryimage"},"image":{"@id":"https:\/\/naturaltreats.eu\/de\/product\/xl-hirschbein\/#primaryimage"},"thumbnailUrl":"https:\/\/naturaltreats.eu\/wp-content\/uploads\/2024\/11\/XL-Deer-Leg.jpg","datePublished":"2024-11-25T12:57:26+00:00","description":"Unsere extra gro\u00dfe Hirschkeule f\u00fcr Hunde ist ein nat\u00fcrlicher und robuster Kausnack, ideal f\u00fcr gro\u00dfe und starke Hunde.","breadcrumb":{"@id":"https:\/\/naturaltreats.eu\/de\/product\/xl-hirschbein\/#breadcrumb"},"inLanguage":"de","potentialAction":[{"@type":"ReadAction","target":["https:\/\/naturaltreats.eu\/de\/product\/xl-hirschbein\/"]}]},{"@type":"ImageObject","inLanguage":"de","@id":"https:\/\/naturaltreats.eu\/de\/product\/xl-hirschbein\/#primaryimage","url":"https:\/\/naturaltreats.eu\/wp-content\/uploads\/2024\/11\/XL-Deer-Leg.jpg","contentUrl":"https:\/\/naturaltreats.eu\/wp-content\/uploads\/2024\/11\/XL-Deer-Leg.jpg","width":1600,"height":1600,"caption":"Extra large deer leg for dogs."},{"@type":"BreadcrumbList","@id":"https:\/\/naturaltreats.eu\/de\/product\/xl-hirschbein\/#breadcrumb","itemListElement":[{"@type":"ListItem","position":1,"name":"Home","item":"https:\/\/naturaltreats.eu\/de\/startseite\/"},{"@type":"ListItem","position":2,"name":"Laden","item":"https:\/\/naturaltreats.eu\/de\/laden\/"},{"@type":"ListItem","position":3,"name":"XL-Hirschbein"}]},{"@type":"WebSite","@id":"https:\/\/naturaltreats.eu\/de\/#website","url":"https:\/\/naturaltreats.eu\/de\/","name":"Natural Treats","description":"Best Rated Natural Dog Treats In Europe","publisher":{"@id":"https:\/\/naturaltreats.eu\/de\/#organization"},"potentialAction":[{"@type":"SearchAction","target":{"@type":"EntryPoint","urlTemplate":"https:\/\/naturaltreats.eu\/de\/?s={search_term_string}"},"query-input":{"@type":"PropertyValueSpecification","valueRequired":true,"valueName":"search_term_string"}}],"inLanguage":"de"},{"@type":"Organization","@id":"https:\/\/naturaltreats.eu\/de\/#organization","name":"Natural Treats","url":"https:\/\/naturaltreats.eu\/de\/","logo":{"@type":"ImageObject","inLanguage":"de","@id":"https:\/\/naturaltreats.eu\/de\/#\/schema\/logo\/image\/","url":"https:\/\/naturaltreats.eu\/wp-content\/uploads\/2020\/08\/social.jpg","contentUrl":"https:\/\/naturaltreats.eu\/wp-content\/uploads\/2020\/08\/social.jpg","width":1000,"height":1000,"caption":"Natural Treats"},"image":{"@id":"https:\/\/naturaltreats.eu\/de\/#\/schema\/logo\/image\/"},"sameAs":["https:\/\/facebook.com\/naturaltreatseu","https:\/\/instagram.com\/naturaltreatseu"]}]},"product_price_amount":"7.95","product_price_currency":"EUR","og_availability":"out of stock","product_availability":"out of stock","product_condition":"new"},"_links":{"self":[{"href":"https:\/\/naturaltreats.eu\/de\/wp-json\/wp\/v2\/product\/70644","targetHints":{"allow":["GET"]}}],"collection":[{"href":"https:\/\/naturaltreats.eu\/de\/wp-json\/wp\/v2\/product"}],"about":[{"href":"https:\/\/naturaltreats.eu\/de\/wp-json\/wp\/v2\/types\/product"}],"wp:featuredmedia":[{"embeddable":true,"href":"https:\/\/naturaltreats.eu\/de\/wp-json\/wp\/v2\/media\/70639"}],"wp:attachment":[{"href":"https:\/\/naturaltreats.eu\/de\/wp-json\/wp\/v2\/media?parent=70644"}],"wp:term":[{"taxonomy":"dog-type","embeddable":true,"href":"https:\/\/naturaltreats.eu\/de\/wp-json\/wp\/v2\/dog-type?post=70644"},{"taxonomy":"ingredients","embeddable":true,"href":"https:\/\/naturaltreats.eu\/de\/wp-json\/wp\/v2\/ingredients?post=70644"},{"taxonomy":"product_brand","embeddable":true,"href":"https:\/\/naturaltreats.eu\/de\/wp-json\/wp\/v2\/product_brand?post=70644"},{"taxonomy":"product_cat","embeddable":true,"href":"https:\/\/naturaltreats.eu\/de\/wp-json\/wp\/v2\/product_cat?post=70644"},{"taxonomy":"product_tag","embeddable":true,"href":"https:\/\/naturaltreats.eu\/de\/wp-json\/wp\/v2\/product_tag?post=70644"}],"curies":[{"name":"wp","href":"https:\/\/api.w.org\/{rel}","templated":true}]}}