{"id":7122,"date":"2021-03-22T12:32:19","date_gmt":"2021-03-22T11:32:19","guid":{"rendered":"https:\/\/naturaltreats.eu\/?post_type=product&#038;p=7122"},"modified":"2023-10-11T12:01:22","modified_gmt":"2023-10-11T10:01:22","slug":"erstellen-sie-ihre-eigene-box","status":"publish","type":"product","link":"https:\/\/naturaltreats.eu\/de\/product\/erstellen-sie-ihre-eigene-box\/","title":{"rendered":"Erstellen Sie Ihre eigene Natural Treats Box"},"content":{"rendered":"<p>Unsere Snacks und Kauartikel werden in ihrer nat\u00fcrlichsten und urspr\u00fcnglichsten Form angeboten. Sie haben die gleiche Form und den gleichen Geruch wie in freier Wildbahn und enthalten keine unangenehmen Zusatzstoffe oder geschmacksverst\u00e4rkenden Chemikalien.<\/p>\n<p>Die Snacks und Kauartikel werden sorgf\u00e4ltig dehydriert und f\u00fcr den Verzehr durch alle Hunderassen zubereitet. Ja, f\u00fcr uns Menschen sehen sie vielleicht etwas seltsam aus (z. B. die H\u00fchnerf\u00fc\u00dfe und die Schweineschnauze), aber f\u00fcr einen Hund sind sie genau das, was er in der Wildnis fressen w\u00fcrde.<\/p>\n<p>Da sie zu 100 % nat\u00fcrlich und gesund sind, enthalten die Leckerlis eine breite Palette an gesundheitlichen Vorteilen, wie z. B.:<\/p>\n<p>Sie sind reich an N\u00e4hrstoffen wie Glucosamin und Chondroitin, die beide daf\u00fcr bekannt sind, die Gesundheit und Beweglichkeit der Gelenke von Hunden zu unterst\u00fctzen.<br \/>\nGesunde Proteine, die zum Aufbau starker Knochen und Muskeln beitragen.<br \/>\nEine gute Quelle f\u00fcr Vitamin A, Eisen, Kupfer, Phosphor, Zink und essenzielle Fetts\u00e4uren.<br \/>\nVitamine D und B-Komplex sowie die Mineralstoffe Kalium und Magnesium, die f\u00fcr eine gesunde Haut, ein gesundes Fell und gesunde Gelenke wichtig sind.<br \/>\nOmega-3-Fetts\u00e4uren und Mineralien, die Ihrem Hund ein gesundes Fell und eine gesunde Haut verleihen.<br \/>\nAu\u00dferdem hilft das Kauen auf der knusprigen Textur und den Rillen einiger Leckerlis dabei, Zahnbelag und Zahnstein auf den Z\u00e4hnen Ihres Hundes zu entfernen.<\/p>\n","protected":false},"excerpt":{"rendered":"<p>Stellen Sie Ihre eigene Snack-Box zusammen und genie\u00dfen Sie alle Vorteile der F\u00fctterung Ihres Hundes mit nat\u00fcrlichen Leckereien.<br \/>\n<i class=\"far fa-circle\"><\/i><i class=\"far fa-circle\"><\/i><i class=\"far fa-circle\"><\/i><br \/>\nSehr weich<br \/>\n<i class=\"fas fa-circle\"><\/i><i class=\"far fa-circle\"><\/i><i class=\"far fa-circle\"><\/i> Weich<br \/>\n<i class=\"fas fa-circle\"><\/i><i class=\"fas fa-circle\"><\/i><i class=\"far fa-circle\"><\/i> Mittlere<br \/>\n<i class=\"fas fa-circle\"><\/i><i class=\"fas fa-circle\"><\/i><i class=\"fas fa-circle\"><\/i> Robust<\/p>\n","protected":false},"featured_media":5141,"template":"","meta":{"_acf_changed":false},"dog-type":[],"ingredients":[],"product_brand":[],"product_cat":[150],"product_tag":[366],"class_list":{"0":"post-7122","1":"product","2":"type-product","3":"status-publish","4":"has-post-thumbnail","6":"product_cat-cyoen-de","7":"product_tag-box-de","8":"has-subscription-plans","9":"tm-has-options","11":"first","12":"instock","13":"taxable","14":"shipping-taxable","15":"purchasable","16":"product-type-mix-and-match"},"bundled_by":[],"bundle_stock_status":"instock","bundle_stock_quantity":null,"bundle_virtual":false,"bundle_layout":"","bundle_add_to_cart_form_location":"","bundle_editable_in_cart":false,"bundle_sold_individually_context":"","bundle_item_grouping":"","bundle_min_size":"","bundle_max_size":"","bundle_price":[],"bundled_items":[],"bundle_sell_ids":[],"acf":[],"yoast_head":"<!-- This site is optimized with the Yoast SEO Premium plugin v23.5 (Yoast SEO v25.0) - https:\/\/yoast.com\/wordpress\/plugins\/seo\/ -->\n<title>Erstellen Sie Ihre eigene Natural Treats Box | Natural Treats<\/title>\n<meta name=\"description\" content=\"Unsere Snacks und Kauartikel werden in ihrer nat\u00fcrlichsten und urspr\u00fcnglichsten Form angeboten. Sie haben die gleiche Form und den gleichen Geruch wie in freier Wildbahn und enthalten keine unangenehmen Zusatzstoffe oder geschmacksverst\u00e4rkenden Chemikalien.\" \/>\n<meta name=\"robots\" content=\"index, follow, max-snippet:-1, max-image-preview:large, max-video-preview:-1\" \/>\n<link rel=\"canonical\" href=\"https:\/\/naturaltreats.eu\/de\/product\/erstellen-sie-ihre-eigene-box\/\" \/>\n<meta property=\"og:locale\" content=\"de_DE\" \/>\n<meta property=\"og:type\" content=\"article\" \/>\n<meta property=\"og:title\" content=\"Erstellen Sie Ihre eigene Natural Treats Box\" \/>\n<meta property=\"og:description\" content=\"Unsere Snacks und Kauartikel werden in ihrer nat\u00fcrlichsten und urspr\u00fcnglichsten Form angeboten. Sie haben die gleiche Form und den gleichen Geruch wie in freier Wildbahn und enthalten keine unangenehmen Zusatzstoffe oder geschmacksverst\u00e4rkenden Chemikalien.\" \/>\n<meta property=\"og:url\" content=\"https:\/\/naturaltreats.eu\/de\/product\/erstellen-sie-ihre-eigene-box\/\" \/>\n<meta property=\"og:site_name\" content=\"Natural Treats\" \/>\n<meta property=\"article:publisher\" content=\"https:\/\/facebook.com\/naturaltreatseu\" \/>\n<meta property=\"article:modified_time\" content=\"2023-10-11T10:01:22+00:00\" \/>\n<meta property=\"og:image\" content=\"https:\/\/naturaltreats.eu\/wp-content\/uploads\/2021\/02\/Natural-Big.jpg\" \/>\n\t<meta property=\"og:image:width\" content=\"1080\" \/>\n\t<meta property=\"og:image:height\" content=\"1080\" \/>\n\t<meta property=\"og:image:type\" content=\"image\/jpeg\" \/>\n<meta name=\"twitter:card\" content=\"summary_large_image\" \/>\n<meta name=\"twitter:label1\" content=\"Preis\" \/>\n\t<meta name=\"twitter:data1\" content=\"0,00&euro;\" \/>\n\t<meta name=\"twitter:label2\" content=\"Verf\u00fcgbarkeit\" \/>\n\t<meta name=\"twitter:data2\" content=\"Auf Lager\" \/>\n<script type=\"application\/ld+json\" class=\"yoast-schema-graph\">{\"@context\":\"https:\/\/schema.org\",\"@graph\":[{\"@type\":\"WebPage\",\"@id\":\"https:\/\/naturaltreats.eu\/de\/product\/erstellen-sie-ihre-eigene-box\/\",\"url\":\"https:\/\/naturaltreats.eu\/de\/product\/erstellen-sie-ihre-eigene-box\/\",\"name\":\"Erstellen Sie Ihre eigene Natural Treats Box | Natural Treats\",\"isPartOf\":{\"@id\":\"https:\/\/naturaltreats.eu\/de\/#website\"},\"primaryImageOfPage\":{\"@id\":\"https:\/\/naturaltreats.eu\/de\/product\/erstellen-sie-ihre-eigene-box\/#primaryimage\"},\"image\":{\"@id\":\"https:\/\/naturaltreats.eu\/de\/product\/erstellen-sie-ihre-eigene-box\/#primaryimage\"},\"thumbnailUrl\":\"https:\/\/naturaltreats.eu\/wp-content\/uploads\/2021\/02\/Natural-Big.jpg\",\"datePublished\":\"2021-03-22T11:32:19+00:00\",\"dateModified\":\"2023-10-11T10:01:22+00:00\",\"description\":\"Unsere Snacks und Kauartikel werden in ihrer nat\u00fcrlichsten und urspr\u00fcnglichsten Form angeboten. Sie haben die gleiche Form und den gleichen Geruch wie in freier Wildbahn und enthalten keine unangenehmen Zusatzstoffe oder geschmacksverst\u00e4rkenden Chemikalien.\",\"breadcrumb\":{\"@id\":\"https:\/\/naturaltreats.eu\/de\/product\/erstellen-sie-ihre-eigene-box\/#breadcrumb\"},\"inLanguage\":\"de\",\"potentialAction\":[{\"@type\":\"ReadAction\",\"target\":[\"https:\/\/naturaltreats.eu\/de\/product\/erstellen-sie-ihre-eigene-box\/\"]}]},{\"@type\":\"ImageObject\",\"inLanguage\":\"de\",\"@id\":\"https:\/\/naturaltreats.eu\/de\/product\/erstellen-sie-ihre-eigene-box\/#primaryimage\",\"url\":\"https:\/\/naturaltreats.eu\/wp-content\/uploads\/2021\/02\/Natural-Big.jpg\",\"contentUrl\":\"https:\/\/naturaltreats.eu\/wp-content\/uploads\/2021\/02\/Natural-Big.jpg\",\"width\":1080,\"height\":1080,\"caption\":\"Original Hundeleckerli Box\"},{\"@type\":\"BreadcrumbList\",\"@id\":\"https:\/\/naturaltreats.eu\/de\/product\/erstellen-sie-ihre-eigene-box\/#breadcrumb\",\"itemListElement\":[{\"@type\":\"ListItem\",\"position\":1,\"name\":\"Home\",\"item\":\"https:\/\/naturaltreats.eu\/de\/startseite\/\"},{\"@type\":\"ListItem\",\"position\":2,\"name\":\"Laden\",\"item\":\"https:\/\/naturaltreats.eu\/de\/laden\/\"},{\"@type\":\"ListItem\",\"position\":3,\"name\":\"Erstellen Sie Ihre eigene Natural Treats Box\"}]},{\"@type\":\"WebSite\",\"@id\":\"https:\/\/naturaltreats.eu\/de\/#website\",\"url\":\"https:\/\/naturaltreats.eu\/de\/\",\"name\":\"Natural Treats\",\"description\":\"Best Rated Natural Dog Treats In Europe\",\"publisher\":{\"@id\":\"https:\/\/naturaltreats.eu\/de\/#organization\"},\"potentialAction\":[{\"@type\":\"SearchAction\",\"target\":{\"@type\":\"EntryPoint\",\"urlTemplate\":\"https:\/\/naturaltreats.eu\/de\/?s={search_term_string}\"},\"query-input\":{\"@type\":\"PropertyValueSpecification\",\"valueRequired\":true,\"valueName\":\"search_term_string\"}}],\"inLanguage\":\"de\"},{\"@type\":\"Organization\",\"@id\":\"https:\/\/naturaltreats.eu\/de\/#organization\",\"name\":\"Natural Treats\",\"url\":\"https:\/\/naturaltreats.eu\/de\/\",\"logo\":{\"@type\":\"ImageObject\",\"inLanguage\":\"de\",\"@id\":\"https:\/\/naturaltreats.eu\/de\/#\/schema\/logo\/image\/\",\"url\":\"https:\/\/naturaltreats.eu\/wp-content\/uploads\/2020\/08\/social.jpg\",\"contentUrl\":\"https:\/\/naturaltreats.eu\/wp-content\/uploads\/2020\/08\/social.jpg\",\"width\":1000,\"height\":1000,\"caption\":\"Natural Treats\"},\"image\":{\"@id\":\"https:\/\/naturaltreats.eu\/de\/#\/schema\/logo\/image\/\"},\"sameAs\":[\"https:\/\/facebook.com\/naturaltreatseu\",\"https:\/\/instagram.com\/naturaltreatseu\"]}]}<\/script>\n<meta property=\"product:price:amount\" content=\"0.00\" \/>\n<meta property=\"product:price:currency\" content=\"EUR\" \/>\n<meta property=\"og:availability\" content=\"instock\" \/>\n<meta property=\"product:availability\" content=\"instock\" \/>\n<meta property=\"product:condition\" content=\"new\" \/>\n<!-- \/ Yoast SEO Premium plugin. -->","yoast_head_json":{"title":"Erstellen Sie Ihre eigene Natural Treats Box | Natural Treats","description":"Unsere Snacks und Kauartikel werden in ihrer nat\u00fcrlichsten und urspr\u00fcnglichsten Form angeboten. Sie haben die gleiche Form und den gleichen Geruch wie in freier Wildbahn und enthalten keine unangenehmen Zusatzstoffe oder geschmacksverst\u00e4rkenden Chemikalien.","robots":{"index":"index","follow":"follow","max-snippet":"max-snippet:-1","max-image-preview":"max-image-preview:large","max-video-preview":"max-video-preview:-1"},"canonical":"https:\/\/naturaltreats.eu\/de\/product\/erstellen-sie-ihre-eigene-box\/","og_locale":"de_DE","og_type":"article","og_title":"Erstellen Sie Ihre eigene Natural Treats Box","og_description":"Unsere Snacks und Kauartikel werden in ihrer nat\u00fcrlichsten und urspr\u00fcnglichsten Form angeboten. Sie haben die gleiche Form und den gleichen Geruch wie in freier Wildbahn und enthalten keine unangenehmen Zusatzstoffe oder geschmacksverst\u00e4rkenden Chemikalien.","og_url":"https:\/\/naturaltreats.eu\/de\/product\/erstellen-sie-ihre-eigene-box\/","og_site_name":"Natural Treats","article_publisher":"https:\/\/facebook.com\/naturaltreatseu","article_modified_time":"2023-10-11T10:01:22+00:00","og_image":[{"width":1080,"height":1080,"url":"https:\/\/naturaltreats.eu\/wp-content\/uploads\/2021\/02\/Natural-Big.jpg","type":"image\/jpeg"}],"twitter_card":"summary_large_image","twitter_misc":{"Preis":"0,00&euro;","Verf\u00fcgbarkeit":"Auf Lager"},"schema":{"@context":"https:\/\/schema.org","@graph":[{"@type":"WebPage","@id":"https:\/\/naturaltreats.eu\/de\/product\/erstellen-sie-ihre-eigene-box\/","url":"https:\/\/naturaltreats.eu\/de\/product\/erstellen-sie-ihre-eigene-box\/","name":"Erstellen Sie Ihre eigene Natural Treats Box | Natural Treats","isPartOf":{"@id":"https:\/\/naturaltreats.eu\/de\/#website"},"primaryImageOfPage":{"@id":"https:\/\/naturaltreats.eu\/de\/product\/erstellen-sie-ihre-eigene-box\/#primaryimage"},"image":{"@id":"https:\/\/naturaltreats.eu\/de\/product\/erstellen-sie-ihre-eigene-box\/#primaryimage"},"thumbnailUrl":"https:\/\/naturaltreats.eu\/wp-content\/uploads\/2021\/02\/Natural-Big.jpg","datePublished":"2021-03-22T11:32:19+00:00","dateModified":"2023-10-11T10:01:22+00:00","description":"Unsere Snacks und Kauartikel werden in ihrer nat\u00fcrlichsten und urspr\u00fcnglichsten Form angeboten. Sie haben die gleiche Form und den gleichen Geruch wie in freier Wildbahn und enthalten keine unangenehmen Zusatzstoffe oder geschmacksverst\u00e4rkenden Chemikalien.","breadcrumb":{"@id":"https:\/\/naturaltreats.eu\/de\/product\/erstellen-sie-ihre-eigene-box\/#breadcrumb"},"inLanguage":"de","potentialAction":[{"@type":"ReadAction","target":["https:\/\/naturaltreats.eu\/de\/product\/erstellen-sie-ihre-eigene-box\/"]}]},{"@type":"ImageObject","inLanguage":"de","@id":"https:\/\/naturaltreats.eu\/de\/product\/erstellen-sie-ihre-eigene-box\/#primaryimage","url":"https:\/\/naturaltreats.eu\/wp-content\/uploads\/2021\/02\/Natural-Big.jpg","contentUrl":"https:\/\/naturaltreats.eu\/wp-content\/uploads\/2021\/02\/Natural-Big.jpg","width":1080,"height":1080,"caption":"Original Hundeleckerli Box"},{"@type":"BreadcrumbList","@id":"https:\/\/naturaltreats.eu\/de\/product\/erstellen-sie-ihre-eigene-box\/#breadcrumb","itemListElement":[{"@type":"ListItem","position":1,"name":"Home","item":"https:\/\/naturaltreats.eu\/de\/startseite\/"},{"@type":"ListItem","position":2,"name":"Laden","item":"https:\/\/naturaltreats.eu\/de\/laden\/"},{"@type":"ListItem","position":3,"name":"Erstellen Sie Ihre eigene Natural Treats Box"}]},{"@type":"WebSite","@id":"https:\/\/naturaltreats.eu\/de\/#website","url":"https:\/\/naturaltreats.eu\/de\/","name":"Natural Treats","description":"Best Rated Natural Dog Treats In Europe","publisher":{"@id":"https:\/\/naturaltreats.eu\/de\/#organization"},"potentialAction":[{"@type":"SearchAction","target":{"@type":"EntryPoint","urlTemplate":"https:\/\/naturaltreats.eu\/de\/?s={search_term_string}"},"query-input":{"@type":"PropertyValueSpecification","valueRequired":true,"valueName":"search_term_string"}}],"inLanguage":"de"},{"@type":"Organization","@id":"https:\/\/naturaltreats.eu\/de\/#organization","name":"Natural Treats","url":"https:\/\/naturaltreats.eu\/de\/","logo":{"@type":"ImageObject","inLanguage":"de","@id":"https:\/\/naturaltreats.eu\/de\/#\/schema\/logo\/image\/","url":"https:\/\/naturaltreats.eu\/wp-content\/uploads\/2020\/08\/social.jpg","contentUrl":"https:\/\/naturaltreats.eu\/wp-content\/uploads\/2020\/08\/social.jpg","width":1000,"height":1000,"caption":"Natural Treats"},"image":{"@id":"https:\/\/naturaltreats.eu\/de\/#\/schema\/logo\/image\/"},"sameAs":["https:\/\/facebook.com\/naturaltreatseu","https:\/\/instagram.com\/naturaltreatseu"]}]},"product_price_amount":"0.00","product_price_currency":"EUR","og_availability":"instock","product_availability":"instock","product_condition":"new"},"_links":{"self":[{"href":"https:\/\/naturaltreats.eu\/de\/wp-json\/wp\/v2\/product\/7122","targetHints":{"allow":["GET"]}}],"collection":[{"href":"https:\/\/naturaltreats.eu\/de\/wp-json\/wp\/v2\/product"}],"about":[{"href":"https:\/\/naturaltreats.eu\/de\/wp-json\/wp\/v2\/types\/product"}],"wp:featuredmedia":[{"embeddable":true,"href":"https:\/\/naturaltreats.eu\/de\/wp-json\/wp\/v2\/media\/5141"}],"wp:attachment":[{"href":"https:\/\/naturaltreats.eu\/de\/wp-json\/wp\/v2\/media?parent=7122"}],"wp:term":[{"taxonomy":"dog-type","embeddable":true,"href":"https:\/\/naturaltreats.eu\/de\/wp-json\/wp\/v2\/dog-type?post=7122"},{"taxonomy":"ingredients","embeddable":true,"href":"https:\/\/naturaltreats.eu\/de\/wp-json\/wp\/v2\/ingredients?post=7122"},{"taxonomy":"product_brand","embeddable":true,"href":"https:\/\/naturaltreats.eu\/de\/wp-json\/wp\/v2\/product_brand?post=7122"},{"taxonomy":"product_cat","embeddable":true,"href":"https:\/\/naturaltreats.eu\/de\/wp-json\/wp\/v2\/product_cat?post=7122"},{"taxonomy":"product_tag","embeddable":true,"href":"https:\/\/naturaltreats.eu\/de\/wp-json\/wp\/v2\/product_tag?post=7122"}],"curies":[{"name":"wp","href":"https:\/\/api.w.org\/{rel}","templated":true}]}}