{"id":7125,"date":"2021-01-31T11:38:13","date_gmt":"2021-01-31T10:38:13","guid":{"rendered":"https:\/\/naturaltreats.eu\/product\/paddywack-rindfleisch\/"},"modified":"2023-04-18T11:31:49","modified_gmt":"2023-04-18T09:31:49","slug":"rindfleisch-paddywack","status":"publish","type":"product","link":"https:\/\/naturaltreats.eu\/de\/product\/rindfleisch-paddywack\/","title":{"rendered":"Rindfleisch Paddywack"},"content":{"rendered":"<p class=\"p1\">Unsere Paddywack-Rindfleisch-Hundeleckerlis (auch bekannt als Rindersehnen) sind vollkommen nat\u00fcrlich. Sie werden nur aus der Nackensehne von K\u00fchen hergestellt. Diese z\u00e4h strukturierten Leckerlis werden Ihren Hund lange Zeit besch\u00e4ftigen und gl\u00fccklich machen. Nat\u00fcrlich reich an Eiwei\u00df und fettarm und nat\u00fcrlich eine gute Zahnpflege.<\/p>\n<p class=\"p1\">Da es sich um ein Rindfleischprodukt handelt, gilt es auch als allergenarmes Produkt. Es wird also keine Magenverstimmung geben!<\/p>\n","protected":false},"excerpt":{"rendered":"<p><i class=\"fas fa-circle\"><\/i><i class=\"fas fa-circle\"><\/i><i class=\"fas fa-circle\"><\/i> | 50g<\/p>\n","protected":false},"featured_media":47060,"template":"","meta":{"_acf_changed":false},"dog-type":[],"ingredients":[],"product_brand":[],"product_cat":[115],"product_tag":[],"class_list":{"0":"post-7125","1":"product","2":"type-product","3":"status-publish","4":"has-post-thumbnail","6":"product_cat-snacks-de","7":"tm-has-options","9":"first","10":"instock","11":"taxable","12":"shipping-taxable","13":"purchasable","14":"product-type-simple"},"bundled_by":[],"bundle_stock_status":"instock","bundle_stock_quantity":null,"bundle_virtual":false,"bundle_layout":"","bundle_add_to_cart_form_location":"","bundle_editable_in_cart":false,"bundle_sold_individually_context":"","bundle_item_grouping":"","bundle_min_size":"","bundle_max_size":"","bundle_price":[],"bundled_items":[],"bundle_sell_ids":[],"acf":[],"yoast_head":"<!-- This site is optimized with the Yoast SEO Premium plugin v23.5 (Yoast SEO v25.0) - https:\/\/yoast.com\/wordpress\/plugins\/seo\/ -->\n<title>Rindfleisch Paddywack | Natural Treats<\/title>\n<meta name=\"description\" content=\"Unsere Paddywack-Rindfleisch-Hundeleckerlis (auch bekannt als Rindersehnen) sind vollkommen nat\u00fcrlich. Sie werden nur aus der Nackensehne von K\u00fchen hergestellt. Diese z\u00e4h strukturierten Leckerlis werden Ihren Hund lange Zeit besch\u00e4ftigen und gl\u00fccklich machen. Nat\u00fcrlich reich an Eiwei\u00df und fettarm und nat\u00fcrlich eine gute Zahnpflege.\" \/>\n<meta name=\"robots\" content=\"index, follow, max-snippet:-1, max-image-preview:large, max-video-preview:-1\" \/>\n<link rel=\"canonical\" href=\"https:\/\/naturaltreats.eu\/de\/product\/rindfleisch-paddywack\/\" \/>\n<meta property=\"og:locale\" content=\"de_DE\" \/>\n<meta property=\"og:type\" content=\"article\" \/>\n<meta property=\"og:title\" content=\"Rindfleisch Paddywack\" \/>\n<meta property=\"og:description\" content=\"Unsere Paddywack-Rindfleisch-Hundeleckerlis (auch bekannt als Rindersehnen) sind vollkommen nat\u00fcrlich. Sie werden nur aus der Nackensehne von K\u00fchen hergestellt. Diese z\u00e4h strukturierten Leckerlis werden Ihren Hund lange Zeit besch\u00e4ftigen und gl\u00fccklich machen. Nat\u00fcrlich reich an Eiwei\u00df und fettarm und nat\u00fcrlich eine gute Zahnpflege.\" \/>\n<meta property=\"og:url\" content=\"https:\/\/naturaltreats.eu\/de\/product\/rindfleisch-paddywack\/\" \/>\n<meta property=\"og:site_name\" content=\"Natural Treats\" \/>\n<meta property=\"article:publisher\" content=\"https:\/\/facebook.com\/naturaltreatseu\" \/>\n<meta property=\"article:modified_time\" content=\"2023-04-18T09:31:49+00:00\" \/>\n<meta property=\"og:image\" content=\"https:\/\/naturaltreats.eu\/wp-content\/uploads\/2020\/10\/paddy.jpg\" \/>\n\t<meta property=\"og:image:width\" content=\"1280\" \/>\n\t<meta property=\"og:image:height\" content=\"1280\" \/>\n\t<meta property=\"og:image:type\" content=\"image\/jpeg\" \/>\n<meta name=\"twitter:card\" content=\"summary_large_image\" \/>\n<meta name=\"twitter:label1\" content=\"Preis\" \/>\n\t<meta name=\"twitter:data1\" content=\"1,90&euro;\" \/>\n\t<meta name=\"twitter:label2\" content=\"Verf\u00fcgbarkeit\" \/>\n\t<meta name=\"twitter:data2\" content=\"Auf Lager\" \/>\n<script type=\"application\/ld+json\" class=\"yoast-schema-graph\">{\"@context\":\"https:\/\/schema.org\",\"@graph\":[{\"@type\":\"WebPage\",\"@id\":\"https:\/\/naturaltreats.eu\/de\/product\/rindfleisch-paddywack\/\",\"url\":\"https:\/\/naturaltreats.eu\/de\/product\/rindfleisch-paddywack\/\",\"name\":\"Rindfleisch Paddywack | Natural Treats\",\"isPartOf\":{\"@id\":\"https:\/\/naturaltreats.eu\/de\/#website\"},\"primaryImageOfPage\":{\"@id\":\"https:\/\/naturaltreats.eu\/de\/product\/rindfleisch-paddywack\/#primaryimage\"},\"image\":{\"@id\":\"https:\/\/naturaltreats.eu\/de\/product\/rindfleisch-paddywack\/#primaryimage\"},\"thumbnailUrl\":\"https:\/\/naturaltreats.eu\/wp-content\/uploads\/2020\/10\/paddy.jpg\",\"datePublished\":\"2021-01-31T10:38:13+00:00\",\"dateModified\":\"2023-04-18T09:31:49+00:00\",\"description\":\"Unsere Paddywack-Rindfleisch-Hundeleckerlis (auch bekannt als Rindersehnen) sind vollkommen nat\u00fcrlich. Sie werden nur aus der Nackensehne von K\u00fchen hergestellt. Diese z\u00e4h strukturierten Leckerlis werden Ihren Hund lange Zeit besch\u00e4ftigen und gl\u00fccklich machen. Nat\u00fcrlich reich an Eiwei\u00df und fettarm und nat\u00fcrlich eine gute Zahnpflege.\",\"breadcrumb\":{\"@id\":\"https:\/\/naturaltreats.eu\/de\/product\/rindfleisch-paddywack\/#breadcrumb\"},\"inLanguage\":\"de\",\"potentialAction\":[{\"@type\":\"ReadAction\",\"target\":[\"https:\/\/naturaltreats.eu\/de\/product\/rindfleisch-paddywack\/\"]}]},{\"@type\":\"ImageObject\",\"inLanguage\":\"de\",\"@id\":\"https:\/\/naturaltreats.eu\/de\/product\/rindfleisch-paddywack\/#primaryimage\",\"url\":\"https:\/\/naturaltreats.eu\/wp-content\/uploads\/2020\/10\/paddy.jpg\",\"contentUrl\":\"https:\/\/naturaltreats.eu\/wp-content\/uploads\/2020\/10\/paddy.jpg\",\"width\":1280,\"height\":1280,\"caption\":\"paddywack for dogs\"},{\"@type\":\"BreadcrumbList\",\"@id\":\"https:\/\/naturaltreats.eu\/de\/product\/rindfleisch-paddywack\/#breadcrumb\",\"itemListElement\":[{\"@type\":\"ListItem\",\"position\":1,\"name\":\"Home\",\"item\":\"https:\/\/naturaltreats.eu\/de\/startseite\/\"},{\"@type\":\"ListItem\",\"position\":2,\"name\":\"Laden\",\"item\":\"https:\/\/naturaltreats.eu\/de\/laden\/\"},{\"@type\":\"ListItem\",\"position\":3,\"name\":\"Rindfleisch Paddywack\"}]},{\"@type\":\"WebSite\",\"@id\":\"https:\/\/naturaltreats.eu\/de\/#website\",\"url\":\"https:\/\/naturaltreats.eu\/de\/\",\"name\":\"Natural Treats\",\"description\":\"Best Rated Natural Dog Treats In Europe\",\"publisher\":{\"@id\":\"https:\/\/naturaltreats.eu\/de\/#organization\"},\"potentialAction\":[{\"@type\":\"SearchAction\",\"target\":{\"@type\":\"EntryPoint\",\"urlTemplate\":\"https:\/\/naturaltreats.eu\/de\/?s={search_term_string}\"},\"query-input\":{\"@type\":\"PropertyValueSpecification\",\"valueRequired\":true,\"valueName\":\"search_term_string\"}}],\"inLanguage\":\"de\"},{\"@type\":\"Organization\",\"@id\":\"https:\/\/naturaltreats.eu\/de\/#organization\",\"name\":\"Natural Treats\",\"url\":\"https:\/\/naturaltreats.eu\/de\/\",\"logo\":{\"@type\":\"ImageObject\",\"inLanguage\":\"de\",\"@id\":\"https:\/\/naturaltreats.eu\/de\/#\/schema\/logo\/image\/\",\"url\":\"https:\/\/naturaltreats.eu\/wp-content\/uploads\/2020\/08\/social.jpg\",\"contentUrl\":\"https:\/\/naturaltreats.eu\/wp-content\/uploads\/2020\/08\/social.jpg\",\"width\":1000,\"height\":1000,\"caption\":\"Natural Treats\"},\"image\":{\"@id\":\"https:\/\/naturaltreats.eu\/de\/#\/schema\/logo\/image\/\"},\"sameAs\":[\"https:\/\/facebook.com\/naturaltreatseu\",\"https:\/\/instagram.com\/naturaltreatseu\"]}]}<\/script>\n<meta property=\"product:price:amount\" content=\"1.90\" \/>\n<meta property=\"product:price:currency\" content=\"EUR\" \/>\n<meta property=\"og:availability\" content=\"instock\" \/>\n<meta property=\"product:availability\" content=\"instock\" \/>\n<meta property=\"product:retailer_item_id\" content=\"0.05\" \/>\n<meta property=\"product:condition\" content=\"new\" \/>\n<!-- \/ Yoast SEO Premium plugin. -->","yoast_head_json":{"title":"Rindfleisch Paddywack | Natural Treats","description":"Unsere Paddywack-Rindfleisch-Hundeleckerlis (auch bekannt als Rindersehnen) sind vollkommen nat\u00fcrlich. Sie werden nur aus der Nackensehne von K\u00fchen hergestellt. Diese z\u00e4h strukturierten Leckerlis werden Ihren Hund lange Zeit besch\u00e4ftigen und gl\u00fccklich machen. Nat\u00fcrlich reich an Eiwei\u00df und fettarm und nat\u00fcrlich eine gute Zahnpflege.","robots":{"index":"index","follow":"follow","max-snippet":"max-snippet:-1","max-image-preview":"max-image-preview:large","max-video-preview":"max-video-preview:-1"},"canonical":"https:\/\/naturaltreats.eu\/de\/product\/rindfleisch-paddywack\/","og_locale":"de_DE","og_type":"article","og_title":"Rindfleisch Paddywack","og_description":"Unsere Paddywack-Rindfleisch-Hundeleckerlis (auch bekannt als Rindersehnen) sind vollkommen nat\u00fcrlich. Sie werden nur aus der Nackensehne von K\u00fchen hergestellt. Diese z\u00e4h strukturierten Leckerlis werden Ihren Hund lange Zeit besch\u00e4ftigen und gl\u00fccklich machen. Nat\u00fcrlich reich an Eiwei\u00df und fettarm und nat\u00fcrlich eine gute Zahnpflege.","og_url":"https:\/\/naturaltreats.eu\/de\/product\/rindfleisch-paddywack\/","og_site_name":"Natural Treats","article_publisher":"https:\/\/facebook.com\/naturaltreatseu","article_modified_time":"2023-04-18T09:31:49+00:00","og_image":[{"width":1280,"height":1280,"url":"https:\/\/naturaltreats.eu\/wp-content\/uploads\/2020\/10\/paddy.jpg","type":"image\/jpeg"}],"twitter_card":"summary_large_image","twitter_misc":{"Preis":"1,90&euro;","Verf\u00fcgbarkeit":"Auf Lager"},"schema":{"@context":"https:\/\/schema.org","@graph":[{"@type":"WebPage","@id":"https:\/\/naturaltreats.eu\/de\/product\/rindfleisch-paddywack\/","url":"https:\/\/naturaltreats.eu\/de\/product\/rindfleisch-paddywack\/","name":"Rindfleisch Paddywack | Natural Treats","isPartOf":{"@id":"https:\/\/naturaltreats.eu\/de\/#website"},"primaryImageOfPage":{"@id":"https:\/\/naturaltreats.eu\/de\/product\/rindfleisch-paddywack\/#primaryimage"},"image":{"@id":"https:\/\/naturaltreats.eu\/de\/product\/rindfleisch-paddywack\/#primaryimage"},"thumbnailUrl":"https:\/\/naturaltreats.eu\/wp-content\/uploads\/2020\/10\/paddy.jpg","datePublished":"2021-01-31T10:38:13+00:00","dateModified":"2023-04-18T09:31:49+00:00","description":"Unsere Paddywack-Rindfleisch-Hundeleckerlis (auch bekannt als Rindersehnen) sind vollkommen nat\u00fcrlich. Sie werden nur aus der Nackensehne von K\u00fchen hergestellt. Diese z\u00e4h strukturierten Leckerlis werden Ihren Hund lange Zeit besch\u00e4ftigen und gl\u00fccklich machen. Nat\u00fcrlich reich an Eiwei\u00df und fettarm und nat\u00fcrlich eine gute Zahnpflege.","breadcrumb":{"@id":"https:\/\/naturaltreats.eu\/de\/product\/rindfleisch-paddywack\/#breadcrumb"},"inLanguage":"de","potentialAction":[{"@type":"ReadAction","target":["https:\/\/naturaltreats.eu\/de\/product\/rindfleisch-paddywack\/"]}]},{"@type":"ImageObject","inLanguage":"de","@id":"https:\/\/naturaltreats.eu\/de\/product\/rindfleisch-paddywack\/#primaryimage","url":"https:\/\/naturaltreats.eu\/wp-content\/uploads\/2020\/10\/paddy.jpg","contentUrl":"https:\/\/naturaltreats.eu\/wp-content\/uploads\/2020\/10\/paddy.jpg","width":1280,"height":1280,"caption":"paddywack for dogs"},{"@type":"BreadcrumbList","@id":"https:\/\/naturaltreats.eu\/de\/product\/rindfleisch-paddywack\/#breadcrumb","itemListElement":[{"@type":"ListItem","position":1,"name":"Home","item":"https:\/\/naturaltreats.eu\/de\/startseite\/"},{"@type":"ListItem","position":2,"name":"Laden","item":"https:\/\/naturaltreats.eu\/de\/laden\/"},{"@type":"ListItem","position":3,"name":"Rindfleisch Paddywack"}]},{"@type":"WebSite","@id":"https:\/\/naturaltreats.eu\/de\/#website","url":"https:\/\/naturaltreats.eu\/de\/","name":"Natural Treats","description":"Best Rated Natural Dog Treats In Europe","publisher":{"@id":"https:\/\/naturaltreats.eu\/de\/#organization"},"potentialAction":[{"@type":"SearchAction","target":{"@type":"EntryPoint","urlTemplate":"https:\/\/naturaltreats.eu\/de\/?s={search_term_string}"},"query-input":{"@type":"PropertyValueSpecification","valueRequired":true,"valueName":"search_term_string"}}],"inLanguage":"de"},{"@type":"Organization","@id":"https:\/\/naturaltreats.eu\/de\/#organization","name":"Natural Treats","url":"https:\/\/naturaltreats.eu\/de\/","logo":{"@type":"ImageObject","inLanguage":"de","@id":"https:\/\/naturaltreats.eu\/de\/#\/schema\/logo\/image\/","url":"https:\/\/naturaltreats.eu\/wp-content\/uploads\/2020\/08\/social.jpg","contentUrl":"https:\/\/naturaltreats.eu\/wp-content\/uploads\/2020\/08\/social.jpg","width":1000,"height":1000,"caption":"Natural Treats"},"image":{"@id":"https:\/\/naturaltreats.eu\/de\/#\/schema\/logo\/image\/"},"sameAs":["https:\/\/facebook.com\/naturaltreatseu","https:\/\/instagram.com\/naturaltreatseu"]}]},"product_price_amount":"1.90","product_price_currency":"EUR","og_availability":"instock","product_availability":"instock","product_retailer_item_id":"0.05","product_condition":"new"},"_links":{"self":[{"href":"https:\/\/naturaltreats.eu\/de\/wp-json\/wp\/v2\/product\/7125","targetHints":{"allow":["GET"]}}],"collection":[{"href":"https:\/\/naturaltreats.eu\/de\/wp-json\/wp\/v2\/product"}],"about":[{"href":"https:\/\/naturaltreats.eu\/de\/wp-json\/wp\/v2\/types\/product"}],"wp:featuredmedia":[{"embeddable":true,"href":"https:\/\/naturaltreats.eu\/de\/wp-json\/wp\/v2\/media\/47060"}],"wp:attachment":[{"href":"https:\/\/naturaltreats.eu\/de\/wp-json\/wp\/v2\/media?parent=7125"}],"wp:term":[{"taxonomy":"dog-type","embeddable":true,"href":"https:\/\/naturaltreats.eu\/de\/wp-json\/wp\/v2\/dog-type?post=7125"},{"taxonomy":"ingredients","embeddable":true,"href":"https:\/\/naturaltreats.eu\/de\/wp-json\/wp\/v2\/ingredients?post=7125"},{"taxonomy":"product_brand","embeddable":true,"href":"https:\/\/naturaltreats.eu\/de\/wp-json\/wp\/v2\/product_brand?post=7125"},{"taxonomy":"product_cat","embeddable":true,"href":"https:\/\/naturaltreats.eu\/de\/wp-json\/wp\/v2\/product_cat?post=7125"},{"taxonomy":"product_tag","embeddable":true,"href":"https:\/\/naturaltreats.eu\/de\/wp-json\/wp\/v2\/product_tag?post=7125"}],"curies":[{"name":"wp","href":"https:\/\/api.w.org\/{rel}","templated":true}]}}