{"id":7126,"date":"2021-01-31T11:37:23","date_gmt":"2021-01-31T10:37:23","guid":{"rendered":"https:\/\/naturaltreats.eu\/product\/rinderschwanz\/"},"modified":"2023-02-15T22:16:01","modified_gmt":"2023-02-15T21:16:01","slug":"rinderschwanz","status":"publish","type":"product","link":"https:\/\/naturaltreats.eu\/de\/product\/rinderschwanz\/","title":{"rendered":"Rinderschwanz"},"content":{"rendered":"<p class=\"p1\">Beef Tails eignen sich hervorragend als Kauartikel f\u00fcr Hunde mit empfindlicher Verdauung oder Allergien. Au\u00dferdem sind sie reich an Eiwei\u00df und fettarm. Unsere Beef Tail Kausnacks sind 100% nat\u00fcrlich und wurden langsam getrocknet, um einen Leckerbissen zu produzieren, der Ihren Hund besch\u00e4ftigt und ein toller Snack f\u00fcr zwischendurch ist.<\/p>\n<p class=\"p1\">Sie sind au\u00dferdem geruchsneutral und helfen, die Z\u00e4hne Ihres Hundes in Topform zu halten.<\/p>\n<p>Rinderschw\u00e4nze sind unglaublich fettarm und ein nat\u00fcrlicher Knorpel f\u00fcr Hunde. Sie sind hervorragend f\u00fcr die Kiefermuskulatur Ihres Hundes geeignet. Rinderschw\u00e4nze spielen auch eine wichtige Rolle bei der Reinigung des Zahnfleisches und der Z\u00e4hne Ihres Hundes. Das Kauen von Rinderschw\u00e4nzen f\u00fchrt zur St\u00e4rkung von Zahnfleisch und Muskeln.<\/p>\n","protected":false},"excerpt":{"rendered":"<p><i class=\"fas fa-circle\"><\/i><i class=\"fas fa-circle\"><\/i><i class=\"far fa-circle\"><\/i> | 20g | 1 St\u00fcck<\/p>\n","protected":false},"featured_media":34048,"template":"","meta":{"_acf_changed":false},"dog-type":[],"ingredients":[],"product_brand":[],"product_cat":[115],"product_tag":[],"class_list":{"0":"post-7126","1":"product","2":"type-product","3":"status-publish","4":"has-post-thumbnail","6":"product_cat-snacks-de","7":"tm-has-options","9":"first","10":"outofstock","11":"taxable","12":"shipping-taxable","13":"purchasable","14":"product-type-simple"},"bundled_by":[],"bundle_stock_status":"outofstock","bundle_stock_quantity":null,"bundle_virtual":false,"bundle_layout":"","bundle_add_to_cart_form_location":"","bundle_editable_in_cart":false,"bundle_sold_individually_context":"","bundle_item_grouping":"","bundle_min_size":"","bundle_max_size":"","bundle_price":[],"bundled_items":[],"bundle_sell_ids":[],"acf":[],"yoast_head":"<!-- This site is optimized with the Yoast SEO Premium plugin v23.5 (Yoast SEO v25.0) - https:\/\/yoast.com\/wordpress\/plugins\/seo\/ -->\n<title>Rinderschwanz | Natural Treats<\/title>\n<meta name=\"description\" content=\"Beef Tails eignen sich hervorragend als Kauartikel f\u00fcr Hunde mit empfindlicher Verdauung oder Allergien. Au\u00dferdem sind sie reich an Eiwei\u00df und fettarm. Unsere Beef Tail Kausnacks sind 100% nat\u00fcrlich und wurden langsam getrocknet, um einen Leckerbissen zu produzieren, der Ihren Hund besch\u00e4ftigt und ein toller Snack f\u00fcr zwischendurch ist.\" \/>\n<meta name=\"robots\" content=\"index, follow, max-snippet:-1, max-image-preview:large, max-video-preview:-1\" \/>\n<link rel=\"canonical\" href=\"https:\/\/naturaltreats.eu\/de\/product\/rinderschwanz\/\" \/>\n<meta property=\"og:locale\" content=\"de_DE\" \/>\n<meta property=\"og:type\" content=\"article\" \/>\n<meta property=\"og:title\" content=\"Rinderschwanz\" \/>\n<meta property=\"og:description\" content=\"Beef Tails eignen sich hervorragend als Kauartikel f\u00fcr Hunde mit empfindlicher Verdauung oder Allergien. Au\u00dferdem sind sie reich an Eiwei\u00df und fettarm. Unsere Beef Tail Kausnacks sind 100% nat\u00fcrlich und wurden langsam getrocknet, um einen Leckerbissen zu produzieren, der Ihren Hund besch\u00e4ftigt und ein toller Snack f\u00fcr zwischendurch ist.\" \/>\n<meta property=\"og:url\" content=\"https:\/\/naturaltreats.eu\/de\/product\/rinderschwanz\/\" \/>\n<meta property=\"og:site_name\" content=\"Natural Treats\" \/>\n<meta property=\"article:publisher\" content=\"https:\/\/facebook.com\/naturaltreatseu\" \/>\n<meta property=\"article:modified_time\" content=\"2023-02-15T21:16:01+00:00\" \/>\n<meta property=\"og:image\" content=\"https:\/\/naturaltreats.eu\/wp-content\/uploads\/2021\/01\/Borwn-tail.jpg\" \/>\n\t<meta property=\"og:image:width\" content=\"1080\" \/>\n\t<meta property=\"og:image:height\" content=\"1080\" \/>\n\t<meta property=\"og:image:type\" content=\"image\/jpeg\" \/>\n<meta name=\"twitter:card\" content=\"summary_large_image\" \/>\n<meta name=\"twitter:label1\" content=\"Preis\" \/>\n\t<meta name=\"twitter:data1\" content=\"1,60&euro;\" \/>\n\t<meta name=\"twitter:label2\" content=\"Verf\u00fcgbarkeit\" \/>\n\t<meta name=\"twitter:data2\" content=\"ausverkauft\" \/>\n<script type=\"application\/ld+json\" class=\"yoast-schema-graph\">{\"@context\":\"https:\/\/schema.org\",\"@graph\":[{\"@type\":\"WebPage\",\"@id\":\"https:\/\/naturaltreats.eu\/de\/product\/rinderschwanz\/\",\"url\":\"https:\/\/naturaltreats.eu\/de\/product\/rinderschwanz\/\",\"name\":\"Rinderschwanz | Natural Treats\",\"isPartOf\":{\"@id\":\"https:\/\/naturaltreats.eu\/de\/#website\"},\"primaryImageOfPage\":{\"@id\":\"https:\/\/naturaltreats.eu\/de\/product\/rinderschwanz\/#primaryimage\"},\"image\":{\"@id\":\"https:\/\/naturaltreats.eu\/de\/product\/rinderschwanz\/#primaryimage\"},\"thumbnailUrl\":\"https:\/\/naturaltreats.eu\/wp-content\/uploads\/2021\/01\/Borwn-tail.jpg\",\"datePublished\":\"2021-01-31T10:37:23+00:00\",\"dateModified\":\"2023-02-15T21:16:01+00:00\",\"description\":\"Beef Tails eignen sich hervorragend als Kauartikel f\u00fcr Hunde mit empfindlicher Verdauung oder Allergien. Au\u00dferdem sind sie reich an Eiwei\u00df und fettarm. Unsere Beef Tail Kausnacks sind 100% nat\u00fcrlich und wurden langsam getrocknet, um einen Leckerbissen zu produzieren, der Ihren Hund besch\u00e4ftigt und ein toller Snack f\u00fcr zwischendurch ist.\",\"breadcrumb\":{\"@id\":\"https:\/\/naturaltreats.eu\/de\/product\/rinderschwanz\/#breadcrumb\"},\"inLanguage\":\"de\",\"potentialAction\":[{\"@type\":\"ReadAction\",\"target\":[\"https:\/\/naturaltreats.eu\/de\/product\/rinderschwanz\/\"]}]},{\"@type\":\"ImageObject\",\"inLanguage\":\"de\",\"@id\":\"https:\/\/naturaltreats.eu\/de\/product\/rinderschwanz\/#primaryimage\",\"url\":\"https:\/\/naturaltreats.eu\/wp-content\/uploads\/2021\/01\/Borwn-tail.jpg\",\"contentUrl\":\"https:\/\/naturaltreats.eu\/wp-content\/uploads\/2021\/01\/Borwn-tail.jpg\",\"width\":1080,\"height\":1080,\"caption\":\"Rinderschwanz\"},{\"@type\":\"BreadcrumbList\",\"@id\":\"https:\/\/naturaltreats.eu\/de\/product\/rinderschwanz\/#breadcrumb\",\"itemListElement\":[{\"@type\":\"ListItem\",\"position\":1,\"name\":\"Home\",\"item\":\"https:\/\/naturaltreats.eu\/de\/startseite\/\"},{\"@type\":\"ListItem\",\"position\":2,\"name\":\"Laden\",\"item\":\"https:\/\/naturaltreats.eu\/de\/laden\/\"},{\"@type\":\"ListItem\",\"position\":3,\"name\":\"Rinderschwanz\"}]},{\"@type\":\"WebSite\",\"@id\":\"https:\/\/naturaltreats.eu\/de\/#website\",\"url\":\"https:\/\/naturaltreats.eu\/de\/\",\"name\":\"Natural Treats\",\"description\":\"Best Rated Natural Dog Treats In Europe\",\"publisher\":{\"@id\":\"https:\/\/naturaltreats.eu\/de\/#organization\"},\"potentialAction\":[{\"@type\":\"SearchAction\",\"target\":{\"@type\":\"EntryPoint\",\"urlTemplate\":\"https:\/\/naturaltreats.eu\/de\/?s={search_term_string}\"},\"query-input\":{\"@type\":\"PropertyValueSpecification\",\"valueRequired\":true,\"valueName\":\"search_term_string\"}}],\"inLanguage\":\"de\"},{\"@type\":\"Organization\",\"@id\":\"https:\/\/naturaltreats.eu\/de\/#organization\",\"name\":\"Natural Treats\",\"url\":\"https:\/\/naturaltreats.eu\/de\/\",\"logo\":{\"@type\":\"ImageObject\",\"inLanguage\":\"de\",\"@id\":\"https:\/\/naturaltreats.eu\/de\/#\/schema\/logo\/image\/\",\"url\":\"https:\/\/naturaltreats.eu\/wp-content\/uploads\/2020\/08\/social.jpg\",\"contentUrl\":\"https:\/\/naturaltreats.eu\/wp-content\/uploads\/2020\/08\/social.jpg\",\"width\":1000,\"height\":1000,\"caption\":\"Natural Treats\"},\"image\":{\"@id\":\"https:\/\/naturaltreats.eu\/de\/#\/schema\/logo\/image\/\"},\"sameAs\":[\"https:\/\/facebook.com\/naturaltreatseu\",\"https:\/\/instagram.com\/naturaltreatseu\"]}]}<\/script>\n<meta property=\"product:price:amount\" content=\"1.60\" \/>\n<meta property=\"product:price:currency\" content=\"EUR\" \/>\n<meta property=\"og:availability\" content=\"out of stock\" \/>\n<meta property=\"product:availability\" content=\"out of stock\" \/>\n<meta property=\"product:condition\" content=\"new\" \/>\n<!-- \/ Yoast SEO Premium plugin. -->","yoast_head_json":{"title":"Rinderschwanz | Natural Treats","description":"Beef Tails eignen sich hervorragend als Kauartikel f\u00fcr Hunde mit empfindlicher Verdauung oder Allergien. Au\u00dferdem sind sie reich an Eiwei\u00df und fettarm. Unsere Beef Tail Kausnacks sind 100% nat\u00fcrlich und wurden langsam getrocknet, um einen Leckerbissen zu produzieren, der Ihren Hund besch\u00e4ftigt und ein toller Snack f\u00fcr zwischendurch ist.","robots":{"index":"index","follow":"follow","max-snippet":"max-snippet:-1","max-image-preview":"max-image-preview:large","max-video-preview":"max-video-preview:-1"},"canonical":"https:\/\/naturaltreats.eu\/de\/product\/rinderschwanz\/","og_locale":"de_DE","og_type":"article","og_title":"Rinderschwanz","og_description":"Beef Tails eignen sich hervorragend als Kauartikel f\u00fcr Hunde mit empfindlicher Verdauung oder Allergien. Au\u00dferdem sind sie reich an Eiwei\u00df und fettarm. Unsere Beef Tail Kausnacks sind 100% nat\u00fcrlich und wurden langsam getrocknet, um einen Leckerbissen zu produzieren, der Ihren Hund besch\u00e4ftigt und ein toller Snack f\u00fcr zwischendurch ist.","og_url":"https:\/\/naturaltreats.eu\/de\/product\/rinderschwanz\/","og_site_name":"Natural Treats","article_publisher":"https:\/\/facebook.com\/naturaltreatseu","article_modified_time":"2023-02-15T21:16:01+00:00","og_image":[{"width":1080,"height":1080,"url":"https:\/\/naturaltreats.eu\/wp-content\/uploads\/2021\/01\/Borwn-tail.jpg","type":"image\/jpeg"}],"twitter_card":"summary_large_image","twitter_misc":{"Preis":"1,60&euro;","Verf\u00fcgbarkeit":"ausverkauft"},"schema":{"@context":"https:\/\/schema.org","@graph":[{"@type":"WebPage","@id":"https:\/\/naturaltreats.eu\/de\/product\/rinderschwanz\/","url":"https:\/\/naturaltreats.eu\/de\/product\/rinderschwanz\/","name":"Rinderschwanz | Natural Treats","isPartOf":{"@id":"https:\/\/naturaltreats.eu\/de\/#website"},"primaryImageOfPage":{"@id":"https:\/\/naturaltreats.eu\/de\/product\/rinderschwanz\/#primaryimage"},"image":{"@id":"https:\/\/naturaltreats.eu\/de\/product\/rinderschwanz\/#primaryimage"},"thumbnailUrl":"https:\/\/naturaltreats.eu\/wp-content\/uploads\/2021\/01\/Borwn-tail.jpg","datePublished":"2021-01-31T10:37:23+00:00","dateModified":"2023-02-15T21:16:01+00:00","description":"Beef Tails eignen sich hervorragend als Kauartikel f\u00fcr Hunde mit empfindlicher Verdauung oder Allergien. Au\u00dferdem sind sie reich an Eiwei\u00df und fettarm. Unsere Beef Tail Kausnacks sind 100% nat\u00fcrlich und wurden langsam getrocknet, um einen Leckerbissen zu produzieren, der Ihren Hund besch\u00e4ftigt und ein toller Snack f\u00fcr zwischendurch ist.","breadcrumb":{"@id":"https:\/\/naturaltreats.eu\/de\/product\/rinderschwanz\/#breadcrumb"},"inLanguage":"de","potentialAction":[{"@type":"ReadAction","target":["https:\/\/naturaltreats.eu\/de\/product\/rinderschwanz\/"]}]},{"@type":"ImageObject","inLanguage":"de","@id":"https:\/\/naturaltreats.eu\/de\/product\/rinderschwanz\/#primaryimage","url":"https:\/\/naturaltreats.eu\/wp-content\/uploads\/2021\/01\/Borwn-tail.jpg","contentUrl":"https:\/\/naturaltreats.eu\/wp-content\/uploads\/2021\/01\/Borwn-tail.jpg","width":1080,"height":1080,"caption":"Rinderschwanz"},{"@type":"BreadcrumbList","@id":"https:\/\/naturaltreats.eu\/de\/product\/rinderschwanz\/#breadcrumb","itemListElement":[{"@type":"ListItem","position":1,"name":"Home","item":"https:\/\/naturaltreats.eu\/de\/startseite\/"},{"@type":"ListItem","position":2,"name":"Laden","item":"https:\/\/naturaltreats.eu\/de\/laden\/"},{"@type":"ListItem","position":3,"name":"Rinderschwanz"}]},{"@type":"WebSite","@id":"https:\/\/naturaltreats.eu\/de\/#website","url":"https:\/\/naturaltreats.eu\/de\/","name":"Natural Treats","description":"Best Rated Natural Dog Treats In Europe","publisher":{"@id":"https:\/\/naturaltreats.eu\/de\/#organization"},"potentialAction":[{"@type":"SearchAction","target":{"@type":"EntryPoint","urlTemplate":"https:\/\/naturaltreats.eu\/de\/?s={search_term_string}"},"query-input":{"@type":"PropertyValueSpecification","valueRequired":true,"valueName":"search_term_string"}}],"inLanguage":"de"},{"@type":"Organization","@id":"https:\/\/naturaltreats.eu\/de\/#organization","name":"Natural Treats","url":"https:\/\/naturaltreats.eu\/de\/","logo":{"@type":"ImageObject","inLanguage":"de","@id":"https:\/\/naturaltreats.eu\/de\/#\/schema\/logo\/image\/","url":"https:\/\/naturaltreats.eu\/wp-content\/uploads\/2020\/08\/social.jpg","contentUrl":"https:\/\/naturaltreats.eu\/wp-content\/uploads\/2020\/08\/social.jpg","width":1000,"height":1000,"caption":"Natural Treats"},"image":{"@id":"https:\/\/naturaltreats.eu\/de\/#\/schema\/logo\/image\/"},"sameAs":["https:\/\/facebook.com\/naturaltreatseu","https:\/\/instagram.com\/naturaltreatseu"]}]},"product_price_amount":"1.60","product_price_currency":"EUR","og_availability":"out of stock","product_availability":"out of stock","product_condition":"new"},"_links":{"self":[{"href":"https:\/\/naturaltreats.eu\/de\/wp-json\/wp\/v2\/product\/7126","targetHints":{"allow":["GET"]}}],"collection":[{"href":"https:\/\/naturaltreats.eu\/de\/wp-json\/wp\/v2\/product"}],"about":[{"href":"https:\/\/naturaltreats.eu\/de\/wp-json\/wp\/v2\/types\/product"}],"wp:featuredmedia":[{"embeddable":true,"href":"https:\/\/naturaltreats.eu\/de\/wp-json\/wp\/v2\/media\/34048"}],"wp:attachment":[{"href":"https:\/\/naturaltreats.eu\/de\/wp-json\/wp\/v2\/media?parent=7126"}],"wp:term":[{"taxonomy":"dog-type","embeddable":true,"href":"https:\/\/naturaltreats.eu\/de\/wp-json\/wp\/v2\/dog-type?post=7126"},{"taxonomy":"ingredients","embeddable":true,"href":"https:\/\/naturaltreats.eu\/de\/wp-json\/wp\/v2\/ingredients?post=7126"},{"taxonomy":"product_brand","embeddable":true,"href":"https:\/\/naturaltreats.eu\/de\/wp-json\/wp\/v2\/product_brand?post=7126"},{"taxonomy":"product_cat","embeddable":true,"href":"https:\/\/naturaltreats.eu\/de\/wp-json\/wp\/v2\/product_cat?post=7126"},{"taxonomy":"product_tag","embeddable":true,"href":"https:\/\/naturaltreats.eu\/de\/wp-json\/wp\/v2\/product_tag?post=7126"}],"curies":[{"name":"wp","href":"https:\/\/api.w.org\/{rel}","templated":true}]}}