{"id":7128,"date":"2021-01-31T11:34:50","date_gmt":"2021-01-31T10:34:50","guid":{"rendered":"https:\/\/naturaltreats.eu\/product\/truthahnfus\/"},"modified":"2021-09-20T14:08:55","modified_gmt":"2021-09-20T12:08:55","slug":"truthahnfus","status":"publish","type":"product","link":"https:\/\/naturaltreats.eu\/de\/product\/truthahnfus\/","title":{"rendered":"Truthahnfu\u00df"},"content":{"rendered":"<p class=\"p1\">Vollgepackt mit N\u00e4hrstoffen und v\u00f6llig unwiderstehlich, wissen Sie, dass Sie Ihrem Hund etwas geben, das er lieben wird. Sie sind auch eine gro\u00dfartige Quelle f\u00fcr Glucosamin, ideal f\u00fcr die Gesunderhaltung der Gelenke Ihres Hundes.<\/p>\n<p>Jede Putenpfote wiegt \u00fcber 100 g und ist damit im Vergleich zu unseren H\u00fchnerpfoten der ideale Kauartikel f\u00fcr gro\u00dfe Hunde.<\/p>\n","protected":false},"excerpt":{"rendered":"<p><i class=\"fas fa-circle\"><\/i><i class=\"fas fa-circle\"><\/i><i class=\"fas fa-circle\"><\/i>  | 110g | 1 St\u00fcck<\/p>\n","protected":false},"featured_media":4737,"template":"","meta":{"_acf_changed":false},"dog-type":[],"ingredients":[],"product_brand":[],"product_cat":[115],"product_tag":[],"class_list":{"0":"post-7128","1":"product","2":"type-product","3":"status-publish","4":"has-post-thumbnail","6":"product_cat-snacks-de","7":"tm-has-options","9":"first","10":"outofstock","11":"sale","12":"taxable","13":"shipping-taxable","14":"purchasable","15":"product-type-simple"},"bundled_by":[],"bundle_stock_status":"outofstock","bundle_stock_quantity":null,"bundle_virtual":false,"bundle_layout":"","bundle_add_to_cart_form_location":"","bundle_editable_in_cart":false,"bundle_sold_individually_context":"","bundle_item_grouping":"","bundle_min_size":"","bundle_max_size":"","bundle_price":[],"bundled_items":[],"bundle_sell_ids":[],"acf":[],"yoast_head":"<!-- This site is optimized with the Yoast SEO Premium plugin v23.5 (Yoast SEO v25.0) - https:\/\/yoast.com\/wordpress\/plugins\/seo\/ -->\n<title>Truthahnfu\u00df | Natural Treats<\/title>\n<meta name=\"description\" content=\"Vollgepackt mit N\u00e4hrstoffen und v\u00f6llig unwiderstehlich, wissen Sie, dass Sie Ihrem Hund etwas geben, das er lieben wird. Sie sind auch eine gro\u00dfartige Quelle f\u00fcr Glucosamin, ideal f\u00fcr die Gesunderhaltung der Gelenke Ihres Hundes.\" \/>\n<meta name=\"robots\" content=\"index, follow, max-snippet:-1, max-image-preview:large, max-video-preview:-1\" \/>\n<link rel=\"canonical\" href=\"https:\/\/naturaltreats.eu\/de\/product\/truthahnfus\/\" \/>\n<meta property=\"og:locale\" content=\"de_DE\" \/>\n<meta property=\"og:type\" content=\"article\" \/>\n<meta property=\"og:title\" content=\"Truthahnfu\u00df\" \/>\n<meta property=\"og:description\" content=\"Vollgepackt mit N\u00e4hrstoffen und v\u00f6llig unwiderstehlich, wissen Sie, dass Sie Ihrem Hund etwas geben, das er lieben wird. Sie sind auch eine gro\u00dfartige Quelle f\u00fcr Glucosamin, ideal f\u00fcr die Gesunderhaltung der Gelenke Ihres Hundes.\" \/>\n<meta property=\"og:url\" content=\"https:\/\/naturaltreats.eu\/de\/product\/truthahnfus\/\" \/>\n<meta property=\"og:site_name\" content=\"Natural Treats\" \/>\n<meta property=\"article:publisher\" content=\"https:\/\/facebook.com\/naturaltreatseu\" \/>\n<meta property=\"article:modified_time\" content=\"2021-09-20T12:08:55+00:00\" \/>\n<meta property=\"og:image\" content=\"https:\/\/naturaltreats.eu\/wp-content\/uploads\/2021\/01\/Turkey-Foot.jpg\" \/>\n\t<meta property=\"og:image:width\" content=\"1080\" \/>\n\t<meta property=\"og:image:height\" content=\"1080\" \/>\n\t<meta property=\"og:image:type\" content=\"image\/jpeg\" \/>\n<meta name=\"twitter:card\" content=\"summary_large_image\" \/>\n<meta name=\"twitter:label1\" content=\"Preis\" \/>\n\t<meta name=\"twitter:data1\" content=\"3,50&euro;\" \/>\n\t<meta name=\"twitter:label2\" content=\"Verf\u00fcgbarkeit\" \/>\n\t<meta name=\"twitter:data2\" content=\"ausverkauft\" \/>\n<script type=\"application\/ld+json\" class=\"yoast-schema-graph\">{\"@context\":\"https:\/\/schema.org\",\"@graph\":[{\"@type\":\"WebPage\",\"@id\":\"https:\/\/naturaltreats.eu\/de\/product\/truthahnfus\/\",\"url\":\"https:\/\/naturaltreats.eu\/de\/product\/truthahnfus\/\",\"name\":\"Truthahnfu\u00df | Natural Treats\",\"isPartOf\":{\"@id\":\"https:\/\/naturaltreats.eu\/de\/#website\"},\"primaryImageOfPage\":{\"@id\":\"https:\/\/naturaltreats.eu\/de\/product\/truthahnfus\/#primaryimage\"},\"image\":{\"@id\":\"https:\/\/naturaltreats.eu\/de\/product\/truthahnfus\/#primaryimage\"},\"thumbnailUrl\":\"https:\/\/naturaltreats.eu\/wp-content\/uploads\/2021\/01\/Turkey-Foot.jpg\",\"datePublished\":\"2021-01-31T10:34:50+00:00\",\"dateModified\":\"2021-09-20T12:08:55+00:00\",\"description\":\"Vollgepackt mit N\u00e4hrstoffen und v\u00f6llig unwiderstehlich, wissen Sie, dass Sie Ihrem Hund etwas geben, das er lieben wird. Sie sind auch eine gro\u00dfartige Quelle f\u00fcr Glucosamin, ideal f\u00fcr die Gesunderhaltung der Gelenke Ihres Hundes.\",\"breadcrumb\":{\"@id\":\"https:\/\/naturaltreats.eu\/de\/product\/truthahnfus\/#breadcrumb\"},\"inLanguage\":\"de\",\"potentialAction\":[{\"@type\":\"ReadAction\",\"target\":[\"https:\/\/naturaltreats.eu\/de\/product\/truthahnfus\/\"]}]},{\"@type\":\"ImageObject\",\"inLanguage\":\"de\",\"@id\":\"https:\/\/naturaltreats.eu\/de\/product\/truthahnfus\/#primaryimage\",\"url\":\"https:\/\/naturaltreats.eu\/wp-content\/uploads\/2021\/01\/Turkey-Foot.jpg\",\"contentUrl\":\"https:\/\/naturaltreats.eu\/wp-content\/uploads\/2021\/01\/Turkey-Foot.jpg\",\"width\":1080,\"height\":1080,\"caption\":\"Turkey Foot\"},{\"@type\":\"BreadcrumbList\",\"@id\":\"https:\/\/naturaltreats.eu\/de\/product\/truthahnfus\/#breadcrumb\",\"itemListElement\":[{\"@type\":\"ListItem\",\"position\":1,\"name\":\"Home\",\"item\":\"https:\/\/naturaltreats.eu\/de\/startseite\/\"},{\"@type\":\"ListItem\",\"position\":2,\"name\":\"Laden\",\"item\":\"https:\/\/naturaltreats.eu\/de\/laden\/\"},{\"@type\":\"ListItem\",\"position\":3,\"name\":\"Truthahnfu\u00df\"}]},{\"@type\":\"WebSite\",\"@id\":\"https:\/\/naturaltreats.eu\/de\/#website\",\"url\":\"https:\/\/naturaltreats.eu\/de\/\",\"name\":\"Natural Treats\",\"description\":\"Best Rated Natural Dog Treats In Europe\",\"publisher\":{\"@id\":\"https:\/\/naturaltreats.eu\/de\/#organization\"},\"potentialAction\":[{\"@type\":\"SearchAction\",\"target\":{\"@type\":\"EntryPoint\",\"urlTemplate\":\"https:\/\/naturaltreats.eu\/de\/?s={search_term_string}\"},\"query-input\":{\"@type\":\"PropertyValueSpecification\",\"valueRequired\":true,\"valueName\":\"search_term_string\"}}],\"inLanguage\":\"de\"},{\"@type\":\"Organization\",\"@id\":\"https:\/\/naturaltreats.eu\/de\/#organization\",\"name\":\"Natural Treats\",\"url\":\"https:\/\/naturaltreats.eu\/de\/\",\"logo\":{\"@type\":\"ImageObject\",\"inLanguage\":\"de\",\"@id\":\"https:\/\/naturaltreats.eu\/de\/#\/schema\/logo\/image\/\",\"url\":\"https:\/\/naturaltreats.eu\/wp-content\/uploads\/2020\/08\/social.jpg\",\"contentUrl\":\"https:\/\/naturaltreats.eu\/wp-content\/uploads\/2020\/08\/social.jpg\",\"width\":1000,\"height\":1000,\"caption\":\"Natural Treats\"},\"image\":{\"@id\":\"https:\/\/naturaltreats.eu\/de\/#\/schema\/logo\/image\/\"},\"sameAs\":[\"https:\/\/facebook.com\/naturaltreatseu\",\"https:\/\/instagram.com\/naturaltreatseu\"]}]}<\/script>\n<meta property=\"product:price:amount\" content=\"3.50\" \/>\n<meta property=\"product:price:currency\" content=\"EUR\" \/>\n<meta property=\"og:availability\" content=\"out of stock\" \/>\n<meta property=\"product:availability\" content=\"out of stock\" \/>\n<meta property=\"product:condition\" content=\"new\" \/>\n<!-- \/ Yoast SEO Premium plugin. -->","yoast_head_json":{"title":"Truthahnfu\u00df | Natural Treats","description":"Vollgepackt mit N\u00e4hrstoffen und v\u00f6llig unwiderstehlich, wissen Sie, dass Sie Ihrem Hund etwas geben, das er lieben wird. Sie sind auch eine gro\u00dfartige Quelle f\u00fcr Glucosamin, ideal f\u00fcr die Gesunderhaltung der Gelenke Ihres Hundes.","robots":{"index":"index","follow":"follow","max-snippet":"max-snippet:-1","max-image-preview":"max-image-preview:large","max-video-preview":"max-video-preview:-1"},"canonical":"https:\/\/naturaltreats.eu\/de\/product\/truthahnfus\/","og_locale":"de_DE","og_type":"article","og_title":"Truthahnfu\u00df","og_description":"Vollgepackt mit N\u00e4hrstoffen und v\u00f6llig unwiderstehlich, wissen Sie, dass Sie Ihrem Hund etwas geben, das er lieben wird. Sie sind auch eine gro\u00dfartige Quelle f\u00fcr Glucosamin, ideal f\u00fcr die Gesunderhaltung der Gelenke Ihres Hundes.","og_url":"https:\/\/naturaltreats.eu\/de\/product\/truthahnfus\/","og_site_name":"Natural Treats","article_publisher":"https:\/\/facebook.com\/naturaltreatseu","article_modified_time":"2021-09-20T12:08:55+00:00","og_image":[{"width":1080,"height":1080,"url":"https:\/\/naturaltreats.eu\/wp-content\/uploads\/2021\/01\/Turkey-Foot.jpg","type":"image\/jpeg"}],"twitter_card":"summary_large_image","twitter_misc":{"Preis":"3,50&euro;","Verf\u00fcgbarkeit":"ausverkauft"},"schema":{"@context":"https:\/\/schema.org","@graph":[{"@type":"WebPage","@id":"https:\/\/naturaltreats.eu\/de\/product\/truthahnfus\/","url":"https:\/\/naturaltreats.eu\/de\/product\/truthahnfus\/","name":"Truthahnfu\u00df | Natural Treats","isPartOf":{"@id":"https:\/\/naturaltreats.eu\/de\/#website"},"primaryImageOfPage":{"@id":"https:\/\/naturaltreats.eu\/de\/product\/truthahnfus\/#primaryimage"},"image":{"@id":"https:\/\/naturaltreats.eu\/de\/product\/truthahnfus\/#primaryimage"},"thumbnailUrl":"https:\/\/naturaltreats.eu\/wp-content\/uploads\/2021\/01\/Turkey-Foot.jpg","datePublished":"2021-01-31T10:34:50+00:00","dateModified":"2021-09-20T12:08:55+00:00","description":"Vollgepackt mit N\u00e4hrstoffen und v\u00f6llig unwiderstehlich, wissen Sie, dass Sie Ihrem Hund etwas geben, das er lieben wird. Sie sind auch eine gro\u00dfartige Quelle f\u00fcr Glucosamin, ideal f\u00fcr die Gesunderhaltung der Gelenke Ihres Hundes.","breadcrumb":{"@id":"https:\/\/naturaltreats.eu\/de\/product\/truthahnfus\/#breadcrumb"},"inLanguage":"de","potentialAction":[{"@type":"ReadAction","target":["https:\/\/naturaltreats.eu\/de\/product\/truthahnfus\/"]}]},{"@type":"ImageObject","inLanguage":"de","@id":"https:\/\/naturaltreats.eu\/de\/product\/truthahnfus\/#primaryimage","url":"https:\/\/naturaltreats.eu\/wp-content\/uploads\/2021\/01\/Turkey-Foot.jpg","contentUrl":"https:\/\/naturaltreats.eu\/wp-content\/uploads\/2021\/01\/Turkey-Foot.jpg","width":1080,"height":1080,"caption":"Turkey Foot"},{"@type":"BreadcrumbList","@id":"https:\/\/naturaltreats.eu\/de\/product\/truthahnfus\/#breadcrumb","itemListElement":[{"@type":"ListItem","position":1,"name":"Home","item":"https:\/\/naturaltreats.eu\/de\/startseite\/"},{"@type":"ListItem","position":2,"name":"Laden","item":"https:\/\/naturaltreats.eu\/de\/laden\/"},{"@type":"ListItem","position":3,"name":"Truthahnfu\u00df"}]},{"@type":"WebSite","@id":"https:\/\/naturaltreats.eu\/de\/#website","url":"https:\/\/naturaltreats.eu\/de\/","name":"Natural Treats","description":"Best Rated Natural Dog Treats In Europe","publisher":{"@id":"https:\/\/naturaltreats.eu\/de\/#organization"},"potentialAction":[{"@type":"SearchAction","target":{"@type":"EntryPoint","urlTemplate":"https:\/\/naturaltreats.eu\/de\/?s={search_term_string}"},"query-input":{"@type":"PropertyValueSpecification","valueRequired":true,"valueName":"search_term_string"}}],"inLanguage":"de"},{"@type":"Organization","@id":"https:\/\/naturaltreats.eu\/de\/#organization","name":"Natural Treats","url":"https:\/\/naturaltreats.eu\/de\/","logo":{"@type":"ImageObject","inLanguage":"de","@id":"https:\/\/naturaltreats.eu\/de\/#\/schema\/logo\/image\/","url":"https:\/\/naturaltreats.eu\/wp-content\/uploads\/2020\/08\/social.jpg","contentUrl":"https:\/\/naturaltreats.eu\/wp-content\/uploads\/2020\/08\/social.jpg","width":1000,"height":1000,"caption":"Natural Treats"},"image":{"@id":"https:\/\/naturaltreats.eu\/de\/#\/schema\/logo\/image\/"},"sameAs":["https:\/\/facebook.com\/naturaltreatseu","https:\/\/instagram.com\/naturaltreatseu"]}]},"product_price_amount":"3.50","product_price_currency":"EUR","og_availability":"out of stock","product_availability":"out of stock","product_condition":"new"},"_links":{"self":[{"href":"https:\/\/naturaltreats.eu\/de\/wp-json\/wp\/v2\/product\/7128","targetHints":{"allow":["GET"]}}],"collection":[{"href":"https:\/\/naturaltreats.eu\/de\/wp-json\/wp\/v2\/product"}],"about":[{"href":"https:\/\/naturaltreats.eu\/de\/wp-json\/wp\/v2\/types\/product"}],"wp:featuredmedia":[{"embeddable":true,"href":"https:\/\/naturaltreats.eu\/de\/wp-json\/wp\/v2\/media\/4737"}],"wp:attachment":[{"href":"https:\/\/naturaltreats.eu\/de\/wp-json\/wp\/v2\/media?parent=7128"}],"wp:term":[{"taxonomy":"dog-type","embeddable":true,"href":"https:\/\/naturaltreats.eu\/de\/wp-json\/wp\/v2\/dog-type?post=7128"},{"taxonomy":"ingredients","embeddable":true,"href":"https:\/\/naturaltreats.eu\/de\/wp-json\/wp\/v2\/ingredients?post=7128"},{"taxonomy":"product_brand","embeddable":true,"href":"https:\/\/naturaltreats.eu\/de\/wp-json\/wp\/v2\/product_brand?post=7128"},{"taxonomy":"product_cat","embeddable":true,"href":"https:\/\/naturaltreats.eu\/de\/wp-json\/wp\/v2\/product_cat?post=7128"},{"taxonomy":"product_tag","embeddable":true,"href":"https:\/\/naturaltreats.eu\/de\/wp-json\/wp\/v2\/product_tag?post=7128"}],"curies":[{"name":"wp","href":"https:\/\/api.w.org\/{rel}","templated":true}]}}