{"id":7129,"date":"2021-01-31T11:33:48","date_gmt":"2021-01-31T10:33:48","guid":{"rendered":"https:\/\/naturaltreats.eu\/product\/huhnerfuse-pur\/"},"modified":"2024-06-29T14:09:45","modified_gmt":"2024-06-29T12:09:45","slug":"plain-chicken-feet","status":"publish","type":"product","link":"https:\/\/naturaltreats.eu\/de\/product\/plain-chicken-feet\/","title":{"rendered":"Glatte H\u00fchnerf\u00fc\u00dfe"},"content":{"rendered":"<section class=\"elementor-section elementor-top-section elementor-element elementor-element-32a9d2b elementor-section-boxed elementor-section-height-default elementor-section-height-default\" data-id=\"32a9d2b\" data-element_type=\"section\" data-settings=\"{\"background_background\":\"classic\"}\">\n<div class=\"elementor-container elementor-column-gap-default\">\n<div class=\"elementor-row\">\n<div class=\"elementor-column elementor-col-50 elementor-top-column elementor-element elementor-element-a2d5baf\" data-id=\"a2d5baf\" data-element_type=\"column\" data-settings=\"{\"background_background\":\"classic\"}\">\n<div class=\"elementor-column-wrap elementor-element-populated\">\n<div class=\"elementor-widget-wrap\">\n<div class=\"elementor-element elementor-element-95c99d8 elementor-widget elementor-widget-text-editor\" data-id=\"95c99d8\" data-element_type=\"widget\" data-widget_type=\"text-editor.default\">\n<div class=\"elementor-widget-container\">\n<div class=\"elementor-text-editor elementor-clearfix\">\n<p class=\"p1\">Gesund, unwiderstehlich und absolut nat\u00fcrlich \u2013 unsere H\u00fchnerf\u00fc\u00dfe f\u00fcr Hunde sind der optimale Genuss f\u00fcr Ihren pelzigen Freund. Vollgepackt mit N\u00e4hrstoffen und v\u00f6llig unwiderstehlich, wissen Sie, dass Sie Ihrem Hund etwas geben, das er lieben wird. Sie sind auch eine gro\u00dfartige Quelle f\u00fcr Glucosamin, ideal f\u00fcr die Gesunderhaltung der Gelenke Ihres Hundes.<\/p>\n<\/div>\n<\/div>\n<\/div>\n<\/div>\n<\/div>\n<\/div>\n<\/div>\n<\/div>\n<\/section>\n<section class=\"elementor-section elementor-top-section elementor-element elementor-element-2178713 elementor-section-boxed elementor-section-height-default elementor-section-height-default\" data-id=\"2178713\" data-element_type=\"section\" data-settings=\"{\"background_background\":\"classic\"}\">\n<div class=\"elementor-container elementor-column-gap-default\">\n<div class=\"elementor-row\">\n<div class=\"elementor-column elementor-col-50 elementor-top-column elementor-element elementor-element-db9affb\" data-id=\"db9affb\" data-element_type=\"column\" data-settings=\"{\"background_background\":\"classic\",\"animation\":\"none\"}\">\n<div class=\"elementor-column-wrap elementor-element-populated\">\n<div class=\"elementor-widget-wrap\">\n<div class=\"elementor-element elementor-element-d87d764 elementor-widget elementor-widget-image\" data-id=\"d87d764\" data-element_type=\"widget\" data-widget_type=\"image.default\">\n<div class=\"elementor-widget-container\"><\/div>\n<\/div>\n<\/div>\n<\/div>\n<\/div>\n<\/div>\n<\/div>\n<\/section>\n","protected":false},"excerpt":{"rendered":"<p><i class=\"fas fa-circle\"><\/i><i class=\"fas fa-circle\"><\/i><i class=\"far fa-circle\"><\/i>  | 16g | 1 St\u00fcck<\/p>\n","protected":false},"featured_media":47006,"template":"","meta":{"_acf_changed":false},"dog-type":[],"ingredients":[],"product_brand":[],"product_cat":[115],"product_tag":[],"class_list":{"0":"post-7129","1":"product","2":"type-product","3":"status-publish","4":"has-post-thumbnail","6":"product_cat-snacks-de","7":"tm-has-options","9":"first","10":"instock","11":"taxable","12":"shipping-taxable","13":"purchasable","14":"product-type-simple"},"bundled_by":[],"bundle_stock_status":"instock","bundle_stock_quantity":null,"bundle_virtual":false,"bundle_layout":"","bundle_add_to_cart_form_location":"","bundle_editable_in_cart":false,"bundle_sold_individually_context":"","bundle_item_grouping":"","bundle_min_size":"","bundle_max_size":"","bundle_price":[],"bundled_items":[],"bundle_sell_ids":[],"acf":[],"yoast_head":"<!-- This site is optimized with the Yoast SEO Premium plugin v23.5 (Yoast SEO v25.0) - https:\/\/yoast.com\/wordpress\/plugins\/seo\/ -->\n<title>Glatte H\u00fchnerf\u00fc\u00dfe | Natural Treats<\/title>\n<meta name=\"description\" content=\"Gesund, unwiderstehlich und absolut nat\u00fcrlich \u2013 unsere H\u00fchnerf\u00fc\u00dfe f\u00fcr Hunde sind der optimale Genuss f\u00fcr Ihren pelzigen Freund. Vollgepackt mit N\u00e4hrstoffen und v\u00f6llig unwiderstehlich, wissen Sie, dass Sie Ihrem Hund etwas geben, das er lieben wird. Sie sind auch eine gro\u00dfartige Quelle f\u00fcr Glucosamin, ideal f\u00fcr die Gesunderhaltung der Gelenke Ihres Hundes.\" \/>\n<meta name=\"robots\" content=\"index, follow, max-snippet:-1, max-image-preview:large, max-video-preview:-1\" \/>\n<link rel=\"canonical\" href=\"https:\/\/naturaltreats.eu\/de\/product\/plain-chicken-feet\/\" \/>\n<meta property=\"og:locale\" content=\"de_DE\" \/>\n<meta property=\"og:type\" content=\"article\" \/>\n<meta property=\"og:title\" content=\"Glatte H\u00fchnerf\u00fc\u00dfe\" \/>\n<meta property=\"og:description\" content=\"Gesund, unwiderstehlich und absolut nat\u00fcrlich \u2013 unsere H\u00fchnerf\u00fc\u00dfe f\u00fcr Hunde sind der optimale Genuss f\u00fcr Ihren pelzigen Freund. Vollgepackt mit N\u00e4hrstoffen und v\u00f6llig unwiderstehlich, wissen Sie, dass Sie Ihrem Hund etwas geben, das er lieben wird. Sie sind auch eine gro\u00dfartige Quelle f\u00fcr Glucosamin, ideal f\u00fcr die Gesunderhaltung der Gelenke Ihres Hundes.\" \/>\n<meta property=\"og:url\" content=\"https:\/\/naturaltreats.eu\/de\/product\/plain-chicken-feet\/\" \/>\n<meta property=\"og:site_name\" content=\"Natural Treats\" \/>\n<meta property=\"article:publisher\" content=\"https:\/\/facebook.com\/naturaltreatseu\" \/>\n<meta property=\"article:modified_time\" content=\"2024-06-29T12:09:45+00:00\" \/>\n<meta property=\"og:image\" content=\"https:\/\/naturaltreats.eu\/wp-content\/uploads\/2020\/10\/chicken-foot.jpg\" \/>\n\t<meta property=\"og:image:width\" content=\"1280\" \/>\n\t<meta property=\"og:image:height\" content=\"1280\" \/>\n\t<meta property=\"og:image:type\" content=\"image\/jpeg\" \/>\n<meta name=\"twitter:card\" content=\"summary_large_image\" \/>\n<meta name=\"twitter:label1\" content=\"Preis\" \/>\n\t<meta name=\"twitter:data1\" content=\"1,00&euro;\" \/>\n\t<meta name=\"twitter:label2\" content=\"Verf\u00fcgbarkeit\" \/>\n\t<meta name=\"twitter:data2\" content=\"Auf Lager\" \/>\n<script type=\"application\/ld+json\" class=\"yoast-schema-graph\">{\"@context\":\"https:\/\/schema.org\",\"@graph\":[{\"@type\":\"WebPage\",\"@id\":\"https:\/\/naturaltreats.eu\/de\/product\/plain-chicken-feet\/\",\"url\":\"https:\/\/naturaltreats.eu\/de\/product\/plain-chicken-feet\/\",\"name\":\"Glatte H\u00fchnerf\u00fc\u00dfe | Natural Treats\",\"isPartOf\":{\"@id\":\"https:\/\/naturaltreats.eu\/de\/#website\"},\"primaryImageOfPage\":{\"@id\":\"https:\/\/naturaltreats.eu\/de\/product\/plain-chicken-feet\/#primaryimage\"},\"image\":{\"@id\":\"https:\/\/naturaltreats.eu\/de\/product\/plain-chicken-feet\/#primaryimage\"},\"thumbnailUrl\":\"https:\/\/naturaltreats.eu\/wp-content\/uploads\/2020\/10\/chicken-foot.jpg\",\"datePublished\":\"2021-01-31T10:33:48+00:00\",\"dateModified\":\"2024-06-29T12:09:45+00:00\",\"description\":\"Gesund, unwiderstehlich und absolut nat\u00fcrlich \u2013 unsere H\u00fchnerf\u00fc\u00dfe f\u00fcr Hunde sind der optimale Genuss f\u00fcr Ihren pelzigen Freund. Vollgepackt mit N\u00e4hrstoffen und v\u00f6llig unwiderstehlich, wissen Sie, dass Sie Ihrem Hund etwas geben, das er lieben wird. Sie sind auch eine gro\u00dfartige Quelle f\u00fcr Glucosamin, ideal f\u00fcr die Gesunderhaltung der Gelenke Ihres Hundes.\",\"breadcrumb\":{\"@id\":\"https:\/\/naturaltreats.eu\/de\/product\/plain-chicken-feet\/#breadcrumb\"},\"inLanguage\":\"de\",\"potentialAction\":[{\"@type\":\"ReadAction\",\"target\":[\"https:\/\/naturaltreats.eu\/de\/product\/plain-chicken-feet\/\"]}]},{\"@type\":\"ImageObject\",\"inLanguage\":\"de\",\"@id\":\"https:\/\/naturaltreats.eu\/de\/product\/plain-chicken-feet\/#primaryimage\",\"url\":\"https:\/\/naturaltreats.eu\/wp-content\/uploads\/2020\/10\/chicken-foot.jpg\",\"contentUrl\":\"https:\/\/naturaltreats.eu\/wp-content\/uploads\/2020\/10\/chicken-foot.jpg\",\"width\":1280,\"height\":1280,\"caption\":\"chicken feet for dogs\"},{\"@type\":\"BreadcrumbList\",\"@id\":\"https:\/\/naturaltreats.eu\/de\/product\/plain-chicken-feet\/#breadcrumb\",\"itemListElement\":[{\"@type\":\"ListItem\",\"position\":1,\"name\":\"Home\",\"item\":\"https:\/\/naturaltreats.eu\/de\/startseite\/\"},{\"@type\":\"ListItem\",\"position\":2,\"name\":\"Laden\",\"item\":\"https:\/\/naturaltreats.eu\/de\/laden\/\"},{\"@type\":\"ListItem\",\"position\":3,\"name\":\"Glatte H\u00fchnerf\u00fc\u00dfe\"}]},{\"@type\":\"WebSite\",\"@id\":\"https:\/\/naturaltreats.eu\/de\/#website\",\"url\":\"https:\/\/naturaltreats.eu\/de\/\",\"name\":\"Natural Treats\",\"description\":\"Best Rated Natural Dog Treats In Europe\",\"publisher\":{\"@id\":\"https:\/\/naturaltreats.eu\/de\/#organization\"},\"potentialAction\":[{\"@type\":\"SearchAction\",\"target\":{\"@type\":\"EntryPoint\",\"urlTemplate\":\"https:\/\/naturaltreats.eu\/de\/?s={search_term_string}\"},\"query-input\":{\"@type\":\"PropertyValueSpecification\",\"valueRequired\":true,\"valueName\":\"search_term_string\"}}],\"inLanguage\":\"de\"},{\"@type\":\"Organization\",\"@id\":\"https:\/\/naturaltreats.eu\/de\/#organization\",\"name\":\"Natural Treats\",\"url\":\"https:\/\/naturaltreats.eu\/de\/\",\"logo\":{\"@type\":\"ImageObject\",\"inLanguage\":\"de\",\"@id\":\"https:\/\/naturaltreats.eu\/de\/#\/schema\/logo\/image\/\",\"url\":\"https:\/\/naturaltreats.eu\/wp-content\/uploads\/2020\/08\/social.jpg\",\"contentUrl\":\"https:\/\/naturaltreats.eu\/wp-content\/uploads\/2020\/08\/social.jpg\",\"width\":1000,\"height\":1000,\"caption\":\"Natural Treats\"},\"image\":{\"@id\":\"https:\/\/naturaltreats.eu\/de\/#\/schema\/logo\/image\/\"},\"sameAs\":[\"https:\/\/facebook.com\/naturaltreatseu\",\"https:\/\/instagram.com\/naturaltreatseu\"]}]}<\/script>\n<meta property=\"product:price:amount\" content=\"1.00\" \/>\n<meta property=\"product:price:currency\" content=\"EUR\" \/>\n<meta property=\"og:availability\" content=\"instock\" \/>\n<meta property=\"product:availability\" content=\"instock\" \/>\n<meta property=\"product:condition\" content=\"new\" \/>\n<!-- \/ Yoast SEO Premium plugin. -->","yoast_head_json":{"title":"Glatte H\u00fchnerf\u00fc\u00dfe | Natural Treats","description":"Gesund, unwiderstehlich und absolut nat\u00fcrlich \u2013 unsere H\u00fchnerf\u00fc\u00dfe f\u00fcr Hunde sind der optimale Genuss f\u00fcr Ihren pelzigen Freund. Vollgepackt mit N\u00e4hrstoffen und v\u00f6llig unwiderstehlich, wissen Sie, dass Sie Ihrem Hund etwas geben, das er lieben wird. Sie sind auch eine gro\u00dfartige Quelle f\u00fcr Glucosamin, ideal f\u00fcr die Gesunderhaltung der Gelenke Ihres Hundes.","robots":{"index":"index","follow":"follow","max-snippet":"max-snippet:-1","max-image-preview":"max-image-preview:large","max-video-preview":"max-video-preview:-1"},"canonical":"https:\/\/naturaltreats.eu\/de\/product\/plain-chicken-feet\/","og_locale":"de_DE","og_type":"article","og_title":"Glatte H\u00fchnerf\u00fc\u00dfe","og_description":"Gesund, unwiderstehlich und absolut nat\u00fcrlich \u2013 unsere H\u00fchnerf\u00fc\u00dfe f\u00fcr Hunde sind der optimale Genuss f\u00fcr Ihren pelzigen Freund. Vollgepackt mit N\u00e4hrstoffen und v\u00f6llig unwiderstehlich, wissen Sie, dass Sie Ihrem Hund etwas geben, das er lieben wird. Sie sind auch eine gro\u00dfartige Quelle f\u00fcr Glucosamin, ideal f\u00fcr die Gesunderhaltung der Gelenke Ihres Hundes.","og_url":"https:\/\/naturaltreats.eu\/de\/product\/plain-chicken-feet\/","og_site_name":"Natural Treats","article_publisher":"https:\/\/facebook.com\/naturaltreatseu","article_modified_time":"2024-06-29T12:09:45+00:00","og_image":[{"width":1280,"height":1280,"url":"https:\/\/naturaltreats.eu\/wp-content\/uploads\/2020\/10\/chicken-foot.jpg","type":"image\/jpeg"}],"twitter_card":"summary_large_image","twitter_misc":{"Preis":"1,00&euro;","Verf\u00fcgbarkeit":"Auf Lager"},"schema":{"@context":"https:\/\/schema.org","@graph":[{"@type":"WebPage","@id":"https:\/\/naturaltreats.eu\/de\/product\/plain-chicken-feet\/","url":"https:\/\/naturaltreats.eu\/de\/product\/plain-chicken-feet\/","name":"Glatte H\u00fchnerf\u00fc\u00dfe | Natural Treats","isPartOf":{"@id":"https:\/\/naturaltreats.eu\/de\/#website"},"primaryImageOfPage":{"@id":"https:\/\/naturaltreats.eu\/de\/product\/plain-chicken-feet\/#primaryimage"},"image":{"@id":"https:\/\/naturaltreats.eu\/de\/product\/plain-chicken-feet\/#primaryimage"},"thumbnailUrl":"https:\/\/naturaltreats.eu\/wp-content\/uploads\/2020\/10\/chicken-foot.jpg","datePublished":"2021-01-31T10:33:48+00:00","dateModified":"2024-06-29T12:09:45+00:00","description":"Gesund, unwiderstehlich und absolut nat\u00fcrlich \u2013 unsere H\u00fchnerf\u00fc\u00dfe f\u00fcr Hunde sind der optimale Genuss f\u00fcr Ihren pelzigen Freund. Vollgepackt mit N\u00e4hrstoffen und v\u00f6llig unwiderstehlich, wissen Sie, dass Sie Ihrem Hund etwas geben, das er lieben wird. Sie sind auch eine gro\u00dfartige Quelle f\u00fcr Glucosamin, ideal f\u00fcr die Gesunderhaltung der Gelenke Ihres Hundes.","breadcrumb":{"@id":"https:\/\/naturaltreats.eu\/de\/product\/plain-chicken-feet\/#breadcrumb"},"inLanguage":"de","potentialAction":[{"@type":"ReadAction","target":["https:\/\/naturaltreats.eu\/de\/product\/plain-chicken-feet\/"]}]},{"@type":"ImageObject","inLanguage":"de","@id":"https:\/\/naturaltreats.eu\/de\/product\/plain-chicken-feet\/#primaryimage","url":"https:\/\/naturaltreats.eu\/wp-content\/uploads\/2020\/10\/chicken-foot.jpg","contentUrl":"https:\/\/naturaltreats.eu\/wp-content\/uploads\/2020\/10\/chicken-foot.jpg","width":1280,"height":1280,"caption":"chicken feet for dogs"},{"@type":"BreadcrumbList","@id":"https:\/\/naturaltreats.eu\/de\/product\/plain-chicken-feet\/#breadcrumb","itemListElement":[{"@type":"ListItem","position":1,"name":"Home","item":"https:\/\/naturaltreats.eu\/de\/startseite\/"},{"@type":"ListItem","position":2,"name":"Laden","item":"https:\/\/naturaltreats.eu\/de\/laden\/"},{"@type":"ListItem","position":3,"name":"Glatte H\u00fchnerf\u00fc\u00dfe"}]},{"@type":"WebSite","@id":"https:\/\/naturaltreats.eu\/de\/#website","url":"https:\/\/naturaltreats.eu\/de\/","name":"Natural Treats","description":"Best Rated Natural Dog Treats In Europe","publisher":{"@id":"https:\/\/naturaltreats.eu\/de\/#organization"},"potentialAction":[{"@type":"SearchAction","target":{"@type":"EntryPoint","urlTemplate":"https:\/\/naturaltreats.eu\/de\/?s={search_term_string}"},"query-input":{"@type":"PropertyValueSpecification","valueRequired":true,"valueName":"search_term_string"}}],"inLanguage":"de"},{"@type":"Organization","@id":"https:\/\/naturaltreats.eu\/de\/#organization","name":"Natural Treats","url":"https:\/\/naturaltreats.eu\/de\/","logo":{"@type":"ImageObject","inLanguage":"de","@id":"https:\/\/naturaltreats.eu\/de\/#\/schema\/logo\/image\/","url":"https:\/\/naturaltreats.eu\/wp-content\/uploads\/2020\/08\/social.jpg","contentUrl":"https:\/\/naturaltreats.eu\/wp-content\/uploads\/2020\/08\/social.jpg","width":1000,"height":1000,"caption":"Natural Treats"},"image":{"@id":"https:\/\/naturaltreats.eu\/de\/#\/schema\/logo\/image\/"},"sameAs":["https:\/\/facebook.com\/naturaltreatseu","https:\/\/instagram.com\/naturaltreatseu"]}]},"product_price_amount":"1.00","product_price_currency":"EUR","og_availability":"instock","product_availability":"instock","product_condition":"new"},"_links":{"self":[{"href":"https:\/\/naturaltreats.eu\/de\/wp-json\/wp\/v2\/product\/7129","targetHints":{"allow":["GET"]}}],"collection":[{"href":"https:\/\/naturaltreats.eu\/de\/wp-json\/wp\/v2\/product"}],"about":[{"href":"https:\/\/naturaltreats.eu\/de\/wp-json\/wp\/v2\/types\/product"}],"wp:featuredmedia":[{"embeddable":true,"href":"https:\/\/naturaltreats.eu\/de\/wp-json\/wp\/v2\/media\/47006"}],"wp:attachment":[{"href":"https:\/\/naturaltreats.eu\/de\/wp-json\/wp\/v2\/media?parent=7129"}],"wp:term":[{"taxonomy":"dog-type","embeddable":true,"href":"https:\/\/naturaltreats.eu\/de\/wp-json\/wp\/v2\/dog-type?post=7129"},{"taxonomy":"ingredients","embeddable":true,"href":"https:\/\/naturaltreats.eu\/de\/wp-json\/wp\/v2\/ingredients?post=7129"},{"taxonomy":"product_brand","embeddable":true,"href":"https:\/\/naturaltreats.eu\/de\/wp-json\/wp\/v2\/product_brand?post=7129"},{"taxonomy":"product_cat","embeddable":true,"href":"https:\/\/naturaltreats.eu\/de\/wp-json\/wp\/v2\/product_cat?post=7129"},{"taxonomy":"product_tag","embeddable":true,"href":"https:\/\/naturaltreats.eu\/de\/wp-json\/wp\/v2\/product_tag?post=7129"}],"curies":[{"name":"wp","href":"https:\/\/api.w.org\/{rel}","templated":true}]}}