{"id":7130,"date":"2021-01-31T11:32:22","date_gmt":"2021-01-31T10:32:22","guid":{"rendered":"https:\/\/naturaltreats.eu\/product\/atlantische-kabeljau-sticks\/"},"modified":"2024-02-06T15:08:22","modified_gmt":"2024-02-06T14:08:22","slug":"atlantischer-kabeljau-stick","status":"publish","type":"product","link":"https:\/\/naturaltreats.eu\/de\/product\/atlantischer-kabeljau-stick\/","title":{"rendered":"Fischhaut-Stick"},"content":{"rendered":"<p>Diese Snacks werden aus fangfrischem Kabeljau hergestellt, sorgf\u00e4ltig zerkleinert und zu gleichm\u00e4\u00dfigen Sticks mit einer durchschnittlichen L\u00e4nge von 13 cm pro St\u00fcck geformt. Wir trocknen dann jedes St\u00fcck schonend an der Luft zu einem Omega 3 haltigen Stick.<\/p>\n<p>In diesem Leckerli sind alle Teile des Kabeljaus enthalten, wie das Fleisch, die Haut und die Knochen, die alle eine nat\u00fcrliche Quelle f\u00fcr Omega-3-Fetts\u00e4uren f\u00fcr die Ern\u00e4hrung Ihres Hundes darstellen.<\/p>\n","protected":false},"excerpt":{"rendered":"<p><i class=\"fas fa-circle\"><\/i><i class=\"far fa-circle\"><\/i><i class=\"far fa-circle\"><\/i>  | 30g | 1 St\u00fcck<\/p>\n","protected":false},"featured_media":47012,"template":"","meta":{"_acf_changed":false},"dog-type":[],"ingredients":[],"product_brand":[],"product_cat":[115],"product_tag":[],"class_list":{"0":"post-7130","1":"product","2":"type-product","3":"status-publish","4":"has-post-thumbnail","6":"product_cat-snacks-de","7":"tm-has-options","9":"first","10":"instock","11":"taxable","12":"shipping-taxable","13":"purchasable","14":"product-type-simple"},"bundled_by":[],"bundle_stock_status":"instock","bundle_stock_quantity":null,"bundle_virtual":false,"bundle_layout":"","bundle_add_to_cart_form_location":"","bundle_editable_in_cart":false,"bundle_sold_individually_context":"","bundle_item_grouping":"","bundle_min_size":"","bundle_max_size":"","bundle_price":[],"bundled_items":[],"bundle_sell_ids":[],"acf":[],"yoast_head":"<!-- This site is optimized with the Yoast SEO Premium plugin v23.5 (Yoast SEO v25.0) - https:\/\/yoast.com\/wordpress\/plugins\/seo\/ -->\n<title>Fischhaut-Stick | Natural Treats<\/title>\n<meta name=\"description\" content=\"Diese Snacks werden aus fangfrischem Kabeljau hergestellt, sorgf\u00e4ltig zerkleinert und zu gleichm\u00e4\u00dfigen Sticks mit einer durchschnittlichen L\u00e4nge von 13 cm pro St\u00fcck geformt. Wir trocknen dann jedes St\u00fcck schonend an der Luft zu einem Omega 3 haltigen Stick.\" \/>\n<meta name=\"robots\" content=\"index, follow, max-snippet:-1, max-image-preview:large, max-video-preview:-1\" \/>\n<link rel=\"canonical\" href=\"https:\/\/naturaltreats.eu\/de\/product\/atlantischer-kabeljau-stick\/\" \/>\n<meta property=\"og:locale\" content=\"de_DE\" \/>\n<meta property=\"og:type\" content=\"article\" \/>\n<meta property=\"og:title\" content=\"Fischhaut-Stick\" \/>\n<meta property=\"og:description\" content=\"Diese Snacks werden aus fangfrischem Kabeljau hergestellt, sorgf\u00e4ltig zerkleinert und zu gleichm\u00e4\u00dfigen Sticks mit einer durchschnittlichen L\u00e4nge von 13 cm pro St\u00fcck geformt. Wir trocknen dann jedes St\u00fcck schonend an der Luft zu einem Omega 3 haltigen Stick.\" \/>\n<meta property=\"og:url\" content=\"https:\/\/naturaltreats.eu\/de\/product\/atlantischer-kabeljau-stick\/\" \/>\n<meta property=\"og:site_name\" content=\"Natural Treats\" \/>\n<meta property=\"article:publisher\" content=\"https:\/\/facebook.com\/naturaltreatseu\" \/>\n<meta property=\"article:modified_time\" content=\"2024-02-06T14:08:22+00:00\" \/>\n<meta property=\"og:image\" content=\"https:\/\/naturaltreats.eu\/wp-content\/uploads\/2020\/10\/cod.jpg\" \/>\n\t<meta property=\"og:image:width\" content=\"1280\" \/>\n\t<meta property=\"og:image:height\" content=\"1280\" \/>\n\t<meta property=\"og:image:type\" content=\"image\/jpeg\" \/>\n<meta name=\"twitter:card\" content=\"summary_large_image\" \/>\n<meta name=\"twitter:label1\" content=\"Preis\" \/>\n\t<meta name=\"twitter:data1\" content=\"1,50&euro;\" \/>\n\t<meta name=\"twitter:label2\" content=\"Verf\u00fcgbarkeit\" \/>\n\t<meta name=\"twitter:data2\" content=\"Auf Lager\" \/>\n<script type=\"application\/ld+json\" class=\"yoast-schema-graph\">{\"@context\":\"https:\/\/schema.org\",\"@graph\":[{\"@type\":\"WebPage\",\"@id\":\"https:\/\/naturaltreats.eu\/de\/product\/atlantischer-kabeljau-stick\/\",\"url\":\"https:\/\/naturaltreats.eu\/de\/product\/atlantischer-kabeljau-stick\/\",\"name\":\"Fischhaut-Stick | Natural Treats\",\"isPartOf\":{\"@id\":\"https:\/\/naturaltreats.eu\/de\/#website\"},\"primaryImageOfPage\":{\"@id\":\"https:\/\/naturaltreats.eu\/de\/product\/atlantischer-kabeljau-stick\/#primaryimage\"},\"image\":{\"@id\":\"https:\/\/naturaltreats.eu\/de\/product\/atlantischer-kabeljau-stick\/#primaryimage\"},\"thumbnailUrl\":\"https:\/\/naturaltreats.eu\/wp-content\/uploads\/2020\/10\/cod.jpg\",\"datePublished\":\"2021-01-31T10:32:22+00:00\",\"dateModified\":\"2024-02-06T14:08:22+00:00\",\"description\":\"Diese Snacks werden aus fangfrischem Kabeljau hergestellt, sorgf\u00e4ltig zerkleinert und zu gleichm\u00e4\u00dfigen Sticks mit einer durchschnittlichen L\u00e4nge von 13 cm pro St\u00fcck geformt. Wir trocknen dann jedes St\u00fcck schonend an der Luft zu einem Omega 3 haltigen Stick.\",\"breadcrumb\":{\"@id\":\"https:\/\/naturaltreats.eu\/de\/product\/atlantischer-kabeljau-stick\/#breadcrumb\"},\"inLanguage\":\"de\",\"potentialAction\":[{\"@type\":\"ReadAction\",\"target\":[\"https:\/\/naturaltreats.eu\/de\/product\/atlantischer-kabeljau-stick\/\"]}]},{\"@type\":\"ImageObject\",\"inLanguage\":\"de\",\"@id\":\"https:\/\/naturaltreats.eu\/de\/product\/atlantischer-kabeljau-stick\/#primaryimage\",\"url\":\"https:\/\/naturaltreats.eu\/wp-content\/uploads\/2020\/10\/cod.jpg\",\"contentUrl\":\"https:\/\/naturaltreats.eu\/wp-content\/uploads\/2020\/10\/cod.jpg\",\"width\":1280,\"height\":1280,\"caption\":\"cod stick for dogs\"},{\"@type\":\"BreadcrumbList\",\"@id\":\"https:\/\/naturaltreats.eu\/de\/product\/atlantischer-kabeljau-stick\/#breadcrumb\",\"itemListElement\":[{\"@type\":\"ListItem\",\"position\":1,\"name\":\"Home\",\"item\":\"https:\/\/naturaltreats.eu\/de\/startseite\/\"},{\"@type\":\"ListItem\",\"position\":2,\"name\":\"Laden\",\"item\":\"https:\/\/naturaltreats.eu\/de\/laden\/\"},{\"@type\":\"ListItem\",\"position\":3,\"name\":\"Fischhaut-Stick\"}]},{\"@type\":\"WebSite\",\"@id\":\"https:\/\/naturaltreats.eu\/de\/#website\",\"url\":\"https:\/\/naturaltreats.eu\/de\/\",\"name\":\"Natural Treats\",\"description\":\"Best Rated Natural Dog Treats In Europe\",\"publisher\":{\"@id\":\"https:\/\/naturaltreats.eu\/de\/#organization\"},\"potentialAction\":[{\"@type\":\"SearchAction\",\"target\":{\"@type\":\"EntryPoint\",\"urlTemplate\":\"https:\/\/naturaltreats.eu\/de\/?s={search_term_string}\"},\"query-input\":{\"@type\":\"PropertyValueSpecification\",\"valueRequired\":true,\"valueName\":\"search_term_string\"}}],\"inLanguage\":\"de\"},{\"@type\":\"Organization\",\"@id\":\"https:\/\/naturaltreats.eu\/de\/#organization\",\"name\":\"Natural Treats\",\"url\":\"https:\/\/naturaltreats.eu\/de\/\",\"logo\":{\"@type\":\"ImageObject\",\"inLanguage\":\"de\",\"@id\":\"https:\/\/naturaltreats.eu\/de\/#\/schema\/logo\/image\/\",\"url\":\"https:\/\/naturaltreats.eu\/wp-content\/uploads\/2020\/08\/social.jpg\",\"contentUrl\":\"https:\/\/naturaltreats.eu\/wp-content\/uploads\/2020\/08\/social.jpg\",\"width\":1000,\"height\":1000,\"caption\":\"Natural Treats\"},\"image\":{\"@id\":\"https:\/\/naturaltreats.eu\/de\/#\/schema\/logo\/image\/\"},\"sameAs\":[\"https:\/\/facebook.com\/naturaltreatseu\",\"https:\/\/instagram.com\/naturaltreatseu\"]}]}<\/script>\n<meta property=\"product:price:amount\" content=\"1.50\" \/>\n<meta property=\"product:price:currency\" content=\"EUR\" \/>\n<meta property=\"og:availability\" content=\"instock\" \/>\n<meta property=\"product:availability\" content=\"instock\" \/>\n<meta property=\"product:condition\" content=\"new\" \/>\n<!-- \/ Yoast SEO Premium plugin. -->","yoast_head_json":{"title":"Fischhaut-Stick | Natural Treats","description":"Diese Snacks werden aus fangfrischem Kabeljau hergestellt, sorgf\u00e4ltig zerkleinert und zu gleichm\u00e4\u00dfigen Sticks mit einer durchschnittlichen L\u00e4nge von 13 cm pro St\u00fcck geformt. Wir trocknen dann jedes St\u00fcck schonend an der Luft zu einem Omega 3 haltigen Stick.","robots":{"index":"index","follow":"follow","max-snippet":"max-snippet:-1","max-image-preview":"max-image-preview:large","max-video-preview":"max-video-preview:-1"},"canonical":"https:\/\/naturaltreats.eu\/de\/product\/atlantischer-kabeljau-stick\/","og_locale":"de_DE","og_type":"article","og_title":"Fischhaut-Stick","og_description":"Diese Snacks werden aus fangfrischem Kabeljau hergestellt, sorgf\u00e4ltig zerkleinert und zu gleichm\u00e4\u00dfigen Sticks mit einer durchschnittlichen L\u00e4nge von 13 cm pro St\u00fcck geformt. Wir trocknen dann jedes St\u00fcck schonend an der Luft zu einem Omega 3 haltigen Stick.","og_url":"https:\/\/naturaltreats.eu\/de\/product\/atlantischer-kabeljau-stick\/","og_site_name":"Natural Treats","article_publisher":"https:\/\/facebook.com\/naturaltreatseu","article_modified_time":"2024-02-06T14:08:22+00:00","og_image":[{"width":1280,"height":1280,"url":"https:\/\/naturaltreats.eu\/wp-content\/uploads\/2020\/10\/cod.jpg","type":"image\/jpeg"}],"twitter_card":"summary_large_image","twitter_misc":{"Preis":"1,50&euro;","Verf\u00fcgbarkeit":"Auf Lager"},"schema":{"@context":"https:\/\/schema.org","@graph":[{"@type":"WebPage","@id":"https:\/\/naturaltreats.eu\/de\/product\/atlantischer-kabeljau-stick\/","url":"https:\/\/naturaltreats.eu\/de\/product\/atlantischer-kabeljau-stick\/","name":"Fischhaut-Stick | Natural Treats","isPartOf":{"@id":"https:\/\/naturaltreats.eu\/de\/#website"},"primaryImageOfPage":{"@id":"https:\/\/naturaltreats.eu\/de\/product\/atlantischer-kabeljau-stick\/#primaryimage"},"image":{"@id":"https:\/\/naturaltreats.eu\/de\/product\/atlantischer-kabeljau-stick\/#primaryimage"},"thumbnailUrl":"https:\/\/naturaltreats.eu\/wp-content\/uploads\/2020\/10\/cod.jpg","datePublished":"2021-01-31T10:32:22+00:00","dateModified":"2024-02-06T14:08:22+00:00","description":"Diese Snacks werden aus fangfrischem Kabeljau hergestellt, sorgf\u00e4ltig zerkleinert und zu gleichm\u00e4\u00dfigen Sticks mit einer durchschnittlichen L\u00e4nge von 13 cm pro St\u00fcck geformt. Wir trocknen dann jedes St\u00fcck schonend an der Luft zu einem Omega 3 haltigen Stick.","breadcrumb":{"@id":"https:\/\/naturaltreats.eu\/de\/product\/atlantischer-kabeljau-stick\/#breadcrumb"},"inLanguage":"de","potentialAction":[{"@type":"ReadAction","target":["https:\/\/naturaltreats.eu\/de\/product\/atlantischer-kabeljau-stick\/"]}]},{"@type":"ImageObject","inLanguage":"de","@id":"https:\/\/naturaltreats.eu\/de\/product\/atlantischer-kabeljau-stick\/#primaryimage","url":"https:\/\/naturaltreats.eu\/wp-content\/uploads\/2020\/10\/cod.jpg","contentUrl":"https:\/\/naturaltreats.eu\/wp-content\/uploads\/2020\/10\/cod.jpg","width":1280,"height":1280,"caption":"cod stick for dogs"},{"@type":"BreadcrumbList","@id":"https:\/\/naturaltreats.eu\/de\/product\/atlantischer-kabeljau-stick\/#breadcrumb","itemListElement":[{"@type":"ListItem","position":1,"name":"Home","item":"https:\/\/naturaltreats.eu\/de\/startseite\/"},{"@type":"ListItem","position":2,"name":"Laden","item":"https:\/\/naturaltreats.eu\/de\/laden\/"},{"@type":"ListItem","position":3,"name":"Fischhaut-Stick"}]},{"@type":"WebSite","@id":"https:\/\/naturaltreats.eu\/de\/#website","url":"https:\/\/naturaltreats.eu\/de\/","name":"Natural Treats","description":"Best Rated Natural Dog Treats In Europe","publisher":{"@id":"https:\/\/naturaltreats.eu\/de\/#organization"},"potentialAction":[{"@type":"SearchAction","target":{"@type":"EntryPoint","urlTemplate":"https:\/\/naturaltreats.eu\/de\/?s={search_term_string}"},"query-input":{"@type":"PropertyValueSpecification","valueRequired":true,"valueName":"search_term_string"}}],"inLanguage":"de"},{"@type":"Organization","@id":"https:\/\/naturaltreats.eu\/de\/#organization","name":"Natural Treats","url":"https:\/\/naturaltreats.eu\/de\/","logo":{"@type":"ImageObject","inLanguage":"de","@id":"https:\/\/naturaltreats.eu\/de\/#\/schema\/logo\/image\/","url":"https:\/\/naturaltreats.eu\/wp-content\/uploads\/2020\/08\/social.jpg","contentUrl":"https:\/\/naturaltreats.eu\/wp-content\/uploads\/2020\/08\/social.jpg","width":1000,"height":1000,"caption":"Natural Treats"},"image":{"@id":"https:\/\/naturaltreats.eu\/de\/#\/schema\/logo\/image\/"},"sameAs":["https:\/\/facebook.com\/naturaltreatseu","https:\/\/instagram.com\/naturaltreatseu"]}]},"product_price_amount":"1.50","product_price_currency":"EUR","og_availability":"instock","product_availability":"instock","product_condition":"new"},"_links":{"self":[{"href":"https:\/\/naturaltreats.eu\/de\/wp-json\/wp\/v2\/product\/7130","targetHints":{"allow":["GET"]}}],"collection":[{"href":"https:\/\/naturaltreats.eu\/de\/wp-json\/wp\/v2\/product"}],"about":[{"href":"https:\/\/naturaltreats.eu\/de\/wp-json\/wp\/v2\/types\/product"}],"wp:featuredmedia":[{"embeddable":true,"href":"https:\/\/naturaltreats.eu\/de\/wp-json\/wp\/v2\/media\/47012"}],"wp:attachment":[{"href":"https:\/\/naturaltreats.eu\/de\/wp-json\/wp\/v2\/media?parent=7130"}],"wp:term":[{"taxonomy":"dog-type","embeddable":true,"href":"https:\/\/naturaltreats.eu\/de\/wp-json\/wp\/v2\/dog-type?post=7130"},{"taxonomy":"ingredients","embeddable":true,"href":"https:\/\/naturaltreats.eu\/de\/wp-json\/wp\/v2\/ingredients?post=7130"},{"taxonomy":"product_brand","embeddable":true,"href":"https:\/\/naturaltreats.eu\/de\/wp-json\/wp\/v2\/product_brand?post=7130"},{"taxonomy":"product_cat","embeddable":true,"href":"https:\/\/naturaltreats.eu\/de\/wp-json\/wp\/v2\/product_cat?post=7130"},{"taxonomy":"product_tag","embeddable":true,"href":"https:\/\/naturaltreats.eu\/de\/wp-json\/wp\/v2\/product_tag?post=7130"}],"curies":[{"name":"wp","href":"https:\/\/api.w.org\/{rel}","templated":true}]}}