{"id":7132,"date":"2021-01-31T11:30:29","date_gmt":"2021-01-31T10:30:29","guid":{"rendered":"https:\/\/naturaltreats.eu\/product\/lamm-reis-sticks-gros\/"},"modified":"2024-02-06T14:54:49","modified_gmt":"2024-02-06T13:54:49","slug":"lamm-und-reis-stick-gross","status":"publish","type":"product","link":"https:\/\/naturaltreats.eu\/de\/product\/lamm-und-reis-stick-gross\/","title":{"rendered":"Lamm und Reis Stick Gro\u00df"},"content":{"rendered":"<p>Vollgepackt mit unwiderstehlichem Geschmack f\u00fcr eine lang anhaltende Belohnung, lieben Hunde Lamm- und Reissticks, da sie eine befriedigende Kaustruktur haben. Sie befriedigen den nat\u00fcrlichen Kautrieb Ihres Hundes und sind durch den nat\u00fcrlichen Kauvorgang auch gut f\u00fcr seine Zahngesundheit.<\/p>\n<p>Diese Sticks werden aus hochwertigen Zutaten hergestellt und enthalten keine k\u00fcnstlichen Aromen. Sie sind f\u00fcr Hunde aller Gr\u00f6\u00dfen geeignet und bieten ihnen eine leckere Fleischstange, an der sie sich richtig festbei\u00dfen k\u00f6nnen.<\/p>\n<p>Enth\u00e4lt geringe Mengen an Huhn.<\/p>\n","protected":false},"excerpt":{"rendered":"<p><i class=\"fas fa-circle\"><\/i><i class=\"fas fa-circle\"><\/i><i class=\"far fa-circle\"><\/i> | 60g | 1 St\u00fcck<\/p>\n","protected":false},"featured_media":47024,"template":"","meta":{"_acf_changed":false},"dog-type":[],"ingredients":[],"product_brand":[],"product_cat":[115],"product_tag":[],"class_list":{"0":"post-7132","1":"product","2":"type-product","3":"status-publish","4":"has-post-thumbnail","6":"product_cat-snacks-de","7":"tm-has-options","9":"first","10":"outofstock","11":"taxable","12":"shipping-taxable","13":"purchasable","14":"product-type-simple"},"bundled_by":[],"bundle_stock_status":"outofstock","bundle_stock_quantity":null,"bundle_virtual":false,"bundle_layout":"","bundle_add_to_cart_form_location":"","bundle_editable_in_cart":false,"bundle_sold_individually_context":"","bundle_item_grouping":"","bundle_min_size":"","bundle_max_size":"","bundle_price":[],"bundled_items":[],"bundle_sell_ids":[],"acf":[],"yoast_head":"<!-- This site is optimized with the Yoast SEO Premium plugin v23.5 (Yoast SEO v25.0) - https:\/\/yoast.com\/wordpress\/plugins\/seo\/ -->\n<title>Lamm und Reis Stick Gro\u00df | Natural Treats<\/title>\n<meta name=\"description\" content=\"Vollgepackt mit unwiderstehlichem Geschmack f\u00fcr eine lang anhaltende Belohnung, lieben Hunde diese gro\u00dfen Lamm- und Reissticks, da sie eine befriedigend kaubare Textur haben.\" \/>\n<meta name=\"robots\" content=\"index, follow, max-snippet:-1, max-image-preview:large, max-video-preview:-1\" \/>\n<link rel=\"canonical\" href=\"https:\/\/naturaltreats.eu\/de\/product\/lamm-und-reis-stick-gross\/\" \/>\n<meta property=\"og:locale\" content=\"de_DE\" \/>\n<meta property=\"og:type\" content=\"article\" \/>\n<meta property=\"og:title\" content=\"Lamm und Reis Stick Gro\u00df\" \/>\n<meta property=\"og:description\" content=\"Vollgepackt mit unwiderstehlichem Geschmack f\u00fcr eine lang anhaltende Belohnung, lieben Hunde diese gro\u00dfen Lamm- und Reissticks, da sie eine befriedigend kaubare Textur haben.\" \/>\n<meta property=\"og:url\" content=\"https:\/\/naturaltreats.eu\/de\/product\/lamm-und-reis-stick-gross\/\" \/>\n<meta property=\"og:site_name\" content=\"Natural Treats\" \/>\n<meta property=\"article:publisher\" content=\"https:\/\/facebook.com\/naturaltreatseu\" \/>\n<meta property=\"article:modified_time\" content=\"2024-02-06T13:54:49+00:00\" \/>\n<meta property=\"og:image\" content=\"https:\/\/naturaltreats.eu\/wp-content\/uploads\/2020\/10\/lamb.jpg\" \/>\n\t<meta property=\"og:image:width\" content=\"1280\" \/>\n\t<meta property=\"og:image:height\" content=\"1280\" \/>\n\t<meta property=\"og:image:type\" content=\"image\/jpeg\" \/>\n<meta name=\"twitter:card\" content=\"summary_large_image\" \/>\n<meta name=\"twitter:label1\" content=\"Preis\" \/>\n\t<meta name=\"twitter:data1\" content=\"2,00&euro;\" \/>\n\t<meta name=\"twitter:label2\" content=\"Verf\u00fcgbarkeit\" \/>\n\t<meta name=\"twitter:data2\" content=\"ausverkauft\" \/>\n<script type=\"application\/ld+json\" class=\"yoast-schema-graph\">{\"@context\":\"https:\/\/schema.org\",\"@graph\":[{\"@type\":\"WebPage\",\"@id\":\"https:\/\/naturaltreats.eu\/de\/product\/lamm-und-reis-stick-gross\/\",\"url\":\"https:\/\/naturaltreats.eu\/de\/product\/lamm-und-reis-stick-gross\/\",\"name\":\"Lamm und Reis Stick Gro\u00df | Natural Treats\",\"isPartOf\":{\"@id\":\"https:\/\/naturaltreats.eu\/de\/#website\"},\"primaryImageOfPage\":{\"@id\":\"https:\/\/naturaltreats.eu\/de\/product\/lamm-und-reis-stick-gross\/#primaryimage\"},\"image\":{\"@id\":\"https:\/\/naturaltreats.eu\/de\/product\/lamm-und-reis-stick-gross\/#primaryimage\"},\"thumbnailUrl\":\"https:\/\/naturaltreats.eu\/wp-content\/uploads\/2020\/10\/lamb.jpg\",\"datePublished\":\"2021-01-31T10:30:29+00:00\",\"dateModified\":\"2024-02-06T13:54:49+00:00\",\"description\":\"Vollgepackt mit unwiderstehlichem Geschmack f\u00fcr eine lang anhaltende Belohnung, lieben Hunde diese gro\u00dfen Lamm- und Reissticks, da sie eine befriedigend kaubare Textur haben.\",\"breadcrumb\":{\"@id\":\"https:\/\/naturaltreats.eu\/de\/product\/lamm-und-reis-stick-gross\/#breadcrumb\"},\"inLanguage\":\"de\",\"potentialAction\":[{\"@type\":\"ReadAction\",\"target\":[\"https:\/\/naturaltreats.eu\/de\/product\/lamm-und-reis-stick-gross\/\"]}]},{\"@type\":\"ImageObject\",\"inLanguage\":\"de\",\"@id\":\"https:\/\/naturaltreats.eu\/de\/product\/lamm-und-reis-stick-gross\/#primaryimage\",\"url\":\"https:\/\/naturaltreats.eu\/wp-content\/uploads\/2020\/10\/lamb.jpg\",\"contentUrl\":\"https:\/\/naturaltreats.eu\/wp-content\/uploads\/2020\/10\/lamb.jpg\",\"width\":1280,\"height\":1280,\"caption\":\"lamb stick for dogs\"},{\"@type\":\"BreadcrumbList\",\"@id\":\"https:\/\/naturaltreats.eu\/de\/product\/lamm-und-reis-stick-gross\/#breadcrumb\",\"itemListElement\":[{\"@type\":\"ListItem\",\"position\":1,\"name\":\"Home\",\"item\":\"https:\/\/naturaltreats.eu\/de\/startseite\/\"},{\"@type\":\"ListItem\",\"position\":2,\"name\":\"Laden\",\"item\":\"https:\/\/naturaltreats.eu\/de\/laden\/\"},{\"@type\":\"ListItem\",\"position\":3,\"name\":\"Lamm und Reis Stick Gro\u00df\"}]},{\"@type\":\"WebSite\",\"@id\":\"https:\/\/naturaltreats.eu\/de\/#website\",\"url\":\"https:\/\/naturaltreats.eu\/de\/\",\"name\":\"Natural Treats\",\"description\":\"Best Rated Natural Dog Treats In Europe\",\"publisher\":{\"@id\":\"https:\/\/naturaltreats.eu\/de\/#organization\"},\"potentialAction\":[{\"@type\":\"SearchAction\",\"target\":{\"@type\":\"EntryPoint\",\"urlTemplate\":\"https:\/\/naturaltreats.eu\/de\/?s={search_term_string}\"},\"query-input\":{\"@type\":\"PropertyValueSpecification\",\"valueRequired\":true,\"valueName\":\"search_term_string\"}}],\"inLanguage\":\"de\"},{\"@type\":\"Organization\",\"@id\":\"https:\/\/naturaltreats.eu\/de\/#organization\",\"name\":\"Natural Treats\",\"url\":\"https:\/\/naturaltreats.eu\/de\/\",\"logo\":{\"@type\":\"ImageObject\",\"inLanguage\":\"de\",\"@id\":\"https:\/\/naturaltreats.eu\/de\/#\/schema\/logo\/image\/\",\"url\":\"https:\/\/naturaltreats.eu\/wp-content\/uploads\/2020\/08\/social.jpg\",\"contentUrl\":\"https:\/\/naturaltreats.eu\/wp-content\/uploads\/2020\/08\/social.jpg\",\"width\":1000,\"height\":1000,\"caption\":\"Natural Treats\"},\"image\":{\"@id\":\"https:\/\/naturaltreats.eu\/de\/#\/schema\/logo\/image\/\"},\"sameAs\":[\"https:\/\/facebook.com\/naturaltreatseu\",\"https:\/\/instagram.com\/naturaltreatseu\"]}]}<\/script>\n<meta property=\"product:price:amount\" content=\"2.00\" \/>\n<meta property=\"product:price:currency\" content=\"EUR\" \/>\n<meta property=\"og:availability\" content=\"out of stock\" \/>\n<meta property=\"product:availability\" content=\"out of stock\" \/>\n<meta property=\"product:condition\" content=\"new\" \/>\n<!-- \/ Yoast SEO Premium plugin. -->","yoast_head_json":{"title":"Lamm und Reis Stick Gro\u00df | Natural Treats","description":"Vollgepackt mit unwiderstehlichem Geschmack f\u00fcr eine lang anhaltende Belohnung, lieben Hunde diese gro\u00dfen Lamm- und Reissticks, da sie eine befriedigend kaubare Textur haben.","robots":{"index":"index","follow":"follow","max-snippet":"max-snippet:-1","max-image-preview":"max-image-preview:large","max-video-preview":"max-video-preview:-1"},"canonical":"https:\/\/naturaltreats.eu\/de\/product\/lamm-und-reis-stick-gross\/","og_locale":"de_DE","og_type":"article","og_title":"Lamm und Reis Stick Gro\u00df","og_description":"Vollgepackt mit unwiderstehlichem Geschmack f\u00fcr eine lang anhaltende Belohnung, lieben Hunde diese gro\u00dfen Lamm- und Reissticks, da sie eine befriedigend kaubare Textur haben.","og_url":"https:\/\/naturaltreats.eu\/de\/product\/lamm-und-reis-stick-gross\/","og_site_name":"Natural Treats","article_publisher":"https:\/\/facebook.com\/naturaltreatseu","article_modified_time":"2024-02-06T13:54:49+00:00","og_image":[{"width":1280,"height":1280,"url":"https:\/\/naturaltreats.eu\/wp-content\/uploads\/2020\/10\/lamb.jpg","type":"image\/jpeg"}],"twitter_card":"summary_large_image","twitter_misc":{"Preis":"2,00&euro;","Verf\u00fcgbarkeit":"ausverkauft"},"schema":{"@context":"https:\/\/schema.org","@graph":[{"@type":"WebPage","@id":"https:\/\/naturaltreats.eu\/de\/product\/lamm-und-reis-stick-gross\/","url":"https:\/\/naturaltreats.eu\/de\/product\/lamm-und-reis-stick-gross\/","name":"Lamm und Reis Stick Gro\u00df | Natural Treats","isPartOf":{"@id":"https:\/\/naturaltreats.eu\/de\/#website"},"primaryImageOfPage":{"@id":"https:\/\/naturaltreats.eu\/de\/product\/lamm-und-reis-stick-gross\/#primaryimage"},"image":{"@id":"https:\/\/naturaltreats.eu\/de\/product\/lamm-und-reis-stick-gross\/#primaryimage"},"thumbnailUrl":"https:\/\/naturaltreats.eu\/wp-content\/uploads\/2020\/10\/lamb.jpg","datePublished":"2021-01-31T10:30:29+00:00","dateModified":"2024-02-06T13:54:49+00:00","description":"Vollgepackt mit unwiderstehlichem Geschmack f\u00fcr eine lang anhaltende Belohnung, lieben Hunde diese gro\u00dfen Lamm- und Reissticks, da sie eine befriedigend kaubare Textur haben.","breadcrumb":{"@id":"https:\/\/naturaltreats.eu\/de\/product\/lamm-und-reis-stick-gross\/#breadcrumb"},"inLanguage":"de","potentialAction":[{"@type":"ReadAction","target":["https:\/\/naturaltreats.eu\/de\/product\/lamm-und-reis-stick-gross\/"]}]},{"@type":"ImageObject","inLanguage":"de","@id":"https:\/\/naturaltreats.eu\/de\/product\/lamm-und-reis-stick-gross\/#primaryimage","url":"https:\/\/naturaltreats.eu\/wp-content\/uploads\/2020\/10\/lamb.jpg","contentUrl":"https:\/\/naturaltreats.eu\/wp-content\/uploads\/2020\/10\/lamb.jpg","width":1280,"height":1280,"caption":"lamb stick for dogs"},{"@type":"BreadcrumbList","@id":"https:\/\/naturaltreats.eu\/de\/product\/lamm-und-reis-stick-gross\/#breadcrumb","itemListElement":[{"@type":"ListItem","position":1,"name":"Home","item":"https:\/\/naturaltreats.eu\/de\/startseite\/"},{"@type":"ListItem","position":2,"name":"Laden","item":"https:\/\/naturaltreats.eu\/de\/laden\/"},{"@type":"ListItem","position":3,"name":"Lamm und Reis Stick Gro\u00df"}]},{"@type":"WebSite","@id":"https:\/\/naturaltreats.eu\/de\/#website","url":"https:\/\/naturaltreats.eu\/de\/","name":"Natural Treats","description":"Best Rated Natural Dog Treats In Europe","publisher":{"@id":"https:\/\/naturaltreats.eu\/de\/#organization"},"potentialAction":[{"@type":"SearchAction","target":{"@type":"EntryPoint","urlTemplate":"https:\/\/naturaltreats.eu\/de\/?s={search_term_string}"},"query-input":{"@type":"PropertyValueSpecification","valueRequired":true,"valueName":"search_term_string"}}],"inLanguage":"de"},{"@type":"Organization","@id":"https:\/\/naturaltreats.eu\/de\/#organization","name":"Natural Treats","url":"https:\/\/naturaltreats.eu\/de\/","logo":{"@type":"ImageObject","inLanguage":"de","@id":"https:\/\/naturaltreats.eu\/de\/#\/schema\/logo\/image\/","url":"https:\/\/naturaltreats.eu\/wp-content\/uploads\/2020\/08\/social.jpg","contentUrl":"https:\/\/naturaltreats.eu\/wp-content\/uploads\/2020\/08\/social.jpg","width":1000,"height":1000,"caption":"Natural Treats"},"image":{"@id":"https:\/\/naturaltreats.eu\/de\/#\/schema\/logo\/image\/"},"sameAs":["https:\/\/facebook.com\/naturaltreatseu","https:\/\/instagram.com\/naturaltreatseu"]}]},"product_price_amount":"2.00","product_price_currency":"EUR","og_availability":"out of stock","product_availability":"out of stock","product_condition":"new"},"_links":{"self":[{"href":"https:\/\/naturaltreats.eu\/de\/wp-json\/wp\/v2\/product\/7132","targetHints":{"allow":["GET"]}}],"collection":[{"href":"https:\/\/naturaltreats.eu\/de\/wp-json\/wp\/v2\/product"}],"about":[{"href":"https:\/\/naturaltreats.eu\/de\/wp-json\/wp\/v2\/types\/product"}],"wp:featuredmedia":[{"embeddable":true,"href":"https:\/\/naturaltreats.eu\/de\/wp-json\/wp\/v2\/media\/47024"}],"wp:attachment":[{"href":"https:\/\/naturaltreats.eu\/de\/wp-json\/wp\/v2\/media?parent=7132"}],"wp:term":[{"taxonomy":"dog-type","embeddable":true,"href":"https:\/\/naturaltreats.eu\/de\/wp-json\/wp\/v2\/dog-type?post=7132"},{"taxonomy":"ingredients","embeddable":true,"href":"https:\/\/naturaltreats.eu\/de\/wp-json\/wp\/v2\/ingredients?post=7132"},{"taxonomy":"product_brand","embeddable":true,"href":"https:\/\/naturaltreats.eu\/de\/wp-json\/wp\/v2\/product_brand?post=7132"},{"taxonomy":"product_cat","embeddable":true,"href":"https:\/\/naturaltreats.eu\/de\/wp-json\/wp\/v2\/product_cat?post=7132"},{"taxonomy":"product_tag","embeddable":true,"href":"https:\/\/naturaltreats.eu\/de\/wp-json\/wp\/v2\/product_tag?post=7132"}],"curies":[{"name":"wp","href":"https:\/\/api.w.org\/{rel}","templated":true}]}}