{"id":71923,"date":"2024-12-09T21:06:19","date_gmt":"2024-12-10T08:35:05","guid":{"rendered":"https:\/\/naturaltreats.eu\/shop\/unkategorisiert\/bully-sticks\/"},"modified":"2024-12-10T09:35:05","modified_gmt":"2024-12-10T08:35:05","slug":"bully-sticks","status":"publish","type":"product","link":"https:\/\/naturaltreats.eu\/de\/product\/bully-sticks\/","title":{"rendered":"Bully Sticks"},"content":{"rendered":"<p>Unsere hochwertigen Bully Sticks f\u00fcr Hunde sind ein nat\u00fcrlicher Leckerbissen f\u00fcr Hunde, der Ihrem Vierbeiner nicht nur Freude bereitet, sondern auch gesundheitliche Vorteile bietet. Diese auch als Bull Pizzles bekannten nat\u00fcrlichen Hundeleckerlis sind unglaublich widerstandsf\u00e4hig und langlebig, was sie perfekt f\u00fcr starke Hunde macht, die gerne kauen. <\/p>\n<h3>Vorteile<\/h3>\n<p><strong>Nat\u00fcrliche Zutaten:<\/strong> Hergestellt aus 100 % nat\u00fcrlichem Rindfleisch, um ein gesundes Leckerli ohne k\u00fcnstliche Zusatzstoffe zu gew\u00e4hrleisten. <strong>Zahngesundheit:<\/strong> Die harte Textur von Bully Sticks hilft, die Z\u00e4hne Ihres Hundes zu reinigen, und reduziert die Bildung von Plaque und Zahnstein. <strong>Hoher Proteingehalt:<\/strong> Eine gro\u00dfartige Proteinquelle, die den Muskelaufbau und das Energieniveau Ihres Hundes unterst\u00fctzt. <strong>Verdaulichkeit:<\/strong> Leicht verdaulich und damit ein sicheres nat\u00fcrliches Hundeleckerli f\u00fcr Ihren Hund. <strong>Befriedigender Kauspa\u00df:<\/strong> Unterh\u00e4lt Ihren Hund und regt ihn geistig an, so dass er sich nicht langweilt.<\/p>\n","protected":false},"excerpt":{"rendered":"<p>5er-Pack.<\/p>\n","protected":false},"featured_media":71869,"template":"","meta":{"_acf_changed":false},"dog-type":[],"ingredients":[],"product_brand":[],"product_cat":[539],"product_tag":[],"class_list":{"0":"post-71923","1":"product","2":"type-product","3":"status-publish","4":"has-post-thumbnail","6":"product_cat-naturliche-hundeleckerlis","7":"pa_dog-type-grose-hunde","8":"pa_dog-type-mittlere-hunde","9":"pa_ingredient-kuh","10":"pa_toughness-sehr-zah","11":"tm-has-options","13":"first","14":"instock","15":"taxable","16":"shipping-taxable","17":"purchasable","18":"product-type-simple"},"bundled_by":[],"bundle_stock_status":"instock","bundle_stock_quantity":null,"bundle_virtual":false,"bundle_layout":"","bundle_add_to_cart_form_location":"","bundle_editable_in_cart":false,"bundle_sold_individually_context":"","bundle_item_grouping":"","bundle_min_size":"","bundle_max_size":"","bundle_price":[],"bundled_items":[],"bundle_sell_ids":[],"acf":[],"yoast_head":"<!-- This site is optimized with the Yoast SEO Premium plugin v23.5 (Yoast SEO v25.0) - https:\/\/yoast.com\/wordpress\/plugins\/seo\/ -->\n<title>Bully Sticks | Natural Treats<\/title>\n<meta name=\"description\" content=\"Unsere hochwertigen Bully Sticks f\u00fcr Hunde sind ein nat\u00fcrlicher Leckerbissen f\u00fcr Hunde, der Ihrem Vierbeiner nicht nur Freude bereitet, sondern auch gesundheitliche Vorteile bietet.\" \/>\n<meta name=\"robots\" content=\"index, follow, max-snippet:-1, max-image-preview:large, max-video-preview:-1\" \/>\n<link rel=\"canonical\" href=\"https:\/\/naturaltreats.eu\/de\/product\/bully-sticks\/\" \/>\n<meta property=\"og:locale\" content=\"de_DE\" \/>\n<meta property=\"og:type\" content=\"article\" \/>\n<meta property=\"og:title\" content=\"Bully Sticks\" \/>\n<meta property=\"og:description\" content=\"Unsere hochwertigen Bully Sticks f\u00fcr Hunde sind ein nat\u00fcrlicher Leckerbissen f\u00fcr Hunde, der Ihrem Vierbeiner nicht nur Freude bereitet, sondern auch gesundheitliche Vorteile bietet.\" \/>\n<meta property=\"og:url\" content=\"https:\/\/naturaltreats.eu\/de\/product\/bully-sticks\/\" \/>\n<meta property=\"og:site_name\" content=\"Natural Treats\" \/>\n<meta property=\"article:publisher\" content=\"https:\/\/facebook.com\/naturaltreatseu\" \/>\n<meta property=\"og:image\" content=\"https:\/\/naturaltreats.eu\/wp-content\/uploads\/2024\/12\/bully-sticks.jpg\" \/>\n\t<meta property=\"og:image:width\" content=\"2000\" \/>\n\t<meta property=\"og:image:height\" content=\"2000\" \/>\n\t<meta property=\"og:image:type\" content=\"image\/jpeg\" \/>\n<meta name=\"twitter:card\" content=\"summary_large_image\" \/>\n<meta name=\"twitter:label1\" content=\"Preis\" \/>\n\t<meta name=\"twitter:data1\" content=\"16,95&euro;\" \/>\n\t<meta name=\"twitter:label2\" content=\"Verf\u00fcgbarkeit\" \/>\n\t<meta name=\"twitter:data2\" content=\"Auf Lager\" \/>\n<script type=\"application\/ld+json\" class=\"yoast-schema-graph\">{\"@context\":\"https:\/\/schema.org\",\"@graph\":[{\"@type\":\"WebPage\",\"@id\":\"https:\/\/naturaltreats.eu\/de\/product\/bully-sticks\/\",\"url\":\"https:\/\/naturaltreats.eu\/de\/product\/bully-sticks\/\",\"name\":\"Bully Sticks | Natural Treats\",\"isPartOf\":{\"@id\":\"https:\/\/naturaltreats.eu\/de\/#website\"},\"primaryImageOfPage\":{\"@id\":\"https:\/\/naturaltreats.eu\/de\/product\/bully-sticks\/#primaryimage\"},\"image\":{\"@id\":\"https:\/\/naturaltreats.eu\/de\/product\/bully-sticks\/#primaryimage\"},\"thumbnailUrl\":\"https:\/\/naturaltreats.eu\/wp-content\/uploads\/2024\/12\/bully-sticks.jpg\",\"datePublished\":\"2024-12-10T08:35:05+00:00\",\"description\":\"Unsere hochwertigen Bully Sticks f\u00fcr Hunde sind ein nat\u00fcrlicher Leckerbissen f\u00fcr Hunde, der Ihrem Vierbeiner nicht nur Freude bereitet, sondern auch gesundheitliche Vorteile bietet.\",\"breadcrumb\":{\"@id\":\"https:\/\/naturaltreats.eu\/de\/product\/bully-sticks\/#breadcrumb\"},\"inLanguage\":\"de\",\"potentialAction\":[{\"@type\":\"ReadAction\",\"target\":[\"https:\/\/naturaltreats.eu\/de\/product\/bully-sticks\/\"]}]},{\"@type\":\"ImageObject\",\"inLanguage\":\"de\",\"@id\":\"https:\/\/naturaltreats.eu\/de\/product\/bully-sticks\/#primaryimage\",\"url\":\"https:\/\/naturaltreats.eu\/wp-content\/uploads\/2024\/12\/bully-sticks.jpg\",\"contentUrl\":\"https:\/\/naturaltreats.eu\/wp-content\/uploads\/2024\/12\/bully-sticks.jpg\",\"width\":2000,\"height\":2000,\"caption\":\"Bully sticks for dogs\"},{\"@type\":\"BreadcrumbList\",\"@id\":\"https:\/\/naturaltreats.eu\/de\/product\/bully-sticks\/#breadcrumb\",\"itemListElement\":[{\"@type\":\"ListItem\",\"position\":1,\"name\":\"Home\",\"item\":\"https:\/\/naturaltreats.eu\/de\/startseite\/\"},{\"@type\":\"ListItem\",\"position\":2,\"name\":\"Laden\",\"item\":\"https:\/\/naturaltreats.eu\/de\/laden\/\"},{\"@type\":\"ListItem\",\"position\":3,\"name\":\"Bully Sticks\"}]},{\"@type\":\"WebSite\",\"@id\":\"https:\/\/naturaltreats.eu\/de\/#website\",\"url\":\"https:\/\/naturaltreats.eu\/de\/\",\"name\":\"Natural Treats\",\"description\":\"Best Rated Natural Dog Treats In Europe\",\"publisher\":{\"@id\":\"https:\/\/naturaltreats.eu\/de\/#organization\"},\"potentialAction\":[{\"@type\":\"SearchAction\",\"target\":{\"@type\":\"EntryPoint\",\"urlTemplate\":\"https:\/\/naturaltreats.eu\/de\/?s={search_term_string}\"},\"query-input\":{\"@type\":\"PropertyValueSpecification\",\"valueRequired\":true,\"valueName\":\"search_term_string\"}}],\"inLanguage\":\"de\"},{\"@type\":\"Organization\",\"@id\":\"https:\/\/naturaltreats.eu\/de\/#organization\",\"name\":\"Natural Treats\",\"url\":\"https:\/\/naturaltreats.eu\/de\/\",\"logo\":{\"@type\":\"ImageObject\",\"inLanguage\":\"de\",\"@id\":\"https:\/\/naturaltreats.eu\/de\/#\/schema\/logo\/image\/\",\"url\":\"https:\/\/naturaltreats.eu\/wp-content\/uploads\/2020\/08\/social.jpg\",\"contentUrl\":\"https:\/\/naturaltreats.eu\/wp-content\/uploads\/2020\/08\/social.jpg\",\"width\":1000,\"height\":1000,\"caption\":\"Natural Treats\"},\"image\":{\"@id\":\"https:\/\/naturaltreats.eu\/de\/#\/schema\/logo\/image\/\"},\"sameAs\":[\"https:\/\/facebook.com\/naturaltreatseu\",\"https:\/\/instagram.com\/naturaltreatseu\"]}]}<\/script>\n<meta property=\"product:price:amount\" content=\"16.95\" \/>\n<meta property=\"product:price:currency\" content=\"EUR\" \/>\n<meta property=\"og:availability\" content=\"instock\" \/>\n<meta property=\"product:availability\" content=\"instock\" \/>\n<meta property=\"product:condition\" content=\"new\" \/>\n<!-- \/ Yoast SEO Premium plugin. -->","yoast_head_json":{"title":"Bully Sticks | Natural Treats","description":"Unsere hochwertigen Bully Sticks f\u00fcr Hunde sind ein nat\u00fcrlicher Leckerbissen f\u00fcr Hunde, der Ihrem Vierbeiner nicht nur Freude bereitet, sondern auch gesundheitliche Vorteile bietet.","robots":{"index":"index","follow":"follow","max-snippet":"max-snippet:-1","max-image-preview":"max-image-preview:large","max-video-preview":"max-video-preview:-1"},"canonical":"https:\/\/naturaltreats.eu\/de\/product\/bully-sticks\/","og_locale":"de_DE","og_type":"article","og_title":"Bully Sticks","og_description":"Unsere hochwertigen Bully Sticks f\u00fcr Hunde sind ein nat\u00fcrlicher Leckerbissen f\u00fcr Hunde, der Ihrem Vierbeiner nicht nur Freude bereitet, sondern auch gesundheitliche Vorteile bietet.","og_url":"https:\/\/naturaltreats.eu\/de\/product\/bully-sticks\/","og_site_name":"Natural Treats","article_publisher":"https:\/\/facebook.com\/naturaltreatseu","og_image":[{"width":2000,"height":2000,"url":"https:\/\/naturaltreats.eu\/wp-content\/uploads\/2024\/12\/bully-sticks.jpg","type":"image\/jpeg"}],"twitter_card":"summary_large_image","twitter_misc":{"Preis":"16,95&euro;","Verf\u00fcgbarkeit":"Auf Lager"},"schema":{"@context":"https:\/\/schema.org","@graph":[{"@type":"WebPage","@id":"https:\/\/naturaltreats.eu\/de\/product\/bully-sticks\/","url":"https:\/\/naturaltreats.eu\/de\/product\/bully-sticks\/","name":"Bully Sticks | Natural Treats","isPartOf":{"@id":"https:\/\/naturaltreats.eu\/de\/#website"},"primaryImageOfPage":{"@id":"https:\/\/naturaltreats.eu\/de\/product\/bully-sticks\/#primaryimage"},"image":{"@id":"https:\/\/naturaltreats.eu\/de\/product\/bully-sticks\/#primaryimage"},"thumbnailUrl":"https:\/\/naturaltreats.eu\/wp-content\/uploads\/2024\/12\/bully-sticks.jpg","datePublished":"2024-12-10T08:35:05+00:00","description":"Unsere hochwertigen Bully Sticks f\u00fcr Hunde sind ein nat\u00fcrlicher Leckerbissen f\u00fcr Hunde, der Ihrem Vierbeiner nicht nur Freude bereitet, sondern auch gesundheitliche Vorteile bietet.","breadcrumb":{"@id":"https:\/\/naturaltreats.eu\/de\/product\/bully-sticks\/#breadcrumb"},"inLanguage":"de","potentialAction":[{"@type":"ReadAction","target":["https:\/\/naturaltreats.eu\/de\/product\/bully-sticks\/"]}]},{"@type":"ImageObject","inLanguage":"de","@id":"https:\/\/naturaltreats.eu\/de\/product\/bully-sticks\/#primaryimage","url":"https:\/\/naturaltreats.eu\/wp-content\/uploads\/2024\/12\/bully-sticks.jpg","contentUrl":"https:\/\/naturaltreats.eu\/wp-content\/uploads\/2024\/12\/bully-sticks.jpg","width":2000,"height":2000,"caption":"Bully sticks for dogs"},{"@type":"BreadcrumbList","@id":"https:\/\/naturaltreats.eu\/de\/product\/bully-sticks\/#breadcrumb","itemListElement":[{"@type":"ListItem","position":1,"name":"Home","item":"https:\/\/naturaltreats.eu\/de\/startseite\/"},{"@type":"ListItem","position":2,"name":"Laden","item":"https:\/\/naturaltreats.eu\/de\/laden\/"},{"@type":"ListItem","position":3,"name":"Bully Sticks"}]},{"@type":"WebSite","@id":"https:\/\/naturaltreats.eu\/de\/#website","url":"https:\/\/naturaltreats.eu\/de\/","name":"Natural Treats","description":"Best Rated Natural Dog Treats In Europe","publisher":{"@id":"https:\/\/naturaltreats.eu\/de\/#organization"},"potentialAction":[{"@type":"SearchAction","target":{"@type":"EntryPoint","urlTemplate":"https:\/\/naturaltreats.eu\/de\/?s={search_term_string}"},"query-input":{"@type":"PropertyValueSpecification","valueRequired":true,"valueName":"search_term_string"}}],"inLanguage":"de"},{"@type":"Organization","@id":"https:\/\/naturaltreats.eu\/de\/#organization","name":"Natural Treats","url":"https:\/\/naturaltreats.eu\/de\/","logo":{"@type":"ImageObject","inLanguage":"de","@id":"https:\/\/naturaltreats.eu\/de\/#\/schema\/logo\/image\/","url":"https:\/\/naturaltreats.eu\/wp-content\/uploads\/2020\/08\/social.jpg","contentUrl":"https:\/\/naturaltreats.eu\/wp-content\/uploads\/2020\/08\/social.jpg","width":1000,"height":1000,"caption":"Natural Treats"},"image":{"@id":"https:\/\/naturaltreats.eu\/de\/#\/schema\/logo\/image\/"},"sameAs":["https:\/\/facebook.com\/naturaltreatseu","https:\/\/instagram.com\/naturaltreatseu"]}]},"product_price_amount":"16.95","product_price_currency":"EUR","og_availability":"instock","product_availability":"instock","product_condition":"new"},"_links":{"self":[{"href":"https:\/\/naturaltreats.eu\/de\/wp-json\/wp\/v2\/product\/71923","targetHints":{"allow":["GET"]}}],"collection":[{"href":"https:\/\/naturaltreats.eu\/de\/wp-json\/wp\/v2\/product"}],"about":[{"href":"https:\/\/naturaltreats.eu\/de\/wp-json\/wp\/v2\/types\/product"}],"wp:featuredmedia":[{"embeddable":true,"href":"https:\/\/naturaltreats.eu\/de\/wp-json\/wp\/v2\/media\/71869"}],"wp:attachment":[{"href":"https:\/\/naturaltreats.eu\/de\/wp-json\/wp\/v2\/media?parent=71923"}],"wp:term":[{"taxonomy":"dog-type","embeddable":true,"href":"https:\/\/naturaltreats.eu\/de\/wp-json\/wp\/v2\/dog-type?post=71923"},{"taxonomy":"ingredients","embeddable":true,"href":"https:\/\/naturaltreats.eu\/de\/wp-json\/wp\/v2\/ingredients?post=71923"},{"taxonomy":"product_brand","embeddable":true,"href":"https:\/\/naturaltreats.eu\/de\/wp-json\/wp\/v2\/product_brand?post=71923"},{"taxonomy":"product_cat","embeddable":true,"href":"https:\/\/naturaltreats.eu\/de\/wp-json\/wp\/v2\/product_cat?post=71923"},{"taxonomy":"product_tag","embeddable":true,"href":"https:\/\/naturaltreats.eu\/de\/wp-json\/wp\/v2\/product_tag?post=71923"}],"curies":[{"name":"wp","href":"https:\/\/api.w.org\/{rel}","templated":true}]}}