{"id":74103,"date":"2025-01-07T21:34:22","date_gmt":"2025-01-07T20:45:01","guid":{"rendered":"https:\/\/naturaltreats.eu\/product\/rinderknorpel-fuer-hunde\/"},"modified":"2025-01-07T21:45:01","modified_gmt":"2025-01-07T20:45:01","slug":"rinderknorpel-fuer-hunde","status":"publish","type":"product","link":"https:\/\/naturaltreats.eu\/de\/product\/rinderknorpel-fuer-hunde\/","title":{"rendered":"Rinderknorpel"},"content":{"rendered":"<p>Moon Bones aus Rinderknorpel f\u00fcr Hunde sind ein robustes, nat\u00fcrliches Hundeleckerli, das selbst die enthusiastischsten Kauer zufriedenstellt. Diese langlebigen, nat\u00fcrlichen Kauknochen aus hochwertigem Rinderknorpel eignen sich perfekt f\u00fcr gr\u00f6\u00dfere Hunderassen und bieten stundenlanges Kauvergn\u00fcgen, w\u00e4hrend sie gleichzeitig die allgemeine Gesundheit Ihres Hundes unterst\u00fctzen. <\/p>\n<h3>Vorteile<\/h3>\n<p><strong>F\u00f6rdert die Zahngesundheit: <\/strong>Die z\u00e4he Textur von Moon Bones hilft Ihrem Hund beim Kauen, Plaque und Zahnstein abzuschaben und f\u00f6rdert so auf nat\u00fcrliche Weise die Gesundheit von Z\u00e4hnen und Zahnfleisch. <strong>Reich an N\u00e4hrstoffen: <\/strong>Vollgepackt mit Glucosamin und Chondroitin helfen diese Kauartikel, die Gesundheit der Gelenke zu erhalten, die Mobilit\u00e4t zu f\u00f6rdern und Beschwerden bei aktiven oder alternden Hunden zu reduzieren. <strong>Langanhaltende Unterhaltung: <\/strong>Diese auf Langlebigkeit ausgelegten Kausnacks besch\u00e4ftigen gr\u00f6\u00dfere Hunde stundenlang und verringern Langeweile und zerst\u00f6rerisches Verhalten. <strong>100% nat\u00fcrlich und sicher: <\/strong>Hergestellt aus hochwertigem Rinderknorpel ohne k\u00fcnstliche Zusatzstoffe oder Konservierungsmittel, sind diese Kausnacks eine gesunde und bek\u00f6mmliche Option f\u00fcr Ihren Hund. <strong>Unterst\u00fctzt die St\u00e4rke von Muskeln und Knochen: <\/strong>Die nat\u00fcrlichen Proteine und Mineralien im Rinderknorpel tragen zur St\u00e4rkung von Muskeln und Knochen bei und sind somit ein ideales Leckerli f\u00fcr wachsende oder aktive Hunde.<\/p>\n","protected":false},"excerpt":{"rendered":"<p>Moon Bones aus Rinderknorpel f\u00fcr Hunde sind ein robustes, nat\u00fcrliches Hundeleckerli, das selbst die enthusiastischsten Kauer zufriedenstellt. Diese langlebigen, nat\u00fcrlichen<\/p>\n","protected":false},"featured_media":74091,"template":"","meta":{"_acf_changed":false},"dog-type":[],"ingredients":[],"product_brand":[],"product_cat":[539],"product_tag":[],"class_list":{"0":"post-74103","1":"product","2":"type-product","3":"status-publish","4":"has-post-thumbnail","6":"product_cat-naturliche-hundeleckerlis","7":"pa_dog-type-grose-hunde","8":"pa_dog-type-mittlere-hunde","9":"pa_ingredient-kuh","10":"pa_toughness-hart","11":"tm-has-options","13":"first","14":"instock","15":"taxable","16":"shipping-taxable","17":"purchasable","18":"product-type-simple"},"bundled_by":[],"bundle_stock_status":"instock","bundle_stock_quantity":null,"bundle_virtual":false,"bundle_layout":"","bundle_add_to_cart_form_location":"","bundle_editable_in_cart":false,"bundle_sold_individually_context":"","bundle_item_grouping":"","bundle_min_size":"","bundle_max_size":"","bundle_price":[],"bundled_items":[],"bundle_sell_ids":[],"acf":[],"yoast_head":"<!-- This site is optimized with the Yoast SEO Premium plugin v23.5 (Yoast SEO v25.0) - https:\/\/yoast.com\/wordpress\/plugins\/seo\/ -->\n<title>Rinderknorpel | Natural Treats<\/title>\n<meta name=\"description\" content=\"Moon Bones aus Rinderknorpel f\u00fcr Hunde sind ein z\u00e4hes, nat\u00fcrliches Hundeleckerli, das selbst die eifrigsten Kauer zufrieden stellt.\" \/>\n<meta name=\"robots\" content=\"index, follow, max-snippet:-1, max-image-preview:large, max-video-preview:-1\" \/>\n<link rel=\"canonical\" href=\"https:\/\/naturaltreats.eu\/de\/product\/rinderknorpel-fuer-hunde\/\" \/>\n<meta property=\"og:locale\" content=\"de_DE\" \/>\n<meta property=\"og:type\" content=\"article\" \/>\n<meta property=\"og:title\" content=\"Rinderknorpel\" \/>\n<meta property=\"og:description\" content=\"Moon Bones aus Rinderknorpel f\u00fcr Hunde sind ein z\u00e4hes, nat\u00fcrliches Hundeleckerli, das selbst die eifrigsten Kauer zufrieden stellt.\" \/>\n<meta property=\"og:url\" content=\"https:\/\/naturaltreats.eu\/de\/product\/rinderknorpel-fuer-hunde\/\" \/>\n<meta property=\"og:site_name\" content=\"Natural Treats\" \/>\n<meta property=\"article:publisher\" content=\"https:\/\/facebook.com\/naturaltreatseu\" \/>\n<meta property=\"og:image\" content=\"https:\/\/naturaltreats.eu\/wp-content\/uploads\/2025\/01\/cow-cartilidge.jpg\" \/>\n\t<meta property=\"og:image:width\" content=\"2000\" \/>\n\t<meta property=\"og:image:height\" content=\"2000\" \/>\n\t<meta property=\"og:image:type\" content=\"image\/jpeg\" \/>\n<meta name=\"twitter:card\" content=\"summary_large_image\" \/>\n<meta name=\"twitter:label1\" content=\"Preis\" \/>\n\t<meta name=\"twitter:data1\" content=\"9,95&euro;\" \/>\n\t<meta name=\"twitter:label2\" content=\"Verf\u00fcgbarkeit\" \/>\n\t<meta name=\"twitter:data2\" content=\"Auf Lager\" \/>\n<script type=\"application\/ld+json\" class=\"yoast-schema-graph\">{\"@context\":\"https:\/\/schema.org\",\"@graph\":[{\"@type\":\"WebPage\",\"@id\":\"https:\/\/naturaltreats.eu\/de\/product\/rinderknorpel-fuer-hunde\/\",\"url\":\"https:\/\/naturaltreats.eu\/de\/product\/rinderknorpel-fuer-hunde\/\",\"name\":\"Rinderknorpel | Natural Treats\",\"isPartOf\":{\"@id\":\"https:\/\/naturaltreats.eu\/de\/#website\"},\"primaryImageOfPage\":{\"@id\":\"https:\/\/naturaltreats.eu\/de\/product\/rinderknorpel-fuer-hunde\/#primaryimage\"},\"image\":{\"@id\":\"https:\/\/naturaltreats.eu\/de\/product\/rinderknorpel-fuer-hunde\/#primaryimage\"},\"thumbnailUrl\":\"https:\/\/naturaltreats.eu\/wp-content\/uploads\/2025\/01\/cow-cartilidge.jpg\",\"datePublished\":\"2025-01-07T20:45:01+00:00\",\"description\":\"Moon Bones aus Rinderknorpel f\u00fcr Hunde sind ein z\u00e4hes, nat\u00fcrliches Hundeleckerli, das selbst die eifrigsten Kauer zufrieden stellt.\",\"breadcrumb\":{\"@id\":\"https:\/\/naturaltreats.eu\/de\/product\/rinderknorpel-fuer-hunde\/#breadcrumb\"},\"inLanguage\":\"de\",\"potentialAction\":[{\"@type\":\"ReadAction\",\"target\":[\"https:\/\/naturaltreats.eu\/de\/product\/rinderknorpel-fuer-hunde\/\"]}]},{\"@type\":\"ImageObject\",\"inLanguage\":\"de\",\"@id\":\"https:\/\/naturaltreats.eu\/de\/product\/rinderknorpel-fuer-hunde\/#primaryimage\",\"url\":\"https:\/\/naturaltreats.eu\/wp-content\/uploads\/2025\/01\/cow-cartilidge.jpg\",\"contentUrl\":\"https:\/\/naturaltreats.eu\/wp-content\/uploads\/2025\/01\/cow-cartilidge.jpg\",\"width\":2000,\"height\":2000,\"caption\":\"Moon bones for dogs\"},{\"@type\":\"BreadcrumbList\",\"@id\":\"https:\/\/naturaltreats.eu\/de\/product\/rinderknorpel-fuer-hunde\/#breadcrumb\",\"itemListElement\":[{\"@type\":\"ListItem\",\"position\":1,\"name\":\"Home\",\"item\":\"https:\/\/naturaltreats.eu\/de\/startseite\/\"},{\"@type\":\"ListItem\",\"position\":2,\"name\":\"Laden\",\"item\":\"https:\/\/naturaltreats.eu\/de\/laden\/\"},{\"@type\":\"ListItem\",\"position\":3,\"name\":\"Rinderknorpel\"}]},{\"@type\":\"WebSite\",\"@id\":\"https:\/\/naturaltreats.eu\/de\/#website\",\"url\":\"https:\/\/naturaltreats.eu\/de\/\",\"name\":\"Natural Treats\",\"description\":\"Best Rated Natural Dog Treats In Europe\",\"publisher\":{\"@id\":\"https:\/\/naturaltreats.eu\/de\/#organization\"},\"potentialAction\":[{\"@type\":\"SearchAction\",\"target\":{\"@type\":\"EntryPoint\",\"urlTemplate\":\"https:\/\/naturaltreats.eu\/de\/?s={search_term_string}\"},\"query-input\":{\"@type\":\"PropertyValueSpecification\",\"valueRequired\":true,\"valueName\":\"search_term_string\"}}],\"inLanguage\":\"de\"},{\"@type\":\"Organization\",\"@id\":\"https:\/\/naturaltreats.eu\/de\/#organization\",\"name\":\"Natural Treats\",\"url\":\"https:\/\/naturaltreats.eu\/de\/\",\"logo\":{\"@type\":\"ImageObject\",\"inLanguage\":\"de\",\"@id\":\"https:\/\/naturaltreats.eu\/de\/#\/schema\/logo\/image\/\",\"url\":\"https:\/\/naturaltreats.eu\/wp-content\/uploads\/2020\/08\/social.jpg\",\"contentUrl\":\"https:\/\/naturaltreats.eu\/wp-content\/uploads\/2020\/08\/social.jpg\",\"width\":1000,\"height\":1000,\"caption\":\"Natural Treats\"},\"image\":{\"@id\":\"https:\/\/naturaltreats.eu\/de\/#\/schema\/logo\/image\/\"},\"sameAs\":[\"https:\/\/facebook.com\/naturaltreatseu\",\"https:\/\/instagram.com\/naturaltreatseu\"]}]}<\/script>\n<meta property=\"product:price:amount\" content=\"9.95\" \/>\n<meta property=\"product:price:currency\" content=\"EUR\" \/>\n<meta property=\"og:availability\" content=\"instock\" \/>\n<meta property=\"product:availability\" content=\"instock\" \/>\n<meta property=\"product:condition\" content=\"new\" \/>\n<!-- \/ Yoast SEO Premium plugin. -->","yoast_head_json":{"title":"Rinderknorpel | Natural Treats","description":"Moon Bones aus Rinderknorpel f\u00fcr Hunde sind ein z\u00e4hes, nat\u00fcrliches Hundeleckerli, das selbst die eifrigsten Kauer zufrieden stellt.","robots":{"index":"index","follow":"follow","max-snippet":"max-snippet:-1","max-image-preview":"max-image-preview:large","max-video-preview":"max-video-preview:-1"},"canonical":"https:\/\/naturaltreats.eu\/de\/product\/rinderknorpel-fuer-hunde\/","og_locale":"de_DE","og_type":"article","og_title":"Rinderknorpel","og_description":"Moon Bones aus Rinderknorpel f\u00fcr Hunde sind ein z\u00e4hes, nat\u00fcrliches Hundeleckerli, das selbst die eifrigsten Kauer zufrieden stellt.","og_url":"https:\/\/naturaltreats.eu\/de\/product\/rinderknorpel-fuer-hunde\/","og_site_name":"Natural Treats","article_publisher":"https:\/\/facebook.com\/naturaltreatseu","og_image":[{"width":2000,"height":2000,"url":"https:\/\/naturaltreats.eu\/wp-content\/uploads\/2025\/01\/cow-cartilidge.jpg","type":"image\/jpeg"}],"twitter_card":"summary_large_image","twitter_misc":{"Preis":"9,95&euro;","Verf\u00fcgbarkeit":"Auf Lager"},"schema":{"@context":"https:\/\/schema.org","@graph":[{"@type":"WebPage","@id":"https:\/\/naturaltreats.eu\/de\/product\/rinderknorpel-fuer-hunde\/","url":"https:\/\/naturaltreats.eu\/de\/product\/rinderknorpel-fuer-hunde\/","name":"Rinderknorpel | Natural Treats","isPartOf":{"@id":"https:\/\/naturaltreats.eu\/de\/#website"},"primaryImageOfPage":{"@id":"https:\/\/naturaltreats.eu\/de\/product\/rinderknorpel-fuer-hunde\/#primaryimage"},"image":{"@id":"https:\/\/naturaltreats.eu\/de\/product\/rinderknorpel-fuer-hunde\/#primaryimage"},"thumbnailUrl":"https:\/\/naturaltreats.eu\/wp-content\/uploads\/2025\/01\/cow-cartilidge.jpg","datePublished":"2025-01-07T20:45:01+00:00","description":"Moon Bones aus Rinderknorpel f\u00fcr Hunde sind ein z\u00e4hes, nat\u00fcrliches Hundeleckerli, das selbst die eifrigsten Kauer zufrieden stellt.","breadcrumb":{"@id":"https:\/\/naturaltreats.eu\/de\/product\/rinderknorpel-fuer-hunde\/#breadcrumb"},"inLanguage":"de","potentialAction":[{"@type":"ReadAction","target":["https:\/\/naturaltreats.eu\/de\/product\/rinderknorpel-fuer-hunde\/"]}]},{"@type":"ImageObject","inLanguage":"de","@id":"https:\/\/naturaltreats.eu\/de\/product\/rinderknorpel-fuer-hunde\/#primaryimage","url":"https:\/\/naturaltreats.eu\/wp-content\/uploads\/2025\/01\/cow-cartilidge.jpg","contentUrl":"https:\/\/naturaltreats.eu\/wp-content\/uploads\/2025\/01\/cow-cartilidge.jpg","width":2000,"height":2000,"caption":"Moon bones for dogs"},{"@type":"BreadcrumbList","@id":"https:\/\/naturaltreats.eu\/de\/product\/rinderknorpel-fuer-hunde\/#breadcrumb","itemListElement":[{"@type":"ListItem","position":1,"name":"Home","item":"https:\/\/naturaltreats.eu\/de\/startseite\/"},{"@type":"ListItem","position":2,"name":"Laden","item":"https:\/\/naturaltreats.eu\/de\/laden\/"},{"@type":"ListItem","position":3,"name":"Rinderknorpel"}]},{"@type":"WebSite","@id":"https:\/\/naturaltreats.eu\/de\/#website","url":"https:\/\/naturaltreats.eu\/de\/","name":"Natural Treats","description":"Best Rated Natural Dog Treats In Europe","publisher":{"@id":"https:\/\/naturaltreats.eu\/de\/#organization"},"potentialAction":[{"@type":"SearchAction","target":{"@type":"EntryPoint","urlTemplate":"https:\/\/naturaltreats.eu\/de\/?s={search_term_string}"},"query-input":{"@type":"PropertyValueSpecification","valueRequired":true,"valueName":"search_term_string"}}],"inLanguage":"de"},{"@type":"Organization","@id":"https:\/\/naturaltreats.eu\/de\/#organization","name":"Natural Treats","url":"https:\/\/naturaltreats.eu\/de\/","logo":{"@type":"ImageObject","inLanguage":"de","@id":"https:\/\/naturaltreats.eu\/de\/#\/schema\/logo\/image\/","url":"https:\/\/naturaltreats.eu\/wp-content\/uploads\/2020\/08\/social.jpg","contentUrl":"https:\/\/naturaltreats.eu\/wp-content\/uploads\/2020\/08\/social.jpg","width":1000,"height":1000,"caption":"Natural Treats"},"image":{"@id":"https:\/\/naturaltreats.eu\/de\/#\/schema\/logo\/image\/"},"sameAs":["https:\/\/facebook.com\/naturaltreatseu","https:\/\/instagram.com\/naturaltreatseu"]}]},"product_price_amount":"9.95","product_price_currency":"EUR","og_availability":"instock","product_availability":"instock","product_condition":"new"},"_links":{"self":[{"href":"https:\/\/naturaltreats.eu\/de\/wp-json\/wp\/v2\/product\/74103","targetHints":{"allow":["GET"]}}],"collection":[{"href":"https:\/\/naturaltreats.eu\/de\/wp-json\/wp\/v2\/product"}],"about":[{"href":"https:\/\/naturaltreats.eu\/de\/wp-json\/wp\/v2\/types\/product"}],"wp:featuredmedia":[{"embeddable":true,"href":"https:\/\/naturaltreats.eu\/de\/wp-json\/wp\/v2\/media\/74091"}],"wp:attachment":[{"href":"https:\/\/naturaltreats.eu\/de\/wp-json\/wp\/v2\/media?parent=74103"}],"wp:term":[{"taxonomy":"dog-type","embeddable":true,"href":"https:\/\/naturaltreats.eu\/de\/wp-json\/wp\/v2\/dog-type?post=74103"},{"taxonomy":"ingredients","embeddable":true,"href":"https:\/\/naturaltreats.eu\/de\/wp-json\/wp\/v2\/ingredients?post=74103"},{"taxonomy":"product_brand","embeddable":true,"href":"https:\/\/naturaltreats.eu\/de\/wp-json\/wp\/v2\/product_brand?post=74103"},{"taxonomy":"product_cat","embeddable":true,"href":"https:\/\/naturaltreats.eu\/de\/wp-json\/wp\/v2\/product_cat?post=74103"},{"taxonomy":"product_tag","embeddable":true,"href":"https:\/\/naturaltreats.eu\/de\/wp-json\/wp\/v2\/product_tag?post=74103"}],"curies":[{"name":"wp","href":"https:\/\/api.w.org\/{rel}","templated":true}]}}