{"id":965,"date":"2020-09-03T10:01:28","date_gmt":"2020-09-03T08:01:28","guid":{"rendered":"https:\/\/naturaltreats.eu\/product\/kleine-hundeleckerlibox\/"},"modified":"2024-12-01T10:55:32","modified_gmt":"2024-12-01T09:55:32","slug":"hundeleckerli-box-fur-kleine-hunde","status":"publish","type":"product","link":"https:\/\/naturaltreats.eu\/de\/product\/hundeleckerli-box-fur-kleine-hunde\/","title":{"rendered":"Hundeleckerli Box f\u00fcr kleine Hunde"},"content":{"rendered":"<p>Unsere Hundeleckerli-Box f\u00fcr kleine Hunde enth\u00e4lt eine Auswahl von 100% nat\u00fcrlichen Hundeleckerlis und Kausnacks, die f\u00fcr kleinere Hunde entwickelt wurden, die gr\u00f6\u00dfere Hundeleckerlis schwer zu kauen finden. Ideal f\u00fcr Hunde mit einem Gewicht von 3 kg bis 6 kg.<\/p>\n","protected":false},"excerpt":{"rendered":"<p><span style=\"vertical-align: inherit;\"><span style=\"vertical-align: inherit;\"><span style=\"vertical-align: inherit;\"><span style=\"vertical-align: inherit;\"><span style=\"vertical-align: inherit;\"><span style=\"vertical-align: inherit;\"><span style=\"vertical-align: inherit;\"><span style=\"vertical-align: inherit;\"><span style=\"vertical-align: inherit;\"><span style=\"vertical-align: inherit;\"><span style=\"vertical-align: inherit;\"><span style=\"vertical-align: inherit;\"><span style=\"vertical-align: inherit;\"><span style=\"vertical-align: inherit;\">Unsere Hundeleckerli-Box f\u00fcr kleine Hunde enth\u00e4lt eine Auswahl von 100% nat\u00fcrlichen Hundeleckerlis und Kausnacks, die f\u00fcr kleinere Hunde entwickelt wurden.<\/span><\/span><\/span><\/span><\/span><\/span><\/span><\/span><\/span><\/span><\/span><\/span><\/span><\/span><\/p>\n","protected":false},"featured_media":55904,"template":"","meta":{"_acf_changed":false},"dog-type":[],"ingredients":[],"product_brand":[],"product_cat":[371],"product_tag":[366],"class_list":{"0":"post-965","1":"product","2":"type-product","3":"status-publish","4":"has-post-thumbnail","6":"product_cat-snack-boxes-de","7":"product_tag-box-de","8":"has-subscription-plans","9":"tm-has-options","11":"first","12":"instock","13":"sale","14":"taxable","15":"shipping-taxable","16":"purchasable","17":"product-type-variable"},"bundled_by":[],"bundle_stock_status":"instock","bundle_stock_quantity":null,"bundle_virtual":false,"bundle_layout":"","bundle_add_to_cart_form_location":"","bundle_editable_in_cart":false,"bundle_sold_individually_context":"","bundle_item_grouping":"","bundle_min_size":"","bundle_max_size":"","bundle_price":[],"bundled_items":[],"bundle_sell_ids":[],"acf":[],"yoast_head":"<!-- This site is optimized with the Yoast SEO Premium plugin v23.5 (Yoast SEO v25.0) - https:\/\/yoast.com\/wordpress\/plugins\/seo\/ -->\n<title>Hundeleckerli Box f\u00fcr kleine Hunde | Natural Treats<\/title>\n<meta name=\"description\" content=\"Unsere Hundeleckerli-Box f\u00fcr kleine Hunde enth\u00e4lt eine Auswahl von 100% nat\u00fcrlichen Hundeleckerlis und Kausnacks, die f\u00fcr kleinere Hunde unter 6 kg entwickelt wurden.\" \/>\n<meta name=\"robots\" content=\"index, follow, max-snippet:-1, max-image-preview:large, max-video-preview:-1\" \/>\n<link rel=\"canonical\" href=\"https:\/\/naturaltreats.eu\/de\/product\/hundeleckerli-box-fur-kleine-hunde\/\" \/>\n<meta property=\"og:locale\" content=\"de_DE\" \/>\n<meta property=\"og:type\" content=\"article\" \/>\n<meta property=\"og:title\" content=\"Hundeleckerli Box f\u00fcr kleine Hunde\" \/>\n<meta property=\"og:description\" content=\"Unsere Hundeleckerli-Box f\u00fcr kleine Hunde enth\u00e4lt eine Auswahl von 100% nat\u00fcrlichen Hundeleckerlis und Kausnacks, die f\u00fcr kleinere Hunde unter 6 kg entwickelt wurden.\" \/>\n<meta property=\"og:url\" content=\"https:\/\/naturaltreats.eu\/de\/product\/hundeleckerli-box-fur-kleine-hunde\/\" \/>\n<meta property=\"og:site_name\" content=\"Natural Treats\" \/>\n<meta property=\"article:publisher\" content=\"https:\/\/facebook.com\/naturaltreatseu\" \/>\n<meta property=\"article:modified_time\" content=\"2024-12-01T09:55:32+00:00\" \/>\n<meta property=\"og:image\" content=\"https:\/\/naturaltreats.eu\/wp-content\/uploads\/2020\/08\/unnamed-file.jpg\" \/>\n\t<meta property=\"og:image:width\" content=\"1920\" \/>\n\t<meta property=\"og:image:height\" content=\"1920\" \/>\n\t<meta property=\"og:image:type\" content=\"image\/jpeg\" \/>\n<meta name=\"twitter:card\" content=\"summary_large_image\" \/>\n<meta name=\"twitter:label1\" content=\"Verf\u00fcgbarkeit\" \/>\n\t<meta name=\"twitter:data1\" content=\"Auf Lager\" \/>\n<script type=\"application\/ld+json\" class=\"yoast-schema-graph\">{\"@context\":\"https:\/\/schema.org\",\"@graph\":[{\"@type\":\"WebPage\",\"@id\":\"https:\/\/naturaltreats.eu\/de\/product\/hundeleckerli-box-fur-kleine-hunde\/\",\"url\":\"https:\/\/naturaltreats.eu\/de\/product\/hundeleckerli-box-fur-kleine-hunde\/\",\"name\":\"Hundeleckerli Box f\u00fcr kleine Hunde | Natural Treats\",\"isPartOf\":{\"@id\":\"https:\/\/naturaltreats.eu\/de\/#website\"},\"primaryImageOfPage\":{\"@id\":\"https:\/\/naturaltreats.eu\/de\/product\/hundeleckerli-box-fur-kleine-hunde\/#primaryimage\"},\"image\":{\"@id\":\"https:\/\/naturaltreats.eu\/de\/product\/hundeleckerli-box-fur-kleine-hunde\/#primaryimage\"},\"thumbnailUrl\":\"https:\/\/naturaltreats.eu\/wp-content\/uploads\/2020\/08\/unnamed-file.jpg\",\"datePublished\":\"2020-09-03T08:01:28+00:00\",\"dateModified\":\"2024-12-01T09:55:32+00:00\",\"description\":\"Unsere Hundeleckerli-Box f\u00fcr kleine Hunde enth\u00e4lt eine Auswahl von 100% nat\u00fcrlichen Hundeleckerlis und Kausnacks, die f\u00fcr kleinere Hunde unter 6 kg entwickelt wurden.\",\"breadcrumb\":{\"@id\":\"https:\/\/naturaltreats.eu\/de\/product\/hundeleckerli-box-fur-kleine-hunde\/#breadcrumb\"},\"inLanguage\":\"de\",\"potentialAction\":[{\"@type\":\"ReadAction\",\"target\":[\"https:\/\/naturaltreats.eu\/de\/product\/hundeleckerli-box-fur-kleine-hunde\/\"]}]},{\"@type\":\"ImageObject\",\"inLanguage\":\"de\",\"@id\":\"https:\/\/naturaltreats.eu\/de\/product\/hundeleckerli-box-fur-kleine-hunde\/#primaryimage\",\"url\":\"https:\/\/naturaltreats.eu\/wp-content\/uploads\/2020\/08\/unnamed-file.jpg\",\"contentUrl\":\"https:\/\/naturaltreats.eu\/wp-content\/uploads\/2020\/08\/unnamed-file.jpg\",\"width\":1920,\"height\":1920,\"caption\":\"Nat\u00fcrliche Hundeleckerlis f\u00fcr kleine Hunde\"},{\"@type\":\"BreadcrumbList\",\"@id\":\"https:\/\/naturaltreats.eu\/de\/product\/hundeleckerli-box-fur-kleine-hunde\/#breadcrumb\",\"itemListElement\":[{\"@type\":\"ListItem\",\"position\":1,\"name\":\"Home\",\"item\":\"https:\/\/naturaltreats.eu\/de\/startseite\/\"},{\"@type\":\"ListItem\",\"position\":2,\"name\":\"Laden\",\"item\":\"https:\/\/naturaltreats.eu\/de\/laden\/\"},{\"@type\":\"ListItem\",\"position\":3,\"name\":\"Hundeleckerli Box f\u00fcr kleine Hunde\"}]},{\"@type\":\"WebSite\",\"@id\":\"https:\/\/naturaltreats.eu\/de\/#website\",\"url\":\"https:\/\/naturaltreats.eu\/de\/\",\"name\":\"Natural Treats\",\"description\":\"Best Rated Natural Dog Treats In Europe\",\"publisher\":{\"@id\":\"https:\/\/naturaltreats.eu\/de\/#organization\"},\"potentialAction\":[{\"@type\":\"SearchAction\",\"target\":{\"@type\":\"EntryPoint\",\"urlTemplate\":\"https:\/\/naturaltreats.eu\/de\/?s={search_term_string}\"},\"query-input\":{\"@type\":\"PropertyValueSpecification\",\"valueRequired\":true,\"valueName\":\"search_term_string\"}}],\"inLanguage\":\"de\"},{\"@type\":\"Organization\",\"@id\":\"https:\/\/naturaltreats.eu\/de\/#organization\",\"name\":\"Natural Treats\",\"url\":\"https:\/\/naturaltreats.eu\/de\/\",\"logo\":{\"@type\":\"ImageObject\",\"inLanguage\":\"de\",\"@id\":\"https:\/\/naturaltreats.eu\/de\/#\/schema\/logo\/image\/\",\"url\":\"https:\/\/naturaltreats.eu\/wp-content\/uploads\/2020\/08\/social.jpg\",\"contentUrl\":\"https:\/\/naturaltreats.eu\/wp-content\/uploads\/2020\/08\/social.jpg\",\"width\":1000,\"height\":1000,\"caption\":\"Natural Treats\"},\"image\":{\"@id\":\"https:\/\/naturaltreats.eu\/de\/#\/schema\/logo\/image\/\"},\"sameAs\":[\"https:\/\/facebook.com\/naturaltreatseu\",\"https:\/\/instagram.com\/naturaltreatseu\"]}]}<\/script>\n<meta property=\"og:availability\" content=\"instock\" \/>\n<meta property=\"product:availability\" content=\"instock\" \/>\n<meta property=\"product:retailer_item_id\" content=\"SDB\" \/>\n<meta property=\"product:condition\" content=\"new\" \/>\n<!-- \/ Yoast SEO Premium plugin. -->","yoast_head_json":{"title":"Hundeleckerli Box f\u00fcr kleine Hunde | Natural Treats","description":"Unsere Hundeleckerli-Box f\u00fcr kleine Hunde enth\u00e4lt eine Auswahl von 100% nat\u00fcrlichen Hundeleckerlis und Kausnacks, die f\u00fcr kleinere Hunde unter 6 kg entwickelt wurden.","robots":{"index":"index","follow":"follow","max-snippet":"max-snippet:-1","max-image-preview":"max-image-preview:large","max-video-preview":"max-video-preview:-1"},"canonical":"https:\/\/naturaltreats.eu\/de\/product\/hundeleckerli-box-fur-kleine-hunde\/","og_locale":"de_DE","og_type":"article","og_title":"Hundeleckerli Box f\u00fcr kleine Hunde","og_description":"Unsere Hundeleckerli-Box f\u00fcr kleine Hunde enth\u00e4lt eine Auswahl von 100% nat\u00fcrlichen Hundeleckerlis und Kausnacks, die f\u00fcr kleinere Hunde unter 6 kg entwickelt wurden.","og_url":"https:\/\/naturaltreats.eu\/de\/product\/hundeleckerli-box-fur-kleine-hunde\/","og_site_name":"Natural Treats","article_publisher":"https:\/\/facebook.com\/naturaltreatseu","article_modified_time":"2024-12-01T09:55:32+00:00","og_image":[{"width":1920,"height":1920,"url":"https:\/\/naturaltreats.eu\/wp-content\/uploads\/2020\/08\/unnamed-file.jpg","type":"image\/jpeg"}],"twitter_card":"summary_large_image","twitter_misc":{"Verf\u00fcgbarkeit":"Auf Lager"},"schema":{"@context":"https:\/\/schema.org","@graph":[{"@type":"WebPage","@id":"https:\/\/naturaltreats.eu\/de\/product\/hundeleckerli-box-fur-kleine-hunde\/","url":"https:\/\/naturaltreats.eu\/de\/product\/hundeleckerli-box-fur-kleine-hunde\/","name":"Hundeleckerli Box f\u00fcr kleine Hunde | Natural Treats","isPartOf":{"@id":"https:\/\/naturaltreats.eu\/de\/#website"},"primaryImageOfPage":{"@id":"https:\/\/naturaltreats.eu\/de\/product\/hundeleckerli-box-fur-kleine-hunde\/#primaryimage"},"image":{"@id":"https:\/\/naturaltreats.eu\/de\/product\/hundeleckerli-box-fur-kleine-hunde\/#primaryimage"},"thumbnailUrl":"https:\/\/naturaltreats.eu\/wp-content\/uploads\/2020\/08\/unnamed-file.jpg","datePublished":"2020-09-03T08:01:28+00:00","dateModified":"2024-12-01T09:55:32+00:00","description":"Unsere Hundeleckerli-Box f\u00fcr kleine Hunde enth\u00e4lt eine Auswahl von 100% nat\u00fcrlichen Hundeleckerlis und Kausnacks, die f\u00fcr kleinere Hunde unter 6 kg entwickelt wurden.","breadcrumb":{"@id":"https:\/\/naturaltreats.eu\/de\/product\/hundeleckerli-box-fur-kleine-hunde\/#breadcrumb"},"inLanguage":"de","potentialAction":[{"@type":"ReadAction","target":["https:\/\/naturaltreats.eu\/de\/product\/hundeleckerli-box-fur-kleine-hunde\/"]}]},{"@type":"ImageObject","inLanguage":"de","@id":"https:\/\/naturaltreats.eu\/de\/product\/hundeleckerli-box-fur-kleine-hunde\/#primaryimage","url":"https:\/\/naturaltreats.eu\/wp-content\/uploads\/2020\/08\/unnamed-file.jpg","contentUrl":"https:\/\/naturaltreats.eu\/wp-content\/uploads\/2020\/08\/unnamed-file.jpg","width":1920,"height":1920,"caption":"Nat\u00fcrliche Hundeleckerlis f\u00fcr kleine Hunde"},{"@type":"BreadcrumbList","@id":"https:\/\/naturaltreats.eu\/de\/product\/hundeleckerli-box-fur-kleine-hunde\/#breadcrumb","itemListElement":[{"@type":"ListItem","position":1,"name":"Home","item":"https:\/\/naturaltreats.eu\/de\/startseite\/"},{"@type":"ListItem","position":2,"name":"Laden","item":"https:\/\/naturaltreats.eu\/de\/laden\/"},{"@type":"ListItem","position":3,"name":"Hundeleckerli Box f\u00fcr kleine Hunde"}]},{"@type":"WebSite","@id":"https:\/\/naturaltreats.eu\/de\/#website","url":"https:\/\/naturaltreats.eu\/de\/","name":"Natural Treats","description":"Best Rated Natural Dog Treats In Europe","publisher":{"@id":"https:\/\/naturaltreats.eu\/de\/#organization"},"potentialAction":[{"@type":"SearchAction","target":{"@type":"EntryPoint","urlTemplate":"https:\/\/naturaltreats.eu\/de\/?s={search_term_string}"},"query-input":{"@type":"PropertyValueSpecification","valueRequired":true,"valueName":"search_term_string"}}],"inLanguage":"de"},{"@type":"Organization","@id":"https:\/\/naturaltreats.eu\/de\/#organization","name":"Natural Treats","url":"https:\/\/naturaltreats.eu\/de\/","logo":{"@type":"ImageObject","inLanguage":"de","@id":"https:\/\/naturaltreats.eu\/de\/#\/schema\/logo\/image\/","url":"https:\/\/naturaltreats.eu\/wp-content\/uploads\/2020\/08\/social.jpg","contentUrl":"https:\/\/naturaltreats.eu\/wp-content\/uploads\/2020\/08\/social.jpg","width":1000,"height":1000,"caption":"Natural Treats"},"image":{"@id":"https:\/\/naturaltreats.eu\/de\/#\/schema\/logo\/image\/"},"sameAs":["https:\/\/facebook.com\/naturaltreatseu","https:\/\/instagram.com\/naturaltreatseu"]}]},"og_availability":"instock","product_availability":"instock","product_retailer_item_id":"SDB","product_condition":"new"},"_links":{"self":[{"href":"https:\/\/naturaltreats.eu\/de\/wp-json\/wp\/v2\/product\/965","targetHints":{"allow":["GET"]}}],"collection":[{"href":"https:\/\/naturaltreats.eu\/de\/wp-json\/wp\/v2\/product"}],"about":[{"href":"https:\/\/naturaltreats.eu\/de\/wp-json\/wp\/v2\/types\/product"}],"wp:featuredmedia":[{"embeddable":true,"href":"https:\/\/naturaltreats.eu\/de\/wp-json\/wp\/v2\/media\/55904"}],"wp:attachment":[{"href":"https:\/\/naturaltreats.eu\/de\/wp-json\/wp\/v2\/media?parent=965"}],"wp:term":[{"taxonomy":"dog-type","embeddable":true,"href":"https:\/\/naturaltreats.eu\/de\/wp-json\/wp\/v2\/dog-type?post=965"},{"taxonomy":"ingredients","embeddable":true,"href":"https:\/\/naturaltreats.eu\/de\/wp-json\/wp\/v2\/ingredients?post=965"},{"taxonomy":"product_brand","embeddable":true,"href":"https:\/\/naturaltreats.eu\/de\/wp-json\/wp\/v2\/product_brand?post=965"},{"taxonomy":"product_cat","embeddable":true,"href":"https:\/\/naturaltreats.eu\/de\/wp-json\/wp\/v2\/product_cat?post=965"},{"taxonomy":"product_tag","embeddable":true,"href":"https:\/\/naturaltreats.eu\/de\/wp-json\/wp\/v2\/product_tag?post=965"}],"curies":[{"name":"wp","href":"https:\/\/api.w.org\/{rel}","templated":true}]}}