{"id":31295,"date":"2022-08-06T15:18:44","date_gmt":"2022-08-06T13:18:44","guid":{"rendered":"https:\/\/naturaltreats.eu\/area-de-afiliacion\/solicitar-un-cupon\/"},"modified":"2024-12-23T21:14:03","modified_gmt":"2024-12-23T20:14:03","slug":"apply-for-a-coupon","status":"publish","type":"page","link":"https:\/\/naturaltreats.eu\/es\/area-de-afiliacion\/apply-for-a-coupon\/","title":{"rendered":"Solicitar un cup\u00f3n"},"content":{"rendered":"\t\t<div data-elementor-type=\"wp-page\" data-elementor-id=\"31295\" class=\"elementor elementor-31295 elementor-31262\" data-elementor-post-type=\"page\">\n\t\t\t\t<div class=\"wd-negative-gap elementor-element elementor-element-a69048b wd-section-stretch e-flex e-con-boxed e-con e-parent\" data-id=\"a69048b\" data-element_type=\"container\" data-e-type=\"container\">\n\t\t\t\t\t<div class=\"e-con-inner\">\n\t\t<div class=\"elementor-element elementor-element-c9b527d e-con-full e-flex e-con e-child\" data-id=\"c9b527d\" data-element_type=\"container\" data-e-type=\"container\">\n\t\t\t\t<div class=\"elementor-element elementor-element-22dc75d elementor-widget elementor-widget-heading\" data-id=\"22dc75d\" data-element_type=\"widget\" data-e-type=\"widget\" data-widget_type=\"heading.default\">\n\t\t\t\t<div class=\"elementor-widget-container\">\n\t\t\t\t\t<h1 class=\"elementor-heading-title elementor-size-default\">Cupones Embajador<\/h1>\t\t\t\t<\/div>\n\t\t\t\t<\/div>\n\t\t\t\t<div class=\"elementor-element elementor-element-10dd097 elementor-widget elementor-widget-heading\" data-id=\"10dd097\" data-element_type=\"widget\" data-e-type=\"widget\" data-widget_type=\"heading.default\">\n\t\t\t\t<div class=\"elementor-widget-container\">\n\t\t\t\t\t<h2 class=\"elementor-heading-title elementor-size-default\">Solicitar un cup\u00f3n personalizado<\/h2>\t\t\t\t<\/div>\n\t\t\t\t<\/div>\n\t\t\t\t<\/div>\n\t\t\t\t\t<\/div>\n\t\t\t\t<\/div>\n\t\t<div class=\"elementor-element elementor-element-af528f3 wd-section-stretch e-flex e-con-boxed e-con e-parent\" data-id=\"af528f3\" data-element_type=\"container\" data-e-type=\"container\">\n\t\t\t\t\t<div class=\"e-con-inner\">\n\t\t<div class=\"elementor-element elementor-element-4292a9f e-con-full e-flex e-con e-child\" data-id=\"4292a9f\" data-element_type=\"container\" data-e-type=\"container\">\n\t\t\t\t<div class=\"elementor-element elementor-element-98c9dc5 color-scheme-inherit text-left elementor-widget elementor-widget-text-editor\" data-id=\"98c9dc5\" data-element_type=\"widget\" data-e-type=\"widget\" data-widget_type=\"text-editor.default\">\n\t\t\t\t<div class=\"elementor-widget-container\">\n\t\t\t\t\t\t\t\t\t<p>Si eres embajador, puedes solicitar un c\u00f3digo de cup\u00f3n para compartirlo con tus seguidores. Este c\u00f3digo de cup\u00f3n dar\u00e1 a sus seguidores un 10% de descuento y cuando ellos usen este c\u00f3digo, usted ganar\u00e1 un 10% de cr\u00e9dito en la tienda.<\/p>\n<p>Puede elegir el c\u00f3digo que desee. La mayor\u00eda de la gente utiliza el nombre de su perro.<\/p>\n\t\t\t\t\t\t\t\t<\/div>\n\t\t\t\t<\/div>\n\t\t\t\t<div class=\"elementor-element elementor-element-3eb5650 elementor-button-align-stretch elementor-widget elementor-widget-form\" data-id=\"3eb5650\" data-element_type=\"widget\" data-e-type=\"widget\" data-settings=\"{&quot;step_next_label&quot;:&quot;siguiente&quot;,&quot;step_previous_label&quot;:&quot;anterior&quot;,&quot;button_width&quot;:&quot;100&quot;,&quot;step_type&quot;:&quot;number_text&quot;,&quot;step_icon_shape&quot;:&quot;circle&quot;}\" data-widget_type=\"form.default\">\n\t\t\t\t<div class=\"elementor-widget-container\">\n\t\t\t\t\t\t\t<form class=\"elementor-form\" method=\"post\" name=\"New Form\" aria-label=\"New Form\">\n\t\t\t<input type=\"hidden\" name=\"post_id\" value=\"31295\"\/>\n\t\t\t<input type=\"hidden\" name=\"form_id\" value=\"3eb5650\"\/>\n\t\t\t<input type=\"hidden\" name=\"referer_title\" value=\"Solicitar un cup\u00f3n | Natural Treats\" \/>\n\n\t\t\t\t\t\t\t<input type=\"hidden\" name=\"queried_id\" value=\"31295\"\/>\n\t\t\t\n\t\t\t<div class=\"elementor-form-fields-wrapper elementor-labels-above\">\n\t\t\t\t\t\t\t\t<div class=\"elementor-field-type-text elementor-field-group elementor-column elementor-field-group-name elementor-col-100 elementor-field-required\">\n\t\t\t\t\t\t\t\t\t\t\t\t<label for=\"form-field-name\" class=\"elementor-field-label\">\n\t\t\t\t\t\t\t\tID de Afiliado\t\t\t\t\t\t\t<\/label>\n\t\t\t\t\t\t\t\t\t\t\t\t\t\t<input size=\"1\" type=\"text\" name=\"form_fields[name]\" id=\"form-field-name\" class=\"elementor-field elementor-size-md  elementor-field-textual\" placeholder=\"ID de Afiliado\" required=\"required\">\n\t\t\t\t\t\t\t\t\t\t\t<\/div>\n\t\t\t\t\t\t\t\t<div class=\"elementor-field-type-email elementor-field-group elementor-column elementor-field-group-email elementor-col-100 elementor-field-required\">\n\t\t\t\t\t\t\t\t\t\t\t\t<label for=\"form-field-email\" class=\"elementor-field-label\">\n\t\t\t\t\t\t\t\tCorreo electr\u00f3nico de la cuenta\t\t\t\t\t\t\t<\/label>\n\t\t\t\t\t\t\t\t\t\t\t\t\t\t<input size=\"1\" type=\"email\" name=\"form_fields[email]\" id=\"form-field-email\" class=\"elementor-field elementor-size-md  elementor-field-textual\" placeholder=\"Correo electr\u00f3nico de la cuenta\" required=\"required\">\n\t\t\t\t\t\t\t\t\t\t\t<\/div>\n\t\t\t\t\t\t\t\t<div class=\"elementor-field-type-text elementor-field-group elementor-column elementor-field-group-message elementor-col-100 elementor-field-required\">\n\t\t\t\t\t\t\t\t\t\t\t\t<label for=\"form-field-message\" class=\"elementor-field-label\">\n\t\t\t\t\t\t\t\tC\u00f3digo del cup\u00f3n\t\t\t\t\t\t\t<\/label>\n\t\t\t\t\t\t\t\t\t\t\t\t\t\t<input size=\"1\" type=\"text\" name=\"form_fields[message]\" id=\"form-field-message\" class=\"elementor-field elementor-size-md  elementor-field-textual\" placeholder=\"C\u00f3digo del cup\u00f3n\" required=\"required\">\n\t\t\t\t\t\t\t\t\t\t\t<\/div>\n\t\t\t\t\t\t\t\t<div class=\"elementor-field-group elementor-column elementor-field-type-submit elementor-col-100 e-form__buttons\">\n\t\t\t\t\t<button class=\"elementor-button elementor-size-md\" type=\"submit\">\n\t\t\t\t\t\t<span class=\"elementor-button-content-wrapper\">\n\t\t\t\t\t\t\t\t\t\t\t\t\t\t\t\t\t\t\t\t\t\t<span class=\"elementor-button-text\">Enviar<\/span>\n\t\t\t\t\t\t\t\t\t\t\t\t\t<\/span>\n\t\t\t\t\t<\/button>\n\t\t\t\t<\/div>\n\t\t\t<\/div>\n\t\t<\/form>\n\t\t\t\t\t\t<\/div>\n\t\t\t\t<\/div>\n\t\t\t\t<div class=\"elementor-element elementor-element-2835d51 color-scheme-inherit text-left elementor-widget elementor-widget-text-editor\" data-id=\"2835d51\" data-element_type=\"widget\" data-e-type=\"widget\" data-widget_type=\"text-editor.default\">\n\t\t\t\t<div class=\"elementor-widget-container\">\n\t\t\t\t\t\t\t\t\t<p>Recuerda que no puedes utilizar los cupones para ti. El cup\u00f3n se vincular\u00e1 a tu cuenta para que puedas ganar cr\u00e9dito en la tienda.<\/p>\n<p>Si necesita ayuda, <a href=\"https:\/\/naturaltreats.eu\/es\/contactenos\/\">p\u00f3ngase en contacto con nosotros<\/a>.<\/p>\n\t\t\t\t\t\t\t\t<\/div>\n\t\t\t\t<\/div>\n\t\t\t\t<\/div>\n\t\t\t\t\t<\/div>\n\t\t\t\t<\/div>\n\t\t\t\t<\/div>\n\t\t","protected":false},"excerpt":{"rendered":"<p>Cupones Embajador Solicitar un cup\u00f3n personalizado Si eres embajador, puedes solicitar un c\u00f3digo de cup\u00f3n para compartirlo con tus seguidores.<\/p>\n","protected":false},"author":1,"featured_media":31110,"parent":15167,"menu_order":0,"comment_status":"closed","ping_status":"closed","template":"","meta":{"_acf_changed":false,"footnotes":""},"class_list":["post-31295","page","type-page","status-publish","has-post-thumbnail","hentry"],"acf":[],"yoast_head":"<!-- This site is optimized with the Yoast SEO Premium plugin v23.5 (Yoast SEO v25.0) - https:\/\/yoast.com\/wordpress\/plugins\/seo\/ -->\n<title>Solicitar un cup\u00f3n | Natural Treats<\/title>\n<meta name=\"description\" content=\"Si eres embajador, puedes solicitar un c\u00f3digo de cup\u00f3n para compartirlo con tus seguidores. Este c\u00f3digo de cup\u00f3n dar\u00e1 a sus seguidores un 10% de descuento y cuando ellos usen este c\u00f3digo, usted ganar\u00e1 un 10% de cr\u00e9dito en la tienda.\" \/>\n<meta name=\"robots\" content=\"noindex, follow\" \/>\n<meta property=\"og:locale\" content=\"es_ES\" \/>\n<meta property=\"og:type\" content=\"article\" \/>\n<meta property=\"og:title\" content=\"Solicitar un cup\u00f3n\" \/>\n<meta property=\"og:description\" content=\"Si eres embajador, puedes solicitar un c\u00f3digo de cup\u00f3n para compartirlo con tus seguidores. Este c\u00f3digo de cup\u00f3n dar\u00e1 a sus seguidores un 10% de descuento y cuando ellos usen este c\u00f3digo, usted ganar\u00e1 un 10% de cr\u00e9dito en la tienda.\" \/>\n<meta property=\"og:url\" content=\"https:\/\/naturaltreats.eu\/es\/area-de-afiliacion\/apply-for-a-coupon\/\" \/>\n<meta property=\"og:site_name\" content=\"Natural Treats\" \/>\n<meta property=\"article:publisher\" content=\"https:\/\/facebook.com\/naturaltreatseu\" \/>\n<meta property=\"article:modified_time\" content=\"2024-12-23T20:14:03+00:00\" \/>\n<meta property=\"og:image\" content=\"https:\/\/naturaltreats.eu\/wp-content\/uploads\/2022\/08\/giphy-2.gif\" \/>\n\t<meta property=\"og:image:width\" content=\"300\" \/>\n\t<meta property=\"og:image:height\" content=\"300\" \/>\n\t<meta property=\"og:image:type\" content=\"image\/gif\" \/>\n<meta name=\"twitter:card\" content=\"summary_large_image\" \/>\n<meta name=\"twitter:label1\" content=\"Tiempo de lectura\" \/>\n\t<meta name=\"twitter:data1\" content=\"1 minuto\" \/>\n<script type=\"application\/ld+json\" class=\"yoast-schema-graph\">{\"@context\":\"https:\/\/schema.org\",\"@graph\":[{\"@type\":\"WebPage\",\"@id\":\"https:\/\/naturaltreats.eu\/es\/area-de-afiliacion\/apply-for-a-coupon\/\",\"url\":\"https:\/\/naturaltreats.eu\/es\/area-de-afiliacion\/apply-for-a-coupon\/\",\"name\":\"Solicitar un cup\u00f3n | Natural Treats\",\"isPartOf\":{\"@id\":\"https:\/\/naturaltreats.eu\/es\/#website\"},\"primaryImageOfPage\":{\"@id\":\"https:\/\/naturaltreats.eu\/es\/area-de-afiliacion\/apply-for-a-coupon\/#primaryimage\"},\"image\":{\"@id\":\"https:\/\/naturaltreats.eu\/es\/area-de-afiliacion\/apply-for-a-coupon\/#primaryimage\"},\"thumbnailUrl\":\"https:\/\/naturaltreats.eu\/wp-content\/uploads\/2022\/08\/giphy-2.gif\",\"datePublished\":\"2022-08-06T13:18:44+00:00\",\"dateModified\":\"2024-12-23T20:14:03+00:00\",\"description\":\"Si eres embajador, puedes solicitar un c\u00f3digo de cup\u00f3n para compartirlo con tus seguidores. Este c\u00f3digo de cup\u00f3n dar\u00e1 a sus seguidores un 10% de descuento y cuando ellos usen este c\u00f3digo, usted ganar\u00e1 un 10% de cr\u00e9dito en la tienda.\",\"breadcrumb\":{\"@id\":\"https:\/\/naturaltreats.eu\/es\/area-de-afiliacion\/apply-for-a-coupon\/#breadcrumb\"},\"inLanguage\":\"es\",\"potentialAction\":[{\"@type\":\"ReadAction\",\"target\":[\"https:\/\/naturaltreats.eu\/es\/area-de-afiliacion\/apply-for-a-coupon\/\"]}]},{\"@type\":\"ImageObject\",\"inLanguage\":\"es\",\"@id\":\"https:\/\/naturaltreats.eu\/es\/area-de-afiliacion\/apply-for-a-coupon\/#primaryimage\",\"url\":\"https:\/\/naturaltreats.eu\/wp-content\/uploads\/2022\/08\/giphy-2.gif\",\"contentUrl\":\"https:\/\/naturaltreats.eu\/wp-content\/uploads\/2022\/08\/giphy-2.gif\",\"width\":300,\"height\":300,\"caption\":\"Dog gif\"},{\"@type\":\"BreadcrumbList\",\"@id\":\"https:\/\/naturaltreats.eu\/es\/area-de-afiliacion\/apply-for-a-coupon\/#breadcrumb\",\"itemListElement\":[{\"@type\":\"ListItem\",\"position\":1,\"name\":\"Portada\",\"item\":\"https:\/\/naturaltreats.eu\/es\/inicio\/\"},{\"@type\":\"ListItem\",\"position\":2,\"name\":\"\u00c1rea de Afiliaci\u00f3n\",\"item\":\"https:\/\/naturaltreats.eu\/es\/area-de-afiliacion\/\"},{\"@type\":\"ListItem\",\"position\":3,\"name\":\"Solicitar un cup\u00f3n\"}]},{\"@type\":\"WebSite\",\"@id\":\"https:\/\/naturaltreats.eu\/es\/#website\",\"url\":\"https:\/\/naturaltreats.eu\/es\/\",\"name\":\"Natural Treats\",\"description\":\"Best Rated Natural Dog Treats In Europe\",\"publisher\":{\"@id\":\"https:\/\/naturaltreats.eu\/es\/#organization\"},\"potentialAction\":[{\"@type\":\"SearchAction\",\"target\":{\"@type\":\"EntryPoint\",\"urlTemplate\":\"https:\/\/naturaltreats.eu\/es\/?s={search_term_string}\"},\"query-input\":{\"@type\":\"PropertyValueSpecification\",\"valueRequired\":true,\"valueName\":\"search_term_string\"}}],\"inLanguage\":\"es\"},{\"@type\":\"Organization\",\"@id\":\"https:\/\/naturaltreats.eu\/es\/#organization\",\"name\":\"Natural Treats\",\"url\":\"https:\/\/naturaltreats.eu\/es\/\",\"logo\":{\"@type\":\"ImageObject\",\"inLanguage\":\"es\",\"@id\":\"https:\/\/naturaltreats.eu\/es\/#\/schema\/logo\/image\/\",\"url\":\"https:\/\/naturaltreats.eu\/wp-content\/uploads\/2020\/08\/social.jpg\",\"contentUrl\":\"https:\/\/naturaltreats.eu\/wp-content\/uploads\/2020\/08\/social.jpg\",\"width\":1000,\"height\":1000,\"caption\":\"Natural Treats\"},\"image\":{\"@id\":\"https:\/\/naturaltreats.eu\/es\/#\/schema\/logo\/image\/\"},\"sameAs\":[\"https:\/\/facebook.com\/naturaltreatseu\",\"https:\/\/instagram.com\/naturaltreatseu\"]}]}<\/script>\n<!-- \/ Yoast SEO Premium plugin. -->","yoast_head_json":{"title":"Solicitar un cup\u00f3n | Natural Treats","description":"Si eres embajador, puedes solicitar un c\u00f3digo de cup\u00f3n para compartirlo con tus seguidores. Este c\u00f3digo de cup\u00f3n dar\u00e1 a sus seguidores un 10% de descuento y cuando ellos usen este c\u00f3digo, usted ganar\u00e1 un 10% de cr\u00e9dito en la tienda.","robots":{"index":"noindex","follow":"follow"},"og_locale":"es_ES","og_type":"article","og_title":"Solicitar un cup\u00f3n","og_description":"Si eres embajador, puedes solicitar un c\u00f3digo de cup\u00f3n para compartirlo con tus seguidores. Este c\u00f3digo de cup\u00f3n dar\u00e1 a sus seguidores un 10% de descuento y cuando ellos usen este c\u00f3digo, usted ganar\u00e1 un 10% de cr\u00e9dito en la tienda.","og_url":"https:\/\/naturaltreats.eu\/es\/area-de-afiliacion\/apply-for-a-coupon\/","og_site_name":"Natural Treats","article_publisher":"https:\/\/facebook.com\/naturaltreatseu","article_modified_time":"2024-12-23T20:14:03+00:00","og_image":[{"url":"https:\/\/naturaltreats.eu\/wp-content\/uploads\/2022\/08\/giphy-2.gif","width":300,"height":300,"type":"image\/gif"}],"twitter_card":"summary_large_image","twitter_misc":{"Tiempo de lectura":"1 minuto"},"schema":{"@context":"https:\/\/schema.org","@graph":[{"@type":"WebPage","@id":"https:\/\/naturaltreats.eu\/es\/area-de-afiliacion\/apply-for-a-coupon\/","url":"https:\/\/naturaltreats.eu\/es\/area-de-afiliacion\/apply-for-a-coupon\/","name":"Solicitar un cup\u00f3n | Natural Treats","isPartOf":{"@id":"https:\/\/naturaltreats.eu\/es\/#website"},"primaryImageOfPage":{"@id":"https:\/\/naturaltreats.eu\/es\/area-de-afiliacion\/apply-for-a-coupon\/#primaryimage"},"image":{"@id":"https:\/\/naturaltreats.eu\/es\/area-de-afiliacion\/apply-for-a-coupon\/#primaryimage"},"thumbnailUrl":"https:\/\/naturaltreats.eu\/wp-content\/uploads\/2022\/08\/giphy-2.gif","datePublished":"2022-08-06T13:18:44+00:00","dateModified":"2024-12-23T20:14:03+00:00","description":"Si eres embajador, puedes solicitar un c\u00f3digo de cup\u00f3n para compartirlo con tus seguidores. Este c\u00f3digo de cup\u00f3n dar\u00e1 a sus seguidores un 10% de descuento y cuando ellos usen este c\u00f3digo, usted ganar\u00e1 un 10% de cr\u00e9dito en la tienda.","breadcrumb":{"@id":"https:\/\/naturaltreats.eu\/es\/area-de-afiliacion\/apply-for-a-coupon\/#breadcrumb"},"inLanguage":"es","potentialAction":[{"@type":"ReadAction","target":["https:\/\/naturaltreats.eu\/es\/area-de-afiliacion\/apply-for-a-coupon\/"]}]},{"@type":"ImageObject","inLanguage":"es","@id":"https:\/\/naturaltreats.eu\/es\/area-de-afiliacion\/apply-for-a-coupon\/#primaryimage","url":"https:\/\/naturaltreats.eu\/wp-content\/uploads\/2022\/08\/giphy-2.gif","contentUrl":"https:\/\/naturaltreats.eu\/wp-content\/uploads\/2022\/08\/giphy-2.gif","width":300,"height":300,"caption":"Dog gif"},{"@type":"BreadcrumbList","@id":"https:\/\/naturaltreats.eu\/es\/area-de-afiliacion\/apply-for-a-coupon\/#breadcrumb","itemListElement":[{"@type":"ListItem","position":1,"name":"Portada","item":"https:\/\/naturaltreats.eu\/es\/inicio\/"},{"@type":"ListItem","position":2,"name":"\u00c1rea de Afiliaci\u00f3n","item":"https:\/\/naturaltreats.eu\/es\/area-de-afiliacion\/"},{"@type":"ListItem","position":3,"name":"Solicitar un cup\u00f3n"}]},{"@type":"WebSite","@id":"https:\/\/naturaltreats.eu\/es\/#website","url":"https:\/\/naturaltreats.eu\/es\/","name":"Natural Treats","description":"Best Rated Natural Dog Treats In Europe","publisher":{"@id":"https:\/\/naturaltreats.eu\/es\/#organization"},"potentialAction":[{"@type":"SearchAction","target":{"@type":"EntryPoint","urlTemplate":"https:\/\/naturaltreats.eu\/es\/?s={search_term_string}"},"query-input":{"@type":"PropertyValueSpecification","valueRequired":true,"valueName":"search_term_string"}}],"inLanguage":"es"},{"@type":"Organization","@id":"https:\/\/naturaltreats.eu\/es\/#organization","name":"Natural Treats","url":"https:\/\/naturaltreats.eu\/es\/","logo":{"@type":"ImageObject","inLanguage":"es","@id":"https:\/\/naturaltreats.eu\/es\/#\/schema\/logo\/image\/","url":"https:\/\/naturaltreats.eu\/wp-content\/uploads\/2020\/08\/social.jpg","contentUrl":"https:\/\/naturaltreats.eu\/wp-content\/uploads\/2020\/08\/social.jpg","width":1000,"height":1000,"caption":"Natural Treats"},"image":{"@id":"https:\/\/naturaltreats.eu\/es\/#\/schema\/logo\/image\/"},"sameAs":["https:\/\/facebook.com\/naturaltreatseu","https:\/\/instagram.com\/naturaltreatseu"]}]}},"_links":{"self":[{"href":"https:\/\/naturaltreats.eu\/es\/wp-json\/wp\/v2\/pages\/31295","targetHints":{"allow":["GET"]}}],"collection":[{"href":"https:\/\/naturaltreats.eu\/es\/wp-json\/wp\/v2\/pages"}],"about":[{"href":"https:\/\/naturaltreats.eu\/es\/wp-json\/wp\/v2\/types\/page"}],"author":[{"embeddable":true,"href":"https:\/\/naturaltreats.eu\/es\/wp-json\/wp\/v2\/users\/1"}],"replies":[{"embeddable":true,"href":"https:\/\/naturaltreats.eu\/es\/wp-json\/wp\/v2\/comments?post=31295"}],"version-history":[{"count":7,"href":"https:\/\/naturaltreats.eu\/es\/wp-json\/wp\/v2\/pages\/31295\/revisions"}],"predecessor-version":[{"id":49489,"href":"https:\/\/naturaltreats.eu\/es\/wp-json\/wp\/v2\/pages\/31295\/revisions\/49489"}],"up":[{"embeddable":true,"href":"https:\/\/naturaltreats.eu\/es\/wp-json\/wp\/v2\/pages\/15167"}],"wp:featuredmedia":[{"embeddable":true,"href":"https:\/\/naturaltreats.eu\/es\/wp-json\/wp\/v2\/media\/31110"}],"wp:attachment":[{"href":"https:\/\/naturaltreats.eu\/es\/wp-json\/wp\/v2\/media?parent=31295"}],"curies":[{"name":"wp","href":"https:\/\/api.w.org\/{rel}","templated":true}]}}