{"id":10946,"date":"2021-07-11T15:26:30","date_gmt":"2021-07-11T13:30:15","guid":{"rendered":"https:\/\/naturaltreats.eu\/product\/pezuna\/"},"modified":"2024-02-06T14:44:00","modified_gmt":"2024-02-06T13:44:00","slug":"casco","status":"publish","type":"product","link":"https:\/\/naturaltreats.eu\/es\/product\/casco\/","title":{"rendered":"Pezu\u00f1a"},"content":{"rendered":"<p class=\"p1\">Los cascos son ideales para el cuidado bucal. Contienen solo un 1,7% de grasa y son ideales para que tu perro mantenga un peso adecuado. Contienen l\u00edpidos y est\u00e1n totalmente libres de conservantes y otros aromas falsos.<\/p>\n<p class=\"p1\">Gracias a que no contienen conservantes, colorantes ni aromas, as\u00ed como tampoco az\u00facar ni cereales, podr\u00e1s d\u00e1rselos a tu perro como recompensa sin sentirte culpable.<\/p>\n","protected":false},"excerpt":{"rendered":"<p><i class=\"fas fa-circle\"><\/i><i class=\"fas fa-circle\"><\/i><i class=\"fas fa-circle\"><\/i> 40 g. 1 pieza<\/p>\n","protected":false},"featured_media":5248,"template":"","meta":{"_acf_changed":false},"dog-type":[],"ingredients":[],"product_brand":[],"product_cat":[118],"product_tag":[],"class_list":{"0":"post-10946","1":"product","2":"type-product","3":"status-publish","4":"has-post-thumbnail","6":"product_cat-snacks-2","7":"tm-has-options","9":"first","10":"outofstock","11":"taxable","12":"shipping-taxable","13":"purchasable","14":"product-type-simple"},"bundled_by":[],"bundle_stock_status":"outofstock","bundle_stock_quantity":null,"bundle_virtual":false,"bundle_layout":"","bundle_add_to_cart_form_location":"","bundle_editable_in_cart":false,"bundle_sold_individually_context":"","bundle_item_grouping":"","bundle_min_size":"","bundle_max_size":"","bundle_price":[],"bundled_items":[],"bundle_sell_ids":[],"acf":[],"yoast_head":"<!-- This site is optimized with the Yoast SEO Premium plugin v23.5 (Yoast SEO v25.0) - https:\/\/yoast.com\/wordpress\/plugins\/seo\/ -->\n<title>Pezu\u00f1a masticable natural para perro | Natural Treats<\/title>\n<meta name=\"description\" content=\"Los cascos son ideales para el cuidado bucal. Contienen solo un 1,7% de grasa y son ideales para que tu perro mantenga un peso adecuado.\" \/>\n<meta name=\"robots\" content=\"index, follow, max-snippet:-1, max-image-preview:large, max-video-preview:-1\" \/>\n<link rel=\"canonical\" href=\"https:\/\/naturaltreats.eu\/es\/product\/casco\/\" \/>\n<meta property=\"og:locale\" content=\"es_ES\" \/>\n<meta property=\"og:type\" content=\"article\" \/>\n<meta property=\"og:title\" content=\"Pezu\u00f1a\" \/>\n<meta property=\"og:description\" content=\"Los cascos son ideales para el cuidado bucal. Contienen solo un 1,7% de grasa y son ideales para que tu perro mantenga un peso adecuado.\" \/>\n<meta property=\"og:url\" content=\"https:\/\/naturaltreats.eu\/es\/product\/casco\/\" \/>\n<meta property=\"og:site_name\" content=\"Natural Treats\" \/>\n<meta property=\"article:publisher\" content=\"https:\/\/facebook.com\/naturaltreatseu\" \/>\n<meta property=\"article:modified_time\" content=\"2024-02-06T13:44:00+00:00\" \/>\n<meta property=\"og:image\" content=\"https:\/\/naturaltreats.eu\/wp-content\/uploads\/2021\/02\/hoof.jpg\" \/>\n\t<meta property=\"og:image:width\" content=\"1080\" \/>\n\t<meta property=\"og:image:height\" content=\"1080\" \/>\n\t<meta property=\"og:image:type\" content=\"image\/jpeg\" \/>\n<meta name=\"twitter:card\" content=\"summary_large_image\" \/>\n<meta name=\"twitter:label1\" content=\"Precio\" \/>\n\t<meta name=\"twitter:data1\" content=\"2,00&euro;\" \/>\n\t<meta name=\"twitter:label2\" content=\"Disponibilidad\" \/>\n\t<meta name=\"twitter:data2\" content=\"Sin existencias\" \/>\n<script type=\"application\/ld+json\" class=\"yoast-schema-graph\">{\"@context\":\"https:\/\/schema.org\",\"@graph\":[{\"@type\":\"WebPage\",\"@id\":\"https:\/\/naturaltreats.eu\/es\/product\/casco\/\",\"url\":\"https:\/\/naturaltreats.eu\/es\/product\/casco\/\",\"name\":\"Pezu\u00f1a masticable natural para perro | Natural Treats\",\"isPartOf\":{\"@id\":\"https:\/\/naturaltreats.eu\/es\/#website\"},\"primaryImageOfPage\":{\"@id\":\"https:\/\/naturaltreats.eu\/es\/product\/casco\/#primaryimage\"},\"image\":{\"@id\":\"https:\/\/naturaltreats.eu\/es\/product\/casco\/#primaryimage\"},\"thumbnailUrl\":\"https:\/\/naturaltreats.eu\/wp-content\/uploads\/2021\/02\/hoof.jpg\",\"datePublished\":\"2021-07-11T13:30:15+00:00\",\"dateModified\":\"2024-02-06T13:44:00+00:00\",\"description\":\"Los cascos son ideales para el cuidado bucal. Contienen solo un 1,7% de grasa y son ideales para que tu perro mantenga un peso adecuado.\",\"breadcrumb\":{\"@id\":\"https:\/\/naturaltreats.eu\/es\/product\/casco\/#breadcrumb\"},\"inLanguage\":\"es\",\"potentialAction\":[{\"@type\":\"ReadAction\",\"target\":[\"https:\/\/naturaltreats.eu\/es\/product\/casco\/\"]}]},{\"@type\":\"ImageObject\",\"inLanguage\":\"es\",\"@id\":\"https:\/\/naturaltreats.eu\/es\/product\/casco\/#primaryimage\",\"url\":\"https:\/\/naturaltreats.eu\/wp-content\/uploads\/2021\/02\/hoof.jpg\",\"contentUrl\":\"https:\/\/naturaltreats.eu\/wp-content\/uploads\/2021\/02\/hoof.jpg\",\"width\":1080,\"height\":1080,\"caption\":\"hoof\"},{\"@type\":\"BreadcrumbList\",\"@id\":\"https:\/\/naturaltreats.eu\/es\/product\/casco\/#breadcrumb\",\"itemListElement\":[{\"@type\":\"ListItem\",\"position\":1,\"name\":\"Portada\",\"item\":\"https:\/\/naturaltreats.eu\/es\/inicio\/\"},{\"@type\":\"ListItem\",\"position\":2,\"name\":\"Tienda\",\"item\":\"https:\/\/naturaltreats.eu\/es\/tienda\/\"},{\"@type\":\"ListItem\",\"position\":3,\"name\":\"Pezu\u00f1a\"}]},{\"@type\":\"WebSite\",\"@id\":\"https:\/\/naturaltreats.eu\/es\/#website\",\"url\":\"https:\/\/naturaltreats.eu\/es\/\",\"name\":\"Natural Treats\",\"description\":\"Best Rated Natural Dog Treats In Europe\",\"publisher\":{\"@id\":\"https:\/\/naturaltreats.eu\/es\/#organization\"},\"potentialAction\":[{\"@type\":\"SearchAction\",\"target\":{\"@type\":\"EntryPoint\",\"urlTemplate\":\"https:\/\/naturaltreats.eu\/es\/?s={search_term_string}\"},\"query-input\":{\"@type\":\"PropertyValueSpecification\",\"valueRequired\":true,\"valueName\":\"search_term_string\"}}],\"inLanguage\":\"es\"},{\"@type\":\"Organization\",\"@id\":\"https:\/\/naturaltreats.eu\/es\/#organization\",\"name\":\"Natural Treats\",\"url\":\"https:\/\/naturaltreats.eu\/es\/\",\"logo\":{\"@type\":\"ImageObject\",\"inLanguage\":\"es\",\"@id\":\"https:\/\/naturaltreats.eu\/es\/#\/schema\/logo\/image\/\",\"url\":\"https:\/\/naturaltreats.eu\/wp-content\/uploads\/2020\/08\/social.jpg\",\"contentUrl\":\"https:\/\/naturaltreats.eu\/wp-content\/uploads\/2020\/08\/social.jpg\",\"width\":1000,\"height\":1000,\"caption\":\"Natural Treats\"},\"image\":{\"@id\":\"https:\/\/naturaltreats.eu\/es\/#\/schema\/logo\/image\/\"},\"sameAs\":[\"https:\/\/facebook.com\/naturaltreatseu\",\"https:\/\/instagram.com\/naturaltreatseu\"]}]}<\/script>\n<meta property=\"product:price:amount\" content=\"2.00\" \/>\n<meta property=\"product:price:currency\" content=\"EUR\" \/>\n<meta property=\"og:availability\" content=\"out of stock\" \/>\n<meta property=\"product:availability\" content=\"out of stock\" \/>\n<meta property=\"product:condition\" content=\"new\" \/>\n<!-- \/ Yoast SEO Premium plugin. -->","yoast_head_json":{"title":"Pezu\u00f1a masticable natural para perro | Natural Treats","description":"Los cascos son ideales para el cuidado bucal. Contienen solo un 1,7% de grasa y son ideales para que tu perro mantenga un peso adecuado.","robots":{"index":"index","follow":"follow","max-snippet":"max-snippet:-1","max-image-preview":"max-image-preview:large","max-video-preview":"max-video-preview:-1"},"canonical":"https:\/\/naturaltreats.eu\/es\/product\/casco\/","og_locale":"es_ES","og_type":"article","og_title":"Pezu\u00f1a","og_description":"Los cascos son ideales para el cuidado bucal. Contienen solo un 1,7% de grasa y son ideales para que tu perro mantenga un peso adecuado.","og_url":"https:\/\/naturaltreats.eu\/es\/product\/casco\/","og_site_name":"Natural Treats","article_publisher":"https:\/\/facebook.com\/naturaltreatseu","article_modified_time":"2024-02-06T13:44:00+00:00","og_image":[{"width":1080,"height":1080,"url":"https:\/\/naturaltreats.eu\/wp-content\/uploads\/2021\/02\/hoof.jpg","type":"image\/jpeg"}],"twitter_card":"summary_large_image","twitter_misc":{"Precio":"2,00&euro;","Disponibilidad":"Sin existencias"},"schema":{"@context":"https:\/\/schema.org","@graph":[{"@type":"WebPage","@id":"https:\/\/naturaltreats.eu\/es\/product\/casco\/","url":"https:\/\/naturaltreats.eu\/es\/product\/casco\/","name":"Pezu\u00f1a masticable natural para perro | Natural Treats","isPartOf":{"@id":"https:\/\/naturaltreats.eu\/es\/#website"},"primaryImageOfPage":{"@id":"https:\/\/naturaltreats.eu\/es\/product\/casco\/#primaryimage"},"image":{"@id":"https:\/\/naturaltreats.eu\/es\/product\/casco\/#primaryimage"},"thumbnailUrl":"https:\/\/naturaltreats.eu\/wp-content\/uploads\/2021\/02\/hoof.jpg","datePublished":"2021-07-11T13:30:15+00:00","dateModified":"2024-02-06T13:44:00+00:00","description":"Los cascos son ideales para el cuidado bucal. Contienen solo un 1,7% de grasa y son ideales para que tu perro mantenga un peso adecuado.","breadcrumb":{"@id":"https:\/\/naturaltreats.eu\/es\/product\/casco\/#breadcrumb"},"inLanguage":"es","potentialAction":[{"@type":"ReadAction","target":["https:\/\/naturaltreats.eu\/es\/product\/casco\/"]}]},{"@type":"ImageObject","inLanguage":"es","@id":"https:\/\/naturaltreats.eu\/es\/product\/casco\/#primaryimage","url":"https:\/\/naturaltreats.eu\/wp-content\/uploads\/2021\/02\/hoof.jpg","contentUrl":"https:\/\/naturaltreats.eu\/wp-content\/uploads\/2021\/02\/hoof.jpg","width":1080,"height":1080,"caption":"hoof"},{"@type":"BreadcrumbList","@id":"https:\/\/naturaltreats.eu\/es\/product\/casco\/#breadcrumb","itemListElement":[{"@type":"ListItem","position":1,"name":"Portada","item":"https:\/\/naturaltreats.eu\/es\/inicio\/"},{"@type":"ListItem","position":2,"name":"Tienda","item":"https:\/\/naturaltreats.eu\/es\/tienda\/"},{"@type":"ListItem","position":3,"name":"Pezu\u00f1a"}]},{"@type":"WebSite","@id":"https:\/\/naturaltreats.eu\/es\/#website","url":"https:\/\/naturaltreats.eu\/es\/","name":"Natural Treats","description":"Best Rated Natural Dog Treats In Europe","publisher":{"@id":"https:\/\/naturaltreats.eu\/es\/#organization"},"potentialAction":[{"@type":"SearchAction","target":{"@type":"EntryPoint","urlTemplate":"https:\/\/naturaltreats.eu\/es\/?s={search_term_string}"},"query-input":{"@type":"PropertyValueSpecification","valueRequired":true,"valueName":"search_term_string"}}],"inLanguage":"es"},{"@type":"Organization","@id":"https:\/\/naturaltreats.eu\/es\/#organization","name":"Natural Treats","url":"https:\/\/naturaltreats.eu\/es\/","logo":{"@type":"ImageObject","inLanguage":"es","@id":"https:\/\/naturaltreats.eu\/es\/#\/schema\/logo\/image\/","url":"https:\/\/naturaltreats.eu\/wp-content\/uploads\/2020\/08\/social.jpg","contentUrl":"https:\/\/naturaltreats.eu\/wp-content\/uploads\/2020\/08\/social.jpg","width":1000,"height":1000,"caption":"Natural Treats"},"image":{"@id":"https:\/\/naturaltreats.eu\/es\/#\/schema\/logo\/image\/"},"sameAs":["https:\/\/facebook.com\/naturaltreatseu","https:\/\/instagram.com\/naturaltreatseu"]}]},"product_price_amount":"2.00","product_price_currency":"EUR","og_availability":"out of stock","product_availability":"out of stock","product_condition":"new"},"_links":{"self":[{"href":"https:\/\/naturaltreats.eu\/es\/wp-json\/wp\/v2\/product\/10946","targetHints":{"allow":["GET"]}}],"collection":[{"href":"https:\/\/naturaltreats.eu\/es\/wp-json\/wp\/v2\/product"}],"about":[{"href":"https:\/\/naturaltreats.eu\/es\/wp-json\/wp\/v2\/types\/product"}],"wp:featuredmedia":[{"embeddable":true,"href":"https:\/\/naturaltreats.eu\/es\/wp-json\/wp\/v2\/media\/5248"}],"wp:attachment":[{"href":"https:\/\/naturaltreats.eu\/es\/wp-json\/wp\/v2\/media?parent=10946"}],"wp:term":[{"taxonomy":"dog-type","embeddable":true,"href":"https:\/\/naturaltreats.eu\/es\/wp-json\/wp\/v2\/dog-type?post=10946"},{"taxonomy":"ingredients","embeddable":true,"href":"https:\/\/naturaltreats.eu\/es\/wp-json\/wp\/v2\/ingredients?post=10946"},{"taxonomy":"product_brand","embeddable":true,"href":"https:\/\/naturaltreats.eu\/es\/wp-json\/wp\/v2\/product_brand?post=10946"},{"taxonomy":"product_cat","embeddable":true,"href":"https:\/\/naturaltreats.eu\/es\/wp-json\/wp\/v2\/product_cat?post=10946"},{"taxonomy":"product_tag","embeddable":true,"href":"https:\/\/naturaltreats.eu\/es\/wp-json\/wp\/v2\/product_tag?post=10946"}],"curies":[{"name":"wp","href":"https:\/\/api.w.org\/{rel}","templated":true}]}}