{"id":20020,"date":"2021-11-19T12:03:02","date_gmt":"2021-11-19T11:04:31","guid":{"rendered":"https:\/\/naturaltreats.eu\/product\/oreja-de-vaca-con-pelo\/"},"modified":"2024-02-06T14:43:57","modified_gmt":"2024-02-06T13:43:57","slug":"oreja-de-buey-con-piel","status":"publish","type":"product","link":"https:\/\/naturaltreats.eu\/es\/product\/oreja-de-buey-con-piel\/","title":{"rendered":"Oreja de vaca con pelo"},"content":{"rendered":"<p>Las orejas de vaca con pelo para perros son un fant\u00e1stico y resistente tentempi\u00e9 que, adem\u00e1s, ayuda como desparasitador natural. El pelo es muy beneficioso para el tracto digestivo (piensa en \u00e9l como un limpiador de tuber\u00edas). Tambi\u00e9n aporta buenos niveles de fibra. Las orejas de vaca contienen mucha menos grasa que las de cerdo y son perfectas para los perros que necesitan controlar su dieta.<\/p>\n","protected":false},"excerpt":{"rendered":"<p><i class=\"fas fa-circle\"><\/i><i class=\"fas fa-circle\"><\/i><i class=\"fas fa-circle\"><\/i> 1 pieza<\/p>\n","protected":false},"featured_media":8483,"template":"","meta":{"_acf_changed":false},"dog-type":[],"ingredients":[],"product_brand":[],"product_cat":[118],"product_tag":[],"class_list":{"0":"post-20020","1":"product","2":"type-product","3":"status-publish","4":"has-post-thumbnail","6":"product_cat-snacks-2","7":"tm-has-options","9":"first","10":"instock","11":"taxable","12":"shipping-taxable","13":"purchasable","14":"product-type-simple"},"bundled_by":[],"bundle_stock_status":"instock","bundle_stock_quantity":null,"bundle_virtual":false,"bundle_layout":"","bundle_add_to_cart_form_location":"","bundle_editable_in_cart":false,"bundle_sold_individually_context":"","bundle_item_grouping":"","bundle_min_size":"","bundle_max_size":"","bundle_price":[],"bundled_items":[],"bundle_sell_ids":[],"acf":[],"yoast_head":"<!-- This site is optimized with the Yoast SEO Premium plugin v23.5 (Yoast SEO v25.0) - https:\/\/yoast.com\/wordpress\/plugins\/seo\/ -->\n<title>Oreja de vaca con pelo | Natural Treats<\/title>\n<meta name=\"description\" content=\"Las orejas de vaca con pelo para perros son un fant\u00e1stico y resistente tentempi\u00e9 que, adem\u00e1s, ayuda como desparasitador natural. El pelo es muy beneficioso para el tracto digestivo (piensa en \u00e9l como un limpiador de tuber\u00edas). Tambi\u00e9n aporta buenos niveles de fibra. Las orejas de vaca contienen mucha menos grasa que las de cerdo y son perfectas para los perros que necesitan controlar su dieta.\" \/>\n<meta name=\"robots\" content=\"index, follow, max-snippet:-1, max-image-preview:large, max-video-preview:-1\" \/>\n<link rel=\"canonical\" href=\"https:\/\/naturaltreats.eu\/es\/product\/oreja-de-buey-con-piel\/\" \/>\n<meta property=\"og:locale\" content=\"es_ES\" \/>\n<meta property=\"og:type\" content=\"article\" \/>\n<meta property=\"og:title\" content=\"Oreja de vaca con pelo\" \/>\n<meta property=\"og:description\" content=\"Las orejas de vaca con pelo para perros son un fant\u00e1stico y resistente tentempi\u00e9 que, adem\u00e1s, ayuda como desparasitador natural. El pelo es muy beneficioso para el tracto digestivo (piensa en \u00e9l como un limpiador de tuber\u00edas). Tambi\u00e9n aporta buenos niveles de fibra. Las orejas de vaca contienen mucha menos grasa que las de cerdo y son perfectas para los perros que necesitan controlar su dieta.\" \/>\n<meta property=\"og:url\" content=\"https:\/\/naturaltreats.eu\/es\/product\/oreja-de-buey-con-piel\/\" \/>\n<meta property=\"og:site_name\" content=\"Natural Treats\" \/>\n<meta property=\"article:publisher\" content=\"https:\/\/facebook.com\/naturaltreatseu\" \/>\n<meta property=\"article:modified_time\" content=\"2024-02-06T13:43:57+00:00\" \/>\n<meta property=\"og:image\" content=\"https:\/\/naturaltreats.eu\/wp-content\/uploads\/2021\/04\/Hariy-Venison-Ears.jpg\" \/>\n\t<meta property=\"og:image:width\" content=\"1080\" \/>\n\t<meta property=\"og:image:height\" content=\"1080\" \/>\n\t<meta property=\"og:image:type\" content=\"image\/jpeg\" \/>\n<meta name=\"twitter:card\" content=\"summary_large_image\" \/>\n<meta name=\"twitter:label1\" content=\"Precio\" \/>\n\t<meta name=\"twitter:data1\" content=\"2,90&euro;\" \/>\n\t<meta name=\"twitter:label2\" content=\"Disponibilidad\" \/>\n\t<meta name=\"twitter:data2\" content=\"Disponible\" \/>\n<script type=\"application\/ld+json\" class=\"yoast-schema-graph\">{\"@context\":\"https:\/\/schema.org\",\"@graph\":[{\"@type\":\"WebPage\",\"@id\":\"https:\/\/naturaltreats.eu\/es\/product\/oreja-de-buey-con-piel\/\",\"url\":\"https:\/\/naturaltreats.eu\/es\/product\/oreja-de-buey-con-piel\/\",\"name\":\"Oreja de vaca con pelo | Natural Treats\",\"isPartOf\":{\"@id\":\"https:\/\/naturaltreats.eu\/es\/#website\"},\"primaryImageOfPage\":{\"@id\":\"https:\/\/naturaltreats.eu\/es\/product\/oreja-de-buey-con-piel\/#primaryimage\"},\"image\":{\"@id\":\"https:\/\/naturaltreats.eu\/es\/product\/oreja-de-buey-con-piel\/#primaryimage\"},\"thumbnailUrl\":\"https:\/\/naturaltreats.eu\/wp-content\/uploads\/2021\/04\/Hariy-Venison-Ears.jpg\",\"datePublished\":\"2021-11-19T11:04:31+00:00\",\"dateModified\":\"2024-02-06T13:43:57+00:00\",\"description\":\"Las orejas de vaca con pelo para perros son un fant\u00e1stico y resistente tentempi\u00e9 que, adem\u00e1s, ayuda como desparasitador natural. El pelo es muy beneficioso para el tracto digestivo (piensa en \u00e9l como un limpiador de tuber\u00edas). Tambi\u00e9n aporta buenos niveles de fibra. Las orejas de vaca contienen mucha menos grasa que las de cerdo y son perfectas para los perros que necesitan controlar su dieta.\",\"breadcrumb\":{\"@id\":\"https:\/\/naturaltreats.eu\/es\/product\/oreja-de-buey-con-piel\/#breadcrumb\"},\"inLanguage\":\"es\",\"potentialAction\":[{\"@type\":\"ReadAction\",\"target\":[\"https:\/\/naturaltreats.eu\/es\/product\/oreja-de-buey-con-piel\/\"]}]},{\"@type\":\"ImageObject\",\"inLanguage\":\"es\",\"@id\":\"https:\/\/naturaltreats.eu\/es\/product\/oreja-de-buey-con-piel\/#primaryimage\",\"url\":\"https:\/\/naturaltreats.eu\/wp-content\/uploads\/2021\/04\/Hariy-Venison-Ears.jpg\",\"contentUrl\":\"https:\/\/naturaltreats.eu\/wp-content\/uploads\/2021\/04\/Hariy-Venison-Ears.jpg\",\"width\":1080,\"height\":1080,\"caption\":\"Orejas de Venado Hariy para perros\"},{\"@type\":\"BreadcrumbList\",\"@id\":\"https:\/\/naturaltreats.eu\/es\/product\/oreja-de-buey-con-piel\/#breadcrumb\",\"itemListElement\":[{\"@type\":\"ListItem\",\"position\":1,\"name\":\"Portada\",\"item\":\"https:\/\/naturaltreats.eu\/es\/inicio\/\"},{\"@type\":\"ListItem\",\"position\":2,\"name\":\"Tienda\",\"item\":\"https:\/\/naturaltreats.eu\/es\/tienda\/\"},{\"@type\":\"ListItem\",\"position\":3,\"name\":\"Oreja de vaca con pelo\"}]},{\"@type\":\"WebSite\",\"@id\":\"https:\/\/naturaltreats.eu\/es\/#website\",\"url\":\"https:\/\/naturaltreats.eu\/es\/\",\"name\":\"Natural Treats\",\"description\":\"Best Rated Natural Dog Treats In Europe\",\"publisher\":{\"@id\":\"https:\/\/naturaltreats.eu\/es\/#organization\"},\"potentialAction\":[{\"@type\":\"SearchAction\",\"target\":{\"@type\":\"EntryPoint\",\"urlTemplate\":\"https:\/\/naturaltreats.eu\/es\/?s={search_term_string}\"},\"query-input\":{\"@type\":\"PropertyValueSpecification\",\"valueRequired\":true,\"valueName\":\"search_term_string\"}}],\"inLanguage\":\"es\"},{\"@type\":\"Organization\",\"@id\":\"https:\/\/naturaltreats.eu\/es\/#organization\",\"name\":\"Natural Treats\",\"url\":\"https:\/\/naturaltreats.eu\/es\/\",\"logo\":{\"@type\":\"ImageObject\",\"inLanguage\":\"es\",\"@id\":\"https:\/\/naturaltreats.eu\/es\/#\/schema\/logo\/image\/\",\"url\":\"https:\/\/naturaltreats.eu\/wp-content\/uploads\/2020\/08\/social.jpg\",\"contentUrl\":\"https:\/\/naturaltreats.eu\/wp-content\/uploads\/2020\/08\/social.jpg\",\"width\":1000,\"height\":1000,\"caption\":\"Natural Treats\"},\"image\":{\"@id\":\"https:\/\/naturaltreats.eu\/es\/#\/schema\/logo\/image\/\"},\"sameAs\":[\"https:\/\/facebook.com\/naturaltreatseu\",\"https:\/\/instagram.com\/naturaltreatseu\"]}]}<\/script>\n<meta property=\"product:price:amount\" content=\"2.90\" \/>\n<meta property=\"product:price:currency\" content=\"EUR\" \/>\n<meta property=\"og:availability\" content=\"instock\" \/>\n<meta property=\"product:availability\" content=\"instock\" \/>\n<meta property=\"product:condition\" content=\"new\" \/>\n<!-- \/ Yoast SEO Premium plugin. -->","yoast_head_json":{"title":"Oreja de vaca con pelo | Natural Treats","description":"Las orejas de vaca con pelo para perros son un fant\u00e1stico y resistente tentempi\u00e9 que, adem\u00e1s, ayuda como desparasitador natural. El pelo es muy beneficioso para el tracto digestivo (piensa en \u00e9l como un limpiador de tuber\u00edas). Tambi\u00e9n aporta buenos niveles de fibra. Las orejas de vaca contienen mucha menos grasa que las de cerdo y son perfectas para los perros que necesitan controlar su dieta.","robots":{"index":"index","follow":"follow","max-snippet":"max-snippet:-1","max-image-preview":"max-image-preview:large","max-video-preview":"max-video-preview:-1"},"canonical":"https:\/\/naturaltreats.eu\/es\/product\/oreja-de-buey-con-piel\/","og_locale":"es_ES","og_type":"article","og_title":"Oreja de vaca con pelo","og_description":"Las orejas de vaca con pelo para perros son un fant\u00e1stico y resistente tentempi\u00e9 que, adem\u00e1s, ayuda como desparasitador natural. El pelo es muy beneficioso para el tracto digestivo (piensa en \u00e9l como un limpiador de tuber\u00edas). Tambi\u00e9n aporta buenos niveles de fibra. Las orejas de vaca contienen mucha menos grasa que las de cerdo y son perfectas para los perros que necesitan controlar su dieta.","og_url":"https:\/\/naturaltreats.eu\/es\/product\/oreja-de-buey-con-piel\/","og_site_name":"Natural Treats","article_publisher":"https:\/\/facebook.com\/naturaltreatseu","article_modified_time":"2024-02-06T13:43:57+00:00","og_image":[{"width":1080,"height":1080,"url":"https:\/\/naturaltreats.eu\/wp-content\/uploads\/2021\/04\/Hariy-Venison-Ears.jpg","type":"image\/jpeg"}],"twitter_card":"summary_large_image","twitter_misc":{"Precio":"2,90&euro;","Disponibilidad":"Disponible"},"schema":{"@context":"https:\/\/schema.org","@graph":[{"@type":"WebPage","@id":"https:\/\/naturaltreats.eu\/es\/product\/oreja-de-buey-con-piel\/","url":"https:\/\/naturaltreats.eu\/es\/product\/oreja-de-buey-con-piel\/","name":"Oreja de vaca con pelo | Natural Treats","isPartOf":{"@id":"https:\/\/naturaltreats.eu\/es\/#website"},"primaryImageOfPage":{"@id":"https:\/\/naturaltreats.eu\/es\/product\/oreja-de-buey-con-piel\/#primaryimage"},"image":{"@id":"https:\/\/naturaltreats.eu\/es\/product\/oreja-de-buey-con-piel\/#primaryimage"},"thumbnailUrl":"https:\/\/naturaltreats.eu\/wp-content\/uploads\/2021\/04\/Hariy-Venison-Ears.jpg","datePublished":"2021-11-19T11:04:31+00:00","dateModified":"2024-02-06T13:43:57+00:00","description":"Las orejas de vaca con pelo para perros son un fant\u00e1stico y resistente tentempi\u00e9 que, adem\u00e1s, ayuda como desparasitador natural. El pelo es muy beneficioso para el tracto digestivo (piensa en \u00e9l como un limpiador de tuber\u00edas). Tambi\u00e9n aporta buenos niveles de fibra. Las orejas de vaca contienen mucha menos grasa que las de cerdo y son perfectas para los perros que necesitan controlar su dieta.","breadcrumb":{"@id":"https:\/\/naturaltreats.eu\/es\/product\/oreja-de-buey-con-piel\/#breadcrumb"},"inLanguage":"es","potentialAction":[{"@type":"ReadAction","target":["https:\/\/naturaltreats.eu\/es\/product\/oreja-de-buey-con-piel\/"]}]},{"@type":"ImageObject","inLanguage":"es","@id":"https:\/\/naturaltreats.eu\/es\/product\/oreja-de-buey-con-piel\/#primaryimage","url":"https:\/\/naturaltreats.eu\/wp-content\/uploads\/2021\/04\/Hariy-Venison-Ears.jpg","contentUrl":"https:\/\/naturaltreats.eu\/wp-content\/uploads\/2021\/04\/Hariy-Venison-Ears.jpg","width":1080,"height":1080,"caption":"Orejas de Venado Hariy para perros"},{"@type":"BreadcrumbList","@id":"https:\/\/naturaltreats.eu\/es\/product\/oreja-de-buey-con-piel\/#breadcrumb","itemListElement":[{"@type":"ListItem","position":1,"name":"Portada","item":"https:\/\/naturaltreats.eu\/es\/inicio\/"},{"@type":"ListItem","position":2,"name":"Tienda","item":"https:\/\/naturaltreats.eu\/es\/tienda\/"},{"@type":"ListItem","position":3,"name":"Oreja de vaca con pelo"}]},{"@type":"WebSite","@id":"https:\/\/naturaltreats.eu\/es\/#website","url":"https:\/\/naturaltreats.eu\/es\/","name":"Natural Treats","description":"Best Rated Natural Dog Treats In Europe","publisher":{"@id":"https:\/\/naturaltreats.eu\/es\/#organization"},"potentialAction":[{"@type":"SearchAction","target":{"@type":"EntryPoint","urlTemplate":"https:\/\/naturaltreats.eu\/es\/?s={search_term_string}"},"query-input":{"@type":"PropertyValueSpecification","valueRequired":true,"valueName":"search_term_string"}}],"inLanguage":"es"},{"@type":"Organization","@id":"https:\/\/naturaltreats.eu\/es\/#organization","name":"Natural Treats","url":"https:\/\/naturaltreats.eu\/es\/","logo":{"@type":"ImageObject","inLanguage":"es","@id":"https:\/\/naturaltreats.eu\/es\/#\/schema\/logo\/image\/","url":"https:\/\/naturaltreats.eu\/wp-content\/uploads\/2020\/08\/social.jpg","contentUrl":"https:\/\/naturaltreats.eu\/wp-content\/uploads\/2020\/08\/social.jpg","width":1000,"height":1000,"caption":"Natural Treats"},"image":{"@id":"https:\/\/naturaltreats.eu\/es\/#\/schema\/logo\/image\/"},"sameAs":["https:\/\/facebook.com\/naturaltreatseu","https:\/\/instagram.com\/naturaltreatseu"]}]},"product_price_amount":"2.90","product_price_currency":"EUR","og_availability":"instock","product_availability":"instock","product_condition":"new"},"_links":{"self":[{"href":"https:\/\/naturaltreats.eu\/es\/wp-json\/wp\/v2\/product\/20020","targetHints":{"allow":["GET"]}}],"collection":[{"href":"https:\/\/naturaltreats.eu\/es\/wp-json\/wp\/v2\/product"}],"about":[{"href":"https:\/\/naturaltreats.eu\/es\/wp-json\/wp\/v2\/types\/product"}],"wp:featuredmedia":[{"embeddable":true,"href":"https:\/\/naturaltreats.eu\/es\/wp-json\/wp\/v2\/media\/8483"}],"wp:attachment":[{"href":"https:\/\/naturaltreats.eu\/es\/wp-json\/wp\/v2\/media?parent=20020"}],"wp:term":[{"taxonomy":"dog-type","embeddable":true,"href":"https:\/\/naturaltreats.eu\/es\/wp-json\/wp\/v2\/dog-type?post=20020"},{"taxonomy":"ingredients","embeddable":true,"href":"https:\/\/naturaltreats.eu\/es\/wp-json\/wp\/v2\/ingredients?post=20020"},{"taxonomy":"product_brand","embeddable":true,"href":"https:\/\/naturaltreats.eu\/es\/wp-json\/wp\/v2\/product_brand?post=20020"},{"taxonomy":"product_cat","embeddable":true,"href":"https:\/\/naturaltreats.eu\/es\/wp-json\/wp\/v2\/product_cat?post=20020"},{"taxonomy":"product_tag","embeddable":true,"href":"https:\/\/naturaltreats.eu\/es\/wp-json\/wp\/v2\/product_tag?post=20020"}],"curies":[{"name":"wp","href":"https:\/\/api.w.org\/{rel}","templated":true}]}}