{"id":38774,"date":"2022-12-12T19:19:34","date_gmt":"2022-12-12T18:21:13","guid":{"rendered":"https:\/\/naturaltreats.eu\/product\/yak-stick\/"},"modified":"2025-05-11T20:13:38","modified_gmt":"2025-05-11T18:13:38","slug":"yak-stick","status":"publish","type":"product","link":"https:\/\/naturaltreats.eu\/es\/product\/yak-stick\/","title":{"rendered":"Yak Stick"},"content":{"rendered":"<p>Su perro triturar\u00e1 y ablandar\u00e1 pacientemente la barra de leche del Himalaya antes de poder masticar peque\u00f1os trozos, lo que le proporcionar\u00e1 <strong>horas de alegre entretenimiento<\/strong>.<\/p>\n<p>Contiene extraordinarias <strong>propiedades nutritivas<\/strong>, entre ellas:<\/p>\n<p><strong>CALCIO<\/strong>: contribuye activamente al desarrollo de los huesos y los dientes.<br \/>\n<strong>POTASIO<\/strong>: regula el sistema nervioso y evita la fatiga, la debilidad muscular y los calambres.<br \/>\n<strong>ZINC<\/strong>: favorece el desarrollo\/crecimiento, suaviza la piel y mejora su sistema inmunol\u00f3gico.<br \/>\n<strong>BIOTINA<\/strong>: favorece el crecimiento celular y el metabolismo digestivo.<br \/>\n<strong>\u00c1CIDO F\u00d3LICO<\/strong>: reduce el riesgo de enfermedades card\u00edacas y de c\u00e1ncer.<br \/>\n<strong>HIERRO<\/strong>,<strong> F\u00d3SFORO<\/strong>,<strong> MAGNESIO<\/strong>,<strong> MANGANESO <\/strong>Y <strong>SODIO<\/strong><br \/>\n<strong>VITAMINAS<\/strong>:<strong> A<\/strong>, <strong>B1<\/strong>,<strong> C<\/strong>,<strong> D<\/strong>, <strong>E <\/strong>Y <strong>K<\/strong>, aumentan la producci\u00f3n de gl\u00f3bulos rojos y blancos y mejoran la visi\u00f3n.<\/p>\n","protected":false},"excerpt":{"rendered":"<p>Originarias del Himalaya, estas barritas de leche son el bocado perfecto y duradero para el perro. <a href=\"https:\/\/naturaltreats.eu\/es\/producto\/churpi-bar\/\" target=\"_blank\" rel=\"noopener\">Lea m\u00e1s.<\/a><\/p>\n","protected":false},"featured_media":51001,"template":"","meta":{"_acf_changed":false},"dog-type":[],"ingredients":[],"product_brand":[],"product_cat":[237],"product_tag":[],"class_list":{"0":"post-38774","1":"product","2":"type-product","3":"status-publish","4":"has-post-thumbnail","6":"product_cat-himalayan-es","7":"tm-no-options-pxq","9":"first","10":"instock","11":"sale","12":"taxable","13":"shipping-taxable","14":"purchasable","15":"product-type-variable"},"bundled_by":[],"bundle_stock_status":"instock","bundle_stock_quantity":null,"bundle_virtual":false,"bundle_layout":"","bundle_add_to_cart_form_location":"","bundle_editable_in_cart":false,"bundle_sold_individually_context":"","bundle_item_grouping":"","bundle_min_size":"","bundle_max_size":"","bundle_price":[],"bundled_items":[],"bundle_sell_ids":[],"acf":[],"yoast_head":"<!-- This site is optimized with the Yoast SEO Premium plugin v23.5 (Yoast SEO v25.0) - https:\/\/yoast.com\/wordpress\/plugins\/seo\/ -->\n<title>Palo de Yak Para Perros | Natural Treats<\/title>\n<meta name=\"description\" content=\"Su perro triturar\u00e1 y ablandar\u00e1 pacientemente la barra de leche del Himalaya antes de poder masticar peque\u00f1os trozos, lo que le proporcionar\u00e1 horas de alegre entretenimiento.\" \/>\n<meta name=\"robots\" content=\"index, follow, max-snippet:-1, max-image-preview:large, max-video-preview:-1\" \/>\n<link rel=\"canonical\" href=\"https:\/\/naturaltreats.eu\/es\/product\/yak-stick\/\" \/>\n<meta property=\"og:locale\" content=\"es_ES\" \/>\n<meta property=\"og:type\" content=\"article\" \/>\n<meta property=\"og:title\" content=\"Yak Stick\" \/>\n<meta property=\"og:description\" content=\"Su perro triturar\u00e1 y ablandar\u00e1 pacientemente la barra de leche del Himalaya antes de poder masticar peque\u00f1os trozos, lo que le proporcionar\u00e1 horas de alegre entretenimiento.\" \/>\n<meta property=\"og:url\" content=\"https:\/\/naturaltreats.eu\/es\/product\/yak-stick\/\" \/>\n<meta property=\"og:site_name\" content=\"Natural Treats\" \/>\n<meta property=\"article:publisher\" content=\"https:\/\/facebook.com\/naturaltreatseu\" \/>\n<meta property=\"article:modified_time\" content=\"2025-05-11T18:13:38+00:00\" \/>\n<meta property=\"og:image\" content=\"https:\/\/naturaltreats.eu\/wp-content\/uploads\/2022\/12\/Yak-sticks-original.jpg\" \/>\n\t<meta property=\"og:image:width\" content=\"1600\" \/>\n\t<meta property=\"og:image:height\" content=\"1600\" \/>\n\t<meta property=\"og:image:type\" content=\"image\/jpeg\" \/>\n<meta name=\"twitter:card\" content=\"summary_large_image\" \/>\n<meta name=\"twitter:label1\" content=\"Disponibilidad\" \/>\n\t<meta name=\"twitter:data1\" content=\"Disponible\" \/>\n<script type=\"application\/ld+json\" class=\"yoast-schema-graph\">{\"@context\":\"https:\/\/schema.org\",\"@graph\":[{\"@type\":\"WebPage\",\"@id\":\"https:\/\/naturaltreats.eu\/es\/product\/yak-stick\/\",\"url\":\"https:\/\/naturaltreats.eu\/es\/product\/yak-stick\/\",\"name\":\"Palo de Yak Para Perros | Natural Treats\",\"isPartOf\":{\"@id\":\"https:\/\/naturaltreats.eu\/es\/#website\"},\"primaryImageOfPage\":{\"@id\":\"https:\/\/naturaltreats.eu\/es\/product\/yak-stick\/#primaryimage\"},\"image\":{\"@id\":\"https:\/\/naturaltreats.eu\/es\/product\/yak-stick\/#primaryimage\"},\"thumbnailUrl\":\"https:\/\/naturaltreats.eu\/wp-content\/uploads\/2022\/12\/Yak-sticks-original.jpg\",\"datePublished\":\"2022-12-12T18:21:13+00:00\",\"dateModified\":\"2025-05-11T18:13:38+00:00\",\"description\":\"Su perro triturar\u00e1 y ablandar\u00e1 pacientemente la barra de leche del Himalaya antes de poder masticar peque\u00f1os trozos, lo que le proporcionar\u00e1 horas de alegre entretenimiento.\",\"breadcrumb\":{\"@id\":\"https:\/\/naturaltreats.eu\/es\/product\/yak-stick\/#breadcrumb\"},\"inLanguage\":\"es\",\"potentialAction\":[{\"@type\":\"ReadAction\",\"target\":[\"https:\/\/naturaltreats.eu\/es\/product\/yak-stick\/\"]}]},{\"@type\":\"ImageObject\",\"inLanguage\":\"es\",\"@id\":\"https:\/\/naturaltreats.eu\/es\/product\/yak-stick\/#primaryimage\",\"url\":\"https:\/\/naturaltreats.eu\/wp-content\/uploads\/2022\/12\/Yak-sticks-original.jpg\",\"contentUrl\":\"https:\/\/naturaltreats.eu\/wp-content\/uploads\/2022\/12\/Yak-sticks-original.jpg\",\"width\":1600,\"height\":1600,\"caption\":\"Yak sticks for dogs\"},{\"@type\":\"BreadcrumbList\",\"@id\":\"https:\/\/naturaltreats.eu\/es\/product\/yak-stick\/#breadcrumb\",\"itemListElement\":[{\"@type\":\"ListItem\",\"position\":1,\"name\":\"Portada\",\"item\":\"https:\/\/naturaltreats.eu\/es\/inicio\/\"},{\"@type\":\"ListItem\",\"position\":2,\"name\":\"Tienda\",\"item\":\"https:\/\/naturaltreats.eu\/es\/tienda\/\"},{\"@type\":\"ListItem\",\"position\":3,\"name\":\"Yak Stick\"}]},{\"@type\":\"WebSite\",\"@id\":\"https:\/\/naturaltreats.eu\/es\/#website\",\"url\":\"https:\/\/naturaltreats.eu\/es\/\",\"name\":\"Natural Treats\",\"description\":\"Best Rated Natural Dog Treats In Europe\",\"publisher\":{\"@id\":\"https:\/\/naturaltreats.eu\/es\/#organization\"},\"potentialAction\":[{\"@type\":\"SearchAction\",\"target\":{\"@type\":\"EntryPoint\",\"urlTemplate\":\"https:\/\/naturaltreats.eu\/es\/?s={search_term_string}\"},\"query-input\":{\"@type\":\"PropertyValueSpecification\",\"valueRequired\":true,\"valueName\":\"search_term_string\"}}],\"inLanguage\":\"es\"},{\"@type\":\"Organization\",\"@id\":\"https:\/\/naturaltreats.eu\/es\/#organization\",\"name\":\"Natural Treats\",\"url\":\"https:\/\/naturaltreats.eu\/es\/\",\"logo\":{\"@type\":\"ImageObject\",\"inLanguage\":\"es\",\"@id\":\"https:\/\/naturaltreats.eu\/es\/#\/schema\/logo\/image\/\",\"url\":\"https:\/\/naturaltreats.eu\/wp-content\/uploads\/2020\/08\/social.jpg\",\"contentUrl\":\"https:\/\/naturaltreats.eu\/wp-content\/uploads\/2020\/08\/social.jpg\",\"width\":1000,\"height\":1000,\"caption\":\"Natural Treats\"},\"image\":{\"@id\":\"https:\/\/naturaltreats.eu\/es\/#\/schema\/logo\/image\/\"},\"sameAs\":[\"https:\/\/facebook.com\/naturaltreatseu\",\"https:\/\/instagram.com\/naturaltreatseu\"]}]}<\/script>\n<meta property=\"og:availability\" content=\"instock\" \/>\n<meta property=\"product:availability\" content=\"instock\" \/>\n<meta property=\"product:condition\" content=\"new\" \/>\n<!-- \/ Yoast SEO Premium plugin. -->","yoast_head_json":{"title":"Palo de Yak Para Perros | Natural Treats","description":"Su perro triturar\u00e1 y ablandar\u00e1 pacientemente la barra de leche del Himalaya antes de poder masticar peque\u00f1os trozos, lo que le proporcionar\u00e1 horas de alegre entretenimiento.","robots":{"index":"index","follow":"follow","max-snippet":"max-snippet:-1","max-image-preview":"max-image-preview:large","max-video-preview":"max-video-preview:-1"},"canonical":"https:\/\/naturaltreats.eu\/es\/product\/yak-stick\/","og_locale":"es_ES","og_type":"article","og_title":"Yak Stick","og_description":"Su perro triturar\u00e1 y ablandar\u00e1 pacientemente la barra de leche del Himalaya antes de poder masticar peque\u00f1os trozos, lo que le proporcionar\u00e1 horas de alegre entretenimiento.","og_url":"https:\/\/naturaltreats.eu\/es\/product\/yak-stick\/","og_site_name":"Natural Treats","article_publisher":"https:\/\/facebook.com\/naturaltreatseu","article_modified_time":"2025-05-11T18:13:38+00:00","og_image":[{"width":1600,"height":1600,"url":"https:\/\/naturaltreats.eu\/wp-content\/uploads\/2022\/12\/Yak-sticks-original.jpg","type":"image\/jpeg"}],"twitter_card":"summary_large_image","twitter_misc":{"Disponibilidad":"Disponible"},"schema":{"@context":"https:\/\/schema.org","@graph":[{"@type":"WebPage","@id":"https:\/\/naturaltreats.eu\/es\/product\/yak-stick\/","url":"https:\/\/naturaltreats.eu\/es\/product\/yak-stick\/","name":"Palo de Yak Para Perros | Natural Treats","isPartOf":{"@id":"https:\/\/naturaltreats.eu\/es\/#website"},"primaryImageOfPage":{"@id":"https:\/\/naturaltreats.eu\/es\/product\/yak-stick\/#primaryimage"},"image":{"@id":"https:\/\/naturaltreats.eu\/es\/product\/yak-stick\/#primaryimage"},"thumbnailUrl":"https:\/\/naturaltreats.eu\/wp-content\/uploads\/2022\/12\/Yak-sticks-original.jpg","datePublished":"2022-12-12T18:21:13+00:00","dateModified":"2025-05-11T18:13:38+00:00","description":"Su perro triturar\u00e1 y ablandar\u00e1 pacientemente la barra de leche del Himalaya antes de poder masticar peque\u00f1os trozos, lo que le proporcionar\u00e1 horas de alegre entretenimiento.","breadcrumb":{"@id":"https:\/\/naturaltreats.eu\/es\/product\/yak-stick\/#breadcrumb"},"inLanguage":"es","potentialAction":[{"@type":"ReadAction","target":["https:\/\/naturaltreats.eu\/es\/product\/yak-stick\/"]}]},{"@type":"ImageObject","inLanguage":"es","@id":"https:\/\/naturaltreats.eu\/es\/product\/yak-stick\/#primaryimage","url":"https:\/\/naturaltreats.eu\/wp-content\/uploads\/2022\/12\/Yak-sticks-original.jpg","contentUrl":"https:\/\/naturaltreats.eu\/wp-content\/uploads\/2022\/12\/Yak-sticks-original.jpg","width":1600,"height":1600,"caption":"Yak sticks for dogs"},{"@type":"BreadcrumbList","@id":"https:\/\/naturaltreats.eu\/es\/product\/yak-stick\/#breadcrumb","itemListElement":[{"@type":"ListItem","position":1,"name":"Portada","item":"https:\/\/naturaltreats.eu\/es\/inicio\/"},{"@type":"ListItem","position":2,"name":"Tienda","item":"https:\/\/naturaltreats.eu\/es\/tienda\/"},{"@type":"ListItem","position":3,"name":"Yak Stick"}]},{"@type":"WebSite","@id":"https:\/\/naturaltreats.eu\/es\/#website","url":"https:\/\/naturaltreats.eu\/es\/","name":"Natural Treats","description":"Best Rated Natural Dog Treats In Europe","publisher":{"@id":"https:\/\/naturaltreats.eu\/es\/#organization"},"potentialAction":[{"@type":"SearchAction","target":{"@type":"EntryPoint","urlTemplate":"https:\/\/naturaltreats.eu\/es\/?s={search_term_string}"},"query-input":{"@type":"PropertyValueSpecification","valueRequired":true,"valueName":"search_term_string"}}],"inLanguage":"es"},{"@type":"Organization","@id":"https:\/\/naturaltreats.eu\/es\/#organization","name":"Natural Treats","url":"https:\/\/naturaltreats.eu\/es\/","logo":{"@type":"ImageObject","inLanguage":"es","@id":"https:\/\/naturaltreats.eu\/es\/#\/schema\/logo\/image\/","url":"https:\/\/naturaltreats.eu\/wp-content\/uploads\/2020\/08\/social.jpg","contentUrl":"https:\/\/naturaltreats.eu\/wp-content\/uploads\/2020\/08\/social.jpg","width":1000,"height":1000,"caption":"Natural Treats"},"image":{"@id":"https:\/\/naturaltreats.eu\/es\/#\/schema\/logo\/image\/"},"sameAs":["https:\/\/facebook.com\/naturaltreatseu","https:\/\/instagram.com\/naturaltreatseu"]}]},"og_availability":"instock","product_availability":"instock","product_condition":"new"},"_links":{"self":[{"href":"https:\/\/naturaltreats.eu\/es\/wp-json\/wp\/v2\/product\/38774","targetHints":{"allow":["GET"]}}],"collection":[{"href":"https:\/\/naturaltreats.eu\/es\/wp-json\/wp\/v2\/product"}],"about":[{"href":"https:\/\/naturaltreats.eu\/es\/wp-json\/wp\/v2\/types\/product"}],"wp:featuredmedia":[{"embeddable":true,"href":"https:\/\/naturaltreats.eu\/es\/wp-json\/wp\/v2\/media\/51001"}],"wp:attachment":[{"href":"https:\/\/naturaltreats.eu\/es\/wp-json\/wp\/v2\/media?parent=38774"}],"wp:term":[{"taxonomy":"dog-type","embeddable":true,"href":"https:\/\/naturaltreats.eu\/es\/wp-json\/wp\/v2\/dog-type?post=38774"},{"taxonomy":"ingredients","embeddable":true,"href":"https:\/\/naturaltreats.eu\/es\/wp-json\/wp\/v2\/ingredients?post=38774"},{"taxonomy":"product_brand","embeddable":true,"href":"https:\/\/naturaltreats.eu\/es\/wp-json\/wp\/v2\/product_brand?post=38774"},{"taxonomy":"product_cat","embeddable":true,"href":"https:\/\/naturaltreats.eu\/es\/wp-json\/wp\/v2\/product_cat?post=38774"},{"taxonomy":"product_tag","embeddable":true,"href":"https:\/\/naturaltreats.eu\/es\/wp-json\/wp\/v2\/product_tag?post=38774"}],"curies":[{"name":"wp","href":"https:\/\/api.w.org\/{rel}","templated":true}]}}