{"id":40319,"date":"2023-01-19T10:15:09","date_gmt":"2023-01-19T09:34:51","guid":{"rendered":"https:\/\/naturaltreats.eu\/product\/cerdo-crunch\/"},"modified":"2024-02-06T14:41:32","modified_gmt":"2024-02-06T13:41:32","slug":"cerdo-crunch","status":"publish","type":"product","link":"https:\/\/naturaltreats.eu\/es\/product\/cerdo-crunch\/","title":{"rendered":"Cerdo Crunch"},"content":{"rendered":"<p>Cerdo Crunch es un snack delicioso y saludable para su perro. Est\u00e1 fabricado con las orejas internas de los cerdos y proporciona una masticaci\u00f3n crujiente que puede ayudar a mantener entretenido a su perro. Cerdo Crunch es completamente natural y no contiene ingredientes artificiales, lo que lo convierte en una excelente opci\u00f3n para quienes desean ofrecer a su mascota un tentempi\u00e9 saludable. Adem\u00e1s, es delicioso y seguro para perros de todas las edades a partir de los 4 meses.<\/p>\n","protected":false},"excerpt":{"rendered":"<p><i class=\"fas fa-circle\"><\/i><i class=\"fas fa-circle\"><\/i><i class=\"fas fa-circle\"><\/i> | 40g<\/p>\n","protected":false},"featured_media":38111,"template":"","meta":{"_acf_changed":false},"dog-type":[],"ingredients":[],"product_brand":[],"product_cat":[118],"product_tag":[],"class_list":{"0":"post-40319","1":"product","2":"type-product","3":"status-publish","4":"has-post-thumbnail","6":"product_cat-snacks-2","7":"tm-has-options","9":"first","10":"outofstock","11":"taxable","12":"shipping-taxable","13":"purchasable","14":"product-type-simple"},"bundled_by":[],"bundle_stock_status":"outofstock","bundle_stock_quantity":null,"bundle_virtual":false,"bundle_layout":"","bundle_add_to_cart_form_location":"","bundle_editable_in_cart":false,"bundle_sold_individually_context":"","bundle_item_grouping":"","bundle_min_size":"","bundle_max_size":"","bundle_price":[],"bundled_items":[],"bundle_sell_ids":[],"acf":[],"yoast_head":"<!-- This site is optimized with the Yoast SEO Premium plugin v23.5 (Yoast SEO v25.0) - https:\/\/yoast.com\/wordpress\/plugins\/seo\/ -->\n<title>Cerdo Crunch | Natural Treats<\/title>\n<meta name=\"description\" content=\"Cerdo Crunch es un snack delicioso y saludable para su perro. Se fabrica con las orejas internas de los cerdos y proporciona un crujiente bocado a los perros.\" \/>\n<meta name=\"robots\" content=\"index, follow, max-snippet:-1, max-image-preview:large, max-video-preview:-1\" \/>\n<link rel=\"canonical\" href=\"https:\/\/naturaltreats.eu\/es\/product\/cerdo-crunch\/\" \/>\n<meta property=\"og:locale\" content=\"es_ES\" \/>\n<meta property=\"og:type\" content=\"article\" \/>\n<meta property=\"og:title\" content=\"Cerdo Crunch\" \/>\n<meta property=\"og:description\" content=\"Cerdo Crunch es un snack delicioso y saludable para su perro. Se fabrica con las orejas internas de los cerdos y proporciona un crujiente bocado a los perros.\" \/>\n<meta property=\"og:url\" content=\"https:\/\/naturaltreats.eu\/es\/product\/cerdo-crunch\/\" \/>\n<meta property=\"og:site_name\" content=\"Natural Treats\" \/>\n<meta property=\"article:publisher\" content=\"https:\/\/facebook.com\/naturaltreatseu\" \/>\n<meta property=\"article:modified_time\" content=\"2024-02-06T13:41:32+00:00\" \/>\n<meta property=\"og:image\" content=\"https:\/\/naturaltreats.eu\/wp-content\/uploads\/2022\/12\/pork-crunch.jpg\" \/>\n\t<meta property=\"og:image:width\" content=\"1280\" \/>\n\t<meta property=\"og:image:height\" content=\"1280\" \/>\n\t<meta property=\"og:image:type\" content=\"image\/jpeg\" \/>\n<meta name=\"twitter:card\" content=\"summary_large_image\" \/>\n<meta name=\"twitter:label1\" content=\"Precio\" \/>\n\t<meta name=\"twitter:data1\" content=\"1,90&euro;\" \/>\n\t<meta name=\"twitter:label2\" content=\"Disponibilidad\" \/>\n\t<meta name=\"twitter:data2\" content=\"Sin existencias\" \/>\n<script type=\"application\/ld+json\" class=\"yoast-schema-graph\">{\"@context\":\"https:\/\/schema.org\",\"@graph\":[{\"@type\":\"WebPage\",\"@id\":\"https:\/\/naturaltreats.eu\/es\/product\/cerdo-crunch\/\",\"url\":\"https:\/\/naturaltreats.eu\/es\/product\/cerdo-crunch\/\",\"name\":\"Cerdo Crunch | Natural Treats\",\"isPartOf\":{\"@id\":\"https:\/\/naturaltreats.eu\/es\/#website\"},\"primaryImageOfPage\":{\"@id\":\"https:\/\/naturaltreats.eu\/es\/product\/cerdo-crunch\/#primaryimage\"},\"image\":{\"@id\":\"https:\/\/naturaltreats.eu\/es\/product\/cerdo-crunch\/#primaryimage\"},\"thumbnailUrl\":\"https:\/\/naturaltreats.eu\/wp-content\/uploads\/2022\/12\/pork-crunch.jpg\",\"datePublished\":\"2023-01-19T09:34:51+00:00\",\"dateModified\":\"2024-02-06T13:41:32+00:00\",\"description\":\"Cerdo Crunch es un snack delicioso y saludable para su perro. Se fabrica con las orejas internas de los cerdos y proporciona un crujiente bocado a los perros.\",\"breadcrumb\":{\"@id\":\"https:\/\/naturaltreats.eu\/es\/product\/cerdo-crunch\/#breadcrumb\"},\"inLanguage\":\"es\",\"potentialAction\":[{\"@type\":\"ReadAction\",\"target\":[\"https:\/\/naturaltreats.eu\/es\/product\/cerdo-crunch\/\"]}]},{\"@type\":\"ImageObject\",\"inLanguage\":\"es\",\"@id\":\"https:\/\/naturaltreats.eu\/es\/product\/cerdo-crunch\/#primaryimage\",\"url\":\"https:\/\/naturaltreats.eu\/wp-content\/uploads\/2022\/12\/pork-crunch.jpg\",\"contentUrl\":\"https:\/\/naturaltreats.eu\/wp-content\/uploads\/2022\/12\/pork-crunch.jpg\",\"width\":1280,\"height\":1280,\"caption\":\"snack para perros oreja de cerdo interior\"},{\"@type\":\"BreadcrumbList\",\"@id\":\"https:\/\/naturaltreats.eu\/es\/product\/cerdo-crunch\/#breadcrumb\",\"itemListElement\":[{\"@type\":\"ListItem\",\"position\":1,\"name\":\"Portada\",\"item\":\"https:\/\/naturaltreats.eu\/es\/inicio\/\"},{\"@type\":\"ListItem\",\"position\":2,\"name\":\"Tienda\",\"item\":\"https:\/\/naturaltreats.eu\/es\/tienda\/\"},{\"@type\":\"ListItem\",\"position\":3,\"name\":\"Cerdo Crunch\"}]},{\"@type\":\"WebSite\",\"@id\":\"https:\/\/naturaltreats.eu\/es\/#website\",\"url\":\"https:\/\/naturaltreats.eu\/es\/\",\"name\":\"Natural Treats\",\"description\":\"Best Rated Natural Dog Treats In Europe\",\"publisher\":{\"@id\":\"https:\/\/naturaltreats.eu\/es\/#organization\"},\"potentialAction\":[{\"@type\":\"SearchAction\",\"target\":{\"@type\":\"EntryPoint\",\"urlTemplate\":\"https:\/\/naturaltreats.eu\/es\/?s={search_term_string}\"},\"query-input\":{\"@type\":\"PropertyValueSpecification\",\"valueRequired\":true,\"valueName\":\"search_term_string\"}}],\"inLanguage\":\"es\"},{\"@type\":\"Organization\",\"@id\":\"https:\/\/naturaltreats.eu\/es\/#organization\",\"name\":\"Natural Treats\",\"url\":\"https:\/\/naturaltreats.eu\/es\/\",\"logo\":{\"@type\":\"ImageObject\",\"inLanguage\":\"es\",\"@id\":\"https:\/\/naturaltreats.eu\/es\/#\/schema\/logo\/image\/\",\"url\":\"https:\/\/naturaltreats.eu\/wp-content\/uploads\/2020\/08\/social.jpg\",\"contentUrl\":\"https:\/\/naturaltreats.eu\/wp-content\/uploads\/2020\/08\/social.jpg\",\"width\":1000,\"height\":1000,\"caption\":\"Natural Treats\"},\"image\":{\"@id\":\"https:\/\/naturaltreats.eu\/es\/#\/schema\/logo\/image\/\"},\"sameAs\":[\"https:\/\/facebook.com\/naturaltreatseu\",\"https:\/\/instagram.com\/naturaltreatseu\"]}]}<\/script>\n<meta property=\"product:price:amount\" content=\"1.90\" \/>\n<meta property=\"product:price:currency\" content=\"EUR\" \/>\n<meta property=\"og:availability\" content=\"out of stock\" \/>\n<meta property=\"product:availability\" content=\"out of stock\" \/>\n<meta property=\"product:condition\" content=\"new\" \/>\n<!-- \/ Yoast SEO Premium plugin. -->","yoast_head_json":{"title":"Cerdo Crunch | Natural Treats","description":"Cerdo Crunch es un snack delicioso y saludable para su perro. Se fabrica con las orejas internas de los cerdos y proporciona un crujiente bocado a los perros.","robots":{"index":"index","follow":"follow","max-snippet":"max-snippet:-1","max-image-preview":"max-image-preview:large","max-video-preview":"max-video-preview:-1"},"canonical":"https:\/\/naturaltreats.eu\/es\/product\/cerdo-crunch\/","og_locale":"es_ES","og_type":"article","og_title":"Cerdo Crunch","og_description":"Cerdo Crunch es un snack delicioso y saludable para su perro. Se fabrica con las orejas internas de los cerdos y proporciona un crujiente bocado a los perros.","og_url":"https:\/\/naturaltreats.eu\/es\/product\/cerdo-crunch\/","og_site_name":"Natural Treats","article_publisher":"https:\/\/facebook.com\/naturaltreatseu","article_modified_time":"2024-02-06T13:41:32+00:00","og_image":[{"width":1280,"height":1280,"url":"https:\/\/naturaltreats.eu\/wp-content\/uploads\/2022\/12\/pork-crunch.jpg","type":"image\/jpeg"}],"twitter_card":"summary_large_image","twitter_misc":{"Precio":"1,90&euro;","Disponibilidad":"Sin existencias"},"schema":{"@context":"https:\/\/schema.org","@graph":[{"@type":"WebPage","@id":"https:\/\/naturaltreats.eu\/es\/product\/cerdo-crunch\/","url":"https:\/\/naturaltreats.eu\/es\/product\/cerdo-crunch\/","name":"Cerdo Crunch | Natural Treats","isPartOf":{"@id":"https:\/\/naturaltreats.eu\/es\/#website"},"primaryImageOfPage":{"@id":"https:\/\/naturaltreats.eu\/es\/product\/cerdo-crunch\/#primaryimage"},"image":{"@id":"https:\/\/naturaltreats.eu\/es\/product\/cerdo-crunch\/#primaryimage"},"thumbnailUrl":"https:\/\/naturaltreats.eu\/wp-content\/uploads\/2022\/12\/pork-crunch.jpg","datePublished":"2023-01-19T09:34:51+00:00","dateModified":"2024-02-06T13:41:32+00:00","description":"Cerdo Crunch es un snack delicioso y saludable para su perro. Se fabrica con las orejas internas de los cerdos y proporciona un crujiente bocado a los perros.","breadcrumb":{"@id":"https:\/\/naturaltreats.eu\/es\/product\/cerdo-crunch\/#breadcrumb"},"inLanguage":"es","potentialAction":[{"@type":"ReadAction","target":["https:\/\/naturaltreats.eu\/es\/product\/cerdo-crunch\/"]}]},{"@type":"ImageObject","inLanguage":"es","@id":"https:\/\/naturaltreats.eu\/es\/product\/cerdo-crunch\/#primaryimage","url":"https:\/\/naturaltreats.eu\/wp-content\/uploads\/2022\/12\/pork-crunch.jpg","contentUrl":"https:\/\/naturaltreats.eu\/wp-content\/uploads\/2022\/12\/pork-crunch.jpg","width":1280,"height":1280,"caption":"snack para perros oreja de cerdo interior"},{"@type":"BreadcrumbList","@id":"https:\/\/naturaltreats.eu\/es\/product\/cerdo-crunch\/#breadcrumb","itemListElement":[{"@type":"ListItem","position":1,"name":"Portada","item":"https:\/\/naturaltreats.eu\/es\/inicio\/"},{"@type":"ListItem","position":2,"name":"Tienda","item":"https:\/\/naturaltreats.eu\/es\/tienda\/"},{"@type":"ListItem","position":3,"name":"Cerdo Crunch"}]},{"@type":"WebSite","@id":"https:\/\/naturaltreats.eu\/es\/#website","url":"https:\/\/naturaltreats.eu\/es\/","name":"Natural Treats","description":"Best Rated Natural Dog Treats In Europe","publisher":{"@id":"https:\/\/naturaltreats.eu\/es\/#organization"},"potentialAction":[{"@type":"SearchAction","target":{"@type":"EntryPoint","urlTemplate":"https:\/\/naturaltreats.eu\/es\/?s={search_term_string}"},"query-input":{"@type":"PropertyValueSpecification","valueRequired":true,"valueName":"search_term_string"}}],"inLanguage":"es"},{"@type":"Organization","@id":"https:\/\/naturaltreats.eu\/es\/#organization","name":"Natural Treats","url":"https:\/\/naturaltreats.eu\/es\/","logo":{"@type":"ImageObject","inLanguage":"es","@id":"https:\/\/naturaltreats.eu\/es\/#\/schema\/logo\/image\/","url":"https:\/\/naturaltreats.eu\/wp-content\/uploads\/2020\/08\/social.jpg","contentUrl":"https:\/\/naturaltreats.eu\/wp-content\/uploads\/2020\/08\/social.jpg","width":1000,"height":1000,"caption":"Natural Treats"},"image":{"@id":"https:\/\/naturaltreats.eu\/es\/#\/schema\/logo\/image\/"},"sameAs":["https:\/\/facebook.com\/naturaltreatseu","https:\/\/instagram.com\/naturaltreatseu"]}]},"product_price_amount":"1.90","product_price_currency":"EUR","og_availability":"out of stock","product_availability":"out of stock","product_condition":"new"},"_links":{"self":[{"href":"https:\/\/naturaltreats.eu\/es\/wp-json\/wp\/v2\/product\/40319","targetHints":{"allow":["GET"]}}],"collection":[{"href":"https:\/\/naturaltreats.eu\/es\/wp-json\/wp\/v2\/product"}],"about":[{"href":"https:\/\/naturaltreats.eu\/es\/wp-json\/wp\/v2\/types\/product"}],"wp:featuredmedia":[{"embeddable":true,"href":"https:\/\/naturaltreats.eu\/es\/wp-json\/wp\/v2\/media\/38111"}],"wp:attachment":[{"href":"https:\/\/naturaltreats.eu\/es\/wp-json\/wp\/v2\/media?parent=40319"}],"wp:term":[{"taxonomy":"dog-type","embeddable":true,"href":"https:\/\/naturaltreats.eu\/es\/wp-json\/wp\/v2\/dog-type?post=40319"},{"taxonomy":"ingredients","embeddable":true,"href":"https:\/\/naturaltreats.eu\/es\/wp-json\/wp\/v2\/ingredients?post=40319"},{"taxonomy":"product_brand","embeddable":true,"href":"https:\/\/naturaltreats.eu\/es\/wp-json\/wp\/v2\/product_brand?post=40319"},{"taxonomy":"product_cat","embeddable":true,"href":"https:\/\/naturaltreats.eu\/es\/wp-json\/wp\/v2\/product_cat?post=40319"},{"taxonomy":"product_tag","embeddable":true,"href":"https:\/\/naturaltreats.eu\/es\/wp-json\/wp\/v2\/product_tag?post=40319"}],"curies":[{"name":"wp","href":"https:\/\/api.w.org\/{rel}","templated":true}]}}