{"id":68316,"date":"2024-10-26T21:24:55","date_gmt":"2024-10-27T20:29:25","guid":{"rendered":"https:\/\/naturaltreats.eu\/product\/orejas-de-cerdo-de-primera-calidad\/"},"modified":"2025-01-23T10:00:10","modified_gmt":"2025-01-23T09:00:10","slug":"orejas-de-cerdo-de-primera-calidad","status":"publish","type":"product","link":"https:\/\/naturaltreats.eu\/es\/product\/orejas-de-cerdo-de-primera-calidad\/","title":{"rendered":"Orejas de cerdo de primera calidad"},"content":{"rendered":"<p>Estas orejas de cerdo de primera calidad se deshidratan cuidadosamente para preservar sus sabores y nutrientes naturales, garantizando un snack de alta calidad que es a la vez delicioso y nutritivo para su perro. Nuestro paquete incluye 5 orejas de cerdo grandes, que proporcionan un amplio disfrute para perros de todos los tipos y tama\u00f1os. Su textura masticable no s\u00f3lo satisface la necesidad natural de masticar de su perro, sino que tambi\u00e9n favorece la salud de dientes y enc\u00edas al reducir la placa y la acumulaci\u00f3n de sarro. Perfectas como snack natural para perros o como recompensa, estas orejas de cerdo de primera calidad son una forma estupenda de demostrarle a su mascota su cari\u00f1o, al tiempo que contribuyen a su bienestar general. Tanto si tiene un cachorro juguet\u00f3n como un perro viejo y sabio, nuestras orejas de cerdo son adecuadas para cada etapa de la vida de su mascota. D\u00e9 a su perro el premio que se merece con nuestras orejas de cerdo deshidratadas de primera calidad. Ideales para el adiestramiento, el juego o simplemente como tentempi\u00e9 especial, estas orejas de cerdo le har\u00e1n mover la cola.<\/p>\n<h3>Beneficios<\/h3>\n<p><strong>Favorece la salud dental:<\/strong> Masticar orejas de cerdo ayuda a reducir la placa y la acumulaci\u00f3n de sarro, contribuyendo a una mejor higiene bucal y un aliento m\u00e1s fresco para su perro. <strong>Alto contenido en prote\u00ednas:<\/strong> Ricas en prote\u00ednas, estas orejas de cerdo aportan nutrientes esenciales que favorecen el desarrollo muscular y la vitalidad general de su mascota. <strong>F\u00e1cilmente digeribles:<\/strong> Nuestro proceso de deshidrataci\u00f3n garantiza que las orejas de cerdo sean f\u00e1ciles de digerir para su perro, por lo que son aptas para est\u00f3magos sensibles. <strong>Sabor natural:<\/strong> Sin aditivos artificiales ni conservantes, estas orejas de cerdo ofrecen un sabor natural que los perros encuentran irresistible. <strong>Placer duradero:<\/strong> La textura duradera de las orejas de cerdo proporciona una masticaci\u00f3n de larga duraci\u00f3n, ayudando a aliviar el aburrimiento y promover la estimulaci\u00f3n mental.<\/p>\n","protected":false},"excerpt":{"rendered":"<p>Estas orejas de cerdo de primera calidad se deshidratan cuidadosamente para preservar sus sabores y nutrientes naturales, garantizando un snack<\/p>\n","protected":false},"featured_media":68307,"template":"","meta":{"_acf_changed":false},"dog-type":[],"ingredients":[],"product_brand":[],"product_cat":[542],"product_tag":[],"class_list":{"0":"post-68316","1":"product","2":"type-product","3":"status-publish","4":"has-post-thumbnail","6":"product_cat-snacks-naturales-para-perros","7":"pa_dog-type-caes-grandes-es","8":"pa_dog-type-caes-medios-es","9":"pa_dog-type-caes-pequenos-es","10":"pa_ingredient-porco-es","11":"pa_toughness-duro-es-2","12":"tm-has-options","14":"first","15":"instock","16":"taxable","17":"shipping-taxable","18":"purchasable","19":"product-type-simple"},"bundled_by":[],"bundle_stock_status":"instock","bundle_stock_quantity":null,"bundle_virtual":false,"bundle_layout":"","bundle_add_to_cart_form_location":"","bundle_editable_in_cart":false,"bundle_sold_individually_context":"","bundle_item_grouping":"","bundle_min_size":"","bundle_max_size":"","bundle_price":[],"bundled_items":[],"bundle_sell_ids":[],"acf":[],"yoast_head":"<!-- This site is optimized with the Yoast SEO Premium plugin v23.5 (Yoast SEO v25.0) - https:\/\/yoast.com\/wordpress\/plugins\/seo\/ -->\n<title>Orejas de cerdo de primera calidad | Natural Treats<\/title>\n<meta name=\"robots\" content=\"index, follow, max-snippet:-1, max-image-preview:large, max-video-preview:-1\" \/>\n<link rel=\"canonical\" href=\"https:\/\/naturaltreats.eu\/es\/product\/orejas-de-cerdo-de-primera-calidad\/\" \/>\n<meta property=\"og:locale\" content=\"es_ES\" \/>\n<meta property=\"og:type\" content=\"article\" \/>\n<meta property=\"og:title\" content=\"Orejas de cerdo de primera calidad\" \/>\n<meta property=\"og:description\" content=\"Estas orejas de cerdo de primera calidad se deshidratan cuidadosamente para preservar sus sabores y nutrientes naturales, garantizando un snack\" \/>\n<meta property=\"og:url\" content=\"https:\/\/naturaltreats.eu\/es\/product\/orejas-de-cerdo-de-primera-calidad\/\" \/>\n<meta property=\"og:site_name\" content=\"Natural Treats\" \/>\n<meta property=\"article:publisher\" content=\"https:\/\/facebook.com\/naturaltreatseu\" \/>\n<meta property=\"article:modified_time\" content=\"2025-01-23T09:00:10+00:00\" \/>\n<meta property=\"og:image\" content=\"https:\/\/naturaltreats.eu\/wp-content\/uploads\/2024\/10\/Product-Bag-Mockup-1.jpg\" \/>\n\t<meta property=\"og:image:width\" content=\"2000\" \/>\n\t<meta property=\"og:image:height\" content=\"2000\" \/>\n\t<meta property=\"og:image:type\" content=\"image\/jpeg\" \/>\n<meta name=\"twitter:card\" content=\"summary_large_image\" \/>\n<meta name=\"twitter:label1\" content=\"Precio\" \/>\n\t<meta name=\"twitter:data1\" content=\"12,50&euro;\" \/>\n\t<meta name=\"twitter:label2\" content=\"Disponibilidad\" \/>\n\t<meta name=\"twitter:data2\" content=\"Disponible\" \/>\n<script type=\"application\/ld+json\" class=\"yoast-schema-graph\">{\"@context\":\"https:\/\/schema.org\",\"@graph\":[{\"@type\":\"WebPage\",\"@id\":\"https:\/\/naturaltreats.eu\/es\/product\/orejas-de-cerdo-de-primera-calidad\/\",\"url\":\"https:\/\/naturaltreats.eu\/es\/product\/orejas-de-cerdo-de-primera-calidad\/\",\"name\":\"Orejas de cerdo de primera calidad | Natural Treats\",\"isPartOf\":{\"@id\":\"https:\/\/naturaltreats.eu\/es\/#website\"},\"primaryImageOfPage\":{\"@id\":\"https:\/\/naturaltreats.eu\/es\/product\/orejas-de-cerdo-de-primera-calidad\/#primaryimage\"},\"image\":{\"@id\":\"https:\/\/naturaltreats.eu\/es\/product\/orejas-de-cerdo-de-primera-calidad\/#primaryimage\"},\"thumbnailUrl\":\"https:\/\/naturaltreats.eu\/wp-content\/uploads\/2024\/10\/Product-Bag-Mockup-1.jpg\",\"datePublished\":\"2024-10-27T20:29:25+00:00\",\"dateModified\":\"2025-01-23T09:00:10+00:00\",\"breadcrumb\":{\"@id\":\"https:\/\/naturaltreats.eu\/es\/product\/orejas-de-cerdo-de-primera-calidad\/#breadcrumb\"},\"inLanguage\":\"es\",\"potentialAction\":[{\"@type\":\"ReadAction\",\"target\":[\"https:\/\/naturaltreats.eu\/es\/product\/orejas-de-cerdo-de-primera-calidad\/\"]}]},{\"@type\":\"ImageObject\",\"inLanguage\":\"es\",\"@id\":\"https:\/\/naturaltreats.eu\/es\/product\/orejas-de-cerdo-de-primera-calidad\/#primaryimage\",\"url\":\"https:\/\/naturaltreats.eu\/wp-content\/uploads\/2024\/10\/Product-Bag-Mockup-1.jpg\",\"contentUrl\":\"https:\/\/naturaltreats.eu\/wp-content\/uploads\/2024\/10\/Product-Bag-Mockup-1.jpg\",\"width\":2000,\"height\":2000,\"caption\":\"Pig ears for dogs\"},{\"@type\":\"BreadcrumbList\",\"@id\":\"https:\/\/naturaltreats.eu\/es\/product\/orejas-de-cerdo-de-primera-calidad\/#breadcrumb\",\"itemListElement\":[{\"@type\":\"ListItem\",\"position\":1,\"name\":\"Portada\",\"item\":\"https:\/\/naturaltreats.eu\/es\/inicio\/\"},{\"@type\":\"ListItem\",\"position\":2,\"name\":\"Tienda\",\"item\":\"https:\/\/naturaltreats.eu\/es\/tienda\/\"},{\"@type\":\"ListItem\",\"position\":3,\"name\":\"Orejas de cerdo de primera calidad\"}]},{\"@type\":\"WebSite\",\"@id\":\"https:\/\/naturaltreats.eu\/es\/#website\",\"url\":\"https:\/\/naturaltreats.eu\/es\/\",\"name\":\"Natural Treats\",\"description\":\"Best Rated Natural Dog Treats In Europe\",\"publisher\":{\"@id\":\"https:\/\/naturaltreats.eu\/es\/#organization\"},\"potentialAction\":[{\"@type\":\"SearchAction\",\"target\":{\"@type\":\"EntryPoint\",\"urlTemplate\":\"https:\/\/naturaltreats.eu\/es\/?s={search_term_string}\"},\"query-input\":{\"@type\":\"PropertyValueSpecification\",\"valueRequired\":true,\"valueName\":\"search_term_string\"}}],\"inLanguage\":\"es\"},{\"@type\":\"Organization\",\"@id\":\"https:\/\/naturaltreats.eu\/es\/#organization\",\"name\":\"Natural Treats\",\"url\":\"https:\/\/naturaltreats.eu\/es\/\",\"logo\":{\"@type\":\"ImageObject\",\"inLanguage\":\"es\",\"@id\":\"https:\/\/naturaltreats.eu\/es\/#\/schema\/logo\/image\/\",\"url\":\"https:\/\/naturaltreats.eu\/wp-content\/uploads\/2020\/08\/social.jpg\",\"contentUrl\":\"https:\/\/naturaltreats.eu\/wp-content\/uploads\/2020\/08\/social.jpg\",\"width\":1000,\"height\":1000,\"caption\":\"Natural Treats\"},\"image\":{\"@id\":\"https:\/\/naturaltreats.eu\/es\/#\/schema\/logo\/image\/\"},\"sameAs\":[\"https:\/\/facebook.com\/naturaltreatseu\",\"https:\/\/instagram.com\/naturaltreatseu\"]}]}<\/script>\n<meta property=\"product:price:amount\" content=\"12.50\" \/>\n<meta property=\"product:price:currency\" content=\"EUR\" \/>\n<meta property=\"og:availability\" content=\"instock\" \/>\n<meta property=\"product:availability\" content=\"instock\" \/>\n<meta property=\"product:condition\" content=\"new\" \/>\n<!-- \/ Yoast SEO Premium plugin. -->","yoast_head_json":{"title":"Orejas de cerdo de primera calidad | Natural Treats","robots":{"index":"index","follow":"follow","max-snippet":"max-snippet:-1","max-image-preview":"max-image-preview:large","max-video-preview":"max-video-preview:-1"},"canonical":"https:\/\/naturaltreats.eu\/es\/product\/orejas-de-cerdo-de-primera-calidad\/","og_locale":"es_ES","og_type":"article","og_title":"Orejas de cerdo de primera calidad","og_description":"Estas orejas de cerdo de primera calidad se deshidratan cuidadosamente para preservar sus sabores y nutrientes naturales, garantizando un snack","og_url":"https:\/\/naturaltreats.eu\/es\/product\/orejas-de-cerdo-de-primera-calidad\/","og_site_name":"Natural Treats","article_publisher":"https:\/\/facebook.com\/naturaltreatseu","article_modified_time":"2025-01-23T09:00:10+00:00","og_image":[{"width":2000,"height":2000,"url":"https:\/\/naturaltreats.eu\/wp-content\/uploads\/2024\/10\/Product-Bag-Mockup-1.jpg","type":"image\/jpeg"}],"twitter_card":"summary_large_image","twitter_misc":{"Precio":"12,50&euro;","Disponibilidad":"Disponible"},"schema":{"@context":"https:\/\/schema.org","@graph":[{"@type":"WebPage","@id":"https:\/\/naturaltreats.eu\/es\/product\/orejas-de-cerdo-de-primera-calidad\/","url":"https:\/\/naturaltreats.eu\/es\/product\/orejas-de-cerdo-de-primera-calidad\/","name":"Orejas de cerdo de primera calidad | Natural Treats","isPartOf":{"@id":"https:\/\/naturaltreats.eu\/es\/#website"},"primaryImageOfPage":{"@id":"https:\/\/naturaltreats.eu\/es\/product\/orejas-de-cerdo-de-primera-calidad\/#primaryimage"},"image":{"@id":"https:\/\/naturaltreats.eu\/es\/product\/orejas-de-cerdo-de-primera-calidad\/#primaryimage"},"thumbnailUrl":"https:\/\/naturaltreats.eu\/wp-content\/uploads\/2024\/10\/Product-Bag-Mockup-1.jpg","datePublished":"2024-10-27T20:29:25+00:00","dateModified":"2025-01-23T09:00:10+00:00","breadcrumb":{"@id":"https:\/\/naturaltreats.eu\/es\/product\/orejas-de-cerdo-de-primera-calidad\/#breadcrumb"},"inLanguage":"es","potentialAction":[{"@type":"ReadAction","target":["https:\/\/naturaltreats.eu\/es\/product\/orejas-de-cerdo-de-primera-calidad\/"]}]},{"@type":"ImageObject","inLanguage":"es","@id":"https:\/\/naturaltreats.eu\/es\/product\/orejas-de-cerdo-de-primera-calidad\/#primaryimage","url":"https:\/\/naturaltreats.eu\/wp-content\/uploads\/2024\/10\/Product-Bag-Mockup-1.jpg","contentUrl":"https:\/\/naturaltreats.eu\/wp-content\/uploads\/2024\/10\/Product-Bag-Mockup-1.jpg","width":2000,"height":2000,"caption":"Pig ears for dogs"},{"@type":"BreadcrumbList","@id":"https:\/\/naturaltreats.eu\/es\/product\/orejas-de-cerdo-de-primera-calidad\/#breadcrumb","itemListElement":[{"@type":"ListItem","position":1,"name":"Portada","item":"https:\/\/naturaltreats.eu\/es\/inicio\/"},{"@type":"ListItem","position":2,"name":"Tienda","item":"https:\/\/naturaltreats.eu\/es\/tienda\/"},{"@type":"ListItem","position":3,"name":"Orejas de cerdo de primera calidad"}]},{"@type":"WebSite","@id":"https:\/\/naturaltreats.eu\/es\/#website","url":"https:\/\/naturaltreats.eu\/es\/","name":"Natural Treats","description":"Best Rated Natural Dog Treats In Europe","publisher":{"@id":"https:\/\/naturaltreats.eu\/es\/#organization"},"potentialAction":[{"@type":"SearchAction","target":{"@type":"EntryPoint","urlTemplate":"https:\/\/naturaltreats.eu\/es\/?s={search_term_string}"},"query-input":{"@type":"PropertyValueSpecification","valueRequired":true,"valueName":"search_term_string"}}],"inLanguage":"es"},{"@type":"Organization","@id":"https:\/\/naturaltreats.eu\/es\/#organization","name":"Natural Treats","url":"https:\/\/naturaltreats.eu\/es\/","logo":{"@type":"ImageObject","inLanguage":"es","@id":"https:\/\/naturaltreats.eu\/es\/#\/schema\/logo\/image\/","url":"https:\/\/naturaltreats.eu\/wp-content\/uploads\/2020\/08\/social.jpg","contentUrl":"https:\/\/naturaltreats.eu\/wp-content\/uploads\/2020\/08\/social.jpg","width":1000,"height":1000,"caption":"Natural Treats"},"image":{"@id":"https:\/\/naturaltreats.eu\/es\/#\/schema\/logo\/image\/"},"sameAs":["https:\/\/facebook.com\/naturaltreatseu","https:\/\/instagram.com\/naturaltreatseu"]}]},"product_price_amount":"12.50","product_price_currency":"EUR","og_availability":"instock","product_availability":"instock","product_condition":"new"},"_links":{"self":[{"href":"https:\/\/naturaltreats.eu\/es\/wp-json\/wp\/v2\/product\/68316","targetHints":{"allow":["GET"]}}],"collection":[{"href":"https:\/\/naturaltreats.eu\/es\/wp-json\/wp\/v2\/product"}],"about":[{"href":"https:\/\/naturaltreats.eu\/es\/wp-json\/wp\/v2\/types\/product"}],"wp:featuredmedia":[{"embeddable":true,"href":"https:\/\/naturaltreats.eu\/es\/wp-json\/wp\/v2\/media\/68307"}],"wp:attachment":[{"href":"https:\/\/naturaltreats.eu\/es\/wp-json\/wp\/v2\/media?parent=68316"}],"wp:term":[{"taxonomy":"dog-type","embeddable":true,"href":"https:\/\/naturaltreats.eu\/es\/wp-json\/wp\/v2\/dog-type?post=68316"},{"taxonomy":"ingredients","embeddable":true,"href":"https:\/\/naturaltreats.eu\/es\/wp-json\/wp\/v2\/ingredients?post=68316"},{"taxonomy":"product_brand","embeddable":true,"href":"https:\/\/naturaltreats.eu\/es\/wp-json\/wp\/v2\/product_brand?post=68316"},{"taxonomy":"product_cat","embeddable":true,"href":"https:\/\/naturaltreats.eu\/es\/wp-json\/wp\/v2\/product_cat?post=68316"},{"taxonomy":"product_tag","embeddable":true,"href":"https:\/\/naturaltreats.eu\/es\/wp-json\/wp\/v2\/product_tag?post=68316"}],"curies":[{"name":"wp","href":"https:\/\/api.w.org\/{rel}","templated":true}]}}