{"id":70635,"date":"2024-11-25T13:29:32","date_gmt":"2024-11-25T12:40:05","guid":{"rendered":"https:\/\/naturaltreats.eu\/product\/cola-de-vaca-bites\/"},"modified":"2025-02-05T15:22:29","modified_gmt":"2025-02-05T14:22:29","slug":"cola-de-vaca-bites","status":"publish","type":"product","link":"https:\/\/naturaltreats.eu\/es\/product\/cola-de-vaca-bites\/","title":{"rendered":"Cola de vaca Bites"},"content":{"rendered":"<p>Introduzca a su perro a la bondad saludable de nuestras colas de ternera natural, elaborado en trozos del tama\u00f1o de un bocado perfecto para cualquier ocasi\u00f3n. Estas resistentes golosinas naturales son una excelente opci\u00f3n para el adiestramiento, la recompensa o simplemente como tentempi\u00e9 r\u00e1pido para mantener a su perro contento y satisfecho. Los snacks naturales para perros son ideales para el adiestramiento de perros medianos y grandes.  <\/p>\n<h3>Beneficios<\/h3>\n<p><strong>Rico en nutrientes:<\/strong> Nuestros bocaditos de Cola de vaca Bites est\u00e1n repletos de nutrientes esenciales que contribuyen a la salud y bienestar general de tu perro. <strong>Salud dental:<\/strong> La textura dura ayuda a limpiar los dientes y enc\u00edas de su perro, reduciendo la acumulaci\u00f3n de placa y promoviendo una mejor higiene bucal. <strong>Ingredientes naturales:<\/strong> Elaborado con 100% de vaca, sin aditivos ni conservantes, lo que garantiza que su perro reciba s\u00f3lo lo mejor. <strong>Apoyo digestivo:<\/strong> Con un alto contenido en prote\u00ednas y un bajo contenido en grasas, estos snacks masticables para perros favorecen una digesti\u00f3n sana y pueden ser un gran complemento para una dieta equilibrada. <strong>Estimulaci\u00f3n mental:<\/strong> Masticar estos resistentes snacks masticables naturales para perros ayuda a aliviar el aburrimiento y proporciona compromiso mental, manteniendo a su perro feliz y contento.<\/p>\n","protected":false},"excerpt":{"rendered":"<p>Introduzca a su perro a la bondad saludable de nuestras colas de ternera natural, elaborado en trozos del tama\u00f1o de<\/p>\n","protected":false},"featured_media":70623,"template":"","meta":{"_acf_changed":false},"dog-type":[],"ingredients":[],"product_brand":[],"product_cat":[542],"product_tag":[],"class_list":{"0":"post-70635","1":"product","2":"type-product","3":"status-publish","4":"has-post-thumbnail","6":"product_cat-snacks-naturales-para-perros","7":"pa_dog-type-perros-grandes","8":"pa_dog-type-perros-medianos","9":"pa_ingredient-vaca","10":"pa_toughness-duro-es","11":"tm-has-options","13":"first","14":"instock","15":"taxable","16":"shipping-taxable","17":"purchasable","18":"product-type-simple"},"bundled_by":[],"bundle_stock_status":"instock","bundle_stock_quantity":14,"bundle_virtual":false,"bundle_layout":"","bundle_add_to_cart_form_location":"","bundle_editable_in_cart":false,"bundle_sold_individually_context":"","bundle_item_grouping":"","bundle_min_size":"","bundle_max_size":"","bundle_price":[],"bundled_items":[],"bundle_sell_ids":[],"acf":[],"yoast_head":"<!-- This site is optimized with the Yoast SEO Premium plugin v23.5 (Yoast SEO v25.0) - https:\/\/yoast.com\/wordpress\/plugins\/seo\/ -->\n<title>Cola de vaca Bites | Natural Treats<\/title>\n<meta name=\"description\" content=\"Introduzca a su perro a la bondad saludable de nuestras colas de ternera naturales, elaboradas en trozos del tama\u00f1o de un bocado perfectos para cualquier ocasi\u00f3n.\" \/>\n<meta name=\"robots\" content=\"index, follow, max-snippet:-1, max-image-preview:large, max-video-preview:-1\" \/>\n<link rel=\"canonical\" href=\"https:\/\/naturaltreats.eu\/es\/product\/cola-de-vaca-bites\/\" \/>\n<meta property=\"og:locale\" content=\"es_ES\" \/>\n<meta property=\"og:type\" content=\"article\" \/>\n<meta property=\"og:title\" content=\"Cola de vaca Bites\" \/>\n<meta property=\"og:description\" content=\"Introduzca a su perro a la bondad saludable de nuestras colas de ternera naturales, elaboradas en trozos del tama\u00f1o de un bocado perfectos para cualquier ocasi\u00f3n.\" \/>\n<meta property=\"og:url\" content=\"https:\/\/naturaltreats.eu\/es\/product\/cola-de-vaca-bites\/\" \/>\n<meta property=\"og:site_name\" content=\"Natural Treats\" \/>\n<meta property=\"article:publisher\" content=\"https:\/\/facebook.com\/naturaltreatseu\" \/>\n<meta property=\"article:modified_time\" content=\"2025-02-05T14:22:29+00:00\" \/>\n<meta property=\"og:image\" content=\"https:\/\/naturaltreats.eu\/wp-content\/uploads\/2024\/11\/Beef-Tail-Bites.jpg\" \/>\n\t<meta property=\"og:image:width\" content=\"2000\" \/>\n\t<meta property=\"og:image:height\" content=\"2000\" \/>\n\t<meta property=\"og:image:type\" content=\"image\/jpeg\" \/>\n<meta name=\"twitter:card\" content=\"summary_large_image\" \/>\n<meta name=\"twitter:label1\" content=\"Precio\" \/>\n\t<meta name=\"twitter:data1\" content=\"8,95&euro;\" \/>\n\t<meta name=\"twitter:label2\" content=\"Disponibilidad\" \/>\n\t<meta name=\"twitter:data2\" content=\"Disponible\" \/>\n<script type=\"application\/ld+json\" class=\"yoast-schema-graph\">{\"@context\":\"https:\/\/schema.org\",\"@graph\":[{\"@type\":\"WebPage\",\"@id\":\"https:\/\/naturaltreats.eu\/es\/product\/cola-de-vaca-bites\/\",\"url\":\"https:\/\/naturaltreats.eu\/es\/product\/cola-de-vaca-bites\/\",\"name\":\"Cola de vaca Bites | Natural Treats\",\"isPartOf\":{\"@id\":\"https:\/\/naturaltreats.eu\/es\/#website\"},\"primaryImageOfPage\":{\"@id\":\"https:\/\/naturaltreats.eu\/es\/product\/cola-de-vaca-bites\/#primaryimage\"},\"image\":{\"@id\":\"https:\/\/naturaltreats.eu\/es\/product\/cola-de-vaca-bites\/#primaryimage\"},\"thumbnailUrl\":\"https:\/\/naturaltreats.eu\/wp-content\/uploads\/2024\/11\/Beef-Tail-Bites.jpg\",\"datePublished\":\"2024-11-25T12:40:05+00:00\",\"dateModified\":\"2025-02-05T14:22:29+00:00\",\"description\":\"Introduzca a su perro a la bondad saludable de nuestras colas de ternera naturales, elaboradas en trozos del tama\u00f1o de un bocado perfectos para cualquier ocasi\u00f3n.\",\"breadcrumb\":{\"@id\":\"https:\/\/naturaltreats.eu\/es\/product\/cola-de-vaca-bites\/#breadcrumb\"},\"inLanguage\":\"es\",\"potentialAction\":[{\"@type\":\"ReadAction\",\"target\":[\"https:\/\/naturaltreats.eu\/es\/product\/cola-de-vaca-bites\/\"]}]},{\"@type\":\"ImageObject\",\"inLanguage\":\"es\",\"@id\":\"https:\/\/naturaltreats.eu\/es\/product\/cola-de-vaca-bites\/#primaryimage\",\"url\":\"https:\/\/naturaltreats.eu\/wp-content\/uploads\/2024\/11\/Beef-Tail-Bites.jpg\",\"contentUrl\":\"https:\/\/naturaltreats.eu\/wp-content\/uploads\/2024\/11\/Beef-Tail-Bites.jpg\",\"width\":2000,\"height\":2000,\"caption\":\"Beef tail training treats for dogs\"},{\"@type\":\"BreadcrumbList\",\"@id\":\"https:\/\/naturaltreats.eu\/es\/product\/cola-de-vaca-bites\/#breadcrumb\",\"itemListElement\":[{\"@type\":\"ListItem\",\"position\":1,\"name\":\"Portada\",\"item\":\"https:\/\/naturaltreats.eu\/es\/inicio\/\"},{\"@type\":\"ListItem\",\"position\":2,\"name\":\"Tienda\",\"item\":\"https:\/\/naturaltreats.eu\/es\/tienda\/\"},{\"@type\":\"ListItem\",\"position\":3,\"name\":\"Cola de vaca Bites\"}]},{\"@type\":\"WebSite\",\"@id\":\"https:\/\/naturaltreats.eu\/es\/#website\",\"url\":\"https:\/\/naturaltreats.eu\/es\/\",\"name\":\"Natural Treats\",\"description\":\"Best Rated Natural Dog Treats In Europe\",\"publisher\":{\"@id\":\"https:\/\/naturaltreats.eu\/es\/#organization\"},\"potentialAction\":[{\"@type\":\"SearchAction\",\"target\":{\"@type\":\"EntryPoint\",\"urlTemplate\":\"https:\/\/naturaltreats.eu\/es\/?s={search_term_string}\"},\"query-input\":{\"@type\":\"PropertyValueSpecification\",\"valueRequired\":true,\"valueName\":\"search_term_string\"}}],\"inLanguage\":\"es\"},{\"@type\":\"Organization\",\"@id\":\"https:\/\/naturaltreats.eu\/es\/#organization\",\"name\":\"Natural Treats\",\"url\":\"https:\/\/naturaltreats.eu\/es\/\",\"logo\":{\"@type\":\"ImageObject\",\"inLanguage\":\"es\",\"@id\":\"https:\/\/naturaltreats.eu\/es\/#\/schema\/logo\/image\/\",\"url\":\"https:\/\/naturaltreats.eu\/wp-content\/uploads\/2020\/08\/social.jpg\",\"contentUrl\":\"https:\/\/naturaltreats.eu\/wp-content\/uploads\/2020\/08\/social.jpg\",\"width\":1000,\"height\":1000,\"caption\":\"Natural Treats\"},\"image\":{\"@id\":\"https:\/\/naturaltreats.eu\/es\/#\/schema\/logo\/image\/\"},\"sameAs\":[\"https:\/\/facebook.com\/naturaltreatseu\",\"https:\/\/instagram.com\/naturaltreatseu\"]}]}<\/script>\n<meta property=\"product:price:amount\" content=\"8.95\" \/>\n<meta property=\"product:price:currency\" content=\"EUR\" \/>\n<meta property=\"og:availability\" content=\"instock\" \/>\n<meta property=\"product:availability\" content=\"instock\" \/>\n<meta property=\"product:condition\" content=\"new\" \/>\n<!-- \/ Yoast SEO Premium plugin. -->","yoast_head_json":{"title":"Cola de vaca Bites | Natural Treats","description":"Introduzca a su perro a la bondad saludable de nuestras colas de ternera naturales, elaboradas en trozos del tama\u00f1o de un bocado perfectos para cualquier ocasi\u00f3n.","robots":{"index":"index","follow":"follow","max-snippet":"max-snippet:-1","max-image-preview":"max-image-preview:large","max-video-preview":"max-video-preview:-1"},"canonical":"https:\/\/naturaltreats.eu\/es\/product\/cola-de-vaca-bites\/","og_locale":"es_ES","og_type":"article","og_title":"Cola de vaca Bites","og_description":"Introduzca a su perro a la bondad saludable de nuestras colas de ternera naturales, elaboradas en trozos del tama\u00f1o de un bocado perfectos para cualquier ocasi\u00f3n.","og_url":"https:\/\/naturaltreats.eu\/es\/product\/cola-de-vaca-bites\/","og_site_name":"Natural Treats","article_publisher":"https:\/\/facebook.com\/naturaltreatseu","article_modified_time":"2025-02-05T14:22:29+00:00","og_image":[{"width":2000,"height":2000,"url":"https:\/\/naturaltreats.eu\/wp-content\/uploads\/2024\/11\/Beef-Tail-Bites.jpg","type":"image\/jpeg"}],"twitter_card":"summary_large_image","twitter_misc":{"Precio":"8,95&euro;","Disponibilidad":"Disponible"},"schema":{"@context":"https:\/\/schema.org","@graph":[{"@type":"WebPage","@id":"https:\/\/naturaltreats.eu\/es\/product\/cola-de-vaca-bites\/","url":"https:\/\/naturaltreats.eu\/es\/product\/cola-de-vaca-bites\/","name":"Cola de vaca Bites | Natural Treats","isPartOf":{"@id":"https:\/\/naturaltreats.eu\/es\/#website"},"primaryImageOfPage":{"@id":"https:\/\/naturaltreats.eu\/es\/product\/cola-de-vaca-bites\/#primaryimage"},"image":{"@id":"https:\/\/naturaltreats.eu\/es\/product\/cola-de-vaca-bites\/#primaryimage"},"thumbnailUrl":"https:\/\/naturaltreats.eu\/wp-content\/uploads\/2024\/11\/Beef-Tail-Bites.jpg","datePublished":"2024-11-25T12:40:05+00:00","dateModified":"2025-02-05T14:22:29+00:00","description":"Introduzca a su perro a la bondad saludable de nuestras colas de ternera naturales, elaboradas en trozos del tama\u00f1o de un bocado perfectos para cualquier ocasi\u00f3n.","breadcrumb":{"@id":"https:\/\/naturaltreats.eu\/es\/product\/cola-de-vaca-bites\/#breadcrumb"},"inLanguage":"es","potentialAction":[{"@type":"ReadAction","target":["https:\/\/naturaltreats.eu\/es\/product\/cola-de-vaca-bites\/"]}]},{"@type":"ImageObject","inLanguage":"es","@id":"https:\/\/naturaltreats.eu\/es\/product\/cola-de-vaca-bites\/#primaryimage","url":"https:\/\/naturaltreats.eu\/wp-content\/uploads\/2024\/11\/Beef-Tail-Bites.jpg","contentUrl":"https:\/\/naturaltreats.eu\/wp-content\/uploads\/2024\/11\/Beef-Tail-Bites.jpg","width":2000,"height":2000,"caption":"Beef tail training treats for dogs"},{"@type":"BreadcrumbList","@id":"https:\/\/naturaltreats.eu\/es\/product\/cola-de-vaca-bites\/#breadcrumb","itemListElement":[{"@type":"ListItem","position":1,"name":"Portada","item":"https:\/\/naturaltreats.eu\/es\/inicio\/"},{"@type":"ListItem","position":2,"name":"Tienda","item":"https:\/\/naturaltreats.eu\/es\/tienda\/"},{"@type":"ListItem","position":3,"name":"Cola de vaca Bites"}]},{"@type":"WebSite","@id":"https:\/\/naturaltreats.eu\/es\/#website","url":"https:\/\/naturaltreats.eu\/es\/","name":"Natural Treats","description":"Best Rated Natural Dog Treats In Europe","publisher":{"@id":"https:\/\/naturaltreats.eu\/es\/#organization"},"potentialAction":[{"@type":"SearchAction","target":{"@type":"EntryPoint","urlTemplate":"https:\/\/naturaltreats.eu\/es\/?s={search_term_string}"},"query-input":{"@type":"PropertyValueSpecification","valueRequired":true,"valueName":"search_term_string"}}],"inLanguage":"es"},{"@type":"Organization","@id":"https:\/\/naturaltreats.eu\/es\/#organization","name":"Natural Treats","url":"https:\/\/naturaltreats.eu\/es\/","logo":{"@type":"ImageObject","inLanguage":"es","@id":"https:\/\/naturaltreats.eu\/es\/#\/schema\/logo\/image\/","url":"https:\/\/naturaltreats.eu\/wp-content\/uploads\/2020\/08\/social.jpg","contentUrl":"https:\/\/naturaltreats.eu\/wp-content\/uploads\/2020\/08\/social.jpg","width":1000,"height":1000,"caption":"Natural Treats"},"image":{"@id":"https:\/\/naturaltreats.eu\/es\/#\/schema\/logo\/image\/"},"sameAs":["https:\/\/facebook.com\/naturaltreatseu","https:\/\/instagram.com\/naturaltreatseu"]}]},"product_price_amount":"8.95","product_price_currency":"EUR","og_availability":"instock","product_availability":"instock","product_condition":"new"},"_links":{"self":[{"href":"https:\/\/naturaltreats.eu\/es\/wp-json\/wp\/v2\/product\/70635","targetHints":{"allow":["GET"]}}],"collection":[{"href":"https:\/\/naturaltreats.eu\/es\/wp-json\/wp\/v2\/product"}],"about":[{"href":"https:\/\/naturaltreats.eu\/es\/wp-json\/wp\/v2\/types\/product"}],"wp:featuredmedia":[{"embeddable":true,"href":"https:\/\/naturaltreats.eu\/es\/wp-json\/wp\/v2\/media\/70623"}],"wp:attachment":[{"href":"https:\/\/naturaltreats.eu\/es\/wp-json\/wp\/v2\/media?parent=70635"}],"wp:term":[{"taxonomy":"dog-type","embeddable":true,"href":"https:\/\/naturaltreats.eu\/es\/wp-json\/wp\/v2\/dog-type?post=70635"},{"taxonomy":"ingredients","embeddable":true,"href":"https:\/\/naturaltreats.eu\/es\/wp-json\/wp\/v2\/ingredients?post=70635"},{"taxonomy":"product_brand","embeddable":true,"href":"https:\/\/naturaltreats.eu\/es\/wp-json\/wp\/v2\/product_brand?post=70635"},{"taxonomy":"product_cat","embeddable":true,"href":"https:\/\/naturaltreats.eu\/es\/wp-json\/wp\/v2\/product_cat?post=70635"},{"taxonomy":"product_tag","embeddable":true,"href":"https:\/\/naturaltreats.eu\/es\/wp-json\/wp\/v2\/product_tag?post=70635"}],"curies":[{"name":"wp","href":"https:\/\/api.w.org\/{rel}","templated":true}]}}