{"id":7138,"date":"2021-01-31T11:38:13","date_gmt":"2021-01-31T10:38:13","guid":{"rendered":"https:\/\/naturaltreats.eu\/product\/carne-de-vacuno-paddywack\/"},"modified":"2023-04-18T11:31:57","modified_gmt":"2023-04-18T09:31:57","slug":"paddywack-de-vaca","status":"publish","type":"product","link":"https:\/\/naturaltreats.eu\/es\/product\/paddywack-de-vaca\/","title":{"rendered":"Paddywack de vaca"},"content":{"rendered":"<p class=\"p1\">Nuestras golosinas para perros de carne de paddywack (tambi\u00e9n conocido como ligamento nucal) son totalmente naturales. Se fabrican \u00fanicamente con el tend\u00f3n del cuello de las vacas. Estos snacks de textura firme mantendr\u00e1n a tu perro entretenido y feliz durante mucho tiempo. Con un alto contenido en prote\u00ednas y un bajo contenido en grasas y una gran higiene dental de forma natural.<\/p>\n<p class=\"p1\">Al ser un producto de carne de vacuno, tambi\u00e9n se considera un producto poco alerg\u00e9nico. Para que no se altere ninguna barriga.<\/p>\n","protected":false},"excerpt":{"rendered":"<p><i class=\"fas fa-circle\"><\/i><i class=\"fas fa-circle\"><\/i><i class=\"fas fa-circle\"><\/i> | 50g<\/p>\n","protected":false},"featured_media":47063,"template":"","meta":{"_acf_changed":false},"dog-type":[],"ingredients":[],"product_brand":[],"product_cat":[118],"product_tag":[],"class_list":{"0":"post-7138","1":"product","2":"type-product","3":"status-publish","4":"has-post-thumbnail","6":"product_cat-snacks-2","7":"tm-has-options","9":"first","10":"instock","11":"taxable","12":"shipping-taxable","13":"purchasable","14":"product-type-simple"},"bundled_by":[],"bundle_stock_status":"instock","bundle_stock_quantity":null,"bundle_virtual":false,"bundle_layout":"","bundle_add_to_cart_form_location":"","bundle_editable_in_cart":false,"bundle_sold_individually_context":"","bundle_item_grouping":"","bundle_min_size":"","bundle_max_size":"","bundle_price":[],"bundled_items":[],"bundle_sell_ids":[],"acf":[],"yoast_head":"<!-- This site is optimized with the Yoast SEO Premium plugin v23.5 (Yoast SEO v25.0) - https:\/\/yoast.com\/wordpress\/plugins\/seo\/ -->\n<title>Paddywack de vaca | Natural Treats<\/title>\n<meta name=\"description\" content=\"Nuestras golosinas para perros de carne de paddywack (tambi\u00e9n conocido como ligamento nucal) son totalmente naturales. Se fabrican \u00fanicamente con el tend\u00f3n del cuello de las vacas. Estos snacks de textura firme mantendr\u00e1n a tu perro entretenido y feliz durante mucho tiempo. Con un alto contenido en prote\u00ednas y un bajo contenido en grasas y una gran higiene dental de forma natural.\" \/>\n<meta name=\"robots\" content=\"index, follow, max-snippet:-1, max-image-preview:large, max-video-preview:-1\" \/>\n<link rel=\"canonical\" href=\"https:\/\/naturaltreats.eu\/es\/product\/paddywack-de-vaca\/\" \/>\n<meta property=\"og:locale\" content=\"es_ES\" \/>\n<meta property=\"og:type\" content=\"article\" \/>\n<meta property=\"og:title\" content=\"Paddywack de vaca\" \/>\n<meta property=\"og:description\" content=\"Nuestras golosinas para perros de carne de paddywack (tambi\u00e9n conocido como ligamento nucal) son totalmente naturales. Se fabrican \u00fanicamente con el tend\u00f3n del cuello de las vacas. Estos snacks de textura firme mantendr\u00e1n a tu perro entretenido y feliz durante mucho tiempo. Con un alto contenido en prote\u00ednas y un bajo contenido en grasas y una gran higiene dental de forma natural.\" \/>\n<meta property=\"og:url\" content=\"https:\/\/naturaltreats.eu\/es\/product\/paddywack-de-vaca\/\" \/>\n<meta property=\"og:site_name\" content=\"Natural Treats\" \/>\n<meta property=\"article:publisher\" content=\"https:\/\/facebook.com\/naturaltreatseu\" \/>\n<meta property=\"article:modified_time\" content=\"2023-04-18T09:31:57+00:00\" \/>\n<meta property=\"og:image\" content=\"https:\/\/naturaltreats.eu\/wp-content\/uploads\/2020\/10\/paddy.jpg\" \/>\n\t<meta property=\"og:image:width\" content=\"1280\" \/>\n\t<meta property=\"og:image:height\" content=\"1280\" \/>\n\t<meta property=\"og:image:type\" content=\"image\/jpeg\" \/>\n<meta name=\"twitter:card\" content=\"summary_large_image\" \/>\n<meta name=\"twitter:label1\" content=\"Precio\" \/>\n\t<meta name=\"twitter:data1\" content=\"1,90&euro;\" \/>\n\t<meta name=\"twitter:label2\" content=\"Disponibilidad\" \/>\n\t<meta name=\"twitter:data2\" content=\"Disponible\" \/>\n<script type=\"application\/ld+json\" class=\"yoast-schema-graph\">{\"@context\":\"https:\/\/schema.org\",\"@graph\":[{\"@type\":\"WebPage\",\"@id\":\"https:\/\/naturaltreats.eu\/es\/product\/paddywack-de-vaca\/\",\"url\":\"https:\/\/naturaltreats.eu\/es\/product\/paddywack-de-vaca\/\",\"name\":\"Paddywack de vaca | Natural Treats\",\"isPartOf\":{\"@id\":\"https:\/\/naturaltreats.eu\/es\/#website\"},\"primaryImageOfPage\":{\"@id\":\"https:\/\/naturaltreats.eu\/es\/product\/paddywack-de-vaca\/#primaryimage\"},\"image\":{\"@id\":\"https:\/\/naturaltreats.eu\/es\/product\/paddywack-de-vaca\/#primaryimage\"},\"thumbnailUrl\":\"https:\/\/naturaltreats.eu\/wp-content\/uploads\/2020\/10\/paddy.jpg\",\"datePublished\":\"2021-01-31T10:38:13+00:00\",\"dateModified\":\"2023-04-18T09:31:57+00:00\",\"description\":\"Nuestras golosinas para perros de carne de paddywack (tambi\u00e9n conocido como ligamento nucal) son totalmente naturales. Se fabrican \u00fanicamente con el tend\u00f3n del cuello de las vacas. Estos snacks de textura firme mantendr\u00e1n a tu perro entretenido y feliz durante mucho tiempo. Con un alto contenido en prote\u00ednas y un bajo contenido en grasas y una gran higiene dental de forma natural.\",\"breadcrumb\":{\"@id\":\"https:\/\/naturaltreats.eu\/es\/product\/paddywack-de-vaca\/#breadcrumb\"},\"inLanguage\":\"es\",\"potentialAction\":[{\"@type\":\"ReadAction\",\"target\":[\"https:\/\/naturaltreats.eu\/es\/product\/paddywack-de-vaca\/\"]}]},{\"@type\":\"ImageObject\",\"inLanguage\":\"es\",\"@id\":\"https:\/\/naturaltreats.eu\/es\/product\/paddywack-de-vaca\/#primaryimage\",\"url\":\"https:\/\/naturaltreats.eu\/wp-content\/uploads\/2020\/10\/paddy.jpg\",\"contentUrl\":\"https:\/\/naturaltreats.eu\/wp-content\/uploads\/2020\/10\/paddy.jpg\",\"width\":1280,\"height\":1280,\"caption\":\"paddywack for dogs\"},{\"@type\":\"BreadcrumbList\",\"@id\":\"https:\/\/naturaltreats.eu\/es\/product\/paddywack-de-vaca\/#breadcrumb\",\"itemListElement\":[{\"@type\":\"ListItem\",\"position\":1,\"name\":\"Portada\",\"item\":\"https:\/\/naturaltreats.eu\/es\/inicio\/\"},{\"@type\":\"ListItem\",\"position\":2,\"name\":\"Tienda\",\"item\":\"https:\/\/naturaltreats.eu\/es\/tienda\/\"},{\"@type\":\"ListItem\",\"position\":3,\"name\":\"Paddywack de vaca\"}]},{\"@type\":\"WebSite\",\"@id\":\"https:\/\/naturaltreats.eu\/es\/#website\",\"url\":\"https:\/\/naturaltreats.eu\/es\/\",\"name\":\"Natural Treats\",\"description\":\"Best Rated Natural Dog Treats In Europe\",\"publisher\":{\"@id\":\"https:\/\/naturaltreats.eu\/es\/#organization\"},\"potentialAction\":[{\"@type\":\"SearchAction\",\"target\":{\"@type\":\"EntryPoint\",\"urlTemplate\":\"https:\/\/naturaltreats.eu\/es\/?s={search_term_string}\"},\"query-input\":{\"@type\":\"PropertyValueSpecification\",\"valueRequired\":true,\"valueName\":\"search_term_string\"}}],\"inLanguage\":\"es\"},{\"@type\":\"Organization\",\"@id\":\"https:\/\/naturaltreats.eu\/es\/#organization\",\"name\":\"Natural Treats\",\"url\":\"https:\/\/naturaltreats.eu\/es\/\",\"logo\":{\"@type\":\"ImageObject\",\"inLanguage\":\"es\",\"@id\":\"https:\/\/naturaltreats.eu\/es\/#\/schema\/logo\/image\/\",\"url\":\"https:\/\/naturaltreats.eu\/wp-content\/uploads\/2020\/08\/social.jpg\",\"contentUrl\":\"https:\/\/naturaltreats.eu\/wp-content\/uploads\/2020\/08\/social.jpg\",\"width\":1000,\"height\":1000,\"caption\":\"Natural Treats\"},\"image\":{\"@id\":\"https:\/\/naturaltreats.eu\/es\/#\/schema\/logo\/image\/\"},\"sameAs\":[\"https:\/\/facebook.com\/naturaltreatseu\",\"https:\/\/instagram.com\/naturaltreatseu\"]}]}<\/script>\n<meta property=\"product:price:amount\" content=\"1.90\" \/>\n<meta property=\"product:price:currency\" content=\"EUR\" \/>\n<meta property=\"og:availability\" content=\"instock\" \/>\n<meta property=\"product:availability\" content=\"instock\" \/>\n<meta property=\"product:retailer_item_id\" content=\"0.05\" \/>\n<meta property=\"product:condition\" content=\"new\" \/>\n<!-- \/ Yoast SEO Premium plugin. -->","yoast_head_json":{"title":"Paddywack de vaca | Natural Treats","description":"Nuestras golosinas para perros de carne de paddywack (tambi\u00e9n conocido como ligamento nucal) son totalmente naturales. Se fabrican \u00fanicamente con el tend\u00f3n del cuello de las vacas. Estos snacks de textura firme mantendr\u00e1n a tu perro entretenido y feliz durante mucho tiempo. Con un alto contenido en prote\u00ednas y un bajo contenido en grasas y una gran higiene dental de forma natural.","robots":{"index":"index","follow":"follow","max-snippet":"max-snippet:-1","max-image-preview":"max-image-preview:large","max-video-preview":"max-video-preview:-1"},"canonical":"https:\/\/naturaltreats.eu\/es\/product\/paddywack-de-vaca\/","og_locale":"es_ES","og_type":"article","og_title":"Paddywack de vaca","og_description":"Nuestras golosinas para perros de carne de paddywack (tambi\u00e9n conocido como ligamento nucal) son totalmente naturales. Se fabrican \u00fanicamente con el tend\u00f3n del cuello de las vacas. Estos snacks de textura firme mantendr\u00e1n a tu perro entretenido y feliz durante mucho tiempo. Con un alto contenido en prote\u00ednas y un bajo contenido en grasas y una gran higiene dental de forma natural.","og_url":"https:\/\/naturaltreats.eu\/es\/product\/paddywack-de-vaca\/","og_site_name":"Natural Treats","article_publisher":"https:\/\/facebook.com\/naturaltreatseu","article_modified_time":"2023-04-18T09:31:57+00:00","og_image":[{"width":1280,"height":1280,"url":"https:\/\/naturaltreats.eu\/wp-content\/uploads\/2020\/10\/paddy.jpg","type":"image\/jpeg"}],"twitter_card":"summary_large_image","twitter_misc":{"Precio":"1,90&euro;","Disponibilidad":"Disponible"},"schema":{"@context":"https:\/\/schema.org","@graph":[{"@type":"WebPage","@id":"https:\/\/naturaltreats.eu\/es\/product\/paddywack-de-vaca\/","url":"https:\/\/naturaltreats.eu\/es\/product\/paddywack-de-vaca\/","name":"Paddywack de vaca | Natural Treats","isPartOf":{"@id":"https:\/\/naturaltreats.eu\/es\/#website"},"primaryImageOfPage":{"@id":"https:\/\/naturaltreats.eu\/es\/product\/paddywack-de-vaca\/#primaryimage"},"image":{"@id":"https:\/\/naturaltreats.eu\/es\/product\/paddywack-de-vaca\/#primaryimage"},"thumbnailUrl":"https:\/\/naturaltreats.eu\/wp-content\/uploads\/2020\/10\/paddy.jpg","datePublished":"2021-01-31T10:38:13+00:00","dateModified":"2023-04-18T09:31:57+00:00","description":"Nuestras golosinas para perros de carne de paddywack (tambi\u00e9n conocido como ligamento nucal) son totalmente naturales. Se fabrican \u00fanicamente con el tend\u00f3n del cuello de las vacas. Estos snacks de textura firme mantendr\u00e1n a tu perro entretenido y feliz durante mucho tiempo. Con un alto contenido en prote\u00ednas y un bajo contenido en grasas y una gran higiene dental de forma natural.","breadcrumb":{"@id":"https:\/\/naturaltreats.eu\/es\/product\/paddywack-de-vaca\/#breadcrumb"},"inLanguage":"es","potentialAction":[{"@type":"ReadAction","target":["https:\/\/naturaltreats.eu\/es\/product\/paddywack-de-vaca\/"]}]},{"@type":"ImageObject","inLanguage":"es","@id":"https:\/\/naturaltreats.eu\/es\/product\/paddywack-de-vaca\/#primaryimage","url":"https:\/\/naturaltreats.eu\/wp-content\/uploads\/2020\/10\/paddy.jpg","contentUrl":"https:\/\/naturaltreats.eu\/wp-content\/uploads\/2020\/10\/paddy.jpg","width":1280,"height":1280,"caption":"paddywack for dogs"},{"@type":"BreadcrumbList","@id":"https:\/\/naturaltreats.eu\/es\/product\/paddywack-de-vaca\/#breadcrumb","itemListElement":[{"@type":"ListItem","position":1,"name":"Portada","item":"https:\/\/naturaltreats.eu\/es\/inicio\/"},{"@type":"ListItem","position":2,"name":"Tienda","item":"https:\/\/naturaltreats.eu\/es\/tienda\/"},{"@type":"ListItem","position":3,"name":"Paddywack de vaca"}]},{"@type":"WebSite","@id":"https:\/\/naturaltreats.eu\/es\/#website","url":"https:\/\/naturaltreats.eu\/es\/","name":"Natural Treats","description":"Best Rated Natural Dog Treats In Europe","publisher":{"@id":"https:\/\/naturaltreats.eu\/es\/#organization"},"potentialAction":[{"@type":"SearchAction","target":{"@type":"EntryPoint","urlTemplate":"https:\/\/naturaltreats.eu\/es\/?s={search_term_string}"},"query-input":{"@type":"PropertyValueSpecification","valueRequired":true,"valueName":"search_term_string"}}],"inLanguage":"es"},{"@type":"Organization","@id":"https:\/\/naturaltreats.eu\/es\/#organization","name":"Natural Treats","url":"https:\/\/naturaltreats.eu\/es\/","logo":{"@type":"ImageObject","inLanguage":"es","@id":"https:\/\/naturaltreats.eu\/es\/#\/schema\/logo\/image\/","url":"https:\/\/naturaltreats.eu\/wp-content\/uploads\/2020\/08\/social.jpg","contentUrl":"https:\/\/naturaltreats.eu\/wp-content\/uploads\/2020\/08\/social.jpg","width":1000,"height":1000,"caption":"Natural Treats"},"image":{"@id":"https:\/\/naturaltreats.eu\/es\/#\/schema\/logo\/image\/"},"sameAs":["https:\/\/facebook.com\/naturaltreatseu","https:\/\/instagram.com\/naturaltreatseu"]}]},"product_price_amount":"1.90","product_price_currency":"EUR","og_availability":"instock","product_availability":"instock","product_retailer_item_id":"0.05","product_condition":"new"},"_links":{"self":[{"href":"https:\/\/naturaltreats.eu\/es\/wp-json\/wp\/v2\/product\/7138","targetHints":{"allow":["GET"]}}],"collection":[{"href":"https:\/\/naturaltreats.eu\/es\/wp-json\/wp\/v2\/product"}],"about":[{"href":"https:\/\/naturaltreats.eu\/es\/wp-json\/wp\/v2\/types\/product"}],"wp:featuredmedia":[{"embeddable":true,"href":"https:\/\/naturaltreats.eu\/es\/wp-json\/wp\/v2\/media\/47063"}],"wp:attachment":[{"href":"https:\/\/naturaltreats.eu\/es\/wp-json\/wp\/v2\/media?parent=7138"}],"wp:term":[{"taxonomy":"dog-type","embeddable":true,"href":"https:\/\/naturaltreats.eu\/es\/wp-json\/wp\/v2\/dog-type?post=7138"},{"taxonomy":"ingredients","embeddable":true,"href":"https:\/\/naturaltreats.eu\/es\/wp-json\/wp\/v2\/ingredients?post=7138"},{"taxonomy":"product_brand","embeddable":true,"href":"https:\/\/naturaltreats.eu\/es\/wp-json\/wp\/v2\/product_brand?post=7138"},{"taxonomy":"product_cat","embeddable":true,"href":"https:\/\/naturaltreats.eu\/es\/wp-json\/wp\/v2\/product_cat?post=7138"},{"taxonomy":"product_tag","embeddable":true,"href":"https:\/\/naturaltreats.eu\/es\/wp-json\/wp\/v2\/product_tag?post=7138"}],"curies":[{"name":"wp","href":"https:\/\/api.w.org\/{rel}","templated":true}]}}