{"id":71774,"date":"2024-12-08T21:20:53","date_gmt":"2024-12-08T20:41:31","guid":{"rendered":"https:\/\/naturaltreats.eu\/shop\/sin categor\u00eda\/esofago-de-vaca\/"},"modified":"2024-12-08T21:41:31","modified_gmt":"2024-12-08T20:41:31","slug":"esofago-de-vaca","status":"publish","type":"product","link":"https:\/\/naturaltreats.eu\/es\/product\/esofago-de-vaca\/","title":{"rendered":"Es\u00f3fago de vaca"},"content":{"rendered":"<p>Los es\u00f3fagos naturales de vaca para perros son una golosina deliciosa y sana que su compa\u00f1ero canino adorar\u00e1. Elaboradas con esmero y dedicaci\u00f3n, estas golosinas ofrecen una opci\u00f3n de snack natural y saludable que se ajusta a los deseos instintivos de su perro. Elaborados con Es\u00f3fago de vaca de alta calidad, nuestros es\u00f3fagos proporcionan una experiencia sabrosa y satisfactoria que har\u00e1 que su perro mueva la cola.  <\/p>\n<h3>Beneficios<\/h3>\n<p><strong>Favorece la salud dental:<\/strong> Masticar es\u00f3fago de vaca ayuda a mantener la higiene dental de su perro limpiando los dientes de forma natural y masajeando las enc\u00edas. Esto reduce la acumulaci\u00f3n de placa y ayuda a mantener sana la boca de su mascota. <strong>Rico en prote\u00ednas:<\/strong> Nuestros es\u00f3fago de vaca est\u00e1n repletos de prote\u00ednas, un nutriente esencial para mantener la fuerza muscular y la vitalidad general. Esto las convierte en una excelente opci\u00f3n para perros activos que necesitan una fuente de energ\u00eda nutritiva. <strong>F\u00e1cilmente digerible:<\/strong> A diferencia de muchos otros snacks para perros, los es\u00f3fago de vaca son suaves para el est\u00f3mago y f\u00e1ciles de digerir, por lo que son adecuados para perros con sistemas digestivos sensibles. <strong>Favorece la salud articular:<\/strong> Los es\u00f3fago de vaca contienen de forma natural glucosamina y condroitina, compuestos conocidos por favorecer la salud y la movilidad de las articulaciones, especialmente beneficiosos para perros de edad avanzada o con problemas articulares. <strong>Sin aditivos artificiales:<\/strong> Nuestros snacks naturales para perros no contienen colorantes, aromatizantes ni conservantes artificiales. Esto garantiza que su mascota reciba una golosina pura y sana, sin ingredientes no deseados.<\/p>\n","protected":false},"excerpt":{"rendered":"<p>Los es\u00f3fagos naturales de vaca para perros son una golosina deliciosa y sana que su compa\u00f1ero canino adorar\u00e1. Elaboradas con<\/p>\n","protected":false},"featured_media":71760,"template":"","meta":{"_acf_changed":false},"dog-type":[],"ingredients":[],"product_brand":[],"product_cat":[542],"product_tag":[],"class_list":{"0":"post-71774","1":"product","2":"type-product","3":"status-publish","4":"has-post-thumbnail","6":"product_cat-snacks-naturales-para-perros","7":"pa_dog-type-cachorros-es","8":"pa_dog-type-perros-grandes","9":"pa_dog-type-perros-medianos","10":"pa_dog-type-perros-pequenos","11":"pa_dog-type-perros-senior","12":"pa_ingredient-vaca","13":"pa_toughness-medio-es","14":"tm-has-options","16":"first","17":"instock","18":"taxable","19":"shipping-taxable","20":"purchasable","21":"product-type-simple"},"bundled_by":[],"bundle_stock_status":"instock","bundle_stock_quantity":null,"bundle_virtual":false,"bundle_layout":"","bundle_add_to_cart_form_location":"","bundle_editable_in_cart":false,"bundle_sold_individually_context":"","bundle_item_grouping":"","bundle_min_size":"","bundle_max_size":"","bundle_price":[],"bundled_items":[],"bundle_sell_ids":[],"acf":[],"yoast_head":"<!-- This site is optimized with the Yoast SEO Premium plugin v23.5 (Yoast SEO v25.0) - https:\/\/yoast.com\/wordpress\/plugins\/seo\/ -->\n<title>Es\u00f3fago de vaca | Natural Treats<\/title>\n<meta name=\"description\" content=\"Los es\u00f3fagos naturales de vaca para perros son una golosina deliciosa y sana que su compa\u00f1ero canino adorar\u00e1.\" \/>\n<meta name=\"robots\" content=\"index, follow, max-snippet:-1, max-image-preview:large, max-video-preview:-1\" \/>\n<link rel=\"canonical\" href=\"https:\/\/naturaltreats.eu\/es\/product\/esofago-de-vaca\/\" \/>\n<meta property=\"og:locale\" content=\"es_ES\" \/>\n<meta property=\"og:type\" content=\"article\" \/>\n<meta property=\"og:title\" content=\"Es\u00f3fago de vaca\" \/>\n<meta property=\"og:description\" content=\"Los es\u00f3fagos naturales de vaca para perros son una golosina deliciosa y sana que su compa\u00f1ero canino adorar\u00e1.\" \/>\n<meta property=\"og:url\" content=\"https:\/\/naturaltreats.eu\/es\/product\/esofago-de-vaca\/\" \/>\n<meta property=\"og:site_name\" content=\"Natural Treats\" \/>\n<meta property=\"article:publisher\" content=\"https:\/\/facebook.com\/naturaltreatseu\" \/>\n<meta property=\"og:image\" content=\"https:\/\/naturaltreats.eu\/wp-content\/uploads\/2024\/12\/cow-gulelts.jpg\" \/>\n\t<meta property=\"og:image:width\" content=\"2000\" \/>\n\t<meta property=\"og:image:height\" content=\"2000\" \/>\n\t<meta property=\"og:image:type\" content=\"image\/jpeg\" \/>\n<meta name=\"twitter:card\" content=\"summary_large_image\" \/>\n<meta name=\"twitter:label1\" content=\"Precio\" \/>\n\t<meta name=\"twitter:data1\" content=\"9,95&euro;\" \/>\n\t<meta name=\"twitter:label2\" content=\"Disponibilidad\" \/>\n\t<meta name=\"twitter:data2\" content=\"Disponible\" \/>\n<script type=\"application\/ld+json\" class=\"yoast-schema-graph\">{\"@context\":\"https:\/\/schema.org\",\"@graph\":[{\"@type\":\"WebPage\",\"@id\":\"https:\/\/naturaltreats.eu\/es\/product\/esofago-de-vaca\/\",\"url\":\"https:\/\/naturaltreats.eu\/es\/product\/esofago-de-vaca\/\",\"name\":\"Es\u00f3fago de vaca | Natural Treats\",\"isPartOf\":{\"@id\":\"https:\/\/naturaltreats.eu\/es\/#website\"},\"primaryImageOfPage\":{\"@id\":\"https:\/\/naturaltreats.eu\/es\/product\/esofago-de-vaca\/#primaryimage\"},\"image\":{\"@id\":\"https:\/\/naturaltreats.eu\/es\/product\/esofago-de-vaca\/#primaryimage\"},\"thumbnailUrl\":\"https:\/\/naturaltreats.eu\/wp-content\/uploads\/2024\/12\/cow-gulelts.jpg\",\"datePublished\":\"2024-12-08T20:41:31+00:00\",\"description\":\"Los es\u00f3fagos naturales de vaca para perros son una golosina deliciosa y sana que su compa\u00f1ero canino adorar\u00e1.\",\"breadcrumb\":{\"@id\":\"https:\/\/naturaltreats.eu\/es\/product\/esofago-de-vaca\/#breadcrumb\"},\"inLanguage\":\"es\",\"potentialAction\":[{\"@type\":\"ReadAction\",\"target\":[\"https:\/\/naturaltreats.eu\/es\/product\/esofago-de-vaca\/\"]}]},{\"@type\":\"ImageObject\",\"inLanguage\":\"es\",\"@id\":\"https:\/\/naturaltreats.eu\/es\/product\/esofago-de-vaca\/#primaryimage\",\"url\":\"https:\/\/naturaltreats.eu\/wp-content\/uploads\/2024\/12\/cow-gulelts.jpg\",\"contentUrl\":\"https:\/\/naturaltreats.eu\/wp-content\/uploads\/2024\/12\/cow-gulelts.jpg\",\"width\":2000,\"height\":2000,\"caption\":\"Beef gullets for dogs\"},{\"@type\":\"BreadcrumbList\",\"@id\":\"https:\/\/naturaltreats.eu\/es\/product\/esofago-de-vaca\/#breadcrumb\",\"itemListElement\":[{\"@type\":\"ListItem\",\"position\":1,\"name\":\"Portada\",\"item\":\"https:\/\/naturaltreats.eu\/es\/inicio\/\"},{\"@type\":\"ListItem\",\"position\":2,\"name\":\"Tienda\",\"item\":\"https:\/\/naturaltreats.eu\/es\/tienda\/\"},{\"@type\":\"ListItem\",\"position\":3,\"name\":\"Es\u00f3fago de vaca\"}]},{\"@type\":\"WebSite\",\"@id\":\"https:\/\/naturaltreats.eu\/es\/#website\",\"url\":\"https:\/\/naturaltreats.eu\/es\/\",\"name\":\"Natural Treats\",\"description\":\"Best Rated Natural Dog Treats In Europe\",\"publisher\":{\"@id\":\"https:\/\/naturaltreats.eu\/es\/#organization\"},\"potentialAction\":[{\"@type\":\"SearchAction\",\"target\":{\"@type\":\"EntryPoint\",\"urlTemplate\":\"https:\/\/naturaltreats.eu\/es\/?s={search_term_string}\"},\"query-input\":{\"@type\":\"PropertyValueSpecification\",\"valueRequired\":true,\"valueName\":\"search_term_string\"}}],\"inLanguage\":\"es\"},{\"@type\":\"Organization\",\"@id\":\"https:\/\/naturaltreats.eu\/es\/#organization\",\"name\":\"Natural Treats\",\"url\":\"https:\/\/naturaltreats.eu\/es\/\",\"logo\":{\"@type\":\"ImageObject\",\"inLanguage\":\"es\",\"@id\":\"https:\/\/naturaltreats.eu\/es\/#\/schema\/logo\/image\/\",\"url\":\"https:\/\/naturaltreats.eu\/wp-content\/uploads\/2020\/08\/social.jpg\",\"contentUrl\":\"https:\/\/naturaltreats.eu\/wp-content\/uploads\/2020\/08\/social.jpg\",\"width\":1000,\"height\":1000,\"caption\":\"Natural Treats\"},\"image\":{\"@id\":\"https:\/\/naturaltreats.eu\/es\/#\/schema\/logo\/image\/\"},\"sameAs\":[\"https:\/\/facebook.com\/naturaltreatseu\",\"https:\/\/instagram.com\/naturaltreatseu\"]}]}<\/script>\n<meta property=\"product:price:amount\" content=\"9.95\" \/>\n<meta property=\"product:price:currency\" content=\"EUR\" \/>\n<meta property=\"og:availability\" content=\"instock\" \/>\n<meta property=\"product:availability\" content=\"instock\" \/>\n<meta property=\"product:condition\" content=\"new\" \/>\n<!-- \/ Yoast SEO Premium plugin. -->","yoast_head_json":{"title":"Es\u00f3fago de vaca | Natural Treats","description":"Los es\u00f3fagos naturales de vaca para perros son una golosina deliciosa y sana que su compa\u00f1ero canino adorar\u00e1.","robots":{"index":"index","follow":"follow","max-snippet":"max-snippet:-1","max-image-preview":"max-image-preview:large","max-video-preview":"max-video-preview:-1"},"canonical":"https:\/\/naturaltreats.eu\/es\/product\/esofago-de-vaca\/","og_locale":"es_ES","og_type":"article","og_title":"Es\u00f3fago de vaca","og_description":"Los es\u00f3fagos naturales de vaca para perros son una golosina deliciosa y sana que su compa\u00f1ero canino adorar\u00e1.","og_url":"https:\/\/naturaltreats.eu\/es\/product\/esofago-de-vaca\/","og_site_name":"Natural Treats","article_publisher":"https:\/\/facebook.com\/naturaltreatseu","og_image":[{"width":2000,"height":2000,"url":"https:\/\/naturaltreats.eu\/wp-content\/uploads\/2024\/12\/cow-gulelts.jpg","type":"image\/jpeg"}],"twitter_card":"summary_large_image","twitter_misc":{"Precio":"9,95&euro;","Disponibilidad":"Disponible"},"schema":{"@context":"https:\/\/schema.org","@graph":[{"@type":"WebPage","@id":"https:\/\/naturaltreats.eu\/es\/product\/esofago-de-vaca\/","url":"https:\/\/naturaltreats.eu\/es\/product\/esofago-de-vaca\/","name":"Es\u00f3fago de vaca | Natural Treats","isPartOf":{"@id":"https:\/\/naturaltreats.eu\/es\/#website"},"primaryImageOfPage":{"@id":"https:\/\/naturaltreats.eu\/es\/product\/esofago-de-vaca\/#primaryimage"},"image":{"@id":"https:\/\/naturaltreats.eu\/es\/product\/esofago-de-vaca\/#primaryimage"},"thumbnailUrl":"https:\/\/naturaltreats.eu\/wp-content\/uploads\/2024\/12\/cow-gulelts.jpg","datePublished":"2024-12-08T20:41:31+00:00","description":"Los es\u00f3fagos naturales de vaca para perros son una golosina deliciosa y sana que su compa\u00f1ero canino adorar\u00e1.","breadcrumb":{"@id":"https:\/\/naturaltreats.eu\/es\/product\/esofago-de-vaca\/#breadcrumb"},"inLanguage":"es","potentialAction":[{"@type":"ReadAction","target":["https:\/\/naturaltreats.eu\/es\/product\/esofago-de-vaca\/"]}]},{"@type":"ImageObject","inLanguage":"es","@id":"https:\/\/naturaltreats.eu\/es\/product\/esofago-de-vaca\/#primaryimage","url":"https:\/\/naturaltreats.eu\/wp-content\/uploads\/2024\/12\/cow-gulelts.jpg","contentUrl":"https:\/\/naturaltreats.eu\/wp-content\/uploads\/2024\/12\/cow-gulelts.jpg","width":2000,"height":2000,"caption":"Beef gullets for dogs"},{"@type":"BreadcrumbList","@id":"https:\/\/naturaltreats.eu\/es\/product\/esofago-de-vaca\/#breadcrumb","itemListElement":[{"@type":"ListItem","position":1,"name":"Portada","item":"https:\/\/naturaltreats.eu\/es\/inicio\/"},{"@type":"ListItem","position":2,"name":"Tienda","item":"https:\/\/naturaltreats.eu\/es\/tienda\/"},{"@type":"ListItem","position":3,"name":"Es\u00f3fago de vaca"}]},{"@type":"WebSite","@id":"https:\/\/naturaltreats.eu\/es\/#website","url":"https:\/\/naturaltreats.eu\/es\/","name":"Natural Treats","description":"Best Rated Natural Dog Treats In Europe","publisher":{"@id":"https:\/\/naturaltreats.eu\/es\/#organization"},"potentialAction":[{"@type":"SearchAction","target":{"@type":"EntryPoint","urlTemplate":"https:\/\/naturaltreats.eu\/es\/?s={search_term_string}"},"query-input":{"@type":"PropertyValueSpecification","valueRequired":true,"valueName":"search_term_string"}}],"inLanguage":"es"},{"@type":"Organization","@id":"https:\/\/naturaltreats.eu\/es\/#organization","name":"Natural Treats","url":"https:\/\/naturaltreats.eu\/es\/","logo":{"@type":"ImageObject","inLanguage":"es","@id":"https:\/\/naturaltreats.eu\/es\/#\/schema\/logo\/image\/","url":"https:\/\/naturaltreats.eu\/wp-content\/uploads\/2020\/08\/social.jpg","contentUrl":"https:\/\/naturaltreats.eu\/wp-content\/uploads\/2020\/08\/social.jpg","width":1000,"height":1000,"caption":"Natural Treats"},"image":{"@id":"https:\/\/naturaltreats.eu\/es\/#\/schema\/logo\/image\/"},"sameAs":["https:\/\/facebook.com\/naturaltreatseu","https:\/\/instagram.com\/naturaltreatseu"]}]},"product_price_amount":"9.95","product_price_currency":"EUR","og_availability":"instock","product_availability":"instock","product_condition":"new"},"_links":{"self":[{"href":"https:\/\/naturaltreats.eu\/es\/wp-json\/wp\/v2\/product\/71774","targetHints":{"allow":["GET"]}}],"collection":[{"href":"https:\/\/naturaltreats.eu\/es\/wp-json\/wp\/v2\/product"}],"about":[{"href":"https:\/\/naturaltreats.eu\/es\/wp-json\/wp\/v2\/types\/product"}],"wp:featuredmedia":[{"embeddable":true,"href":"https:\/\/naturaltreats.eu\/es\/wp-json\/wp\/v2\/media\/71760"}],"wp:attachment":[{"href":"https:\/\/naturaltreats.eu\/es\/wp-json\/wp\/v2\/media?parent=71774"}],"wp:term":[{"taxonomy":"dog-type","embeddable":true,"href":"https:\/\/naturaltreats.eu\/es\/wp-json\/wp\/v2\/dog-type?post=71774"},{"taxonomy":"ingredients","embeddable":true,"href":"https:\/\/naturaltreats.eu\/es\/wp-json\/wp\/v2\/ingredients?post=71774"},{"taxonomy":"product_brand","embeddable":true,"href":"https:\/\/naturaltreats.eu\/es\/wp-json\/wp\/v2\/product_brand?post=71774"},{"taxonomy":"product_cat","embeddable":true,"href":"https:\/\/naturaltreats.eu\/es\/wp-json\/wp\/v2\/product_cat?post=71774"},{"taxonomy":"product_tag","embeddable":true,"href":"https:\/\/naturaltreats.eu\/es\/wp-json\/wp\/v2\/product_tag?post=71774"}],"curies":[{"name":"wp","href":"https:\/\/api.w.org\/{rel}","templated":true}]}}