{"id":72049,"date":"2024-12-10T21:20:54","date_gmt":"2024-12-10T20:29:27","guid":{"rendered":"https:\/\/naturaltreats.eu\/shop\/sin%20categor\u00eda\/cuellos-de-pato\/"},"modified":"2025-01-23T10:00:13","modified_gmt":"2025-01-23T09:00:13","slug":"cuellos-de-pato","status":"publish","type":"product","link":"https:\/\/naturaltreats.eu\/es\/product\/cuellos-de-pato\/","title":{"rendered":"Cuellos de pato"},"content":{"rendered":"<p>Los cuellos de pato para perros son una excelente opci\u00f3n para los due\u00f1os de mascotas que buscan un tentempi\u00e9 nutritivo y satisfactorio para su perro. Estos snacks naturales son adecuados para todo tipo de perros y ofrecen un delicioso crujido y un rico sabor que los perros encuentran irresistible. Elaborados con ingredientes 100% naturales, nuestros cuellos de pato est\u00e1n deshidratados para preservar su valor nutricional, lo que los convierte en un snack natural sano y sabroso para su perro. <\/p>\n<h3>Beneficios<\/h3>\n<p><strong>Favorece la salud dental:<\/strong> La acci\u00f3n masticatoria natural ayuda a limpiar los dientes de su perro y a reducir la acumulaci\u00f3n de sarro, favoreciendo la higiene bucal en general. <strong>Alto contenido en prote\u00ednas:<\/strong> Los cuellos de pato para perros son una rica fuente de prote\u00ednas, esenciales para el desarrollo y mantenimiento muscular, manteniendo a su perro fuerte y activo. <strong>Favorece la salud articular:<\/strong> La glucosamina y la condroitina naturales que se encuentran en los cuellos de pato pueden ayudar a mantener las articulaciones sanas, por lo que son una excelente opci\u00f3n para perros mayores o con problemas de movilidad. <strong>F\u00e1cil de digerir:<\/strong> Estos snacks naturales son suaves para el sistema digestivo, por lo que son adecuados incluso para perros con est\u00f3magos sensibles. <strong>Sin aditivos artificiales:<\/strong> Nuestros snacks naturales para perros deshidratados no contienen conservantes, colorantes ni aromas artificiales, lo que garantiza que su perro reciba un snack sano y puro.<\/p>\n","protected":false},"excerpt":{"rendered":"<p>Los cuellos de pato para perros son una excelente opci\u00f3n para los due\u00f1os de mascotas que buscan un tentempi\u00e9 nutritivo<\/p>\n","protected":false},"featured_media":72044,"template":"","meta":{"_acf_changed":false},"dog-type":[],"ingredients":[],"product_brand":[],"product_cat":[542],"product_tag":[],"class_list":{"0":"post-72049","1":"product","2":"type-product","3":"status-publish","4":"has-post-thumbnail","6":"product_cat-snacks-naturales-para-perros","7":"pa_dog-type-caes-grandes-es","8":"pa_dog-type-caes-medios-es","9":"pa_dog-type-caes-pequenos-es","10":"pa_dog-type-caes-senior-es","11":"pa_dog-type-cachorros-es-2","12":"pa_ingredient-pato-es-2","13":"pa_toughness-medio-es-2","14":"tm-has-options","16":"first","17":"instock","18":"taxable","19":"shipping-taxable","20":"purchasable","21":"product-type-simple"},"bundled_by":[],"bundle_stock_status":"instock","bundle_stock_quantity":null,"bundle_virtual":false,"bundle_layout":"","bundle_add_to_cart_form_location":"","bundle_editable_in_cart":false,"bundle_sold_individually_context":"","bundle_item_grouping":"","bundle_min_size":"","bundle_max_size":"","bundle_price":[],"bundled_items":[],"bundle_sell_ids":[],"acf":[],"yoast_head":"<!-- This site is optimized with the Yoast SEO Premium plugin v23.5 (Yoast SEO v25.0) - https:\/\/yoast.com\/wordpress\/plugins\/seo\/ -->\n<title>Cuellos de pato | Natural Treats<\/title>\n<meta name=\"description\" content=\"Los cuellos de pato para perros son una excelente opci\u00f3n para los due\u00f1os de mascotas que buscan un tentempi\u00e9 nutritivo y satisfactorio para su perro.\" \/>\n<meta name=\"robots\" content=\"index, follow, max-snippet:-1, max-image-preview:large, max-video-preview:-1\" \/>\n<link rel=\"canonical\" href=\"https:\/\/naturaltreats.eu\/es\/product\/cuellos-de-pato\/\" \/>\n<meta property=\"og:locale\" content=\"es_ES\" \/>\n<meta property=\"og:type\" content=\"article\" \/>\n<meta property=\"og:title\" content=\"Cuellos de pato\" \/>\n<meta property=\"og:description\" content=\"Los cuellos de pato para perros son una excelente opci\u00f3n para los due\u00f1os de mascotas que buscan un tentempi\u00e9 nutritivo y satisfactorio para su perro.\" \/>\n<meta property=\"og:url\" content=\"https:\/\/naturaltreats.eu\/es\/product\/cuellos-de-pato\/\" \/>\n<meta property=\"og:site_name\" content=\"Natural Treats\" \/>\n<meta property=\"article:publisher\" content=\"https:\/\/facebook.com\/naturaltreatseu\" \/>\n<meta property=\"article:modified_time\" content=\"2025-01-23T09:00:13+00:00\" \/>\n<meta property=\"og:image\" content=\"https:\/\/naturaltreats.eu\/wp-content\/uploads\/2024\/12\/duck-necks.jpg\" \/>\n\t<meta property=\"og:image:width\" content=\"2000\" \/>\n\t<meta property=\"og:image:height\" content=\"2000\" \/>\n\t<meta property=\"og:image:type\" content=\"image\/jpeg\" \/>\n<meta name=\"twitter:card\" content=\"summary_large_image\" \/>\n<meta name=\"twitter:label1\" content=\"Precio\" \/>\n\t<meta name=\"twitter:data1\" content=\"9,95&euro;\" \/>\n\t<meta name=\"twitter:label2\" content=\"Disponibilidad\" \/>\n\t<meta name=\"twitter:data2\" content=\"Disponible\" \/>\n<script type=\"application\/ld+json\" class=\"yoast-schema-graph\">{\"@context\":\"https:\/\/schema.org\",\"@graph\":[{\"@type\":\"WebPage\",\"@id\":\"https:\/\/naturaltreats.eu\/es\/product\/cuellos-de-pato\/\",\"url\":\"https:\/\/naturaltreats.eu\/es\/product\/cuellos-de-pato\/\",\"name\":\"Cuellos de pato | Natural Treats\",\"isPartOf\":{\"@id\":\"https:\/\/naturaltreats.eu\/es\/#website\"},\"primaryImageOfPage\":{\"@id\":\"https:\/\/naturaltreats.eu\/es\/product\/cuellos-de-pato\/#primaryimage\"},\"image\":{\"@id\":\"https:\/\/naturaltreats.eu\/es\/product\/cuellos-de-pato\/#primaryimage\"},\"thumbnailUrl\":\"https:\/\/naturaltreats.eu\/wp-content\/uploads\/2024\/12\/duck-necks.jpg\",\"datePublished\":\"2024-12-10T20:29:27+00:00\",\"dateModified\":\"2025-01-23T09:00:13+00:00\",\"description\":\"Los cuellos de pato para perros son una excelente opci\u00f3n para los due\u00f1os de mascotas que buscan un tentempi\u00e9 nutritivo y satisfactorio para su perro.\",\"breadcrumb\":{\"@id\":\"https:\/\/naturaltreats.eu\/es\/product\/cuellos-de-pato\/#breadcrumb\"},\"inLanguage\":\"es\",\"potentialAction\":[{\"@type\":\"ReadAction\",\"target\":[\"https:\/\/naturaltreats.eu\/es\/product\/cuellos-de-pato\/\"]}]},{\"@type\":\"ImageObject\",\"inLanguage\":\"es\",\"@id\":\"https:\/\/naturaltreats.eu\/es\/product\/cuellos-de-pato\/#primaryimage\",\"url\":\"https:\/\/naturaltreats.eu\/wp-content\/uploads\/2024\/12\/duck-necks.jpg\",\"contentUrl\":\"https:\/\/naturaltreats.eu\/wp-content\/uploads\/2024\/12\/duck-necks.jpg\",\"width\":2000,\"height\":2000,\"caption\":\"Duck necks for dogs\"},{\"@type\":\"BreadcrumbList\",\"@id\":\"https:\/\/naturaltreats.eu\/es\/product\/cuellos-de-pato\/#breadcrumb\",\"itemListElement\":[{\"@type\":\"ListItem\",\"position\":1,\"name\":\"Portada\",\"item\":\"https:\/\/naturaltreats.eu\/es\/inicio\/\"},{\"@type\":\"ListItem\",\"position\":2,\"name\":\"Tienda\",\"item\":\"https:\/\/naturaltreats.eu\/es\/tienda\/\"},{\"@type\":\"ListItem\",\"position\":3,\"name\":\"Cuellos de pato\"}]},{\"@type\":\"WebSite\",\"@id\":\"https:\/\/naturaltreats.eu\/es\/#website\",\"url\":\"https:\/\/naturaltreats.eu\/es\/\",\"name\":\"Natural Treats\",\"description\":\"Best Rated Natural Dog Treats In Europe\",\"publisher\":{\"@id\":\"https:\/\/naturaltreats.eu\/es\/#organization\"},\"potentialAction\":[{\"@type\":\"SearchAction\",\"target\":{\"@type\":\"EntryPoint\",\"urlTemplate\":\"https:\/\/naturaltreats.eu\/es\/?s={search_term_string}\"},\"query-input\":{\"@type\":\"PropertyValueSpecification\",\"valueRequired\":true,\"valueName\":\"search_term_string\"}}],\"inLanguage\":\"es\"},{\"@type\":\"Organization\",\"@id\":\"https:\/\/naturaltreats.eu\/es\/#organization\",\"name\":\"Natural Treats\",\"url\":\"https:\/\/naturaltreats.eu\/es\/\",\"logo\":{\"@type\":\"ImageObject\",\"inLanguage\":\"es\",\"@id\":\"https:\/\/naturaltreats.eu\/es\/#\/schema\/logo\/image\/\",\"url\":\"https:\/\/naturaltreats.eu\/wp-content\/uploads\/2020\/08\/social.jpg\",\"contentUrl\":\"https:\/\/naturaltreats.eu\/wp-content\/uploads\/2020\/08\/social.jpg\",\"width\":1000,\"height\":1000,\"caption\":\"Natural Treats\"},\"image\":{\"@id\":\"https:\/\/naturaltreats.eu\/es\/#\/schema\/logo\/image\/\"},\"sameAs\":[\"https:\/\/facebook.com\/naturaltreatseu\",\"https:\/\/instagram.com\/naturaltreatseu\"]}]}<\/script>\n<meta property=\"product:price:amount\" content=\"9.95\" \/>\n<meta property=\"product:price:currency\" content=\"EUR\" \/>\n<meta property=\"og:availability\" content=\"instock\" \/>\n<meta property=\"product:availability\" content=\"instock\" \/>\n<meta property=\"product:condition\" content=\"new\" \/>\n<!-- \/ Yoast SEO Premium plugin. -->","yoast_head_json":{"title":"Cuellos de pato | Natural Treats","description":"Los cuellos de pato para perros son una excelente opci\u00f3n para los due\u00f1os de mascotas que buscan un tentempi\u00e9 nutritivo y satisfactorio para su perro.","robots":{"index":"index","follow":"follow","max-snippet":"max-snippet:-1","max-image-preview":"max-image-preview:large","max-video-preview":"max-video-preview:-1"},"canonical":"https:\/\/naturaltreats.eu\/es\/product\/cuellos-de-pato\/","og_locale":"es_ES","og_type":"article","og_title":"Cuellos de pato","og_description":"Los cuellos de pato para perros son una excelente opci\u00f3n para los due\u00f1os de mascotas que buscan un tentempi\u00e9 nutritivo y satisfactorio para su perro.","og_url":"https:\/\/naturaltreats.eu\/es\/product\/cuellos-de-pato\/","og_site_name":"Natural Treats","article_publisher":"https:\/\/facebook.com\/naturaltreatseu","article_modified_time":"2025-01-23T09:00:13+00:00","og_image":[{"width":2000,"height":2000,"url":"https:\/\/naturaltreats.eu\/wp-content\/uploads\/2024\/12\/duck-necks.jpg","type":"image\/jpeg"}],"twitter_card":"summary_large_image","twitter_misc":{"Precio":"9,95&euro;","Disponibilidad":"Disponible"},"schema":{"@context":"https:\/\/schema.org","@graph":[{"@type":"WebPage","@id":"https:\/\/naturaltreats.eu\/es\/product\/cuellos-de-pato\/","url":"https:\/\/naturaltreats.eu\/es\/product\/cuellos-de-pato\/","name":"Cuellos de pato | Natural Treats","isPartOf":{"@id":"https:\/\/naturaltreats.eu\/es\/#website"},"primaryImageOfPage":{"@id":"https:\/\/naturaltreats.eu\/es\/product\/cuellos-de-pato\/#primaryimage"},"image":{"@id":"https:\/\/naturaltreats.eu\/es\/product\/cuellos-de-pato\/#primaryimage"},"thumbnailUrl":"https:\/\/naturaltreats.eu\/wp-content\/uploads\/2024\/12\/duck-necks.jpg","datePublished":"2024-12-10T20:29:27+00:00","dateModified":"2025-01-23T09:00:13+00:00","description":"Los cuellos de pato para perros son una excelente opci\u00f3n para los due\u00f1os de mascotas que buscan un tentempi\u00e9 nutritivo y satisfactorio para su perro.","breadcrumb":{"@id":"https:\/\/naturaltreats.eu\/es\/product\/cuellos-de-pato\/#breadcrumb"},"inLanguage":"es","potentialAction":[{"@type":"ReadAction","target":["https:\/\/naturaltreats.eu\/es\/product\/cuellos-de-pato\/"]}]},{"@type":"ImageObject","inLanguage":"es","@id":"https:\/\/naturaltreats.eu\/es\/product\/cuellos-de-pato\/#primaryimage","url":"https:\/\/naturaltreats.eu\/wp-content\/uploads\/2024\/12\/duck-necks.jpg","contentUrl":"https:\/\/naturaltreats.eu\/wp-content\/uploads\/2024\/12\/duck-necks.jpg","width":2000,"height":2000,"caption":"Duck necks for dogs"},{"@type":"BreadcrumbList","@id":"https:\/\/naturaltreats.eu\/es\/product\/cuellos-de-pato\/#breadcrumb","itemListElement":[{"@type":"ListItem","position":1,"name":"Portada","item":"https:\/\/naturaltreats.eu\/es\/inicio\/"},{"@type":"ListItem","position":2,"name":"Tienda","item":"https:\/\/naturaltreats.eu\/es\/tienda\/"},{"@type":"ListItem","position":3,"name":"Cuellos de pato"}]},{"@type":"WebSite","@id":"https:\/\/naturaltreats.eu\/es\/#website","url":"https:\/\/naturaltreats.eu\/es\/","name":"Natural Treats","description":"Best Rated Natural Dog Treats In Europe","publisher":{"@id":"https:\/\/naturaltreats.eu\/es\/#organization"},"potentialAction":[{"@type":"SearchAction","target":{"@type":"EntryPoint","urlTemplate":"https:\/\/naturaltreats.eu\/es\/?s={search_term_string}"},"query-input":{"@type":"PropertyValueSpecification","valueRequired":true,"valueName":"search_term_string"}}],"inLanguage":"es"},{"@type":"Organization","@id":"https:\/\/naturaltreats.eu\/es\/#organization","name":"Natural Treats","url":"https:\/\/naturaltreats.eu\/es\/","logo":{"@type":"ImageObject","inLanguage":"es","@id":"https:\/\/naturaltreats.eu\/es\/#\/schema\/logo\/image\/","url":"https:\/\/naturaltreats.eu\/wp-content\/uploads\/2020\/08\/social.jpg","contentUrl":"https:\/\/naturaltreats.eu\/wp-content\/uploads\/2020\/08\/social.jpg","width":1000,"height":1000,"caption":"Natural Treats"},"image":{"@id":"https:\/\/naturaltreats.eu\/es\/#\/schema\/logo\/image\/"},"sameAs":["https:\/\/facebook.com\/naturaltreatseu","https:\/\/instagram.com\/naturaltreatseu"]}]},"product_price_amount":"9.95","product_price_currency":"EUR","og_availability":"instock","product_availability":"instock","product_condition":"new"},"_links":{"self":[{"href":"https:\/\/naturaltreats.eu\/es\/wp-json\/wp\/v2\/product\/72049","targetHints":{"allow":["GET"]}}],"collection":[{"href":"https:\/\/naturaltreats.eu\/es\/wp-json\/wp\/v2\/product"}],"about":[{"href":"https:\/\/naturaltreats.eu\/es\/wp-json\/wp\/v2\/types\/product"}],"wp:featuredmedia":[{"embeddable":true,"href":"https:\/\/naturaltreats.eu\/es\/wp-json\/wp\/v2\/media\/72044"}],"wp:attachment":[{"href":"https:\/\/naturaltreats.eu\/es\/wp-json\/wp\/v2\/media?parent=72049"}],"wp:term":[{"taxonomy":"dog-type","embeddable":true,"href":"https:\/\/naturaltreats.eu\/es\/wp-json\/wp\/v2\/dog-type?post=72049"},{"taxonomy":"ingredients","embeddable":true,"href":"https:\/\/naturaltreats.eu\/es\/wp-json\/wp\/v2\/ingredients?post=72049"},{"taxonomy":"product_brand","embeddable":true,"href":"https:\/\/naturaltreats.eu\/es\/wp-json\/wp\/v2\/product_brand?post=72049"},{"taxonomy":"product_cat","embeddable":true,"href":"https:\/\/naturaltreats.eu\/es\/wp-json\/wp\/v2\/product_cat?post=72049"},{"taxonomy":"product_tag","embeddable":true,"href":"https:\/\/naturaltreats.eu\/es\/wp-json\/wp\/v2\/product_tag?post=72049"}],"curies":[{"name":"wp","href":"https:\/\/api.w.org\/{rel}","templated":true}]}}