{"id":74101,"date":"2025-01-07T21:34:22","date_gmt":"2025-01-07T20:44:56","guid":{"rendered":"https:\/\/naturaltreats.eu\/product\/cartilago-de-vaca-para-perros\/"},"modified":"2025-01-07T21:44:56","modified_gmt":"2025-01-07T20:44:56","slug":"cartilago-de-vaca-para-perros","status":"publish","type":"product","link":"https:\/\/naturaltreats.eu\/es\/product\/cartilago-de-vaca-para-perros\/","title":{"rendered":"Cart\u00edlago de vaca"},"content":{"rendered":"<p>Los huesos de cart\u00edlago de vaca Moon Bones para perros son un snack natural para perros dise\u00f1ado para satisfacer incluso a los masticadores m\u00e1s entusiastas. Perfecto para las razas m\u00e1s grandes, estos masticables naturales para perros de larga duraci\u00f3n se hacen a mano de cart\u00edlago de ternera de primera calidad, proporcionando horas de placer de roer, mientras que el apoyo a la salud general de su perro. <\/p>\n<h3>Beneficios<\/h3>\n<p><strong>Promueve la salud dental: <\/strong>La dura textura de Moon Bones ayuda a raspar la placa y el sarro mientras tu perro mastica, favoreciendo unos dientes y enc\u00edas m\u00e1s sanos de forma natural. <strong>Rico en nutrientes: <\/strong>Repletos de glucosamina y condroitina, estos snacks masticables ayudan a mantener la salud de las articulaciones, favorecen la movilidad y reducen las molestias de los perros activos o mayores. <strong>Entretenimiento duradero: <\/strong>Dise\u00f1adas para durar, estas golosinas mantienen a los perros grandes ocupados durante horas, reduciendo el aburrimiento y el comportamiento destructivo. <strong>100% natural y seguro: <\/strong>Elaborados con cart\u00edlago de vacuno de alta calidad sin aditivos artificiales ni conservantes, estos snacks masticables son una opci\u00f3n saludable y digerible para su perro. <strong>Refuerza los m\u00fasculos y los huesos: <\/strong>La prote\u00edna natural y los minerales del cart\u00edlago de vacuno ayudan a fortalecer los m\u00fasculos y los huesos, por lo que es una golosina ideal para perros en crecimiento o activos.<\/p>\n","protected":false},"excerpt":{"rendered":"<p>Los huesos de cart\u00edlago de vaca Moon Bones para perros son un snack natural para perros dise\u00f1ado para satisfacer incluso<\/p>\n","protected":false},"featured_media":74094,"template":"","meta":{"_acf_changed":false},"dog-type":[],"ingredients":[],"product_brand":[],"product_cat":[542],"product_tag":[],"class_list":{"0":"post-74101","1":"product","2":"type-product","3":"status-publish","4":"has-post-thumbnail","6":"product_cat-snacks-naturales-para-perros","7":"pa_dog-type-perros-grandes","8":"pa_dog-type-perros-medianos","9":"pa_ingredient-vaca","10":"pa_toughness-duro-es","11":"tm-has-options","13":"first","14":"instock","15":"taxable","16":"shipping-taxable","17":"purchasable","18":"product-type-simple"},"bundled_by":[],"bundle_stock_status":"instock","bundle_stock_quantity":null,"bundle_virtual":false,"bundle_layout":"","bundle_add_to_cart_form_location":"","bundle_editable_in_cart":false,"bundle_sold_individually_context":"","bundle_item_grouping":"","bundle_min_size":"","bundle_max_size":"","bundle_price":[],"bundled_items":[],"bundle_sell_ids":[],"acf":[],"yoast_head":"<!-- This site is optimized with the Yoast SEO Premium plugin v23.5 (Yoast SEO v25.0) - https:\/\/yoast.com\/wordpress\/plugins\/seo\/ -->\n<title>Cart\u00edlago de vaca | Natural Treats<\/title>\n<meta name=\"description\" content=\"Los huesos de cart\u00edlago de vaca Moon Bones para perros son un snack para perros resistente y natural dise\u00f1ado para satisfacer incluso a los masticadores m\u00e1s entusiastas.\" \/>\n<meta name=\"robots\" content=\"index, follow, max-snippet:-1, max-image-preview:large, max-video-preview:-1\" \/>\n<link rel=\"canonical\" href=\"https:\/\/naturaltreats.eu\/es\/product\/cartilago-de-vaca-para-perros\/\" \/>\n<meta property=\"og:locale\" content=\"es_ES\" \/>\n<meta property=\"og:type\" content=\"article\" \/>\n<meta property=\"og:title\" content=\"Cart\u00edlago de vaca\" \/>\n<meta property=\"og:description\" content=\"Los huesos de cart\u00edlago de vaca Moon Bones para perros son un snack para perros resistente y natural dise\u00f1ado para satisfacer incluso a los masticadores m\u00e1s entusiastas.\" \/>\n<meta property=\"og:url\" content=\"https:\/\/naturaltreats.eu\/es\/product\/cartilago-de-vaca-para-perros\/\" \/>\n<meta property=\"og:site_name\" content=\"Natural Treats\" \/>\n<meta property=\"article:publisher\" content=\"https:\/\/facebook.com\/naturaltreatseu\" \/>\n<meta property=\"og:image\" content=\"https:\/\/naturaltreats.eu\/wp-content\/uploads\/2025\/01\/cow-cartilidge.jpg\" \/>\n\t<meta property=\"og:image:width\" content=\"2000\" \/>\n\t<meta property=\"og:image:height\" content=\"2000\" \/>\n\t<meta property=\"og:image:type\" content=\"image\/jpeg\" \/>\n<meta name=\"twitter:card\" content=\"summary_large_image\" \/>\n<meta name=\"twitter:label1\" content=\"Precio\" \/>\n\t<meta name=\"twitter:data1\" content=\"9,95&euro;\" \/>\n\t<meta name=\"twitter:label2\" content=\"Disponibilidad\" \/>\n\t<meta name=\"twitter:data2\" content=\"Disponible\" \/>\n<script type=\"application\/ld+json\" class=\"yoast-schema-graph\">{\"@context\":\"https:\/\/schema.org\",\"@graph\":[{\"@type\":\"WebPage\",\"@id\":\"https:\/\/naturaltreats.eu\/es\/product\/cartilago-de-vaca-para-perros\/\",\"url\":\"https:\/\/naturaltreats.eu\/es\/product\/cartilago-de-vaca-para-perros\/\",\"name\":\"Cart\u00edlago de vaca | Natural Treats\",\"isPartOf\":{\"@id\":\"https:\/\/naturaltreats.eu\/es\/#website\"},\"primaryImageOfPage\":{\"@id\":\"https:\/\/naturaltreats.eu\/es\/product\/cartilago-de-vaca-para-perros\/#primaryimage\"},\"image\":{\"@id\":\"https:\/\/naturaltreats.eu\/es\/product\/cartilago-de-vaca-para-perros\/#primaryimage\"},\"thumbnailUrl\":\"https:\/\/naturaltreats.eu\/wp-content\/uploads\/2025\/01\/cow-cartilidge.jpg\",\"datePublished\":\"2025-01-07T20:44:56+00:00\",\"description\":\"Los huesos de cart\u00edlago de vaca Moon Bones para perros son un snack para perros resistente y natural dise\u00f1ado para satisfacer incluso a los masticadores m\u00e1s entusiastas.\",\"breadcrumb\":{\"@id\":\"https:\/\/naturaltreats.eu\/es\/product\/cartilago-de-vaca-para-perros\/#breadcrumb\"},\"inLanguage\":\"es\",\"potentialAction\":[{\"@type\":\"ReadAction\",\"target\":[\"https:\/\/naturaltreats.eu\/es\/product\/cartilago-de-vaca-para-perros\/\"]}]},{\"@type\":\"ImageObject\",\"inLanguage\":\"es\",\"@id\":\"https:\/\/naturaltreats.eu\/es\/product\/cartilago-de-vaca-para-perros\/#primaryimage\",\"url\":\"https:\/\/naturaltreats.eu\/wp-content\/uploads\/2025\/01\/cow-cartilidge.jpg\",\"contentUrl\":\"https:\/\/naturaltreats.eu\/wp-content\/uploads\/2025\/01\/cow-cartilidge.jpg\",\"width\":2000,\"height\":2000,\"caption\":\"Moon bones for dogs\"},{\"@type\":\"BreadcrumbList\",\"@id\":\"https:\/\/naturaltreats.eu\/es\/product\/cartilago-de-vaca-para-perros\/#breadcrumb\",\"itemListElement\":[{\"@type\":\"ListItem\",\"position\":1,\"name\":\"Portada\",\"item\":\"https:\/\/naturaltreats.eu\/es\/inicio\/\"},{\"@type\":\"ListItem\",\"position\":2,\"name\":\"Tienda\",\"item\":\"https:\/\/naturaltreats.eu\/es\/tienda\/\"},{\"@type\":\"ListItem\",\"position\":3,\"name\":\"Cart\u00edlago de vaca\"}]},{\"@type\":\"WebSite\",\"@id\":\"https:\/\/naturaltreats.eu\/es\/#website\",\"url\":\"https:\/\/naturaltreats.eu\/es\/\",\"name\":\"Natural Treats\",\"description\":\"Best Rated Natural Dog Treats In Europe\",\"publisher\":{\"@id\":\"https:\/\/naturaltreats.eu\/es\/#organization\"},\"potentialAction\":[{\"@type\":\"SearchAction\",\"target\":{\"@type\":\"EntryPoint\",\"urlTemplate\":\"https:\/\/naturaltreats.eu\/es\/?s={search_term_string}\"},\"query-input\":{\"@type\":\"PropertyValueSpecification\",\"valueRequired\":true,\"valueName\":\"search_term_string\"}}],\"inLanguage\":\"es\"},{\"@type\":\"Organization\",\"@id\":\"https:\/\/naturaltreats.eu\/es\/#organization\",\"name\":\"Natural Treats\",\"url\":\"https:\/\/naturaltreats.eu\/es\/\",\"logo\":{\"@type\":\"ImageObject\",\"inLanguage\":\"es\",\"@id\":\"https:\/\/naturaltreats.eu\/es\/#\/schema\/logo\/image\/\",\"url\":\"https:\/\/naturaltreats.eu\/wp-content\/uploads\/2020\/08\/social.jpg\",\"contentUrl\":\"https:\/\/naturaltreats.eu\/wp-content\/uploads\/2020\/08\/social.jpg\",\"width\":1000,\"height\":1000,\"caption\":\"Natural Treats\"},\"image\":{\"@id\":\"https:\/\/naturaltreats.eu\/es\/#\/schema\/logo\/image\/\"},\"sameAs\":[\"https:\/\/facebook.com\/naturaltreatseu\",\"https:\/\/instagram.com\/naturaltreatseu\"]}]}<\/script>\n<meta property=\"product:price:amount\" content=\"9.95\" \/>\n<meta property=\"product:price:currency\" content=\"EUR\" \/>\n<meta property=\"og:availability\" content=\"instock\" \/>\n<meta property=\"product:availability\" content=\"instock\" \/>\n<meta property=\"product:condition\" content=\"new\" \/>\n<!-- \/ Yoast SEO Premium plugin. -->","yoast_head_json":{"title":"Cart\u00edlago de vaca | Natural Treats","description":"Los huesos de cart\u00edlago de vaca Moon Bones para perros son un snack para perros resistente y natural dise\u00f1ado para satisfacer incluso a los masticadores m\u00e1s entusiastas.","robots":{"index":"index","follow":"follow","max-snippet":"max-snippet:-1","max-image-preview":"max-image-preview:large","max-video-preview":"max-video-preview:-1"},"canonical":"https:\/\/naturaltreats.eu\/es\/product\/cartilago-de-vaca-para-perros\/","og_locale":"es_ES","og_type":"article","og_title":"Cart\u00edlago de vaca","og_description":"Los huesos de cart\u00edlago de vaca Moon Bones para perros son un snack para perros resistente y natural dise\u00f1ado para satisfacer incluso a los masticadores m\u00e1s entusiastas.","og_url":"https:\/\/naturaltreats.eu\/es\/product\/cartilago-de-vaca-para-perros\/","og_site_name":"Natural Treats","article_publisher":"https:\/\/facebook.com\/naturaltreatseu","og_image":[{"width":2000,"height":2000,"url":"https:\/\/naturaltreats.eu\/wp-content\/uploads\/2025\/01\/cow-cartilidge.jpg","type":"image\/jpeg"}],"twitter_card":"summary_large_image","twitter_misc":{"Precio":"9,95&euro;","Disponibilidad":"Disponible"},"schema":{"@context":"https:\/\/schema.org","@graph":[{"@type":"WebPage","@id":"https:\/\/naturaltreats.eu\/es\/product\/cartilago-de-vaca-para-perros\/","url":"https:\/\/naturaltreats.eu\/es\/product\/cartilago-de-vaca-para-perros\/","name":"Cart\u00edlago de vaca | Natural Treats","isPartOf":{"@id":"https:\/\/naturaltreats.eu\/es\/#website"},"primaryImageOfPage":{"@id":"https:\/\/naturaltreats.eu\/es\/product\/cartilago-de-vaca-para-perros\/#primaryimage"},"image":{"@id":"https:\/\/naturaltreats.eu\/es\/product\/cartilago-de-vaca-para-perros\/#primaryimage"},"thumbnailUrl":"https:\/\/naturaltreats.eu\/wp-content\/uploads\/2025\/01\/cow-cartilidge.jpg","datePublished":"2025-01-07T20:44:56+00:00","description":"Los huesos de cart\u00edlago de vaca Moon Bones para perros son un snack para perros resistente y natural dise\u00f1ado para satisfacer incluso a los masticadores m\u00e1s entusiastas.","breadcrumb":{"@id":"https:\/\/naturaltreats.eu\/es\/product\/cartilago-de-vaca-para-perros\/#breadcrumb"},"inLanguage":"es","potentialAction":[{"@type":"ReadAction","target":["https:\/\/naturaltreats.eu\/es\/product\/cartilago-de-vaca-para-perros\/"]}]},{"@type":"ImageObject","inLanguage":"es","@id":"https:\/\/naturaltreats.eu\/es\/product\/cartilago-de-vaca-para-perros\/#primaryimage","url":"https:\/\/naturaltreats.eu\/wp-content\/uploads\/2025\/01\/cow-cartilidge.jpg","contentUrl":"https:\/\/naturaltreats.eu\/wp-content\/uploads\/2025\/01\/cow-cartilidge.jpg","width":2000,"height":2000,"caption":"Moon bones for dogs"},{"@type":"BreadcrumbList","@id":"https:\/\/naturaltreats.eu\/es\/product\/cartilago-de-vaca-para-perros\/#breadcrumb","itemListElement":[{"@type":"ListItem","position":1,"name":"Portada","item":"https:\/\/naturaltreats.eu\/es\/inicio\/"},{"@type":"ListItem","position":2,"name":"Tienda","item":"https:\/\/naturaltreats.eu\/es\/tienda\/"},{"@type":"ListItem","position":3,"name":"Cart\u00edlago de vaca"}]},{"@type":"WebSite","@id":"https:\/\/naturaltreats.eu\/es\/#website","url":"https:\/\/naturaltreats.eu\/es\/","name":"Natural Treats","description":"Best Rated Natural Dog Treats In Europe","publisher":{"@id":"https:\/\/naturaltreats.eu\/es\/#organization"},"potentialAction":[{"@type":"SearchAction","target":{"@type":"EntryPoint","urlTemplate":"https:\/\/naturaltreats.eu\/es\/?s={search_term_string}"},"query-input":{"@type":"PropertyValueSpecification","valueRequired":true,"valueName":"search_term_string"}}],"inLanguage":"es"},{"@type":"Organization","@id":"https:\/\/naturaltreats.eu\/es\/#organization","name":"Natural Treats","url":"https:\/\/naturaltreats.eu\/es\/","logo":{"@type":"ImageObject","inLanguage":"es","@id":"https:\/\/naturaltreats.eu\/es\/#\/schema\/logo\/image\/","url":"https:\/\/naturaltreats.eu\/wp-content\/uploads\/2020\/08\/social.jpg","contentUrl":"https:\/\/naturaltreats.eu\/wp-content\/uploads\/2020\/08\/social.jpg","width":1000,"height":1000,"caption":"Natural Treats"},"image":{"@id":"https:\/\/naturaltreats.eu\/es\/#\/schema\/logo\/image\/"},"sameAs":["https:\/\/facebook.com\/naturaltreatseu","https:\/\/instagram.com\/naturaltreatseu"]}]},"product_price_amount":"9.95","product_price_currency":"EUR","og_availability":"instock","product_availability":"instock","product_condition":"new"},"_links":{"self":[{"href":"https:\/\/naturaltreats.eu\/es\/wp-json\/wp\/v2\/product\/74101","targetHints":{"allow":["GET"]}}],"collection":[{"href":"https:\/\/naturaltreats.eu\/es\/wp-json\/wp\/v2\/product"}],"about":[{"href":"https:\/\/naturaltreats.eu\/es\/wp-json\/wp\/v2\/types\/product"}],"wp:featuredmedia":[{"embeddable":true,"href":"https:\/\/naturaltreats.eu\/es\/wp-json\/wp\/v2\/media\/74094"}],"wp:attachment":[{"href":"https:\/\/naturaltreats.eu\/es\/wp-json\/wp\/v2\/media?parent=74101"}],"wp:term":[{"taxonomy":"dog-type","embeddable":true,"href":"https:\/\/naturaltreats.eu\/es\/wp-json\/wp\/v2\/dog-type?post=74101"},{"taxonomy":"ingredients","embeddable":true,"href":"https:\/\/naturaltreats.eu\/es\/wp-json\/wp\/v2\/ingredients?post=74101"},{"taxonomy":"product_brand","embeddable":true,"href":"https:\/\/naturaltreats.eu\/es\/wp-json\/wp\/v2\/product_brand?post=74101"},{"taxonomy":"product_cat","embeddable":true,"href":"https:\/\/naturaltreats.eu\/es\/wp-json\/wp\/v2\/product_cat?post=74101"},{"taxonomy":"product_tag","embeddable":true,"href":"https:\/\/naturaltreats.eu\/es\/wp-json\/wp\/v2\/product_tag?post=74101"}],"curies":[{"name":"wp","href":"https:\/\/api.w.org\/{rel}","templated":true}]}}