{"id":31287,"date":"2022-08-06T15:18:39","date_gmt":"2022-08-06T13:18:39","guid":{"rendered":"https:\/\/naturaltreats.eu\/zone-daffiliation\/demander-un-coupon\/"},"modified":"2024-12-23T21:14:05","modified_gmt":"2024-12-23T20:14:05","slug":"demander-un-coupon","status":"publish","type":"page","link":"https:\/\/naturaltreats.eu\/fr\/zone-daffiliation\/demander-un-coupon\/","title":{"rendered":"Demander un coupon"},"content":{"rendered":"\t\t<div data-elementor-type=\"wp-page\" data-elementor-id=\"31287\" class=\"elementor elementor-31287 elementor-31262\" data-elementor-post-type=\"page\">\n\t\t\t\t<div class=\"wd-negative-gap elementor-element elementor-element-a69048b wd-section-stretch e-flex e-con-boxed e-con e-parent\" data-id=\"a69048b\" data-element_type=\"container\" data-e-type=\"container\">\n\t\t\t\t\t<div class=\"e-con-inner\">\n\t\t<div class=\"elementor-element elementor-element-c9b527d e-con-full e-flex e-con e-child\" data-id=\"c9b527d\" data-element_type=\"container\" data-e-type=\"container\">\n\t\t\t\t<div class=\"elementor-element elementor-element-22dc75d elementor-widget elementor-widget-heading\" data-id=\"22dc75d\" data-element_type=\"widget\" data-e-type=\"widget\" data-widget_type=\"heading.default\">\n\t\t\t\t<div class=\"elementor-widget-container\">\n\t\t\t\t\t<h1 class=\"elementor-heading-title elementor-size-default\">Coupons ambassadeurs<\/h1>\t\t\t\t<\/div>\n\t\t\t\t<\/div>\n\t\t\t\t<div class=\"elementor-element elementor-element-10dd097 elementor-widget elementor-widget-heading\" data-id=\"10dd097\" data-element_type=\"widget\" data-e-type=\"widget\" data-widget_type=\"heading.default\">\n\t\t\t\t<div class=\"elementor-widget-container\">\n\t\t\t\t\t<h2 class=\"elementor-heading-title elementor-size-default\">Demander un coupon personnalis\u00e9<\/h2>\t\t\t\t<\/div>\n\t\t\t\t<\/div>\n\t\t\t\t<\/div>\n\t\t\t\t\t<\/div>\n\t\t\t\t<\/div>\n\t\t<div class=\"elementor-element elementor-element-af528f3 wd-section-stretch e-flex e-con-boxed e-con e-parent\" data-id=\"af528f3\" data-element_type=\"container\" data-e-type=\"container\">\n\t\t\t\t\t<div class=\"e-con-inner\">\n\t\t<div class=\"elementor-element elementor-element-4292a9f e-con-full e-flex e-con e-child\" data-id=\"4292a9f\" data-element_type=\"container\" data-e-type=\"container\">\n\t\t\t\t<div class=\"elementor-element elementor-element-98c9dc5 color-scheme-inherit text-left elementor-widget elementor-widget-text-editor\" data-id=\"98c9dc5\" data-element_type=\"widget\" data-e-type=\"widget\" data-widget_type=\"text-editor.default\">\n\t\t\t\t<div class=\"elementor-widget-container\">\n\t\t\t\t\t\t\t\t\t<p>Si vous \u00eates un ambassadeur, vous pouvez demander un code promo \u00e0 partager avec vos followers. Ce code promotionnel permettra \u00e0 vos followers de b\u00e9n\u00e9ficier d&#8217;une r\u00e9duction de 10 % et, lorsqu&#8217;ils utiliseront ce code, vous obtiendrez un cr\u00e9dit magasin de 10 %.<\/p>\n<p>Vous pouvez choisir le code que vous souhaitez. La plupart des gens utilisent le nom de leur chien.<\/p>\n\t\t\t\t\t\t\t\t<\/div>\n\t\t\t\t<\/div>\n\t\t\t\t<div class=\"elementor-element elementor-element-3eb5650 elementor-button-align-stretch elementor-widget elementor-widget-form\" data-id=\"3eb5650\" data-element_type=\"widget\" data-e-type=\"widget\" data-settings=\"{&quot;step_next_label&quot;:&quot;Suivant&quot;,&quot;step_previous_label&quot;:&quot;Pr\\u00e9c\\u00e9dent&quot;,&quot;button_width&quot;:&quot;100&quot;,&quot;step_type&quot;:&quot;number_text&quot;,&quot;step_icon_shape&quot;:&quot;circle&quot;}\" data-widget_type=\"form.default\">\n\t\t\t\t<div class=\"elementor-widget-container\">\n\t\t\t\t\t\t\t<form class=\"elementor-form\" method=\"post\" name=\"Nouveau formulaire\" aria-label=\"Nouveau formulaire\">\n\t\t\t<input type=\"hidden\" name=\"post_id\" value=\"31287\"\/>\n\t\t\t<input type=\"hidden\" name=\"form_id\" value=\"3eb5650\"\/>\n\t\t\t<input type=\"hidden\" name=\"referer_title\" value=\"Demander un coupon | Natural Treats\" \/>\n\n\t\t\t\t\t\t\t<input type=\"hidden\" name=\"queried_id\" value=\"31287\"\/>\n\t\t\t\n\t\t\t<div class=\"elementor-form-fields-wrapper elementor-labels-above\">\n\t\t\t\t\t\t\t\t<div class=\"elementor-field-type-text elementor-field-group elementor-column elementor-field-group-name elementor-col-100 elementor-field-required\">\n\t\t\t\t\t\t\t\t\t\t\t\t<label for=\"form-field-name\" class=\"elementor-field-label\">\n\t\t\t\t\t\t\t\tID de l'affili\u00e9\t\t\t\t\t\t\t<\/label>\n\t\t\t\t\t\t\t\t\t\t\t\t\t\t<input size=\"1\" type=\"text\" name=\"form_fields[name]\" id=\"form-field-name\" class=\"elementor-field elementor-size-md  elementor-field-textual\" placeholder=\"ID de l&#039;affili\u00e9\" required=\"required\">\n\t\t\t\t\t\t\t\t\t\t\t<\/div>\n\t\t\t\t\t\t\t\t<div class=\"elementor-field-type-email elementor-field-group elementor-column elementor-field-group-email elementor-col-100 elementor-field-required\">\n\t\t\t\t\t\t\t\t\t\t\t\t<label for=\"form-field-email\" class=\"elementor-field-label\">\n\t\t\t\t\t\t\t\tEmail du compte\t\t\t\t\t\t\t<\/label>\n\t\t\t\t\t\t\t\t\t\t\t\t\t\t<input size=\"1\" type=\"email\" name=\"form_fields[email]\" id=\"form-field-email\" class=\"elementor-field elementor-size-md  elementor-field-textual\" placeholder=\"Email du compte\" required=\"required\">\n\t\t\t\t\t\t\t\t\t\t\t<\/div>\n\t\t\t\t\t\t\t\t<div class=\"elementor-field-type-text elementor-field-group elementor-column elementor-field-group-message elementor-col-100 elementor-field-required\">\n\t\t\t\t\t\t\t\t\t\t\t\t<label for=\"form-field-message\" class=\"elementor-field-label\">\n\t\t\t\t\t\t\t\tCode coupon\t\t\t\t\t\t\t<\/label>\n\t\t\t\t\t\t\t\t\t\t\t\t\t\t<input size=\"1\" type=\"text\" name=\"form_fields[message]\" id=\"form-field-message\" class=\"elementor-field elementor-size-md  elementor-field-textual\" placeholder=\"Code coupon\" required=\"required\">\n\t\t\t\t\t\t\t\t\t\t\t<\/div>\n\t\t\t\t\t\t\t\t<div class=\"elementor-field-group elementor-column elementor-field-type-submit elementor-col-100 e-form__buttons\">\n\t\t\t\t\t<button class=\"elementor-button elementor-size-md\" type=\"submit\">\n\t\t\t\t\t\t<span class=\"elementor-button-content-wrapper\">\n\t\t\t\t\t\t\t\t\t\t\t\t\t\t\t\t\t\t\t\t\t\t<span class=\"elementor-button-text\">Envoyer<\/span>\n\t\t\t\t\t\t\t\t\t\t\t\t\t<\/span>\n\t\t\t\t\t<\/button>\n\t\t\t\t<\/div>\n\t\t\t<\/div>\n\t\t<\/form>\n\t\t\t\t\t\t<\/div>\n\t\t\t\t<\/div>\n\t\t\t\t<div class=\"elementor-element elementor-element-2835d51 color-scheme-inherit text-left elementor-widget elementor-widget-text-editor\" data-id=\"2835d51\" data-element_type=\"widget\" data-e-type=\"widget\" data-widget_type=\"text-editor.default\">\n\t\t\t\t<div class=\"elementor-widget-container\">\n\t\t\t\t\t\t\t\t\t<p>N&#8217;oubliez pas que vous ne pouvez pas utiliser les coupons pour vous-m\u00eame. Le coupon sera li\u00e9 \u00e0 votre compte afin que vous puissiez gagner des cr\u00e9dits de magasin.<\/p>\n<p>Si vous avez besoin d&#8217;aide, veuillez <a href=\"https:\/\/naturaltreats.eu\/fr\/contactez-nous\/\">nous contacter<\/a>.<\/p>\n\t\t\t\t\t\t\t\t<\/div>\n\t\t\t\t<\/div>\n\t\t\t\t<\/div>\n\t\t\t\t\t<\/div>\n\t\t\t\t<\/div>\n\t\t\t\t<\/div>\n\t\t","protected":false},"excerpt":{"rendered":"<p>Coupons ambassadeurs Demander un coupon personnalis\u00e9 Si vous \u00eates un ambassadeur, vous pouvez demander un code promo \u00e0 partager avec<\/p>\n","protected":false},"author":1,"featured_media":31106,"parent":15145,"menu_order":0,"comment_status":"closed","ping_status":"closed","template":"","meta":{"_acf_changed":false,"footnotes":""},"class_list":["post-31287","page","type-page","status-publish","has-post-thumbnail","hentry"],"acf":[],"yoast_head":"<!-- This site is optimized with the Yoast SEO Premium plugin v23.5 (Yoast SEO v25.0) - https:\/\/yoast.com\/wordpress\/plugins\/seo\/ -->\n<title>Demander un coupon | Natural Treats<\/title>\n<meta name=\"description\" content=\"Si vous \u00eates un ambassadeur, vous pouvez demander un code promo \u00e0 partager avec vos followers. Ce code promotionnel permettra \u00e0 vos followers de b\u00e9n\u00e9ficier d&#039;une r\u00e9duction de 10 % et, lorsqu&#039;ils utiliseront ce code, vous obtiendrez un cr\u00e9dit magasin de 10 %.\" \/>\n<meta name=\"robots\" content=\"noindex, follow\" \/>\n<meta property=\"og:locale\" content=\"fr_FR\" \/>\n<meta property=\"og:type\" content=\"article\" \/>\n<meta property=\"og:title\" content=\"Demander un coupon\" \/>\n<meta property=\"og:description\" content=\"Si vous \u00eates un ambassadeur, vous pouvez demander un code promo \u00e0 partager avec vos followers. Ce code promotionnel permettra \u00e0 vos followers de b\u00e9n\u00e9ficier d&#039;une r\u00e9duction de 10 % et, lorsqu&#039;ils utiliseront ce code, vous obtiendrez un cr\u00e9dit magasin de 10 %.\" \/>\n<meta property=\"og:url\" content=\"https:\/\/naturaltreats.eu\/fr\/zone-daffiliation\/demander-un-coupon\/\" \/>\n<meta property=\"og:site_name\" content=\"Natural Treats\" \/>\n<meta property=\"article:publisher\" content=\"https:\/\/facebook.com\/naturaltreatseu\" \/>\n<meta property=\"article:modified_time\" content=\"2024-12-23T20:14:05+00:00\" \/>\n<meta property=\"og:image\" content=\"https:\/\/naturaltreats.eu\/wp-content\/uploads\/2022\/08\/giphy-2.gif\" \/>\n\t<meta property=\"og:image:width\" content=\"300\" \/>\n\t<meta property=\"og:image:height\" content=\"300\" \/>\n\t<meta property=\"og:image:type\" content=\"image\/gif\" \/>\n<meta name=\"twitter:card\" content=\"summary_large_image\" \/>\n<meta name=\"twitter:label1\" content=\"Dur\u00e9e de lecture estim\u00e9e\" \/>\n\t<meta name=\"twitter:data1\" content=\"1 minute\" \/>\n<script type=\"application\/ld+json\" class=\"yoast-schema-graph\">{\"@context\":\"https:\/\/schema.org\",\"@graph\":[{\"@type\":\"WebPage\",\"@id\":\"https:\/\/naturaltreats.eu\/fr\/zone-daffiliation\/demander-un-coupon\/\",\"url\":\"https:\/\/naturaltreats.eu\/fr\/zone-daffiliation\/demander-un-coupon\/\",\"name\":\"Demander un coupon | Natural Treats\",\"isPartOf\":{\"@id\":\"https:\/\/naturaltreats.eu\/fr\/#website\"},\"primaryImageOfPage\":{\"@id\":\"https:\/\/naturaltreats.eu\/fr\/zone-daffiliation\/demander-un-coupon\/#primaryimage\"},\"image\":{\"@id\":\"https:\/\/naturaltreats.eu\/fr\/zone-daffiliation\/demander-un-coupon\/#primaryimage\"},\"thumbnailUrl\":\"https:\/\/naturaltreats.eu\/wp-content\/uploads\/2022\/08\/giphy-2.gif\",\"datePublished\":\"2022-08-06T13:18:39+00:00\",\"dateModified\":\"2024-12-23T20:14:05+00:00\",\"description\":\"Si vous \u00eates un ambassadeur, vous pouvez demander un code promo \u00e0 partager avec vos followers. Ce code promotionnel permettra \u00e0 vos followers de b\u00e9n\u00e9ficier d'une r\u00e9duction de 10 % et, lorsqu'ils utiliseront ce code, vous obtiendrez un cr\u00e9dit magasin de 10 %.\",\"breadcrumb\":{\"@id\":\"https:\/\/naturaltreats.eu\/fr\/zone-daffiliation\/demander-un-coupon\/#breadcrumb\"},\"inLanguage\":\"fr-FR\",\"potentialAction\":[{\"@type\":\"ReadAction\",\"target\":[\"https:\/\/naturaltreats.eu\/fr\/zone-daffiliation\/demander-un-coupon\/\"]}]},{\"@type\":\"ImageObject\",\"inLanguage\":\"fr-FR\",\"@id\":\"https:\/\/naturaltreats.eu\/fr\/zone-daffiliation\/demander-un-coupon\/#primaryimage\",\"url\":\"https:\/\/naturaltreats.eu\/wp-content\/uploads\/2022\/08\/giphy-2.gif\",\"contentUrl\":\"https:\/\/naturaltreats.eu\/wp-content\/uploads\/2022\/08\/giphy-2.gif\",\"width\":300,\"height\":300,\"caption\":\"Dog gif\"},{\"@type\":\"BreadcrumbList\",\"@id\":\"https:\/\/naturaltreats.eu\/fr\/zone-daffiliation\/demander-un-coupon\/#breadcrumb\",\"itemListElement\":[{\"@type\":\"ListItem\",\"position\":1,\"name\":\"Home\",\"item\":\"https:\/\/naturaltreats.eu\/fr\/domicile\/\"},{\"@type\":\"ListItem\",\"position\":2,\"name\":\"Zone d&#8217;affiliation\",\"item\":\"https:\/\/naturaltreats.eu\/fr\/zone-daffiliation\/\"},{\"@type\":\"ListItem\",\"position\":3,\"name\":\"Demander un coupon\"}]},{\"@type\":\"WebSite\",\"@id\":\"https:\/\/naturaltreats.eu\/fr\/#website\",\"url\":\"https:\/\/naturaltreats.eu\/fr\/\",\"name\":\"Natural Treats\",\"description\":\"Best Rated Natural Dog Treats In Europe\",\"publisher\":{\"@id\":\"https:\/\/naturaltreats.eu\/fr\/#organization\"},\"potentialAction\":[{\"@type\":\"SearchAction\",\"target\":{\"@type\":\"EntryPoint\",\"urlTemplate\":\"https:\/\/naturaltreats.eu\/fr\/?s={search_term_string}\"},\"query-input\":{\"@type\":\"PropertyValueSpecification\",\"valueRequired\":true,\"valueName\":\"search_term_string\"}}],\"inLanguage\":\"fr-FR\"},{\"@type\":\"Organization\",\"@id\":\"https:\/\/naturaltreats.eu\/fr\/#organization\",\"name\":\"Natural Treats\",\"url\":\"https:\/\/naturaltreats.eu\/fr\/\",\"logo\":{\"@type\":\"ImageObject\",\"inLanguage\":\"fr-FR\",\"@id\":\"https:\/\/naturaltreats.eu\/fr\/#\/schema\/logo\/image\/\",\"url\":\"https:\/\/naturaltreats.eu\/wp-content\/uploads\/2020\/08\/social.jpg\",\"contentUrl\":\"https:\/\/naturaltreats.eu\/wp-content\/uploads\/2020\/08\/social.jpg\",\"width\":1000,\"height\":1000,\"caption\":\"Natural Treats\"},\"image\":{\"@id\":\"https:\/\/naturaltreats.eu\/fr\/#\/schema\/logo\/image\/\"},\"sameAs\":[\"https:\/\/facebook.com\/naturaltreatseu\",\"https:\/\/instagram.com\/naturaltreatseu\"]}]}<\/script>\n<!-- \/ Yoast SEO Premium plugin. -->","yoast_head_json":{"title":"Demander un coupon | Natural Treats","description":"Si vous \u00eates un ambassadeur, vous pouvez demander un code promo \u00e0 partager avec vos followers. Ce code promotionnel permettra \u00e0 vos followers de b\u00e9n\u00e9ficier d'une r\u00e9duction de 10 % et, lorsqu'ils utiliseront ce code, vous obtiendrez un cr\u00e9dit magasin de 10 %.","robots":{"index":"noindex","follow":"follow"},"og_locale":"fr_FR","og_type":"article","og_title":"Demander un coupon","og_description":"Si vous \u00eates un ambassadeur, vous pouvez demander un code promo \u00e0 partager avec vos followers. Ce code promotionnel permettra \u00e0 vos followers de b\u00e9n\u00e9ficier d'une r\u00e9duction de 10 % et, lorsqu'ils utiliseront ce code, vous obtiendrez un cr\u00e9dit magasin de 10 %.","og_url":"https:\/\/naturaltreats.eu\/fr\/zone-daffiliation\/demander-un-coupon\/","og_site_name":"Natural Treats","article_publisher":"https:\/\/facebook.com\/naturaltreatseu","article_modified_time":"2024-12-23T20:14:05+00:00","og_image":[{"url":"https:\/\/naturaltreats.eu\/wp-content\/uploads\/2022\/08\/giphy-2.gif","width":300,"height":300,"type":"image\/gif"}],"twitter_card":"summary_large_image","twitter_misc":{"Dur\u00e9e de lecture estim\u00e9e":"1 minute"},"schema":{"@context":"https:\/\/schema.org","@graph":[{"@type":"WebPage","@id":"https:\/\/naturaltreats.eu\/fr\/zone-daffiliation\/demander-un-coupon\/","url":"https:\/\/naturaltreats.eu\/fr\/zone-daffiliation\/demander-un-coupon\/","name":"Demander un coupon | Natural Treats","isPartOf":{"@id":"https:\/\/naturaltreats.eu\/fr\/#website"},"primaryImageOfPage":{"@id":"https:\/\/naturaltreats.eu\/fr\/zone-daffiliation\/demander-un-coupon\/#primaryimage"},"image":{"@id":"https:\/\/naturaltreats.eu\/fr\/zone-daffiliation\/demander-un-coupon\/#primaryimage"},"thumbnailUrl":"https:\/\/naturaltreats.eu\/wp-content\/uploads\/2022\/08\/giphy-2.gif","datePublished":"2022-08-06T13:18:39+00:00","dateModified":"2024-12-23T20:14:05+00:00","description":"Si vous \u00eates un ambassadeur, vous pouvez demander un code promo \u00e0 partager avec vos followers. Ce code promotionnel permettra \u00e0 vos followers de b\u00e9n\u00e9ficier d'une r\u00e9duction de 10 % et, lorsqu'ils utiliseront ce code, vous obtiendrez un cr\u00e9dit magasin de 10 %.","breadcrumb":{"@id":"https:\/\/naturaltreats.eu\/fr\/zone-daffiliation\/demander-un-coupon\/#breadcrumb"},"inLanguage":"fr-FR","potentialAction":[{"@type":"ReadAction","target":["https:\/\/naturaltreats.eu\/fr\/zone-daffiliation\/demander-un-coupon\/"]}]},{"@type":"ImageObject","inLanguage":"fr-FR","@id":"https:\/\/naturaltreats.eu\/fr\/zone-daffiliation\/demander-un-coupon\/#primaryimage","url":"https:\/\/naturaltreats.eu\/wp-content\/uploads\/2022\/08\/giphy-2.gif","contentUrl":"https:\/\/naturaltreats.eu\/wp-content\/uploads\/2022\/08\/giphy-2.gif","width":300,"height":300,"caption":"Dog gif"},{"@type":"BreadcrumbList","@id":"https:\/\/naturaltreats.eu\/fr\/zone-daffiliation\/demander-un-coupon\/#breadcrumb","itemListElement":[{"@type":"ListItem","position":1,"name":"Home","item":"https:\/\/naturaltreats.eu\/fr\/domicile\/"},{"@type":"ListItem","position":2,"name":"Zone d&#8217;affiliation","item":"https:\/\/naturaltreats.eu\/fr\/zone-daffiliation\/"},{"@type":"ListItem","position":3,"name":"Demander un coupon"}]},{"@type":"WebSite","@id":"https:\/\/naturaltreats.eu\/fr\/#website","url":"https:\/\/naturaltreats.eu\/fr\/","name":"Natural Treats","description":"Best Rated Natural Dog Treats In Europe","publisher":{"@id":"https:\/\/naturaltreats.eu\/fr\/#organization"},"potentialAction":[{"@type":"SearchAction","target":{"@type":"EntryPoint","urlTemplate":"https:\/\/naturaltreats.eu\/fr\/?s={search_term_string}"},"query-input":{"@type":"PropertyValueSpecification","valueRequired":true,"valueName":"search_term_string"}}],"inLanguage":"fr-FR"},{"@type":"Organization","@id":"https:\/\/naturaltreats.eu\/fr\/#organization","name":"Natural Treats","url":"https:\/\/naturaltreats.eu\/fr\/","logo":{"@type":"ImageObject","inLanguage":"fr-FR","@id":"https:\/\/naturaltreats.eu\/fr\/#\/schema\/logo\/image\/","url":"https:\/\/naturaltreats.eu\/wp-content\/uploads\/2020\/08\/social.jpg","contentUrl":"https:\/\/naturaltreats.eu\/wp-content\/uploads\/2020\/08\/social.jpg","width":1000,"height":1000,"caption":"Natural Treats"},"image":{"@id":"https:\/\/naturaltreats.eu\/fr\/#\/schema\/logo\/image\/"},"sameAs":["https:\/\/facebook.com\/naturaltreatseu","https:\/\/instagram.com\/naturaltreatseu"]}]}},"_links":{"self":[{"href":"https:\/\/naturaltreats.eu\/fr\/wp-json\/wp\/v2\/pages\/31287","targetHints":{"allow":["GET"]}}],"collection":[{"href":"https:\/\/naturaltreats.eu\/fr\/wp-json\/wp\/v2\/pages"}],"about":[{"href":"https:\/\/naturaltreats.eu\/fr\/wp-json\/wp\/v2\/types\/page"}],"author":[{"embeddable":true,"href":"https:\/\/naturaltreats.eu\/fr\/wp-json\/wp\/v2\/users\/1"}],"replies":[{"embeddable":true,"href":"https:\/\/naturaltreats.eu\/fr\/wp-json\/wp\/v2\/comments?post=31287"}],"version-history":[{"count":7,"href":"https:\/\/naturaltreats.eu\/fr\/wp-json\/wp\/v2\/pages\/31287\/revisions"}],"predecessor-version":[{"id":49490,"href":"https:\/\/naturaltreats.eu\/fr\/wp-json\/wp\/v2\/pages\/31287\/revisions\/49490"}],"up":[{"embeddable":true,"href":"https:\/\/naturaltreats.eu\/fr\/wp-json\/wp\/v2\/pages\/15145"}],"wp:featuredmedia":[{"embeddable":true,"href":"https:\/\/naturaltreats.eu\/fr\/wp-json\/wp\/v2\/media\/31106"}],"wp:attachment":[{"href":"https:\/\/naturaltreats.eu\/fr\/wp-json\/wp\/v2\/media?parent=31287"}],"curies":[{"name":"wp","href":"https:\/\/api.w.org\/{rel}","templated":true}]}}