{"id":20008,"date":"2021-11-19T12:03:02","date_gmt":"2021-11-19T11:03:54","guid":{"rendered":"https:\/\/naturaltreats.eu\/product\/oreille-de-boeuf-avec-fourrure\/"},"modified":"2024-02-06T14:43:19","modified_gmt":"2024-02-06T13:43:19","slug":"oreille-de-boeuf-avec-fourrure","status":"publish","type":"product","link":"https:\/\/naturaltreats.eu\/fr\/product\/oreille-de-boeuf-avec-fourrure\/","title":{"rendered":"Oreille de b\u0153uf avec fourrure"},"content":{"rendered":"<p>Les oreilles de b\u0153uf avec fourrure pour chiens constituent un fantastique en-cas r\u00e9sistant qui sert \u00e9galement de vermifuge naturel. Les cheveux sont tr\u00e8s b\u00e9n\u00e9fiques pour le tube digestif (pensez-y comme \u00e0 un cure-pipe). Il contient \u00e9galement de bonnes quantit\u00e9s de fibres. Les oreilles de b\u0153uf contiennent beaucoup moins de graisse que les oreilles de porc et sont parfaites pour les chiens qui doivent contr\u00f4ler leur alimentation.<\/p>\n","protected":false},"excerpt":{"rendered":"<p><i class=\"fas fa-circle\"><\/i><i class=\"fas fa-circle\"><\/i><i class=\"fas fa-circle\"><\/i>  70g | 1 pi\u00e8ce<\/p>\n","protected":false},"featured_media":8480,"template":"","meta":{"_acf_changed":false},"dog-type":[],"ingredients":[],"product_brand":[],"product_cat":[178],"product_tag":[],"class_list":{"0":"post-20008","1":"product","2":"type-product","3":"status-publish","4":"has-post-thumbnail","6":"product_cat-snacks-fr","7":"tm-has-options","9":"first","10":"instock","11":"taxable","12":"shipping-taxable","13":"purchasable","14":"product-type-simple"},"bundled_by":[],"bundle_stock_status":"instock","bundle_stock_quantity":null,"bundle_virtual":false,"bundle_layout":"","bundle_add_to_cart_form_location":"","bundle_editable_in_cart":false,"bundle_sold_individually_context":"","bundle_item_grouping":"","bundle_min_size":"","bundle_max_size":"","bundle_price":[],"bundled_items":[],"bundle_sell_ids":[],"acf":[],"yoast_head":"<!-- This site is optimized with the Yoast SEO Premium plugin v23.5 (Yoast SEO v25.0) - https:\/\/yoast.com\/wordpress\/plugins\/seo\/ -->\n<title>Oreille de b\u0153uf avec fourrure | Natural Treats<\/title>\n<meta name=\"description\" content=\"Les oreilles de b\u0153uf avec fourrure pour chiens constituent un fantastique en-cas r\u00e9sistant qui sert \u00e9galement de vermifuge naturel. Les cheveux sont tr\u00e8s b\u00e9n\u00e9fiques pour le tube digestif (pensez-y comme \u00e0 un cure-pipe). Il contient \u00e9galement de bonnes quantit\u00e9s de fibres. Les oreilles de b\u0153uf contiennent beaucoup moins de graisse que les oreilles de porc et sont parfaites pour les chiens qui doivent contr\u00f4ler leur alimentation.\" \/>\n<meta name=\"robots\" content=\"index, follow, max-snippet:-1, max-image-preview:large, max-video-preview:-1\" \/>\n<link rel=\"canonical\" href=\"https:\/\/naturaltreats.eu\/fr\/product\/oreille-de-boeuf-avec-fourrure\/\" \/>\n<meta property=\"og:locale\" content=\"fr_FR\" \/>\n<meta property=\"og:type\" content=\"article\" \/>\n<meta property=\"og:title\" content=\"Oreille de b\u0153uf avec fourrure\" \/>\n<meta property=\"og:description\" content=\"Les oreilles de b\u0153uf avec fourrure pour chiens constituent un fantastique en-cas r\u00e9sistant qui sert \u00e9galement de vermifuge naturel. Les cheveux sont tr\u00e8s b\u00e9n\u00e9fiques pour le tube digestif (pensez-y comme \u00e0 un cure-pipe). Il contient \u00e9galement de bonnes quantit\u00e9s de fibres. Les oreilles de b\u0153uf contiennent beaucoup moins de graisse que les oreilles de porc et sont parfaites pour les chiens qui doivent contr\u00f4ler leur alimentation.\" \/>\n<meta property=\"og:url\" content=\"https:\/\/naturaltreats.eu\/fr\/product\/oreille-de-boeuf-avec-fourrure\/\" \/>\n<meta property=\"og:site_name\" content=\"Natural Treats\" \/>\n<meta property=\"article:publisher\" content=\"https:\/\/facebook.com\/naturaltreatseu\" \/>\n<meta property=\"article:modified_time\" content=\"2024-02-06T13:43:19+00:00\" \/>\n<meta property=\"og:image\" content=\"https:\/\/naturaltreats.eu\/wp-content\/uploads\/2021\/04\/Hariy-Venison-Ears.jpg\" \/>\n\t<meta property=\"og:image:width\" content=\"1080\" \/>\n\t<meta property=\"og:image:height\" content=\"1080\" \/>\n\t<meta property=\"og:image:type\" content=\"image\/jpeg\" \/>\n<meta name=\"twitter:card\" content=\"summary_large_image\" \/>\n<meta name=\"twitter:label1\" content=\"Prix\" \/>\n\t<meta name=\"twitter:data1\" content=\"2,90&euro;\" \/>\n\t<meta name=\"twitter:label2\" content=\"Disponibilit\u00e9\" \/>\n\t<meta name=\"twitter:data2\" content=\"En stock\" \/>\n<script type=\"application\/ld+json\" class=\"yoast-schema-graph\">{\"@context\":\"https:\/\/schema.org\",\"@graph\":[{\"@type\":\"WebPage\",\"@id\":\"https:\/\/naturaltreats.eu\/fr\/product\/oreille-de-boeuf-avec-fourrure\/\",\"url\":\"https:\/\/naturaltreats.eu\/fr\/product\/oreille-de-boeuf-avec-fourrure\/\",\"name\":\"Oreille de b\u0153uf avec fourrure | Natural Treats\",\"isPartOf\":{\"@id\":\"https:\/\/naturaltreats.eu\/fr\/#website\"},\"primaryImageOfPage\":{\"@id\":\"https:\/\/naturaltreats.eu\/fr\/product\/oreille-de-boeuf-avec-fourrure\/#primaryimage\"},\"image\":{\"@id\":\"https:\/\/naturaltreats.eu\/fr\/product\/oreille-de-boeuf-avec-fourrure\/#primaryimage\"},\"thumbnailUrl\":\"https:\/\/naturaltreats.eu\/wp-content\/uploads\/2021\/04\/Hariy-Venison-Ears.jpg\",\"datePublished\":\"2021-11-19T11:03:54+00:00\",\"dateModified\":\"2024-02-06T13:43:19+00:00\",\"description\":\"Les oreilles de b\u0153uf avec fourrure pour chiens constituent un fantastique en-cas r\u00e9sistant qui sert \u00e9galement de vermifuge naturel. Les cheveux sont tr\u00e8s b\u00e9n\u00e9fiques pour le tube digestif (pensez-y comme \u00e0 un cure-pipe). Il contient \u00e9galement de bonnes quantit\u00e9s de fibres. Les oreilles de b\u0153uf contiennent beaucoup moins de graisse que les oreilles de porc et sont parfaites pour les chiens qui doivent contr\u00f4ler leur alimentation.\",\"breadcrumb\":{\"@id\":\"https:\/\/naturaltreats.eu\/fr\/product\/oreille-de-boeuf-avec-fourrure\/#breadcrumb\"},\"inLanguage\":\"fr-FR\",\"potentialAction\":[{\"@type\":\"ReadAction\",\"target\":[\"https:\/\/naturaltreats.eu\/fr\/product\/oreille-de-boeuf-avec-fourrure\/\"]}]},{\"@type\":\"ImageObject\",\"inLanguage\":\"fr-FR\",\"@id\":\"https:\/\/naturaltreats.eu\/fr\/product\/oreille-de-boeuf-avec-fourrure\/#primaryimage\",\"url\":\"https:\/\/naturaltreats.eu\/wp-content\/uploads\/2021\/04\/Hariy-Venison-Ears.jpg\",\"contentUrl\":\"https:\/\/naturaltreats.eu\/wp-content\/uploads\/2021\/04\/Hariy-Venison-Ears.jpg\",\"width\":1080,\"height\":1080,\"caption\":\"Oreilles de chevreuil Hariy pour chiens\"},{\"@type\":\"BreadcrumbList\",\"@id\":\"https:\/\/naturaltreats.eu\/fr\/product\/oreille-de-boeuf-avec-fourrure\/#breadcrumb\",\"itemListElement\":[{\"@type\":\"ListItem\",\"position\":1,\"name\":\"Home\",\"item\":\"https:\/\/naturaltreats.eu\/fr\/domicile\/\"},{\"@type\":\"ListItem\",\"position\":2,\"name\":\"Boutique\",\"item\":\"https:\/\/naturaltreats.eu\/fr\/boutique\/\"},{\"@type\":\"ListItem\",\"position\":3,\"name\":\"Oreille de b\u0153uf avec fourrure\"}]},{\"@type\":\"WebSite\",\"@id\":\"https:\/\/naturaltreats.eu\/fr\/#website\",\"url\":\"https:\/\/naturaltreats.eu\/fr\/\",\"name\":\"Natural Treats\",\"description\":\"Best Rated Natural Dog Treats In Europe\",\"publisher\":{\"@id\":\"https:\/\/naturaltreats.eu\/fr\/#organization\"},\"potentialAction\":[{\"@type\":\"SearchAction\",\"target\":{\"@type\":\"EntryPoint\",\"urlTemplate\":\"https:\/\/naturaltreats.eu\/fr\/?s={search_term_string}\"},\"query-input\":{\"@type\":\"PropertyValueSpecification\",\"valueRequired\":true,\"valueName\":\"search_term_string\"}}],\"inLanguage\":\"fr-FR\"},{\"@type\":\"Organization\",\"@id\":\"https:\/\/naturaltreats.eu\/fr\/#organization\",\"name\":\"Natural Treats\",\"url\":\"https:\/\/naturaltreats.eu\/fr\/\",\"logo\":{\"@type\":\"ImageObject\",\"inLanguage\":\"fr-FR\",\"@id\":\"https:\/\/naturaltreats.eu\/fr\/#\/schema\/logo\/image\/\",\"url\":\"https:\/\/naturaltreats.eu\/wp-content\/uploads\/2020\/08\/social.jpg\",\"contentUrl\":\"https:\/\/naturaltreats.eu\/wp-content\/uploads\/2020\/08\/social.jpg\",\"width\":1000,\"height\":1000,\"caption\":\"Natural Treats\"},\"image\":{\"@id\":\"https:\/\/naturaltreats.eu\/fr\/#\/schema\/logo\/image\/\"},\"sameAs\":[\"https:\/\/facebook.com\/naturaltreatseu\",\"https:\/\/instagram.com\/naturaltreatseu\"]}]}<\/script>\n<meta property=\"product:price:amount\" content=\"2.90\" \/>\n<meta property=\"product:price:currency\" content=\"EUR\" \/>\n<meta property=\"og:availability\" content=\"instock\" \/>\n<meta property=\"product:availability\" content=\"instock\" \/>\n<meta property=\"product:condition\" content=\"new\" \/>\n<!-- \/ Yoast SEO Premium plugin. -->","yoast_head_json":{"title":"Oreille de b\u0153uf avec fourrure | Natural Treats","description":"Les oreilles de b\u0153uf avec fourrure pour chiens constituent un fantastique en-cas r\u00e9sistant qui sert \u00e9galement de vermifuge naturel. Les cheveux sont tr\u00e8s b\u00e9n\u00e9fiques pour le tube digestif (pensez-y comme \u00e0 un cure-pipe). Il contient \u00e9galement de bonnes quantit\u00e9s de fibres. Les oreilles de b\u0153uf contiennent beaucoup moins de graisse que les oreilles de porc et sont parfaites pour les chiens qui doivent contr\u00f4ler leur alimentation.","robots":{"index":"index","follow":"follow","max-snippet":"max-snippet:-1","max-image-preview":"max-image-preview:large","max-video-preview":"max-video-preview:-1"},"canonical":"https:\/\/naturaltreats.eu\/fr\/product\/oreille-de-boeuf-avec-fourrure\/","og_locale":"fr_FR","og_type":"article","og_title":"Oreille de b\u0153uf avec fourrure","og_description":"Les oreilles de b\u0153uf avec fourrure pour chiens constituent un fantastique en-cas r\u00e9sistant qui sert \u00e9galement de vermifuge naturel. Les cheveux sont tr\u00e8s b\u00e9n\u00e9fiques pour le tube digestif (pensez-y comme \u00e0 un cure-pipe). Il contient \u00e9galement de bonnes quantit\u00e9s de fibres. Les oreilles de b\u0153uf contiennent beaucoup moins de graisse que les oreilles de porc et sont parfaites pour les chiens qui doivent contr\u00f4ler leur alimentation.","og_url":"https:\/\/naturaltreats.eu\/fr\/product\/oreille-de-boeuf-avec-fourrure\/","og_site_name":"Natural Treats","article_publisher":"https:\/\/facebook.com\/naturaltreatseu","article_modified_time":"2024-02-06T13:43:19+00:00","og_image":[{"width":1080,"height":1080,"url":"https:\/\/naturaltreats.eu\/wp-content\/uploads\/2021\/04\/Hariy-Venison-Ears.jpg","type":"image\/jpeg"}],"twitter_card":"summary_large_image","twitter_misc":{"Prix":"2,90&euro;","Disponibilit\u00e9":"En stock"},"schema":{"@context":"https:\/\/schema.org","@graph":[{"@type":"WebPage","@id":"https:\/\/naturaltreats.eu\/fr\/product\/oreille-de-boeuf-avec-fourrure\/","url":"https:\/\/naturaltreats.eu\/fr\/product\/oreille-de-boeuf-avec-fourrure\/","name":"Oreille de b\u0153uf avec fourrure | Natural Treats","isPartOf":{"@id":"https:\/\/naturaltreats.eu\/fr\/#website"},"primaryImageOfPage":{"@id":"https:\/\/naturaltreats.eu\/fr\/product\/oreille-de-boeuf-avec-fourrure\/#primaryimage"},"image":{"@id":"https:\/\/naturaltreats.eu\/fr\/product\/oreille-de-boeuf-avec-fourrure\/#primaryimage"},"thumbnailUrl":"https:\/\/naturaltreats.eu\/wp-content\/uploads\/2021\/04\/Hariy-Venison-Ears.jpg","datePublished":"2021-11-19T11:03:54+00:00","dateModified":"2024-02-06T13:43:19+00:00","description":"Les oreilles de b\u0153uf avec fourrure pour chiens constituent un fantastique en-cas r\u00e9sistant qui sert \u00e9galement de vermifuge naturel. Les cheveux sont tr\u00e8s b\u00e9n\u00e9fiques pour le tube digestif (pensez-y comme \u00e0 un cure-pipe). Il contient \u00e9galement de bonnes quantit\u00e9s de fibres. Les oreilles de b\u0153uf contiennent beaucoup moins de graisse que les oreilles de porc et sont parfaites pour les chiens qui doivent contr\u00f4ler leur alimentation.","breadcrumb":{"@id":"https:\/\/naturaltreats.eu\/fr\/product\/oreille-de-boeuf-avec-fourrure\/#breadcrumb"},"inLanguage":"fr-FR","potentialAction":[{"@type":"ReadAction","target":["https:\/\/naturaltreats.eu\/fr\/product\/oreille-de-boeuf-avec-fourrure\/"]}]},{"@type":"ImageObject","inLanguage":"fr-FR","@id":"https:\/\/naturaltreats.eu\/fr\/product\/oreille-de-boeuf-avec-fourrure\/#primaryimage","url":"https:\/\/naturaltreats.eu\/wp-content\/uploads\/2021\/04\/Hariy-Venison-Ears.jpg","contentUrl":"https:\/\/naturaltreats.eu\/wp-content\/uploads\/2021\/04\/Hariy-Venison-Ears.jpg","width":1080,"height":1080,"caption":"Oreilles de chevreuil Hariy pour chiens"},{"@type":"BreadcrumbList","@id":"https:\/\/naturaltreats.eu\/fr\/product\/oreille-de-boeuf-avec-fourrure\/#breadcrumb","itemListElement":[{"@type":"ListItem","position":1,"name":"Home","item":"https:\/\/naturaltreats.eu\/fr\/domicile\/"},{"@type":"ListItem","position":2,"name":"Boutique","item":"https:\/\/naturaltreats.eu\/fr\/boutique\/"},{"@type":"ListItem","position":3,"name":"Oreille de b\u0153uf avec fourrure"}]},{"@type":"WebSite","@id":"https:\/\/naturaltreats.eu\/fr\/#website","url":"https:\/\/naturaltreats.eu\/fr\/","name":"Natural Treats","description":"Best Rated Natural Dog Treats In Europe","publisher":{"@id":"https:\/\/naturaltreats.eu\/fr\/#organization"},"potentialAction":[{"@type":"SearchAction","target":{"@type":"EntryPoint","urlTemplate":"https:\/\/naturaltreats.eu\/fr\/?s={search_term_string}"},"query-input":{"@type":"PropertyValueSpecification","valueRequired":true,"valueName":"search_term_string"}}],"inLanguage":"fr-FR"},{"@type":"Organization","@id":"https:\/\/naturaltreats.eu\/fr\/#organization","name":"Natural Treats","url":"https:\/\/naturaltreats.eu\/fr\/","logo":{"@type":"ImageObject","inLanguage":"fr-FR","@id":"https:\/\/naturaltreats.eu\/fr\/#\/schema\/logo\/image\/","url":"https:\/\/naturaltreats.eu\/wp-content\/uploads\/2020\/08\/social.jpg","contentUrl":"https:\/\/naturaltreats.eu\/wp-content\/uploads\/2020\/08\/social.jpg","width":1000,"height":1000,"caption":"Natural Treats"},"image":{"@id":"https:\/\/naturaltreats.eu\/fr\/#\/schema\/logo\/image\/"},"sameAs":["https:\/\/facebook.com\/naturaltreatseu","https:\/\/instagram.com\/naturaltreatseu"]}]},"product_price_amount":"2.90","product_price_currency":"EUR","og_availability":"instock","product_availability":"instock","product_condition":"new"},"_links":{"self":[{"href":"https:\/\/naturaltreats.eu\/fr\/wp-json\/wp\/v2\/product\/20008","targetHints":{"allow":["GET"]}}],"collection":[{"href":"https:\/\/naturaltreats.eu\/fr\/wp-json\/wp\/v2\/product"}],"about":[{"href":"https:\/\/naturaltreats.eu\/fr\/wp-json\/wp\/v2\/types\/product"}],"wp:featuredmedia":[{"embeddable":true,"href":"https:\/\/naturaltreats.eu\/fr\/wp-json\/wp\/v2\/media\/8480"}],"wp:attachment":[{"href":"https:\/\/naturaltreats.eu\/fr\/wp-json\/wp\/v2\/media?parent=20008"}],"wp:term":[{"taxonomy":"dog-type","embeddable":true,"href":"https:\/\/naturaltreats.eu\/fr\/wp-json\/wp\/v2\/dog-type?post=20008"},{"taxonomy":"ingredients","embeddable":true,"href":"https:\/\/naturaltreats.eu\/fr\/wp-json\/wp\/v2\/ingredients?post=20008"},{"taxonomy":"product_brand","embeddable":true,"href":"https:\/\/naturaltreats.eu\/fr\/wp-json\/wp\/v2\/product_brand?post=20008"},{"taxonomy":"product_cat","embeddable":true,"href":"https:\/\/naturaltreats.eu\/fr\/wp-json\/wp\/v2\/product_cat?post=20008"},{"taxonomy":"product_tag","embeddable":true,"href":"https:\/\/naturaltreats.eu\/fr\/wp-json\/wp\/v2\/product_tag?post=20008"}],"curies":[{"name":"wp","href":"https:\/\/api.w.org\/{rel}","templated":true}]}}