{"id":34914,"date":"2022-10-17T12:02:58","date_gmt":"2022-10-17T10:10:59","guid":{"rendered":"https:\/\/naturaltreats.eu\/product\/bully-stick\/"},"modified":"2024-02-06T14:41:34","modified_gmt":"2024-02-06T13:41:34","slug":"bully-stick","status":"publish","type":"product","link":"https:\/\/naturaltreats.eu\/fr\/product\/bully-stick\/","title":{"rendered":"Bully Stick"},"content":{"rendered":"<p>Les Bully sticks pour chiens, \u00e9galement connus sous le nom de Beef Pizzles, sont une friandise naturelle extr\u00eamement r\u00e9sistante pour les chiens.<\/p>\n<p>Ces Bully Sticks mesurent 15 cm de long et sont un choix populaire pour les amoureux des chiens partout dans le monde, gr\u00e2ce \u00e0 leur impressionnante r\u00e9sistance et \u00e0 leurs ingr\u00e9dients enti\u00e8rement naturels. Ces friandises sont fabriqu\u00e9es \u00e0 partir du tissu conjonctif non cuit que l&#8217;on trouve dans les muscles du b\u0153uf et du bison. Parce qu&#8217;ils sont tr\u00e8s r\u00e9sistants, les b\u00e2tonnets sont longs \u00e0 m\u00e2cher, ce qui permet de garder votre chien occup\u00e9 et engag\u00e9 tout en satisfaisant son besoin naturel de m\u00e2cher.<\/p>\n<p>Ils constituent \u00e9galement une alternative nutritive et saine aux friandises traditionnelles pour chien, car ils contiennent des niveaux \u00e9lev\u00e9s de prot\u00e9ines sans aucun additif artificiel ni agent de remplissage.<\/p>\n","protected":false},"excerpt":{"rendered":"<p><i class=\"fas fa-circle\"><\/i><i class=\"fas fa-circle\"><\/i><i class=\"fas fa-circle\"><\/i> | 15cm | 1 pi\u00e8ce<\/p>\n","protected":false},"featured_media":57567,"template":"","meta":{"_acf_changed":false},"dog-type":[],"ingredients":[],"product_brand":[],"product_cat":[178],"product_tag":[378],"class_list":{"0":"post-34914","1":"product","2":"type-product","3":"status-publish","4":"has-post-thumbnail","6":"product_cat-snacks-fr","7":"product_tag-cyo-fr","8":"tm-has-options","10":"first","11":"instock","12":"taxable","13":"shipping-taxable","14":"purchasable","15":"product-type-simple"},"bundled_by":[],"bundle_stock_status":"instock","bundle_stock_quantity":null,"bundle_virtual":false,"bundle_layout":"","bundle_add_to_cart_form_location":"","bundle_editable_in_cart":false,"bundle_sold_individually_context":"","bundle_item_grouping":"","bundle_min_size":"","bundle_max_size":"","bundle_price":[],"bundled_items":[],"bundle_sell_ids":[],"acf":[],"yoast_head":"<!-- This site is optimized with the Yoast SEO Premium plugin v23.5 (Yoast SEO v25.0) - https:\/\/yoast.com\/wordpress\/plugins\/seo\/ -->\n<title>Bully Stick | Natural Treats<\/title>\n<meta name=\"description\" content=\"Ces Bully Sticks mesurent 15 cm de long et sont un choix populaire pour les amoureux des chiens partout dans le monde, gr\u00e2ce \u00e0 leur impressionnante r\u00e9sistance et \u00e0 leurs ingr\u00e9dients enti\u00e8rement naturels.\" \/>\n<meta name=\"robots\" content=\"index, follow, max-snippet:-1, max-image-preview:large, max-video-preview:-1\" \/>\n<link rel=\"canonical\" href=\"https:\/\/naturaltreats.eu\/fr\/product\/bully-stick\/\" \/>\n<meta property=\"og:locale\" content=\"fr_FR\" \/>\n<meta property=\"og:type\" content=\"article\" \/>\n<meta property=\"og:title\" content=\"Bully Stick\" \/>\n<meta property=\"og:description\" content=\"Ces Bully Sticks mesurent 15 cm de long et sont un choix populaire pour les amoureux des chiens partout dans le monde, gr\u00e2ce \u00e0 leur impressionnante r\u00e9sistance et \u00e0 leurs ingr\u00e9dients enti\u00e8rement naturels.\" \/>\n<meta property=\"og:url\" content=\"https:\/\/naturaltreats.eu\/fr\/product\/bully-stick\/\" \/>\n<meta property=\"og:site_name\" content=\"Natural Treats\" \/>\n<meta property=\"article:publisher\" content=\"https:\/\/facebook.com\/naturaltreatseu\" \/>\n<meta property=\"article:modified_time\" content=\"2024-02-06T13:41:34+00:00\" \/>\n<meta property=\"og:image\" content=\"https:\/\/naturaltreats.eu\/wp-content\/uploads\/2024\/01\/Bully-stick.png\" \/>\n\t<meta property=\"og:image:width\" content=\"1080\" \/>\n\t<meta property=\"og:image:height\" content=\"1080\" \/>\n\t<meta property=\"og:image:type\" content=\"image\/png\" \/>\n<meta name=\"twitter:card\" content=\"summary_large_image\" \/>\n<meta name=\"twitter:label1\" content=\"Prix\" \/>\n\t<meta name=\"twitter:data1\" content=\"3,95&euro;\" \/>\n\t<meta name=\"twitter:label2\" content=\"Disponibilit\u00e9\" \/>\n\t<meta name=\"twitter:data2\" content=\"En stock\" \/>\n<script type=\"application\/ld+json\" class=\"yoast-schema-graph\">{\"@context\":\"https:\/\/schema.org\",\"@graph\":[{\"@type\":\"WebPage\",\"@id\":\"https:\/\/naturaltreats.eu\/fr\/product\/bully-stick\/\",\"url\":\"https:\/\/naturaltreats.eu\/fr\/product\/bully-stick\/\",\"name\":\"Bully Stick | Natural Treats\",\"isPartOf\":{\"@id\":\"https:\/\/naturaltreats.eu\/fr\/#website\"},\"primaryImageOfPage\":{\"@id\":\"https:\/\/naturaltreats.eu\/fr\/product\/bully-stick\/#primaryimage\"},\"image\":{\"@id\":\"https:\/\/naturaltreats.eu\/fr\/product\/bully-stick\/#primaryimage\"},\"thumbnailUrl\":\"https:\/\/naturaltreats.eu\/wp-content\/uploads\/2024\/01\/Bully-stick.png\",\"datePublished\":\"2022-10-17T10:10:59+00:00\",\"dateModified\":\"2024-02-06T13:41:34+00:00\",\"description\":\"Ces Bully Sticks mesurent 15 cm de long et sont un choix populaire pour les amoureux des chiens partout dans le monde, gr\u00e2ce \u00e0 leur impressionnante r\u00e9sistance et \u00e0 leurs ingr\u00e9dients enti\u00e8rement naturels.\",\"breadcrumb\":{\"@id\":\"https:\/\/naturaltreats.eu\/fr\/product\/bully-stick\/#breadcrumb\"},\"inLanguage\":\"fr-FR\",\"potentialAction\":[{\"@type\":\"ReadAction\",\"target\":[\"https:\/\/naturaltreats.eu\/fr\/product\/bully-stick\/\"]}]},{\"@type\":\"ImageObject\",\"inLanguage\":\"fr-FR\",\"@id\":\"https:\/\/naturaltreats.eu\/fr\/product\/bully-stick\/#primaryimage\",\"url\":\"https:\/\/naturaltreats.eu\/wp-content\/uploads\/2024\/01\/Bully-stick.png\",\"contentUrl\":\"https:\/\/naturaltreats.eu\/wp-content\/uploads\/2024\/01\/Bully-stick.png\",\"width\":1080,\"height\":1080,\"caption\":\"Bully stick for dogs. Bull pizzle.\"},{\"@type\":\"BreadcrumbList\",\"@id\":\"https:\/\/naturaltreats.eu\/fr\/product\/bully-stick\/#breadcrumb\",\"itemListElement\":[{\"@type\":\"ListItem\",\"position\":1,\"name\":\"Home\",\"item\":\"https:\/\/naturaltreats.eu\/fr\/domicile\/\"},{\"@type\":\"ListItem\",\"position\":2,\"name\":\"Boutique\",\"item\":\"https:\/\/naturaltreats.eu\/fr\/boutique\/\"},{\"@type\":\"ListItem\",\"position\":3,\"name\":\"Bully Stick\"}]},{\"@type\":\"WebSite\",\"@id\":\"https:\/\/naturaltreats.eu\/fr\/#website\",\"url\":\"https:\/\/naturaltreats.eu\/fr\/\",\"name\":\"Natural Treats\",\"description\":\"Best Rated Natural Dog Treats In Europe\",\"publisher\":{\"@id\":\"https:\/\/naturaltreats.eu\/fr\/#organization\"},\"potentialAction\":[{\"@type\":\"SearchAction\",\"target\":{\"@type\":\"EntryPoint\",\"urlTemplate\":\"https:\/\/naturaltreats.eu\/fr\/?s={search_term_string}\"},\"query-input\":{\"@type\":\"PropertyValueSpecification\",\"valueRequired\":true,\"valueName\":\"search_term_string\"}}],\"inLanguage\":\"fr-FR\"},{\"@type\":\"Organization\",\"@id\":\"https:\/\/naturaltreats.eu\/fr\/#organization\",\"name\":\"Natural Treats\",\"url\":\"https:\/\/naturaltreats.eu\/fr\/\",\"logo\":{\"@type\":\"ImageObject\",\"inLanguage\":\"fr-FR\",\"@id\":\"https:\/\/naturaltreats.eu\/fr\/#\/schema\/logo\/image\/\",\"url\":\"https:\/\/naturaltreats.eu\/wp-content\/uploads\/2020\/08\/social.jpg\",\"contentUrl\":\"https:\/\/naturaltreats.eu\/wp-content\/uploads\/2020\/08\/social.jpg\",\"width\":1000,\"height\":1000,\"caption\":\"Natural Treats\"},\"image\":{\"@id\":\"https:\/\/naturaltreats.eu\/fr\/#\/schema\/logo\/image\/\"},\"sameAs\":[\"https:\/\/facebook.com\/naturaltreatseu\",\"https:\/\/instagram.com\/naturaltreatseu\"]}]}<\/script>\n<meta property=\"product:price:amount\" content=\"3.95\" \/>\n<meta property=\"product:price:currency\" content=\"EUR\" \/>\n<meta property=\"og:availability\" content=\"instock\" \/>\n<meta property=\"product:availability\" content=\"instock\" \/>\n<meta property=\"product:condition\" content=\"new\" \/>\n<!-- \/ Yoast SEO Premium plugin. -->","yoast_head_json":{"title":"Bully Stick | Natural Treats","description":"Ces Bully Sticks mesurent 15 cm de long et sont un choix populaire pour les amoureux des chiens partout dans le monde, gr\u00e2ce \u00e0 leur impressionnante r\u00e9sistance et \u00e0 leurs ingr\u00e9dients enti\u00e8rement naturels.","robots":{"index":"index","follow":"follow","max-snippet":"max-snippet:-1","max-image-preview":"max-image-preview:large","max-video-preview":"max-video-preview:-1"},"canonical":"https:\/\/naturaltreats.eu\/fr\/product\/bully-stick\/","og_locale":"fr_FR","og_type":"article","og_title":"Bully Stick","og_description":"Ces Bully Sticks mesurent 15 cm de long et sont un choix populaire pour les amoureux des chiens partout dans le monde, gr\u00e2ce \u00e0 leur impressionnante r\u00e9sistance et \u00e0 leurs ingr\u00e9dients enti\u00e8rement naturels.","og_url":"https:\/\/naturaltreats.eu\/fr\/product\/bully-stick\/","og_site_name":"Natural Treats","article_publisher":"https:\/\/facebook.com\/naturaltreatseu","article_modified_time":"2024-02-06T13:41:34+00:00","og_image":[{"width":1080,"height":1080,"url":"https:\/\/naturaltreats.eu\/wp-content\/uploads\/2024\/01\/Bully-stick.png","type":"image\/png"}],"twitter_card":"summary_large_image","twitter_misc":{"Prix":"3,95&euro;","Disponibilit\u00e9":"En stock"},"schema":{"@context":"https:\/\/schema.org","@graph":[{"@type":"WebPage","@id":"https:\/\/naturaltreats.eu\/fr\/product\/bully-stick\/","url":"https:\/\/naturaltreats.eu\/fr\/product\/bully-stick\/","name":"Bully Stick | Natural Treats","isPartOf":{"@id":"https:\/\/naturaltreats.eu\/fr\/#website"},"primaryImageOfPage":{"@id":"https:\/\/naturaltreats.eu\/fr\/product\/bully-stick\/#primaryimage"},"image":{"@id":"https:\/\/naturaltreats.eu\/fr\/product\/bully-stick\/#primaryimage"},"thumbnailUrl":"https:\/\/naturaltreats.eu\/wp-content\/uploads\/2024\/01\/Bully-stick.png","datePublished":"2022-10-17T10:10:59+00:00","dateModified":"2024-02-06T13:41:34+00:00","description":"Ces Bully Sticks mesurent 15 cm de long et sont un choix populaire pour les amoureux des chiens partout dans le monde, gr\u00e2ce \u00e0 leur impressionnante r\u00e9sistance et \u00e0 leurs ingr\u00e9dients enti\u00e8rement naturels.","breadcrumb":{"@id":"https:\/\/naturaltreats.eu\/fr\/product\/bully-stick\/#breadcrumb"},"inLanguage":"fr-FR","potentialAction":[{"@type":"ReadAction","target":["https:\/\/naturaltreats.eu\/fr\/product\/bully-stick\/"]}]},{"@type":"ImageObject","inLanguage":"fr-FR","@id":"https:\/\/naturaltreats.eu\/fr\/product\/bully-stick\/#primaryimage","url":"https:\/\/naturaltreats.eu\/wp-content\/uploads\/2024\/01\/Bully-stick.png","contentUrl":"https:\/\/naturaltreats.eu\/wp-content\/uploads\/2024\/01\/Bully-stick.png","width":1080,"height":1080,"caption":"Bully stick for dogs. Bull pizzle."},{"@type":"BreadcrumbList","@id":"https:\/\/naturaltreats.eu\/fr\/product\/bully-stick\/#breadcrumb","itemListElement":[{"@type":"ListItem","position":1,"name":"Home","item":"https:\/\/naturaltreats.eu\/fr\/domicile\/"},{"@type":"ListItem","position":2,"name":"Boutique","item":"https:\/\/naturaltreats.eu\/fr\/boutique\/"},{"@type":"ListItem","position":3,"name":"Bully Stick"}]},{"@type":"WebSite","@id":"https:\/\/naturaltreats.eu\/fr\/#website","url":"https:\/\/naturaltreats.eu\/fr\/","name":"Natural Treats","description":"Best Rated Natural Dog Treats In Europe","publisher":{"@id":"https:\/\/naturaltreats.eu\/fr\/#organization"},"potentialAction":[{"@type":"SearchAction","target":{"@type":"EntryPoint","urlTemplate":"https:\/\/naturaltreats.eu\/fr\/?s={search_term_string}"},"query-input":{"@type":"PropertyValueSpecification","valueRequired":true,"valueName":"search_term_string"}}],"inLanguage":"fr-FR"},{"@type":"Organization","@id":"https:\/\/naturaltreats.eu\/fr\/#organization","name":"Natural Treats","url":"https:\/\/naturaltreats.eu\/fr\/","logo":{"@type":"ImageObject","inLanguage":"fr-FR","@id":"https:\/\/naturaltreats.eu\/fr\/#\/schema\/logo\/image\/","url":"https:\/\/naturaltreats.eu\/wp-content\/uploads\/2020\/08\/social.jpg","contentUrl":"https:\/\/naturaltreats.eu\/wp-content\/uploads\/2020\/08\/social.jpg","width":1000,"height":1000,"caption":"Natural Treats"},"image":{"@id":"https:\/\/naturaltreats.eu\/fr\/#\/schema\/logo\/image\/"},"sameAs":["https:\/\/facebook.com\/naturaltreatseu","https:\/\/instagram.com\/naturaltreatseu"]}]},"product_price_amount":"3.95","product_price_currency":"EUR","og_availability":"instock","product_availability":"instock","product_condition":"new"},"_links":{"self":[{"href":"https:\/\/naturaltreats.eu\/fr\/wp-json\/wp\/v2\/product\/34914","targetHints":{"allow":["GET"]}}],"collection":[{"href":"https:\/\/naturaltreats.eu\/fr\/wp-json\/wp\/v2\/product"}],"about":[{"href":"https:\/\/naturaltreats.eu\/fr\/wp-json\/wp\/v2\/types\/product"}],"wp:featuredmedia":[{"embeddable":true,"href":"https:\/\/naturaltreats.eu\/fr\/wp-json\/wp\/v2\/media\/57567"}],"wp:attachment":[{"href":"https:\/\/naturaltreats.eu\/fr\/wp-json\/wp\/v2\/media?parent=34914"}],"wp:term":[{"taxonomy":"dog-type","embeddable":true,"href":"https:\/\/naturaltreats.eu\/fr\/wp-json\/wp\/v2\/dog-type?post=34914"},{"taxonomy":"ingredients","embeddable":true,"href":"https:\/\/naturaltreats.eu\/fr\/wp-json\/wp\/v2\/ingredients?post=34914"},{"taxonomy":"product_brand","embeddable":true,"href":"https:\/\/naturaltreats.eu\/fr\/wp-json\/wp\/v2\/product_brand?post=34914"},{"taxonomy":"product_cat","embeddable":true,"href":"https:\/\/naturaltreats.eu\/fr\/wp-json\/wp\/v2\/product_cat?post=34914"},{"taxonomy":"product_tag","embeddable":true,"href":"https:\/\/naturaltreats.eu\/fr\/wp-json\/wp\/v2\/product_tag?post=34914"}],"curies":[{"name":"wp","href":"https:\/\/api.w.org\/{rel}","templated":true}]}}