{"id":41780,"date":"2023-02-22T22:19:14","date_gmt":"2023-02-23T21:19:29","guid":{"rendered":"https:\/\/naturaltreats.eu\/product\/baton-a-macher-en-bois-de-cafe-pour-chiens\/"},"modified":"2024-11-01T18:43:22","modified_gmt":"2024-11-01T17:43:22","slug":"baton-a-macher-en-bois-de-cafe-pour-chiens","status":"publish","type":"product","link":"https:\/\/naturaltreats.eu\/fr\/product\/baton-a-macher-en-bois-de-cafe-pour-chiens\/","title":{"rendered":"B\u00e2ton \u00e0 m\u00e2cher en bois de caf\u00e9 pour chiens"},"content":{"rendered":"<p>Dites bonjour \u00e0 la nouvelle collation pr\u00e9f\u00e9r\u00e9e de votre chien : le b\u00e2tonnet \u00e0 m\u00e2cher en bois de caf\u00e9. Jeb\u00e2ton \u00e0 m\u00e2cher est fabriqu\u00e9 \u00e0 partir de bois de caf\u00e9 naturel et durable, offrant une alternative s\u00fbre et savoureuse aux autres b\u00e2tons \u00e0 m\u00e2cher ennuyeux achet\u00e9s en magasin. Il aide \u00e0 r\u00e9duire l&#8217;ennui tout en favorisant de saines habitudes de mastication. De plus, son ar\u00f4me unique aidera votre chiot \u00e0 garder une haleine fra\u00eeche ! Le bois de caf\u00e9 ne contient pas de caf\u00e9ine.<\/p>\n<ul>\n<li>B\u00e2ton \u00e0 m\u00e2cher en bois de caf\u00e9 100% naturel et durable pour les chiens.<\/li>\n<li>Le parfum aromatique irr\u00e9sistible aide \u00e0 rafra\u00eechir l&#8217;haleine.<\/li>\n<li>Aide \u00e0 renforcer les muscles de la m\u00e2choire.<\/li>\n<li>Encourage de saines habitudes de mastication, notamment pendant les p\u00e9riodes de dentition.<\/li>\n<li>S\u00fbr et non toxique, sans ingr\u00e9dients artificiels ni produits chimiques.<\/li>\n<li>Des tailles parfaites pour les petites races et les grands chiens.<\/li>\n<li>Facile \u00e0 transporter et id\u00e9al pour les collations sur le pouce ou les activit\u00e9s ludiques.<\/li>\n<li>Aide \u00e0 r\u00e9duire l&#8217;ennui des chiens d&#8217;int\u00e9rieur et favorise une meilleure sant\u00e9 bucco-dentaire en \u00e9liminant l&#8217;accumulation de plaque sur les dents.<\/li>\n<\/ul>\n","protected":false},"excerpt":{"rendered":"<p>Dites bonjour \u00e0 la nouvelle collation pr\u00e9f\u00e9r\u00e9e de votre chien : le b\u00e2tonnet \u00e0 m\u00e2cher en bois de caf\u00e9. Jeb\u00e2ton<\/p>\n","protected":false},"featured_media":41692,"template":"","meta":{"_acf_changed":false},"dog-type":[],"ingredients":[],"product_brand":[],"product_cat":[328],"product_tag":[],"class_list":{"0":"post-41780","1":"product","2":"type-product","3":"status-publish","4":"has-post-thumbnail","6":"product_cat-macher-pour-chien","7":"tm-no-options-pxq","9":"first","10":"instock","11":"taxable","12":"shipping-taxable","13":"purchasable","14":"product-type-variable"},"bundled_by":[],"bundle_stock_status":"instock","bundle_stock_quantity":null,"bundle_virtual":false,"bundle_layout":"","bundle_add_to_cart_form_location":"","bundle_editable_in_cart":false,"bundle_sold_individually_context":"","bundle_item_grouping":"","bundle_min_size":"","bundle_max_size":"","bundle_price":[],"bundled_items":[],"bundle_sell_ids":[],"acf":[],"yoast_head":"<!-- This site is optimized with the Yoast SEO Premium plugin v23.5 (Yoast SEO v25.0) - https:\/\/yoast.com\/wordpress\/plugins\/seo\/ -->\n<title>B\u00e2ton \u00e0 m\u00e2cher en bois de caf\u00e9 pour chiens | Natural Treats<\/title>\n<meta name=\"robots\" content=\"index, follow, max-snippet:-1, max-image-preview:large, max-video-preview:-1\" \/>\n<link rel=\"canonical\" href=\"https:\/\/naturaltreats.eu\/fr\/product\/baton-a-macher-en-bois-de-cafe-pour-chiens\/\" \/>\n<meta property=\"og:locale\" content=\"fr_FR\" \/>\n<meta property=\"og:type\" content=\"article\" \/>\n<meta property=\"og:title\" content=\"B\u00e2ton \u00e0 m\u00e2cher en bois de caf\u00e9 pour chiens\" \/>\n<meta property=\"og:description\" content=\"Dites bonjour \u00e0 la nouvelle collation pr\u00e9f\u00e9r\u00e9e de votre chien : le b\u00e2tonnet \u00e0 m\u00e2cher en bois de caf\u00e9. Jeb\u00e2ton\" \/>\n<meta property=\"og:url\" content=\"https:\/\/naturaltreats.eu\/fr\/product\/baton-a-macher-en-bois-de-cafe-pour-chiens\/\" \/>\n<meta property=\"og:site_name\" content=\"Natural Treats\" \/>\n<meta property=\"article:publisher\" content=\"https:\/\/facebook.com\/naturaltreatseu\" \/>\n<meta property=\"article:modified_time\" content=\"2024-11-01T17:43:22+00:00\" \/>\n<meta property=\"og:image\" content=\"https:\/\/naturaltreats.eu\/wp-content\/uploads\/2023\/02\/Coffee-Wood-Medium.jpg\" \/>\n\t<meta property=\"og:image:width\" content=\"1800\" \/>\n\t<meta property=\"og:image:height\" content=\"1800\" \/>\n\t<meta property=\"og:image:type\" content=\"image\/jpeg\" \/>\n<meta name=\"twitter:card\" content=\"summary_large_image\" \/>\n<meta name=\"twitter:label1\" content=\"Disponibilit\u00e9\" \/>\n\t<meta name=\"twitter:data1\" content=\"En stock\" \/>\n<script type=\"application\/ld+json\" class=\"yoast-schema-graph\">{\"@context\":\"https:\/\/schema.org\",\"@graph\":[{\"@type\":\"WebPage\",\"@id\":\"https:\/\/naturaltreats.eu\/fr\/product\/baton-a-macher-en-bois-de-cafe-pour-chiens\/\",\"url\":\"https:\/\/naturaltreats.eu\/fr\/product\/baton-a-macher-en-bois-de-cafe-pour-chiens\/\",\"name\":\"B\u00e2ton \u00e0 m\u00e2cher en bois de caf\u00e9 pour chiens | Natural Treats\",\"isPartOf\":{\"@id\":\"https:\/\/naturaltreats.eu\/fr\/#website\"},\"primaryImageOfPage\":{\"@id\":\"https:\/\/naturaltreats.eu\/fr\/product\/baton-a-macher-en-bois-de-cafe-pour-chiens\/#primaryimage\"},\"image\":{\"@id\":\"https:\/\/naturaltreats.eu\/fr\/product\/baton-a-macher-en-bois-de-cafe-pour-chiens\/#primaryimage\"},\"thumbnailUrl\":\"https:\/\/naturaltreats.eu\/wp-content\/uploads\/2023\/02\/Coffee-Wood-Medium.jpg\",\"datePublished\":\"2023-02-23T21:19:29+00:00\",\"dateModified\":\"2024-11-01T17:43:22+00:00\",\"breadcrumb\":{\"@id\":\"https:\/\/naturaltreats.eu\/fr\/product\/baton-a-macher-en-bois-de-cafe-pour-chiens\/#breadcrumb\"},\"inLanguage\":\"fr-FR\",\"potentialAction\":[{\"@type\":\"ReadAction\",\"target\":[\"https:\/\/naturaltreats.eu\/fr\/product\/baton-a-macher-en-bois-de-cafe-pour-chiens\/\"]}]},{\"@type\":\"ImageObject\",\"inLanguage\":\"fr-FR\",\"@id\":\"https:\/\/naturaltreats.eu\/fr\/product\/baton-a-macher-en-bois-de-cafe-pour-chiens\/#primaryimage\",\"url\":\"https:\/\/naturaltreats.eu\/wp-content\/uploads\/2023\/02\/Coffee-Wood-Medium.jpg\",\"contentUrl\":\"https:\/\/naturaltreats.eu\/wp-content\/uploads\/2023\/02\/Coffee-Wood-Medium.jpg\",\"width\":1800,\"height\":1800,\"caption\":\"Medium Coffee wood chew sticks for dogs\"},{\"@type\":\"BreadcrumbList\",\"@id\":\"https:\/\/naturaltreats.eu\/fr\/product\/baton-a-macher-en-bois-de-cafe-pour-chiens\/#breadcrumb\",\"itemListElement\":[{\"@type\":\"ListItem\",\"position\":1,\"name\":\"Home\",\"item\":\"https:\/\/naturaltreats.eu\/fr\/domicile\/\"},{\"@type\":\"ListItem\",\"position\":2,\"name\":\"Boutique\",\"item\":\"https:\/\/naturaltreats.eu\/fr\/boutique\/\"},{\"@type\":\"ListItem\",\"position\":3,\"name\":\"B\u00e2ton \u00e0 m\u00e2cher en bois de caf\u00e9 pour chiens\"}]},{\"@type\":\"WebSite\",\"@id\":\"https:\/\/naturaltreats.eu\/fr\/#website\",\"url\":\"https:\/\/naturaltreats.eu\/fr\/\",\"name\":\"Natural Treats\",\"description\":\"Best Rated Natural Dog Treats In Europe\",\"publisher\":{\"@id\":\"https:\/\/naturaltreats.eu\/fr\/#organization\"},\"potentialAction\":[{\"@type\":\"SearchAction\",\"target\":{\"@type\":\"EntryPoint\",\"urlTemplate\":\"https:\/\/naturaltreats.eu\/fr\/?s={search_term_string}\"},\"query-input\":{\"@type\":\"PropertyValueSpecification\",\"valueRequired\":true,\"valueName\":\"search_term_string\"}}],\"inLanguage\":\"fr-FR\"},{\"@type\":\"Organization\",\"@id\":\"https:\/\/naturaltreats.eu\/fr\/#organization\",\"name\":\"Natural Treats\",\"url\":\"https:\/\/naturaltreats.eu\/fr\/\",\"logo\":{\"@type\":\"ImageObject\",\"inLanguage\":\"fr-FR\",\"@id\":\"https:\/\/naturaltreats.eu\/fr\/#\/schema\/logo\/image\/\",\"url\":\"https:\/\/naturaltreats.eu\/wp-content\/uploads\/2020\/08\/social.jpg\",\"contentUrl\":\"https:\/\/naturaltreats.eu\/wp-content\/uploads\/2020\/08\/social.jpg\",\"width\":1000,\"height\":1000,\"caption\":\"Natural Treats\"},\"image\":{\"@id\":\"https:\/\/naturaltreats.eu\/fr\/#\/schema\/logo\/image\/\"},\"sameAs\":[\"https:\/\/facebook.com\/naturaltreatseu\",\"https:\/\/instagram.com\/naturaltreatseu\"]}]}<\/script>\n<meta property=\"og:availability\" content=\"instock\" \/>\n<meta property=\"product:availability\" content=\"instock\" \/>\n<meta property=\"product:condition\" content=\"new\" \/>\n<!-- \/ Yoast SEO Premium plugin. -->","yoast_head_json":{"title":"B\u00e2ton \u00e0 m\u00e2cher en bois de caf\u00e9 pour chiens | Natural Treats","robots":{"index":"index","follow":"follow","max-snippet":"max-snippet:-1","max-image-preview":"max-image-preview:large","max-video-preview":"max-video-preview:-1"},"canonical":"https:\/\/naturaltreats.eu\/fr\/product\/baton-a-macher-en-bois-de-cafe-pour-chiens\/","og_locale":"fr_FR","og_type":"article","og_title":"B\u00e2ton \u00e0 m\u00e2cher en bois de caf\u00e9 pour chiens","og_description":"Dites bonjour \u00e0 la nouvelle collation pr\u00e9f\u00e9r\u00e9e de votre chien : le b\u00e2tonnet \u00e0 m\u00e2cher en bois de caf\u00e9. Jeb\u00e2ton","og_url":"https:\/\/naturaltreats.eu\/fr\/product\/baton-a-macher-en-bois-de-cafe-pour-chiens\/","og_site_name":"Natural Treats","article_publisher":"https:\/\/facebook.com\/naturaltreatseu","article_modified_time":"2024-11-01T17:43:22+00:00","og_image":[{"width":1800,"height":1800,"url":"https:\/\/naturaltreats.eu\/wp-content\/uploads\/2023\/02\/Coffee-Wood-Medium.jpg","type":"image\/jpeg"}],"twitter_card":"summary_large_image","twitter_misc":{"Disponibilit\u00e9":"En stock"},"schema":{"@context":"https:\/\/schema.org","@graph":[{"@type":"WebPage","@id":"https:\/\/naturaltreats.eu\/fr\/product\/baton-a-macher-en-bois-de-cafe-pour-chiens\/","url":"https:\/\/naturaltreats.eu\/fr\/product\/baton-a-macher-en-bois-de-cafe-pour-chiens\/","name":"B\u00e2ton \u00e0 m\u00e2cher en bois de caf\u00e9 pour chiens | Natural Treats","isPartOf":{"@id":"https:\/\/naturaltreats.eu\/fr\/#website"},"primaryImageOfPage":{"@id":"https:\/\/naturaltreats.eu\/fr\/product\/baton-a-macher-en-bois-de-cafe-pour-chiens\/#primaryimage"},"image":{"@id":"https:\/\/naturaltreats.eu\/fr\/product\/baton-a-macher-en-bois-de-cafe-pour-chiens\/#primaryimage"},"thumbnailUrl":"https:\/\/naturaltreats.eu\/wp-content\/uploads\/2023\/02\/Coffee-Wood-Medium.jpg","datePublished":"2023-02-23T21:19:29+00:00","dateModified":"2024-11-01T17:43:22+00:00","breadcrumb":{"@id":"https:\/\/naturaltreats.eu\/fr\/product\/baton-a-macher-en-bois-de-cafe-pour-chiens\/#breadcrumb"},"inLanguage":"fr-FR","potentialAction":[{"@type":"ReadAction","target":["https:\/\/naturaltreats.eu\/fr\/product\/baton-a-macher-en-bois-de-cafe-pour-chiens\/"]}]},{"@type":"ImageObject","inLanguage":"fr-FR","@id":"https:\/\/naturaltreats.eu\/fr\/product\/baton-a-macher-en-bois-de-cafe-pour-chiens\/#primaryimage","url":"https:\/\/naturaltreats.eu\/wp-content\/uploads\/2023\/02\/Coffee-Wood-Medium.jpg","contentUrl":"https:\/\/naturaltreats.eu\/wp-content\/uploads\/2023\/02\/Coffee-Wood-Medium.jpg","width":1800,"height":1800,"caption":"Medium Coffee wood chew sticks for dogs"},{"@type":"BreadcrumbList","@id":"https:\/\/naturaltreats.eu\/fr\/product\/baton-a-macher-en-bois-de-cafe-pour-chiens\/#breadcrumb","itemListElement":[{"@type":"ListItem","position":1,"name":"Home","item":"https:\/\/naturaltreats.eu\/fr\/domicile\/"},{"@type":"ListItem","position":2,"name":"Boutique","item":"https:\/\/naturaltreats.eu\/fr\/boutique\/"},{"@type":"ListItem","position":3,"name":"B\u00e2ton \u00e0 m\u00e2cher en bois de caf\u00e9 pour chiens"}]},{"@type":"WebSite","@id":"https:\/\/naturaltreats.eu\/fr\/#website","url":"https:\/\/naturaltreats.eu\/fr\/","name":"Natural Treats","description":"Best Rated Natural Dog Treats In Europe","publisher":{"@id":"https:\/\/naturaltreats.eu\/fr\/#organization"},"potentialAction":[{"@type":"SearchAction","target":{"@type":"EntryPoint","urlTemplate":"https:\/\/naturaltreats.eu\/fr\/?s={search_term_string}"},"query-input":{"@type":"PropertyValueSpecification","valueRequired":true,"valueName":"search_term_string"}}],"inLanguage":"fr-FR"},{"@type":"Organization","@id":"https:\/\/naturaltreats.eu\/fr\/#organization","name":"Natural Treats","url":"https:\/\/naturaltreats.eu\/fr\/","logo":{"@type":"ImageObject","inLanguage":"fr-FR","@id":"https:\/\/naturaltreats.eu\/fr\/#\/schema\/logo\/image\/","url":"https:\/\/naturaltreats.eu\/wp-content\/uploads\/2020\/08\/social.jpg","contentUrl":"https:\/\/naturaltreats.eu\/wp-content\/uploads\/2020\/08\/social.jpg","width":1000,"height":1000,"caption":"Natural Treats"},"image":{"@id":"https:\/\/naturaltreats.eu\/fr\/#\/schema\/logo\/image\/"},"sameAs":["https:\/\/facebook.com\/naturaltreatseu","https:\/\/instagram.com\/naturaltreatseu"]}]},"og_availability":"instock","product_availability":"instock","product_condition":"new"},"_links":{"self":[{"href":"https:\/\/naturaltreats.eu\/fr\/wp-json\/wp\/v2\/product\/41780","targetHints":{"allow":["GET"]}}],"collection":[{"href":"https:\/\/naturaltreats.eu\/fr\/wp-json\/wp\/v2\/product"}],"about":[{"href":"https:\/\/naturaltreats.eu\/fr\/wp-json\/wp\/v2\/types\/product"}],"wp:featuredmedia":[{"embeddable":true,"href":"https:\/\/naturaltreats.eu\/fr\/wp-json\/wp\/v2\/media\/41692"}],"wp:attachment":[{"href":"https:\/\/naturaltreats.eu\/fr\/wp-json\/wp\/v2\/media?parent=41780"}],"wp:term":[{"taxonomy":"dog-type","embeddable":true,"href":"https:\/\/naturaltreats.eu\/fr\/wp-json\/wp\/v2\/dog-type?post=41780"},{"taxonomy":"ingredients","embeddable":true,"href":"https:\/\/naturaltreats.eu\/fr\/wp-json\/wp\/v2\/ingredients?post=41780"},{"taxonomy":"product_brand","embeddable":true,"href":"https:\/\/naturaltreats.eu\/fr\/wp-json\/wp\/v2\/product_brand?post=41780"},{"taxonomy":"product_cat","embeddable":true,"href":"https:\/\/naturaltreats.eu\/fr\/wp-json\/wp\/v2\/product_cat?post=41780"},{"taxonomy":"product_tag","embeddable":true,"href":"https:\/\/naturaltreats.eu\/fr\/wp-json\/wp\/v2\/product_tag?post=41780"}],"curies":[{"name":"wp","href":"https:\/\/api.w.org\/{rel}","templated":true}]}}