{"id":57720,"date":"2020-12-29T15:01:57","date_gmt":"2024-02-09T18:39:02","guid":{"rendered":"https:\/\/naturaltreats.eu\/product\/creer-une-boite\/"},"modified":"2024-12-01T11:09:28","modified_gmt":"2024-12-01T10:09:28","slug":"creer-une-boite","status":"publish","type":"product","link":"https:\/\/naturaltreats.eu\/fr\/product\/creer-une-boite\/","title":{"rendered":"Cr\u00e9ez votre propre bo\u00eete Natural Treats"},"content":{"rendered":"<p>Nos snacks et produits \u00e0 m\u00e2cher se pr\u00e9sentent sous leur forme la plus naturaliste et la plus brute. Ils ont la m\u00eame forme et la m\u00eame odeur qu&#8217;\u00e0 l&#8217;\u00e9tat sauvage et ne contiennent aucun additif ou produit chimique agressif.<\/p>\n<p>Les snacks et les produits \u00e0 m\u00e2cher sont soigneusement d\u00e9shydrat\u00e9s et pr\u00e9par\u00e9s pour \u00eatre consomm\u00e9s par toutes les races de chiens. Oui, ils peuvent sembler un peu \u00e9tranges pour nous, les humains (comme les pattes de poulet et le groin de porc), mais pour un chien, ce sont exactement les aliments qu&#8217;il mangerait dans la nature.<\/p>\n<p>Parce qu&#8217;elles sont 100% naturelles et saines, les friandises pour chien contiennent un large \u00e9ventail de bienfaits pour la sant\u00e9, tels que :<\/p>\n<div class=\"elementor-element elementor-element-67b4411 elementor-align-left elementor-icon-list--layout-traditional elementor-list-item-link-full_width elementor-widget elementor-widget-icon-list\" data-id=\"67b4411\" data-element_type=\"widget\" data-widget_type=\"icon-list.default\">\n<div class=\"elementor-widget-container\">\n<ul class=\"elementor-icon-list-items\">\n<li class=\"elementor-icon-list-item\"><i class=\"far fa-check-circle\" aria-hidden=\"true\"><\/i><span class=\"elementor-icon-list-text\">Riche en nutriments tels que la glucosamine et la chondro\u00eftine, qui sont tous deux connus pour favoriser la sant\u00e9 et la mobilit\u00e9 des articulations des chiens.<\/span><\/li>\n<li class=\"elementor-icon-list-item\"><i class=\"far fa-check-circle\" aria-hidden=\"true\"><\/i><span class=\"elementor-icon-list-text\">Des prot\u00e9ines saines pour contribuer \u00e0 la formation d&#8217;os et de muscles solides.<\/span><\/li>\n<li class=\"elementor-icon-list-item\"><i class=\"far fa-check-circle\" aria-hidden=\"true\"><\/i><span class=\"elementor-icon-list-text\">Une bonne source de vitamine A, de fer, de cuivre, de phosphore, de zinc et d&#8217;acides gras essentiels.<\/span><\/li>\n<li class=\"elementor-icon-list-item\"><i class=\"far fa-check-circle\" aria-hidden=\"true\"><\/i><span class=\"elementor-icon-list-text\">Les vitamines D et B-complexe, ainsi que les min\u00e9raux potassium et magn\u00e9sium, qui sont excellents pour la sant\u00e9 de la peau, du pelage et des articulations.<\/span><\/li>\n<li class=\"elementor-icon-list-item\"><i class=\"far fa-check-circle\" aria-hidden=\"true\"><\/i><span class=\"elementor-icon-list-text\">Des om\u00e9ga-3 et des min\u00e9raux qui donnent \u00e0 votre chien un pelage et une peau sains.<\/span><\/li>\n<li class=\"elementor-icon-list-item\"><i class=\"far fa-check-circle\" aria-hidden=\"true\"><\/i><span class=\"elementor-icon-list-text\">De plus, le fait de ronger la texture croquante et les rainures de certaines friandises aide \u00e0 \u00e9liminer la plaque et le tartre accumul\u00e9s sur les dents de votre chien.<\/span><\/li>\n<\/ul>\n<\/div>\n<\/div>\n","protected":false},"excerpt":{"rendered":"<p>Cr\u00e9ez votre propre bo\u00eete \u00e0 friandises et profitez de tous les avantages de nourrir votre chien avec des friandises naturelles.<br \/>\n<i class=\"far fa-circle\"><\/i><i class=\"far fa-circle\"><\/i><i class=\"far fa-circle\"><\/i><br \/>\nTr\u00e8s doux<br \/>\n<i class=\"fas fa-circle\"><\/i><i class=\"far fa-circle\"><\/i><i class=\"far fa-circle\"><\/i> Doux<br \/>\n<i class=\"fas fa-circle\"><\/i><i class=\"fas fa-circle\"><\/i><i class=\"far fa-circle\"><\/i> Moyen<br \/>\n<i class=\"fas fa-circle\"><\/i><i class=\"fas fa-circle\"><\/i><i class=\"fas fa-circle\"><\/i> Dur<\/p>\n","protected":false},"featured_media":55910,"template":"","meta":{"_acf_changed":false},"dog-type":[],"ingredients":[],"product_brand":[],"product_cat":[370],"product_tag":[378],"class_list":{"0":"post-57720","1":"product","2":"type-product","3":"status-publish","4":"has-post-thumbnail","6":"product_cat-snack-boxes-fr","7":"product_tag-cyo-fr","8":"has-subscription-plans","9":"tm-has-options","11":"first","12":"instock","13":"taxable","14":"shipping-taxable","15":"purchasable","16":"product-type-mix-and-match"},"bundled_by":[],"bundle_stock_status":"instock","bundle_stock_quantity":null,"bundle_virtual":false,"bundle_layout":"","bundle_add_to_cart_form_location":"","bundle_editable_in_cart":false,"bundle_sold_individually_context":"","bundle_item_grouping":"","bundle_min_size":"","bundle_max_size":"","bundle_price":[],"bundled_items":[],"bundle_sell_ids":[],"acf":[],"yoast_head":"<!-- This site is optimized with the Yoast SEO Premium plugin v23.5 (Yoast SEO v25.0) - https:\/\/yoast.com\/wordpress\/plugins\/seo\/ -->\n<title>Cr\u00e9ez votre propre bo\u00eete Natural Treats | Natural Treats<\/title>\n<meta name=\"description\" content=\"Nos snacks et produits \u00e0 m\u00e2cher se pr\u00e9sentent sous leur forme la plus naturaliste et la plus brute. Ils ont la m\u00eame forme et la m\u00eame odeur qu&#039;\u00e0 l&#039;\u00e9tat sauvage et ne contiennent aucun additif ou produit chimique agressif.\" \/>\n<meta name=\"robots\" content=\"index, follow, max-snippet:-1, max-image-preview:large, max-video-preview:-1\" \/>\n<link rel=\"canonical\" href=\"https:\/\/naturaltreats.eu\/fr\/product\/creer-une-boite\/\" \/>\n<meta property=\"og:locale\" content=\"fr_FR\" \/>\n<meta property=\"og:type\" content=\"article\" \/>\n<meta property=\"og:title\" content=\"Cr\u00e9ez votre propre bo\u00eete Natural Treats\" \/>\n<meta property=\"og:description\" content=\"Nos snacks et produits \u00e0 m\u00e2cher se pr\u00e9sentent sous leur forme la plus naturaliste et la plus brute. Ils ont la m\u00eame forme et la m\u00eame odeur qu&#039;\u00e0 l&#039;\u00e9tat sauvage et ne contiennent aucun additif ou produit chimique agressif.\" \/>\n<meta property=\"og:url\" content=\"https:\/\/naturaltreats.eu\/fr\/product\/creer-une-boite\/\" \/>\n<meta property=\"og:site_name\" content=\"Natural Treats\" \/>\n<meta property=\"article:publisher\" content=\"https:\/\/facebook.com\/naturaltreatseu\" \/>\n<meta property=\"article:modified_time\" content=\"2024-12-01T10:09:28+00:00\" \/>\n<meta property=\"og:image\" content=\"https:\/\/naturaltreats.eu\/wp-content\/uploads\/2020\/08\/create-box.jpg\" \/>\n\t<meta property=\"og:image:width\" content=\"1920\" \/>\n\t<meta property=\"og:image:height\" content=\"1920\" \/>\n\t<meta property=\"og:image:type\" content=\"image\/jpeg\" \/>\n<meta name=\"twitter:card\" content=\"summary_large_image\" \/>\n<meta name=\"twitter:label1\" content=\"Prix\" \/>\n\t<meta name=\"twitter:data1\" content=\"0,00&euro;\" \/>\n\t<meta name=\"twitter:label2\" content=\"Disponibilit\u00e9\" \/>\n\t<meta name=\"twitter:data2\" content=\"En stock\" \/>\n<script type=\"application\/ld+json\" class=\"yoast-schema-graph\">{\"@context\":\"https:\/\/schema.org\",\"@graph\":[{\"@type\":\"WebPage\",\"@id\":\"https:\/\/naturaltreats.eu\/fr\/product\/creer-une-boite\/\",\"url\":\"https:\/\/naturaltreats.eu\/fr\/product\/creer-une-boite\/\",\"name\":\"Cr\u00e9ez votre propre bo\u00eete Natural Treats | Natural Treats\",\"isPartOf\":{\"@id\":\"https:\/\/naturaltreats.eu\/fr\/#website\"},\"primaryImageOfPage\":{\"@id\":\"https:\/\/naturaltreats.eu\/fr\/product\/creer-une-boite\/#primaryimage\"},\"image\":{\"@id\":\"https:\/\/naturaltreats.eu\/fr\/product\/creer-une-boite\/#primaryimage\"},\"thumbnailUrl\":\"https:\/\/naturaltreats.eu\/wp-content\/uploads\/2020\/08\/create-box.jpg\",\"datePublished\":\"2024-02-09T18:39:02+00:00\",\"dateModified\":\"2024-12-01T10:09:28+00:00\",\"description\":\"Nos snacks et produits \u00e0 m\u00e2cher se pr\u00e9sentent sous leur forme la plus naturaliste et la plus brute. Ils ont la m\u00eame forme et la m\u00eame odeur qu'\u00e0 l'\u00e9tat sauvage et ne contiennent aucun additif ou produit chimique agressif.\",\"breadcrumb\":{\"@id\":\"https:\/\/naturaltreats.eu\/fr\/product\/creer-une-boite\/#breadcrumb\"},\"inLanguage\":\"fr-FR\",\"potentialAction\":[{\"@type\":\"ReadAction\",\"target\":[\"https:\/\/naturaltreats.eu\/fr\/product\/creer-une-boite\/\"]}]},{\"@type\":\"ImageObject\",\"inLanguage\":\"fr-FR\",\"@id\":\"https:\/\/naturaltreats.eu\/fr\/product\/creer-une-boite\/#primaryimage\",\"url\":\"https:\/\/naturaltreats.eu\/wp-content\/uploads\/2020\/08\/create-box.jpg\",\"contentUrl\":\"https:\/\/naturaltreats.eu\/wp-content\/uploads\/2020\/08\/create-box.jpg\",\"width\":1920,\"height\":1920,\"caption\":\"Cr\u00e9er une bo\u00eete de friandises naturelles\"},{\"@type\":\"BreadcrumbList\",\"@id\":\"https:\/\/naturaltreats.eu\/fr\/product\/creer-une-boite\/#breadcrumb\",\"itemListElement\":[{\"@type\":\"ListItem\",\"position\":1,\"name\":\"Home\",\"item\":\"https:\/\/naturaltreats.eu\/fr\/domicile\/\"},{\"@type\":\"ListItem\",\"position\":2,\"name\":\"Boutique\",\"item\":\"https:\/\/naturaltreats.eu\/fr\/boutique\/\"},{\"@type\":\"ListItem\",\"position\":3,\"name\":\"Cr\u00e9ez votre propre bo\u00eete Natural Treats\"}]},{\"@type\":\"WebSite\",\"@id\":\"https:\/\/naturaltreats.eu\/fr\/#website\",\"url\":\"https:\/\/naturaltreats.eu\/fr\/\",\"name\":\"Natural Treats\",\"description\":\"Best Rated Natural Dog Treats In Europe\",\"publisher\":{\"@id\":\"https:\/\/naturaltreats.eu\/fr\/#organization\"},\"potentialAction\":[{\"@type\":\"SearchAction\",\"target\":{\"@type\":\"EntryPoint\",\"urlTemplate\":\"https:\/\/naturaltreats.eu\/fr\/?s={search_term_string}\"},\"query-input\":{\"@type\":\"PropertyValueSpecification\",\"valueRequired\":true,\"valueName\":\"search_term_string\"}}],\"inLanguage\":\"fr-FR\"},{\"@type\":\"Organization\",\"@id\":\"https:\/\/naturaltreats.eu\/fr\/#organization\",\"name\":\"Natural Treats\",\"url\":\"https:\/\/naturaltreats.eu\/fr\/\",\"logo\":{\"@type\":\"ImageObject\",\"inLanguage\":\"fr-FR\",\"@id\":\"https:\/\/naturaltreats.eu\/fr\/#\/schema\/logo\/image\/\",\"url\":\"https:\/\/naturaltreats.eu\/wp-content\/uploads\/2020\/08\/social.jpg\",\"contentUrl\":\"https:\/\/naturaltreats.eu\/wp-content\/uploads\/2020\/08\/social.jpg\",\"width\":1000,\"height\":1000,\"caption\":\"Natural Treats\"},\"image\":{\"@id\":\"https:\/\/naturaltreats.eu\/fr\/#\/schema\/logo\/image\/\"},\"sameAs\":[\"https:\/\/facebook.com\/naturaltreatseu\",\"https:\/\/instagram.com\/naturaltreatseu\"]}]}<\/script>\n<meta property=\"product:price:amount\" content=\"0.00\" \/>\n<meta property=\"product:price:currency\" content=\"EUR\" \/>\n<meta property=\"og:availability\" content=\"instock\" \/>\n<meta property=\"product:availability\" content=\"instock\" \/>\n<meta property=\"product:retailer_item_id\" content=\"CYOB\" \/>\n<meta property=\"product:condition\" content=\"new\" \/>\n<!-- \/ Yoast SEO Premium plugin. -->","yoast_head_json":{"title":"Cr\u00e9ez votre propre bo\u00eete Natural Treats | Natural Treats","description":"Nos snacks et produits \u00e0 m\u00e2cher se pr\u00e9sentent sous leur forme la plus naturaliste et la plus brute. Ils ont la m\u00eame forme et la m\u00eame odeur qu'\u00e0 l'\u00e9tat sauvage et ne contiennent aucun additif ou produit chimique agressif.","robots":{"index":"index","follow":"follow","max-snippet":"max-snippet:-1","max-image-preview":"max-image-preview:large","max-video-preview":"max-video-preview:-1"},"canonical":"https:\/\/naturaltreats.eu\/fr\/product\/creer-une-boite\/","og_locale":"fr_FR","og_type":"article","og_title":"Cr\u00e9ez votre propre bo\u00eete Natural Treats","og_description":"Nos snacks et produits \u00e0 m\u00e2cher se pr\u00e9sentent sous leur forme la plus naturaliste et la plus brute. Ils ont la m\u00eame forme et la m\u00eame odeur qu'\u00e0 l'\u00e9tat sauvage et ne contiennent aucun additif ou produit chimique agressif.","og_url":"https:\/\/naturaltreats.eu\/fr\/product\/creer-une-boite\/","og_site_name":"Natural Treats","article_publisher":"https:\/\/facebook.com\/naturaltreatseu","article_modified_time":"2024-12-01T10:09:28+00:00","og_image":[{"width":1920,"height":1920,"url":"https:\/\/naturaltreats.eu\/wp-content\/uploads\/2020\/08\/create-box.jpg","type":"image\/jpeg"}],"twitter_card":"summary_large_image","twitter_misc":{"Prix":"0,00&euro;","Disponibilit\u00e9":"En stock"},"schema":{"@context":"https:\/\/schema.org","@graph":[{"@type":"WebPage","@id":"https:\/\/naturaltreats.eu\/fr\/product\/creer-une-boite\/","url":"https:\/\/naturaltreats.eu\/fr\/product\/creer-une-boite\/","name":"Cr\u00e9ez votre propre bo\u00eete Natural Treats | Natural Treats","isPartOf":{"@id":"https:\/\/naturaltreats.eu\/fr\/#website"},"primaryImageOfPage":{"@id":"https:\/\/naturaltreats.eu\/fr\/product\/creer-une-boite\/#primaryimage"},"image":{"@id":"https:\/\/naturaltreats.eu\/fr\/product\/creer-une-boite\/#primaryimage"},"thumbnailUrl":"https:\/\/naturaltreats.eu\/wp-content\/uploads\/2020\/08\/create-box.jpg","datePublished":"2024-02-09T18:39:02+00:00","dateModified":"2024-12-01T10:09:28+00:00","description":"Nos snacks et produits \u00e0 m\u00e2cher se pr\u00e9sentent sous leur forme la plus naturaliste et la plus brute. Ils ont la m\u00eame forme et la m\u00eame odeur qu'\u00e0 l'\u00e9tat sauvage et ne contiennent aucun additif ou produit chimique agressif.","breadcrumb":{"@id":"https:\/\/naturaltreats.eu\/fr\/product\/creer-une-boite\/#breadcrumb"},"inLanguage":"fr-FR","potentialAction":[{"@type":"ReadAction","target":["https:\/\/naturaltreats.eu\/fr\/product\/creer-une-boite\/"]}]},{"@type":"ImageObject","inLanguage":"fr-FR","@id":"https:\/\/naturaltreats.eu\/fr\/product\/creer-une-boite\/#primaryimage","url":"https:\/\/naturaltreats.eu\/wp-content\/uploads\/2020\/08\/create-box.jpg","contentUrl":"https:\/\/naturaltreats.eu\/wp-content\/uploads\/2020\/08\/create-box.jpg","width":1920,"height":1920,"caption":"Cr\u00e9er une bo\u00eete de friandises naturelles"},{"@type":"BreadcrumbList","@id":"https:\/\/naturaltreats.eu\/fr\/product\/creer-une-boite\/#breadcrumb","itemListElement":[{"@type":"ListItem","position":1,"name":"Home","item":"https:\/\/naturaltreats.eu\/fr\/domicile\/"},{"@type":"ListItem","position":2,"name":"Boutique","item":"https:\/\/naturaltreats.eu\/fr\/boutique\/"},{"@type":"ListItem","position":3,"name":"Cr\u00e9ez votre propre bo\u00eete Natural Treats"}]},{"@type":"WebSite","@id":"https:\/\/naturaltreats.eu\/fr\/#website","url":"https:\/\/naturaltreats.eu\/fr\/","name":"Natural Treats","description":"Best Rated Natural Dog Treats In Europe","publisher":{"@id":"https:\/\/naturaltreats.eu\/fr\/#organization"},"potentialAction":[{"@type":"SearchAction","target":{"@type":"EntryPoint","urlTemplate":"https:\/\/naturaltreats.eu\/fr\/?s={search_term_string}"},"query-input":{"@type":"PropertyValueSpecification","valueRequired":true,"valueName":"search_term_string"}}],"inLanguage":"fr-FR"},{"@type":"Organization","@id":"https:\/\/naturaltreats.eu\/fr\/#organization","name":"Natural Treats","url":"https:\/\/naturaltreats.eu\/fr\/","logo":{"@type":"ImageObject","inLanguage":"fr-FR","@id":"https:\/\/naturaltreats.eu\/fr\/#\/schema\/logo\/image\/","url":"https:\/\/naturaltreats.eu\/wp-content\/uploads\/2020\/08\/social.jpg","contentUrl":"https:\/\/naturaltreats.eu\/wp-content\/uploads\/2020\/08\/social.jpg","width":1000,"height":1000,"caption":"Natural Treats"},"image":{"@id":"https:\/\/naturaltreats.eu\/fr\/#\/schema\/logo\/image\/"},"sameAs":["https:\/\/facebook.com\/naturaltreatseu","https:\/\/instagram.com\/naturaltreatseu"]}]},"product_price_amount":"0.00","product_price_currency":"EUR","og_availability":"instock","product_availability":"instock","product_retailer_item_id":"CYOB","product_condition":"new"},"_links":{"self":[{"href":"https:\/\/naturaltreats.eu\/fr\/wp-json\/wp\/v2\/product\/57720","targetHints":{"allow":["GET"]}}],"collection":[{"href":"https:\/\/naturaltreats.eu\/fr\/wp-json\/wp\/v2\/product"}],"about":[{"href":"https:\/\/naturaltreats.eu\/fr\/wp-json\/wp\/v2\/types\/product"}],"wp:featuredmedia":[{"embeddable":true,"href":"https:\/\/naturaltreats.eu\/fr\/wp-json\/wp\/v2\/media\/55910"}],"wp:attachment":[{"href":"https:\/\/naturaltreats.eu\/fr\/wp-json\/wp\/v2\/media?parent=57720"}],"wp:term":[{"taxonomy":"dog-type","embeddable":true,"href":"https:\/\/naturaltreats.eu\/fr\/wp-json\/wp\/v2\/dog-type?post=57720"},{"taxonomy":"ingredients","embeddable":true,"href":"https:\/\/naturaltreats.eu\/fr\/wp-json\/wp\/v2\/ingredients?post=57720"},{"taxonomy":"product_brand","embeddable":true,"href":"https:\/\/naturaltreats.eu\/fr\/wp-json\/wp\/v2\/product_brand?post=57720"},{"taxonomy":"product_cat","embeddable":true,"href":"https:\/\/naturaltreats.eu\/fr\/wp-json\/wp\/v2\/product_cat?post=57720"},{"taxonomy":"product_tag","embeddable":true,"href":"https:\/\/naturaltreats.eu\/fr\/wp-json\/wp\/v2\/product_tag?post=57720"}],"curies":[{"name":"wp","href":"https:\/\/api.w.org\/{rel}","templated":true}]}}