{"id":68312,"date":"2024-10-26T21:24:55","date_gmt":"2024-10-27T20:28:37","guid":{"rendered":"https:\/\/naturaltreats.eu\/product\/oreilles-de-porc-de-qualite-superieure\/"},"modified":"2025-01-23T10:00:59","modified_gmt":"2025-01-23T09:00:59","slug":"oreilles-de-porc-de-qualite-superieure","status":"publish","type":"product","link":"https:\/\/naturaltreats.eu\/fr\/product\/oreilles-de-porc-de-qualite-superieure\/","title":{"rendered":"Oreilles de porc de qualit\u00e9 sup\u00e9rieure"},"content":{"rendered":"<p>Ces oreilles de porc de qualit\u00e9 sup\u00e9rieure sont soigneusement d\u00e9shydrat\u00e9es afin de pr\u00e9server leurs saveurs naturelles et leurs nutriments, garantissant ainsi un en-cas de haute qualit\u00e9, \u00e0 la fois d\u00e9licieux et nutritif pour votre chien. Notre paquet comprend 5 grandes oreilles de porc, ce qui permet aux chiens de tous types et de toutes tailles de se r\u00e9galer. Leur texture moelleuse satisfait non seulement le besoin naturel de votre chien de m\u00e2cher, mais favorise \u00e9galement la sant\u00e9 des dents et des gencives en r\u00e9duisant la formation de la plaque dentaire et du tartre. Parfaites comme friandises naturelles pour chien ou comme r\u00e9compense, ces oreilles de porc de qualit\u00e9 sup\u00e9rieure sont un excellent moyen de t\u00e9moigner de l&#8217;amour \u00e0 votre animal tout en contribuant \u00e0 son bien-\u00eatre g\u00e9n\u00e9ral. Que vous ayez un chiot enjou\u00e9 ou un vieux chien sage, nos oreilles de porc conviennent \u00e0 chaque \u00e9tape de la vie de votre animal. Offrez \u00e0 votre chien la friandise qu&#8217;il m\u00e9rite avec nos oreilles de porc d\u00e9shydrat\u00e9es de premi\u00e8re qualit\u00e9. Id\u00e9ales pour le dressage, le jeu ou simplement comme en-cas sp\u00e9cial, ces oreilles de porc ne manqueront pas de faire fr\u00e9tiller la queue de votre chien.<\/p>\n<h3>Avantages<\/h3>\n<p><strong>Favorise la sant\u00e9 dentaire :<\/strong> M\u00e2cher des oreilles de porc aide \u00e0 r\u00e9duire l&#8217;accumulation de plaque et de tartre, contribuant ainsi \u00e0 une meilleure hygi\u00e8ne bucco-dentaire et \u00e0 une haleine plus fra\u00eeche pour votre chien. <strong>Riche en prot\u00e9ines :<\/strong> Riches en prot\u00e9ines, ces oreilles de porc fournissent des nutriments essentiels qui favorisent le d\u00e9veloppement musculaire et la vitalit\u00e9 g\u00e9n\u00e9rale de votre animal. <strong>Facilement digestibles :<\/strong> Notre processus de d\u00e9shydratation garantit que les oreilles de porc sont faciles \u00e0 dig\u00e9rer pour votre chien, ce qui les rend adapt\u00e9es aux estomacs sensibles. <strong>Ar\u00f4me naturel :<\/strong> Exemptes d&#8217;additifs artificiels et de conservateurs, ces oreilles de porc ont un go\u00fbt naturel que les chiens trouvent irr\u00e9sistible. <strong>Un plaisir durable :<\/strong> La texture durable des oreilles de porc permet une mastication de longue dur\u00e9e, ce qui contribue \u00e0 soulager l&#8217;ennui et \u00e0 favoriser la stimulation mentale.<\/p>\n","protected":false},"excerpt":{"rendered":"<p>Ces oreilles de porc de qualit\u00e9 sup\u00e9rieure sont soigneusement d\u00e9shydrat\u00e9es afin de pr\u00e9server leurs saveurs naturelles et leurs nutriments, garantissant<\/p>\n","protected":false},"featured_media":68303,"template":"","meta":{"_acf_changed":false},"dog-type":[],"ingredients":[],"product_brand":[],"product_cat":[538],"product_tag":[],"class_list":{"0":"post-68312","1":"product","2":"type-product","3":"status-publish","4":"has-post-thumbnail","6":"product_cat-friandises-naturelles-pour-chiens","7":"pa_dog-type-caes-grandes-fr","8":"pa_dog-type-caes-medios-fr","9":"pa_dog-type-caes-pequenos-fr","10":"pa_ingredient-porco-fr","11":"pa_toughness-duro-fr","12":"tm-has-options","14":"first","15":"instock","16":"taxable","17":"shipping-taxable","18":"purchasable","19":"product-type-simple"},"bundled_by":[],"bundle_stock_status":"instock","bundle_stock_quantity":null,"bundle_virtual":false,"bundle_layout":"","bundle_add_to_cart_form_location":"","bundle_editable_in_cart":false,"bundle_sold_individually_context":"","bundle_item_grouping":"","bundle_min_size":"","bundle_max_size":"","bundle_price":[],"bundled_items":[],"bundle_sell_ids":[],"acf":[],"yoast_head":"<!-- This site is optimized with the Yoast SEO Premium plugin v23.5 (Yoast SEO v25.0) - https:\/\/yoast.com\/wordpress\/plugins\/seo\/ -->\n<title>Oreilles de porc de qualit\u00e9 sup\u00e9rieure | Natural Treats<\/title>\n<meta name=\"robots\" content=\"index, follow, max-snippet:-1, max-image-preview:large, max-video-preview:-1\" \/>\n<link rel=\"canonical\" href=\"https:\/\/naturaltreats.eu\/fr\/product\/oreilles-de-porc-de-qualite-superieure\/\" \/>\n<meta property=\"og:locale\" content=\"fr_FR\" \/>\n<meta property=\"og:type\" content=\"article\" \/>\n<meta property=\"og:title\" content=\"Oreilles de porc de qualit\u00e9 sup\u00e9rieure\" \/>\n<meta property=\"og:description\" content=\"Ces oreilles de porc de qualit\u00e9 sup\u00e9rieure sont soigneusement d\u00e9shydrat\u00e9es afin de pr\u00e9server leurs saveurs naturelles et leurs nutriments, garantissant\" \/>\n<meta property=\"og:url\" content=\"https:\/\/naturaltreats.eu\/fr\/product\/oreilles-de-porc-de-qualite-superieure\/\" \/>\n<meta property=\"og:site_name\" content=\"Natural Treats\" \/>\n<meta property=\"article:publisher\" content=\"https:\/\/facebook.com\/naturaltreatseu\" \/>\n<meta property=\"article:modified_time\" content=\"2025-01-23T09:00:59+00:00\" \/>\n<meta property=\"og:image\" content=\"https:\/\/naturaltreats.eu\/wp-content\/uploads\/2024\/10\/Product-Bag-Mockup-1.jpg\" \/>\n\t<meta property=\"og:image:width\" content=\"2000\" \/>\n\t<meta property=\"og:image:height\" content=\"2000\" \/>\n\t<meta property=\"og:image:type\" content=\"image\/jpeg\" \/>\n<meta name=\"twitter:card\" content=\"summary_large_image\" \/>\n<meta name=\"twitter:label1\" content=\"Prix\" \/>\n\t<meta name=\"twitter:data1\" content=\"12,50&euro;\" \/>\n\t<meta name=\"twitter:label2\" content=\"Disponibilit\u00e9\" \/>\n\t<meta name=\"twitter:data2\" content=\"En stock\" \/>\n<script type=\"application\/ld+json\" class=\"yoast-schema-graph\">{\"@context\":\"https:\/\/schema.org\",\"@graph\":[{\"@type\":\"WebPage\",\"@id\":\"https:\/\/naturaltreats.eu\/fr\/product\/oreilles-de-porc-de-qualite-superieure\/\",\"url\":\"https:\/\/naturaltreats.eu\/fr\/product\/oreilles-de-porc-de-qualite-superieure\/\",\"name\":\"Oreilles de porc de qualit\u00e9 sup\u00e9rieure | Natural Treats\",\"isPartOf\":{\"@id\":\"https:\/\/naturaltreats.eu\/fr\/#website\"},\"primaryImageOfPage\":{\"@id\":\"https:\/\/naturaltreats.eu\/fr\/product\/oreilles-de-porc-de-qualite-superieure\/#primaryimage\"},\"image\":{\"@id\":\"https:\/\/naturaltreats.eu\/fr\/product\/oreilles-de-porc-de-qualite-superieure\/#primaryimage\"},\"thumbnailUrl\":\"https:\/\/naturaltreats.eu\/wp-content\/uploads\/2024\/10\/Product-Bag-Mockup-1.jpg\",\"datePublished\":\"2024-10-27T20:28:37+00:00\",\"dateModified\":\"2025-01-23T09:00:59+00:00\",\"breadcrumb\":{\"@id\":\"https:\/\/naturaltreats.eu\/fr\/product\/oreilles-de-porc-de-qualite-superieure\/#breadcrumb\"},\"inLanguage\":\"fr-FR\",\"potentialAction\":[{\"@type\":\"ReadAction\",\"target\":[\"https:\/\/naturaltreats.eu\/fr\/product\/oreilles-de-porc-de-qualite-superieure\/\"]}]},{\"@type\":\"ImageObject\",\"inLanguage\":\"fr-FR\",\"@id\":\"https:\/\/naturaltreats.eu\/fr\/product\/oreilles-de-porc-de-qualite-superieure\/#primaryimage\",\"url\":\"https:\/\/naturaltreats.eu\/wp-content\/uploads\/2024\/10\/Product-Bag-Mockup-1.jpg\",\"contentUrl\":\"https:\/\/naturaltreats.eu\/wp-content\/uploads\/2024\/10\/Product-Bag-Mockup-1.jpg\",\"width\":2000,\"height\":2000,\"caption\":\"Pig ears for dogs\"},{\"@type\":\"BreadcrumbList\",\"@id\":\"https:\/\/naturaltreats.eu\/fr\/product\/oreilles-de-porc-de-qualite-superieure\/#breadcrumb\",\"itemListElement\":[{\"@type\":\"ListItem\",\"position\":1,\"name\":\"Home\",\"item\":\"https:\/\/naturaltreats.eu\/fr\/domicile\/\"},{\"@type\":\"ListItem\",\"position\":2,\"name\":\"Boutique\",\"item\":\"https:\/\/naturaltreats.eu\/fr\/boutique\/\"},{\"@type\":\"ListItem\",\"position\":3,\"name\":\"Oreilles de porc de qualit\u00e9 sup\u00e9rieure\"}]},{\"@type\":\"WebSite\",\"@id\":\"https:\/\/naturaltreats.eu\/fr\/#website\",\"url\":\"https:\/\/naturaltreats.eu\/fr\/\",\"name\":\"Natural Treats\",\"description\":\"Best Rated Natural Dog Treats In Europe\",\"publisher\":{\"@id\":\"https:\/\/naturaltreats.eu\/fr\/#organization\"},\"potentialAction\":[{\"@type\":\"SearchAction\",\"target\":{\"@type\":\"EntryPoint\",\"urlTemplate\":\"https:\/\/naturaltreats.eu\/fr\/?s={search_term_string}\"},\"query-input\":{\"@type\":\"PropertyValueSpecification\",\"valueRequired\":true,\"valueName\":\"search_term_string\"}}],\"inLanguage\":\"fr-FR\"},{\"@type\":\"Organization\",\"@id\":\"https:\/\/naturaltreats.eu\/fr\/#organization\",\"name\":\"Natural Treats\",\"url\":\"https:\/\/naturaltreats.eu\/fr\/\",\"logo\":{\"@type\":\"ImageObject\",\"inLanguage\":\"fr-FR\",\"@id\":\"https:\/\/naturaltreats.eu\/fr\/#\/schema\/logo\/image\/\",\"url\":\"https:\/\/naturaltreats.eu\/wp-content\/uploads\/2020\/08\/social.jpg\",\"contentUrl\":\"https:\/\/naturaltreats.eu\/wp-content\/uploads\/2020\/08\/social.jpg\",\"width\":1000,\"height\":1000,\"caption\":\"Natural Treats\"},\"image\":{\"@id\":\"https:\/\/naturaltreats.eu\/fr\/#\/schema\/logo\/image\/\"},\"sameAs\":[\"https:\/\/facebook.com\/naturaltreatseu\",\"https:\/\/instagram.com\/naturaltreatseu\"]}]}<\/script>\n<meta property=\"product:price:amount\" content=\"12.50\" \/>\n<meta property=\"product:price:currency\" content=\"EUR\" \/>\n<meta property=\"og:availability\" content=\"instock\" \/>\n<meta property=\"product:availability\" content=\"instock\" \/>\n<meta property=\"product:condition\" content=\"new\" \/>\n<!-- \/ Yoast SEO Premium plugin. -->","yoast_head_json":{"title":"Oreilles de porc de qualit\u00e9 sup\u00e9rieure | Natural Treats","robots":{"index":"index","follow":"follow","max-snippet":"max-snippet:-1","max-image-preview":"max-image-preview:large","max-video-preview":"max-video-preview:-1"},"canonical":"https:\/\/naturaltreats.eu\/fr\/product\/oreilles-de-porc-de-qualite-superieure\/","og_locale":"fr_FR","og_type":"article","og_title":"Oreilles de porc de qualit\u00e9 sup\u00e9rieure","og_description":"Ces oreilles de porc de qualit\u00e9 sup\u00e9rieure sont soigneusement d\u00e9shydrat\u00e9es afin de pr\u00e9server leurs saveurs naturelles et leurs nutriments, garantissant","og_url":"https:\/\/naturaltreats.eu\/fr\/product\/oreilles-de-porc-de-qualite-superieure\/","og_site_name":"Natural Treats","article_publisher":"https:\/\/facebook.com\/naturaltreatseu","article_modified_time":"2025-01-23T09:00:59+00:00","og_image":[{"width":2000,"height":2000,"url":"https:\/\/naturaltreats.eu\/wp-content\/uploads\/2024\/10\/Product-Bag-Mockup-1.jpg","type":"image\/jpeg"}],"twitter_card":"summary_large_image","twitter_misc":{"Prix":"12,50&euro;","Disponibilit\u00e9":"En stock"},"schema":{"@context":"https:\/\/schema.org","@graph":[{"@type":"WebPage","@id":"https:\/\/naturaltreats.eu\/fr\/product\/oreilles-de-porc-de-qualite-superieure\/","url":"https:\/\/naturaltreats.eu\/fr\/product\/oreilles-de-porc-de-qualite-superieure\/","name":"Oreilles de porc de qualit\u00e9 sup\u00e9rieure | Natural Treats","isPartOf":{"@id":"https:\/\/naturaltreats.eu\/fr\/#website"},"primaryImageOfPage":{"@id":"https:\/\/naturaltreats.eu\/fr\/product\/oreilles-de-porc-de-qualite-superieure\/#primaryimage"},"image":{"@id":"https:\/\/naturaltreats.eu\/fr\/product\/oreilles-de-porc-de-qualite-superieure\/#primaryimage"},"thumbnailUrl":"https:\/\/naturaltreats.eu\/wp-content\/uploads\/2024\/10\/Product-Bag-Mockup-1.jpg","datePublished":"2024-10-27T20:28:37+00:00","dateModified":"2025-01-23T09:00:59+00:00","breadcrumb":{"@id":"https:\/\/naturaltreats.eu\/fr\/product\/oreilles-de-porc-de-qualite-superieure\/#breadcrumb"},"inLanguage":"fr-FR","potentialAction":[{"@type":"ReadAction","target":["https:\/\/naturaltreats.eu\/fr\/product\/oreilles-de-porc-de-qualite-superieure\/"]}]},{"@type":"ImageObject","inLanguage":"fr-FR","@id":"https:\/\/naturaltreats.eu\/fr\/product\/oreilles-de-porc-de-qualite-superieure\/#primaryimage","url":"https:\/\/naturaltreats.eu\/wp-content\/uploads\/2024\/10\/Product-Bag-Mockup-1.jpg","contentUrl":"https:\/\/naturaltreats.eu\/wp-content\/uploads\/2024\/10\/Product-Bag-Mockup-1.jpg","width":2000,"height":2000,"caption":"Pig ears for dogs"},{"@type":"BreadcrumbList","@id":"https:\/\/naturaltreats.eu\/fr\/product\/oreilles-de-porc-de-qualite-superieure\/#breadcrumb","itemListElement":[{"@type":"ListItem","position":1,"name":"Home","item":"https:\/\/naturaltreats.eu\/fr\/domicile\/"},{"@type":"ListItem","position":2,"name":"Boutique","item":"https:\/\/naturaltreats.eu\/fr\/boutique\/"},{"@type":"ListItem","position":3,"name":"Oreilles de porc de qualit\u00e9 sup\u00e9rieure"}]},{"@type":"WebSite","@id":"https:\/\/naturaltreats.eu\/fr\/#website","url":"https:\/\/naturaltreats.eu\/fr\/","name":"Natural Treats","description":"Best Rated Natural Dog Treats In Europe","publisher":{"@id":"https:\/\/naturaltreats.eu\/fr\/#organization"},"potentialAction":[{"@type":"SearchAction","target":{"@type":"EntryPoint","urlTemplate":"https:\/\/naturaltreats.eu\/fr\/?s={search_term_string}"},"query-input":{"@type":"PropertyValueSpecification","valueRequired":true,"valueName":"search_term_string"}}],"inLanguage":"fr-FR"},{"@type":"Organization","@id":"https:\/\/naturaltreats.eu\/fr\/#organization","name":"Natural Treats","url":"https:\/\/naturaltreats.eu\/fr\/","logo":{"@type":"ImageObject","inLanguage":"fr-FR","@id":"https:\/\/naturaltreats.eu\/fr\/#\/schema\/logo\/image\/","url":"https:\/\/naturaltreats.eu\/wp-content\/uploads\/2020\/08\/social.jpg","contentUrl":"https:\/\/naturaltreats.eu\/wp-content\/uploads\/2020\/08\/social.jpg","width":1000,"height":1000,"caption":"Natural Treats"},"image":{"@id":"https:\/\/naturaltreats.eu\/fr\/#\/schema\/logo\/image\/"},"sameAs":["https:\/\/facebook.com\/naturaltreatseu","https:\/\/instagram.com\/naturaltreatseu"]}]},"product_price_amount":"12.50","product_price_currency":"EUR","og_availability":"instock","product_availability":"instock","product_condition":"new"},"_links":{"self":[{"href":"https:\/\/naturaltreats.eu\/fr\/wp-json\/wp\/v2\/product\/68312","targetHints":{"allow":["GET"]}}],"collection":[{"href":"https:\/\/naturaltreats.eu\/fr\/wp-json\/wp\/v2\/product"}],"about":[{"href":"https:\/\/naturaltreats.eu\/fr\/wp-json\/wp\/v2\/types\/product"}],"wp:featuredmedia":[{"embeddable":true,"href":"https:\/\/naturaltreats.eu\/fr\/wp-json\/wp\/v2\/media\/68303"}],"wp:attachment":[{"href":"https:\/\/naturaltreats.eu\/fr\/wp-json\/wp\/v2\/media?parent=68312"}],"wp:term":[{"taxonomy":"dog-type","embeddable":true,"href":"https:\/\/naturaltreats.eu\/fr\/wp-json\/wp\/v2\/dog-type?post=68312"},{"taxonomy":"ingredients","embeddable":true,"href":"https:\/\/naturaltreats.eu\/fr\/wp-json\/wp\/v2\/ingredients?post=68312"},{"taxonomy":"product_brand","embeddable":true,"href":"https:\/\/naturaltreats.eu\/fr\/wp-json\/wp\/v2\/product_brand?post=68312"},{"taxonomy":"product_cat","embeddable":true,"href":"https:\/\/naturaltreats.eu\/fr\/wp-json\/wp\/v2\/product_cat?post=68312"},{"taxonomy":"product_tag","embeddable":true,"href":"https:\/\/naturaltreats.eu\/fr\/wp-json\/wp\/v2\/product_tag?post=68312"}],"curies":[{"name":"wp","href":"https:\/\/api.w.org\/{rel}","templated":true}]}}