{"id":70631,"date":"2024-11-25T13:29:32","date_gmt":"2024-11-25T12:39:10","guid":{"rendered":"https:\/\/naturaltreats.eu\/product\/queue-de-boeuf-bites\/"},"modified":"2025-02-21T15:01:53","modified_gmt":"2025-02-21T14:01:53","slug":"queue-de-boeuf-bites","status":"publish","type":"product","link":"https:\/\/naturaltreats.eu\/fr\/product\/queue-de-boeuf-bites\/","title":{"rendered":"Queue de b\u0153uf Bites"},"content":{"rendered":"<p>Faites d\u00e9couvrir \u00e0 votre chien les bienfaits de nos queues de b\u0153uf Bites naturelles, confectionn\u00e9es en bouch\u00e9es parfaites pour toutes les occasions. Ces friandises naturelles pour chiens sont une excellente option pour le dressage, les r\u00e9compenses ou simplement pour un en-cas rapide afin de satisfaire votre chien. Les friandises naturelles pour chiens sont id\u00e9ales pour le dressage des chiens de taille moyenne et grande.  <\/p>\n<h3>Avantages<\/h3>\n<p><strong>Riche en nutriments :<\/strong> Nos Queue de b\u0153uf Bites regorgent de nutriments essentiels qui contribuent \u00e0 la sant\u00e9 et au bien-\u00eatre g\u00e9n\u00e9ral de votre chien. <strong>Sant\u00e9 dentaire :<\/strong> La texture dure aide \u00e0 nettoyer les dents et les gencives de votre chien, r\u00e9duisant ainsi l&#8217;accumulation de plaque et favorisant une meilleure hygi\u00e8ne bucco-dentaire. <strong>Ingr\u00e9dients naturels :<\/strong> Fabriqu\u00e9es \u00e0 partir de viande de vache \u00e0 100 %, sans additifs ni conservateurs, elles garantissent \u00e0 votre chien ce qu&#8217;il y a de mieux. <strong>Soutien digestif :<\/strong> Riches en prot\u00e9ines et pauvres en mati\u00e8res grasses, ces croquettes naturelles pour chiens favorisent une bonne digestion et peuvent constituer un excellent compl\u00e9ment \u00e0 un r\u00e9gime alimentaire \u00e9quilibr\u00e9. <strong>Stimulation mentale :<\/strong> La mastication de ces produits naturels r\u00e9sistants aide \u00e0 soulager l&#8217;ennui et \u00e0 stimuler l&#8217;esprit de votre chien, le rendant ainsi heureux et satisfait.<\/p>\n","protected":false},"excerpt":{"rendered":"<p>Faites d\u00e9couvrir \u00e0 votre chien les bienfaits de nos queues de b\u0153uf Bites naturelles, confectionn\u00e9es en bouch\u00e9es parfaites pour toutes<\/p>\n","protected":false},"featured_media":70619,"template":"","meta":{"_acf_changed":false},"dog-type":[],"ingredients":[],"product_brand":[],"product_cat":[538],"product_tag":[],"class_list":{"0":"post-70631","1":"product","2":"type-product","3":"status-publish","4":"has-post-thumbnail","6":"product_cat-friandises-naturelles-pour-chiens","7":"pa_dog-type-grands-chiens","8":"pa_dog-type-moyens-chiens","9":"pa_ingredient-vache","10":"pa_toughness-dur","11":"tm-has-options","13":"first","14":"instock","15":"taxable","16":"shipping-taxable","17":"purchasable","18":"product-type-simple"},"bundled_by":["73376"],"bundle_stock_status":"instock","bundle_stock_quantity":14,"bundle_virtual":false,"bundle_layout":"","bundle_add_to_cart_form_location":"","bundle_editable_in_cart":false,"bundle_sold_individually_context":"","bundle_item_grouping":"","bundle_min_size":"","bundle_max_size":"","bundle_price":[],"bundled_items":[],"bundle_sell_ids":[],"acf":[],"yoast_head":"<!-- This site is optimized with the Yoast SEO Premium plugin v23.5 (Yoast SEO v25.0) - https:\/\/yoast.com\/wordpress\/plugins\/seo\/ -->\n<title>Queue de b\u0153uf Bites | Natural Treats<\/title>\n<meta name=\"description\" content=\"Faites d\u00e9couvrir \u00e0 votre chien les bienfaits de nos queues de b\u0153uf naturelles, pr\u00e9par\u00e9es en bouch\u00e9es parfaites pour toutes les occasions.\" \/>\n<meta name=\"robots\" content=\"index, follow, max-snippet:-1, max-image-preview:large, max-video-preview:-1\" \/>\n<link rel=\"canonical\" href=\"https:\/\/naturaltreats.eu\/fr\/product\/queue-de-boeuf-bites\/\" \/>\n<meta property=\"og:locale\" content=\"fr_FR\" \/>\n<meta property=\"og:type\" content=\"article\" \/>\n<meta property=\"og:title\" content=\"Queue de b\u0153uf Bites\" \/>\n<meta property=\"og:description\" content=\"Faites d\u00e9couvrir \u00e0 votre chien les bienfaits de nos queues de b\u0153uf naturelles, pr\u00e9par\u00e9es en bouch\u00e9es parfaites pour toutes les occasions.\" \/>\n<meta property=\"og:url\" content=\"https:\/\/naturaltreats.eu\/fr\/product\/queue-de-boeuf-bites\/\" \/>\n<meta property=\"og:site_name\" content=\"Natural Treats\" \/>\n<meta property=\"article:publisher\" content=\"https:\/\/facebook.com\/naturaltreatseu\" \/>\n<meta property=\"article:modified_time\" content=\"2025-02-21T14:01:53+00:00\" \/>\n<meta property=\"og:image\" content=\"https:\/\/naturaltreats.eu\/wp-content\/uploads\/2024\/11\/Beef-Tail-Bites.jpg\" \/>\n\t<meta property=\"og:image:width\" content=\"2000\" \/>\n\t<meta property=\"og:image:height\" content=\"2000\" \/>\n\t<meta property=\"og:image:type\" content=\"image\/jpeg\" \/>\n<meta name=\"twitter:card\" content=\"summary_large_image\" \/>\n<meta name=\"twitter:label1\" content=\"Prix\" \/>\n\t<meta name=\"twitter:data1\" content=\"8,95&euro;\" \/>\n\t<meta name=\"twitter:label2\" content=\"Disponibilit\u00e9\" \/>\n\t<meta name=\"twitter:data2\" content=\"En stock\" \/>\n<script type=\"application\/ld+json\" class=\"yoast-schema-graph\">{\"@context\":\"https:\/\/schema.org\",\"@graph\":[{\"@type\":\"WebPage\",\"@id\":\"https:\/\/naturaltreats.eu\/fr\/product\/queue-de-boeuf-bites\/\",\"url\":\"https:\/\/naturaltreats.eu\/fr\/product\/queue-de-boeuf-bites\/\",\"name\":\"Queue de b\u0153uf Bites | Natural Treats\",\"isPartOf\":{\"@id\":\"https:\/\/naturaltreats.eu\/fr\/#website\"},\"primaryImageOfPage\":{\"@id\":\"https:\/\/naturaltreats.eu\/fr\/product\/queue-de-boeuf-bites\/#primaryimage\"},\"image\":{\"@id\":\"https:\/\/naturaltreats.eu\/fr\/product\/queue-de-boeuf-bites\/#primaryimage\"},\"thumbnailUrl\":\"https:\/\/naturaltreats.eu\/wp-content\/uploads\/2024\/11\/Beef-Tail-Bites.jpg\",\"datePublished\":\"2024-11-25T12:39:10+00:00\",\"dateModified\":\"2025-02-21T14:01:53+00:00\",\"description\":\"Faites d\u00e9couvrir \u00e0 votre chien les bienfaits de nos queues de b\u0153uf naturelles, pr\u00e9par\u00e9es en bouch\u00e9es parfaites pour toutes les occasions.\",\"breadcrumb\":{\"@id\":\"https:\/\/naturaltreats.eu\/fr\/product\/queue-de-boeuf-bites\/#breadcrumb\"},\"inLanguage\":\"fr-FR\",\"potentialAction\":[{\"@type\":\"ReadAction\",\"target\":[\"https:\/\/naturaltreats.eu\/fr\/product\/queue-de-boeuf-bites\/\"]}]},{\"@type\":\"ImageObject\",\"inLanguage\":\"fr-FR\",\"@id\":\"https:\/\/naturaltreats.eu\/fr\/product\/queue-de-boeuf-bites\/#primaryimage\",\"url\":\"https:\/\/naturaltreats.eu\/wp-content\/uploads\/2024\/11\/Beef-Tail-Bites.jpg\",\"contentUrl\":\"https:\/\/naturaltreats.eu\/wp-content\/uploads\/2024\/11\/Beef-Tail-Bites.jpg\",\"width\":2000,\"height\":2000,\"caption\":\"Beef tail training treats for dogs\"},{\"@type\":\"BreadcrumbList\",\"@id\":\"https:\/\/naturaltreats.eu\/fr\/product\/queue-de-boeuf-bites\/#breadcrumb\",\"itemListElement\":[{\"@type\":\"ListItem\",\"position\":1,\"name\":\"Home\",\"item\":\"https:\/\/naturaltreats.eu\/fr\/domicile\/\"},{\"@type\":\"ListItem\",\"position\":2,\"name\":\"Boutique\",\"item\":\"https:\/\/naturaltreats.eu\/fr\/boutique\/\"},{\"@type\":\"ListItem\",\"position\":3,\"name\":\"Queue de b\u0153uf Bites\"}]},{\"@type\":\"WebSite\",\"@id\":\"https:\/\/naturaltreats.eu\/fr\/#website\",\"url\":\"https:\/\/naturaltreats.eu\/fr\/\",\"name\":\"Natural Treats\",\"description\":\"Best Rated Natural Dog Treats In Europe\",\"publisher\":{\"@id\":\"https:\/\/naturaltreats.eu\/fr\/#organization\"},\"potentialAction\":[{\"@type\":\"SearchAction\",\"target\":{\"@type\":\"EntryPoint\",\"urlTemplate\":\"https:\/\/naturaltreats.eu\/fr\/?s={search_term_string}\"},\"query-input\":{\"@type\":\"PropertyValueSpecification\",\"valueRequired\":true,\"valueName\":\"search_term_string\"}}],\"inLanguage\":\"fr-FR\"},{\"@type\":\"Organization\",\"@id\":\"https:\/\/naturaltreats.eu\/fr\/#organization\",\"name\":\"Natural Treats\",\"url\":\"https:\/\/naturaltreats.eu\/fr\/\",\"logo\":{\"@type\":\"ImageObject\",\"inLanguage\":\"fr-FR\",\"@id\":\"https:\/\/naturaltreats.eu\/fr\/#\/schema\/logo\/image\/\",\"url\":\"https:\/\/naturaltreats.eu\/wp-content\/uploads\/2020\/08\/social.jpg\",\"contentUrl\":\"https:\/\/naturaltreats.eu\/wp-content\/uploads\/2020\/08\/social.jpg\",\"width\":1000,\"height\":1000,\"caption\":\"Natural Treats\"},\"image\":{\"@id\":\"https:\/\/naturaltreats.eu\/fr\/#\/schema\/logo\/image\/\"},\"sameAs\":[\"https:\/\/facebook.com\/naturaltreatseu\",\"https:\/\/instagram.com\/naturaltreatseu\"]}]}<\/script>\n<meta property=\"product:price:amount\" content=\"8.95\" \/>\n<meta property=\"product:price:currency\" content=\"EUR\" \/>\n<meta property=\"og:availability\" content=\"instock\" \/>\n<meta property=\"product:availability\" content=\"instock\" \/>\n<meta property=\"product:condition\" content=\"new\" \/>\n<!-- \/ Yoast SEO Premium plugin. -->","yoast_head_json":{"title":"Queue de b\u0153uf Bites | Natural Treats","description":"Faites d\u00e9couvrir \u00e0 votre chien les bienfaits de nos queues de b\u0153uf naturelles, pr\u00e9par\u00e9es en bouch\u00e9es parfaites pour toutes les occasions.","robots":{"index":"index","follow":"follow","max-snippet":"max-snippet:-1","max-image-preview":"max-image-preview:large","max-video-preview":"max-video-preview:-1"},"canonical":"https:\/\/naturaltreats.eu\/fr\/product\/queue-de-boeuf-bites\/","og_locale":"fr_FR","og_type":"article","og_title":"Queue de b\u0153uf Bites","og_description":"Faites d\u00e9couvrir \u00e0 votre chien les bienfaits de nos queues de b\u0153uf naturelles, pr\u00e9par\u00e9es en bouch\u00e9es parfaites pour toutes les occasions.","og_url":"https:\/\/naturaltreats.eu\/fr\/product\/queue-de-boeuf-bites\/","og_site_name":"Natural Treats","article_publisher":"https:\/\/facebook.com\/naturaltreatseu","article_modified_time":"2025-02-21T14:01:53+00:00","og_image":[{"width":2000,"height":2000,"url":"https:\/\/naturaltreats.eu\/wp-content\/uploads\/2024\/11\/Beef-Tail-Bites.jpg","type":"image\/jpeg"}],"twitter_card":"summary_large_image","twitter_misc":{"Prix":"8,95&euro;","Disponibilit\u00e9":"En stock"},"schema":{"@context":"https:\/\/schema.org","@graph":[{"@type":"WebPage","@id":"https:\/\/naturaltreats.eu\/fr\/product\/queue-de-boeuf-bites\/","url":"https:\/\/naturaltreats.eu\/fr\/product\/queue-de-boeuf-bites\/","name":"Queue de b\u0153uf Bites | Natural Treats","isPartOf":{"@id":"https:\/\/naturaltreats.eu\/fr\/#website"},"primaryImageOfPage":{"@id":"https:\/\/naturaltreats.eu\/fr\/product\/queue-de-boeuf-bites\/#primaryimage"},"image":{"@id":"https:\/\/naturaltreats.eu\/fr\/product\/queue-de-boeuf-bites\/#primaryimage"},"thumbnailUrl":"https:\/\/naturaltreats.eu\/wp-content\/uploads\/2024\/11\/Beef-Tail-Bites.jpg","datePublished":"2024-11-25T12:39:10+00:00","dateModified":"2025-02-21T14:01:53+00:00","description":"Faites d\u00e9couvrir \u00e0 votre chien les bienfaits de nos queues de b\u0153uf naturelles, pr\u00e9par\u00e9es en bouch\u00e9es parfaites pour toutes les occasions.","breadcrumb":{"@id":"https:\/\/naturaltreats.eu\/fr\/product\/queue-de-boeuf-bites\/#breadcrumb"},"inLanguage":"fr-FR","potentialAction":[{"@type":"ReadAction","target":["https:\/\/naturaltreats.eu\/fr\/product\/queue-de-boeuf-bites\/"]}]},{"@type":"ImageObject","inLanguage":"fr-FR","@id":"https:\/\/naturaltreats.eu\/fr\/product\/queue-de-boeuf-bites\/#primaryimage","url":"https:\/\/naturaltreats.eu\/wp-content\/uploads\/2024\/11\/Beef-Tail-Bites.jpg","contentUrl":"https:\/\/naturaltreats.eu\/wp-content\/uploads\/2024\/11\/Beef-Tail-Bites.jpg","width":2000,"height":2000,"caption":"Beef tail training treats for dogs"},{"@type":"BreadcrumbList","@id":"https:\/\/naturaltreats.eu\/fr\/product\/queue-de-boeuf-bites\/#breadcrumb","itemListElement":[{"@type":"ListItem","position":1,"name":"Home","item":"https:\/\/naturaltreats.eu\/fr\/domicile\/"},{"@type":"ListItem","position":2,"name":"Boutique","item":"https:\/\/naturaltreats.eu\/fr\/boutique\/"},{"@type":"ListItem","position":3,"name":"Queue de b\u0153uf Bites"}]},{"@type":"WebSite","@id":"https:\/\/naturaltreats.eu\/fr\/#website","url":"https:\/\/naturaltreats.eu\/fr\/","name":"Natural Treats","description":"Best Rated Natural Dog Treats In Europe","publisher":{"@id":"https:\/\/naturaltreats.eu\/fr\/#organization"},"potentialAction":[{"@type":"SearchAction","target":{"@type":"EntryPoint","urlTemplate":"https:\/\/naturaltreats.eu\/fr\/?s={search_term_string}"},"query-input":{"@type":"PropertyValueSpecification","valueRequired":true,"valueName":"search_term_string"}}],"inLanguage":"fr-FR"},{"@type":"Organization","@id":"https:\/\/naturaltreats.eu\/fr\/#organization","name":"Natural Treats","url":"https:\/\/naturaltreats.eu\/fr\/","logo":{"@type":"ImageObject","inLanguage":"fr-FR","@id":"https:\/\/naturaltreats.eu\/fr\/#\/schema\/logo\/image\/","url":"https:\/\/naturaltreats.eu\/wp-content\/uploads\/2020\/08\/social.jpg","contentUrl":"https:\/\/naturaltreats.eu\/wp-content\/uploads\/2020\/08\/social.jpg","width":1000,"height":1000,"caption":"Natural Treats"},"image":{"@id":"https:\/\/naturaltreats.eu\/fr\/#\/schema\/logo\/image\/"},"sameAs":["https:\/\/facebook.com\/naturaltreatseu","https:\/\/instagram.com\/naturaltreatseu"]}]},"product_price_amount":"8.95","product_price_currency":"EUR","og_availability":"instock","product_availability":"instock","product_condition":"new"},"_links":{"self":[{"href":"https:\/\/naturaltreats.eu\/fr\/wp-json\/wp\/v2\/product\/70631","targetHints":{"allow":["GET"]}}],"collection":[{"href":"https:\/\/naturaltreats.eu\/fr\/wp-json\/wp\/v2\/product"}],"about":[{"href":"https:\/\/naturaltreats.eu\/fr\/wp-json\/wp\/v2\/types\/product"}],"wp:featuredmedia":[{"embeddable":true,"href":"https:\/\/naturaltreats.eu\/fr\/wp-json\/wp\/v2\/media\/70619"}],"wp:attachment":[{"href":"https:\/\/naturaltreats.eu\/fr\/wp-json\/wp\/v2\/media?parent=70631"}],"wp:term":[{"taxonomy":"dog-type","embeddable":true,"href":"https:\/\/naturaltreats.eu\/fr\/wp-json\/wp\/v2\/dog-type?post=70631"},{"taxonomy":"ingredients","embeddable":true,"href":"https:\/\/naturaltreats.eu\/fr\/wp-json\/wp\/v2\/ingredients?post=70631"},{"taxonomy":"product_brand","embeddable":true,"href":"https:\/\/naturaltreats.eu\/fr\/wp-json\/wp\/v2\/product_brand?post=70631"},{"taxonomy":"product_cat","embeddable":true,"href":"https:\/\/naturaltreats.eu\/fr\/wp-json\/wp\/v2\/product_cat?post=70631"},{"taxonomy":"product_tag","embeddable":true,"href":"https:\/\/naturaltreats.eu\/fr\/wp-json\/wp\/v2\/product_tag?post=70631"}],"curies":[{"name":"wp","href":"https:\/\/api.w.org\/{rel}","templated":true}]}}