{"id":70643,"date":"2024-11-25T13:52:15","date_gmt":"2024-11-25T12:53:27","guid":{"rendered":"https:\/\/naturaltreats.eu\/product\/xl-jambe-de-cerf\/"},"modified":"2024-11-25T13:53:27","modified_gmt":"2024-11-25T12:53:27","slug":"xl-jambe-de-cerf","status":"publish","type":"product","link":"https:\/\/naturaltreats.eu\/fr\/product\/xl-jambe-de-cerf\/","title":{"rendered":"XL Jambe de cerf"},"content":{"rendered":"<p>Notre patte de cerf extra large pour chiens est un produit \u00e0 m\u00e2cher naturel et robuste, id\u00e9al pour les chiens grands et forts. D&#8217;un poids approximatif de 600 \u00e0 700 grammes, cette pi\u00e8ce \u00e0 m\u00e2cher naturelle pour chiens est fabriqu\u00e9e \u00e0 100 % \u00e0 partir de cerf, offrant ainsi une exp\u00e9rience durable et satisfaisante \u00e0 votre compagnon canin. Les pattes de cerf pour chiens sont tr\u00e8s grandes et lourdes et contiennent un gros os. Elles sont recommand\u00e9es pour les chiens grands et forts qui ont l&#8217;habitude de m\u00e2cher des os plus gros. <\/p>\n<h3>Avantages<\/h3>\n<p><strong>Naturel et sain<\/strong>: Fabriqu\u00e9 enti\u00e8rement \u00e0 partir de cerf, ce produit \u00e0 m\u00e2cher est exempt d&#8217;additifs artificiels et de conservateurs, ce qui garantit \u00e0 votre chien une friandise saine et nutritive. <strong>Favorise la sant\u00e9 dentaire<\/strong>: M\u00e2cher la patte de cerf aide \u00e0 r\u00e9duire la plaque dentaire et l&#8217;accumulation de tartre, ce qui favorise la sant\u00e9 des dents et des gencives. <strong>Occupe et divertit<\/strong>: La longue dur\u00e9e de vie de cette friandise \u00e0 m\u00e2cher permet \u00e0 votre chien d&#8217;\u00eatre occup\u00e9 et mentalement stimul\u00e9, ce qui contribue \u00e0 att\u00e9nuer l&#8217;ennui et \u00e0 r\u00e9duire les comportements destructeurs. <strong>Riche en prot\u00e9ines<\/strong>: le cerf est une excellente source de prot\u00e9ines, favorisant le d\u00e9veloppement musculaire et la sant\u00e9 g\u00e9n\u00e9rale de votre chien. <strong>Sans c\u00e9r\u00e9ales<\/strong>: Id\u00e9al pour les chiens sensibles aux c\u00e9r\u00e9ales ou souffrant d&#8217;allergies, ce produit \u00e0 m\u00e2cher constitue une option naturelle et sans allerg\u00e8nes pour votre animal.<\/p>\n","protected":false},"excerpt":{"rendered":"<p>Notre patte de cerf extra large pour chiens est un produit \u00e0 m\u00e2cher naturel et robuste, id\u00e9al pour les chiens<\/p>\n","protected":false},"featured_media":70638,"template":"","meta":{"_acf_changed":false},"dog-type":[],"ingredients":[],"product_brand":[],"product_cat":[538],"product_tag":[],"class_list":{"0":"post-70643","1":"product","2":"type-product","3":"status-publish","4":"has-post-thumbnail","6":"product_cat-friandises-naturelles-pour-chiens","7":"pa_dog-type-grands-chiens","8":"pa_ingredient-chevreuil","9":"pa_toughness-tres-dur","10":"tm-has-options","12":"first","13":"outofstock","14":"sale","15":"taxable","16":"shipping-taxable","17":"purchasable","18":"product-type-simple"},"bundled_by":[],"bundle_stock_status":"outofstock","bundle_stock_quantity":null,"bundle_virtual":false,"bundle_layout":"","bundle_add_to_cart_form_location":"","bundle_editable_in_cart":false,"bundle_sold_individually_context":"","bundle_item_grouping":"","bundle_min_size":"","bundle_max_size":"","bundle_price":[],"bundled_items":[],"bundle_sell_ids":[],"acf":[],"yoast_head":"<!-- This site is optimized with the Yoast SEO Premium plugin v23.5 (Yoast SEO v25.0) - https:\/\/yoast.com\/wordpress\/plugins\/seo\/ -->\n<title>XL Jambe de cerf | Natural Treats<\/title>\n<meta name=\"description\" content=\"Notre patte de cerf extra large pour chiens est un produit \u00e0 m\u00e2cher naturel et robuste, id\u00e9al pour les chiens grands et forts.\" \/>\n<meta name=\"robots\" content=\"index, follow, max-snippet:-1, max-image-preview:large, max-video-preview:-1\" \/>\n<link rel=\"canonical\" href=\"https:\/\/naturaltreats.eu\/fr\/product\/xl-jambe-de-cerf\/\" \/>\n<meta property=\"og:locale\" content=\"fr_FR\" \/>\n<meta property=\"og:type\" content=\"article\" \/>\n<meta property=\"og:title\" content=\"XL Jambe de cerf\" \/>\n<meta property=\"og:description\" content=\"Notre patte de cerf extra large pour chiens est un produit \u00e0 m\u00e2cher naturel et robuste, id\u00e9al pour les chiens grands et forts.\" \/>\n<meta property=\"og:url\" content=\"https:\/\/naturaltreats.eu\/fr\/product\/xl-jambe-de-cerf\/\" \/>\n<meta property=\"og:site_name\" content=\"Natural Treats\" \/>\n<meta property=\"article:publisher\" content=\"https:\/\/facebook.com\/naturaltreatseu\" \/>\n<meta property=\"og:image\" content=\"https:\/\/naturaltreats.eu\/wp-content\/uploads\/2024\/11\/XL-Deer-Leg.jpg\" \/>\n\t<meta property=\"og:image:width\" content=\"1600\" \/>\n\t<meta property=\"og:image:height\" content=\"1600\" \/>\n\t<meta property=\"og:image:type\" content=\"image\/jpeg\" \/>\n<meta name=\"twitter:card\" content=\"summary_large_image\" \/>\n<meta name=\"twitter:label1\" content=\"Prix\" \/>\n\t<meta name=\"twitter:data1\" content=\"7,95&euro;\" \/>\n\t<meta name=\"twitter:label2\" content=\"Disponibilit\u00e9\" \/>\n\t<meta name=\"twitter:data2\" content=\"Rupture de stock\" \/>\n<script type=\"application\/ld+json\" class=\"yoast-schema-graph\">{\"@context\":\"https:\/\/schema.org\",\"@graph\":[{\"@type\":\"WebPage\",\"@id\":\"https:\/\/naturaltreats.eu\/fr\/product\/xl-jambe-de-cerf\/\",\"url\":\"https:\/\/naturaltreats.eu\/fr\/product\/xl-jambe-de-cerf\/\",\"name\":\"XL Jambe de cerf | Natural Treats\",\"isPartOf\":{\"@id\":\"https:\/\/naturaltreats.eu\/fr\/#website\"},\"primaryImageOfPage\":{\"@id\":\"https:\/\/naturaltreats.eu\/fr\/product\/xl-jambe-de-cerf\/#primaryimage\"},\"image\":{\"@id\":\"https:\/\/naturaltreats.eu\/fr\/product\/xl-jambe-de-cerf\/#primaryimage\"},\"thumbnailUrl\":\"https:\/\/naturaltreats.eu\/wp-content\/uploads\/2024\/11\/XL-Deer-Leg.jpg\",\"datePublished\":\"2024-11-25T12:53:27+00:00\",\"description\":\"Notre patte de cerf extra large pour chiens est un produit \u00e0 m\u00e2cher naturel et robuste, id\u00e9al pour les chiens grands et forts.\",\"breadcrumb\":{\"@id\":\"https:\/\/naturaltreats.eu\/fr\/product\/xl-jambe-de-cerf\/#breadcrumb\"},\"inLanguage\":\"fr-FR\",\"potentialAction\":[{\"@type\":\"ReadAction\",\"target\":[\"https:\/\/naturaltreats.eu\/fr\/product\/xl-jambe-de-cerf\/\"]}]},{\"@type\":\"ImageObject\",\"inLanguage\":\"fr-FR\",\"@id\":\"https:\/\/naturaltreats.eu\/fr\/product\/xl-jambe-de-cerf\/#primaryimage\",\"url\":\"https:\/\/naturaltreats.eu\/wp-content\/uploads\/2024\/11\/XL-Deer-Leg.jpg\",\"contentUrl\":\"https:\/\/naturaltreats.eu\/wp-content\/uploads\/2024\/11\/XL-Deer-Leg.jpg\",\"width\":1600,\"height\":1600,\"caption\":\"Extra large deer leg for dogs.\"},{\"@type\":\"BreadcrumbList\",\"@id\":\"https:\/\/naturaltreats.eu\/fr\/product\/xl-jambe-de-cerf\/#breadcrumb\",\"itemListElement\":[{\"@type\":\"ListItem\",\"position\":1,\"name\":\"Home\",\"item\":\"https:\/\/naturaltreats.eu\/fr\/domicile\/\"},{\"@type\":\"ListItem\",\"position\":2,\"name\":\"Boutique\",\"item\":\"https:\/\/naturaltreats.eu\/fr\/boutique\/\"},{\"@type\":\"ListItem\",\"position\":3,\"name\":\"XL Jambe de cerf\"}]},{\"@type\":\"WebSite\",\"@id\":\"https:\/\/naturaltreats.eu\/fr\/#website\",\"url\":\"https:\/\/naturaltreats.eu\/fr\/\",\"name\":\"Natural Treats\",\"description\":\"Best Rated Natural Dog Treats In Europe\",\"publisher\":{\"@id\":\"https:\/\/naturaltreats.eu\/fr\/#organization\"},\"potentialAction\":[{\"@type\":\"SearchAction\",\"target\":{\"@type\":\"EntryPoint\",\"urlTemplate\":\"https:\/\/naturaltreats.eu\/fr\/?s={search_term_string}\"},\"query-input\":{\"@type\":\"PropertyValueSpecification\",\"valueRequired\":true,\"valueName\":\"search_term_string\"}}],\"inLanguage\":\"fr-FR\"},{\"@type\":\"Organization\",\"@id\":\"https:\/\/naturaltreats.eu\/fr\/#organization\",\"name\":\"Natural Treats\",\"url\":\"https:\/\/naturaltreats.eu\/fr\/\",\"logo\":{\"@type\":\"ImageObject\",\"inLanguage\":\"fr-FR\",\"@id\":\"https:\/\/naturaltreats.eu\/fr\/#\/schema\/logo\/image\/\",\"url\":\"https:\/\/naturaltreats.eu\/wp-content\/uploads\/2020\/08\/social.jpg\",\"contentUrl\":\"https:\/\/naturaltreats.eu\/wp-content\/uploads\/2020\/08\/social.jpg\",\"width\":1000,\"height\":1000,\"caption\":\"Natural Treats\"},\"image\":{\"@id\":\"https:\/\/naturaltreats.eu\/fr\/#\/schema\/logo\/image\/\"},\"sameAs\":[\"https:\/\/facebook.com\/naturaltreatseu\",\"https:\/\/instagram.com\/naturaltreatseu\"]}]}<\/script>\n<meta property=\"product:price:amount\" content=\"7.95\" \/>\n<meta property=\"product:price:currency\" content=\"EUR\" \/>\n<meta property=\"og:availability\" content=\"out of stock\" \/>\n<meta property=\"product:availability\" content=\"out of stock\" \/>\n<meta property=\"product:condition\" content=\"new\" \/>\n<!-- \/ Yoast SEO Premium plugin. -->","yoast_head_json":{"title":"XL Jambe de cerf | Natural Treats","description":"Notre patte de cerf extra large pour chiens est un produit \u00e0 m\u00e2cher naturel et robuste, id\u00e9al pour les chiens grands et forts.","robots":{"index":"index","follow":"follow","max-snippet":"max-snippet:-1","max-image-preview":"max-image-preview:large","max-video-preview":"max-video-preview:-1"},"canonical":"https:\/\/naturaltreats.eu\/fr\/product\/xl-jambe-de-cerf\/","og_locale":"fr_FR","og_type":"article","og_title":"XL Jambe de cerf","og_description":"Notre patte de cerf extra large pour chiens est un produit \u00e0 m\u00e2cher naturel et robuste, id\u00e9al pour les chiens grands et forts.","og_url":"https:\/\/naturaltreats.eu\/fr\/product\/xl-jambe-de-cerf\/","og_site_name":"Natural Treats","article_publisher":"https:\/\/facebook.com\/naturaltreatseu","og_image":[{"width":1600,"height":1600,"url":"https:\/\/naturaltreats.eu\/wp-content\/uploads\/2024\/11\/XL-Deer-Leg.jpg","type":"image\/jpeg"}],"twitter_card":"summary_large_image","twitter_misc":{"Prix":"7,95&euro;","Disponibilit\u00e9":"Rupture de stock"},"schema":{"@context":"https:\/\/schema.org","@graph":[{"@type":"WebPage","@id":"https:\/\/naturaltreats.eu\/fr\/product\/xl-jambe-de-cerf\/","url":"https:\/\/naturaltreats.eu\/fr\/product\/xl-jambe-de-cerf\/","name":"XL Jambe de cerf | Natural Treats","isPartOf":{"@id":"https:\/\/naturaltreats.eu\/fr\/#website"},"primaryImageOfPage":{"@id":"https:\/\/naturaltreats.eu\/fr\/product\/xl-jambe-de-cerf\/#primaryimage"},"image":{"@id":"https:\/\/naturaltreats.eu\/fr\/product\/xl-jambe-de-cerf\/#primaryimage"},"thumbnailUrl":"https:\/\/naturaltreats.eu\/wp-content\/uploads\/2024\/11\/XL-Deer-Leg.jpg","datePublished":"2024-11-25T12:53:27+00:00","description":"Notre patte de cerf extra large pour chiens est un produit \u00e0 m\u00e2cher naturel et robuste, id\u00e9al pour les chiens grands et forts.","breadcrumb":{"@id":"https:\/\/naturaltreats.eu\/fr\/product\/xl-jambe-de-cerf\/#breadcrumb"},"inLanguage":"fr-FR","potentialAction":[{"@type":"ReadAction","target":["https:\/\/naturaltreats.eu\/fr\/product\/xl-jambe-de-cerf\/"]}]},{"@type":"ImageObject","inLanguage":"fr-FR","@id":"https:\/\/naturaltreats.eu\/fr\/product\/xl-jambe-de-cerf\/#primaryimage","url":"https:\/\/naturaltreats.eu\/wp-content\/uploads\/2024\/11\/XL-Deer-Leg.jpg","contentUrl":"https:\/\/naturaltreats.eu\/wp-content\/uploads\/2024\/11\/XL-Deer-Leg.jpg","width":1600,"height":1600,"caption":"Extra large deer leg for dogs."},{"@type":"BreadcrumbList","@id":"https:\/\/naturaltreats.eu\/fr\/product\/xl-jambe-de-cerf\/#breadcrumb","itemListElement":[{"@type":"ListItem","position":1,"name":"Home","item":"https:\/\/naturaltreats.eu\/fr\/domicile\/"},{"@type":"ListItem","position":2,"name":"Boutique","item":"https:\/\/naturaltreats.eu\/fr\/boutique\/"},{"@type":"ListItem","position":3,"name":"XL Jambe de cerf"}]},{"@type":"WebSite","@id":"https:\/\/naturaltreats.eu\/fr\/#website","url":"https:\/\/naturaltreats.eu\/fr\/","name":"Natural Treats","description":"Best Rated Natural Dog Treats In Europe","publisher":{"@id":"https:\/\/naturaltreats.eu\/fr\/#organization"},"potentialAction":[{"@type":"SearchAction","target":{"@type":"EntryPoint","urlTemplate":"https:\/\/naturaltreats.eu\/fr\/?s={search_term_string}"},"query-input":{"@type":"PropertyValueSpecification","valueRequired":true,"valueName":"search_term_string"}}],"inLanguage":"fr-FR"},{"@type":"Organization","@id":"https:\/\/naturaltreats.eu\/fr\/#organization","name":"Natural Treats","url":"https:\/\/naturaltreats.eu\/fr\/","logo":{"@type":"ImageObject","inLanguage":"fr-FR","@id":"https:\/\/naturaltreats.eu\/fr\/#\/schema\/logo\/image\/","url":"https:\/\/naturaltreats.eu\/wp-content\/uploads\/2020\/08\/social.jpg","contentUrl":"https:\/\/naturaltreats.eu\/wp-content\/uploads\/2020\/08\/social.jpg","width":1000,"height":1000,"caption":"Natural Treats"},"image":{"@id":"https:\/\/naturaltreats.eu\/fr\/#\/schema\/logo\/image\/"},"sameAs":["https:\/\/facebook.com\/naturaltreatseu","https:\/\/instagram.com\/naturaltreatseu"]}]},"product_price_amount":"7.95","product_price_currency":"EUR","og_availability":"out of stock","product_availability":"out of stock","product_condition":"new"},"_links":{"self":[{"href":"https:\/\/naturaltreats.eu\/fr\/wp-json\/wp\/v2\/product\/70643","targetHints":{"allow":["GET"]}}],"collection":[{"href":"https:\/\/naturaltreats.eu\/fr\/wp-json\/wp\/v2\/product"}],"about":[{"href":"https:\/\/naturaltreats.eu\/fr\/wp-json\/wp\/v2\/types\/product"}],"wp:featuredmedia":[{"embeddable":true,"href":"https:\/\/naturaltreats.eu\/fr\/wp-json\/wp\/v2\/media\/70638"}],"wp:attachment":[{"href":"https:\/\/naturaltreats.eu\/fr\/wp-json\/wp\/v2\/media?parent=70643"}],"wp:term":[{"taxonomy":"dog-type","embeddable":true,"href":"https:\/\/naturaltreats.eu\/fr\/wp-json\/wp\/v2\/dog-type?post=70643"},{"taxonomy":"ingredients","embeddable":true,"href":"https:\/\/naturaltreats.eu\/fr\/wp-json\/wp\/v2\/ingredients?post=70643"},{"taxonomy":"product_brand","embeddable":true,"href":"https:\/\/naturaltreats.eu\/fr\/wp-json\/wp\/v2\/product_brand?post=70643"},{"taxonomy":"product_cat","embeddable":true,"href":"https:\/\/naturaltreats.eu\/fr\/wp-json\/wp\/v2\/product_cat?post=70643"},{"taxonomy":"product_tag","embeddable":true,"href":"https:\/\/naturaltreats.eu\/fr\/wp-json\/wp\/v2\/product_tag?post=70643"}],"curies":[{"name":"wp","href":"https:\/\/api.w.org\/{rel}","templated":true}]}}