{"id":71771,"date":"2024-12-08T21:20:53","date_gmt":"2024-12-08T20:33:00","guid":{"rendered":"https:\/\/naturaltreats.eu\/shop\/non%20class\u00e9\/oesophage-de-boeuf\/"},"modified":"2024-12-08T21:42:44","modified_gmt":"2024-12-08T20:42:44","slug":"oesophages-de-boeuf","status":"publish","type":"product","link":"https:\/\/naturaltreats.eu\/fr\/product\/oesophages-de-boeuf\/","title":{"rendered":"\u0152sophages de b\u0153uf"},"content":{"rendered":"<p>Les \u0153sophages de b\u0153uf naturels pour chiens sont une friandise d\u00e9licieuse et saine que votre compagnon canin adorera. Fabriqu\u00e9es avec soin et d\u00e9vouement, ces friandises offrent une option de grignotage naturelle et saine qui correspond aux d\u00e9sirs instinctifs de votre chien. Issus d&#8217;une viande de b\u0153uf de haute qualit\u00e9, nos \u0153sophages offrent une exp\u00e9rience savoureuse et satisfaisante qui fera fr\u00e9tiller la queue de votre chien.  <\/p>\n<h3>Avantages<\/h3>\n<p><strong>Favorise la sant\u00e9 dentaire :<\/strong> M\u00e2cher des \u0153sophages de b\u0153uf contribue \u00e0 l&#8217;hygi\u00e8ne dentaire de votre chien en nettoyant naturellement les dents et en massant les gencives. Cela r\u00e9duit l&#8217;accumulation de plaque et aide \u00e0 garder la bouche de votre animal en bonne sant\u00e9. <strong>Riche en prot\u00e9ines :<\/strong> Nos \u0153sophages de b\u0153uf sont riches en prot\u00e9ines, un nutriment essentiel au maintien de la force musculaire et de la vitalit\u00e9 g\u00e9n\u00e9rale. Ils constituent donc un excellent choix pour les chiens actifs qui ont besoin d&#8217;une source d&#8217;\u00e9nergie nutritive. <strong>Facilement digestible :<\/strong> Contrairement \u00e0 de nombreuses autres friandises pour chiens, les \u0153sophages de b\u0153uf sont douces pour l&#8217;estomac et faciles \u00e0 dig\u00e9rer, ce qui les rend adapt\u00e9es aux chiens ayant un syst\u00e8me digestif sensible. <strong>Favorise la sant\u00e9 des articulations :<\/strong> Les \u0153sophages de b\u0153uf contiennent naturellement de la glucosamine et de la chondro\u00eftine, des compos\u00e9s connus pour favoriser la sant\u00e9 et la mobilit\u00e9 des articulations, ce qui est particuli\u00e8rement b\u00e9n\u00e9fique pour les chiens vieillissants ou ceux qui ont des probl\u00e8mes articulaires. <strong>Sans additifs artificiels :<\/strong> Rassurez-vous, nos friandises naturelles pour chiens sont exemptes de colorants, d&#8217;ar\u00f4mes et de conservateurs artificiels. Cela garantit que votre animal re\u00e7oit une friandise pure et saine sans aucun ingr\u00e9dient ind\u00e9sirable.<\/p>\n","protected":false},"excerpt":{"rendered":"<p>Les \u0153sophages de b\u0153uf naturels pour chiens sont une friandise d\u00e9licieuse et saine que votre compagnon canin adorera. Fabriqu\u00e9es avec<\/p>\n","protected":false},"featured_media":71756,"template":"","meta":{"_acf_changed":false},"dog-type":[],"ingredients":[],"product_brand":[],"product_cat":[538],"product_tag":[],"class_list":{"0":"post-71771","1":"product","2":"type-product","3":"status-publish","4":"has-post-thumbnail","6":"product_cat-friandises-naturelles-pour-chiens","7":"pa_dog-type-chiots","8":"pa_dog-type-grands-chiens","9":"pa_dog-type-moyens-chiens","10":"pa_dog-type-petits-chiens","11":"pa_dog-type-seniors-chiens","12":"pa_ingredient-vache","13":"pa_toughness-moyen","14":"tm-has-options","16":"first","17":"instock","18":"taxable","19":"shipping-taxable","20":"purchasable","21":"product-type-simple"},"bundled_by":["73376"],"bundle_stock_status":"instock","bundle_stock_quantity":null,"bundle_virtual":false,"bundle_layout":"","bundle_add_to_cart_form_location":"","bundle_editable_in_cart":false,"bundle_sold_individually_context":"","bundle_item_grouping":"","bundle_min_size":"","bundle_max_size":"","bundle_price":[],"bundled_items":[],"bundle_sell_ids":[],"acf":[],"yoast_head":"<!-- This site is optimized with the Yoast SEO Premium plugin v23.5 (Yoast SEO v25.0) - https:\/\/yoast.com\/wordpress\/plugins\/seo\/ -->\n<title>\u0152sophages de b\u0153uf | Natural Treats<\/title>\n<meta name=\"description\" content=\"Les \u0153sophages de b\u0153uf naturels pour chiens sont une friandise d\u00e9licieuse et saine que votre compagnon canin adorera.\" \/>\n<meta name=\"robots\" content=\"index, follow, max-snippet:-1, max-image-preview:large, max-video-preview:-1\" \/>\n<link rel=\"canonical\" href=\"https:\/\/naturaltreats.eu\/fr\/product\/oesophages-de-boeuf\/\" \/>\n<meta property=\"og:locale\" content=\"fr_FR\" \/>\n<meta property=\"og:type\" content=\"article\" \/>\n<meta property=\"og:title\" content=\"\u0152sophages de b\u0153uf\" \/>\n<meta property=\"og:description\" content=\"Les \u0153sophages de b\u0153uf naturels pour chiens sont une friandise d\u00e9licieuse et saine que votre compagnon canin adorera.\" \/>\n<meta property=\"og:url\" content=\"https:\/\/naturaltreats.eu\/fr\/product\/oesophages-de-boeuf\/\" \/>\n<meta property=\"og:site_name\" content=\"Natural Treats\" \/>\n<meta property=\"article:publisher\" content=\"https:\/\/facebook.com\/naturaltreatseu\" \/>\n<meta property=\"article:modified_time\" content=\"2024-12-08T20:42:44+00:00\" \/>\n<meta property=\"og:image\" content=\"https:\/\/naturaltreats.eu\/wp-content\/uploads\/2024\/12\/cow-gulelts.jpg\" \/>\n\t<meta property=\"og:image:width\" content=\"2000\" \/>\n\t<meta property=\"og:image:height\" content=\"2000\" \/>\n\t<meta property=\"og:image:type\" content=\"image\/jpeg\" \/>\n<meta name=\"twitter:card\" content=\"summary_large_image\" \/>\n<meta name=\"twitter:label1\" content=\"Prix\" \/>\n\t<meta name=\"twitter:data1\" content=\"9,95&euro;\" \/>\n\t<meta name=\"twitter:label2\" content=\"Disponibilit\u00e9\" \/>\n\t<meta name=\"twitter:data2\" content=\"En stock\" \/>\n<script type=\"application\/ld+json\" class=\"yoast-schema-graph\">{\"@context\":\"https:\/\/schema.org\",\"@graph\":[{\"@type\":\"WebPage\",\"@id\":\"https:\/\/naturaltreats.eu\/fr\/product\/oesophages-de-boeuf\/\",\"url\":\"https:\/\/naturaltreats.eu\/fr\/product\/oesophages-de-boeuf\/\",\"name\":\"\u0152sophages de b\u0153uf | Natural Treats\",\"isPartOf\":{\"@id\":\"https:\/\/naturaltreats.eu\/fr\/#website\"},\"primaryImageOfPage\":{\"@id\":\"https:\/\/naturaltreats.eu\/fr\/product\/oesophages-de-boeuf\/#primaryimage\"},\"image\":{\"@id\":\"https:\/\/naturaltreats.eu\/fr\/product\/oesophages-de-boeuf\/#primaryimage\"},\"thumbnailUrl\":\"https:\/\/naturaltreats.eu\/wp-content\/uploads\/2024\/12\/cow-gulelts.jpg\",\"datePublished\":\"2024-12-08T20:33:00+00:00\",\"dateModified\":\"2024-12-08T20:42:44+00:00\",\"description\":\"Les \u0153sophages de b\u0153uf naturels pour chiens sont une friandise d\u00e9licieuse et saine que votre compagnon canin adorera.\",\"breadcrumb\":{\"@id\":\"https:\/\/naturaltreats.eu\/fr\/product\/oesophages-de-boeuf\/#breadcrumb\"},\"inLanguage\":\"fr-FR\",\"potentialAction\":[{\"@type\":\"ReadAction\",\"target\":[\"https:\/\/naturaltreats.eu\/fr\/product\/oesophages-de-boeuf\/\"]}]},{\"@type\":\"ImageObject\",\"inLanguage\":\"fr-FR\",\"@id\":\"https:\/\/naturaltreats.eu\/fr\/product\/oesophages-de-boeuf\/#primaryimage\",\"url\":\"https:\/\/naturaltreats.eu\/wp-content\/uploads\/2024\/12\/cow-gulelts.jpg\",\"contentUrl\":\"https:\/\/naturaltreats.eu\/wp-content\/uploads\/2024\/12\/cow-gulelts.jpg\",\"width\":2000,\"height\":2000,\"caption\":\"Beef gullets for dogs\"},{\"@type\":\"BreadcrumbList\",\"@id\":\"https:\/\/naturaltreats.eu\/fr\/product\/oesophages-de-boeuf\/#breadcrumb\",\"itemListElement\":[{\"@type\":\"ListItem\",\"position\":1,\"name\":\"Home\",\"item\":\"https:\/\/naturaltreats.eu\/fr\/domicile\/\"},{\"@type\":\"ListItem\",\"position\":2,\"name\":\"Boutique\",\"item\":\"https:\/\/naturaltreats.eu\/fr\/boutique\/\"},{\"@type\":\"ListItem\",\"position\":3,\"name\":\"\u0152sophages de b\u0153uf\"}]},{\"@type\":\"WebSite\",\"@id\":\"https:\/\/naturaltreats.eu\/fr\/#website\",\"url\":\"https:\/\/naturaltreats.eu\/fr\/\",\"name\":\"Natural Treats\",\"description\":\"Best Rated Natural Dog Treats In Europe\",\"publisher\":{\"@id\":\"https:\/\/naturaltreats.eu\/fr\/#organization\"},\"potentialAction\":[{\"@type\":\"SearchAction\",\"target\":{\"@type\":\"EntryPoint\",\"urlTemplate\":\"https:\/\/naturaltreats.eu\/fr\/?s={search_term_string}\"},\"query-input\":{\"@type\":\"PropertyValueSpecification\",\"valueRequired\":true,\"valueName\":\"search_term_string\"}}],\"inLanguage\":\"fr-FR\"},{\"@type\":\"Organization\",\"@id\":\"https:\/\/naturaltreats.eu\/fr\/#organization\",\"name\":\"Natural Treats\",\"url\":\"https:\/\/naturaltreats.eu\/fr\/\",\"logo\":{\"@type\":\"ImageObject\",\"inLanguage\":\"fr-FR\",\"@id\":\"https:\/\/naturaltreats.eu\/fr\/#\/schema\/logo\/image\/\",\"url\":\"https:\/\/naturaltreats.eu\/wp-content\/uploads\/2020\/08\/social.jpg\",\"contentUrl\":\"https:\/\/naturaltreats.eu\/wp-content\/uploads\/2020\/08\/social.jpg\",\"width\":1000,\"height\":1000,\"caption\":\"Natural Treats\"},\"image\":{\"@id\":\"https:\/\/naturaltreats.eu\/fr\/#\/schema\/logo\/image\/\"},\"sameAs\":[\"https:\/\/facebook.com\/naturaltreatseu\",\"https:\/\/instagram.com\/naturaltreatseu\"]}]}<\/script>\n<meta property=\"product:price:amount\" content=\"9.95\" \/>\n<meta property=\"product:price:currency\" content=\"EUR\" \/>\n<meta property=\"og:availability\" content=\"instock\" \/>\n<meta property=\"product:availability\" content=\"instock\" \/>\n<meta property=\"product:condition\" content=\"new\" \/>\n<!-- \/ Yoast SEO Premium plugin. -->","yoast_head_json":{"title":"\u0152sophages de b\u0153uf | Natural Treats","description":"Les \u0153sophages de b\u0153uf naturels pour chiens sont une friandise d\u00e9licieuse et saine que votre compagnon canin adorera.","robots":{"index":"index","follow":"follow","max-snippet":"max-snippet:-1","max-image-preview":"max-image-preview:large","max-video-preview":"max-video-preview:-1"},"canonical":"https:\/\/naturaltreats.eu\/fr\/product\/oesophages-de-boeuf\/","og_locale":"fr_FR","og_type":"article","og_title":"\u0152sophages de b\u0153uf","og_description":"Les \u0153sophages de b\u0153uf naturels pour chiens sont une friandise d\u00e9licieuse et saine que votre compagnon canin adorera.","og_url":"https:\/\/naturaltreats.eu\/fr\/product\/oesophages-de-boeuf\/","og_site_name":"Natural Treats","article_publisher":"https:\/\/facebook.com\/naturaltreatseu","article_modified_time":"2024-12-08T20:42:44+00:00","og_image":[{"width":2000,"height":2000,"url":"https:\/\/naturaltreats.eu\/wp-content\/uploads\/2024\/12\/cow-gulelts.jpg","type":"image\/jpeg"}],"twitter_card":"summary_large_image","twitter_misc":{"Prix":"9,95&euro;","Disponibilit\u00e9":"En stock"},"schema":{"@context":"https:\/\/schema.org","@graph":[{"@type":"WebPage","@id":"https:\/\/naturaltreats.eu\/fr\/product\/oesophages-de-boeuf\/","url":"https:\/\/naturaltreats.eu\/fr\/product\/oesophages-de-boeuf\/","name":"\u0152sophages de b\u0153uf | Natural Treats","isPartOf":{"@id":"https:\/\/naturaltreats.eu\/fr\/#website"},"primaryImageOfPage":{"@id":"https:\/\/naturaltreats.eu\/fr\/product\/oesophages-de-boeuf\/#primaryimage"},"image":{"@id":"https:\/\/naturaltreats.eu\/fr\/product\/oesophages-de-boeuf\/#primaryimage"},"thumbnailUrl":"https:\/\/naturaltreats.eu\/wp-content\/uploads\/2024\/12\/cow-gulelts.jpg","datePublished":"2024-12-08T20:33:00+00:00","dateModified":"2024-12-08T20:42:44+00:00","description":"Les \u0153sophages de b\u0153uf naturels pour chiens sont une friandise d\u00e9licieuse et saine que votre compagnon canin adorera.","breadcrumb":{"@id":"https:\/\/naturaltreats.eu\/fr\/product\/oesophages-de-boeuf\/#breadcrumb"},"inLanguage":"fr-FR","potentialAction":[{"@type":"ReadAction","target":["https:\/\/naturaltreats.eu\/fr\/product\/oesophages-de-boeuf\/"]}]},{"@type":"ImageObject","inLanguage":"fr-FR","@id":"https:\/\/naturaltreats.eu\/fr\/product\/oesophages-de-boeuf\/#primaryimage","url":"https:\/\/naturaltreats.eu\/wp-content\/uploads\/2024\/12\/cow-gulelts.jpg","contentUrl":"https:\/\/naturaltreats.eu\/wp-content\/uploads\/2024\/12\/cow-gulelts.jpg","width":2000,"height":2000,"caption":"Beef gullets for dogs"},{"@type":"BreadcrumbList","@id":"https:\/\/naturaltreats.eu\/fr\/product\/oesophages-de-boeuf\/#breadcrumb","itemListElement":[{"@type":"ListItem","position":1,"name":"Home","item":"https:\/\/naturaltreats.eu\/fr\/domicile\/"},{"@type":"ListItem","position":2,"name":"Boutique","item":"https:\/\/naturaltreats.eu\/fr\/boutique\/"},{"@type":"ListItem","position":3,"name":"\u0152sophages de b\u0153uf"}]},{"@type":"WebSite","@id":"https:\/\/naturaltreats.eu\/fr\/#website","url":"https:\/\/naturaltreats.eu\/fr\/","name":"Natural Treats","description":"Best Rated Natural Dog Treats In Europe","publisher":{"@id":"https:\/\/naturaltreats.eu\/fr\/#organization"},"potentialAction":[{"@type":"SearchAction","target":{"@type":"EntryPoint","urlTemplate":"https:\/\/naturaltreats.eu\/fr\/?s={search_term_string}"},"query-input":{"@type":"PropertyValueSpecification","valueRequired":true,"valueName":"search_term_string"}}],"inLanguage":"fr-FR"},{"@type":"Organization","@id":"https:\/\/naturaltreats.eu\/fr\/#organization","name":"Natural Treats","url":"https:\/\/naturaltreats.eu\/fr\/","logo":{"@type":"ImageObject","inLanguage":"fr-FR","@id":"https:\/\/naturaltreats.eu\/fr\/#\/schema\/logo\/image\/","url":"https:\/\/naturaltreats.eu\/wp-content\/uploads\/2020\/08\/social.jpg","contentUrl":"https:\/\/naturaltreats.eu\/wp-content\/uploads\/2020\/08\/social.jpg","width":1000,"height":1000,"caption":"Natural Treats"},"image":{"@id":"https:\/\/naturaltreats.eu\/fr\/#\/schema\/logo\/image\/"},"sameAs":["https:\/\/facebook.com\/naturaltreatseu","https:\/\/instagram.com\/naturaltreatseu"]}]},"product_price_amount":"9.95","product_price_currency":"EUR","og_availability":"instock","product_availability":"instock","product_condition":"new"},"_links":{"self":[{"href":"https:\/\/naturaltreats.eu\/fr\/wp-json\/wp\/v2\/product\/71771","targetHints":{"allow":["GET"]}}],"collection":[{"href":"https:\/\/naturaltreats.eu\/fr\/wp-json\/wp\/v2\/product"}],"about":[{"href":"https:\/\/naturaltreats.eu\/fr\/wp-json\/wp\/v2\/types\/product"}],"wp:featuredmedia":[{"embeddable":true,"href":"https:\/\/naturaltreats.eu\/fr\/wp-json\/wp\/v2\/media\/71756"}],"wp:attachment":[{"href":"https:\/\/naturaltreats.eu\/fr\/wp-json\/wp\/v2\/media?parent=71771"}],"wp:term":[{"taxonomy":"dog-type","embeddable":true,"href":"https:\/\/naturaltreats.eu\/fr\/wp-json\/wp\/v2\/dog-type?post=71771"},{"taxonomy":"ingredients","embeddable":true,"href":"https:\/\/naturaltreats.eu\/fr\/wp-json\/wp\/v2\/ingredients?post=71771"},{"taxonomy":"product_brand","embeddable":true,"href":"https:\/\/naturaltreats.eu\/fr\/wp-json\/wp\/v2\/product_brand?post=71771"},{"taxonomy":"product_cat","embeddable":true,"href":"https:\/\/naturaltreats.eu\/fr\/wp-json\/wp\/v2\/product_cat?post=71771"},{"taxonomy":"product_tag","embeddable":true,"href":"https:\/\/naturaltreats.eu\/fr\/wp-json\/wp\/v2\/product_tag?post=71771"}],"curies":[{"name":"wp","href":"https:\/\/api.w.org\/{rel}","templated":true}]}}