{"id":71926,"date":"2024-12-09T21:06:19","date_gmt":"2024-12-10T08:35:12","guid":{"rendered":"https:\/\/naturaltreats.eu\/shop\/non class\u00e9\/bully-sticks\/"},"modified":"2024-12-10T09:35:12","modified_gmt":"2024-12-10T08:35:12","slug":"bully-sticks","status":"publish","type":"product","link":"https:\/\/naturaltreats.eu\/fr\/product\/bully-sticks\/","title":{"rendered":"Bully Sticks"},"content":{"rendered":"<p>Nos Bully Sticks pour chiens sont des friandises naturelles qui procurent \u00e0 la fois satisfaction et bienfaits pour la sant\u00e9 de votre compagnon canin. \u00c9galement connues sous le nom de pizzles de taureau, ces friandises naturelles pour chiens sont incroyablement r\u00e9sistantes et durables, ce qui les rend parfaites pour les chiens forts qui aiment m\u00e2cher. <\/p>\n<h3>Avantages<\/h3>\n<p><strong>Ingr\u00e9dients enti\u00e8rement naturels :<\/strong> Fabriqu\u00e9 \u00e0 partir de b\u0153uf 100 % naturel, ce qui garantit une friandise saine exempte d&#8217;additifs artificiels. <strong>Sant\u00e9 dentaire :<\/strong> La texture dure de Bully Sticks aide \u00e0 nettoyer les dents de votre chien, r\u00e9duisant ainsi l&#8217;accumulation de plaque et de tartre. <strong>Riche en prot\u00e9ines :<\/strong> Une excellente source de prot\u00e9ines, favorisant le d\u00e9veloppement musculaire et le niveau d&#8217;\u00e9nergie de votre chien. <strong>Digestibilit\u00e9 :<\/strong> Facile \u00e0 dig\u00e9rer, ce qui en fait une friandise naturelle pour chien s\u00fbre. <strong>Mastication satisfaisante :<\/strong> Les chiens se divertissent et sont mentalement stimul\u00e9s, ce qui les emp\u00eache de s&#8217;ennuyer.<\/p>\n","protected":false},"excerpt":{"rendered":"<p>Paquet de 5.<\/p>\n","protected":false},"featured_media":71868,"template":"","meta":{"_acf_changed":false},"dog-type":[],"ingredients":[],"product_brand":[],"product_cat":[538],"product_tag":[],"class_list":{"0":"post-71926","1":"product","2":"type-product","3":"status-publish","4":"has-post-thumbnail","6":"product_cat-friandises-naturelles-pour-chiens","7":"pa_dog-type-grands-chiens","8":"pa_dog-type-moyens-chiens","9":"pa_ingredient-vache","10":"pa_toughness-tres-dur","11":"tm-has-options","13":"first","14":"instock","15":"taxable","16":"shipping-taxable","17":"purchasable","18":"product-type-simple"},"bundled_by":["73376"],"bundle_stock_status":"instock","bundle_stock_quantity":null,"bundle_virtual":false,"bundle_layout":"","bundle_add_to_cart_form_location":"","bundle_editable_in_cart":false,"bundle_sold_individually_context":"","bundle_item_grouping":"","bundle_min_size":"","bundle_max_size":"","bundle_price":[],"bundled_items":[],"bundle_sell_ids":[],"acf":[],"yoast_head":"<!-- This site is optimized with the Yoast SEO Premium plugin v23.5 (Yoast SEO v25.0) - https:\/\/yoast.com\/wordpress\/plugins\/seo\/ -->\n<title>Bully Sticks | Natural Treats<\/title>\n<meta name=\"description\" content=\"Nos Bully Sticks pour chiens sont des friandises naturelles qui procurent \u00e0 la fois satisfaction et bienfaits pour la sant\u00e9 de votre compagnon canin.\" \/>\n<meta name=\"robots\" content=\"index, follow, max-snippet:-1, max-image-preview:large, max-video-preview:-1\" \/>\n<link rel=\"canonical\" href=\"https:\/\/naturaltreats.eu\/fr\/product\/bully-sticks\/\" \/>\n<meta property=\"og:locale\" content=\"fr_FR\" \/>\n<meta property=\"og:type\" content=\"article\" \/>\n<meta property=\"og:title\" content=\"Bully Sticks\" \/>\n<meta property=\"og:description\" content=\"Nos Bully Sticks pour chiens sont des friandises naturelles qui procurent \u00e0 la fois satisfaction et bienfaits pour la sant\u00e9 de votre compagnon canin.\" \/>\n<meta property=\"og:url\" content=\"https:\/\/naturaltreats.eu\/fr\/product\/bully-sticks\/\" \/>\n<meta property=\"og:site_name\" content=\"Natural Treats\" \/>\n<meta property=\"article:publisher\" content=\"https:\/\/facebook.com\/naturaltreatseu\" \/>\n<meta property=\"og:image\" content=\"https:\/\/naturaltreats.eu\/wp-content\/uploads\/2024\/12\/bully-sticks.jpg\" \/>\n\t<meta property=\"og:image:width\" content=\"2000\" \/>\n\t<meta property=\"og:image:height\" content=\"2000\" \/>\n\t<meta property=\"og:image:type\" content=\"image\/jpeg\" \/>\n<meta name=\"twitter:card\" content=\"summary_large_image\" \/>\n<meta name=\"twitter:label1\" content=\"Prix\" \/>\n\t<meta name=\"twitter:data1\" content=\"16,95&euro;\" \/>\n\t<meta name=\"twitter:label2\" content=\"Disponibilit\u00e9\" \/>\n\t<meta name=\"twitter:data2\" content=\"En stock\" \/>\n<script type=\"application\/ld+json\" class=\"yoast-schema-graph\">{\"@context\":\"https:\/\/schema.org\",\"@graph\":[{\"@type\":\"WebPage\",\"@id\":\"https:\/\/naturaltreats.eu\/fr\/product\/bully-sticks\/\",\"url\":\"https:\/\/naturaltreats.eu\/fr\/product\/bully-sticks\/\",\"name\":\"Bully Sticks | Natural Treats\",\"isPartOf\":{\"@id\":\"https:\/\/naturaltreats.eu\/fr\/#website\"},\"primaryImageOfPage\":{\"@id\":\"https:\/\/naturaltreats.eu\/fr\/product\/bully-sticks\/#primaryimage\"},\"image\":{\"@id\":\"https:\/\/naturaltreats.eu\/fr\/product\/bully-sticks\/#primaryimage\"},\"thumbnailUrl\":\"https:\/\/naturaltreats.eu\/wp-content\/uploads\/2024\/12\/bully-sticks.jpg\",\"datePublished\":\"2024-12-10T08:35:12+00:00\",\"description\":\"Nos Bully Sticks pour chiens sont des friandises naturelles qui procurent \u00e0 la fois satisfaction et bienfaits pour la sant\u00e9 de votre compagnon canin.\",\"breadcrumb\":{\"@id\":\"https:\/\/naturaltreats.eu\/fr\/product\/bully-sticks\/#breadcrumb\"},\"inLanguage\":\"fr-FR\",\"potentialAction\":[{\"@type\":\"ReadAction\",\"target\":[\"https:\/\/naturaltreats.eu\/fr\/product\/bully-sticks\/\"]}]},{\"@type\":\"ImageObject\",\"inLanguage\":\"fr-FR\",\"@id\":\"https:\/\/naturaltreats.eu\/fr\/product\/bully-sticks\/#primaryimage\",\"url\":\"https:\/\/naturaltreats.eu\/wp-content\/uploads\/2024\/12\/bully-sticks.jpg\",\"contentUrl\":\"https:\/\/naturaltreats.eu\/wp-content\/uploads\/2024\/12\/bully-sticks.jpg\",\"width\":2000,\"height\":2000,\"caption\":\"Bully sticks for dogs\"},{\"@type\":\"BreadcrumbList\",\"@id\":\"https:\/\/naturaltreats.eu\/fr\/product\/bully-sticks\/#breadcrumb\",\"itemListElement\":[{\"@type\":\"ListItem\",\"position\":1,\"name\":\"Home\",\"item\":\"https:\/\/naturaltreats.eu\/fr\/domicile\/\"},{\"@type\":\"ListItem\",\"position\":2,\"name\":\"Boutique\",\"item\":\"https:\/\/naturaltreats.eu\/fr\/boutique\/\"},{\"@type\":\"ListItem\",\"position\":3,\"name\":\"Bully Sticks\"}]},{\"@type\":\"WebSite\",\"@id\":\"https:\/\/naturaltreats.eu\/fr\/#website\",\"url\":\"https:\/\/naturaltreats.eu\/fr\/\",\"name\":\"Natural Treats\",\"description\":\"Best Rated Natural Dog Treats In Europe\",\"publisher\":{\"@id\":\"https:\/\/naturaltreats.eu\/fr\/#organization\"},\"potentialAction\":[{\"@type\":\"SearchAction\",\"target\":{\"@type\":\"EntryPoint\",\"urlTemplate\":\"https:\/\/naturaltreats.eu\/fr\/?s={search_term_string}\"},\"query-input\":{\"@type\":\"PropertyValueSpecification\",\"valueRequired\":true,\"valueName\":\"search_term_string\"}}],\"inLanguage\":\"fr-FR\"},{\"@type\":\"Organization\",\"@id\":\"https:\/\/naturaltreats.eu\/fr\/#organization\",\"name\":\"Natural Treats\",\"url\":\"https:\/\/naturaltreats.eu\/fr\/\",\"logo\":{\"@type\":\"ImageObject\",\"inLanguage\":\"fr-FR\",\"@id\":\"https:\/\/naturaltreats.eu\/fr\/#\/schema\/logo\/image\/\",\"url\":\"https:\/\/naturaltreats.eu\/wp-content\/uploads\/2020\/08\/social.jpg\",\"contentUrl\":\"https:\/\/naturaltreats.eu\/wp-content\/uploads\/2020\/08\/social.jpg\",\"width\":1000,\"height\":1000,\"caption\":\"Natural Treats\"},\"image\":{\"@id\":\"https:\/\/naturaltreats.eu\/fr\/#\/schema\/logo\/image\/\"},\"sameAs\":[\"https:\/\/facebook.com\/naturaltreatseu\",\"https:\/\/instagram.com\/naturaltreatseu\"]}]}<\/script>\n<meta property=\"product:price:amount\" content=\"16.95\" \/>\n<meta property=\"product:price:currency\" content=\"EUR\" \/>\n<meta property=\"og:availability\" content=\"instock\" \/>\n<meta property=\"product:availability\" content=\"instock\" \/>\n<meta property=\"product:condition\" content=\"new\" \/>\n<!-- \/ Yoast SEO Premium plugin. -->","yoast_head_json":{"title":"Bully Sticks | Natural Treats","description":"Nos Bully Sticks pour chiens sont des friandises naturelles qui procurent \u00e0 la fois satisfaction et bienfaits pour la sant\u00e9 de votre compagnon canin.","robots":{"index":"index","follow":"follow","max-snippet":"max-snippet:-1","max-image-preview":"max-image-preview:large","max-video-preview":"max-video-preview:-1"},"canonical":"https:\/\/naturaltreats.eu\/fr\/product\/bully-sticks\/","og_locale":"fr_FR","og_type":"article","og_title":"Bully Sticks","og_description":"Nos Bully Sticks pour chiens sont des friandises naturelles qui procurent \u00e0 la fois satisfaction et bienfaits pour la sant\u00e9 de votre compagnon canin.","og_url":"https:\/\/naturaltreats.eu\/fr\/product\/bully-sticks\/","og_site_name":"Natural Treats","article_publisher":"https:\/\/facebook.com\/naturaltreatseu","og_image":[{"width":2000,"height":2000,"url":"https:\/\/naturaltreats.eu\/wp-content\/uploads\/2024\/12\/bully-sticks.jpg","type":"image\/jpeg"}],"twitter_card":"summary_large_image","twitter_misc":{"Prix":"16,95&euro;","Disponibilit\u00e9":"En stock"},"schema":{"@context":"https:\/\/schema.org","@graph":[{"@type":"WebPage","@id":"https:\/\/naturaltreats.eu\/fr\/product\/bully-sticks\/","url":"https:\/\/naturaltreats.eu\/fr\/product\/bully-sticks\/","name":"Bully Sticks | Natural Treats","isPartOf":{"@id":"https:\/\/naturaltreats.eu\/fr\/#website"},"primaryImageOfPage":{"@id":"https:\/\/naturaltreats.eu\/fr\/product\/bully-sticks\/#primaryimage"},"image":{"@id":"https:\/\/naturaltreats.eu\/fr\/product\/bully-sticks\/#primaryimage"},"thumbnailUrl":"https:\/\/naturaltreats.eu\/wp-content\/uploads\/2024\/12\/bully-sticks.jpg","datePublished":"2024-12-10T08:35:12+00:00","description":"Nos Bully Sticks pour chiens sont des friandises naturelles qui procurent \u00e0 la fois satisfaction et bienfaits pour la sant\u00e9 de votre compagnon canin.","breadcrumb":{"@id":"https:\/\/naturaltreats.eu\/fr\/product\/bully-sticks\/#breadcrumb"},"inLanguage":"fr-FR","potentialAction":[{"@type":"ReadAction","target":["https:\/\/naturaltreats.eu\/fr\/product\/bully-sticks\/"]}]},{"@type":"ImageObject","inLanguage":"fr-FR","@id":"https:\/\/naturaltreats.eu\/fr\/product\/bully-sticks\/#primaryimage","url":"https:\/\/naturaltreats.eu\/wp-content\/uploads\/2024\/12\/bully-sticks.jpg","contentUrl":"https:\/\/naturaltreats.eu\/wp-content\/uploads\/2024\/12\/bully-sticks.jpg","width":2000,"height":2000,"caption":"Bully sticks for dogs"},{"@type":"BreadcrumbList","@id":"https:\/\/naturaltreats.eu\/fr\/product\/bully-sticks\/#breadcrumb","itemListElement":[{"@type":"ListItem","position":1,"name":"Home","item":"https:\/\/naturaltreats.eu\/fr\/domicile\/"},{"@type":"ListItem","position":2,"name":"Boutique","item":"https:\/\/naturaltreats.eu\/fr\/boutique\/"},{"@type":"ListItem","position":3,"name":"Bully Sticks"}]},{"@type":"WebSite","@id":"https:\/\/naturaltreats.eu\/fr\/#website","url":"https:\/\/naturaltreats.eu\/fr\/","name":"Natural Treats","description":"Best Rated Natural Dog Treats In Europe","publisher":{"@id":"https:\/\/naturaltreats.eu\/fr\/#organization"},"potentialAction":[{"@type":"SearchAction","target":{"@type":"EntryPoint","urlTemplate":"https:\/\/naturaltreats.eu\/fr\/?s={search_term_string}"},"query-input":{"@type":"PropertyValueSpecification","valueRequired":true,"valueName":"search_term_string"}}],"inLanguage":"fr-FR"},{"@type":"Organization","@id":"https:\/\/naturaltreats.eu\/fr\/#organization","name":"Natural Treats","url":"https:\/\/naturaltreats.eu\/fr\/","logo":{"@type":"ImageObject","inLanguage":"fr-FR","@id":"https:\/\/naturaltreats.eu\/fr\/#\/schema\/logo\/image\/","url":"https:\/\/naturaltreats.eu\/wp-content\/uploads\/2020\/08\/social.jpg","contentUrl":"https:\/\/naturaltreats.eu\/wp-content\/uploads\/2020\/08\/social.jpg","width":1000,"height":1000,"caption":"Natural Treats"},"image":{"@id":"https:\/\/naturaltreats.eu\/fr\/#\/schema\/logo\/image\/"},"sameAs":["https:\/\/facebook.com\/naturaltreatseu","https:\/\/instagram.com\/naturaltreatseu"]}]},"product_price_amount":"16.95","product_price_currency":"EUR","og_availability":"instock","product_availability":"instock","product_condition":"new"},"_links":{"self":[{"href":"https:\/\/naturaltreats.eu\/fr\/wp-json\/wp\/v2\/product\/71926","targetHints":{"allow":["GET"]}}],"collection":[{"href":"https:\/\/naturaltreats.eu\/fr\/wp-json\/wp\/v2\/product"}],"about":[{"href":"https:\/\/naturaltreats.eu\/fr\/wp-json\/wp\/v2\/types\/product"}],"wp:featuredmedia":[{"embeddable":true,"href":"https:\/\/naturaltreats.eu\/fr\/wp-json\/wp\/v2\/media\/71868"}],"wp:attachment":[{"href":"https:\/\/naturaltreats.eu\/fr\/wp-json\/wp\/v2\/media?parent=71926"}],"wp:term":[{"taxonomy":"dog-type","embeddable":true,"href":"https:\/\/naturaltreats.eu\/fr\/wp-json\/wp\/v2\/dog-type?post=71926"},{"taxonomy":"ingredients","embeddable":true,"href":"https:\/\/naturaltreats.eu\/fr\/wp-json\/wp\/v2\/ingredients?post=71926"},{"taxonomy":"product_brand","embeddable":true,"href":"https:\/\/naturaltreats.eu\/fr\/wp-json\/wp\/v2\/product_brand?post=71926"},{"taxonomy":"product_cat","embeddable":true,"href":"https:\/\/naturaltreats.eu\/fr\/wp-json\/wp\/v2\/product_cat?post=71926"},{"taxonomy":"product_tag","embeddable":true,"href":"https:\/\/naturaltreats.eu\/fr\/wp-json\/wp\/v2\/product_tag?post=71926"}],"curies":[{"name":"wp","href":"https:\/\/api.w.org\/{rel}","templated":true}]}}