{"id":72051,"date":"2024-12-10T21:20:54","date_gmt":"2024-12-10T20:29:32","guid":{"rendered":"https:\/\/naturaltreats.eu\/shop\/non%20class\u00e9\/cols-de-canard\/"},"modified":"2025-01-23T09:59:27","modified_gmt":"2025-01-23T08:59:27","slug":"cols-de-canard","status":"publish","type":"product","link":"https:\/\/naturaltreats.eu\/fr\/product\/cols-de-canard\/","title":{"rendered":"Cols de canard"},"content":{"rendered":"<p>Les cous de canard pour chiens sont un excellent choix pour les propri\u00e9taires d&#8217;animaux de compagnie qui recherchent un en-cas nutritif et satisfaisant pour leur chien. Ces friandises naturelles pour chiens conviennent \u00e0 tous les types de chiens et offrent un d\u00e9licieux croquant et une saveur riche que les chiens trouvent irr\u00e9sistible. Fabriqu\u00e9s \u00e0 partir d&#8217;ingr\u00e9dients 100 % naturels, nos cous de canard sont d\u00e9shydrat\u00e9s pour pr\u00e9server leur valeur nutritionnelle, ce qui en fait des friandises naturelles pour chien \u00e0 la fois saines et savoureuses. <\/p>\n<h3>Avantages<\/h3>\n<p><strong>Favorise la sant\u00e9 dentaire :<\/strong> L&#8217;action naturelle de mastication aide \u00e0 nettoyer les dents de votre chien et \u00e0 r\u00e9duire l&#8217;accumulation de tartre, favorisant ainsi l&#8217;hygi\u00e8ne bucco-dentaire globale. <strong>Riche en prot\u00e9ines :<\/strong> Le cou de canard pour chiens est une riche source de prot\u00e9ines, essentielles au d\u00e9veloppement et au maintien des muscles, ce qui permet \u00e0 votre chien de rester fort et actif. <strong>Favorise la sant\u00e9 des articulations :<\/strong> La glucosamine et la chondro\u00eftine naturelles contenues dans le cou de canard contribuent \u00e0 la sant\u00e9 des articulations, ce qui en fait un excellent choix pour les chiens \u00e2g\u00e9s ou ceux qui ont des probl\u00e8mes de mobilit\u00e9. <strong>Facile \u00e0 dig\u00e9rer :<\/strong> Ces friandises naturelles sont douces pour le syst\u00e8me digestif et conviennent donc m\u00eame aux chiens \u00e0 l&#8217;estomac sensible. <strong>Sans additifs artificiels :<\/strong> Nos friandises naturelles pour chiens d\u00e9shydrat\u00e9es ne contiennent pas de conservateurs, de colorants ou d&#8217;ar\u00f4mes artificiels, ce qui garantit \u00e0 votre chien un en-cas sain et pur.<\/p>\n","protected":false},"excerpt":{"rendered":"<p>Les cous de canard pour chiens sont un excellent choix pour les propri\u00e9taires d&#8217;animaux de compagnie qui recherchent un en-cas<\/p>\n","protected":false},"featured_media":72040,"template":"","meta":{"_acf_changed":false},"dog-type":[],"ingredients":[],"product_brand":[],"product_cat":[538],"product_tag":[],"class_list":{"0":"post-72051","1":"product","2":"type-product","3":"status-publish","4":"has-post-thumbnail","6":"product_cat-friandises-naturelles-pour-chiens","7":"pa_dog-type-caes-grandes-fr","8":"pa_dog-type-caes-medios-fr","9":"pa_dog-type-caes-pequenos-fr","10":"pa_dog-type-caes-senior-fr","11":"pa_dog-type-cachorros-fr","12":"pa_ingredient-pato-fr","13":"pa_toughness-medio-fr","14":"tm-has-options","16":"first","17":"instock","18":"taxable","19":"shipping-taxable","20":"purchasable","21":"product-type-simple"},"bundled_by":[],"bundle_stock_status":"instock","bundle_stock_quantity":null,"bundle_virtual":false,"bundle_layout":"","bundle_add_to_cart_form_location":"","bundle_editable_in_cart":false,"bundle_sold_individually_context":"","bundle_item_grouping":"","bundle_min_size":"","bundle_max_size":"","bundle_price":[],"bundled_items":[],"bundle_sell_ids":[],"acf":[],"yoast_head":"<!-- This site is optimized with the Yoast SEO Premium plugin v23.5 (Yoast SEO v25.0) - https:\/\/yoast.com\/wordpress\/plugins\/seo\/ -->\n<title>Cols de canard | Natural Treats<\/title>\n<meta name=\"description\" content=\"Les cous de canard pour chiens sont un excellent choix pour les propri\u00e9taires d&#039;animaux de compagnie qui recherchent un en-cas nutritif et satisfaisant pour leur chien.\" \/>\n<meta name=\"robots\" content=\"index, follow, max-snippet:-1, max-image-preview:large, max-video-preview:-1\" \/>\n<link rel=\"canonical\" href=\"https:\/\/naturaltreats.eu\/fr\/product\/cols-de-canard\/\" \/>\n<meta property=\"og:locale\" content=\"fr_FR\" \/>\n<meta property=\"og:type\" content=\"article\" \/>\n<meta property=\"og:title\" content=\"Cols de canard\" \/>\n<meta property=\"og:description\" content=\"Les cous de canard pour chiens sont un excellent choix pour les propri\u00e9taires d&#039;animaux de compagnie qui recherchent un en-cas nutritif et satisfaisant pour leur chien.\" \/>\n<meta property=\"og:url\" content=\"https:\/\/naturaltreats.eu\/fr\/product\/cols-de-canard\/\" \/>\n<meta property=\"og:site_name\" content=\"Natural Treats\" \/>\n<meta property=\"article:publisher\" content=\"https:\/\/facebook.com\/naturaltreatseu\" \/>\n<meta property=\"article:modified_time\" content=\"2025-01-23T08:59:27+00:00\" \/>\n<meta property=\"og:image\" content=\"https:\/\/naturaltreats.eu\/wp-content\/uploads\/2024\/12\/duck-necks.jpg\" \/>\n\t<meta property=\"og:image:width\" content=\"2000\" \/>\n\t<meta property=\"og:image:height\" content=\"2000\" \/>\n\t<meta property=\"og:image:type\" content=\"image\/jpeg\" \/>\n<meta name=\"twitter:card\" content=\"summary_large_image\" \/>\n<meta name=\"twitter:label1\" content=\"Prix\" \/>\n\t<meta name=\"twitter:data1\" content=\"9,95&euro;\" \/>\n\t<meta name=\"twitter:label2\" content=\"Disponibilit\u00e9\" \/>\n\t<meta name=\"twitter:data2\" content=\"En stock\" \/>\n<script type=\"application\/ld+json\" class=\"yoast-schema-graph\">{\"@context\":\"https:\/\/schema.org\",\"@graph\":[{\"@type\":\"WebPage\",\"@id\":\"https:\/\/naturaltreats.eu\/fr\/product\/cols-de-canard\/\",\"url\":\"https:\/\/naturaltreats.eu\/fr\/product\/cols-de-canard\/\",\"name\":\"Cols de canard | Natural Treats\",\"isPartOf\":{\"@id\":\"https:\/\/naturaltreats.eu\/fr\/#website\"},\"primaryImageOfPage\":{\"@id\":\"https:\/\/naturaltreats.eu\/fr\/product\/cols-de-canard\/#primaryimage\"},\"image\":{\"@id\":\"https:\/\/naturaltreats.eu\/fr\/product\/cols-de-canard\/#primaryimage\"},\"thumbnailUrl\":\"https:\/\/naturaltreats.eu\/wp-content\/uploads\/2024\/12\/duck-necks.jpg\",\"datePublished\":\"2024-12-10T20:29:32+00:00\",\"dateModified\":\"2025-01-23T08:59:27+00:00\",\"description\":\"Les cous de canard pour chiens sont un excellent choix pour les propri\u00e9taires d'animaux de compagnie qui recherchent un en-cas nutritif et satisfaisant pour leur chien.\",\"breadcrumb\":{\"@id\":\"https:\/\/naturaltreats.eu\/fr\/product\/cols-de-canard\/#breadcrumb\"},\"inLanguage\":\"fr-FR\",\"potentialAction\":[{\"@type\":\"ReadAction\",\"target\":[\"https:\/\/naturaltreats.eu\/fr\/product\/cols-de-canard\/\"]}]},{\"@type\":\"ImageObject\",\"inLanguage\":\"fr-FR\",\"@id\":\"https:\/\/naturaltreats.eu\/fr\/product\/cols-de-canard\/#primaryimage\",\"url\":\"https:\/\/naturaltreats.eu\/wp-content\/uploads\/2024\/12\/duck-necks.jpg\",\"contentUrl\":\"https:\/\/naturaltreats.eu\/wp-content\/uploads\/2024\/12\/duck-necks.jpg\",\"width\":2000,\"height\":2000,\"caption\":\"Duck necks for dogs\"},{\"@type\":\"BreadcrumbList\",\"@id\":\"https:\/\/naturaltreats.eu\/fr\/product\/cols-de-canard\/#breadcrumb\",\"itemListElement\":[{\"@type\":\"ListItem\",\"position\":1,\"name\":\"Home\",\"item\":\"https:\/\/naturaltreats.eu\/fr\/domicile\/\"},{\"@type\":\"ListItem\",\"position\":2,\"name\":\"Boutique\",\"item\":\"https:\/\/naturaltreats.eu\/fr\/boutique\/\"},{\"@type\":\"ListItem\",\"position\":3,\"name\":\"Cols de canard\"}]},{\"@type\":\"WebSite\",\"@id\":\"https:\/\/naturaltreats.eu\/fr\/#website\",\"url\":\"https:\/\/naturaltreats.eu\/fr\/\",\"name\":\"Natural Treats\",\"description\":\"Best Rated Natural Dog Treats In Europe\",\"publisher\":{\"@id\":\"https:\/\/naturaltreats.eu\/fr\/#organization\"},\"potentialAction\":[{\"@type\":\"SearchAction\",\"target\":{\"@type\":\"EntryPoint\",\"urlTemplate\":\"https:\/\/naturaltreats.eu\/fr\/?s={search_term_string}\"},\"query-input\":{\"@type\":\"PropertyValueSpecification\",\"valueRequired\":true,\"valueName\":\"search_term_string\"}}],\"inLanguage\":\"fr-FR\"},{\"@type\":\"Organization\",\"@id\":\"https:\/\/naturaltreats.eu\/fr\/#organization\",\"name\":\"Natural Treats\",\"url\":\"https:\/\/naturaltreats.eu\/fr\/\",\"logo\":{\"@type\":\"ImageObject\",\"inLanguage\":\"fr-FR\",\"@id\":\"https:\/\/naturaltreats.eu\/fr\/#\/schema\/logo\/image\/\",\"url\":\"https:\/\/naturaltreats.eu\/wp-content\/uploads\/2020\/08\/social.jpg\",\"contentUrl\":\"https:\/\/naturaltreats.eu\/wp-content\/uploads\/2020\/08\/social.jpg\",\"width\":1000,\"height\":1000,\"caption\":\"Natural Treats\"},\"image\":{\"@id\":\"https:\/\/naturaltreats.eu\/fr\/#\/schema\/logo\/image\/\"},\"sameAs\":[\"https:\/\/facebook.com\/naturaltreatseu\",\"https:\/\/instagram.com\/naturaltreatseu\"]}]}<\/script>\n<meta property=\"product:price:amount\" content=\"9.95\" \/>\n<meta property=\"product:price:currency\" content=\"EUR\" \/>\n<meta property=\"og:availability\" content=\"instock\" \/>\n<meta property=\"product:availability\" content=\"instock\" \/>\n<meta property=\"product:condition\" content=\"new\" \/>\n<!-- \/ Yoast SEO Premium plugin. -->","yoast_head_json":{"title":"Cols de canard | Natural Treats","description":"Les cous de canard pour chiens sont un excellent choix pour les propri\u00e9taires d'animaux de compagnie qui recherchent un en-cas nutritif et satisfaisant pour leur chien.","robots":{"index":"index","follow":"follow","max-snippet":"max-snippet:-1","max-image-preview":"max-image-preview:large","max-video-preview":"max-video-preview:-1"},"canonical":"https:\/\/naturaltreats.eu\/fr\/product\/cols-de-canard\/","og_locale":"fr_FR","og_type":"article","og_title":"Cols de canard","og_description":"Les cous de canard pour chiens sont un excellent choix pour les propri\u00e9taires d'animaux de compagnie qui recherchent un en-cas nutritif et satisfaisant pour leur chien.","og_url":"https:\/\/naturaltreats.eu\/fr\/product\/cols-de-canard\/","og_site_name":"Natural Treats","article_publisher":"https:\/\/facebook.com\/naturaltreatseu","article_modified_time":"2025-01-23T08:59:27+00:00","og_image":[{"width":2000,"height":2000,"url":"https:\/\/naturaltreats.eu\/wp-content\/uploads\/2024\/12\/duck-necks.jpg","type":"image\/jpeg"}],"twitter_card":"summary_large_image","twitter_misc":{"Prix":"9,95&euro;","Disponibilit\u00e9":"En stock"},"schema":{"@context":"https:\/\/schema.org","@graph":[{"@type":"WebPage","@id":"https:\/\/naturaltreats.eu\/fr\/product\/cols-de-canard\/","url":"https:\/\/naturaltreats.eu\/fr\/product\/cols-de-canard\/","name":"Cols de canard | Natural Treats","isPartOf":{"@id":"https:\/\/naturaltreats.eu\/fr\/#website"},"primaryImageOfPage":{"@id":"https:\/\/naturaltreats.eu\/fr\/product\/cols-de-canard\/#primaryimage"},"image":{"@id":"https:\/\/naturaltreats.eu\/fr\/product\/cols-de-canard\/#primaryimage"},"thumbnailUrl":"https:\/\/naturaltreats.eu\/wp-content\/uploads\/2024\/12\/duck-necks.jpg","datePublished":"2024-12-10T20:29:32+00:00","dateModified":"2025-01-23T08:59:27+00:00","description":"Les cous de canard pour chiens sont un excellent choix pour les propri\u00e9taires d'animaux de compagnie qui recherchent un en-cas nutritif et satisfaisant pour leur chien.","breadcrumb":{"@id":"https:\/\/naturaltreats.eu\/fr\/product\/cols-de-canard\/#breadcrumb"},"inLanguage":"fr-FR","potentialAction":[{"@type":"ReadAction","target":["https:\/\/naturaltreats.eu\/fr\/product\/cols-de-canard\/"]}]},{"@type":"ImageObject","inLanguage":"fr-FR","@id":"https:\/\/naturaltreats.eu\/fr\/product\/cols-de-canard\/#primaryimage","url":"https:\/\/naturaltreats.eu\/wp-content\/uploads\/2024\/12\/duck-necks.jpg","contentUrl":"https:\/\/naturaltreats.eu\/wp-content\/uploads\/2024\/12\/duck-necks.jpg","width":2000,"height":2000,"caption":"Duck necks for dogs"},{"@type":"BreadcrumbList","@id":"https:\/\/naturaltreats.eu\/fr\/product\/cols-de-canard\/#breadcrumb","itemListElement":[{"@type":"ListItem","position":1,"name":"Home","item":"https:\/\/naturaltreats.eu\/fr\/domicile\/"},{"@type":"ListItem","position":2,"name":"Boutique","item":"https:\/\/naturaltreats.eu\/fr\/boutique\/"},{"@type":"ListItem","position":3,"name":"Cols de canard"}]},{"@type":"WebSite","@id":"https:\/\/naturaltreats.eu\/fr\/#website","url":"https:\/\/naturaltreats.eu\/fr\/","name":"Natural Treats","description":"Best Rated Natural Dog Treats In Europe","publisher":{"@id":"https:\/\/naturaltreats.eu\/fr\/#organization"},"potentialAction":[{"@type":"SearchAction","target":{"@type":"EntryPoint","urlTemplate":"https:\/\/naturaltreats.eu\/fr\/?s={search_term_string}"},"query-input":{"@type":"PropertyValueSpecification","valueRequired":true,"valueName":"search_term_string"}}],"inLanguage":"fr-FR"},{"@type":"Organization","@id":"https:\/\/naturaltreats.eu\/fr\/#organization","name":"Natural Treats","url":"https:\/\/naturaltreats.eu\/fr\/","logo":{"@type":"ImageObject","inLanguage":"fr-FR","@id":"https:\/\/naturaltreats.eu\/fr\/#\/schema\/logo\/image\/","url":"https:\/\/naturaltreats.eu\/wp-content\/uploads\/2020\/08\/social.jpg","contentUrl":"https:\/\/naturaltreats.eu\/wp-content\/uploads\/2020\/08\/social.jpg","width":1000,"height":1000,"caption":"Natural Treats"},"image":{"@id":"https:\/\/naturaltreats.eu\/fr\/#\/schema\/logo\/image\/"},"sameAs":["https:\/\/facebook.com\/naturaltreatseu","https:\/\/instagram.com\/naturaltreatseu"]}]},"product_price_amount":"9.95","product_price_currency":"EUR","og_availability":"instock","product_availability":"instock","product_condition":"new"},"_links":{"self":[{"href":"https:\/\/naturaltreats.eu\/fr\/wp-json\/wp\/v2\/product\/72051","targetHints":{"allow":["GET"]}}],"collection":[{"href":"https:\/\/naturaltreats.eu\/fr\/wp-json\/wp\/v2\/product"}],"about":[{"href":"https:\/\/naturaltreats.eu\/fr\/wp-json\/wp\/v2\/types\/product"}],"wp:featuredmedia":[{"embeddable":true,"href":"https:\/\/naturaltreats.eu\/fr\/wp-json\/wp\/v2\/media\/72040"}],"wp:attachment":[{"href":"https:\/\/naturaltreats.eu\/fr\/wp-json\/wp\/v2\/media?parent=72051"}],"wp:term":[{"taxonomy":"dog-type","embeddable":true,"href":"https:\/\/naturaltreats.eu\/fr\/wp-json\/wp\/v2\/dog-type?post=72051"},{"taxonomy":"ingredients","embeddable":true,"href":"https:\/\/naturaltreats.eu\/fr\/wp-json\/wp\/v2\/ingredients?post=72051"},{"taxonomy":"product_brand","embeddable":true,"href":"https:\/\/naturaltreats.eu\/fr\/wp-json\/wp\/v2\/product_brand?post=72051"},{"taxonomy":"product_cat","embeddable":true,"href":"https:\/\/naturaltreats.eu\/fr\/wp-json\/wp\/v2\/product_cat?post=72051"},{"taxonomy":"product_tag","embeddable":true,"href":"https:\/\/naturaltreats.eu\/fr\/wp-json\/wp\/v2\/product_tag?post=72051"}],"curies":[{"name":"wp","href":"https:\/\/api.w.org\/{rel}","templated":true}]}}