{"id":74104,"date":"2025-01-07T21:34:22","date_gmt":"2025-01-07T20:45:05","guid":{"rendered":"https:\/\/naturaltreats.eu\/product\/cartilage-de-boeuf-pour-chiens\/"},"modified":"2025-01-07T21:45:05","modified_gmt":"2025-01-07T20:45:05","slug":"cartilage-de-boeuf-pour-chiens","status":"publish","type":"product","link":"https:\/\/naturaltreats.eu\/fr\/product\/cartilage-de-boeuf-pour-chiens\/","title":{"rendered":"Cartilage de b\u0153uf"},"content":{"rendered":"<p>Les Moon Bones au cartilage de b\u0153uf pour chiens sont des friandises naturelles pour chiens tr\u00e8s r\u00e9sistantes, con\u00e7ues pour satisfaire m\u00eame les m\u00e2cheurs les plus enthousiastes. Parfaits pour les grandes races, ces os \u00e0 m\u00e2cher naturels de longue dur\u00e9e sont fabriqu\u00e9s \u00e0 partir de cartilage de b\u0153uf de premi\u00e8re qualit\u00e9, procurant des heures de plaisir \u00e0 ronger tout en contribuant \u00e0 la sant\u00e9 g\u00e9n\u00e9rale de votre chien. <\/p>\n<h3>Avantages<\/h3>\n<p><strong>Favorise la sant\u00e9 dentaire : <\/strong>La texture dure des os de lune aide \u00e0 \u00e9liminer la plaque dentaire et le tartre lorsque votre chien m\u00e2che, ce qui favorise naturellement la sant\u00e9 des dents et des gencives. <strong>Riche en nutriments : <\/strong>Gorg\u00e9s de glucosamine et de chondro\u00eftine, ces os \u00e0 m\u00e2cher contribuent \u00e0 maintenir la sant\u00e9 des articulations, \u00e0 favoriser la mobilit\u00e9 et \u00e0 r\u00e9duire l&#8217;inconfort chez les chiens actifs ou vieillissants. <strong>Divertissement durable : <\/strong>Con\u00e7ues pour durer, ces friandises occupent les grands chiens pendant des heures, r\u00e9duisant ainsi l&#8217;ennui et les comportements destructeurs. <strong>100% naturelles et s\u00fbres : <\/strong>Fabriqu\u00e9es \u00e0 partir de cartilage de b\u0153uf de haute qualit\u00e9, sans additifs artificiels ni conservateurs, ces friandises \u00e0 m\u00e2cher sont une option saine et digeste pour votre chien. <strong>Renforce les muscles et les os : <\/strong>Les prot\u00e9ines naturelles et les min\u00e9raux contenus dans le cartilage de b\u0153uf contribuent \u00e0 renforcer les muscles et les os, ce qui en fait une friandise id\u00e9ale pour les chiens en pleine croissance ou actifs.<\/p>\n","protected":false},"excerpt":{"rendered":"<p>Les Moon Bones au cartilage de b\u0153uf pour chiens sont des friandises naturelles pour chiens tr\u00e8s r\u00e9sistantes, con\u00e7ues pour satisfaire<\/p>\n","protected":false},"featured_media":74090,"template":"","meta":{"_acf_changed":false},"dog-type":[],"ingredients":[],"product_brand":[],"product_cat":[538],"product_tag":[],"class_list":{"0":"post-74104","1":"product","2":"type-product","3":"status-publish","4":"has-post-thumbnail","6":"product_cat-friandises-naturelles-pour-chiens","7":"pa_dog-type-grands-chiens","8":"pa_dog-type-moyens-chiens","9":"pa_ingredient-vache","10":"pa_toughness-dur","11":"tm-has-options","13":"first","14":"instock","15":"taxable","16":"shipping-taxable","17":"purchasable","18":"product-type-simple"},"bundled_by":[],"bundle_stock_status":"instock","bundle_stock_quantity":null,"bundle_virtual":false,"bundle_layout":"","bundle_add_to_cart_form_location":"","bundle_editable_in_cart":false,"bundle_sold_individually_context":"","bundle_item_grouping":"","bundle_min_size":"","bundle_max_size":"","bundle_price":[],"bundled_items":[],"bundle_sell_ids":[],"acf":[],"yoast_head":"<!-- This site is optimized with the Yoast SEO Premium plugin v23.5 (Yoast SEO v25.0) - https:\/\/yoast.com\/wordpress\/plugins\/seo\/ -->\n<title>Cartilage de b\u0153uf | Natural Treats<\/title>\n<meta name=\"description\" content=\"Les Moon Bones pour chiens \u00e0 base de cartilage de b\u0153uf sont des friandises naturelles pour chiens tr\u00e8s r\u00e9sistantes, con\u00e7ues pour satisfaire m\u00eame les m\u00e2cheurs les plus enthousiastes.\" \/>\n<meta name=\"robots\" content=\"index, follow, max-snippet:-1, max-image-preview:large, max-video-preview:-1\" \/>\n<link rel=\"canonical\" href=\"https:\/\/naturaltreats.eu\/fr\/product\/cartilage-de-boeuf-pour-chiens\/\" \/>\n<meta property=\"og:locale\" content=\"fr_FR\" \/>\n<meta property=\"og:type\" content=\"article\" \/>\n<meta property=\"og:title\" content=\"Cartilage de b\u0153uf\" \/>\n<meta property=\"og:description\" content=\"Les Moon Bones pour chiens \u00e0 base de cartilage de b\u0153uf sont des friandises naturelles pour chiens tr\u00e8s r\u00e9sistantes, con\u00e7ues pour satisfaire m\u00eame les m\u00e2cheurs les plus enthousiastes.\" \/>\n<meta property=\"og:url\" content=\"https:\/\/naturaltreats.eu\/fr\/product\/cartilage-de-boeuf-pour-chiens\/\" \/>\n<meta property=\"og:site_name\" content=\"Natural Treats\" \/>\n<meta property=\"article:publisher\" content=\"https:\/\/facebook.com\/naturaltreatseu\" \/>\n<meta property=\"og:image\" content=\"https:\/\/naturaltreats.eu\/wp-content\/uploads\/2025\/01\/cow-cartilidge.jpg\" \/>\n\t<meta property=\"og:image:width\" content=\"2000\" \/>\n\t<meta property=\"og:image:height\" content=\"2000\" \/>\n\t<meta property=\"og:image:type\" content=\"image\/jpeg\" \/>\n<meta name=\"twitter:card\" content=\"summary_large_image\" \/>\n<meta name=\"twitter:label1\" content=\"Prix\" \/>\n\t<meta name=\"twitter:data1\" content=\"9,95&euro;\" \/>\n\t<meta name=\"twitter:label2\" content=\"Disponibilit\u00e9\" \/>\n\t<meta name=\"twitter:data2\" content=\"En stock\" \/>\n<script type=\"application\/ld+json\" class=\"yoast-schema-graph\">{\"@context\":\"https:\/\/schema.org\",\"@graph\":[{\"@type\":\"WebPage\",\"@id\":\"https:\/\/naturaltreats.eu\/fr\/product\/cartilage-de-boeuf-pour-chiens\/\",\"url\":\"https:\/\/naturaltreats.eu\/fr\/product\/cartilage-de-boeuf-pour-chiens\/\",\"name\":\"Cartilage de b\u0153uf | Natural Treats\",\"isPartOf\":{\"@id\":\"https:\/\/naturaltreats.eu\/fr\/#website\"},\"primaryImageOfPage\":{\"@id\":\"https:\/\/naturaltreats.eu\/fr\/product\/cartilage-de-boeuf-pour-chiens\/#primaryimage\"},\"image\":{\"@id\":\"https:\/\/naturaltreats.eu\/fr\/product\/cartilage-de-boeuf-pour-chiens\/#primaryimage\"},\"thumbnailUrl\":\"https:\/\/naturaltreats.eu\/wp-content\/uploads\/2025\/01\/cow-cartilidge.jpg\",\"datePublished\":\"2025-01-07T20:45:05+00:00\",\"description\":\"Les Moon Bones pour chiens \u00e0 base de cartilage de b\u0153uf sont des friandises naturelles pour chiens tr\u00e8s r\u00e9sistantes, con\u00e7ues pour satisfaire m\u00eame les m\u00e2cheurs les plus enthousiastes.\",\"breadcrumb\":{\"@id\":\"https:\/\/naturaltreats.eu\/fr\/product\/cartilage-de-boeuf-pour-chiens\/#breadcrumb\"},\"inLanguage\":\"fr-FR\",\"potentialAction\":[{\"@type\":\"ReadAction\",\"target\":[\"https:\/\/naturaltreats.eu\/fr\/product\/cartilage-de-boeuf-pour-chiens\/\"]}]},{\"@type\":\"ImageObject\",\"inLanguage\":\"fr-FR\",\"@id\":\"https:\/\/naturaltreats.eu\/fr\/product\/cartilage-de-boeuf-pour-chiens\/#primaryimage\",\"url\":\"https:\/\/naturaltreats.eu\/wp-content\/uploads\/2025\/01\/cow-cartilidge.jpg\",\"contentUrl\":\"https:\/\/naturaltreats.eu\/wp-content\/uploads\/2025\/01\/cow-cartilidge.jpg\",\"width\":2000,\"height\":2000,\"caption\":\"Moon bones for dogs\"},{\"@type\":\"BreadcrumbList\",\"@id\":\"https:\/\/naturaltreats.eu\/fr\/product\/cartilage-de-boeuf-pour-chiens\/#breadcrumb\",\"itemListElement\":[{\"@type\":\"ListItem\",\"position\":1,\"name\":\"Home\",\"item\":\"https:\/\/naturaltreats.eu\/fr\/domicile\/\"},{\"@type\":\"ListItem\",\"position\":2,\"name\":\"Boutique\",\"item\":\"https:\/\/naturaltreats.eu\/fr\/boutique\/\"},{\"@type\":\"ListItem\",\"position\":3,\"name\":\"Cartilage de b\u0153uf\"}]},{\"@type\":\"WebSite\",\"@id\":\"https:\/\/naturaltreats.eu\/fr\/#website\",\"url\":\"https:\/\/naturaltreats.eu\/fr\/\",\"name\":\"Natural Treats\",\"description\":\"Best Rated Natural Dog Treats In Europe\",\"publisher\":{\"@id\":\"https:\/\/naturaltreats.eu\/fr\/#organization\"},\"potentialAction\":[{\"@type\":\"SearchAction\",\"target\":{\"@type\":\"EntryPoint\",\"urlTemplate\":\"https:\/\/naturaltreats.eu\/fr\/?s={search_term_string}\"},\"query-input\":{\"@type\":\"PropertyValueSpecification\",\"valueRequired\":true,\"valueName\":\"search_term_string\"}}],\"inLanguage\":\"fr-FR\"},{\"@type\":\"Organization\",\"@id\":\"https:\/\/naturaltreats.eu\/fr\/#organization\",\"name\":\"Natural Treats\",\"url\":\"https:\/\/naturaltreats.eu\/fr\/\",\"logo\":{\"@type\":\"ImageObject\",\"inLanguage\":\"fr-FR\",\"@id\":\"https:\/\/naturaltreats.eu\/fr\/#\/schema\/logo\/image\/\",\"url\":\"https:\/\/naturaltreats.eu\/wp-content\/uploads\/2020\/08\/social.jpg\",\"contentUrl\":\"https:\/\/naturaltreats.eu\/wp-content\/uploads\/2020\/08\/social.jpg\",\"width\":1000,\"height\":1000,\"caption\":\"Natural Treats\"},\"image\":{\"@id\":\"https:\/\/naturaltreats.eu\/fr\/#\/schema\/logo\/image\/\"},\"sameAs\":[\"https:\/\/facebook.com\/naturaltreatseu\",\"https:\/\/instagram.com\/naturaltreatseu\"]}]}<\/script>\n<meta property=\"product:price:amount\" content=\"9.95\" \/>\n<meta property=\"product:price:currency\" content=\"EUR\" \/>\n<meta property=\"og:availability\" content=\"instock\" \/>\n<meta property=\"product:availability\" content=\"instock\" \/>\n<meta property=\"product:condition\" content=\"new\" \/>\n<!-- \/ Yoast SEO Premium plugin. -->","yoast_head_json":{"title":"Cartilage de b\u0153uf | Natural Treats","description":"Les Moon Bones pour chiens \u00e0 base de cartilage de b\u0153uf sont des friandises naturelles pour chiens tr\u00e8s r\u00e9sistantes, con\u00e7ues pour satisfaire m\u00eame les m\u00e2cheurs les plus enthousiastes.","robots":{"index":"index","follow":"follow","max-snippet":"max-snippet:-1","max-image-preview":"max-image-preview:large","max-video-preview":"max-video-preview:-1"},"canonical":"https:\/\/naturaltreats.eu\/fr\/product\/cartilage-de-boeuf-pour-chiens\/","og_locale":"fr_FR","og_type":"article","og_title":"Cartilage de b\u0153uf","og_description":"Les Moon Bones pour chiens \u00e0 base de cartilage de b\u0153uf sont des friandises naturelles pour chiens tr\u00e8s r\u00e9sistantes, con\u00e7ues pour satisfaire m\u00eame les m\u00e2cheurs les plus enthousiastes.","og_url":"https:\/\/naturaltreats.eu\/fr\/product\/cartilage-de-boeuf-pour-chiens\/","og_site_name":"Natural Treats","article_publisher":"https:\/\/facebook.com\/naturaltreatseu","og_image":[{"width":2000,"height":2000,"url":"https:\/\/naturaltreats.eu\/wp-content\/uploads\/2025\/01\/cow-cartilidge.jpg","type":"image\/jpeg"}],"twitter_card":"summary_large_image","twitter_misc":{"Prix":"9,95&euro;","Disponibilit\u00e9":"En stock"},"schema":{"@context":"https:\/\/schema.org","@graph":[{"@type":"WebPage","@id":"https:\/\/naturaltreats.eu\/fr\/product\/cartilage-de-boeuf-pour-chiens\/","url":"https:\/\/naturaltreats.eu\/fr\/product\/cartilage-de-boeuf-pour-chiens\/","name":"Cartilage de b\u0153uf | Natural Treats","isPartOf":{"@id":"https:\/\/naturaltreats.eu\/fr\/#website"},"primaryImageOfPage":{"@id":"https:\/\/naturaltreats.eu\/fr\/product\/cartilage-de-boeuf-pour-chiens\/#primaryimage"},"image":{"@id":"https:\/\/naturaltreats.eu\/fr\/product\/cartilage-de-boeuf-pour-chiens\/#primaryimage"},"thumbnailUrl":"https:\/\/naturaltreats.eu\/wp-content\/uploads\/2025\/01\/cow-cartilidge.jpg","datePublished":"2025-01-07T20:45:05+00:00","description":"Les Moon Bones pour chiens \u00e0 base de cartilage de b\u0153uf sont des friandises naturelles pour chiens tr\u00e8s r\u00e9sistantes, con\u00e7ues pour satisfaire m\u00eame les m\u00e2cheurs les plus enthousiastes.","breadcrumb":{"@id":"https:\/\/naturaltreats.eu\/fr\/product\/cartilage-de-boeuf-pour-chiens\/#breadcrumb"},"inLanguage":"fr-FR","potentialAction":[{"@type":"ReadAction","target":["https:\/\/naturaltreats.eu\/fr\/product\/cartilage-de-boeuf-pour-chiens\/"]}]},{"@type":"ImageObject","inLanguage":"fr-FR","@id":"https:\/\/naturaltreats.eu\/fr\/product\/cartilage-de-boeuf-pour-chiens\/#primaryimage","url":"https:\/\/naturaltreats.eu\/wp-content\/uploads\/2025\/01\/cow-cartilidge.jpg","contentUrl":"https:\/\/naturaltreats.eu\/wp-content\/uploads\/2025\/01\/cow-cartilidge.jpg","width":2000,"height":2000,"caption":"Moon bones for dogs"},{"@type":"BreadcrumbList","@id":"https:\/\/naturaltreats.eu\/fr\/product\/cartilage-de-boeuf-pour-chiens\/#breadcrumb","itemListElement":[{"@type":"ListItem","position":1,"name":"Home","item":"https:\/\/naturaltreats.eu\/fr\/domicile\/"},{"@type":"ListItem","position":2,"name":"Boutique","item":"https:\/\/naturaltreats.eu\/fr\/boutique\/"},{"@type":"ListItem","position":3,"name":"Cartilage de b\u0153uf"}]},{"@type":"WebSite","@id":"https:\/\/naturaltreats.eu\/fr\/#website","url":"https:\/\/naturaltreats.eu\/fr\/","name":"Natural Treats","description":"Best Rated Natural Dog Treats In Europe","publisher":{"@id":"https:\/\/naturaltreats.eu\/fr\/#organization"},"potentialAction":[{"@type":"SearchAction","target":{"@type":"EntryPoint","urlTemplate":"https:\/\/naturaltreats.eu\/fr\/?s={search_term_string}"},"query-input":{"@type":"PropertyValueSpecification","valueRequired":true,"valueName":"search_term_string"}}],"inLanguage":"fr-FR"},{"@type":"Organization","@id":"https:\/\/naturaltreats.eu\/fr\/#organization","name":"Natural Treats","url":"https:\/\/naturaltreats.eu\/fr\/","logo":{"@type":"ImageObject","inLanguage":"fr-FR","@id":"https:\/\/naturaltreats.eu\/fr\/#\/schema\/logo\/image\/","url":"https:\/\/naturaltreats.eu\/wp-content\/uploads\/2020\/08\/social.jpg","contentUrl":"https:\/\/naturaltreats.eu\/wp-content\/uploads\/2020\/08\/social.jpg","width":1000,"height":1000,"caption":"Natural Treats"},"image":{"@id":"https:\/\/naturaltreats.eu\/fr\/#\/schema\/logo\/image\/"},"sameAs":["https:\/\/facebook.com\/naturaltreatseu","https:\/\/instagram.com\/naturaltreatseu"]}]},"product_price_amount":"9.95","product_price_currency":"EUR","og_availability":"instock","product_availability":"instock","product_condition":"new"},"_links":{"self":[{"href":"https:\/\/naturaltreats.eu\/fr\/wp-json\/wp\/v2\/product\/74104","targetHints":{"allow":["GET"]}}],"collection":[{"href":"https:\/\/naturaltreats.eu\/fr\/wp-json\/wp\/v2\/product"}],"about":[{"href":"https:\/\/naturaltreats.eu\/fr\/wp-json\/wp\/v2\/types\/product"}],"wp:featuredmedia":[{"embeddable":true,"href":"https:\/\/naturaltreats.eu\/fr\/wp-json\/wp\/v2\/media\/74090"}],"wp:attachment":[{"href":"https:\/\/naturaltreats.eu\/fr\/wp-json\/wp\/v2\/media?parent=74104"}],"wp:term":[{"taxonomy":"dog-type","embeddable":true,"href":"https:\/\/naturaltreats.eu\/fr\/wp-json\/wp\/v2\/dog-type?post=74104"},{"taxonomy":"ingredients","embeddable":true,"href":"https:\/\/naturaltreats.eu\/fr\/wp-json\/wp\/v2\/ingredients?post=74104"},{"taxonomy":"product_brand","embeddable":true,"href":"https:\/\/naturaltreats.eu\/fr\/wp-json\/wp\/v2\/product_brand?post=74104"},{"taxonomy":"product_cat","embeddable":true,"href":"https:\/\/naturaltreats.eu\/fr\/wp-json\/wp\/v2\/product_cat?post=74104"},{"taxonomy":"product_tag","embeddable":true,"href":"https:\/\/naturaltreats.eu\/fr\/wp-json\/wp\/v2\/product_tag?post=74104"}],"curies":[{"name":"wp","href":"https:\/\/api.w.org\/{rel}","templated":true}]}}