{"id":8330,"date":"2021-02-06T15:14:00","date_gmt":"2021-04-15T09:16:32","guid":{"rendered":"https:\/\/naturaltreats.eu\/product\/la-boite-a-malice\/"},"modified":"2024-12-01T10:51:38","modified_gmt":"2024-12-01T09:51:38","slug":"tough-friandises-box-pour-chiens","status":"publish","type":"product","link":"https:\/\/naturaltreats.eu\/fr\/product\/tough-friandises-box-pour-chiens\/","title":{"rendered":"Tough friandises box pour chiens"},"content":{"rendered":"<p><strong>Important : Cette bo\u00eete contient uniquement des friandises tr\u00e8s grandes et des os tr\u00e8s durs. Elle est con\u00e7ue pour les grands chiens forts. Si les grands os de cette bo\u00eete ne conviennent pas \u00e0 votre chien, nous recommandons notre <a href=\"https:\/\/naturaltreats.eu\/fr\/produit\/club-box\/\">Club Box<\/a> qui contient un m\u00e9lange de friandises con\u00e7ues pour tous les chiens.  <\/strong><\/p>\n","protected":false},"excerpt":{"rendered":"<p>Cette bo\u00eete de friandises pour chiens robustes contient uniquement les meilleures friandises dures, r\u00e9sistantes et durables. Parfait pour les chiens plus grands et les m\u00e2cheurs plus forts.<\/p>\n","protected":false},"featured_media":55891,"template":"","meta":{"_acf_changed":false},"dog-type":[],"ingredients":[],"product_brand":[],"product_cat":[370],"product_tag":[365],"class_list":{"0":"post-8330","1":"product","2":"type-product","3":"status-publish","4":"has-post-thumbnail","6":"product_cat-snack-boxes-fr","7":"product_tag-box-fr","8":"has-subscription-plans","9":"tm-has-options","11":"first","12":"instock","13":"sale","14":"taxable","15":"shipping-taxable","16":"purchasable","17":"product-type-variable"},"bundled_by":[],"bundle_stock_status":"instock","bundle_stock_quantity":null,"bundle_virtual":false,"bundle_layout":"","bundle_add_to_cart_form_location":"","bundle_editable_in_cart":false,"bundle_sold_individually_context":"","bundle_item_grouping":"","bundle_min_size":"","bundle_max_size":"","bundle_price":[],"bundled_items":[],"bundle_sell_ids":[],"acf":[],"yoast_head":"<!-- This site is optimized with the Yoast SEO Premium plugin v23.5 (Yoast SEO v25.0) - https:\/\/yoast.com\/wordpress\/plugins\/seo\/ -->\n<title>Tough friandises box pour chiens | Natural Treats<\/title>\n<meta name=\"description\" content=\"Cette bo\u00eete de friandises pour chiens robustes contient uniquement les meilleures friandises dures, r\u00e9sistantes et durables. Parfait pour les chiens plus grands et les m\u00e2cheurs plus forts.\" \/>\n<meta name=\"robots\" content=\"index, follow, max-snippet:-1, max-image-preview:large, max-video-preview:-1\" \/>\n<link rel=\"canonical\" href=\"https:\/\/naturaltreats.eu\/fr\/product\/tough-friandises-box-pour-chiens\/\" \/>\n<meta property=\"og:locale\" content=\"fr_FR\" \/>\n<meta property=\"og:type\" content=\"article\" \/>\n<meta property=\"og:title\" content=\"Tough friandises box pour chiens\" \/>\n<meta property=\"og:description\" content=\"Cette bo\u00eete de friandises pour chiens robustes contient uniquement les meilleures friandises dures, r\u00e9sistantes et durables. Parfait pour les chiens plus grands et les m\u00e2cheurs plus forts.\" \/>\n<meta property=\"og:url\" content=\"https:\/\/naturaltreats.eu\/fr\/product\/tough-friandises-box-pour-chiens\/\" \/>\n<meta property=\"og:site_name\" content=\"Natural Treats\" \/>\n<meta property=\"article:publisher\" content=\"https:\/\/facebook.com\/naturaltreatseu\" \/>\n<meta property=\"article:modified_time\" content=\"2024-12-01T09:51:38+00:00\" \/>\n<meta property=\"og:image\" content=\"https:\/\/naturaltreats.eu\/wp-content\/uploads\/2020\/08\/tough.jpg\" \/>\n\t<meta property=\"og:image:width\" content=\"1920\" \/>\n\t<meta property=\"og:image:height\" content=\"1920\" \/>\n\t<meta property=\"og:image:type\" content=\"image\/jpeg\" \/>\n<meta name=\"twitter:card\" content=\"summary_large_image\" \/>\n<meta name=\"twitter:label1\" content=\"Disponibilit\u00e9\" \/>\n\t<meta name=\"twitter:data1\" content=\"En stock\" \/>\n<script type=\"application\/ld+json\" class=\"yoast-schema-graph\">{\"@context\":\"https:\/\/schema.org\",\"@graph\":[{\"@type\":\"WebPage\",\"@id\":\"https:\/\/naturaltreats.eu\/fr\/product\/tough-friandises-box-pour-chiens\/\",\"url\":\"https:\/\/naturaltreats.eu\/fr\/product\/tough-friandises-box-pour-chiens\/\",\"name\":\"Tough friandises box pour chiens | Natural Treats\",\"isPartOf\":{\"@id\":\"https:\/\/naturaltreats.eu\/fr\/#website\"},\"primaryImageOfPage\":{\"@id\":\"https:\/\/naturaltreats.eu\/fr\/product\/tough-friandises-box-pour-chiens\/#primaryimage\"},\"image\":{\"@id\":\"https:\/\/naturaltreats.eu\/fr\/product\/tough-friandises-box-pour-chiens\/#primaryimage\"},\"thumbnailUrl\":\"https:\/\/naturaltreats.eu\/wp-content\/uploads\/2020\/08\/tough.jpg\",\"datePublished\":\"2021-04-15T09:16:32+00:00\",\"dateModified\":\"2024-12-01T09:51:38+00:00\",\"description\":\"Cette bo\u00eete de friandises pour chiens robustes contient uniquement les meilleures friandises dures, r\u00e9sistantes et durables. Parfait pour les chiens plus grands et les m\u00e2cheurs plus forts.\",\"breadcrumb\":{\"@id\":\"https:\/\/naturaltreats.eu\/fr\/product\/tough-friandises-box-pour-chiens\/#breadcrumb\"},\"inLanguage\":\"fr-FR\",\"potentialAction\":[{\"@type\":\"ReadAction\",\"target\":[\"https:\/\/naturaltreats.eu\/fr\/product\/tough-friandises-box-pour-chiens\/\"]}]},{\"@type\":\"ImageObject\",\"inLanguage\":\"fr-FR\",\"@id\":\"https:\/\/naturaltreats.eu\/fr\/product\/tough-friandises-box-pour-chiens\/#primaryimage\",\"url\":\"https:\/\/naturaltreats.eu\/wp-content\/uploads\/2020\/08\/tough.jpg\",\"contentUrl\":\"https:\/\/naturaltreats.eu\/wp-content\/uploads\/2020\/08\/tough.jpg\",\"width\":1920,\"height\":1920,\"caption\":\"M\u00e2chouilles r\u00e9sistantes pour chien\"},{\"@type\":\"BreadcrumbList\",\"@id\":\"https:\/\/naturaltreats.eu\/fr\/product\/tough-friandises-box-pour-chiens\/#breadcrumb\",\"itemListElement\":[{\"@type\":\"ListItem\",\"position\":1,\"name\":\"Home\",\"item\":\"https:\/\/naturaltreats.eu\/fr\/domicile\/\"},{\"@type\":\"ListItem\",\"position\":2,\"name\":\"Boutique\",\"item\":\"https:\/\/naturaltreats.eu\/fr\/boutique\/\"},{\"@type\":\"ListItem\",\"position\":3,\"name\":\"Tough friandises box pour chiens\"}]},{\"@type\":\"WebSite\",\"@id\":\"https:\/\/naturaltreats.eu\/fr\/#website\",\"url\":\"https:\/\/naturaltreats.eu\/fr\/\",\"name\":\"Natural Treats\",\"description\":\"Best Rated Natural Dog Treats In Europe\",\"publisher\":{\"@id\":\"https:\/\/naturaltreats.eu\/fr\/#organization\"},\"potentialAction\":[{\"@type\":\"SearchAction\",\"target\":{\"@type\":\"EntryPoint\",\"urlTemplate\":\"https:\/\/naturaltreats.eu\/fr\/?s={search_term_string}\"},\"query-input\":{\"@type\":\"PropertyValueSpecification\",\"valueRequired\":true,\"valueName\":\"search_term_string\"}}],\"inLanguage\":\"fr-FR\"},{\"@type\":\"Organization\",\"@id\":\"https:\/\/naturaltreats.eu\/fr\/#organization\",\"name\":\"Natural Treats\",\"url\":\"https:\/\/naturaltreats.eu\/fr\/\",\"logo\":{\"@type\":\"ImageObject\",\"inLanguage\":\"fr-FR\",\"@id\":\"https:\/\/naturaltreats.eu\/fr\/#\/schema\/logo\/image\/\",\"url\":\"https:\/\/naturaltreats.eu\/wp-content\/uploads\/2020\/08\/social.jpg\",\"contentUrl\":\"https:\/\/naturaltreats.eu\/wp-content\/uploads\/2020\/08\/social.jpg\",\"width\":1000,\"height\":1000,\"caption\":\"Natural Treats\"},\"image\":{\"@id\":\"https:\/\/naturaltreats.eu\/fr\/#\/schema\/logo\/image\/\"},\"sameAs\":[\"https:\/\/facebook.com\/naturaltreatseu\",\"https:\/\/instagram.com\/naturaltreatseu\"]}]}<\/script>\n<meta property=\"og:availability\" content=\"instock\" \/>\n<meta property=\"product:availability\" content=\"instock\" \/>\n<meta property=\"product:retailer_item_id\" content=\"TB\" \/>\n<meta property=\"product:condition\" content=\"new\" \/>\n<!-- \/ Yoast SEO Premium plugin. -->","yoast_head_json":{"title":"Tough friandises box pour chiens | Natural Treats","description":"Cette bo\u00eete de friandises pour chiens robustes contient uniquement les meilleures friandises dures, r\u00e9sistantes et durables. Parfait pour les chiens plus grands et les m\u00e2cheurs plus forts.","robots":{"index":"index","follow":"follow","max-snippet":"max-snippet:-1","max-image-preview":"max-image-preview:large","max-video-preview":"max-video-preview:-1"},"canonical":"https:\/\/naturaltreats.eu\/fr\/product\/tough-friandises-box-pour-chiens\/","og_locale":"fr_FR","og_type":"article","og_title":"Tough friandises box pour chiens","og_description":"Cette bo\u00eete de friandises pour chiens robustes contient uniquement les meilleures friandises dures, r\u00e9sistantes et durables. Parfait pour les chiens plus grands et les m\u00e2cheurs plus forts.","og_url":"https:\/\/naturaltreats.eu\/fr\/product\/tough-friandises-box-pour-chiens\/","og_site_name":"Natural Treats","article_publisher":"https:\/\/facebook.com\/naturaltreatseu","article_modified_time":"2024-12-01T09:51:38+00:00","og_image":[{"width":1920,"height":1920,"url":"https:\/\/naturaltreats.eu\/wp-content\/uploads\/2020\/08\/tough.jpg","type":"image\/jpeg"}],"twitter_card":"summary_large_image","twitter_misc":{"Disponibilit\u00e9":"En stock"},"schema":{"@context":"https:\/\/schema.org","@graph":[{"@type":"WebPage","@id":"https:\/\/naturaltreats.eu\/fr\/product\/tough-friandises-box-pour-chiens\/","url":"https:\/\/naturaltreats.eu\/fr\/product\/tough-friandises-box-pour-chiens\/","name":"Tough friandises box pour chiens | Natural Treats","isPartOf":{"@id":"https:\/\/naturaltreats.eu\/fr\/#website"},"primaryImageOfPage":{"@id":"https:\/\/naturaltreats.eu\/fr\/product\/tough-friandises-box-pour-chiens\/#primaryimage"},"image":{"@id":"https:\/\/naturaltreats.eu\/fr\/product\/tough-friandises-box-pour-chiens\/#primaryimage"},"thumbnailUrl":"https:\/\/naturaltreats.eu\/wp-content\/uploads\/2020\/08\/tough.jpg","datePublished":"2021-04-15T09:16:32+00:00","dateModified":"2024-12-01T09:51:38+00:00","description":"Cette bo\u00eete de friandises pour chiens robustes contient uniquement les meilleures friandises dures, r\u00e9sistantes et durables. Parfait pour les chiens plus grands et les m\u00e2cheurs plus forts.","breadcrumb":{"@id":"https:\/\/naturaltreats.eu\/fr\/product\/tough-friandises-box-pour-chiens\/#breadcrumb"},"inLanguage":"fr-FR","potentialAction":[{"@type":"ReadAction","target":["https:\/\/naturaltreats.eu\/fr\/product\/tough-friandises-box-pour-chiens\/"]}]},{"@type":"ImageObject","inLanguage":"fr-FR","@id":"https:\/\/naturaltreats.eu\/fr\/product\/tough-friandises-box-pour-chiens\/#primaryimage","url":"https:\/\/naturaltreats.eu\/wp-content\/uploads\/2020\/08\/tough.jpg","contentUrl":"https:\/\/naturaltreats.eu\/wp-content\/uploads\/2020\/08\/tough.jpg","width":1920,"height":1920,"caption":"M\u00e2chouilles r\u00e9sistantes pour chien"},{"@type":"BreadcrumbList","@id":"https:\/\/naturaltreats.eu\/fr\/product\/tough-friandises-box-pour-chiens\/#breadcrumb","itemListElement":[{"@type":"ListItem","position":1,"name":"Home","item":"https:\/\/naturaltreats.eu\/fr\/domicile\/"},{"@type":"ListItem","position":2,"name":"Boutique","item":"https:\/\/naturaltreats.eu\/fr\/boutique\/"},{"@type":"ListItem","position":3,"name":"Tough friandises box pour chiens"}]},{"@type":"WebSite","@id":"https:\/\/naturaltreats.eu\/fr\/#website","url":"https:\/\/naturaltreats.eu\/fr\/","name":"Natural Treats","description":"Best Rated Natural Dog Treats In Europe","publisher":{"@id":"https:\/\/naturaltreats.eu\/fr\/#organization"},"potentialAction":[{"@type":"SearchAction","target":{"@type":"EntryPoint","urlTemplate":"https:\/\/naturaltreats.eu\/fr\/?s={search_term_string}"},"query-input":{"@type":"PropertyValueSpecification","valueRequired":true,"valueName":"search_term_string"}}],"inLanguage":"fr-FR"},{"@type":"Organization","@id":"https:\/\/naturaltreats.eu\/fr\/#organization","name":"Natural Treats","url":"https:\/\/naturaltreats.eu\/fr\/","logo":{"@type":"ImageObject","inLanguage":"fr-FR","@id":"https:\/\/naturaltreats.eu\/fr\/#\/schema\/logo\/image\/","url":"https:\/\/naturaltreats.eu\/wp-content\/uploads\/2020\/08\/social.jpg","contentUrl":"https:\/\/naturaltreats.eu\/wp-content\/uploads\/2020\/08\/social.jpg","width":1000,"height":1000,"caption":"Natural Treats"},"image":{"@id":"https:\/\/naturaltreats.eu\/fr\/#\/schema\/logo\/image\/"},"sameAs":["https:\/\/facebook.com\/naturaltreatseu","https:\/\/instagram.com\/naturaltreatseu"]}]},"og_availability":"instock","product_availability":"instock","product_retailer_item_id":"TB","product_condition":"new"},"_links":{"self":[{"href":"https:\/\/naturaltreats.eu\/fr\/wp-json\/wp\/v2\/product\/8330","targetHints":{"allow":["GET"]}}],"collection":[{"href":"https:\/\/naturaltreats.eu\/fr\/wp-json\/wp\/v2\/product"}],"about":[{"href":"https:\/\/naturaltreats.eu\/fr\/wp-json\/wp\/v2\/types\/product"}],"wp:featuredmedia":[{"embeddable":true,"href":"https:\/\/naturaltreats.eu\/fr\/wp-json\/wp\/v2\/media\/55891"}],"wp:attachment":[{"href":"https:\/\/naturaltreats.eu\/fr\/wp-json\/wp\/v2\/media?parent=8330"}],"wp:term":[{"taxonomy":"dog-type","embeddable":true,"href":"https:\/\/naturaltreats.eu\/fr\/wp-json\/wp\/v2\/dog-type?post=8330"},{"taxonomy":"ingredients","embeddable":true,"href":"https:\/\/naturaltreats.eu\/fr\/wp-json\/wp\/v2\/ingredients?post=8330"},{"taxonomy":"product_brand","embeddable":true,"href":"https:\/\/naturaltreats.eu\/fr\/wp-json\/wp\/v2\/product_brand?post=8330"},{"taxonomy":"product_cat","embeddable":true,"href":"https:\/\/naturaltreats.eu\/fr\/wp-json\/wp\/v2\/product_cat?post=8330"},{"taxonomy":"product_tag","embeddable":true,"href":"https:\/\/naturaltreats.eu\/fr\/wp-json\/wp\/v2\/product_tag?post=8330"}],"curies":[{"name":"wp","href":"https:\/\/api.w.org\/{rel}","templated":true}]}}