{"id":8352,"date":"2021-01-31T11:33:48","date_gmt":"2021-04-15T09:17:01","guid":{"rendered":"https:\/\/naturaltreats.eu\/product\/pieds-de-poulet-nature\/"},"modified":"2024-06-29T14:09:47","modified_gmt":"2024-06-29T12:09:47","slug":"pattes-de-poulet-ordinaires","status":"publish","type":"product","link":"https:\/\/naturaltreats.eu\/fr\/product\/pattes-de-poulet-ordinaires\/","title":{"rendered":"Pieds de poulet nature"},"content":{"rendered":"<section class=\"elementor-section elementor-top-section elementor-element elementor-element-32a9d2b elementor-section-boxed elementor-section-height-default elementor-section-height-default\" data-id=\"32a9d2b\" data-element_type=\"section\" data-settings=\"{\"background_background\":\"classic\"}\">\n<div class=\"elementor-container elementor-column-gap-default\">\n<div class=\"elementor-row\">\n<div class=\"elementor-column elementor-col-50 elementor-top-column elementor-element elementor-element-a2d5baf\" data-id=\"a2d5baf\" data-element_type=\"column\" data-settings=\"{\"background_background\":\"classic\"}\">\n<div class=\"elementor-column-wrap elementor-element-populated\">\n<div class=\"elementor-widget-wrap\">\n<div class=\"elementor-element elementor-element-95c99d8 elementor-widget elementor-widget-text-editor\" data-id=\"95c99d8\" data-element_type=\"widget\" data-widget_type=\"text-editor.default\">\n<div class=\"elementor-widget-container\">\n<div class=\"elementor-text-editor elementor-clearfix\">\n<p class=\"p1\">Sains, irr\u00e9sistibles et totalement naturels, nos pieds de poulet pour chiens constituent la friandise id\u00e9ale pour votre ami \u00e0 fourrure. Bourr\u00e9 de nutriments et compl\u00e8tement irr\u00e9sistible, vous savez que vous offrez \u00e0 votre chien quelque chose qu&#8217;il va adorer. Ils sont \u00e9galement une excellente source de glucosamine, id\u00e9ale pour pr\u00e9server la sant\u00e9 des articulations de votre chien.<\/p>\n<\/div>\n<\/div>\n<\/div>\n<\/div>\n<\/div>\n<\/div>\n<\/div>\n<\/div>\n<\/section>\n<section class=\"elementor-section elementor-top-section elementor-element elementor-element-2178713 elementor-section-boxed elementor-section-height-default elementor-section-height-default\" data-id=\"2178713\" data-element_type=\"section\" data-settings=\"{\"background_background\":\"classic\"}\">\n<div class=\"elementor-container elementor-column-gap-default\">\n<div class=\"elementor-row\">\n<div class=\"elementor-column elementor-col-50 elementor-top-column elementor-element elementor-element-db9affb\" data-id=\"db9affb\" data-element_type=\"column\" data-settings=\"{\"background_background\":\"classic\",\"animation\":\"none\"}\">\n<div class=\"elementor-column-wrap elementor-element-populated\">\n<div class=\"elementor-widget-wrap\">\n<div class=\"elementor-element elementor-element-d87d764 elementor-widget elementor-widget-image\" data-id=\"d87d764\" data-element_type=\"widget\" data-widget_type=\"image.default\">\n<div class=\"elementor-widget-container\"><\/div>\n<\/div>\n<\/div>\n<\/div>\n<\/div>\n<\/div>\n<\/div>\n<\/section>\n","protected":false},"excerpt":{"rendered":"<p><i class=\"fas fa-circle\"><\/i><i class=\"fas fa-circle\"><\/i><i class=\"far fa-circle\"><\/i>  | 16g | 1 pi\u00e8ce<\/p>\n","protected":false},"featured_media":47005,"template":"","meta":{"_acf_changed":false},"dog-type":[],"ingredients":[],"product_brand":[],"product_cat":[178],"product_tag":[],"class_list":{"0":"post-8352","1":"product","2":"type-product","3":"status-publish","4":"has-post-thumbnail","6":"product_cat-snacks-fr","7":"tm-has-options","9":"first","10":"instock","11":"taxable","12":"shipping-taxable","13":"purchasable","14":"product-type-simple"},"bundled_by":[],"bundle_stock_status":"instock","bundle_stock_quantity":null,"bundle_virtual":false,"bundle_layout":"","bundle_add_to_cart_form_location":"","bundle_editable_in_cart":false,"bundle_sold_individually_context":"","bundle_item_grouping":"","bundle_min_size":"","bundle_max_size":"","bundle_price":[],"bundled_items":[],"bundle_sell_ids":[],"acf":[],"yoast_head":"<!-- This site is optimized with the Yoast SEO Premium plugin v23.5 (Yoast SEO v25.0) - https:\/\/yoast.com\/wordpress\/plugins\/seo\/ -->\n<title>Pieds de poulet nature | Natural Treats<\/title>\n<meta name=\"description\" content=\"Sains, irr\u00e9sistibles et totalement naturels, nos pieds de poulet pour chiens constituent la friandise id\u00e9ale pour votre ami \u00e0 fourrure. Bourr\u00e9 de nutriments et compl\u00e8tement irr\u00e9sistible, vous savez que vous offrez \u00e0 votre chien quelque chose qu&#039;il va adorer. Ils sont \u00e9galement une excellente source de glucosamine, id\u00e9ale pour pr\u00e9server la sant\u00e9 des articulations de votre chien.\" \/>\n<meta name=\"robots\" content=\"index, follow, max-snippet:-1, max-image-preview:large, max-video-preview:-1\" \/>\n<link rel=\"canonical\" href=\"https:\/\/naturaltreats.eu\/fr\/product\/pattes-de-poulet-ordinaires\/\" \/>\n<meta property=\"og:locale\" content=\"fr_FR\" \/>\n<meta property=\"og:type\" content=\"article\" \/>\n<meta property=\"og:title\" content=\"Pieds de poulet nature\" \/>\n<meta property=\"og:description\" content=\"Sains, irr\u00e9sistibles et totalement naturels, nos pieds de poulet pour chiens constituent la friandise id\u00e9ale pour votre ami \u00e0 fourrure. Bourr\u00e9 de nutriments et compl\u00e8tement irr\u00e9sistible, vous savez que vous offrez \u00e0 votre chien quelque chose qu&#039;il va adorer. Ils sont \u00e9galement une excellente source de glucosamine, id\u00e9ale pour pr\u00e9server la sant\u00e9 des articulations de votre chien.\" \/>\n<meta property=\"og:url\" content=\"https:\/\/naturaltreats.eu\/fr\/product\/pattes-de-poulet-ordinaires\/\" \/>\n<meta property=\"og:site_name\" content=\"Natural Treats\" \/>\n<meta property=\"article:publisher\" content=\"https:\/\/facebook.com\/naturaltreatseu\" \/>\n<meta property=\"article:modified_time\" content=\"2024-06-29T12:09:47+00:00\" \/>\n<meta property=\"og:image\" content=\"https:\/\/naturaltreats.eu\/wp-content\/uploads\/2020\/10\/chicken-foot.jpg\" \/>\n\t<meta property=\"og:image:width\" content=\"1280\" \/>\n\t<meta property=\"og:image:height\" content=\"1280\" \/>\n\t<meta property=\"og:image:type\" content=\"image\/jpeg\" \/>\n<meta name=\"twitter:card\" content=\"summary_large_image\" \/>\n<meta name=\"twitter:label1\" content=\"Prix\" \/>\n\t<meta name=\"twitter:data1\" content=\"1,00&euro;\" \/>\n\t<meta name=\"twitter:label2\" content=\"Disponibilit\u00e9\" \/>\n\t<meta name=\"twitter:data2\" content=\"En stock\" \/>\n<script type=\"application\/ld+json\" class=\"yoast-schema-graph\">{\"@context\":\"https:\/\/schema.org\",\"@graph\":[{\"@type\":\"WebPage\",\"@id\":\"https:\/\/naturaltreats.eu\/fr\/product\/pattes-de-poulet-ordinaires\/\",\"url\":\"https:\/\/naturaltreats.eu\/fr\/product\/pattes-de-poulet-ordinaires\/\",\"name\":\"Pieds de poulet nature | Natural Treats\",\"isPartOf\":{\"@id\":\"https:\/\/naturaltreats.eu\/fr\/#website\"},\"primaryImageOfPage\":{\"@id\":\"https:\/\/naturaltreats.eu\/fr\/product\/pattes-de-poulet-ordinaires\/#primaryimage\"},\"image\":{\"@id\":\"https:\/\/naturaltreats.eu\/fr\/product\/pattes-de-poulet-ordinaires\/#primaryimage\"},\"thumbnailUrl\":\"https:\/\/naturaltreats.eu\/wp-content\/uploads\/2020\/10\/chicken-foot.jpg\",\"datePublished\":\"2021-04-15T09:17:01+00:00\",\"dateModified\":\"2024-06-29T12:09:47+00:00\",\"description\":\"Sains, irr\u00e9sistibles et totalement naturels, nos pieds de poulet pour chiens constituent la friandise id\u00e9ale pour votre ami \u00e0 fourrure. Bourr\u00e9 de nutriments et compl\u00e8tement irr\u00e9sistible, vous savez que vous offrez \u00e0 votre chien quelque chose qu'il va adorer. Ils sont \u00e9galement une excellente source de glucosamine, id\u00e9ale pour pr\u00e9server la sant\u00e9 des articulations de votre chien.\",\"breadcrumb\":{\"@id\":\"https:\/\/naturaltreats.eu\/fr\/product\/pattes-de-poulet-ordinaires\/#breadcrumb\"},\"inLanguage\":\"fr-FR\",\"potentialAction\":[{\"@type\":\"ReadAction\",\"target\":[\"https:\/\/naturaltreats.eu\/fr\/product\/pattes-de-poulet-ordinaires\/\"]}]},{\"@type\":\"ImageObject\",\"inLanguage\":\"fr-FR\",\"@id\":\"https:\/\/naturaltreats.eu\/fr\/product\/pattes-de-poulet-ordinaires\/#primaryimage\",\"url\":\"https:\/\/naturaltreats.eu\/wp-content\/uploads\/2020\/10\/chicken-foot.jpg\",\"contentUrl\":\"https:\/\/naturaltreats.eu\/wp-content\/uploads\/2020\/10\/chicken-foot.jpg\",\"width\":1280,\"height\":1280,\"caption\":\"chicken feet for dogs\"},{\"@type\":\"BreadcrumbList\",\"@id\":\"https:\/\/naturaltreats.eu\/fr\/product\/pattes-de-poulet-ordinaires\/#breadcrumb\",\"itemListElement\":[{\"@type\":\"ListItem\",\"position\":1,\"name\":\"Home\",\"item\":\"https:\/\/naturaltreats.eu\/fr\/domicile\/\"},{\"@type\":\"ListItem\",\"position\":2,\"name\":\"Boutique\",\"item\":\"https:\/\/naturaltreats.eu\/fr\/boutique\/\"},{\"@type\":\"ListItem\",\"position\":3,\"name\":\"Pieds de poulet nature\"}]},{\"@type\":\"WebSite\",\"@id\":\"https:\/\/naturaltreats.eu\/fr\/#website\",\"url\":\"https:\/\/naturaltreats.eu\/fr\/\",\"name\":\"Natural Treats\",\"description\":\"Best Rated Natural Dog Treats In Europe\",\"publisher\":{\"@id\":\"https:\/\/naturaltreats.eu\/fr\/#organization\"},\"potentialAction\":[{\"@type\":\"SearchAction\",\"target\":{\"@type\":\"EntryPoint\",\"urlTemplate\":\"https:\/\/naturaltreats.eu\/fr\/?s={search_term_string}\"},\"query-input\":{\"@type\":\"PropertyValueSpecification\",\"valueRequired\":true,\"valueName\":\"search_term_string\"}}],\"inLanguage\":\"fr-FR\"},{\"@type\":\"Organization\",\"@id\":\"https:\/\/naturaltreats.eu\/fr\/#organization\",\"name\":\"Natural Treats\",\"url\":\"https:\/\/naturaltreats.eu\/fr\/\",\"logo\":{\"@type\":\"ImageObject\",\"inLanguage\":\"fr-FR\",\"@id\":\"https:\/\/naturaltreats.eu\/fr\/#\/schema\/logo\/image\/\",\"url\":\"https:\/\/naturaltreats.eu\/wp-content\/uploads\/2020\/08\/social.jpg\",\"contentUrl\":\"https:\/\/naturaltreats.eu\/wp-content\/uploads\/2020\/08\/social.jpg\",\"width\":1000,\"height\":1000,\"caption\":\"Natural Treats\"},\"image\":{\"@id\":\"https:\/\/naturaltreats.eu\/fr\/#\/schema\/logo\/image\/\"},\"sameAs\":[\"https:\/\/facebook.com\/naturaltreatseu\",\"https:\/\/instagram.com\/naturaltreatseu\"]}]}<\/script>\n<meta property=\"product:price:amount\" content=\"1.00\" \/>\n<meta property=\"product:price:currency\" content=\"EUR\" \/>\n<meta property=\"og:availability\" content=\"instock\" \/>\n<meta property=\"product:availability\" content=\"instock\" \/>\n<meta property=\"product:condition\" content=\"new\" \/>\n<!-- \/ Yoast SEO Premium plugin. -->","yoast_head_json":{"title":"Pieds de poulet nature | Natural Treats","description":"Sains, irr\u00e9sistibles et totalement naturels, nos pieds de poulet pour chiens constituent la friandise id\u00e9ale pour votre ami \u00e0 fourrure. Bourr\u00e9 de nutriments et compl\u00e8tement irr\u00e9sistible, vous savez que vous offrez \u00e0 votre chien quelque chose qu'il va adorer. Ils sont \u00e9galement une excellente source de glucosamine, id\u00e9ale pour pr\u00e9server la sant\u00e9 des articulations de votre chien.","robots":{"index":"index","follow":"follow","max-snippet":"max-snippet:-1","max-image-preview":"max-image-preview:large","max-video-preview":"max-video-preview:-1"},"canonical":"https:\/\/naturaltreats.eu\/fr\/product\/pattes-de-poulet-ordinaires\/","og_locale":"fr_FR","og_type":"article","og_title":"Pieds de poulet nature","og_description":"Sains, irr\u00e9sistibles et totalement naturels, nos pieds de poulet pour chiens constituent la friandise id\u00e9ale pour votre ami \u00e0 fourrure. Bourr\u00e9 de nutriments et compl\u00e8tement irr\u00e9sistible, vous savez que vous offrez \u00e0 votre chien quelque chose qu'il va adorer. Ils sont \u00e9galement une excellente source de glucosamine, id\u00e9ale pour pr\u00e9server la sant\u00e9 des articulations de votre chien.","og_url":"https:\/\/naturaltreats.eu\/fr\/product\/pattes-de-poulet-ordinaires\/","og_site_name":"Natural Treats","article_publisher":"https:\/\/facebook.com\/naturaltreatseu","article_modified_time":"2024-06-29T12:09:47+00:00","og_image":[{"width":1280,"height":1280,"url":"https:\/\/naturaltreats.eu\/wp-content\/uploads\/2020\/10\/chicken-foot.jpg","type":"image\/jpeg"}],"twitter_card":"summary_large_image","twitter_misc":{"Prix":"1,00&euro;","Disponibilit\u00e9":"En stock"},"schema":{"@context":"https:\/\/schema.org","@graph":[{"@type":"WebPage","@id":"https:\/\/naturaltreats.eu\/fr\/product\/pattes-de-poulet-ordinaires\/","url":"https:\/\/naturaltreats.eu\/fr\/product\/pattes-de-poulet-ordinaires\/","name":"Pieds de poulet nature | Natural Treats","isPartOf":{"@id":"https:\/\/naturaltreats.eu\/fr\/#website"},"primaryImageOfPage":{"@id":"https:\/\/naturaltreats.eu\/fr\/product\/pattes-de-poulet-ordinaires\/#primaryimage"},"image":{"@id":"https:\/\/naturaltreats.eu\/fr\/product\/pattes-de-poulet-ordinaires\/#primaryimage"},"thumbnailUrl":"https:\/\/naturaltreats.eu\/wp-content\/uploads\/2020\/10\/chicken-foot.jpg","datePublished":"2021-04-15T09:17:01+00:00","dateModified":"2024-06-29T12:09:47+00:00","description":"Sains, irr\u00e9sistibles et totalement naturels, nos pieds de poulet pour chiens constituent la friandise id\u00e9ale pour votre ami \u00e0 fourrure. Bourr\u00e9 de nutriments et compl\u00e8tement irr\u00e9sistible, vous savez que vous offrez \u00e0 votre chien quelque chose qu'il va adorer. Ils sont \u00e9galement une excellente source de glucosamine, id\u00e9ale pour pr\u00e9server la sant\u00e9 des articulations de votre chien.","breadcrumb":{"@id":"https:\/\/naturaltreats.eu\/fr\/product\/pattes-de-poulet-ordinaires\/#breadcrumb"},"inLanguage":"fr-FR","potentialAction":[{"@type":"ReadAction","target":["https:\/\/naturaltreats.eu\/fr\/product\/pattes-de-poulet-ordinaires\/"]}]},{"@type":"ImageObject","inLanguage":"fr-FR","@id":"https:\/\/naturaltreats.eu\/fr\/product\/pattes-de-poulet-ordinaires\/#primaryimage","url":"https:\/\/naturaltreats.eu\/wp-content\/uploads\/2020\/10\/chicken-foot.jpg","contentUrl":"https:\/\/naturaltreats.eu\/wp-content\/uploads\/2020\/10\/chicken-foot.jpg","width":1280,"height":1280,"caption":"chicken feet for dogs"},{"@type":"BreadcrumbList","@id":"https:\/\/naturaltreats.eu\/fr\/product\/pattes-de-poulet-ordinaires\/#breadcrumb","itemListElement":[{"@type":"ListItem","position":1,"name":"Home","item":"https:\/\/naturaltreats.eu\/fr\/domicile\/"},{"@type":"ListItem","position":2,"name":"Boutique","item":"https:\/\/naturaltreats.eu\/fr\/boutique\/"},{"@type":"ListItem","position":3,"name":"Pieds de poulet nature"}]},{"@type":"WebSite","@id":"https:\/\/naturaltreats.eu\/fr\/#website","url":"https:\/\/naturaltreats.eu\/fr\/","name":"Natural Treats","description":"Best Rated Natural Dog Treats In Europe","publisher":{"@id":"https:\/\/naturaltreats.eu\/fr\/#organization"},"potentialAction":[{"@type":"SearchAction","target":{"@type":"EntryPoint","urlTemplate":"https:\/\/naturaltreats.eu\/fr\/?s={search_term_string}"},"query-input":{"@type":"PropertyValueSpecification","valueRequired":true,"valueName":"search_term_string"}}],"inLanguage":"fr-FR"},{"@type":"Organization","@id":"https:\/\/naturaltreats.eu\/fr\/#organization","name":"Natural Treats","url":"https:\/\/naturaltreats.eu\/fr\/","logo":{"@type":"ImageObject","inLanguage":"fr-FR","@id":"https:\/\/naturaltreats.eu\/fr\/#\/schema\/logo\/image\/","url":"https:\/\/naturaltreats.eu\/wp-content\/uploads\/2020\/08\/social.jpg","contentUrl":"https:\/\/naturaltreats.eu\/wp-content\/uploads\/2020\/08\/social.jpg","width":1000,"height":1000,"caption":"Natural Treats"},"image":{"@id":"https:\/\/naturaltreats.eu\/fr\/#\/schema\/logo\/image\/"},"sameAs":["https:\/\/facebook.com\/naturaltreatseu","https:\/\/instagram.com\/naturaltreatseu"]}]},"product_price_amount":"1.00","product_price_currency":"EUR","og_availability":"instock","product_availability":"instock","product_condition":"new"},"_links":{"self":[{"href":"https:\/\/naturaltreats.eu\/fr\/wp-json\/wp\/v2\/product\/8352","targetHints":{"allow":["GET"]}}],"collection":[{"href":"https:\/\/naturaltreats.eu\/fr\/wp-json\/wp\/v2\/product"}],"about":[{"href":"https:\/\/naturaltreats.eu\/fr\/wp-json\/wp\/v2\/types\/product"}],"wp:featuredmedia":[{"embeddable":true,"href":"https:\/\/naturaltreats.eu\/fr\/wp-json\/wp\/v2\/media\/47005"}],"wp:attachment":[{"href":"https:\/\/naturaltreats.eu\/fr\/wp-json\/wp\/v2\/media?parent=8352"}],"wp:term":[{"taxonomy":"dog-type","embeddable":true,"href":"https:\/\/naturaltreats.eu\/fr\/wp-json\/wp\/v2\/dog-type?post=8352"},{"taxonomy":"ingredients","embeddable":true,"href":"https:\/\/naturaltreats.eu\/fr\/wp-json\/wp\/v2\/ingredients?post=8352"},{"taxonomy":"product_brand","embeddable":true,"href":"https:\/\/naturaltreats.eu\/fr\/wp-json\/wp\/v2\/product_brand?post=8352"},{"taxonomy":"product_cat","embeddable":true,"href":"https:\/\/naturaltreats.eu\/fr\/wp-json\/wp\/v2\/product_cat?post=8352"},{"taxonomy":"product_tag","embeddable":true,"href":"https:\/\/naturaltreats.eu\/fr\/wp-json\/wp\/v2\/product_tag?post=8352"}],"curies":[{"name":"wp","href":"https:\/\/api.w.org\/{rel}","templated":true}]}}